{"id":44275,"date":"2025-07-25T11:18:16","date_gmt":"2025-07-25T09:18:16","guid":{"rendered":"https:\/\/www.paysdesecrins.com\/entdeckung-einer-nacht-in-einer-huette\/"},"modified":"2025-08-06T11:59:50","modified_gmt":"2025-08-06T09:59:50","slug":"entdeckung-einer-nacht-in-einer-huette","status":"publish","type":"page","link":"https:\/\/www.paysdesecrins.com\/de\/mein-wunsch\/berg\/entdeckung-einer-nacht-in-einer-huette\/","title":{"rendered":"Entdeckung einer Nacht in einer H\u00fctte"},"content":{"rendered":"    <div class=\"alignfull wp-block-ws-library-ws-header-interne\">\n\t    <div class=\"header-container\">\n\t        <div class=\"group-media has-image\">\n\t            \t                <img loading=\"lazy\" decoding=\"async\" width=\"1600\" height=\"800\" src=\"https:\/\/www.paysdesecrins.com\/wp-content\/uploads\/2025\/07\/refuge-des-e-crins-glacier-1-1-1600x800.jpg\" alt=\"\" class=\"image_large_square wp-image-41941\" \/>\n\t            \t        <\/div>\n\t        <div class=\"group-content\">\n\t            <div class=\"title\">\n\t                <h1>\n\t                    Entdeckung einer Nacht in einer H\u00fctte\t                    \t                <\/h1>\n\t            <\/div>\n\t        <\/div>\n\t    <\/div>\n\t    \n<div class=\"yoast-breadcrumbs\"><span><span><a href=\"https:\/\/www.paysdesecrins.com\/de\/der-titel-des-hauses\/\">Accueil<\/a><\/span>  <span><a href=\"https:\/\/www.paysdesecrins.com\/de\/mein-wunsch\/\">Mein Wunsch,<\/a><\/span>  <span><a href=\"https:\/\/www.paysdesecrins.com\/de\/mein-wunsch\/berg\/\">Meine Sehnsucht nach den Bergen<\/a><\/span>  <span class=\"breadcrumb_last\" aria-current=\"page\">Entdeckung einer Nacht in einer H\u00fctte<\/span><\/span><\/div>\n    <\/div>\n    \n<div class=\"wp-block-ws-library-ws-title aligncenter is-style-simple\"><h2><em>Mikro-Abenteuer<\/em>Die Zuflucht, ein untypischer Ort, eine Traumumgebung<br><\/h2><\/div>\n\n<p class=\"has-text-align-left\"><strong>Die Zuflucht, ein untypischer Ort, eine Traumumgebung<\/strong><br\/>Oft als zu schwer zug\u00e4nglich angesehen, \u00f6ffnen sich die hohen Berge zunehmend f\u00fcr Wanderfreunde und weite Fl\u00e4chen und nicht mehr nur f\u00fcr erfahrene Bergsteiger. Die Schutzh\u00fctten des Pays des \u00c9crins sind oft die Ankunft des Wanderns und der Beginn des Bergsteigens. Dies ist die letzte Etappe des Wanderers, und es ist vor allem sein Trostplatz nach der Wanderung! Dieser untypische Ort mit seiner aus tausend Meilen Entfernung erkennbaren Architektur ist ein hoher Ort der Geselligkeit und der R\u00fcckkehr zu den Wurzeln.     <br\/>Ein Abend und eine Nacht in einer H\u00fctte sind die Garantie f\u00fcr einen magischen und zeitlosen Moment in einer idyllischen Umgebung. Es ist die Gewissheit einer Trennung von deinem t\u00e4glichen Leben und einer Wiederverbindung mit dem Menschen.   <\/p>\n\n<div class=\"wp-block-ws-library-ws-columns alignwide has-2-columns are-vertically-aligned-center layout-5050 is-style-background\">\n<div class=\"wp-block-ws-library-ws-column\"><div class=\"wrapper\">\n<div class=\"wp-block-ws-library-ws-title\"><h3>Entdecken Sie eine Nacht in einer H\u00fctte<\/h3><\/div>\n\n\n\n<p class=\"has-text-align-left\"><strong>Zuerst geht es hinauf zur H\u00fctte<\/strong>. Am fr\u00fchen Nachmittag starten Sie Ihre Wanderung zur H\u00fctte (je nach H\u00fctte zwischen 2 und 4 Stunden Gehzeit). Immer noch im Herzen des Nationalparks \u00c9crins gelegen, werden Sie sicherlich das Gl\u00fcck haben, nicht weit vom Weg entfernt auf Murmeltiere oder G\u00e4msen zu sto\u00dfen.    <\/p>\n\n\n\n<p><strong>Ankunft in der H\u00fctte.<\/strong>  Legen Sie Ihren Rucksack ab, ziehen Sie Ihre Schuhe aus, ziehen Sie die Leihpantoffeln an, um die H\u00fctte nicht zu verschmutzen, und genie\u00dfen Sie die Umgebung der H\u00fctte und die au\u00dfergew\u00f6hnliche Aussicht.  <\/p>\n\n\n\n<p><strong>Der Abend.<\/strong>  Abends gibt es keine Duschen, Wasser ist in den Bergen ein knappes Gut. Gegen 19 Uhr geht es zum Abendessen und einer deftigen Mahlzeit, um nach einem sportlichen Nachmittag wieder Kraft zu tanken. Anschlie\u00dfend k\u00f6nnen Sie die Freizeitaktivit\u00e4ten der H\u00fctte (Buch, Brettspiel, Kartenspiel) genie\u00dfen, bevor Sie eine wohlverdiente Nachtruhe einlegen.  <\/p>\n\n\n\n<p><strong>Das Erwachen.<\/strong>  Cool und ausgeruht aufwachen. Am fr\u00fchen Morgen steigt man zum Fr\u00fchst\u00fcck ab, bevor es wieder hinunter ins Tal geht.   <\/p>\n\n\n\n<p class=\"has-text-align-left\">Ein volles Programm f\u00fcr einen magischen Moment!  <\/p>\n<\/div><\/div>\n\n\n\n<div class=\"wp-block-ws-library-ws-column\"><div class=\"wrapper\">\n<div class=\"wp-block-ws-library-ws-image\"><div class=\"wrapper\"><div class=\"group-media\"><img decoding=\"async\" src=\"https:\/\/www.paysdesecrins.com\/wp-content\/uploads\/2025\/07\/1654165353-106255965-960x640.jpg\" alt=\"\" class=\"single_image ws-image-42336\"><div class=\"credits\"><\/div><\/div><p class=\"caption\"><\/p><\/div><\/div>\n<\/div><\/div>\n<\/div>\n\n<div class=\"wp-block-ws-library-ws-title aligncenter\"><h3>Entdecken Sie das Tierheim-Erlebnis<\/h3><\/div>\n\n<p class=\"has-text-align-center\">Etwa <strong>2 Stunden entfernt<\/strong> k\u00f6nnen Sie die <strong>Bans-H\u00fctte<\/strong> besuchen, um eine herrliche Wanderung in einer <strong>idyllischen Umgebung<\/strong> inmitten von G\u00e4msen und Murmeltieren zu unternehmen. Wenn Sie am sp\u00e4ten Nachmittag ankommen, stellen Sie Ihre Tasche ab und genie\u00dfen die Ruhe der H\u00fctte. <\/p>\n\n<p class=\"has-text-align-center\">Anschliessend geniessen Sie in der H\u00fctte ein <strong>Bauernfondue<\/strong> , um wieder zu Kr\u00e4ften zu kommen und sich aufzuw\u00e4rmen. Sie k\u00f6nnen dann das Brettspiel in der Schutzh\u00fctte spielen, lesen, ganz nach Ihren W\u00fcnschen. <strong>\u00dcbernachtung im Schlafsaal<\/strong>. Am n\u00e4chsten Tag, am fr\u00fchen Morgen, genie\u00dfen Sie ein ausgiebiges <strong>Fr\u00fchst\u00fcck<\/strong> mit <strong>lokalen Produkten<\/strong> , bevor es wieder hinunter ins Tal geht.    <\/p>\n\n<div class=\"wp-block-ws-library-ws-slider alignwide\"><div class=\"splide\" data-splide=\"{\"type\":\"slide\",\"heightRatio\":\"auto\",\"perPage\":4,\"perMove\":1,\"drag\":true,\"pagination\":0,\"autoplay\":false,\"gap\":\"15px\",\"breakpoints\":{\"450\":{\"perPage\":1},\"768\":{\"perPage\":2},\"992\":{\"perPage\":3},\"1200\":{\"perPage\":4}}}\"><div class=\"splide__track\"><div class=\"splide__list\"><div class=\"splide__slide\"><a href=\"https:\/\/www.paysdesecrins.com\/wp-content\/uploads\/2025\/07\/1654165353-10994806-400x400.jpg\" data-glightbox=\"true\" class=\"lightbox-trigger\"><img decoding=\"async\" src=\"https:\/\/www.paysdesecrins.com\/wp-content\/uploads\/2025\/07\/1654165353-10994806-400x400.jpg\" alt=\"\"><\/a><\/div><div class=\"splide__slide\"><a href=\"https:\/\/www.paysdesecrins.com\/wp-content\/uploads\/2025\/07\/1654165353-106255965-1-400x400.jpg\" data-glightbox=\"true\" class=\"lightbox-trigger\"><img decoding=\"async\" src=\"https:\/\/www.paysdesecrins.com\/wp-content\/uploads\/2025\/07\/1654165353-106255965-1-400x400.jpg\" alt=\"\"><\/a><\/div><div class=\"splide__slide\"><a href=\"https:\/\/www.paysdesecrins.com\/wp-content\/uploads\/2025\/07\/1654165353-1857194193-400x400.jpg\" data-glightbox=\"true\" class=\"lightbox-trigger\"><img decoding=\"async\" src=\"https:\/\/www.paysdesecrins.com\/wp-content\/uploads\/2025\/07\/1654165353-1857194193-400x400.jpg\" alt=\"\"><\/a><\/div><\/div><\/div><\/div><\/div>\n\n<div class=\"wp-block-ws-library-ws-share\"><span class=\"share-subtitle\">Hat Ihnen diese Seite gefallen?<\/span><span class=\"share-title\">Teilen Sie es!<\/span><button class=\"ws-share-button wp-element-button\">Diese Seite teilen<\/button><\/div>\n","protected":false},"excerpt":{"rendered":"<p>Die Zuflucht, ein untypischer Ort, eine TraumumgebungOft als zu schwer zug\u00e4nglich angesehen, \u00f6ffnen sich die hohen Berge zunehmend f\u00fcr Wanderfreunde [&hellip;]<\/p>\n","protected":false},"author":9,"featured_media":41937,"parent":44578,"menu_order":0,"comment_status":"closed","ping_status":"closed","template":"","meta":{"_thumbnail_id_2":0,"summer_excerpt":"","season":"","station":"","footnotes":""},"class_list":["post-44275","page","type-page","status-publish","has-post-thumbnail","hentry"],"yoast_head":"<!-- This site is optimized with the Yoast SEO plugin v27.3 - https:\/\/yoast.com\/product\/yoast-seo-wordpress\/ -->\n<title>Entdeckung einer Nacht in einer H\u00fctte - Pays des \u00c9crins - Office de Tourisme<\/title>\n<meta name=\"robots\" content=\"index, follow, max-snippet:-1, max-image-preview:large, max-video-preview:-1\" \/>\n<link rel=\"canonical\" href=\"https:\/\/www.paysdesecrins.com\/de\/mein-wunsch\/berg\/entdeckung-einer-nacht-in-einer-huette\/\" \/>\n<meta property=\"og:locale\" content=\"de_DE\" \/>\n<meta property=\"og:type\" content=\"article\" \/>\n<meta property=\"og:title\" content=\"Entdeckung einer Nacht in einer H\u00fctte - Pays des \u00c9crins - Office de Tourisme\" \/>\n<meta property=\"og:description\" content=\"Die Zuflucht, ein untypischer Ort, eine TraumumgebungOft als zu schwer zug\u00e4nglich angesehen, \u00f6ffnen sich die hohen Berge zunehmend f\u00fcr Wanderfreunde [&hellip;]\" \/>\n<meta property=\"og:url\" content=\"https:\/\/www.paysdesecrins.com\/de\/mein-wunsch\/berg\/entdeckung-einer-nacht-in-einer-huette\/\" \/>\n<meta property=\"og:site_name\" content=\"Pays des \u00c9crins - Office de Tourisme\" \/>\n<meta property=\"article:modified_time\" content=\"2025-08-06T09:59:50+00:00\" \/>\n<meta property=\"og:image\" content=\"https:\/\/www.paysdesecrins.com\/wp-content\/uploads\/2025\/07\/1674817584-1084275632-1.jpg\" \/>\n\t<meta property=\"og:image:width\" content=\"1200\" \/>\n\t<meta property=\"og:image:height\" content=\"800\" \/>\n\t<meta property=\"og:image:type\" content=\"image\/jpeg\" \/>\n<meta name=\"twitter:card\" content=\"summary_large_image\" \/>\n<meta name=\"twitter:label1\" content=\"Gesch\u00e4tzte Lesezeit\" \/>\n\t<meta name=\"twitter:data1\" content=\"2 Minuten\" \/>\n<script type=\"application\/ld+json\" class=\"yoast-schema-graph\">{\"@context\":\"https:\\\/\\\/schema.org\",\"@graph\":[{\"@type\":\"WebPage\",\"@id\":\"https:\\\/\\\/www.paysdesecrins.com\\\/de\\\/mein-wunsch\\\/berg\\\/entdeckung-einer-nacht-in-einer-huette\\\/\",\"url\":\"https:\\\/\\\/www.paysdesecrins.com\\\/de\\\/mein-wunsch\\\/berg\\\/entdeckung-einer-nacht-in-einer-huette\\\/\",\"name\":\"Entdeckung einer Nacht in einer H\u00fctte - Pays des \u00c9crins - Office de Tourisme\",\"isPartOf\":{\"@id\":\"https:\\\/\\\/www.paysdesecrins.com\\\/de\\\/#website\"},\"primaryImageOfPage\":{\"@id\":\"https:\\\/\\\/www.paysdesecrins.com\\\/de\\\/mein-wunsch\\\/berg\\\/entdeckung-einer-nacht-in-einer-huette\\\/#primaryimage\"},\"image\":{\"@id\":\"https:\\\/\\\/www.paysdesecrins.com\\\/de\\\/mein-wunsch\\\/berg\\\/entdeckung-einer-nacht-in-einer-huette\\\/#primaryimage\"},\"thumbnailUrl\":\"https:\\\/\\\/www.paysdesecrins.com\\\/wp-content\\\/uploads\\\/2025\\\/07\\\/1674817584-1084275632-1.jpg\",\"datePublished\":\"2025-07-25T09:18:16+00:00\",\"dateModified\":\"2025-08-06T09:59:50+00:00\",\"breadcrumb\":{\"@id\":\"https:\\\/\\\/www.paysdesecrins.com\\\/de\\\/mein-wunsch\\\/berg\\\/entdeckung-einer-nacht-in-einer-huette\\\/#breadcrumb\"},\"inLanguage\":\"de\",\"potentialAction\":[{\"@type\":\"ReadAction\",\"target\":[\"https:\\\/\\\/www.paysdesecrins.com\\\/de\\\/mein-wunsch\\\/berg\\\/entdeckung-einer-nacht-in-einer-huette\\\/\"]}]},{\"@type\":\"ImageObject\",\"inLanguage\":\"de\",\"@id\":\"https:\\\/\\\/www.paysdesecrins.com\\\/de\\\/mein-wunsch\\\/berg\\\/entdeckung-einer-nacht-in-einer-huette\\\/#primaryimage\",\"url\":\"https:\\\/\\\/www.paysdesecrins.com\\\/wp-content\\\/uploads\\\/2025\\\/07\\\/1674817584-1084275632-1.jpg\",\"contentUrl\":\"https:\\\/\\\/www.paysdesecrins.com\\\/wp-content\\\/uploads\\\/2025\\\/07\\\/1674817584-1084275632-1.jpg\",\"width\":1200,\"height\":800},{\"@type\":\"BreadcrumbList\",\"@id\":\"https:\\\/\\\/www.paysdesecrins.com\\\/de\\\/mein-wunsch\\\/berg\\\/entdeckung-einer-nacht-in-einer-huette\\\/#breadcrumb\",\"itemListElement\":[{\"@type\":\"ListItem\",\"position\":1,\"name\":\"Accueil\",\"item\":\"https:\\\/\\\/www.paysdesecrins.com\\\/de\\\/der-titel-des-hauses\\\/\"},{\"@type\":\"ListItem\",\"position\":2,\"name\":\"Mein Wunsch,\",\"item\":\"https:\\\/\\\/www.paysdesecrins.com\\\/de\\\/mein-wunsch\\\/\"},{\"@type\":\"ListItem\",\"position\":3,\"name\":\"Meine Sehnsucht nach den Bergen\",\"item\":\"https:\\\/\\\/www.paysdesecrins.com\\\/de\\\/mein-wunsch\\\/berg\\\/\"},{\"@type\":\"ListItem\",\"position\":4,\"name\":\"Entdeckung einer Nacht in einer H\u00fctte\"}]},{\"@type\":\"WebSite\",\"@id\":\"https:\\\/\\\/www.paysdesecrins.com\\\/de\\\/#website\",\"url\":\"https:\\\/\\\/www.paysdesecrins.com\\\/de\\\/\",\"name\":\"Pays des \u00c9crins - Office de Tourisme\",\"description\":\"L&#039;esprit montagne\",\"publisher\":{\"@id\":\"https:\\\/\\\/www.paysdesecrins.com\\\/de\\\/#organization\"},\"potentialAction\":[{\"@type\":\"SearchAction\",\"target\":{\"@type\":\"EntryPoint\",\"urlTemplate\":\"https:\\\/\\\/www.paysdesecrins.com\\\/de\\\/?s={search_term_string}\"},\"query-input\":{\"@type\":\"PropertyValueSpecification\",\"valueRequired\":true,\"valueName\":\"search_term_string\"}}],\"inLanguage\":\"de\"},{\"@type\":\"Organization\",\"@id\":\"https:\\\/\\\/www.paysdesecrins.com\\\/de\\\/#organization\",\"name\":\"Pays des \u00c9crins - Office de Tourisme\",\"url\":\"https:\\\/\\\/www.paysdesecrins.com\\\/de\\\/\",\"logo\":{\"@type\":\"ImageObject\",\"inLanguage\":\"de\",\"@id\":\"https:\\\/\\\/www.paysdesecrins.com\\\/de\\\/#\\\/schema\\\/logo\\\/image\\\/\",\"url\":\"https:\\\/\\\/www.paysdesecrins.com\\\/wp-content\\\/uploads\\\/2025\\\/06\\\/devina-svg-1750845694.svg\",\"contentUrl\":\"https:\\\/\\\/www.paysdesecrins.com\\\/wp-content\\\/uploads\\\/2025\\\/06\\\/devina-svg-1750845694.svg\",\"caption\":\"Pays des \u00c9crins - Office de Tourisme\"},\"image\":{\"@id\":\"https:\\\/\\\/www.paysdesecrins.com\\\/de\\\/#\\\/schema\\\/logo\\\/image\\\/\"}}]}<\/script>\n<!-- \/ Yoast SEO plugin. -->","yoast_head_json":{"title":"Entdeckung einer Nacht in einer H\u00fctte - Pays des \u00c9crins - Office de Tourisme","robots":{"index":"index","follow":"follow","max-snippet":"max-snippet:-1","max-image-preview":"max-image-preview:large","max-video-preview":"max-video-preview:-1"},"canonical":"https:\/\/www.paysdesecrins.com\/de\/mein-wunsch\/berg\/entdeckung-einer-nacht-in-einer-huette\/","og_locale":"de_DE","og_type":"article","og_title":"Entdeckung einer Nacht in einer H\u00fctte - Pays des \u00c9crins - Office de Tourisme","og_description":"Die Zuflucht, ein untypischer Ort, eine TraumumgebungOft als zu schwer zug\u00e4nglich angesehen, \u00f6ffnen sich die hohen Berge zunehmend f\u00fcr Wanderfreunde [&hellip;]","og_url":"https:\/\/www.paysdesecrins.com\/de\/mein-wunsch\/berg\/entdeckung-einer-nacht-in-einer-huette\/","og_site_name":"Pays des \u00c9crins - Office de Tourisme","article_modified_time":"2025-08-06T09:59:50+00:00","og_image":[{"width":1200,"height":800,"url":"https:\/\/www.paysdesecrins.com\/wp-content\/uploads\/2025\/07\/1674817584-1084275632-1.jpg","type":"image\/jpeg"}],"twitter_card":"summary_large_image","twitter_misc":{"Gesch\u00e4tzte Lesezeit":"2 Minuten"},"schema":{"@context":"https:\/\/schema.org","@graph":[{"@type":"WebPage","@id":"https:\/\/www.paysdesecrins.com\/de\/mein-wunsch\/berg\/entdeckung-einer-nacht-in-einer-huette\/","url":"https:\/\/www.paysdesecrins.com\/de\/mein-wunsch\/berg\/entdeckung-einer-nacht-in-einer-huette\/","name":"Entdeckung einer Nacht in einer H\u00fctte - Pays des \u00c9crins - Office de Tourisme","isPartOf":{"@id":"https:\/\/www.paysdesecrins.com\/de\/#website"},"primaryImageOfPage":{"@id":"https:\/\/www.paysdesecrins.com\/de\/mein-wunsch\/berg\/entdeckung-einer-nacht-in-einer-huette\/#primaryimage"},"image":{"@id":"https:\/\/www.paysdesecrins.com\/de\/mein-wunsch\/berg\/entdeckung-einer-nacht-in-einer-huette\/#primaryimage"},"thumbnailUrl":"https:\/\/www.paysdesecrins.com\/wp-content\/uploads\/2025\/07\/1674817584-1084275632-1.jpg","datePublished":"2025-07-25T09:18:16+00:00","dateModified":"2025-08-06T09:59:50+00:00","breadcrumb":{"@id":"https:\/\/www.paysdesecrins.com\/de\/mein-wunsch\/berg\/entdeckung-einer-nacht-in-einer-huette\/#breadcrumb"},"inLanguage":"de","potentialAction":[{"@type":"ReadAction","target":["https:\/\/www.paysdesecrins.com\/de\/mein-wunsch\/berg\/entdeckung-einer-nacht-in-einer-huette\/"]}]},{"@type":"ImageObject","inLanguage":"de","@id":"https:\/\/www.paysdesecrins.com\/de\/mein-wunsch\/berg\/entdeckung-einer-nacht-in-einer-huette\/#primaryimage","url":"https:\/\/www.paysdesecrins.com\/wp-content\/uploads\/2025\/07\/1674817584-1084275632-1.jpg","contentUrl":"https:\/\/www.paysdesecrins.com\/wp-content\/uploads\/2025\/07\/1674817584-1084275632-1.jpg","width":1200,"height":800},{"@type":"BreadcrumbList","@id":"https:\/\/www.paysdesecrins.com\/de\/mein-wunsch\/berg\/entdeckung-einer-nacht-in-einer-huette\/#breadcrumb","itemListElement":[{"@type":"ListItem","position":1,"name":"Accueil","item":"https:\/\/www.paysdesecrins.com\/de\/der-titel-des-hauses\/"},{"@type":"ListItem","position":2,"name":"Mein Wunsch,","item":"https:\/\/www.paysdesecrins.com\/de\/mein-wunsch\/"},{"@type":"ListItem","position":3,"name":"Meine Sehnsucht nach den Bergen","item":"https:\/\/www.paysdesecrins.com\/de\/mein-wunsch\/berg\/"},{"@type":"ListItem","position":4,"name":"Entdeckung einer Nacht in einer H\u00fctte"}]},{"@type":"WebSite","@id":"https:\/\/www.paysdesecrins.com\/de\/#website","url":"https:\/\/www.paysdesecrins.com\/de\/","name":"Pays des \u00c9crins - Office de Tourisme","description":"L&#039;esprit montagne","publisher":{"@id":"https:\/\/www.paysdesecrins.com\/de\/#organization"},"potentialAction":[{"@type":"SearchAction","target":{"@type":"EntryPoint","urlTemplate":"https:\/\/www.paysdesecrins.com\/de\/?s={search_term_string}"},"query-input":{"@type":"PropertyValueSpecification","valueRequired":true,"valueName":"search_term_string"}}],"inLanguage":"de"},{"@type":"Organization","@id":"https:\/\/www.paysdesecrins.com\/de\/#organization","name":"Pays des \u00c9crins - Office de Tourisme","url":"https:\/\/www.paysdesecrins.com\/de\/","logo":{"@type":"ImageObject","inLanguage":"de","@id":"https:\/\/www.paysdesecrins.com\/de\/#\/schema\/logo\/image\/","url":"https:\/\/www.paysdesecrins.com\/wp-content\/uploads\/2025\/06\/devina-svg-1750845694.svg","contentUrl":"https:\/\/www.paysdesecrins.com\/wp-content\/uploads\/2025\/06\/devina-svg-1750845694.svg","caption":"Pays des \u00c9crins - Office de Tourisme"},"image":{"@id":"https:\/\/www.paysdesecrins.com\/de\/#\/schema\/logo\/image\/"}}]}},"_links":{"self":[{"href":"https:\/\/www.paysdesecrins.com\/de\/wp-json\/wp\/v2\/pages\/44275","targetHints":{"allow":["GET"]}}],"collection":[{"href":"https:\/\/www.paysdesecrins.com\/de\/wp-json\/wp\/v2\/pages"}],"about":[{"href":"https:\/\/www.paysdesecrins.com\/de\/wp-json\/wp\/v2\/types\/page"}],"author":[{"embeddable":true,"href":"https:\/\/www.paysdesecrins.com\/de\/wp-json\/wp\/v2\/users\/9"}],"replies":[{"embeddable":true,"href":"https:\/\/www.paysdesecrins.com\/de\/wp-json\/wp\/v2\/comments?post=44275"}],"version-history":[{"count":0,"href":"https:\/\/www.paysdesecrins.com\/de\/wp-json\/wp\/v2\/pages\/44275\/revisions"}],"up":[{"embeddable":true,"href":"https:\/\/www.paysdesecrins.com\/de\/wp-json\/wp\/v2\/pages\/44578"}],"wp:featuredmedia":[{"embeddable":true,"href":"https:\/\/www.paysdesecrins.com\/de\/wp-json\/wp\/v2\/media\/41937"}],"wp:attachment":[{"href":"https:\/\/www.paysdesecrins.com\/de\/wp-json\/wp\/v2\/media?parent=44275"}],"curies":[{"name":"wp","href":"https:\/\/api.w.org\/{rel}","templated":true}]}}