{"id":44287,"date":"2025-07-25T10:55:55","date_gmt":"2025-07-25T08:55:55","guid":{"rendered":"https:\/\/www.paysdesecrins.com\/werden-sie-partner\/"},"modified":"2025-08-18T10:57:57","modified_gmt":"2025-08-18T08:57:57","slug":"werden-sie-partner","status":"publish","type":"page","link":"https:\/\/www.paysdesecrins.com\/de\/bleibt\/beruflicher-bereich\/werden-sie-partner\/","title":{"rendered":"Werden Sie Partner"},"content":{"rendered":"    <div class=\"alignfull wp-block-ws-library-ws-header-interne\">\n\t    <div class=\"header-container\">\n\t        <div class=\"group-media has-image\">\n\t            \t                <img loading=\"lazy\" decoding=\"async\" width=\"1920\" height=\"800\" src=\"https:\/\/www.paysdesecrins.com\/wp-content\/uploads\/2025\/08\/photos-indiviuelles-equipe-28-1920x800.jpg\" alt=\"\" class=\"image_large_square wp-image-93690\" \/>\n\t            \t        <\/div>\n\t        <div class=\"group-content\">\n\t            <div class=\"title\">\n\t                <h1>\n\t                    Werden Sie Partner\t                    \t                <\/h1>\n\t            <\/div>\n\t        <\/div>\n\t    <\/div>\n\t    \n<div class=\"yoast-breadcrumbs\"><span><span><a href=\"https:\/\/www.paysdesecrins.com\/de\/der-titel-des-hauses\/\">Accueil<\/a><\/span>  <span><a href=\"https:\/\/www.paysdesecrins.com\/de\/beruflicher-bereich\/\">Beruflicher Bereich<\/a><\/span>  <span class=\"breadcrumb_last\" aria-current=\"page\">Werden Sie Partner<\/span><\/span><\/div>\n    <\/div>\n    \n<div class=\"wp-block-ws-library-ws-title aligncenter\"><h2><em>Mitgliedschaften und Pakete<\/em> 2025\/2026<\/h2><\/div>\n\n<p>Werden Sie Partner <strong>von Pays des \u00c9crins Tourisme<\/strong> , um Ihr Gesch\u00e4ft zu entwickeln.<\/p>\n\n<p>\u00dcber die F\u00f6rderung Ihrer T\u00e4tigkeit hinaus bedeutet der Beitritt zum OT auch:<\/p>\n\n<ul class=\"wp-block-list\">\n<li>Ein aktiver Akteur in der Tourismusdynamik des Gebiets zu sein<\/li>\n\n\n\n<li>Beteiligen Sie sich an der nationalen und internationalen Sichtbarkeit des Territoriums<\/li>\n\n\n\n<li>Beitrag zu einem qualitativ hochwertigen Empfang f\u00fcr unsere Urlauber<\/li>\n\n\n\n<li>Unterst\u00fctzen Sie indirekt die Aktivit\u00e4ten, die den Aufenthalt der Urlauber verbessern<\/li>\n<\/ul>\n\n<p>Nachfolgend finden Sie die Dokumente, die Sie online ausf\u00fcllen und per E-Mail an uns zur\u00fccksenden k\u00f6nnen. Wir bitten Sie, wenn m\u00f6glich, Bank\u00fcberweisungen f\u00fcr die Bezahlung Ihrer Mitgliedschaft und etwaiger Pakete zu bevorzugen. <\/p>\n\n<p>Im <strong>Rahmen des Umweltschutzes <\/strong>und um unseren <strong>Ma\u00dfnahmen im Bereich der nachhaltigen Entwicklung<\/strong> gerecht zu werden, haben wir uns entschieden, f\u00fcr den <strong>Aufruf zur Einreichung von Beitr\u00e4gen 2024\/2025<\/strong> kein Papier mehr zu versenden und Ihnen anzubieten, alles online auszuf\u00fcllen.<\/p>\n\n<p>Bei Fragen k\u00f6nnen Sie uns unter 04 92 23 36 12 oder auf <a href=\"mailto:partenariats@paysdesecrins.com\">partenariats@paysdesecrins.com<\/a> kontaktieren.<\/p>\n\n<div class=\"wp-block-ws-library-ws-title\"><h3>PARTNER-LEITF\u00c4DEN  <\/h3><\/div>\n\n<div class=\"wp-block-ws-library-ws-documents\">\n<div class=\"wp-block-ws-library-ws-document\"><a href=\"https:\/\/www.paysdesecrins.com\/wp-content\/uploads\/2025\/08\/2025-guide-partenaire-825.pdf\" target=\"_blank\" rel=\"noopener noreferrer\" class=\"link-document\">Partner Guide 2025\/2026<\/a><\/div>\n<\/div>\n\n<div class=\"wp-block-ws-library-ws-title\"><h3>Mitgliedschaftsformulare \u2013 Pakete<\/h3><\/div>\n\n<div class=\"wp-block-group is-content-justification-space-between is-nowrap is-layout-flex wp-container-core-group-is-layout-cb46ffcb wp-block-group-is-layout-flex\">\n<div class=\"wp-block-ws-library-ws-documents\">\n<div class=\"wp-block-ws-library-ws-document\"><a href=\"https:\/\/www.paysdesecrins.com\/wp-content\/uploads\/2025\/08\/2025-prestatairesdactivites-bondecommande-packs-1.pdf\" target=\"_blank\" rel=\"noopener noreferrer\" class=\"link-document\">Bestellformular: Anbieter von Aktivit\u00e4ten<\/a><\/div>\n<\/div>\n\n\n\n<div class=\"wp-block-ws-library-ws-button has-text-align-left\"><a href=\"https:\/\/eu1.documents.adobe.com\/public\/esignWidget?wid=CBFCIBAA3AAABLblqZhBcTSz4gWVoC5exu4c6NBtauN9DBdCy3lKU5wIfmUll5MMG3mSesdeMEd1KE1F7h-k*\" class=\"wp-block-button__link wp-element-button btn\">  Online ausf\u00fcllen<\/a><\/div>\n<\/div>\n\n<div class=\"wp-block-group is-content-justification-space-between is-nowrap is-layout-flex wp-container-core-group-is-layout-cb46ffcb wp-block-group-is-layout-flex\">\n<div class=\"wp-block-ws-library-ws-documents\">\n<div class=\"wp-block-ws-library-ws-document\"><a href=\"https:\/\/www.paysdesecrins.com\/wp-content\/uploads\/2025\/08\/2025-personnephysique-bondecommande-packs-1.pdf\" target=\"_blank\" rel=\"noopener noreferrer\" class=\"link-document\">Bestellung: Nat\u00fcrliche Person<\/a><\/div>\n<\/div>\n\n\n\n<div class=\"wp-block-ws-library-ws-button has-text-align-left\"><a href=\"https:\/\/eu1.documents.adobe.com\/public\/esignWidget?wid=CBFCIBAA3AAABLblqZhA0b8uFXvatFzbcD3lWUqOikuSw-p21SD8Lc_LNmU5O_NSxd7b_tMmhmGipFZhz3jA*\" class=\"wp-block-button__link wp-element-button btn\">  Online ausf\u00fcllen<\/a><\/div>\n<\/div>\n\n<div class=\"wp-block-group is-content-justification-space-between is-nowrap is-layout-flex wp-container-core-group-is-layout-cb46ffcb wp-block-group-is-layout-flex\">\n<div class=\"wp-block-ws-library-ws-documents\">\n<div class=\"wp-block-ws-library-ws-document\"><a href=\"https:\/\/www.paysdesecrins.com\/wp-content\/uploads\/2025\/08\/2025-meubles-bondecommande-packs.pdf\" target=\"_blank\" rel=\"noopener noreferrer\" class=\"link-document\">Bestellformular: M\u00f6bliert<\/a><\/div>\n<\/div>\n\n\n\n<div class=\"wp-block-ws-library-ws-button has-text-align-left\"><a href=\"https:\/\/eu1.documents.adobe.com\/public\/esignWidget?wid=CBFCIBAA3AAABLblqZhC0ExXFIGJcY1putVKpTWXyJz8EkfiV4ABRgPRjFBZfP9gpxJQSMeGSjIfkByPNHxg*\" class=\"wp-block-button__link wp-element-button btn\">  Online ausf\u00fcllen<\/a><\/div>\n<\/div>\n\n<div class=\"wp-block-group is-content-justification-space-between is-nowrap is-layout-flex wp-container-core-group-is-layout-0b70ad5d wp-block-group-is-layout-flex\">\n<div class=\"wp-block-ws-library-ws-documents\">\n<div class=\"wp-block-ws-library-ws-document\"><a href=\"https:\/\/www.paysdesecrins.com\/wp-content\/uploads\/2025\/08\/2025-commercesservicesdeproximite-agriculteurs-producteurslocaux-adhesion-bondecommande-packs-bis.pdf\" target=\"_blank\" rel=\"noopener noreferrer\" class=\"link-document\">Bestellformular: Gesch\u00e4fte und Dienstleistungen<\/a><\/div>\n<\/div>\n\n\n\n<div class=\"wp-block-ws-library-ws-button has-text-align-left\"><a href=\"https:\/\/eu1.documents.adobe.com\/public\/esignWidget?wid=CBFCIBAA3AAABLblqZhC3_XyRml8z46Bo9S2qWOgqJ5eq09P7bfcpAizgwgwfF8xh2kyJq-okpo93unMGrn4*\" class=\"wp-block-button__link wp-element-button btn\">  Online ausf\u00fcllen<\/a><\/div>\n<\/div>\n\n<div class=\"wp-block-group is-content-justification-space-between is-nowrap is-layout-flex wp-container-core-group-is-layout-cb46ffcb wp-block-group-is-layout-flex\">\n<div class=\"wp-block-ws-library-ws-documents\">\n<div class=\"wp-block-ws-library-ws-document\"><a href=\"https:\/\/www.paysdesecrins.com\/wp-content\/uploads\/2025\/08\/2025-bondecommande-hebergeurs-packs-1.pdf\" target=\"_blank\" rel=\"noopener noreferrer\" class=\"link-document\">Bestellformular: Hosting-Anbieter<\/a><\/div>\n<\/div>\n\n\n\n<div class=\"wp-block-ws-library-ws-button has-text-align-left\"><a href=\"https:\/\/eu1.documents.adobe.com\/public\/esignWidget?wid=CBFCIBAA3AAABLblqZhAiyuUoLqTHPQVMD3zAo6dk5iWDX-WJJYwabz7OGJ9pGenZVdGaikqjrb0FHmbGKJQ*\" class=\"wp-block-button__link wp-element-button btn\">  Online ausf\u00fcllen<\/a><\/div>\n<\/div>\n\n<div class=\"wp-block-ws-library-ws-share\"><span class=\"share-subtitle\">Hat Ihnen diese Seite gefallen?<\/span><span class=\"share-title\">Teilen Sie es!<\/span><button class=\"ws-share-button wp-element-button\">Diese Seite teilen<\/button><\/div>\n","protected":false},"excerpt":{"rendered":"<p>Werden Sie Partner von Pays des \u00c9crins Tourisme , um Ihr Gesch\u00e4ft zu entwickeln. \u00dcber die F\u00f6rderung Ihrer T\u00e4tigkeit hinaus [&hellip;]<\/p>\n","protected":false},"author":4,"featured_media":93693,"parent":45549,"menu_order":0,"comment_status":"closed","ping_status":"closed","template":"","meta":{"_thumbnail_id_2":0,"summer_excerpt":"","season":"","station":"","footnotes":""},"class_list":["post-44287","page","type-page","status-publish","has-post-thumbnail","hentry"],"yoast_head":"<!-- This site is optimized with the Yoast SEO plugin v27.3 - https:\/\/yoast.com\/product\/yoast-seo-wordpress\/ -->\n<title>Werden Sie Partner - Pays des \u00c9crins - Office de Tourisme<\/title>\n<meta name=\"robots\" content=\"index, follow, max-snippet:-1, max-image-preview:large, max-video-preview:-1\" \/>\n<link rel=\"canonical\" href=\"https:\/\/www.paysdesecrins.com\/de\/bleibt\/beruflicher-bereich\/werden-sie-partner\/\" \/>\n<meta property=\"og:locale\" content=\"de_DE\" \/>\n<meta property=\"og:type\" content=\"article\" \/>\n<meta property=\"og:title\" content=\"Werden Sie Partner - Pays des \u00c9crins - Office de Tourisme\" \/>\n<meta property=\"og:description\" content=\"Werden Sie Partner von Pays des \u00c9crins Tourisme , um Ihr Gesch\u00e4ft zu entwickeln. \u00dcber die F\u00f6rderung Ihrer T\u00e4tigkeit hinaus [&hellip;]\" \/>\n<meta property=\"og:url\" content=\"https:\/\/www.paysdesecrins.com\/de\/bleibt\/beruflicher-bereich\/werden-sie-partner\/\" \/>\n<meta property=\"og:site_name\" content=\"Pays des \u00c9crins - Office de Tourisme\" \/>\n<meta property=\"article:modified_time\" content=\"2025-08-18T08:57:57+00:00\" \/>\n<meta property=\"og:image\" content=\"https:\/\/www.paysdesecrins.com\/wp-content\/uploads\/2025\/08\/photos-indiviuelles-equipe-28-scaled.jpg\" \/>\n\t<meta property=\"og:image:width\" content=\"2560\" \/>\n\t<meta property=\"og:image:height\" content=\"1707\" \/>\n\t<meta property=\"og:image:type\" content=\"image\/jpeg\" \/>\n<meta name=\"twitter:card\" content=\"summary_large_image\" \/>\n<meta name=\"twitter:label1\" content=\"Gesch\u00e4tzte Lesezeit\" \/>\n\t<meta name=\"twitter:data1\" content=\"1\u00a0Minute\" \/>\n<script type=\"application\/ld+json\" class=\"yoast-schema-graph\">{\"@context\":\"https:\\\/\\\/schema.org\",\"@graph\":[{\"@type\":\"WebPage\",\"@id\":\"https:\\\/\\\/www.paysdesecrins.com\\\/de\\\/bleibt\\\/beruflicher-bereich\\\/werden-sie-partner\\\/\",\"url\":\"https:\\\/\\\/www.paysdesecrins.com\\\/de\\\/bleibt\\\/beruflicher-bereich\\\/werden-sie-partner\\\/\",\"name\":\"Werden Sie Partner - Pays des \u00c9crins - Office de Tourisme\",\"isPartOf\":{\"@id\":\"https:\\\/\\\/www.paysdesecrins.com\\\/de\\\/#website\"},\"primaryImageOfPage\":{\"@id\":\"https:\\\/\\\/www.paysdesecrins.com\\\/de\\\/bleibt\\\/beruflicher-bereich\\\/werden-sie-partner\\\/#primaryimage\"},\"image\":{\"@id\":\"https:\\\/\\\/www.paysdesecrins.com\\\/de\\\/bleibt\\\/beruflicher-bereich\\\/werden-sie-partner\\\/#primaryimage\"},\"thumbnailUrl\":\"https:\\\/\\\/www.paysdesecrins.com\\\/wp-content\\\/uploads\\\/2025\\\/08\\\/photos-indiviuelles-equipe-28-scaled.jpg\",\"datePublished\":\"2025-07-25T08:55:55+00:00\",\"dateModified\":\"2025-08-18T08:57:57+00:00\",\"breadcrumb\":{\"@id\":\"https:\\\/\\\/www.paysdesecrins.com\\\/de\\\/bleibt\\\/beruflicher-bereich\\\/werden-sie-partner\\\/#breadcrumb\"},\"inLanguage\":\"de\",\"potentialAction\":[{\"@type\":\"ReadAction\",\"target\":[\"https:\\\/\\\/www.paysdesecrins.com\\\/de\\\/bleibt\\\/beruflicher-bereich\\\/werden-sie-partner\\\/\"]}]},{\"@type\":\"ImageObject\",\"inLanguage\":\"de\",\"@id\":\"https:\\\/\\\/www.paysdesecrins.com\\\/de\\\/bleibt\\\/beruflicher-bereich\\\/werden-sie-partner\\\/#primaryimage\",\"url\":\"https:\\\/\\\/www.paysdesecrins.com\\\/wp-content\\\/uploads\\\/2025\\\/08\\\/photos-indiviuelles-equipe-28-scaled.jpg\",\"contentUrl\":\"https:\\\/\\\/www.paysdesecrins.com\\\/wp-content\\\/uploads\\\/2025\\\/08\\\/photos-indiviuelles-equipe-28-scaled.jpg\",\"width\":2560,\"height\":1707},{\"@type\":\"BreadcrumbList\",\"@id\":\"https:\\\/\\\/www.paysdesecrins.com\\\/de\\\/bleibt\\\/beruflicher-bereich\\\/werden-sie-partner\\\/#breadcrumb\",\"itemListElement\":[{\"@type\":\"ListItem\",\"position\":1,\"name\":\"Accueil\",\"item\":\"https:\\\/\\\/www.paysdesecrins.com\\\/de\\\/der-titel-des-hauses\\\/\"},{\"@type\":\"ListItem\",\"position\":2,\"name\":\"Beruflicher Bereich\",\"item\":\"https:\\\/\\\/www.paysdesecrins.com\\\/de\\\/beruflicher-bereich\\\/\"},{\"@type\":\"ListItem\",\"position\":3,\"name\":\"Werden Sie Partner\"}]},{\"@type\":\"WebSite\",\"@id\":\"https:\\\/\\\/www.paysdesecrins.com\\\/de\\\/#website\",\"url\":\"https:\\\/\\\/www.paysdesecrins.com\\\/de\\\/\",\"name\":\"Pays des \u00c9crins - Office de Tourisme\",\"description\":\"L&#039;esprit montagne\",\"publisher\":{\"@id\":\"https:\\\/\\\/www.paysdesecrins.com\\\/de\\\/#organization\"},\"potentialAction\":[{\"@type\":\"SearchAction\",\"target\":{\"@type\":\"EntryPoint\",\"urlTemplate\":\"https:\\\/\\\/www.paysdesecrins.com\\\/de\\\/?s={search_term_string}\"},\"query-input\":{\"@type\":\"PropertyValueSpecification\",\"valueRequired\":true,\"valueName\":\"search_term_string\"}}],\"inLanguage\":\"de\"},{\"@type\":\"Organization\",\"@id\":\"https:\\\/\\\/www.paysdesecrins.com\\\/de\\\/#organization\",\"name\":\"Pays des \u00c9crins - Office de Tourisme\",\"url\":\"https:\\\/\\\/www.paysdesecrins.com\\\/de\\\/\",\"logo\":{\"@type\":\"ImageObject\",\"inLanguage\":\"de\",\"@id\":\"https:\\\/\\\/www.paysdesecrins.com\\\/de\\\/#\\\/schema\\\/logo\\\/image\\\/\",\"url\":\"https:\\\/\\\/www.paysdesecrins.com\\\/wp-content\\\/uploads\\\/2025\\\/06\\\/devina-svg-1750845694.svg\",\"contentUrl\":\"https:\\\/\\\/www.paysdesecrins.com\\\/wp-content\\\/uploads\\\/2025\\\/06\\\/devina-svg-1750845694.svg\",\"caption\":\"Pays des \u00c9crins - Office de Tourisme\"},\"image\":{\"@id\":\"https:\\\/\\\/www.paysdesecrins.com\\\/de\\\/#\\\/schema\\\/logo\\\/image\\\/\"}}]}<\/script>\n<!-- \/ Yoast SEO plugin. -->","yoast_head_json":{"title":"Werden Sie Partner - Pays des \u00c9crins - Office de Tourisme","robots":{"index":"index","follow":"follow","max-snippet":"max-snippet:-1","max-image-preview":"max-image-preview:large","max-video-preview":"max-video-preview:-1"},"canonical":"https:\/\/www.paysdesecrins.com\/de\/bleibt\/beruflicher-bereich\/werden-sie-partner\/","og_locale":"de_DE","og_type":"article","og_title":"Werden Sie Partner - Pays des \u00c9crins - Office de Tourisme","og_description":"Werden Sie Partner von Pays des \u00c9crins Tourisme , um Ihr Gesch\u00e4ft zu entwickeln. \u00dcber die F\u00f6rderung Ihrer T\u00e4tigkeit hinaus [&hellip;]","og_url":"https:\/\/www.paysdesecrins.com\/de\/bleibt\/beruflicher-bereich\/werden-sie-partner\/","og_site_name":"Pays des \u00c9crins - Office de Tourisme","article_modified_time":"2025-08-18T08:57:57+00:00","og_image":[{"width":2560,"height":1707,"url":"https:\/\/www.paysdesecrins.com\/wp-content\/uploads\/2025\/08\/photos-indiviuelles-equipe-28-scaled.jpg","type":"image\/jpeg"}],"twitter_card":"summary_large_image","twitter_misc":{"Gesch\u00e4tzte Lesezeit":"1\u00a0Minute"},"schema":{"@context":"https:\/\/schema.org","@graph":[{"@type":"WebPage","@id":"https:\/\/www.paysdesecrins.com\/de\/bleibt\/beruflicher-bereich\/werden-sie-partner\/","url":"https:\/\/www.paysdesecrins.com\/de\/bleibt\/beruflicher-bereich\/werden-sie-partner\/","name":"Werden Sie Partner - Pays des \u00c9crins - Office de Tourisme","isPartOf":{"@id":"https:\/\/www.paysdesecrins.com\/de\/#website"},"primaryImageOfPage":{"@id":"https:\/\/www.paysdesecrins.com\/de\/bleibt\/beruflicher-bereich\/werden-sie-partner\/#primaryimage"},"image":{"@id":"https:\/\/www.paysdesecrins.com\/de\/bleibt\/beruflicher-bereich\/werden-sie-partner\/#primaryimage"},"thumbnailUrl":"https:\/\/www.paysdesecrins.com\/wp-content\/uploads\/2025\/08\/photos-indiviuelles-equipe-28-scaled.jpg","datePublished":"2025-07-25T08:55:55+00:00","dateModified":"2025-08-18T08:57:57+00:00","breadcrumb":{"@id":"https:\/\/www.paysdesecrins.com\/de\/bleibt\/beruflicher-bereich\/werden-sie-partner\/#breadcrumb"},"inLanguage":"de","potentialAction":[{"@type":"ReadAction","target":["https:\/\/www.paysdesecrins.com\/de\/bleibt\/beruflicher-bereich\/werden-sie-partner\/"]}]},{"@type":"ImageObject","inLanguage":"de","@id":"https:\/\/www.paysdesecrins.com\/de\/bleibt\/beruflicher-bereich\/werden-sie-partner\/#primaryimage","url":"https:\/\/www.paysdesecrins.com\/wp-content\/uploads\/2025\/08\/photos-indiviuelles-equipe-28-scaled.jpg","contentUrl":"https:\/\/www.paysdesecrins.com\/wp-content\/uploads\/2025\/08\/photos-indiviuelles-equipe-28-scaled.jpg","width":2560,"height":1707},{"@type":"BreadcrumbList","@id":"https:\/\/www.paysdesecrins.com\/de\/bleibt\/beruflicher-bereich\/werden-sie-partner\/#breadcrumb","itemListElement":[{"@type":"ListItem","position":1,"name":"Accueil","item":"https:\/\/www.paysdesecrins.com\/de\/der-titel-des-hauses\/"},{"@type":"ListItem","position":2,"name":"Beruflicher Bereich","item":"https:\/\/www.paysdesecrins.com\/de\/beruflicher-bereich\/"},{"@type":"ListItem","position":3,"name":"Werden Sie Partner"}]},{"@type":"WebSite","@id":"https:\/\/www.paysdesecrins.com\/de\/#website","url":"https:\/\/www.paysdesecrins.com\/de\/","name":"Pays des \u00c9crins - Office de Tourisme","description":"L&#039;esprit montagne","publisher":{"@id":"https:\/\/www.paysdesecrins.com\/de\/#organization"},"potentialAction":[{"@type":"SearchAction","target":{"@type":"EntryPoint","urlTemplate":"https:\/\/www.paysdesecrins.com\/de\/?s={search_term_string}"},"query-input":{"@type":"PropertyValueSpecification","valueRequired":true,"valueName":"search_term_string"}}],"inLanguage":"de"},{"@type":"Organization","@id":"https:\/\/www.paysdesecrins.com\/de\/#organization","name":"Pays des \u00c9crins - Office de Tourisme","url":"https:\/\/www.paysdesecrins.com\/de\/","logo":{"@type":"ImageObject","inLanguage":"de","@id":"https:\/\/www.paysdesecrins.com\/de\/#\/schema\/logo\/image\/","url":"https:\/\/www.paysdesecrins.com\/wp-content\/uploads\/2025\/06\/devina-svg-1750845694.svg","contentUrl":"https:\/\/www.paysdesecrins.com\/wp-content\/uploads\/2025\/06\/devina-svg-1750845694.svg","caption":"Pays des \u00c9crins - Office de Tourisme"},"image":{"@id":"https:\/\/www.paysdesecrins.com\/de\/#\/schema\/logo\/image\/"}}]}},"_links":{"self":[{"href":"https:\/\/www.paysdesecrins.com\/de\/wp-json\/wp\/v2\/pages\/44287","targetHints":{"allow":["GET"]}}],"collection":[{"href":"https:\/\/www.paysdesecrins.com\/de\/wp-json\/wp\/v2\/pages"}],"about":[{"href":"https:\/\/www.paysdesecrins.com\/de\/wp-json\/wp\/v2\/types\/page"}],"author":[{"embeddable":true,"href":"https:\/\/www.paysdesecrins.com\/de\/wp-json\/wp\/v2\/users\/4"}],"replies":[{"embeddable":true,"href":"https:\/\/www.paysdesecrins.com\/de\/wp-json\/wp\/v2\/comments?post=44287"}],"version-history":[{"count":4,"href":"https:\/\/www.paysdesecrins.com\/de\/wp-json\/wp\/v2\/pages\/44287\/revisions"}],"predecessor-version":[{"id":94860,"href":"https:\/\/www.paysdesecrins.com\/de\/wp-json\/wp\/v2\/pages\/44287\/revisions\/94860"}],"up":[{"embeddable":true,"href":"https:\/\/www.paysdesecrins.com\/de\/wp-json\/wp\/v2\/pages\/45549"}],"wp:featuredmedia":[{"embeddable":true,"href":"https:\/\/www.paysdesecrins.com\/de\/wp-json\/wp\/v2\/media\/93693"}],"wp:attachment":[{"href":"https:\/\/www.paysdesecrins.com\/de\/wp-json\/wp\/v2\/media?parent=44287"}],"curies":[{"name":"wp","href":"https:\/\/api.w.org\/{rel}","templated":true}]}}