{"id":44297,"date":"2025-07-25T11:06:25","date_gmt":"2025-07-25T09:06:25","guid":{"rendered":"https:\/\/www.paysdesecrins.com\/das-pays-des-ecrins-in-zahlen\/"},"modified":"2025-08-12T15:40:30","modified_gmt":"2025-08-12T13:40:30","slug":"das-pays-des-ecrins-in-zahlen","status":"publish","type":"page","link":"https:\/\/www.paysdesecrins.com\/de\/bleibt\/beruflicher-bereich\/das-pays-des-ecrins-in-zahlen\/","title":{"rendered":"Das Pays des \u00c9crins in Zahlen"},"content":{"rendered":"    <div class=\"alignfull wp-block-ws-library-ws-header-interne\">\n\t    <div class=\"header-container\">\n\t        <div class=\"group-media has-image\">\n\t            \t                <img loading=\"lazy\" decoding=\"async\" width=\"1920\" height=\"800\" src=\"https:\/\/www.paysdesecrins.com\/wp-content\/uploads\/2025\/07\/171ski-rando-pre-de-madame-carle-en-ski-23-1920x800.jpg\" alt=\"\" class=\"image_large_square wp-image-21587\" \/>\n\t            \t        <\/div>\n\t        <div class=\"group-content\">\n\t            <div class=\"title\">\n\t                <h1>\n\t                    Das Pays des \u00c9crins in Zahlen\t                    \t                <\/h1>\n\t            <\/div>\n\t        <\/div>\n\t    <\/div>\n\t    \n<div class=\"yoast-breadcrumbs\"><span><span><a href=\"https:\/\/www.paysdesecrins.com\/de\/der-titel-des-hauses\/\">Accueil<\/a><\/span>  <span><a href=\"https:\/\/www.paysdesecrins.com\/de\/beruflicher-bereich\/\">Beruflicher Bereich<\/a><\/span>  <span class=\"breadcrumb_last\" aria-current=\"page\">Das Pays des \u00c9crins in Zahlen<\/span><\/span><\/div>\n    <\/div>\n    \n<div class=\"wp-block-ws-library-ws-title aligncenter\"><h2><em>T\u00e4tigkeitsberichte <\/em>und Saisonberichte<\/h2><\/div>\n\n<p>Wie jedes Jahr stellen wir Ihnen den T\u00e4tigkeitsbericht des Pays des \u00c9crins zur Verf\u00fcgung. Hier finden Sie die im Laufe des Jahres unternommenen Schritte, die Ambitionen und Ziele, die wir umsetzen, die Zusammenfassung unseres Jahres, die reich an Veranstaltungen aller Art ist, und die Zahlen unseres Territoriums. <\/p>\n\n<div class=\"wp-block-group alignwide is-content-justification-center is-nowrap is-layout-flex wp-container-core-group-is-layout-23441af8 wp-block-group-is-layout-flex\">\n<div class=\"wp-block-ws-library-ws-documents\">\n<div class=\"wp-block-ws-library-ws-document\"><a href=\"https:\/\/www.paysdesecrins.com\/wp-content\/uploads\/2025\/07\/rapport-dactivite-2023-2024.pdf\" target=\"_blank\" rel=\"noopener noreferrer\" class=\"link-document\">rapport d&#8217;activit\u00e9 2023-2024<\/a><\/div>\n\n\n\n<div class=\"wp-block-ws-library-ws-document\"><a href=\"https:\/\/www.paysdesecrins.com\/wp-content\/uploads\/2025\/07\/rapport-dactivite-2022-2023.pdf\" target=\"_blank\" rel=\"noopener noreferrer\" class=\"link-document\">rapport d&#8217;activit\u00e9 2022-2023<\/a><\/div>\n<\/div>\n\n\n\n<div class=\"wp-block-group is-nowrap is-layout-flex wp-container-core-group-is-layout-6c531013 wp-block-group-is-layout-flex\">\n<div class=\"wp-block-ws-library-ws-documents\">\n<div class=\"wp-block-ws-library-ws-document\"><a href=\"https:\/\/www.paysdesecrins.com\/wp-content\/uploads\/2025\/07\/rapport-dactivite-2021-2022.pdf\" target=\"_blank\" rel=\"noopener noreferrer\" class=\"link-document\">rapport d&#8217;activit\u00e9 2021-2022<\/a><\/div>\n\n\n\n<div class=\"wp-block-ws-library-ws-document\"><a href=\"https:\/\/www.paysdesecrins.com\/wp-content\/uploads\/2025\/07\/rapport-dactivite-2020-2021-1.pdf\" target=\"_blank\" rel=\"noopener noreferrer\" class=\"link-document\">rapport d&#8217;activit\u00e9 2020-2021<\/a><\/div>\n<\/div>\n<\/div>\n<\/div>\n\n<ul class=\"wp-block-list\"><\/ul>\n\n<div class=\"wp-block-ws-library-ws-title aligncenter\"><h2><em>Touristisches Observatorium<\/em><\/h2><\/div>\n\n<p>Um eine m\u00f6glichst vollst\u00e4ndige Analyse zu erhalten, analysiert das Tourismusberatungsunternehmen Pays des Ecrins in Zusammenarbeit mit G2A die Besucherzahlen des Gebiets. Die Analyse erm\u00f6glicht es, neue Ziele zu setzen und die St\u00e4rken und Schw\u00e4chen des Territoriums zu erkennen. Diese Analysen finden Sie im Folgenden. Ab 2022 k\u00f6nnen Sie <a href=\"https:\/\/observatoire.hautes-alpes.net\/rapports\/tourismeFV\" target=\"_blank\" rel=\"noreferrer noopener\">das von addet 05 online gestellte Tool<\/a> nutzen, um j\u00e4hrliche Daten zu erhalten.     <\/p>\n\n<div class=\"wp-block-group is-nowrap is-layout-flex wp-container-core-group-is-layout-6c531013 wp-block-group-is-layout-flex\">\n<div class=\"wp-block-ws-library-ws-documents\">\n<div class=\"wp-block-ws-library-ws-document\"><a href=\"https:\/\/www.paysdesecrins.com\/wp-content\/uploads\/2025\/07\/frequentation-toursitique-des-hautes-alpes-2023-2024-1.pdf\" target=\"_blank\" rel=\"noopener noreferrer\" class=\"link-document\">Frequentation toursitique des hautes-alpes  -2023-2024<\/a><\/div>\n\n\n\n<div class=\"wp-block-ws-library-ws-document\"><a href=\"https:\/\/www.paysdesecrins.com\/wp-content\/uploads\/2025\/07\/frequentation-toursitique-des-hautes-alpes-ete-2024-1.pdf\" target=\"_blank\" rel=\"noopener noreferrer\" class=\"link-document\">Frequentation toursitique des hautes-alpes  \u00e9t\u00e9 2024<\/a><\/div>\n<\/div>\n\n\n\n<div class=\"wp-block-group is-nowrap is-layout-flex wp-container-core-group-is-layout-6c531013 wp-block-group-is-layout-flex\">\n<div class=\"wp-block-ws-library-ws-documents\">\n<div class=\"wp-block-ws-library-ws-document\"><a href=\"https:\/\/www.paysdesecrins.com\/wp-content\/uploads\/2025\/07\/frequentation-toursitique-des-hautes-alpes-hiver-2023-2024-1.pdf\" target=\"_blank\" rel=\"noopener noreferrer\" class=\"link-document\">Frequentation toursitique des hautes-alpes  hiver 2023-2024<\/a><\/div>\n\n\n\n<div class=\"wp-block-ws-library-ws-document\"><a href=\"https:\/\/www.paysdesecrins.com\/wp-content\/uploads\/2025\/07\/frequentation-toursitique-paca-ete-2024-1.pdf\" target=\"_blank\" rel=\"noopener noreferrer\" class=\"link-document\">Frequentation toursitique PACA  \u00e9t\u00e9 2024<\/a><\/div>\n<\/div>\n<\/div>\n<\/div>\n\n<div class=\"wp-block-ws-library-ws-share\"><span class=\"share-subtitle\">Hat Ihnen diese Seite gefallen?<\/span><span class=\"share-title\">Teilen Sie es!<\/span><button class=\"ws-share-button wp-element-button\">Diese Seite teilen<\/button><\/div>\n","protected":false},"excerpt":{"rendered":"<p>Wie jedes Jahr stellen wir Ihnen den T\u00e4tigkeitsbericht des Pays des \u00c9crins zur Verf\u00fcgung. Hier finden Sie die im Laufe [&hellip;]<\/p>\n","protected":false},"author":4,"featured_media":41677,"parent":45549,"menu_order":0,"comment_status":"closed","ping_status":"closed","template":"","meta":{"_thumbnail_id_2":0,"summer_excerpt":"","season":"","station":"","footnotes":""},"class_list":["post-44297","page","type-page","status-publish","has-post-thumbnail","hentry"],"yoast_head":"<!-- This site is optimized with the Yoast SEO plugin v27.3 - https:\/\/yoast.com\/product\/yoast-seo-wordpress\/ -->\n<title>Das Pays des \u00c9crins in Zahlen - Pays des \u00c9crins - Office de Tourisme<\/title>\n<meta name=\"robots\" content=\"index, follow, max-snippet:-1, max-image-preview:large, max-video-preview:-1\" \/>\n<link rel=\"canonical\" href=\"https:\/\/www.paysdesecrins.com\/de\/bleibt\/beruflicher-bereich\/das-pays-des-ecrins-in-zahlen\/\" \/>\n<meta property=\"og:locale\" content=\"de_DE\" \/>\n<meta property=\"og:type\" content=\"article\" \/>\n<meta property=\"og:title\" content=\"Das Pays des \u00c9crins in Zahlen - Pays des \u00c9crins - Office de Tourisme\" \/>\n<meta property=\"og:description\" content=\"Wie jedes Jahr stellen wir Ihnen den T\u00e4tigkeitsbericht des Pays des \u00c9crins zur Verf\u00fcgung. Hier finden Sie die im Laufe [&hellip;]\" \/>\n<meta property=\"og:url\" content=\"https:\/\/www.paysdesecrins.com\/de\/bleibt\/beruflicher-bereich\/das-pays-des-ecrins-in-zahlen\/\" \/>\n<meta property=\"og:site_name\" content=\"Pays des \u00c9crins - Office de Tourisme\" \/>\n<meta property=\"article:modified_time\" content=\"2025-08-12T13:40:30+00:00\" \/>\n<meta property=\"og:image\" content=\"https:\/\/www.paysdesecrins.com\/wp-content\/uploads\/2025\/07\/1608201002-1465694179.jpg\" \/>\n\t<meta property=\"og:image:width\" content=\"1200\" \/>\n\t<meta property=\"og:image:height\" content=\"800\" \/>\n\t<meta property=\"og:image:type\" content=\"image\/jpeg\" \/>\n<meta name=\"twitter:card\" content=\"summary_large_image\" \/>\n<meta name=\"twitter:label1\" content=\"Gesch\u00e4tzte Lesezeit\" \/>\n\t<meta name=\"twitter:data1\" content=\"1\u00a0Minute\" \/>\n<script type=\"application\/ld+json\" class=\"yoast-schema-graph\">{\"@context\":\"https:\\\/\\\/schema.org\",\"@graph\":[{\"@type\":\"WebPage\",\"@id\":\"https:\\\/\\\/www.paysdesecrins.com\\\/de\\\/bleibt\\\/beruflicher-bereich\\\/das-pays-des-ecrins-in-zahlen\\\/\",\"url\":\"https:\\\/\\\/www.paysdesecrins.com\\\/de\\\/bleibt\\\/beruflicher-bereich\\\/das-pays-des-ecrins-in-zahlen\\\/\",\"name\":\"Das Pays des \u00c9crins in Zahlen - Pays des \u00c9crins - Office de Tourisme\",\"isPartOf\":{\"@id\":\"https:\\\/\\\/www.paysdesecrins.com\\\/de\\\/#website\"},\"primaryImageOfPage\":{\"@id\":\"https:\\\/\\\/www.paysdesecrins.com\\\/de\\\/bleibt\\\/beruflicher-bereich\\\/das-pays-des-ecrins-in-zahlen\\\/#primaryimage\"},\"image\":{\"@id\":\"https:\\\/\\\/www.paysdesecrins.com\\\/de\\\/bleibt\\\/beruflicher-bereich\\\/das-pays-des-ecrins-in-zahlen\\\/#primaryimage\"},\"thumbnailUrl\":\"https:\\\/\\\/www.paysdesecrins.com\\\/wp-content\\\/uploads\\\/2025\\\/07\\\/1608201002-1465694179.jpg\",\"datePublished\":\"2025-07-25T09:06:25+00:00\",\"dateModified\":\"2025-08-12T13:40:30+00:00\",\"breadcrumb\":{\"@id\":\"https:\\\/\\\/www.paysdesecrins.com\\\/de\\\/bleibt\\\/beruflicher-bereich\\\/das-pays-des-ecrins-in-zahlen\\\/#breadcrumb\"},\"inLanguage\":\"de\",\"potentialAction\":[{\"@type\":\"ReadAction\",\"target\":[\"https:\\\/\\\/www.paysdesecrins.com\\\/de\\\/bleibt\\\/beruflicher-bereich\\\/das-pays-des-ecrins-in-zahlen\\\/\"]}]},{\"@type\":\"ImageObject\",\"inLanguage\":\"de\",\"@id\":\"https:\\\/\\\/www.paysdesecrins.com\\\/de\\\/bleibt\\\/beruflicher-bereich\\\/das-pays-des-ecrins-in-zahlen\\\/#primaryimage\",\"url\":\"https:\\\/\\\/www.paysdesecrins.com\\\/wp-content\\\/uploads\\\/2025\\\/07\\\/1608201002-1465694179.jpg\",\"contentUrl\":\"https:\\\/\\\/www.paysdesecrins.com\\\/wp-content\\\/uploads\\\/2025\\\/07\\\/1608201002-1465694179.jpg\",\"width\":1200,\"height\":800},{\"@type\":\"BreadcrumbList\",\"@id\":\"https:\\\/\\\/www.paysdesecrins.com\\\/de\\\/bleibt\\\/beruflicher-bereich\\\/das-pays-des-ecrins-in-zahlen\\\/#breadcrumb\",\"itemListElement\":[{\"@type\":\"ListItem\",\"position\":1,\"name\":\"Accueil\",\"item\":\"https:\\\/\\\/www.paysdesecrins.com\\\/de\\\/der-titel-des-hauses\\\/\"},{\"@type\":\"ListItem\",\"position\":2,\"name\":\"Beruflicher Bereich\",\"item\":\"https:\\\/\\\/www.paysdesecrins.com\\\/de\\\/beruflicher-bereich\\\/\"},{\"@type\":\"ListItem\",\"position\":3,\"name\":\"Das Pays des \u00c9crins in Zahlen\"}]},{\"@type\":\"WebSite\",\"@id\":\"https:\\\/\\\/www.paysdesecrins.com\\\/de\\\/#website\",\"url\":\"https:\\\/\\\/www.paysdesecrins.com\\\/de\\\/\",\"name\":\"Pays des \u00c9crins - Office de Tourisme\",\"description\":\"L&#039;esprit montagne\",\"publisher\":{\"@id\":\"https:\\\/\\\/www.paysdesecrins.com\\\/de\\\/#organization\"},\"potentialAction\":[{\"@type\":\"SearchAction\",\"target\":{\"@type\":\"EntryPoint\",\"urlTemplate\":\"https:\\\/\\\/www.paysdesecrins.com\\\/de\\\/?s={search_term_string}\"},\"query-input\":{\"@type\":\"PropertyValueSpecification\",\"valueRequired\":true,\"valueName\":\"search_term_string\"}}],\"inLanguage\":\"de\"},{\"@type\":\"Organization\",\"@id\":\"https:\\\/\\\/www.paysdesecrins.com\\\/de\\\/#organization\",\"name\":\"Pays des \u00c9crins - Office de Tourisme\",\"url\":\"https:\\\/\\\/www.paysdesecrins.com\\\/de\\\/\",\"logo\":{\"@type\":\"ImageObject\",\"inLanguage\":\"de\",\"@id\":\"https:\\\/\\\/www.paysdesecrins.com\\\/de\\\/#\\\/schema\\\/logo\\\/image\\\/\",\"url\":\"https:\\\/\\\/www.paysdesecrins.com\\\/wp-content\\\/uploads\\\/2025\\\/06\\\/devina-svg-1750845694.svg\",\"contentUrl\":\"https:\\\/\\\/www.paysdesecrins.com\\\/wp-content\\\/uploads\\\/2025\\\/06\\\/devina-svg-1750845694.svg\",\"caption\":\"Pays des \u00c9crins - Office de Tourisme\"},\"image\":{\"@id\":\"https:\\\/\\\/www.paysdesecrins.com\\\/de\\\/#\\\/schema\\\/logo\\\/image\\\/\"}}]}<\/script>\n<!-- \/ Yoast SEO plugin. -->","yoast_head_json":{"title":"Das Pays des \u00c9crins in Zahlen - Pays des \u00c9crins - Office de Tourisme","robots":{"index":"index","follow":"follow","max-snippet":"max-snippet:-1","max-image-preview":"max-image-preview:large","max-video-preview":"max-video-preview:-1"},"canonical":"https:\/\/www.paysdesecrins.com\/de\/bleibt\/beruflicher-bereich\/das-pays-des-ecrins-in-zahlen\/","og_locale":"de_DE","og_type":"article","og_title":"Das Pays des \u00c9crins in Zahlen - Pays des \u00c9crins - Office de Tourisme","og_description":"Wie jedes Jahr stellen wir Ihnen den T\u00e4tigkeitsbericht des Pays des \u00c9crins zur Verf\u00fcgung. Hier finden Sie die im Laufe [&hellip;]","og_url":"https:\/\/www.paysdesecrins.com\/de\/bleibt\/beruflicher-bereich\/das-pays-des-ecrins-in-zahlen\/","og_site_name":"Pays des \u00c9crins - Office de Tourisme","article_modified_time":"2025-08-12T13:40:30+00:00","og_image":[{"width":1200,"height":800,"url":"https:\/\/www.paysdesecrins.com\/wp-content\/uploads\/2025\/07\/1608201002-1465694179.jpg","type":"image\/jpeg"}],"twitter_card":"summary_large_image","twitter_misc":{"Gesch\u00e4tzte Lesezeit":"1\u00a0Minute"},"schema":{"@context":"https:\/\/schema.org","@graph":[{"@type":"WebPage","@id":"https:\/\/www.paysdesecrins.com\/de\/bleibt\/beruflicher-bereich\/das-pays-des-ecrins-in-zahlen\/","url":"https:\/\/www.paysdesecrins.com\/de\/bleibt\/beruflicher-bereich\/das-pays-des-ecrins-in-zahlen\/","name":"Das Pays des \u00c9crins in Zahlen - Pays des \u00c9crins - Office de Tourisme","isPartOf":{"@id":"https:\/\/www.paysdesecrins.com\/de\/#website"},"primaryImageOfPage":{"@id":"https:\/\/www.paysdesecrins.com\/de\/bleibt\/beruflicher-bereich\/das-pays-des-ecrins-in-zahlen\/#primaryimage"},"image":{"@id":"https:\/\/www.paysdesecrins.com\/de\/bleibt\/beruflicher-bereich\/das-pays-des-ecrins-in-zahlen\/#primaryimage"},"thumbnailUrl":"https:\/\/www.paysdesecrins.com\/wp-content\/uploads\/2025\/07\/1608201002-1465694179.jpg","datePublished":"2025-07-25T09:06:25+00:00","dateModified":"2025-08-12T13:40:30+00:00","breadcrumb":{"@id":"https:\/\/www.paysdesecrins.com\/de\/bleibt\/beruflicher-bereich\/das-pays-des-ecrins-in-zahlen\/#breadcrumb"},"inLanguage":"de","potentialAction":[{"@type":"ReadAction","target":["https:\/\/www.paysdesecrins.com\/de\/bleibt\/beruflicher-bereich\/das-pays-des-ecrins-in-zahlen\/"]}]},{"@type":"ImageObject","inLanguage":"de","@id":"https:\/\/www.paysdesecrins.com\/de\/bleibt\/beruflicher-bereich\/das-pays-des-ecrins-in-zahlen\/#primaryimage","url":"https:\/\/www.paysdesecrins.com\/wp-content\/uploads\/2025\/07\/1608201002-1465694179.jpg","contentUrl":"https:\/\/www.paysdesecrins.com\/wp-content\/uploads\/2025\/07\/1608201002-1465694179.jpg","width":1200,"height":800},{"@type":"BreadcrumbList","@id":"https:\/\/www.paysdesecrins.com\/de\/bleibt\/beruflicher-bereich\/das-pays-des-ecrins-in-zahlen\/#breadcrumb","itemListElement":[{"@type":"ListItem","position":1,"name":"Accueil","item":"https:\/\/www.paysdesecrins.com\/de\/der-titel-des-hauses\/"},{"@type":"ListItem","position":2,"name":"Beruflicher Bereich","item":"https:\/\/www.paysdesecrins.com\/de\/beruflicher-bereich\/"},{"@type":"ListItem","position":3,"name":"Das Pays des \u00c9crins in Zahlen"}]},{"@type":"WebSite","@id":"https:\/\/www.paysdesecrins.com\/de\/#website","url":"https:\/\/www.paysdesecrins.com\/de\/","name":"Pays des \u00c9crins - Office de Tourisme","description":"L&#039;esprit montagne","publisher":{"@id":"https:\/\/www.paysdesecrins.com\/de\/#organization"},"potentialAction":[{"@type":"SearchAction","target":{"@type":"EntryPoint","urlTemplate":"https:\/\/www.paysdesecrins.com\/de\/?s={search_term_string}"},"query-input":{"@type":"PropertyValueSpecification","valueRequired":true,"valueName":"search_term_string"}}],"inLanguage":"de"},{"@type":"Organization","@id":"https:\/\/www.paysdesecrins.com\/de\/#organization","name":"Pays des \u00c9crins - Office de Tourisme","url":"https:\/\/www.paysdesecrins.com\/de\/","logo":{"@type":"ImageObject","inLanguage":"de","@id":"https:\/\/www.paysdesecrins.com\/de\/#\/schema\/logo\/image\/","url":"https:\/\/www.paysdesecrins.com\/wp-content\/uploads\/2025\/06\/devina-svg-1750845694.svg","contentUrl":"https:\/\/www.paysdesecrins.com\/wp-content\/uploads\/2025\/06\/devina-svg-1750845694.svg","caption":"Pays des \u00c9crins - Office de Tourisme"},"image":{"@id":"https:\/\/www.paysdesecrins.com\/de\/#\/schema\/logo\/image\/"}}]}},"_links":{"self":[{"href":"https:\/\/www.paysdesecrins.com\/de\/wp-json\/wp\/v2\/pages\/44297","targetHints":{"allow":["GET"]}}],"collection":[{"href":"https:\/\/www.paysdesecrins.com\/de\/wp-json\/wp\/v2\/pages"}],"about":[{"href":"https:\/\/www.paysdesecrins.com\/de\/wp-json\/wp\/v2\/types\/page"}],"author":[{"embeddable":true,"href":"https:\/\/www.paysdesecrins.com\/de\/wp-json\/wp\/v2\/users\/4"}],"replies":[{"embeddable":true,"href":"https:\/\/www.paysdesecrins.com\/de\/wp-json\/wp\/v2\/comments?post=44297"}],"version-history":[{"count":2,"href":"https:\/\/www.paysdesecrins.com\/de\/wp-json\/wp\/v2\/pages\/44297\/revisions"}],"predecessor-version":[{"id":81997,"href":"https:\/\/www.paysdesecrins.com\/de\/wp-json\/wp\/v2\/pages\/44297\/revisions\/81997"}],"up":[{"embeddable":true,"href":"https:\/\/www.paysdesecrins.com\/de\/wp-json\/wp\/v2\/pages\/45549"}],"wp:featuredmedia":[{"embeddable":true,"href":"https:\/\/www.paysdesecrins.com\/de\/wp-json\/wp\/v2\/media\/41677"}],"wp:attachment":[{"href":"https:\/\/www.paysdesecrins.com\/de\/wp-json\/wp\/v2\/media?parent=44297"}],"curies":[{"name":"wp","href":"https:\/\/api.w.org\/{rel}","templated":true}]}}