{"id":44312,"date":"2025-07-24T15:15:08","date_gmt":"2025-07-24T13:15:08","guid":{"rendered":"https:\/\/www.paysdesecrins.com\/alle-aktivitaeten-in-puy-saint-vincent\/"},"modified":"2025-08-06T11:05:35","modified_gmt":"2025-08-06T09:05:35","slug":"alle-aktivitaeten-in-puy-saint-vincent","status":"publish","type":"page","link":"https:\/\/www.paysdesecrins.com\/de\/alle-aktivitaeten-in-puy-saint-vincent\/","title":{"rendered":"Alle Aktivit\u00e4ten in Puy Saint Vincent"},"content":{"rendered":"    <div class=\"alignfull wp-block-ws-library-ws-header-interne\">\n\t    <div class=\"header-container\">\n\t        <div class=\"group-media has-image\">\n\t            \t                <img loading=\"lazy\" decoding=\"async\" width=\"1920\" height=\"800\" src=\"https:\/\/www.paysdesecrins.com\/wp-content\/uploads\/2025\/08\/07-13-23-fete-de-psv-8-1920x800.jpg\" alt=\"\" class=\"image_large_square wp-image-65698\" \/>\n\t            \t        <\/div>\n\t        <div class=\"group-content\">\n\t            <div class=\"title\">\n\t                <h1>\n\t                    Alle Aktivit\u00e4ten\t                    \t                        in Puy St. Vincent\t                    \t                <\/h1>\n\t            <\/div>\n\t        <\/div>\n\t    <\/div>\n\t    \n<div class=\"yoast-breadcrumbs\"><span><span><a href=\"https:\/\/www.paysdesecrins.com\/de\/der-titel-des-hauses\/\">Accueil<\/a><\/span>  <span class=\"breadcrumb_last\" aria-current=\"page\">Alle Aktivit\u00e4ten in Puy Saint Vincent<\/span><\/span><\/div>\n    <\/div>\n    \n<div class=\"wp-block-ws-library-ws-title aligncenter is-style-simple\"><h2><em>Abwechslungsreiche Aktivit\u00e4ten<\/em>F\u00fcr jeden Geschmack und jedes Alter<\/h2><\/div>\n\n<p class=\"has-text-align-center\">Puy Saint-Vincent bietet das ganze Jahr \u00fcber ein abwechslungsreiches Programm an Aktivit\u00e4ten, das Ihren W\u00fcnschen nach Entdeckung, Entspannung und Geselligkeit gerecht wird. Konsultieren Sie das Programm, um die Aktivit\u00e4ten auszuw\u00e4hlen, die am besten zu Ihrem Aufenthalt passen. <\/p>\n<div id=\"listing_e63df\" data-observer-wishlist data-attributes='listing-agenda {\"selectedSelectionIds\":[\"188573\"],\"selectedFacets\":[\"dates\"],\"isPortrait\":false,\"isImageContain\":false,\"showCommune\":true,\"defaultImage\":\"https:\\\/\\\/www.paysdesecrins.com\\\/wp-content\\\/uploads\\\/2025\\\/06\\\/cropped-paysdesecrins.png\",\"showType\":false,\"columnsCount\":\"2-3-3\",\"showActiveFacets\":false,\"isLimited\":false,\"isPaginated\":false,\"showDateSearch\":false,\"perPage\":12,\"season\":\"\",\"align\":\"wide\"}' class=\"ws-listing wp-block-ws-apidae-library-listing-agenda alignwide\" data-map-id=\"map_e63df\" data-locations-id=\"locations-data_e63df\"><div class=\"panel-fixe panel-facets\"><div class=\"panel-overlay toggle-facets\"><\/div><div class=\"panel-inner\"><div class=\"panel-header\"><div class=\"panel-title\">Filter<\/div><a href=\"#\" class=\"panel-close toggle-facets\">Schlie\u00dfen<\/a><\/div><div class=\"panel-content\"><div class=\"group-summary\"><div class=\"facetwp-selections\"><\/div><a href=\"#\" class=\"link-reset\">L\u00f6schen<\/a><\/div><div class=\"facetwp-facet facetwp-facet-dates facetwp-type-date_range\" data-name=\"dates\" data-type=\"date_range\"><\/div><\/div><div class=\"panel-footer\"><div class=\"facet-buttons\"><button type=\"submit\" class=\"btn btn-1 toggle-facets facetwp-count-btn\">Alle anzeigen <span class=\"results-count\"><\/span> Befund<\/button><\/div><\/div><\/div><\/div><div class=\"listing-header\"><div class=\"toggle-container\"><button class=\"btn toggle-btn toggle-facets\" data-target=\"facets\">Filter<\/button><\/div><\/div><div class=\"facetwp-template\"><div class=\"list-container active\"><div class=\"list-items\"><div class=\"item\" data-season=\"all-seasons\"><div class=\"card card-apidae card-agenda\"><div class=\"group-actions\"><ws-wishlist data-type=\"flag\" data-action=\"add\" data-wish-id=\"7119575\" data-wish-type=\"apidae\"><\/ws-wishlist><\/div><div class=\"group-media\"><div class=\"field-image\"><img decoding=\"async\" src=\"https:\/\/images.weserv.nl\/?url=https:\/\/static.apidae-tourisme.com\/filestore\/objets-touristiques\/images\/225\/238\/32304865-diaporama.jpg&#038;w=350&#038;h=350&#038;fit=cover&#038;output=webp&#038;q=45\" alt=\"Le sentier des g\u00e9ants\"\/><\/div><\/div><div class=\"group-top\"><div class=\"field-commune\">Puy-Saint-Vincent<\/div><ws-apidae-from-price data-apidae-id=\"7119575\" ><\/ws-apidae-from-price><div class=\"group-dates\"><div class=\"field-dates\">Du 5 <span class=\"month\">Mai<\/span> au 6 <span class=\"month\">Mai<\/span> 2027<\/div><\/div><\/div><div class=\"group-content\"><div class=\"field-title\">Le sentier des g\u00e9ants<\/div><\/div><div class=\"field-link\" role=\"group\" aria-label=\"Lien vers le contenu\"><a href=\"https:\/\/www.paysdesecrins.com\/de\/fiche\/le-sentier-des-geants-2\/\" class=\"cardlink\" title=\"Lire plus : Le sentier des g\u00e9ants\" lang=\"de_DE\">Le sentier des g\u00e9ants<\/a><\/div><\/div><\/div><div class=\"item\" data-season=\"all-seasons\"><div class=\"card card-apidae card-agenda\"><div class=\"group-actions\"><ws-wishlist data-type=\"flag\" data-action=\"add\" data-wish-id=\"7659951\" data-wish-type=\"apidae\"><\/ws-wishlist><\/div><div class=\"group-media\"><div class=\"field-image\"><img decoding=\"async\" src=\"https:\/\/images.weserv.nl\/?url=https:\/\/static.apidae-tourisme.com\/filestore\/objets-touristiques\/images\/142\/156\/37657742-diaporama.jpg&#038;w=350&#038;h=350&#038;fit=cover&#038;output=webp&#038;q=45\" alt=\"Exposition de peintures &#8222;La mer dans tous ses \u00e9tats&#8220;\"\/><\/div><\/div><div class=\"group-top\"><div class=\"field-commune\">Puy-Saint-Vincent<\/div><ws-apidae-from-price data-apidae-id=\"7659951\" ><\/ws-apidae-from-price><div class=\"group-dates\"><div class=\"field-dates\">Du 7 <span class=\"month\">Mai<\/span> au 29 <span class=\"month\">Juni<\/span><\/div><\/div><\/div><div class=\"group-content\"><div class=\"field-title\">Exposition de peintures &#8222;La mer dans tous ses \u00e9tats&#8220;<\/div><\/div><div class=\"field-link\" role=\"group\" aria-label=\"Lien vers le contenu\"><a href=\"https:\/\/www.paysdesecrins.com\/de\/fiche\/exposition-de-peintures-la-mer-dans-tous-ses-etats-2\/\" class=\"cardlink\" title=\"Lire plus : Exposition de peintures &#8222;La mer dans tous ses \u00e9tats&#8220;\" lang=\"de_DE\">Exposition de peintures &#8222;La mer dans tous ses \u00e9tats&#8220;<\/a><\/div><\/div><\/div><div class=\"item\" data-season=\"all-seasons\"><div class=\"card card-apidae card-agenda\"><div class=\"group-actions\"><ws-wishlist data-type=\"flag\" data-action=\"add\" data-wish-id=\"6137878\" data-wish-type=\"apidae\"><\/ws-wishlist><\/div><div class=\"group-media\"><div class=\"field-image\"><img decoding=\"async\" src=\"https:\/\/images.weserv.nl\/?url=https:\/\/static.apidae-tourisme.com\/filestore\/objets-touristiques\/images\/205\/9\/41093581-diaporama.png&#038;w=350&#038;h=350&#038;fit=cover&#038;output=webp&#038;q=45\" alt=\"Ramassage de d\u00e9chets avec Mountain Riders\"\/><\/div><\/div><div class=\"group-top\"><div class=\"field-commune\">Puy-Saint-Vincent<\/div><ws-apidae-from-price data-apidae-id=\"6137878\" ><\/ws-apidae-from-price><div class=\"group-dates\"><div class=\"field-dates\">3 <span class=\"month\">Juni<\/span><\/div><\/div><\/div><div class=\"group-content\"><div class=\"field-title\">Ramassage de d\u00e9chets avec Mountain Riders<\/div><\/div><div class=\"field-link\" role=\"group\" aria-label=\"Lien vers le contenu\"><a href=\"https:\/\/www.paysdesecrins.com\/de\/fiche\/ramassage-de-dechets-avec-mountain-riders-2\/\" class=\"cardlink\" title=\"Lire plus : Ramassage de d\u00e9chets avec Mountain Riders\" lang=\"de_DE\">Ramassage de d\u00e9chets avec Mountain Riders<\/a><\/div><\/div><\/div><div class=\"item\" data-season=\"all-seasons\"><div class=\"card card-apidae card-agenda\"><div class=\"group-actions\"><ws-wishlist data-type=\"flag\" data-action=\"add\" data-wish-id=\"6011834\" data-wish-type=\"apidae\"><\/ws-wishlist><\/div><div class=\"group-media\"><div class=\"field-image\"><img decoding=\"async\" src=\"https:\/\/images.weserv.nl\/?url=https:\/\/static.apidae-tourisme.com\/filestore\/objets-touristiques\/images\/132\/246\/39908996-diaporama.jpg&#038;w=350&#038;h=350&#038;fit=cover&#038;output=webp&#038;q=45\" alt=\"Feu de la saint Jean \u2013 Bleu Citron\"\/><\/div><\/div><div class=\"group-top\"><div class=\"field-commune\">Puy-Saint-Vincent<\/div><ws-apidae-from-price data-apidae-id=\"6011834\" ><\/ws-apidae-from-price><div class=\"group-dates\"><div class=\"field-dates\">27 <span class=\"month\">Juni<\/span><\/div><\/div><\/div><div class=\"group-content\"><div class=\"field-title\">Feu de la saint Jean \u2013 Bleu Citron<\/div><\/div><div class=\"field-link\" role=\"group\" aria-label=\"Lien vers le contenu\"><a href=\"https:\/\/www.paysdesecrins.com\/de\/fiche\/feu-de-la-saint-jean-bleu-citron-3\/\" class=\"cardlink\" title=\"Lire plus : Feu de la saint Jean \u2013 Bleu Citron\" lang=\"de_DE\">Feu de la saint Jean \u2013 Bleu Citron<\/a><\/div><\/div><\/div><div class=\"item\" data-season=\"all-seasons\"><div class=\"card card-apidae card-agenda\"><div class=\"group-actions\"><ws-wishlist data-type=\"flag\" data-action=\"add\" data-wish-id=\"7783059\" data-wish-type=\"apidae\"><\/ws-wishlist><\/div><div class=\"group-media\"><div class=\"field-image\"><img decoding=\"async\" src=\"https:\/\/images.weserv.nl\/?url=https:\/\/static.apidae-tourisme.com\/filestore\/objets-touristiques\/images\/186\/67\/40846266-diaporama.jpg&#038;w=350&#038;h=350&#038;fit=cover&#038;output=webp&#038;q=45\" alt=\"D\u00e9jeuners  La Ferme Color\u00e9e au Refuge de la Pousterle\"\/><\/div><\/div><div class=\"group-top\"><div class=\"field-commune\">Puy-Saint-Vincent<\/div><ws-apidae-from-price data-apidae-id=\"7783059\" ><\/ws-apidae-from-price><div class=\"group-dates\"><div class=\"field-dates\">Du 15 <span class=\"month\">Juli<\/span> au 12 <span class=\"month\">August<\/span><\/div><\/div><\/div><div class=\"group-content\"><div class=\"field-title\">D\u00e9jeuners  La Ferme Color\u00e9e au Refuge de la Pousterle<\/div><\/div><div class=\"field-link\" role=\"group\" aria-label=\"Lien vers le contenu\"><a href=\"https:\/\/www.paysdesecrins.com\/de\/fiche\/dejeuners-la-ferme-coloree-au-refuge-de-la-pousterle-2\/\" class=\"cardlink\" title=\"Lire plus : D\u00e9jeuners  La Ferme Color\u00e9e au Refuge de la Pousterle\" lang=\"de_DE\">D\u00e9jeuners  La Ferme Color\u00e9e au Refuge de la Pousterle<\/a><\/div><\/div><\/div><div class=\"item\" data-season=\"all-seasons\"><div class=\"card card-apidae card-agenda\"><div class=\"group-actions\"><ws-wishlist data-type=\"flag\" data-action=\"add\" data-wish-id=\"7346822\" data-wish-type=\"apidae\"><\/ws-wishlist><\/div><div class=\"group-media\"><div class=\"field-image\"><img decoding=\"async\" src=\"https:\/\/images.weserv.nl\/?url=https:\/\/static.apidae-tourisme.com\/filestore\/objets-touristiques\/images\/185\/35\/40838073-diaporama.jpg&#038;w=350&#038;h=350&#038;fit=cover&#038;output=webp&#038;q=45\" alt=\"Saint Roch Musique Sessions \u2013 Jazz &amp; Apero\"\/><\/div><\/div><div class=\"group-top\"><div class=\"field-commune\">Puy-Saint-Vincent<\/div><ws-apidae-from-price data-apidae-id=\"7346822\" ><\/ws-apidae-from-price><div class=\"group-dates\"><div class=\"field-dates\">Du 16 <span class=\"month\">Juli<\/span> au 13 <span class=\"month\">August<\/span><\/div><\/div><\/div><div class=\"group-content\"><div class=\"field-title\">Saint Roch Musique Sessions \u2013 Jazz &amp; Apero<\/div><\/div><div class=\"field-link\" role=\"group\" aria-label=\"Lien vers le contenu\"><a href=\"https:\/\/www.paysdesecrins.com\/de\/fiche\/saint-roch-musique-sessions-jazz-apero-2\/\" class=\"cardlink\" title=\"Lire plus : Saint Roch Musique Sessions \u2013 Jazz &amp; Apero\" lang=\"de_DE\">Saint Roch Musique Sessions \u2013 Jazz &amp; Apero<\/a><\/div><\/div><\/div><div class=\"item\" data-season=\"all-seasons\"><div class=\"card card-apidae card-agenda\"><div class=\"group-actions\"><ws-wishlist data-type=\"flag\" data-action=\"add\" data-wish-id=\"7780516\" data-wish-type=\"apidae\"><\/ws-wishlist><\/div><div class=\"group-media\"><div class=\"field-image\"><img decoding=\"async\" src=\"https:\/\/images.weserv.nl\/?url=https:\/\/static.apidae-tourisme.com\/filestore\/objets-touristiques\/images\/241\/34\/40837873-diaporama.jpg&#038;w=350&#038;h=350&#038;fit=cover&#038;output=webp&#038;q=45\" alt=\"D\u00e9jeuners La Ferme Color\u00e9e \u00e0 l&#8217;H\u00f4tel St Roch\"\/><\/div><\/div><div class=\"group-top\"><div class=\"field-commune\">Puy-Saint-Vincent<\/div><ws-apidae-from-price data-apidae-id=\"7780516\" ><\/ws-apidae-from-price><div class=\"group-dates\"><div class=\"field-dates\">Du 19 <span class=\"month\">Juli<\/span> au 16 <span class=\"month\">August<\/span><\/div><\/div><\/div><div class=\"group-content\"><div class=\"field-title\">D\u00e9jeuners La Ferme Color\u00e9e \u00e0 l&#8217;H\u00f4tel St Roch<\/div><\/div><div class=\"field-link\" role=\"group\" aria-label=\"Lien vers le contenu\"><a href=\"https:\/\/www.paysdesecrins.com\/de\/fiche\/dejeuners-la-ferme-coloree-a-lhotel-st-roch-2\/\" class=\"cardlink\" title=\"Lire plus : D\u00e9jeuners La Ferme Color\u00e9e \u00e0 l&#8217;H\u00f4tel St Roch\" lang=\"de_DE\">D\u00e9jeuners La Ferme Color\u00e9e \u00e0 l&#8217;H\u00f4tel St Roch<\/a><\/div><\/div><\/div><div class=\"item\" data-season=\"all-seasons\"><div class=\"card card-apidae card-agenda\"><div class=\"group-actions\"><ws-wishlist data-type=\"flag\" data-action=\"add\" data-wish-id=\"5808379\" data-wish-type=\"apidae\"><\/ws-wishlist><\/div><div class=\"group-media\"><div class=\"field-image\"><img decoding=\"async\" src=\"https:\/\/images.weserv.nl\/?url=https:\/\/static.apidae-tourisme.com\/filestore\/objets-touristiques\/images\/42\/216\/41015338-diaporama.jpg&#038;w=350&#038;h=350&#038;fit=cover&#038;output=webp&#038;q=45\" alt=\"FESTIVAL DE JAZZ\"\/><\/div><\/div><div class=\"group-top\"><div class=\"field-commune\">Puy-Saint-Vincent<\/div><ws-apidae-from-price data-apidae-id=\"5808379\" ><\/ws-apidae-from-price><div class=\"group-dates\"><div class=\"field-dates\">Du 3 au 7 <span class=\"month\">August<\/span><\/div><\/div><\/div><div class=\"group-content\"><div class=\"field-title\">FESTIVAL DE JAZZ<\/div><\/div><div class=\"field-link\" role=\"group\" aria-label=\"Lien vers le contenu\"><a href=\"https:\/\/www.paysdesecrins.com\/de\/fiche\/festival-de-jazz-2\/\" class=\"cardlink\" title=\"Lire plus : FESTIVAL DE JAZZ\" lang=\"de_DE\">FESTIVAL DE JAZZ<\/a><\/div><\/div><\/div><\/div><\/div><\/div><\/div>\n<div class=\"wp-block-ws-library-ws-share\"><span class=\"share-subtitle\">Hat Ihnen diese Seite gefallen?<\/span><span class=\"share-title\">Teilen Sie es!<\/span><button class=\"ws-share-button wp-element-button\">Diese Seite teilen<\/button><\/div>\n","protected":false},"excerpt":{"rendered":"<p>Puy Saint-Vincent bietet das ganze Jahr \u00fcber ein abwechslungsreiches Programm an Aktivit\u00e4ten, das Ihren W\u00fcnschen nach Entdeckung, Entspannung und Geselligkeit [&hellip;]<\/p>\n","protected":false},"author":4,"featured_media":65701,"parent":0,"menu_order":0,"comment_status":"closed","ping_status":"closed","template":"","meta":{"_thumbnail_id_2":0,"summer_excerpt":"","season":"","station":"","footnotes":""},"class_list":["post-44312","page","type-page","status-publish","has-post-thumbnail","hentry"],"yoast_head":"<!-- This site is optimized with the Yoast SEO plugin v27.3 - https:\/\/yoast.com\/product\/yoast-seo-wordpress\/ -->\n<title>Alle Aktivit\u00e4ten in Puy Saint Vincent - Pays des \u00c9crins - Office de Tourisme<\/title>\n<meta name=\"robots\" content=\"index, follow, max-snippet:-1, max-image-preview:large, max-video-preview:-1\" \/>\n<link rel=\"canonical\" href=\"https:\/\/www.paysdesecrins.com\/de\/alle-aktivitaeten-in-puy-saint-vincent\/\" \/>\n<meta property=\"og:locale\" content=\"de_DE\" \/>\n<meta property=\"og:type\" content=\"article\" \/>\n<meta property=\"og:title\" content=\"Alle Aktivit\u00e4ten in Puy Saint Vincent - Pays des \u00c9crins - Office de Tourisme\" \/>\n<meta property=\"og:description\" content=\"Puy Saint-Vincent bietet das ganze Jahr \u00fcber ein abwechslungsreiches Programm an Aktivit\u00e4ten, das Ihren W\u00fcnschen nach Entdeckung, Entspannung und Geselligkeit [&hellip;]\" \/>\n<meta property=\"og:url\" content=\"https:\/\/www.paysdesecrins.com\/de\/alle-aktivitaeten-in-puy-saint-vincent\/\" \/>\n<meta property=\"og:site_name\" content=\"Pays des \u00c9crins - Office de Tourisme\" \/>\n<meta property=\"article:modified_time\" content=\"2025-08-06T09:05:35+00:00\" \/>\n<meta property=\"og:image\" content=\"https:\/\/www.paysdesecrins.com\/wp-content\/uploads\/2025\/08\/07-13-23-fete-de-psv-8-scaled.jpg\" \/>\n\t<meta property=\"og:image:width\" content=\"2560\" \/>\n\t<meta property=\"og:image:height\" content=\"1707\" \/>\n\t<meta property=\"og:image:type\" content=\"image\/jpeg\" \/>\n<meta name=\"twitter:card\" content=\"summary_large_image\" \/>\n<script type=\"application\/ld+json\" class=\"yoast-schema-graph\">{\"@context\":\"https:\\\/\\\/schema.org\",\"@graph\":[{\"@type\":\"WebPage\",\"@id\":\"https:\\\/\\\/www.paysdesecrins.com\\\/de\\\/alle-aktivitaeten-in-puy-saint-vincent\\\/\",\"url\":\"https:\\\/\\\/www.paysdesecrins.com\\\/de\\\/alle-aktivitaeten-in-puy-saint-vincent\\\/\",\"name\":\"Alle Aktivit\u00e4ten in Puy Saint Vincent - Pays des \u00c9crins - Office de Tourisme\",\"isPartOf\":{\"@id\":\"https:\\\/\\\/www.paysdesecrins.com\\\/de\\\/#website\"},\"primaryImageOfPage\":{\"@id\":\"https:\\\/\\\/www.paysdesecrins.com\\\/de\\\/alle-aktivitaeten-in-puy-saint-vincent\\\/#primaryimage\"},\"image\":{\"@id\":\"https:\\\/\\\/www.paysdesecrins.com\\\/de\\\/alle-aktivitaeten-in-puy-saint-vincent\\\/#primaryimage\"},\"thumbnailUrl\":\"https:\\\/\\\/www.paysdesecrins.com\\\/wp-content\\\/uploads\\\/2025\\\/08\\\/07-13-23-fete-de-psv-8-scaled.jpg\",\"datePublished\":\"2025-07-24T13:15:08+00:00\",\"dateModified\":\"2025-08-06T09:05:35+00:00\",\"breadcrumb\":{\"@id\":\"https:\\\/\\\/www.paysdesecrins.com\\\/de\\\/alle-aktivitaeten-in-puy-saint-vincent\\\/#breadcrumb\"},\"inLanguage\":\"de\",\"potentialAction\":[{\"@type\":\"ReadAction\",\"target\":[\"https:\\\/\\\/www.paysdesecrins.com\\\/de\\\/alle-aktivitaeten-in-puy-saint-vincent\\\/\"]}]},{\"@type\":\"ImageObject\",\"inLanguage\":\"de\",\"@id\":\"https:\\\/\\\/www.paysdesecrins.com\\\/de\\\/alle-aktivitaeten-in-puy-saint-vincent\\\/#primaryimage\",\"url\":\"https:\\\/\\\/www.paysdesecrins.com\\\/wp-content\\\/uploads\\\/2025\\\/08\\\/07-13-23-fete-de-psv-8-scaled.jpg\",\"contentUrl\":\"https:\\\/\\\/www.paysdesecrins.com\\\/wp-content\\\/uploads\\\/2025\\\/08\\\/07-13-23-fete-de-psv-8-scaled.jpg\",\"width\":2560,\"height\":1707},{\"@type\":\"BreadcrumbList\",\"@id\":\"https:\\\/\\\/www.paysdesecrins.com\\\/de\\\/alle-aktivitaeten-in-puy-saint-vincent\\\/#breadcrumb\",\"itemListElement\":[{\"@type\":\"ListItem\",\"position\":1,\"name\":\"Accueil\",\"item\":\"https:\\\/\\\/www.paysdesecrins.com\\\/de\\\/der-titel-des-hauses\\\/\"},{\"@type\":\"ListItem\",\"position\":2,\"name\":\"Alle Aktivit\u00e4ten in Puy Saint Vincent\"}]},{\"@type\":\"WebSite\",\"@id\":\"https:\\\/\\\/www.paysdesecrins.com\\\/de\\\/#website\",\"url\":\"https:\\\/\\\/www.paysdesecrins.com\\\/de\\\/\",\"name\":\"Pays des \u00c9crins - Office de Tourisme\",\"description\":\"L&#039;esprit montagne\",\"publisher\":{\"@id\":\"https:\\\/\\\/www.paysdesecrins.com\\\/de\\\/#organization\"},\"potentialAction\":[{\"@type\":\"SearchAction\",\"target\":{\"@type\":\"EntryPoint\",\"urlTemplate\":\"https:\\\/\\\/www.paysdesecrins.com\\\/de\\\/?s={search_term_string}\"},\"query-input\":{\"@type\":\"PropertyValueSpecification\",\"valueRequired\":true,\"valueName\":\"search_term_string\"}}],\"inLanguage\":\"de\"},{\"@type\":\"Organization\",\"@id\":\"https:\\\/\\\/www.paysdesecrins.com\\\/de\\\/#organization\",\"name\":\"Pays des \u00c9crins - Office de Tourisme\",\"url\":\"https:\\\/\\\/www.paysdesecrins.com\\\/de\\\/\",\"logo\":{\"@type\":\"ImageObject\",\"inLanguage\":\"de\",\"@id\":\"https:\\\/\\\/www.paysdesecrins.com\\\/de\\\/#\\\/schema\\\/logo\\\/image\\\/\",\"url\":\"https:\\\/\\\/www.paysdesecrins.com\\\/wp-content\\\/uploads\\\/2025\\\/06\\\/devina-svg-1750845694.svg\",\"contentUrl\":\"https:\\\/\\\/www.paysdesecrins.com\\\/wp-content\\\/uploads\\\/2025\\\/06\\\/devina-svg-1750845694.svg\",\"caption\":\"Pays des \u00c9crins - Office de Tourisme\"},\"image\":{\"@id\":\"https:\\\/\\\/www.paysdesecrins.com\\\/de\\\/#\\\/schema\\\/logo\\\/image\\\/\"}}]}<\/script>\n<!-- \/ Yoast SEO plugin. -->","yoast_head_json":{"title":"Alle Aktivit\u00e4ten in Puy Saint Vincent - Pays des \u00c9crins - Office de Tourisme","robots":{"index":"index","follow":"follow","max-snippet":"max-snippet:-1","max-image-preview":"max-image-preview:large","max-video-preview":"max-video-preview:-1"},"canonical":"https:\/\/www.paysdesecrins.com\/de\/alle-aktivitaeten-in-puy-saint-vincent\/","og_locale":"de_DE","og_type":"article","og_title":"Alle Aktivit\u00e4ten in Puy Saint Vincent - Pays des \u00c9crins - Office de Tourisme","og_description":"Puy Saint-Vincent bietet das ganze Jahr \u00fcber ein abwechslungsreiches Programm an Aktivit\u00e4ten, das Ihren W\u00fcnschen nach Entdeckung, Entspannung und Geselligkeit [&hellip;]","og_url":"https:\/\/www.paysdesecrins.com\/de\/alle-aktivitaeten-in-puy-saint-vincent\/","og_site_name":"Pays des \u00c9crins - Office de Tourisme","article_modified_time":"2025-08-06T09:05:35+00:00","og_image":[{"width":2560,"height":1707,"url":"https:\/\/www.paysdesecrins.com\/wp-content\/uploads\/2025\/08\/07-13-23-fete-de-psv-8-scaled.jpg","type":"image\/jpeg"}],"twitter_card":"summary_large_image","schema":{"@context":"https:\/\/schema.org","@graph":[{"@type":"WebPage","@id":"https:\/\/www.paysdesecrins.com\/de\/alle-aktivitaeten-in-puy-saint-vincent\/","url":"https:\/\/www.paysdesecrins.com\/de\/alle-aktivitaeten-in-puy-saint-vincent\/","name":"Alle Aktivit\u00e4ten in Puy Saint Vincent - Pays des \u00c9crins - Office de Tourisme","isPartOf":{"@id":"https:\/\/www.paysdesecrins.com\/de\/#website"},"primaryImageOfPage":{"@id":"https:\/\/www.paysdesecrins.com\/de\/alle-aktivitaeten-in-puy-saint-vincent\/#primaryimage"},"image":{"@id":"https:\/\/www.paysdesecrins.com\/de\/alle-aktivitaeten-in-puy-saint-vincent\/#primaryimage"},"thumbnailUrl":"https:\/\/www.paysdesecrins.com\/wp-content\/uploads\/2025\/08\/07-13-23-fete-de-psv-8-scaled.jpg","datePublished":"2025-07-24T13:15:08+00:00","dateModified":"2025-08-06T09:05:35+00:00","breadcrumb":{"@id":"https:\/\/www.paysdesecrins.com\/de\/alle-aktivitaeten-in-puy-saint-vincent\/#breadcrumb"},"inLanguage":"de","potentialAction":[{"@type":"ReadAction","target":["https:\/\/www.paysdesecrins.com\/de\/alle-aktivitaeten-in-puy-saint-vincent\/"]}]},{"@type":"ImageObject","inLanguage":"de","@id":"https:\/\/www.paysdesecrins.com\/de\/alle-aktivitaeten-in-puy-saint-vincent\/#primaryimage","url":"https:\/\/www.paysdesecrins.com\/wp-content\/uploads\/2025\/08\/07-13-23-fete-de-psv-8-scaled.jpg","contentUrl":"https:\/\/www.paysdesecrins.com\/wp-content\/uploads\/2025\/08\/07-13-23-fete-de-psv-8-scaled.jpg","width":2560,"height":1707},{"@type":"BreadcrumbList","@id":"https:\/\/www.paysdesecrins.com\/de\/alle-aktivitaeten-in-puy-saint-vincent\/#breadcrumb","itemListElement":[{"@type":"ListItem","position":1,"name":"Accueil","item":"https:\/\/www.paysdesecrins.com\/de\/der-titel-des-hauses\/"},{"@type":"ListItem","position":2,"name":"Alle Aktivit\u00e4ten in Puy Saint Vincent"}]},{"@type":"WebSite","@id":"https:\/\/www.paysdesecrins.com\/de\/#website","url":"https:\/\/www.paysdesecrins.com\/de\/","name":"Pays des \u00c9crins - Office de Tourisme","description":"L&#039;esprit montagne","publisher":{"@id":"https:\/\/www.paysdesecrins.com\/de\/#organization"},"potentialAction":[{"@type":"SearchAction","target":{"@type":"EntryPoint","urlTemplate":"https:\/\/www.paysdesecrins.com\/de\/?s={search_term_string}"},"query-input":{"@type":"PropertyValueSpecification","valueRequired":true,"valueName":"search_term_string"}}],"inLanguage":"de"},{"@type":"Organization","@id":"https:\/\/www.paysdesecrins.com\/de\/#organization","name":"Pays des \u00c9crins - Office de Tourisme","url":"https:\/\/www.paysdesecrins.com\/de\/","logo":{"@type":"ImageObject","inLanguage":"de","@id":"https:\/\/www.paysdesecrins.com\/de\/#\/schema\/logo\/image\/","url":"https:\/\/www.paysdesecrins.com\/wp-content\/uploads\/2025\/06\/devina-svg-1750845694.svg","contentUrl":"https:\/\/www.paysdesecrins.com\/wp-content\/uploads\/2025\/06\/devina-svg-1750845694.svg","caption":"Pays des \u00c9crins - Office de Tourisme"},"image":{"@id":"https:\/\/www.paysdesecrins.com\/de\/#\/schema\/logo\/image\/"}}]}},"_links":{"self":[{"href":"https:\/\/www.paysdesecrins.com\/de\/wp-json\/wp\/v2\/pages\/44312","targetHints":{"allow":["GET"]}}],"collection":[{"href":"https:\/\/www.paysdesecrins.com\/de\/wp-json\/wp\/v2\/pages"}],"about":[{"href":"https:\/\/www.paysdesecrins.com\/de\/wp-json\/wp\/v2\/types\/page"}],"author":[{"embeddable":true,"href":"https:\/\/www.paysdesecrins.com\/de\/wp-json\/wp\/v2\/users\/4"}],"replies":[{"embeddable":true,"href":"https:\/\/www.paysdesecrins.com\/de\/wp-json\/wp\/v2\/comments?post=44312"}],"version-history":[{"count":0,"href":"https:\/\/www.paysdesecrins.com\/de\/wp-json\/wp\/v2\/pages\/44312\/revisions"}],"wp:featuredmedia":[{"embeddable":true,"href":"https:\/\/www.paysdesecrins.com\/de\/wp-json\/wp\/v2\/media\/65701"}],"wp:attachment":[{"href":"https:\/\/www.paysdesecrins.com\/de\/wp-json\/wp\/v2\/media?parent=44312"}],"curies":[{"name":"wp","href":"https:\/\/api.w.org\/{rel}","templated":true}]}}