{"id":44323,"date":"2025-07-25T10:41:33","date_gmt":"2025-07-25T08:41:33","guid":{"rendered":"https:\/\/www.paysdesecrins.com\/zwei-tage-abenteuer-im-pays-des-ecrins\/"},"modified":"2025-08-01T10:37:36","modified_gmt":"2025-08-01T08:37:36","slug":"zwei-tage-abenteuer-im-pays-des-ecrins","status":"publish","type":"page","link":"https:\/\/www.paysdesecrins.com\/de\/mein-wunsch\/berg\/zwei-tage-abenteuer-im-pays-des-ecrins\/","title":{"rendered":"Zwei Tage Abenteuer im Pays des \u00c9crins"},"content":{"rendered":"    <div class=\"alignfull wp-block-ws-library-ws-header-interne\">\n\t    <div class=\"header-container\">\n\t        <div class=\"group-media has-image\">\n\t            \t                <img loading=\"lazy\" decoding=\"async\" width=\"1617\" height=\"481\" src=\"https:\/\/www.paysdesecrins.com\/wp-content\/uploads\/2025\/07\/capture-decran-2025-07-25-a-104653.png\" alt=\"\" class=\"image_large_square wp-image-41854\" srcset=\"https:\/\/www.paysdesecrins.com\/wp-content\/uploads\/2025\/07\/capture-decran-2025-07-25-a-104653.png 1617w, https:\/\/www.paysdesecrins.com\/wp-content\/uploads\/2025\/07\/capture-decran-2025-07-25-a-104653-300x89.png 300w, https:\/\/www.paysdesecrins.com\/wp-content\/uploads\/2025\/07\/capture-decran-2025-07-25-a-104653-1024x305.png 1024w, https:\/\/www.paysdesecrins.com\/wp-content\/uploads\/2025\/07\/capture-decran-2025-07-25-a-104653-768x228.png 768w, https:\/\/www.paysdesecrins.com\/wp-content\/uploads\/2025\/07\/capture-decran-2025-07-25-a-104653-1536x457.png 1536w, https:\/\/www.paysdesecrins.com\/wp-content\/uploads\/2025\/07\/capture-decran-2025-07-25-a-104653-960x286.png 960w\" sizes=\"auto, (max-width: 1617px) 100vw, 1617px\" \/>\n\t            \t        <\/div>\n\t        <div class=\"group-content\">\n\t            <div class=\"title\">\n\t                <h1>\n\t                    Zwei Tage Abenteuer im Pays des \u00c9crins\t                    \t                <\/h1>\n\t            <\/div>\n\t        <\/div>\n\t    <\/div>\n\t    \n<div class=\"yoast-breadcrumbs\"><span><span><a href=\"https:\/\/www.paysdesecrins.com\/de\/der-titel-des-hauses\/\">Accueil<\/a><\/span>  <span><a href=\"https:\/\/www.paysdesecrins.com\/de\/mein-wunsch\/\">Mein Wunsch,<\/a><\/span>  <span><a href=\"https:\/\/www.paysdesecrins.com\/de\/mein-wunsch\/berg\/\">Meine Sehnsucht nach den Bergen<\/a><\/span>  <span class=\"breadcrumb_last\" aria-current=\"page\">Zwei Tage Abenteuer im Pays des \u00c9crins<\/span><\/span><\/div>\n    <\/div>\n    \n<div class=\"wp-block-ws-library-ws-title aligncenter is-style-simple\"><h2><em>Mikro-Abenteuer<\/em>Der Charme des authentischen Dorfes Ailefroide<\/h2><\/div>\n\n<p class=\"has-text-align-left\">Deshalb verlassen wir mit Freunden den st\u00e4dtischen Trubel von Marseille, um ein Mikroabenteuer im <strong>Pays des \u00c9crins<\/strong> zu erleben. Von letzterem kennen wir nur seinen h\u00f6chsten Punkt auf 4102 m, die <strong>Barre des \u00c9crins<\/strong>. <br\/><\/p>\n\n<div class=\"wp-block-ws-library-ws-video\"><div class=\"wrapper\"><div class=\"group-media\">\n<figure class=\"wp-block-embed is-type-video is-provider-youtube wp-block-embed-youtube\"><div class=\"wp-block-embed__wrapper\">\n<iframe loading=\"lazy\" title=\"Le Pays des \u00c9crins : ta prochaine destination outdoor entre potes cet \u00e9t\u00e9 !\" width=\"500\" height=\"281\" src=\"https:\/\/www.youtube.com\/embed\/TZkVbCCc2X0?feature=oembed\" frameborder=\"0\" allow=\"accelerometer; autoplay; clipboard-write; encrypted-media; gyroscope; picture-in-picture; web-share\" referrerpolicy=\"strict-origin-when-cross-origin\" allowfullscreen><\/iframe>\n<\/div><\/figure>\n<\/div><\/div><\/div>\n\n<div class=\"wp-block-ws-library-ws-columns alignwide has-2-columns are-vertically-aligned-center layout-5050 is-style-background\">\n<div class=\"wp-block-ws-library-ws-column\"><div class=\"wrapper\">\n<div class=\"wp-block-ws-library-ws-title\"><h3>Hektischer Start zum Klettersteig Ailefroide<\/h3><\/div>\n\n\n\n<p class=\"has-text-align-left\">Wir beginnen das Mikro-Abenteuer mit einer Durchquerung der Ailefroide-Schlucht in einem Klettersteig. Der Anfang ist zwischen den B\u00e4umen einer absch\u00fcssigen Schotterstra\u00dfe mit Blick auf den Gyr und schnell wirft uns die Route auf eine Felswand \u00fcber dem Fluss.   <\/p>\n\n\n\n<p class=\"has-text-align-left\">Ein paar Gehwege und Trib\u00fcnen sp\u00e4ter verwandelt sich die Umgebung; Ein moosbedeckter Canyon, 3 Personen breit und in den das Licht nur schwer eindringen kann, dr\u00e4ngt sich auf. Wir \u00fcberqueren sie nur wenige Meter \u00fcber dem Wasser. Ein Hang folgt einer Seilbr\u00fccke und ein paar Dutzend Stangen weiter verlassen wir den Canyon.    <\/p>\n\n\n\n<p class=\"has-text-align-left\">Dann geht es zum Mittagessen an die Ufer des Baches Celse Ni\u00e8re, der sich auf dem Campingplatz Ailefroide befindet, wo eine friedliche Atmosph\u00e4re herrscht.<\/p>\n<\/div><\/div>\n\n\n\n<div class=\"wp-block-ws-library-ws-column\"><div class=\"wrapper\">\n<div class=\"wp-block-ws-library-ws-image\"><div class=\"wrapper\"><div class=\"group-media\"><img decoding=\"async\" src=\"https:\/\/www.paysdesecrins.com\/wp-content\/uploads\/2025\/07\/8escalade-alpinisme-viaferrata-via-ferrata-21-854x640.png\" alt=\"\" class=\"single_image ws-image-20412\"><div class=\"credits\"><\/div><\/div><p class=\"caption\"><\/p><\/div><\/div>\n<\/div><\/div>\n<\/div>\n\n<div class=\"wp-block-ws-library-ws-title aligncenter\"><h3>Ein besinnlicher Abend in der Bansh\u00fctte<\/h3><\/div>\n\n<p class=\"has-text-align-left\">Von nun an erwartet uns das Tal der Entraigues. Zum Abendessen geht es in die Bans-H\u00fctte, die sich unter dem gleichnamigen Gipfel auf 3.669 Metern \u00fcber dem Meeresspiegel befindet. An diesem Montagabend im Juni ist kaum jemand in der Talsohle, so dass das Gef\u00fchl der Abgeschiedenheit und Einsamkeit, das im Vallouise-Tal bereits vorhanden ist, hier noch st\u00e4rker zu sp\u00fcren ist.    <br\/><br\/>Wir steigen bis zum Rand des Wildbaches Bans und stellen fest, dass der Regen der letzten Wochen die Vegetation in ein leuchtendes Gr\u00fcn getaucht hat. In der Ferne sehen wir die H\u00fctte, die diskret am Berghang installiert ist. Wir sehen auch zwei Firnen, die wir bald \u00fcberqueren. Nach dieser letzten Etappe erreichen wir die Bans-H\u00fctte.     <br\/><br\/>Das Panorama ist au\u00dfergew\u00f6hnlich. Auf der einen Seite das Entraigues-Tal mit Blick auf den Firn, die \u00fcppige Vegetation und den blauen Himmel am Ende des Tages. Am Horizont ragen die Gipfel, die an das Tal der Haute Durance grenzen, mit dem Kopf in den Wolken. Auf der anderen Seite ist die mineralische Krone, die sich aus dem Pic de Bonvoisin, dem Pic Jocelme und dem Sommet des Bans zusammensetzt, sehr imposant, schafft aber eine beruhigende Atmosph\u00e4re.   <br\/><br\/>Heute Abend werden nur etwa f\u00fcnfzehn Wanderer und Bergsteiger in der H\u00fctte zu Abend essen, und unsere vierk\u00f6pfige Gruppe wird die einzige sein, die nach dem Essen aufbricht. Wenn die Sommersonnenwende n\u00e4her r\u00fcckt, wird uns das Licht erlauben, um 21 Uhr ohne Stirnlampen unterzugehen.   <br\/><\/p>\n\n<div class=\"wp-block-ws-library-ws-slider alignwide\"><div class=\"splide\" data-splide=\"{\"type\":\"slide\",\"heightRatio\":\"auto\",\"perPage\":4,\"perMove\":1,\"drag\":true,\"pagination\":0,\"autoplay\":false,\"gap\":\"2px\",\"breakpoints\":{\"450\":{\"perPage\":1},\"768\":{\"perPage\":2},\"992\":{\"perPage\":3},\"1200\":{\"perPage\":4}}}\"><div class=\"splide__track\"><div class=\"splide__list\"><div class=\"splide__slide\"><a href=\"https:\/\/www.paysdesecrins.com\/wp-content\/uploads\/2025\/07\/13parcnational-rogiervanrijn-refugedesbansdsc00778-scaled.jpg\" data-glightbox=\"true\" class=\"lightbox-trigger\"><img decoding=\"async\" src=\"https:\/\/www.paysdesecrins.com\/wp-content\/uploads\/2025\/07\/13parcnational-rogiervanrijn-refugedesbansdsc00778-400x400.jpg\" alt=\"\"><\/a><\/div><div class=\"splide__slide\"><a href=\"https:\/\/www.paysdesecrins.com\/wp-content\/uploads\/2025\/07\/11microaventureclaire-refuge-des-bansjpgthibautblais-scaled.jpg\" data-glightbox=\"true\" class=\"lightbox-trigger\"><img decoding=\"async\" src=\"https:\/\/www.paysdesecrins.com\/wp-content\/uploads\/2025\/07\/11microaventureclaire-refuge-des-bansjpgthibautblais-400x400.jpg\" alt=\"\"><\/a><\/div><div class=\"splide__slide\"><a href=\"https:\/\/www.paysdesecrins.com\/wp-content\/uploads\/2025\/07\/16sitesdexception-entre-les-aygues-refugebans-36-1-scaled.jpg\" data-glightbox=\"true\" class=\"lightbox-trigger\"><img decoding=\"async\" src=\"https:\/\/www.paysdesecrins.com\/wp-content\/uploads\/2025\/07\/16sitesdexception-entre-les-aygues-refugebans-36-1-400x400.jpg\" alt=\"\"><\/a><\/div><\/div><\/div><\/div><\/div>\n\n<div class=\"wp-block-ws-library-ws-title aligncenter\"><h3>Ein Aufstieg im Freissini\u00e8res-Tal<\/h3><\/div>\n\n<p>Am n\u00e4chsten Tag machten wir uns mit dem Elektrofahrrad von Argenti\u00e8re-la-Bess\u00e9e aus wieder auf den Weg, in Richtung des Talbodens von Freissini\u00e8res, am Fu\u00dfe der Dormillouse. Es war das erste Mal, dass wir ein elektrisch unterst\u00fctztes Mountainbike benutzten, und wir stellten fest, dass die 6 Kilometer und 250 H\u00f6henmeter leicht zu bew\u00e4ltigen waren, um die Ebene von Freissini\u00e8res zu erreichen.   <br\/><br\/>Zu unserer Linken genie\u00dfen wir den Blick auf das Durance-Tal, die Gourfouran-Schlucht und die umliegenden Gipfel. Im Schatten der Tannen des Bois de Monsieur am rechten Ufer der Biaysse \u2013 diesem Fluss, der das Tal pr\u00e4gt, bevor er in die Durance m\u00fcndet \u2013 geht es die Ebene hinauf, um dann eine Mittagspause mit anschlie\u00dfendem wohlverdienten Nickerchen einzulegen. <br\/><br\/>Wir setzen unseren Weg fort in die Talsohle des Freissini\u00e8res-Tals, eingerahmt von Wasserf\u00e4llen, die die umliegenden Gipfel hinunterst\u00fcrzen. Hier h\u00f6rt die Stra\u00dfe auf und weicht den Wegen, die nach Dormillouse f\u00fchren, dem einzigen bewohnten Weiler im Herzen des Nationalparks \u00c9crins, auf einer H\u00f6he von 1700 Metern, wo das ganze Jahr \u00fcber weniger als 5 Personen leben. <br\/><\/p>\n\n<div class=\"wp-block-ws-library-ws-slider alignwide\"><div class=\"splide\" data-splide=\"{\"type\":\"slide\",\"heightRatio\":\"auto\",\"perPage\":4,\"perMove\":1,\"drag\":true,\"pagination\":0,\"autoplay\":false,\"gap\":\"2px\",\"breakpoints\":{\"450\":{\"perPage\":1},\"768\":{\"perPage\":2},\"992\":{\"perPage\":3},\"1200\":{\"perPage\":4}}}\"><div class=\"splide__track\"><div class=\"splide__list\"><div class=\"splide__slide\"><a href=\"https:\/\/www.paysdesecrins.com\/wp-content\/uploads\/2025\/07\/vallon-de-chichin-13-scaled.jpg\" data-glightbox=\"true\" class=\"lightbox-trigger\"><img decoding=\"async\" src=\"https:\/\/www.paysdesecrins.com\/wp-content\/uploads\/2025\/07\/vallon-de-chichin-13-400x400.jpg\" alt=\"\"><\/a><\/div><div class=\"splide__slide\"><a href=\"https:\/\/www.paysdesecrins.com\/wp-content\/uploads\/2025\/07\/8escalade-alpinisme-viaferrata-dsc00905-2-1-scaled.jpg\" data-glightbox=\"true\" class=\"lightbox-trigger\"><img decoding=\"async\" src=\"https:\/\/www.paysdesecrins.com\/wp-content\/uploads\/2025\/07\/8escalade-alpinisme-viaferrata-dsc00905-2-1-400x400.jpg\" alt=\"\"><\/a><\/div><div class=\"splide__slide\"><a href=\"https:\/\/www.paysdesecrins.com\/wp-content\/uploads\/2025\/07\/19villages-freissinieres-via-ferrata-fressinie-res-2-scaled.jpg\" data-glightbox=\"true\" class=\"lightbox-trigger\"><img decoding=\"async\" src=\"https:\/\/www.paysdesecrins.com\/wp-content\/uploads\/2025\/07\/19villages-freissinieres-via-ferrata-fressinie-res-2-400x400.jpg\" alt=\"\"><\/a><\/div><\/div><\/div><\/div><\/div>\n\n<div class=\"wp-block-ws-library-ws-title aligncenter\"><h3>Ein Aufstieg im Freissini\u00e8res-Tal<\/h3><\/div>\n\n<p>Auf dem R\u00fcckweg, nach einer Abfahrt mit dem Fahrrad auf den schroffen Pfaden des Bois de Monsieur, halten wir im Weiler Pallon, um die Elixiere d&#8217;Isabelle zu probieren. Ein Besuch der auf Balkonen organisierten G\u00e4rten, in denen Dutzende von aromatischen Pflanzen, Blumen und B\u00e4umen wachsen, l\u00e4dt Sie ein, sie zu entdecken und zu lernen, sie zu erkennen: Genepi, L\u00e4rche, Ysop, Zitronenverbene und viele andere. <\/p>\n\n<p>Die Atmosph\u00e4re am Ende des Tages ist besonders angenehm, das Licht erw\u00e4rmt sich und die G\u00e4rten strahlen eine fantastische Gelassenheit aus. Wir begeben uns zur Verkostung, die von Isabelles leidenschaftlichen Erkl\u00e4rungen unterbrochen wird, bevor wir nach Argenti\u00e8re-la-Bess\u00e9e aufbrechen, um dieses einzigartige Mikroabenteuer im Pays des \u00c9crins zu beenden. <br\/><\/p>\n\n<div class=\"wp-block-ws-library-ws-slider alignwide\"><div class=\"splide\" data-splide=\"{\"type\":\"slide\",\"heightRatio\":\"auto\",\"perPage\":4,\"perMove\":1,\"drag\":true,\"pagination\":0,\"autoplay\":false,\"gap\":\"2px\",\"breakpoints\":{\"450\":{\"perPage\":1},\"768\":{\"perPage\":2},\"992\":{\"perPage\":3},\"1200\":{\"perPage\":4}}}\"><div class=\"splide__track\"><div class=\"splide__list\"><div class=\"splide__slide\"><a href=\"https:\/\/www.paysdesecrins.com\/wp-content\/uploads\/2025\/07\/11microaventureclairedsc09505-scaled.jpg\" data-glightbox=\"true\" class=\"lightbox-trigger\"><img decoding=\"async\" src=\"https:\/\/www.paysdesecrins.com\/wp-content\/uploads\/2025\/07\/11microaventureclairedsc09505-400x400.jpg\" alt=\"\"><\/a><\/div><div class=\"splide__slide\"><a href=\"https:\/\/www.paysdesecrins.com\/wp-content\/uploads\/2025\/07\/11microaventureclaireimg-1121-scaled.jpg\" data-glightbox=\"true\" class=\"lightbox-trigger\"><img decoding=\"async\" src=\"https:\/\/www.paysdesecrins.com\/wp-content\/uploads\/2025\/07\/11microaventureclaireimg-1121-400x400.jpg\" alt=\"\"><\/a><\/div><div class=\"splide__slide\"><a href=\"https:\/\/www.paysdesecrins.com\/wp-content\/uploads\/2025\/07\/11microaventureclairedsc09512-2-1-400x400.jpg\" data-glightbox=\"true\" class=\"lightbox-trigger\"><img decoding=\"async\" src=\"https:\/\/www.paysdesecrins.com\/wp-content\/uploads\/2025\/07\/11microaventureclairedsc09512-2-1-400x400.jpg\" alt=\"\"><\/a><\/div><\/div><\/div><\/div><\/div>\n\n<div class=\"wp-block-ws-library-ws-share\"><span class=\"share-subtitle\">Hat Ihnen diese Seite gefallen?<\/span><span class=\"share-title\">Teilen Sie es!<\/span><button class=\"ws-share-button wp-element-button\">Diese Seite teilen<\/button><\/div>\n","protected":false},"excerpt":{"rendered":"<p>Deshalb verlassen wir mit Freunden den st\u00e4dtischen Trubel von Marseille, um ein Mikroabenteuer im Pays des \u00c9crins zu erleben. Von [&hellip;]<\/p>\n","protected":false},"author":9,"featured_media":41857,"parent":44578,"menu_order":0,"comment_status":"closed","ping_status":"closed","template":"","meta":{"_thumbnail_id_2":0,"summer_excerpt":"","season":"","station":"","footnotes":""},"class_list":["post-44323","page","type-page","status-publish","has-post-thumbnail","hentry"],"yoast_head":"<!-- This site is optimized with the Yoast SEO plugin v27.3 - https:\/\/yoast.com\/product\/yoast-seo-wordpress\/ -->\n<title>Zwei Tage Abenteuer im Pays des \u00c9crins - Pays des \u00c9crins - Office de Tourisme<\/title>\n<meta name=\"robots\" content=\"index, follow, max-snippet:-1, max-image-preview:large, max-video-preview:-1\" \/>\n<link rel=\"canonical\" href=\"https:\/\/www.paysdesecrins.com\/de\/mein-wunsch\/berg\/zwei-tage-abenteuer-im-pays-des-ecrins\/\" \/>\n<meta property=\"og:locale\" content=\"de_DE\" \/>\n<meta property=\"og:type\" content=\"article\" \/>\n<meta property=\"og:title\" content=\"Zwei Tage Abenteuer im Pays des \u00c9crins - Pays des \u00c9crins - Office de Tourisme\" \/>\n<meta property=\"og:description\" content=\"Deshalb verlassen wir mit Freunden den st\u00e4dtischen Trubel von Marseille, um ein Mikroabenteuer im Pays des \u00c9crins zu erleben. Von [&hellip;]\" \/>\n<meta property=\"og:url\" content=\"https:\/\/www.paysdesecrins.com\/de\/mein-wunsch\/berg\/zwei-tage-abenteuer-im-pays-des-ecrins\/\" \/>\n<meta property=\"og:site_name\" content=\"Pays des \u00c9crins - Office de Tourisme\" \/>\n<meta property=\"article:modified_time\" content=\"2025-08-01T08:37:36+00:00\" \/>\n<meta property=\"og:image\" content=\"https:\/\/www.paysdesecrins.com\/wp-content\/uploads\/2025\/07\/capture-decran-2025-07-25-a-104653.png\" \/>\n\t<meta property=\"og:image:width\" content=\"1617\" \/>\n\t<meta property=\"og:image:height\" content=\"481\" \/>\n\t<meta property=\"og:image:type\" content=\"image\/png\" \/>\n<meta name=\"twitter:card\" content=\"summary_large_image\" \/>\n<meta name=\"twitter:label1\" content=\"Gesch\u00e4tzte Lesezeit\" \/>\n\t<meta name=\"twitter:data1\" content=\"4 Minuten\" \/>\n<script type=\"application\/ld+json\" class=\"yoast-schema-graph\">{\"@context\":\"https:\\\/\\\/schema.org\",\"@graph\":[{\"@type\":\"WebPage\",\"@id\":\"https:\\\/\\\/www.paysdesecrins.com\\\/de\\\/mein-wunsch\\\/berg\\\/zwei-tage-abenteuer-im-pays-des-ecrins\\\/\",\"url\":\"https:\\\/\\\/www.paysdesecrins.com\\\/de\\\/mein-wunsch\\\/berg\\\/zwei-tage-abenteuer-im-pays-des-ecrins\\\/\",\"name\":\"Zwei Tage Abenteuer im Pays des \u00c9crins - Pays des \u00c9crins - Office de Tourisme\",\"isPartOf\":{\"@id\":\"https:\\\/\\\/www.paysdesecrins.com\\\/de\\\/#website\"},\"primaryImageOfPage\":{\"@id\":\"https:\\\/\\\/www.paysdesecrins.com\\\/de\\\/mein-wunsch\\\/berg\\\/zwei-tage-abenteuer-im-pays-des-ecrins\\\/#primaryimage\"},\"image\":{\"@id\":\"https:\\\/\\\/www.paysdesecrins.com\\\/de\\\/mein-wunsch\\\/berg\\\/zwei-tage-abenteuer-im-pays-des-ecrins\\\/#primaryimage\"},\"thumbnailUrl\":\"https:\\\/\\\/www.paysdesecrins.com\\\/wp-content\\\/uploads\\\/2025\\\/07\\\/capture-decran-2025-07-25-a-104653.png\",\"datePublished\":\"2025-07-25T08:41:33+00:00\",\"dateModified\":\"2025-08-01T08:37:36+00:00\",\"breadcrumb\":{\"@id\":\"https:\\\/\\\/www.paysdesecrins.com\\\/de\\\/mein-wunsch\\\/berg\\\/zwei-tage-abenteuer-im-pays-des-ecrins\\\/#breadcrumb\"},\"inLanguage\":\"de\",\"potentialAction\":[{\"@type\":\"ReadAction\",\"target\":[\"https:\\\/\\\/www.paysdesecrins.com\\\/de\\\/mein-wunsch\\\/berg\\\/zwei-tage-abenteuer-im-pays-des-ecrins\\\/\"]}]},{\"@type\":\"ImageObject\",\"inLanguage\":\"de\",\"@id\":\"https:\\\/\\\/www.paysdesecrins.com\\\/de\\\/mein-wunsch\\\/berg\\\/zwei-tage-abenteuer-im-pays-des-ecrins\\\/#primaryimage\",\"url\":\"https:\\\/\\\/www.paysdesecrins.com\\\/wp-content\\\/uploads\\\/2025\\\/07\\\/capture-decran-2025-07-25-a-104653.png\",\"contentUrl\":\"https:\\\/\\\/www.paysdesecrins.com\\\/wp-content\\\/uploads\\\/2025\\\/07\\\/capture-decran-2025-07-25-a-104653.png\",\"width\":1617,\"height\":481},{\"@type\":\"BreadcrumbList\",\"@id\":\"https:\\\/\\\/www.paysdesecrins.com\\\/de\\\/mein-wunsch\\\/berg\\\/zwei-tage-abenteuer-im-pays-des-ecrins\\\/#breadcrumb\",\"itemListElement\":[{\"@type\":\"ListItem\",\"position\":1,\"name\":\"Accueil\",\"item\":\"https:\\\/\\\/www.paysdesecrins.com\\\/de\\\/der-titel-des-hauses\\\/\"},{\"@type\":\"ListItem\",\"position\":2,\"name\":\"Mein Wunsch,\",\"item\":\"https:\\\/\\\/www.paysdesecrins.com\\\/de\\\/mein-wunsch\\\/\"},{\"@type\":\"ListItem\",\"position\":3,\"name\":\"Meine Sehnsucht nach den Bergen\",\"item\":\"https:\\\/\\\/www.paysdesecrins.com\\\/de\\\/mein-wunsch\\\/berg\\\/\"},{\"@type\":\"ListItem\",\"position\":4,\"name\":\"Zwei Tage Abenteuer im Pays des \u00c9crins\"}]},{\"@type\":\"WebSite\",\"@id\":\"https:\\\/\\\/www.paysdesecrins.com\\\/de\\\/#website\",\"url\":\"https:\\\/\\\/www.paysdesecrins.com\\\/de\\\/\",\"name\":\"Pays des \u00c9crins - Office de Tourisme\",\"description\":\"L&#039;esprit montagne\",\"publisher\":{\"@id\":\"https:\\\/\\\/www.paysdesecrins.com\\\/de\\\/#organization\"},\"potentialAction\":[{\"@type\":\"SearchAction\",\"target\":{\"@type\":\"EntryPoint\",\"urlTemplate\":\"https:\\\/\\\/www.paysdesecrins.com\\\/de\\\/?s={search_term_string}\"},\"query-input\":{\"@type\":\"PropertyValueSpecification\",\"valueRequired\":true,\"valueName\":\"search_term_string\"}}],\"inLanguage\":\"de\"},{\"@type\":\"Organization\",\"@id\":\"https:\\\/\\\/www.paysdesecrins.com\\\/de\\\/#organization\",\"name\":\"Pays des \u00c9crins - Office de Tourisme\",\"url\":\"https:\\\/\\\/www.paysdesecrins.com\\\/de\\\/\",\"logo\":{\"@type\":\"ImageObject\",\"inLanguage\":\"de\",\"@id\":\"https:\\\/\\\/www.paysdesecrins.com\\\/de\\\/#\\\/schema\\\/logo\\\/image\\\/\",\"url\":\"https:\\\/\\\/www.paysdesecrins.com\\\/wp-content\\\/uploads\\\/2025\\\/06\\\/devina-svg-1750845694.svg\",\"contentUrl\":\"https:\\\/\\\/www.paysdesecrins.com\\\/wp-content\\\/uploads\\\/2025\\\/06\\\/devina-svg-1750845694.svg\",\"caption\":\"Pays des \u00c9crins - Office de Tourisme\"},\"image\":{\"@id\":\"https:\\\/\\\/www.paysdesecrins.com\\\/de\\\/#\\\/schema\\\/logo\\\/image\\\/\"}}]}<\/script>\n<!-- \/ Yoast SEO plugin. -->","yoast_head_json":{"title":"Zwei Tage Abenteuer im Pays des \u00c9crins - Pays des \u00c9crins - Office de Tourisme","robots":{"index":"index","follow":"follow","max-snippet":"max-snippet:-1","max-image-preview":"max-image-preview:large","max-video-preview":"max-video-preview:-1"},"canonical":"https:\/\/www.paysdesecrins.com\/de\/mein-wunsch\/berg\/zwei-tage-abenteuer-im-pays-des-ecrins\/","og_locale":"de_DE","og_type":"article","og_title":"Zwei Tage Abenteuer im Pays des \u00c9crins - Pays des \u00c9crins - Office de Tourisme","og_description":"Deshalb verlassen wir mit Freunden den st\u00e4dtischen Trubel von Marseille, um ein Mikroabenteuer im Pays des \u00c9crins zu erleben. Von [&hellip;]","og_url":"https:\/\/www.paysdesecrins.com\/de\/mein-wunsch\/berg\/zwei-tage-abenteuer-im-pays-des-ecrins\/","og_site_name":"Pays des \u00c9crins - Office de Tourisme","article_modified_time":"2025-08-01T08:37:36+00:00","og_image":[{"width":1617,"height":481,"url":"https:\/\/www.paysdesecrins.com\/wp-content\/uploads\/2025\/07\/capture-decran-2025-07-25-a-104653.png","type":"image\/png"}],"twitter_card":"summary_large_image","twitter_misc":{"Gesch\u00e4tzte Lesezeit":"4 Minuten"},"schema":{"@context":"https:\/\/schema.org","@graph":[{"@type":"WebPage","@id":"https:\/\/www.paysdesecrins.com\/de\/mein-wunsch\/berg\/zwei-tage-abenteuer-im-pays-des-ecrins\/","url":"https:\/\/www.paysdesecrins.com\/de\/mein-wunsch\/berg\/zwei-tage-abenteuer-im-pays-des-ecrins\/","name":"Zwei Tage Abenteuer im Pays des \u00c9crins - Pays des \u00c9crins - Office de Tourisme","isPartOf":{"@id":"https:\/\/www.paysdesecrins.com\/de\/#website"},"primaryImageOfPage":{"@id":"https:\/\/www.paysdesecrins.com\/de\/mein-wunsch\/berg\/zwei-tage-abenteuer-im-pays-des-ecrins\/#primaryimage"},"image":{"@id":"https:\/\/www.paysdesecrins.com\/de\/mein-wunsch\/berg\/zwei-tage-abenteuer-im-pays-des-ecrins\/#primaryimage"},"thumbnailUrl":"https:\/\/www.paysdesecrins.com\/wp-content\/uploads\/2025\/07\/capture-decran-2025-07-25-a-104653.png","datePublished":"2025-07-25T08:41:33+00:00","dateModified":"2025-08-01T08:37:36+00:00","breadcrumb":{"@id":"https:\/\/www.paysdesecrins.com\/de\/mein-wunsch\/berg\/zwei-tage-abenteuer-im-pays-des-ecrins\/#breadcrumb"},"inLanguage":"de","potentialAction":[{"@type":"ReadAction","target":["https:\/\/www.paysdesecrins.com\/de\/mein-wunsch\/berg\/zwei-tage-abenteuer-im-pays-des-ecrins\/"]}]},{"@type":"ImageObject","inLanguage":"de","@id":"https:\/\/www.paysdesecrins.com\/de\/mein-wunsch\/berg\/zwei-tage-abenteuer-im-pays-des-ecrins\/#primaryimage","url":"https:\/\/www.paysdesecrins.com\/wp-content\/uploads\/2025\/07\/capture-decran-2025-07-25-a-104653.png","contentUrl":"https:\/\/www.paysdesecrins.com\/wp-content\/uploads\/2025\/07\/capture-decran-2025-07-25-a-104653.png","width":1617,"height":481},{"@type":"BreadcrumbList","@id":"https:\/\/www.paysdesecrins.com\/de\/mein-wunsch\/berg\/zwei-tage-abenteuer-im-pays-des-ecrins\/#breadcrumb","itemListElement":[{"@type":"ListItem","position":1,"name":"Accueil","item":"https:\/\/www.paysdesecrins.com\/de\/der-titel-des-hauses\/"},{"@type":"ListItem","position":2,"name":"Mein Wunsch,","item":"https:\/\/www.paysdesecrins.com\/de\/mein-wunsch\/"},{"@type":"ListItem","position":3,"name":"Meine Sehnsucht nach den Bergen","item":"https:\/\/www.paysdesecrins.com\/de\/mein-wunsch\/berg\/"},{"@type":"ListItem","position":4,"name":"Zwei Tage Abenteuer im Pays des \u00c9crins"}]},{"@type":"WebSite","@id":"https:\/\/www.paysdesecrins.com\/de\/#website","url":"https:\/\/www.paysdesecrins.com\/de\/","name":"Pays des \u00c9crins - Office de Tourisme","description":"L&#039;esprit montagne","publisher":{"@id":"https:\/\/www.paysdesecrins.com\/de\/#organization"},"potentialAction":[{"@type":"SearchAction","target":{"@type":"EntryPoint","urlTemplate":"https:\/\/www.paysdesecrins.com\/de\/?s={search_term_string}"},"query-input":{"@type":"PropertyValueSpecification","valueRequired":true,"valueName":"search_term_string"}}],"inLanguage":"de"},{"@type":"Organization","@id":"https:\/\/www.paysdesecrins.com\/de\/#organization","name":"Pays des \u00c9crins - Office de Tourisme","url":"https:\/\/www.paysdesecrins.com\/de\/","logo":{"@type":"ImageObject","inLanguage":"de","@id":"https:\/\/www.paysdesecrins.com\/de\/#\/schema\/logo\/image\/","url":"https:\/\/www.paysdesecrins.com\/wp-content\/uploads\/2025\/06\/devina-svg-1750845694.svg","contentUrl":"https:\/\/www.paysdesecrins.com\/wp-content\/uploads\/2025\/06\/devina-svg-1750845694.svg","caption":"Pays des \u00c9crins - Office de Tourisme"},"image":{"@id":"https:\/\/www.paysdesecrins.com\/de\/#\/schema\/logo\/image\/"}}]}},"_links":{"self":[{"href":"https:\/\/www.paysdesecrins.com\/de\/wp-json\/wp\/v2\/pages\/44323","targetHints":{"allow":["GET"]}}],"collection":[{"href":"https:\/\/www.paysdesecrins.com\/de\/wp-json\/wp\/v2\/pages"}],"about":[{"href":"https:\/\/www.paysdesecrins.com\/de\/wp-json\/wp\/v2\/types\/page"}],"author":[{"embeddable":true,"href":"https:\/\/www.paysdesecrins.com\/de\/wp-json\/wp\/v2\/users\/9"}],"replies":[{"embeddable":true,"href":"https:\/\/www.paysdesecrins.com\/de\/wp-json\/wp\/v2\/comments?post=44323"}],"version-history":[{"count":0,"href":"https:\/\/www.paysdesecrins.com\/de\/wp-json\/wp\/v2\/pages\/44323\/revisions"}],"up":[{"embeddable":true,"href":"https:\/\/www.paysdesecrins.com\/de\/wp-json\/wp\/v2\/pages\/44578"}],"wp:featuredmedia":[{"embeddable":true,"href":"https:\/\/www.paysdesecrins.com\/de\/wp-json\/wp\/v2\/media\/41857"}],"wp:attachment":[{"href":"https:\/\/www.paysdesecrins.com\/de\/wp-json\/wp\/v2\/media?parent=44323"}],"curies":[{"name":"wp","href":"https:\/\/api.w.org\/{rel}","templated":true}]}}