{"id":44329,"date":"2025-07-25T10:31:22","date_gmt":"2025-07-25T08:31:22","guid":{"rendered":"https:\/\/www.paysdesecrins.com\/entdecken-sie-den-mont-pelvoux\/"},"modified":"2025-08-01T10:35:45","modified_gmt":"2025-08-01T08:35:45","slug":"entdecken-sie-den-mont-pelvoux","status":"publish","type":"page","link":"https:\/\/www.paysdesecrins.com\/de\/mein-wunsch\/berg\/entdecken-sie-den-mont-pelvoux\/","title":{"rendered":"Entdecken Sie den Mont Pelvoux"},"content":{"rendered":"    <div class=\"alignfull wp-block-ws-library-ws-header-interne\">\n\t    <div class=\"header-container\">\n\t        <div class=\"group-media has-image\">\n\t            \t                <img loading=\"lazy\" decoding=\"async\" width=\"1200\" height=\"800\" src=\"https:\/\/www.paysdesecrins.com\/wp-content\/uploads\/2025\/07\/1683901465-1268055648-1-1200x800.jpg\" alt=\"\" class=\"image_large_square wp-image-42584\" srcset=\"https:\/\/www.paysdesecrins.com\/wp-content\/uploads\/2025\/07\/1683901465-1268055648-1-1200x800.jpg 1200w, https:\/\/www.paysdesecrins.com\/wp-content\/uploads\/2025\/07\/1683901465-1268055648-1-960x640.jpg 960w\" sizes=\"auto, (max-width: 1200px) 100vw, 1200px\" \/>\n\t            \t        <\/div>\n\t        <div class=\"group-content\">\n\t            <div class=\"title\">\n\t                <h1>\n\t                    Entdecken Sie den Mont Pelvoux\t                    \t                <\/h1>\n\t            <\/div>\n\t        <\/div>\n\t    <\/div>\n\t    \n<div class=\"yoast-breadcrumbs\"><span><span><a href=\"https:\/\/www.paysdesecrins.com\/de\/der-titel-des-hauses\/\">Accueil<\/a><\/span>  <span><a href=\"https:\/\/www.paysdesecrins.com\/de\/mein-wunsch\/\">Mein Wunsch,<\/a><\/span>  <span><a href=\"https:\/\/www.paysdesecrins.com\/de\/mein-wunsch\/berg\/\">Meine Sehnsucht nach den Bergen<\/a><\/span>  <span class=\"breadcrumb_last\" aria-current=\"page\">Entdecken Sie den Mont Pelvoux<\/span><\/span><\/div>\n    <\/div>\n    \n<div class=\"wp-block-ws-library-ws-title aligncenter is-style-simple\"><h2><em>Mikro-Abenteuer<\/em>Die Geschichte einer epischen Geschichte unter Freunden<\/h2><\/div>\n\n<p class=\"has-text-align-center\">Wir sind f\u00fcr vier Monate in <strong>Vallouise<\/strong> , so dass es undenkbar war, zu gehen, ohne die mythischsten Gipfel des Tals auf Skiern oder zu Fu\u00df kennengelernt zu haben. Das <strong>\u00c9crins-Massiv<\/strong> ist voll von herrlichen Rennen, begehrenswerten Gipfeln und sch\u00f6nen scharfen Graten. Nach <strong>dem Roche Faurio<\/strong>, dem <strong>D\u00f4me des \u00c9crins<\/strong> und der \u00dcberquerung der <strong>D\u00f4mes de Mon\u00eatier<\/strong> f\u00fcr den Tag machen wir uns dann auf den Weg, <strong>um den Mont Pelvoux<\/strong> zu besteigen, der auf 3943 m \u00fcber dem Meeresspiegel gipfelt.  <\/p>\n\n<p class=\"has-text-align-center\">Was gibt es Sch\u00f6neres, als diesen Gipfel mit zwei Freunden, Fred und Julie, zu teilen, die extra gekommen sind, um die Gegend zu entdecken. Nach einem Tag des Aufw\u00e4rmens \u2013 wir \u00fcberquerten f\u00fcr einen Tag die D\u00f4mes de Mon\u00eatier, vom Pr\u00e9 de Madame Carle bis <strong>zum Eychauda-Tal<\/strong> \u2013 nahmen wir die Stra\u00dfe in Richtung <strong>Ailefroide<\/strong>. <\/p>\n\n<div class=\"wp-block-ws-library-ws-columns alignwide has-2-columns are-vertically-aligned-center layout-5050 is-style-background\">\n<div class=\"wp-block-ws-library-ws-column\"><div class=\"wrapper\">\n<div class=\"wp-block-ws-library-ws-title\"><h3>Auf zur Pelvoux-H\u00fctte&nbsp;<\/h3><\/div>\n\n\n\n<p class=\"has-text-align-center\">F\u00fcr diesen ersten Tag m\u00fcssen wir die <strong>Pelvoux-H\u00fctte<\/strong> erreichen, die sich auf einem felsigen Vorgebirge auf einer H\u00f6he von 2704 m befindet. Von hier aus haben wir einen atemberaubenden Blick <strong>auf das S\u00e9l\u00e9-Tal<\/strong> und den <strong>Agulier-Kamm<\/strong>. Als wir an der H\u00fctte ankamen, sahen wir in der Ferne ihren Nachbarn, die S\u00e9l\u00e9-H\u00fctte, die den Zugang zu anderen mythischen Gipfeln in der Gegend erm\u00f6glichte, wie der<strong> Pointe du S\u00e9l\u00e9<\/strong> oder der <strong>Ailefroide Orientale<\/strong>.  <\/p>\n\n\n\n<p class=\"has-text-align-center\">Nach den 1200 m H\u00f6henunterschied und den 8 km, die bis zur H\u00fctte zur\u00fcckgelegt werden m\u00fcssen, sind wir &#8222;begeistert&#8220;, den Abend bei 7 Grad zu verbringen, mit allen m\u00f6glichen Dicken, die wir geschafft haben, zu tragen. Ja, es ist noch nicht bewacht, wir m\u00fcssen bis Anfang Juni warten, um den herzlichen Empfang der Wachen zu genie\u00dfen. Ein bisschen Schnee in der K\u00fcche f\u00fcr Nudeln und Tee, das ist etwas, um uns aufzuw\u00e4rmen. Zum Gl\u00fcck halten gute Witze warm. 20:00 Uhr, die Verpflichtung, ins Bett zu gehen, der Weckruf morgen fr\u00fch, der f\u00fcr 2:45 Uhr geplant ist, ich sollte sagen, heute Abend, wird nicht einfach.    <\/p>\n<\/div><\/div>\n\n\n\n<div class=\"wp-block-ws-library-ws-column\"><div class=\"wrapper\">\n<div class=\"wp-block-ws-library-ws-image\"><div class=\"wrapper\"><div class=\"group-media\"><img decoding=\"async\" src=\"https:\/\/www.paysdesecrins.com\/wp-content\/uploads\/2025\/07\/1683900470-1977675599-853x640.jpg\" alt=\"\" class=\"single_image ws-image-42030\"><div class=\"credits\"><\/div><\/div><p class=\"caption\"><\/p><\/div><\/div>\n<\/div><\/div>\n<\/div>\n\n<div class=\"wp-block-ws-library-ws-title aligncenter\"><h3>Abfahrt 3:30 Uhr&#8230;&nbsp;<\/h3><\/div>\n\n<p class=\"has-text-align-center\">&#8230; Steigeisen an den F\u00fc\u00dfen, Stirnlampen auf, jeder an seinen Partner angeseilt, wir sind auf dem Weg zum Gipfel. Die Sterne und der Mond erhellen den Himmel und die Reliefs, auch nachts, sind zu erkennen. Wir kommen in einem guten Tempo voran, auch wenn dieser Schnee Mitte Mai noch sehr pr\u00e4sent ist: Dank des Frosts der Nacht f\u00fcr die Zusammenarbeit! Nachdem wir den<strong> Bosse de Sialouze<\/strong> betreten haben, geht es den gleichnamigen Gletscher hinauf zum Eingang des ber\u00fchmten Couloirs von Coolidge. Zu diesem Zeitpunkt finde ich, dass der Aufstieg in dieses Couloir eine gro\u00dfartige M\u00f6glichkeit ist, um nach oben zu gelangen. Im Sommer, wenn es im Eis zu viel ist und f\u00fcr mehr Sicherheit, nehmen die meisten Seilschaften die Route der Red Rocks.     <\/p>\n\n<p class=\"has-text-align-center\">Wie auch immer, obwohl der Aufstieg zum Couloir besondere Aufmerksamkeit und ein gutes Steigeisen erfordert, konnte ich nicht anders, als den Sonnenaufgang zu bewundern, der sich in meinem R\u00fccken entfaltete. An diesem Morgen enth\u00fcllten die Rosa- und Oranget\u00f6ne die Erhabenheit und Vertikalit\u00e4t dieser Felsw\u00e4nde, die noch weitgehend mit Schnee bedeckt sind, w\u00e4hrend sie im Kontrast die Leichtigkeit und Finesse des Nebels und der Wolken betonten. <\/p>\n\n<div class=\"wp-block-ws-library-ws-slider alignwide\"><div class=\"splide\" data-splide=\"{\"type\":\"slide\",\"heightRatio\":\"auto\",\"perPage\":4,\"perMove\":1,\"drag\":true,\"pagination\":0,\"autoplay\":false,\"gap\":\"2px\",\"breakpoints\":{\"450\":{\"perPage\":1},\"768\":{\"perPage\":2},\"992\":{\"perPage\":3},\"1200\":{\"perPage\":4}}}\"><div class=\"splide__track\"><div class=\"splide__list\"><div class=\"splide__slide\"><a href=\"https:\/\/www.paysdesecrins.com\/wp-content\/uploads\/2025\/07\/1683901006-1465567740-400x400.jpg\" data-glightbox=\"true\" class=\"lightbox-trigger\"><img decoding=\"async\" src=\"https:\/\/www.paysdesecrins.com\/wp-content\/uploads\/2025\/07\/1683901006-1465567740-400x400.jpg\" alt=\"\"><\/a><\/div><div class=\"splide__slide\"><a href=\"https:\/\/www.paysdesecrins.com\/wp-content\/uploads\/2025\/07\/1683901006-1726694431-400x400.jpg\" data-glightbox=\"true\" class=\"lightbox-trigger\"><img decoding=\"async\" src=\"https:\/\/www.paysdesecrins.com\/wp-content\/uploads\/2025\/07\/1683901006-1726694431-400x400.jpg\" alt=\"\"><\/a><\/div><div class=\"splide__slide\"><a href=\"https:\/\/www.paysdesecrins.com\/wp-content\/uploads\/2025\/07\/1683901006-2122765305-400x400.jpg\" data-glightbox=\"true\" class=\"lightbox-trigger\"><img decoding=\"async\" src=\"https:\/\/www.paysdesecrins.com\/wp-content\/uploads\/2025\/07\/1683901006-2122765305-400x400.jpg\" alt=\"\"><\/a><\/div><div class=\"splide__slide\"><a href=\"https:\/\/www.paysdesecrins.com\/wp-content\/uploads\/2025\/07\/1683901465-176722264-400x400.jpg\" data-glightbox=\"true\" class=\"lightbox-trigger\"><img decoding=\"async\" src=\"https:\/\/www.paysdesecrins.com\/wp-content\/uploads\/2025\/07\/1683901465-176722264-400x400.jpg\" alt=\"\"><\/a><\/div><\/div><\/div><\/div><\/div>\n\n<div class=\"wp-block-ws-library-ws-columns alignwide has-2-columns are-vertically-aligned-center layout-5050 is-style-background\">\n<div class=\"wp-block-ws-library-ws-column\"><div class=\"wrapper\">\n<div class=\"wp-block-ws-library-ws-title\"><h3>Mont Pelvoux am fr\u00fchen Morgen<\/h3><\/div>\n\n\n\n<p class=\"has-text-align-center\">Es ist ein Vergn\u00fcgen, die Strecke im Korridor zu machen, ich sp\u00fcre keine Erm\u00fcdung. Am Ende erscheint ein neues Panorama von Pointe Puiseux aus. Noch ein paar Meter bis zum felsigen Gipfel und das war&#8217;s, wir sind da! \u00dcber den Wolken genie\u00dfen wir die Sonne dieses fr\u00fchen Morgens und den Blick auf den <strong>Glacier des Violettes<\/strong>, den <strong>Glacier Noir<\/strong>, den Pic Cooldige, die <strong>Barre des \u00c9crins<\/strong> und alle Gipfel der Umgebung. Zu viert sind wir oben versammelt, wir genie\u00dfen den Moment, schwebend in der Zeit.    <\/p>\n<\/div><\/div>\n\n\n\n<div class=\"wp-block-ws-library-ws-column\"><div class=\"wrapper\">\n<div class=\"wp-block-ws-library-ws-image\"><div class=\"wrapper\"><div class=\"group-media\"><img decoding=\"async\" src=\"https:\/\/www.paysdesecrins.com\/wp-content\/uploads\/2025\/07\/1683902040-1550715631-480x640.jpg\" alt=\"\" class=\"single_image ws-image-42075\"><div class=\"credits\"><\/div><\/div><p class=\"caption\"><\/p><\/div><\/div>\n<\/div><\/div>\n<\/div>\n\n<div class=\"wp-block-ws-library-ws-title aligncenter\"><h3>Zeit f\u00fcr die Abfahrt&#8230;<\/h3><\/div>\n\n<p class=\"has-text-align-center\">&#8230; Aus Sicherheitsgr\u00fcnden auf der gleichen Route wie der Aufstieg: Der Durchgang durch den Glacier des Violettes war riskant, da die dort befindlichen Sicherungen f\u00fcr die Abseilvorg\u00e4nge zu dieser Jahreszeit m\u00f6glicherweise mit Schnee bedeckt sein k\u00f6nnten.<\/p>\n\n<p>Wie lang ist diese Abfahrt im Vergleich zum Aufstieg in der Nacht&#8230; 2h30 sp\u00e4ter sind wir wieder an der H\u00fctte, wo wir eine kurze Mittagspause einlegen. Alles, was wir tun m\u00fcssen, ist, den Parkplatz in Ailefroide zu erreichen. W\u00e4hrend dieser zwei Tage begegneten wir nur den G\u00e4msen, die froh waren, die Milde des Fr\u00fchlings zu finden, und ihren Kameraden, den Murmeltieren, den H\u00fctern des Berges.  <\/p>\n\n<p class=\"has-text-align-center\">Ich glaube, das ist der Grund, warum ich gerne in den Bergen bin, f\u00fcr die Einsamkeit und das \u00dcbertreffen meiner selbst! Auf jeden Fall ist es sehr m\u00fcde, aber froh \u00fcber diese zwei sch\u00f6nen Tage, die wir zusammen verbracht haben, dass wir das Wochenende ausklingen lassen.   <\/p>\n\n<div class=\"wp-block-ws-library-ws-slider alignwide\"><div class=\"splide\" data-splide=\"{\"type\":\"slide\",\"heightRatio\":\"auto\",\"perPage\":4,\"perMove\":1,\"drag\":true,\"pagination\":0,\"autoplay\":false,\"gap\":\"2px\",\"breakpoints\":{\"450\":{\"perPage\":1},\"768\":{\"perPage\":2},\"992\":{\"perPage\":3},\"1200\":{\"perPage\":4}}}\"><div class=\"splide__track\"><div class=\"splide__list\"><div class=\"splide__slide\"><a href=\"https:\/\/www.paysdesecrins.com\/wp-content\/uploads\/2025\/07\/1683902361-197356823-400x400.jpg\" data-glightbox=\"true\" class=\"lightbox-trigger\"><img decoding=\"async\" src=\"https:\/\/www.paysdesecrins.com\/wp-content\/uploads\/2025\/07\/1683902361-197356823-400x400.jpg\" alt=\"\"><\/a><\/div><div class=\"splide__slide\"><a href=\"https:\/\/www.paysdesecrins.com\/wp-content\/uploads\/2025\/07\/1683902361-288093232-400x400.jpg\" data-glightbox=\"true\" class=\"lightbox-trigger\"><img decoding=\"async\" src=\"https:\/\/www.paysdesecrins.com\/wp-content\/uploads\/2025\/07\/1683902361-288093232-400x400.jpg\" alt=\"\"><\/a><\/div><div class=\"splide__slide\"><a href=\"https:\/\/www.paysdesecrins.com\/wp-content\/uploads\/2025\/07\/1683902361-642795080-400x400.jpg\" data-glightbox=\"true\" class=\"lightbox-trigger\"><img decoding=\"async\" src=\"https:\/\/www.paysdesecrins.com\/wp-content\/uploads\/2025\/07\/1683902361-642795080-400x400.jpg\" alt=\"\"><\/a><\/div><\/div><\/div><\/div><\/div>\n\n<p><em>Margaux Claude, GEOTREK Praktikantin<\/em><\/p>\n\n<div class=\"wp-block-ws-library-ws-share\"><span class=\"share-subtitle\">Hat Ihnen diese Seite gefallen?<\/span><span class=\"share-title\">Teilen Sie es!<\/span><button class=\"ws-share-button wp-element-button\">Diese Seite teilen<\/button><\/div>\n","protected":false},"excerpt":{"rendered":"<p>Wir sind f\u00fcr vier Monate in Vallouise , so dass es undenkbar war, zu gehen, ohne die mythischsten Gipfel des [&hellip;]<\/p>\n","protected":false},"author":9,"featured_media":42038,"parent":44578,"menu_order":0,"comment_status":"closed","ping_status":"closed","template":"","meta":{"_thumbnail_id_2":0,"summer_excerpt":"","season":"","station":"","footnotes":""},"class_list":["post-44329","page","type-page","status-publish","has-post-thumbnail","hentry"],"yoast_head":"<!-- This site is optimized with the Yoast SEO plugin v27.3 - https:\/\/yoast.com\/product\/yoast-seo-wordpress\/ -->\n<title>Entdecken Sie den Mont Pelvoux - Pays des \u00c9crins - Office de Tourisme<\/title>\n<meta name=\"robots\" content=\"index, follow, max-snippet:-1, max-image-preview:large, max-video-preview:-1\" \/>\n<link rel=\"canonical\" href=\"https:\/\/www.paysdesecrins.com\/de\/mein-wunsch\/berg\/entdecken-sie-den-mont-pelvoux\/\" \/>\n<meta property=\"og:locale\" content=\"de_DE\" \/>\n<meta property=\"og:type\" content=\"article\" \/>\n<meta property=\"og:title\" content=\"Entdecken Sie den Mont Pelvoux - Pays des \u00c9crins - Office de Tourisme\" \/>\n<meta property=\"og:description\" content=\"Wir sind f\u00fcr vier Monate in Vallouise , so dass es undenkbar war, zu gehen, ohne die mythischsten Gipfel des [&hellip;]\" \/>\n<meta property=\"og:url\" content=\"https:\/\/www.paysdesecrins.com\/de\/mein-wunsch\/berg\/entdecken-sie-den-mont-pelvoux\/\" \/>\n<meta property=\"og:site_name\" content=\"Pays des \u00c9crins - Office de Tourisme\" \/>\n<meta property=\"article:modified_time\" content=\"2025-08-01T08:35:45+00:00\" \/>\n<meta property=\"og:image\" content=\"https:\/\/www.paysdesecrins.com\/wp-content\/uploads\/2025\/07\/et-si-nous-allions-rencontrer-le-mont-pelvoux-1683900006.jpg\" \/>\n\t<meta property=\"og:image:width\" content=\"1920\" \/>\n\t<meta property=\"og:image:height\" content=\"480\" \/>\n\t<meta property=\"og:image:type\" content=\"image\/jpeg\" \/>\n<meta name=\"twitter:card\" content=\"summary_large_image\" \/>\n<meta name=\"twitter:label1\" content=\"Gesch\u00e4tzte Lesezeit\" \/>\n\t<meta name=\"twitter:data1\" content=\"4 Minuten\" \/>\n<script type=\"application\/ld+json\" class=\"yoast-schema-graph\">{\"@context\":\"https:\\\/\\\/schema.org\",\"@graph\":[{\"@type\":\"WebPage\",\"@id\":\"https:\\\/\\\/www.paysdesecrins.com\\\/de\\\/mein-wunsch\\\/berg\\\/entdecken-sie-den-mont-pelvoux\\\/\",\"url\":\"https:\\\/\\\/www.paysdesecrins.com\\\/de\\\/mein-wunsch\\\/berg\\\/entdecken-sie-den-mont-pelvoux\\\/\",\"name\":\"Entdecken Sie den Mont Pelvoux - Pays des \u00c9crins - Office de Tourisme\",\"isPartOf\":{\"@id\":\"https:\\\/\\\/www.paysdesecrins.com\\\/de\\\/#website\"},\"primaryImageOfPage\":{\"@id\":\"https:\\\/\\\/www.paysdesecrins.com\\\/de\\\/mein-wunsch\\\/berg\\\/entdecken-sie-den-mont-pelvoux\\\/#primaryimage\"},\"image\":{\"@id\":\"https:\\\/\\\/www.paysdesecrins.com\\\/de\\\/mein-wunsch\\\/berg\\\/entdecken-sie-den-mont-pelvoux\\\/#primaryimage\"},\"thumbnailUrl\":\"https:\\\/\\\/www.paysdesecrins.com\\\/wp-content\\\/uploads\\\/2025\\\/07\\\/et-si-nous-allions-rencontrer-le-mont-pelvoux-1683900006.jpg\",\"datePublished\":\"2025-07-25T08:31:22+00:00\",\"dateModified\":\"2025-08-01T08:35:45+00:00\",\"breadcrumb\":{\"@id\":\"https:\\\/\\\/www.paysdesecrins.com\\\/de\\\/mein-wunsch\\\/berg\\\/entdecken-sie-den-mont-pelvoux\\\/#breadcrumb\"},\"inLanguage\":\"de\",\"potentialAction\":[{\"@type\":\"ReadAction\",\"target\":[\"https:\\\/\\\/www.paysdesecrins.com\\\/de\\\/mein-wunsch\\\/berg\\\/entdecken-sie-den-mont-pelvoux\\\/\"]}]},{\"@type\":\"ImageObject\",\"inLanguage\":\"de\",\"@id\":\"https:\\\/\\\/www.paysdesecrins.com\\\/de\\\/mein-wunsch\\\/berg\\\/entdecken-sie-den-mont-pelvoux\\\/#primaryimage\",\"url\":\"https:\\\/\\\/www.paysdesecrins.com\\\/wp-content\\\/uploads\\\/2025\\\/07\\\/et-si-nous-allions-rencontrer-le-mont-pelvoux-1683900006.jpg\",\"contentUrl\":\"https:\\\/\\\/www.paysdesecrins.com\\\/wp-content\\\/uploads\\\/2025\\\/07\\\/et-si-nous-allions-rencontrer-le-mont-pelvoux-1683900006.jpg\",\"width\":1920,\"height\":480},{\"@type\":\"BreadcrumbList\",\"@id\":\"https:\\\/\\\/www.paysdesecrins.com\\\/de\\\/mein-wunsch\\\/berg\\\/entdecken-sie-den-mont-pelvoux\\\/#breadcrumb\",\"itemListElement\":[{\"@type\":\"ListItem\",\"position\":1,\"name\":\"Accueil\",\"item\":\"https:\\\/\\\/www.paysdesecrins.com\\\/de\\\/der-titel-des-hauses\\\/\"},{\"@type\":\"ListItem\",\"position\":2,\"name\":\"Mein Wunsch,\",\"item\":\"https:\\\/\\\/www.paysdesecrins.com\\\/de\\\/mein-wunsch\\\/\"},{\"@type\":\"ListItem\",\"position\":3,\"name\":\"Meine Sehnsucht nach den Bergen\",\"item\":\"https:\\\/\\\/www.paysdesecrins.com\\\/de\\\/mein-wunsch\\\/berg\\\/\"},{\"@type\":\"ListItem\",\"position\":4,\"name\":\"Entdecken Sie den Mont Pelvoux\"}]},{\"@type\":\"WebSite\",\"@id\":\"https:\\\/\\\/www.paysdesecrins.com\\\/de\\\/#website\",\"url\":\"https:\\\/\\\/www.paysdesecrins.com\\\/de\\\/\",\"name\":\"Pays des \u00c9crins - Office de Tourisme\",\"description\":\"L&#039;esprit montagne\",\"publisher\":{\"@id\":\"https:\\\/\\\/www.paysdesecrins.com\\\/de\\\/#organization\"},\"potentialAction\":[{\"@type\":\"SearchAction\",\"target\":{\"@type\":\"EntryPoint\",\"urlTemplate\":\"https:\\\/\\\/www.paysdesecrins.com\\\/de\\\/?s={search_term_string}\"},\"query-input\":{\"@type\":\"PropertyValueSpecification\",\"valueRequired\":true,\"valueName\":\"search_term_string\"}}],\"inLanguage\":\"de\"},{\"@type\":\"Organization\",\"@id\":\"https:\\\/\\\/www.paysdesecrins.com\\\/de\\\/#organization\",\"name\":\"Pays des \u00c9crins - Office de Tourisme\",\"url\":\"https:\\\/\\\/www.paysdesecrins.com\\\/de\\\/\",\"logo\":{\"@type\":\"ImageObject\",\"inLanguage\":\"de\",\"@id\":\"https:\\\/\\\/www.paysdesecrins.com\\\/de\\\/#\\\/schema\\\/logo\\\/image\\\/\",\"url\":\"https:\\\/\\\/www.paysdesecrins.com\\\/wp-content\\\/uploads\\\/2025\\\/06\\\/devina-svg-1750845694.svg\",\"contentUrl\":\"https:\\\/\\\/www.paysdesecrins.com\\\/wp-content\\\/uploads\\\/2025\\\/06\\\/devina-svg-1750845694.svg\",\"caption\":\"Pays des \u00c9crins - Office de Tourisme\"},\"image\":{\"@id\":\"https:\\\/\\\/www.paysdesecrins.com\\\/de\\\/#\\\/schema\\\/logo\\\/image\\\/\"}}]}<\/script>\n<!-- \/ Yoast SEO plugin. -->","yoast_head_json":{"title":"Entdecken Sie den Mont Pelvoux - Pays des \u00c9crins - Office de Tourisme","robots":{"index":"index","follow":"follow","max-snippet":"max-snippet:-1","max-image-preview":"max-image-preview:large","max-video-preview":"max-video-preview:-1"},"canonical":"https:\/\/www.paysdesecrins.com\/de\/mein-wunsch\/berg\/entdecken-sie-den-mont-pelvoux\/","og_locale":"de_DE","og_type":"article","og_title":"Entdecken Sie den Mont Pelvoux - Pays des \u00c9crins - Office de Tourisme","og_description":"Wir sind f\u00fcr vier Monate in Vallouise , so dass es undenkbar war, zu gehen, ohne die mythischsten Gipfel des [&hellip;]","og_url":"https:\/\/www.paysdesecrins.com\/de\/mein-wunsch\/berg\/entdecken-sie-den-mont-pelvoux\/","og_site_name":"Pays des \u00c9crins - Office de Tourisme","article_modified_time":"2025-08-01T08:35:45+00:00","og_image":[{"width":1920,"height":480,"url":"https:\/\/www.paysdesecrins.com\/wp-content\/uploads\/2025\/07\/et-si-nous-allions-rencontrer-le-mont-pelvoux-1683900006.jpg","type":"image\/jpeg"}],"twitter_card":"summary_large_image","twitter_misc":{"Gesch\u00e4tzte Lesezeit":"4 Minuten"},"schema":{"@context":"https:\/\/schema.org","@graph":[{"@type":"WebPage","@id":"https:\/\/www.paysdesecrins.com\/de\/mein-wunsch\/berg\/entdecken-sie-den-mont-pelvoux\/","url":"https:\/\/www.paysdesecrins.com\/de\/mein-wunsch\/berg\/entdecken-sie-den-mont-pelvoux\/","name":"Entdecken Sie den Mont Pelvoux - Pays des \u00c9crins - Office de Tourisme","isPartOf":{"@id":"https:\/\/www.paysdesecrins.com\/de\/#website"},"primaryImageOfPage":{"@id":"https:\/\/www.paysdesecrins.com\/de\/mein-wunsch\/berg\/entdecken-sie-den-mont-pelvoux\/#primaryimage"},"image":{"@id":"https:\/\/www.paysdesecrins.com\/de\/mein-wunsch\/berg\/entdecken-sie-den-mont-pelvoux\/#primaryimage"},"thumbnailUrl":"https:\/\/www.paysdesecrins.com\/wp-content\/uploads\/2025\/07\/et-si-nous-allions-rencontrer-le-mont-pelvoux-1683900006.jpg","datePublished":"2025-07-25T08:31:22+00:00","dateModified":"2025-08-01T08:35:45+00:00","breadcrumb":{"@id":"https:\/\/www.paysdesecrins.com\/de\/mein-wunsch\/berg\/entdecken-sie-den-mont-pelvoux\/#breadcrumb"},"inLanguage":"de","potentialAction":[{"@type":"ReadAction","target":["https:\/\/www.paysdesecrins.com\/de\/mein-wunsch\/berg\/entdecken-sie-den-mont-pelvoux\/"]}]},{"@type":"ImageObject","inLanguage":"de","@id":"https:\/\/www.paysdesecrins.com\/de\/mein-wunsch\/berg\/entdecken-sie-den-mont-pelvoux\/#primaryimage","url":"https:\/\/www.paysdesecrins.com\/wp-content\/uploads\/2025\/07\/et-si-nous-allions-rencontrer-le-mont-pelvoux-1683900006.jpg","contentUrl":"https:\/\/www.paysdesecrins.com\/wp-content\/uploads\/2025\/07\/et-si-nous-allions-rencontrer-le-mont-pelvoux-1683900006.jpg","width":1920,"height":480},{"@type":"BreadcrumbList","@id":"https:\/\/www.paysdesecrins.com\/de\/mein-wunsch\/berg\/entdecken-sie-den-mont-pelvoux\/#breadcrumb","itemListElement":[{"@type":"ListItem","position":1,"name":"Accueil","item":"https:\/\/www.paysdesecrins.com\/de\/der-titel-des-hauses\/"},{"@type":"ListItem","position":2,"name":"Mein Wunsch,","item":"https:\/\/www.paysdesecrins.com\/de\/mein-wunsch\/"},{"@type":"ListItem","position":3,"name":"Meine Sehnsucht nach den Bergen","item":"https:\/\/www.paysdesecrins.com\/de\/mein-wunsch\/berg\/"},{"@type":"ListItem","position":4,"name":"Entdecken Sie den Mont Pelvoux"}]},{"@type":"WebSite","@id":"https:\/\/www.paysdesecrins.com\/de\/#website","url":"https:\/\/www.paysdesecrins.com\/de\/","name":"Pays des \u00c9crins - Office de Tourisme","description":"L&#039;esprit montagne","publisher":{"@id":"https:\/\/www.paysdesecrins.com\/de\/#organization"},"potentialAction":[{"@type":"SearchAction","target":{"@type":"EntryPoint","urlTemplate":"https:\/\/www.paysdesecrins.com\/de\/?s={search_term_string}"},"query-input":{"@type":"PropertyValueSpecification","valueRequired":true,"valueName":"search_term_string"}}],"inLanguage":"de"},{"@type":"Organization","@id":"https:\/\/www.paysdesecrins.com\/de\/#organization","name":"Pays des \u00c9crins - Office de Tourisme","url":"https:\/\/www.paysdesecrins.com\/de\/","logo":{"@type":"ImageObject","inLanguage":"de","@id":"https:\/\/www.paysdesecrins.com\/de\/#\/schema\/logo\/image\/","url":"https:\/\/www.paysdesecrins.com\/wp-content\/uploads\/2025\/06\/devina-svg-1750845694.svg","contentUrl":"https:\/\/www.paysdesecrins.com\/wp-content\/uploads\/2025\/06\/devina-svg-1750845694.svg","caption":"Pays des \u00c9crins - Office de Tourisme"},"image":{"@id":"https:\/\/www.paysdesecrins.com\/de\/#\/schema\/logo\/image\/"}}]}},"_links":{"self":[{"href":"https:\/\/www.paysdesecrins.com\/de\/wp-json\/wp\/v2\/pages\/44329","targetHints":{"allow":["GET"]}}],"collection":[{"href":"https:\/\/www.paysdesecrins.com\/de\/wp-json\/wp\/v2\/pages"}],"about":[{"href":"https:\/\/www.paysdesecrins.com\/de\/wp-json\/wp\/v2\/types\/page"}],"author":[{"embeddable":true,"href":"https:\/\/www.paysdesecrins.com\/de\/wp-json\/wp\/v2\/users\/9"}],"replies":[{"embeddable":true,"href":"https:\/\/www.paysdesecrins.com\/de\/wp-json\/wp\/v2\/comments?post=44329"}],"version-history":[{"count":0,"href":"https:\/\/www.paysdesecrins.com\/de\/wp-json\/wp\/v2\/pages\/44329\/revisions"}],"up":[{"embeddable":true,"href":"https:\/\/www.paysdesecrins.com\/de\/wp-json\/wp\/v2\/pages\/44578"}],"wp:featuredmedia":[{"embeddable":true,"href":"https:\/\/www.paysdesecrins.com\/de\/wp-json\/wp\/v2\/media\/42038"}],"wp:attachment":[{"href":"https:\/\/www.paysdesecrins.com\/de\/wp-json\/wp\/v2\/media?parent=44329"}],"curies":[{"name":"wp","href":"https:\/\/api.w.org\/{rel}","templated":true}]}}