{"id":44337,"date":"2025-07-25T10:52:00","date_gmt":"2025-07-25T08:52:00","guid":{"rendered":"https:\/\/www.paysdesecrins.com\/luceo-gruenderzentrum\/"},"modified":"2025-08-08T14:31:46","modified_gmt":"2025-08-08T12:31:46","slug":"luceo-gruenderzentrum","status":"publish","type":"page","link":"https:\/\/www.paysdesecrins.com\/de\/bleibt\/beruflicher-bereich\/luceo-gruenderzentrum\/","title":{"rendered":"LUCEO Gr\u00fcnderzentrum"},"content":{"rendered":"    <div class=\"alignfull wp-block-ws-library-ws-header-interne\">\n\t    <div class=\"header-container\">\n\t        <div class=\"group-media has-image\">\n\t            \t                <img loading=\"lazy\" decoding=\"async\" width=\"675\" height=\"675\" src=\"https:\/\/www.paysdesecrins.com\/wp-content\/uploads\/2025\/08\/1671187361-181667923.jpeg\" alt=\"\" class=\"image_large_square wp-image-71638\" srcset=\"https:\/\/www.paysdesecrins.com\/wp-content\/uploads\/2025\/08\/1671187361-181667923.jpeg 675w, https:\/\/www.paysdesecrins.com\/wp-content\/uploads\/2025\/08\/1671187361-181667923-300x300.jpeg 300w, https:\/\/www.paysdesecrins.com\/wp-content\/uploads\/2025\/08\/1671187361-181667923-150x150.jpeg 150w, https:\/\/www.paysdesecrins.com\/wp-content\/uploads\/2025\/08\/1671187361-181667923-400x400.jpeg 400w, https:\/\/www.paysdesecrins.com\/wp-content\/uploads\/2025\/08\/1671187361-181667923-640x640.jpeg 640w, https:\/\/www.paysdesecrins.com\/wp-content\/uploads\/2025\/08\/1671187361-181667923-600x600.jpeg 600w, https:\/\/www.paysdesecrins.com\/wp-content\/uploads\/2025\/08\/1671187361-181667923-570x570.jpeg 570w, https:\/\/www.paysdesecrins.com\/wp-content\/uploads\/2025\/08\/1671187361-181667923-480x480.jpeg 480w\" sizes=\"auto, (max-width: 675px) 100vw, 675px\" \/>\n\t            \t        <\/div>\n\t        <div class=\"group-content\">\n\t            <div class=\"title\">\n\t                <h1>\n\t                    LUCEO\t                    \t                        Gr\u00fcnderzentrum\t                    \t                <\/h1>\n\t            <\/div>\n\t        <\/div>\n\t    <\/div>\n\t    \n<div class=\"yoast-breadcrumbs\"><span><span><a href=\"https:\/\/www.paysdesecrins.com\/de\/der-titel-des-hauses\/\">Accueil<\/a><\/span>  <span><a href=\"https:\/\/www.paysdesecrins.com\/de\/beruflicher-bereich\/\">Beruflicher Bereich<\/a><\/span>  <span class=\"breadcrumb_last\" aria-current=\"page\">LUCEO Gr\u00fcnderzentrum<\/span><\/span><\/div>\n    <\/div>\n    \n<div class=\"wp-block-ws-library-ws-title is-style-simple\"><h2><em>Der Ruderfelsen:<\/em> Optimales Arbeitsumfeld in einem Gr\u00fcnderzentrum<\/h2><\/div>\n\n<p>Sind Sie im Urlaub im <strong>Pays des \u00c9crins<\/strong> und auf der Suche nach einem Ort, an dem Sie <strong>von zu Hause aus arbeiten k\u00f6nnen?<\/strong> Sie wohnen vor Ort und ben\u00f6tigen einen Platz zum Arbeiten in Ruhe oder einen Raum, um Ihre Meetings zu organisieren?<\/p>\n\n<p>Egal, ob Sie Selbstst\u00e4ndiger, Manager, nomadischer Mitarbeiter, Student, wirtschaftlicher Hilfsarbeiter oder nomadischer Arbeiter sind, das <strong><a href=\"https:\/\/www.pole-luceo.com\/\">LUCEO Business Incubator <\/a><\/strong>hei\u00dft Sie willkommen, damit Sie in Ruhe und Effizienz arbeiten k\u00f6nnen.<\/p>\n\n<div class=\"wp-block-ws-library-ws-slider alignfull\"><div class=\"splide\" data-splide=\"{\"type\":\"slide\",\"heightRatio\":\"auto\",\"perPage\":4,\"perMove\":1,\"drag\":true,\"pagination\":0,\"autoplay\":false,\"gap\":\"2px\",\"breakpoints\":{\"450\":{\"perPage\":1},\"768\":{\"perPage\":2},\"992\":{\"perPage\":3},\"1200\":{\"perPage\":4}}}\"><div class=\"splide__track\"><div class=\"splide__list\"><div class=\"splide__slide\"><a href=\"https:\/\/www.paysdesecrins.com\/wp-content\/uploads\/2025\/07\/1671187361-181667923-400x400.jpg\" data-glightbox=\"true\" class=\"lightbox-trigger\"><img decoding=\"async\" src=\"https:\/\/www.paysdesecrins.com\/wp-content\/uploads\/2025\/07\/1671187361-181667923-400x400.jpg\" alt=\"\"><\/a><\/div><div class=\"splide__slide\"><a href=\"https:\/\/www.paysdesecrins.com\/wp-content\/uploads\/2025\/07\/1675423897-1535693827-400x400.jpg\" data-glightbox=\"true\" class=\"lightbox-trigger\"><img decoding=\"async\" src=\"https:\/\/www.paysdesecrins.com\/wp-content\/uploads\/2025\/07\/1675423897-1535693827-400x400.jpg\" alt=\"\"><\/a><\/div><div class=\"splide__slide\"><a href=\"https:\/\/www.paysdesecrins.com\/wp-content\/uploads\/2025\/07\/1675423897-1596758291-400x400.jpg\" data-glightbox=\"true\" class=\"lightbox-trigger\"><img decoding=\"async\" src=\"https:\/\/www.paysdesecrins.com\/wp-content\/uploads\/2025\/07\/1675423897-1596758291-400x400.jpg\" alt=\"\"><\/a><\/div><div class=\"splide__slide\"><a href=\"https:\/\/www.paysdesecrins.com\/wp-content\/uploads\/2025\/07\/1675423897-466747876-400x400.jpg\" data-glightbox=\"true\" class=\"lightbox-trigger\"><img decoding=\"async\" src=\"https:\/\/www.paysdesecrins.com\/wp-content\/uploads\/2025\/07\/1675423897-466747876-400x400.jpg\" alt=\"\"><\/a><\/div><\/div><\/div><\/div><\/div>\n\n<ul class=\"wp-block-list\">\n<li>Um \u00fcber die <strong>Neuigkeiten<\/strong> von Luceo auf dem Laufenden zu bleiben, laden wir Sie ein, sich ihnen auf <a href=\"https:\/\/www.facebook.com\/pole.luceo\" target=\"_blank\" rel=\"noreferrer noopener\">Facebook <\/a> anzuschlie\u00dfen.<\/li>\n\n\n\n<li>F\u00fcr weitere Informationen zu <strong>Preisen<\/strong>, Buchungsbedingungen<strong> <\/strong>und <strong>Angeboten<\/strong> empfehlen wir Ihnen, einen Blick auf die <a href=\"https:\/\/www.pole-luceo.com\/pepiniere\" target=\"_blank\" rel=\"noreferrer noopener\">Website <\/a> zu werfen!<\/li>\n<\/ul>\n\n<div class=\"wp-block-ws-library-ws-share\"><span class=\"share-subtitle\">Hat Ihnen diese Seite gefallen?<\/span><span class=\"share-title\">Teilen Sie es!<\/span><button class=\"ws-share-button wp-element-button\">Diese Seite teilen<\/button><\/div>\n","protected":false},"excerpt":{"rendered":"<p>Sind Sie im Urlaub im Pays des \u00c9crins und auf der Suche nach einem Ort, an dem Sie von zu [&hellip;]<\/p>\n","protected":false},"author":4,"featured_media":71641,"parent":45549,"menu_order":0,"comment_status":"closed","ping_status":"closed","template":"","meta":{"_thumbnail_id_2":0,"summer_excerpt":"","season":"","station":"","footnotes":""},"class_list":["post-44337","page","type-page","status-publish","has-post-thumbnail","hentry"],"yoast_head":"<!-- This site is optimized with the Yoast SEO plugin v27.3 - https:\/\/yoast.com\/product\/yoast-seo-wordpress\/ -->\n<title>LUCEO Gr\u00fcnderzentrum - Pays des \u00c9crins - Office de Tourisme<\/title>\n<meta name=\"robots\" content=\"index, follow, max-snippet:-1, max-image-preview:large, max-video-preview:-1\" \/>\n<link rel=\"canonical\" href=\"https:\/\/www.paysdesecrins.com\/de\/bleibt\/beruflicher-bereich\/luceo-gruenderzentrum\/\" \/>\n<meta property=\"og:locale\" content=\"de_DE\" \/>\n<meta property=\"og:type\" content=\"article\" \/>\n<meta property=\"og:title\" content=\"LUCEO Gr\u00fcnderzentrum - Pays des \u00c9crins - Office de Tourisme\" \/>\n<meta property=\"og:description\" content=\"Sind Sie im Urlaub im Pays des \u00c9crins und auf der Suche nach einem Ort, an dem Sie von zu [&hellip;]\" \/>\n<meta property=\"og:url\" content=\"https:\/\/www.paysdesecrins.com\/de\/bleibt\/beruflicher-bereich\/luceo-gruenderzentrum\/\" \/>\n<meta property=\"og:site_name\" content=\"Pays des \u00c9crins - Office de Tourisme\" \/>\n<meta property=\"article:modified_time\" content=\"2025-08-08T12:31:46+00:00\" \/>\n<meta property=\"og:image\" content=\"https:\/\/www.paysdesecrins.com\/wp-content\/uploads\/2025\/08\/1671187361-181667923.jpeg\" \/>\n\t<meta property=\"og:image:width\" content=\"675\" \/>\n\t<meta property=\"og:image:height\" content=\"675\" \/>\n\t<meta property=\"og:image:type\" content=\"image\/jpeg\" \/>\n<meta name=\"twitter:card\" content=\"summary_large_image\" \/>\n<meta name=\"twitter:label1\" content=\"Gesch\u00e4tzte Lesezeit\" \/>\n\t<meta name=\"twitter:data1\" content=\"1\u00a0Minute\" \/>\n<script type=\"application\/ld+json\" class=\"yoast-schema-graph\">{\"@context\":\"https:\\\/\\\/schema.org\",\"@graph\":[{\"@type\":\"WebPage\",\"@id\":\"https:\\\/\\\/www.paysdesecrins.com\\\/de\\\/bleibt\\\/beruflicher-bereich\\\/luceo-gruenderzentrum\\\/\",\"url\":\"https:\\\/\\\/www.paysdesecrins.com\\\/de\\\/bleibt\\\/beruflicher-bereich\\\/luceo-gruenderzentrum\\\/\",\"name\":\"LUCEO Gr\u00fcnderzentrum - Pays des \u00c9crins - Office de Tourisme\",\"isPartOf\":{\"@id\":\"https:\\\/\\\/www.paysdesecrins.com\\\/de\\\/#website\"},\"primaryImageOfPage\":{\"@id\":\"https:\\\/\\\/www.paysdesecrins.com\\\/de\\\/bleibt\\\/beruflicher-bereich\\\/luceo-gruenderzentrum\\\/#primaryimage\"},\"image\":{\"@id\":\"https:\\\/\\\/www.paysdesecrins.com\\\/de\\\/bleibt\\\/beruflicher-bereich\\\/luceo-gruenderzentrum\\\/#primaryimage\"},\"thumbnailUrl\":\"https:\\\/\\\/www.paysdesecrins.com\\\/wp-content\\\/uploads\\\/2025\\\/08\\\/1671187361-181667923.jpeg\",\"datePublished\":\"2025-07-25T08:52:00+00:00\",\"dateModified\":\"2025-08-08T12:31:46+00:00\",\"breadcrumb\":{\"@id\":\"https:\\\/\\\/www.paysdesecrins.com\\\/de\\\/bleibt\\\/beruflicher-bereich\\\/luceo-gruenderzentrum\\\/#breadcrumb\"},\"inLanguage\":\"de\",\"potentialAction\":[{\"@type\":\"ReadAction\",\"target\":[\"https:\\\/\\\/www.paysdesecrins.com\\\/de\\\/bleibt\\\/beruflicher-bereich\\\/luceo-gruenderzentrum\\\/\"]}]},{\"@type\":\"ImageObject\",\"inLanguage\":\"de\",\"@id\":\"https:\\\/\\\/www.paysdesecrins.com\\\/de\\\/bleibt\\\/beruflicher-bereich\\\/luceo-gruenderzentrum\\\/#primaryimage\",\"url\":\"https:\\\/\\\/www.paysdesecrins.com\\\/wp-content\\\/uploads\\\/2025\\\/08\\\/1671187361-181667923.jpeg\",\"contentUrl\":\"https:\\\/\\\/www.paysdesecrins.com\\\/wp-content\\\/uploads\\\/2025\\\/08\\\/1671187361-181667923.jpeg\",\"width\":675,\"height\":675},{\"@type\":\"BreadcrumbList\",\"@id\":\"https:\\\/\\\/www.paysdesecrins.com\\\/de\\\/bleibt\\\/beruflicher-bereich\\\/luceo-gruenderzentrum\\\/#breadcrumb\",\"itemListElement\":[{\"@type\":\"ListItem\",\"position\":1,\"name\":\"Accueil\",\"item\":\"https:\\\/\\\/www.paysdesecrins.com\\\/de\\\/der-titel-des-hauses\\\/\"},{\"@type\":\"ListItem\",\"position\":2,\"name\":\"Beruflicher Bereich\",\"item\":\"https:\\\/\\\/www.paysdesecrins.com\\\/de\\\/beruflicher-bereich\\\/\"},{\"@type\":\"ListItem\",\"position\":3,\"name\":\"LUCEO Gr\u00fcnderzentrum\"}]},{\"@type\":\"WebSite\",\"@id\":\"https:\\\/\\\/www.paysdesecrins.com\\\/de\\\/#website\",\"url\":\"https:\\\/\\\/www.paysdesecrins.com\\\/de\\\/\",\"name\":\"Pays des \u00c9crins - Office de Tourisme\",\"description\":\"L&#039;esprit montagne\",\"publisher\":{\"@id\":\"https:\\\/\\\/www.paysdesecrins.com\\\/de\\\/#organization\"},\"potentialAction\":[{\"@type\":\"SearchAction\",\"target\":{\"@type\":\"EntryPoint\",\"urlTemplate\":\"https:\\\/\\\/www.paysdesecrins.com\\\/de\\\/?s={search_term_string}\"},\"query-input\":{\"@type\":\"PropertyValueSpecification\",\"valueRequired\":true,\"valueName\":\"search_term_string\"}}],\"inLanguage\":\"de\"},{\"@type\":\"Organization\",\"@id\":\"https:\\\/\\\/www.paysdesecrins.com\\\/de\\\/#organization\",\"name\":\"Pays des \u00c9crins - Office de Tourisme\",\"url\":\"https:\\\/\\\/www.paysdesecrins.com\\\/de\\\/\",\"logo\":{\"@type\":\"ImageObject\",\"inLanguage\":\"de\",\"@id\":\"https:\\\/\\\/www.paysdesecrins.com\\\/de\\\/#\\\/schema\\\/logo\\\/image\\\/\",\"url\":\"https:\\\/\\\/www.paysdesecrins.com\\\/wp-content\\\/uploads\\\/2025\\\/06\\\/devina-svg-1750845694.svg\",\"contentUrl\":\"https:\\\/\\\/www.paysdesecrins.com\\\/wp-content\\\/uploads\\\/2025\\\/06\\\/devina-svg-1750845694.svg\",\"caption\":\"Pays des \u00c9crins - Office de Tourisme\"},\"image\":{\"@id\":\"https:\\\/\\\/www.paysdesecrins.com\\\/de\\\/#\\\/schema\\\/logo\\\/image\\\/\"}}]}<\/script>\n<!-- \/ Yoast SEO plugin. -->","yoast_head_json":{"title":"LUCEO Gr\u00fcnderzentrum - Pays des \u00c9crins - Office de Tourisme","robots":{"index":"index","follow":"follow","max-snippet":"max-snippet:-1","max-image-preview":"max-image-preview:large","max-video-preview":"max-video-preview:-1"},"canonical":"https:\/\/www.paysdesecrins.com\/de\/bleibt\/beruflicher-bereich\/luceo-gruenderzentrum\/","og_locale":"de_DE","og_type":"article","og_title":"LUCEO Gr\u00fcnderzentrum - Pays des \u00c9crins - Office de Tourisme","og_description":"Sind Sie im Urlaub im Pays des \u00c9crins und auf der Suche nach einem Ort, an dem Sie von zu [&hellip;]","og_url":"https:\/\/www.paysdesecrins.com\/de\/bleibt\/beruflicher-bereich\/luceo-gruenderzentrum\/","og_site_name":"Pays des \u00c9crins - Office de Tourisme","article_modified_time":"2025-08-08T12:31:46+00:00","og_image":[{"width":675,"height":675,"url":"https:\/\/www.paysdesecrins.com\/wp-content\/uploads\/2025\/08\/1671187361-181667923.jpeg","type":"image\/jpeg"}],"twitter_card":"summary_large_image","twitter_misc":{"Gesch\u00e4tzte Lesezeit":"1\u00a0Minute"},"schema":{"@context":"https:\/\/schema.org","@graph":[{"@type":"WebPage","@id":"https:\/\/www.paysdesecrins.com\/de\/bleibt\/beruflicher-bereich\/luceo-gruenderzentrum\/","url":"https:\/\/www.paysdesecrins.com\/de\/bleibt\/beruflicher-bereich\/luceo-gruenderzentrum\/","name":"LUCEO Gr\u00fcnderzentrum - Pays des \u00c9crins - Office de Tourisme","isPartOf":{"@id":"https:\/\/www.paysdesecrins.com\/de\/#website"},"primaryImageOfPage":{"@id":"https:\/\/www.paysdesecrins.com\/de\/bleibt\/beruflicher-bereich\/luceo-gruenderzentrum\/#primaryimage"},"image":{"@id":"https:\/\/www.paysdesecrins.com\/de\/bleibt\/beruflicher-bereich\/luceo-gruenderzentrum\/#primaryimage"},"thumbnailUrl":"https:\/\/www.paysdesecrins.com\/wp-content\/uploads\/2025\/08\/1671187361-181667923.jpeg","datePublished":"2025-07-25T08:52:00+00:00","dateModified":"2025-08-08T12:31:46+00:00","breadcrumb":{"@id":"https:\/\/www.paysdesecrins.com\/de\/bleibt\/beruflicher-bereich\/luceo-gruenderzentrum\/#breadcrumb"},"inLanguage":"de","potentialAction":[{"@type":"ReadAction","target":["https:\/\/www.paysdesecrins.com\/de\/bleibt\/beruflicher-bereich\/luceo-gruenderzentrum\/"]}]},{"@type":"ImageObject","inLanguage":"de","@id":"https:\/\/www.paysdesecrins.com\/de\/bleibt\/beruflicher-bereich\/luceo-gruenderzentrum\/#primaryimage","url":"https:\/\/www.paysdesecrins.com\/wp-content\/uploads\/2025\/08\/1671187361-181667923.jpeg","contentUrl":"https:\/\/www.paysdesecrins.com\/wp-content\/uploads\/2025\/08\/1671187361-181667923.jpeg","width":675,"height":675},{"@type":"BreadcrumbList","@id":"https:\/\/www.paysdesecrins.com\/de\/bleibt\/beruflicher-bereich\/luceo-gruenderzentrum\/#breadcrumb","itemListElement":[{"@type":"ListItem","position":1,"name":"Accueil","item":"https:\/\/www.paysdesecrins.com\/de\/der-titel-des-hauses\/"},{"@type":"ListItem","position":2,"name":"Beruflicher Bereich","item":"https:\/\/www.paysdesecrins.com\/de\/beruflicher-bereich\/"},{"@type":"ListItem","position":3,"name":"LUCEO Gr\u00fcnderzentrum"}]},{"@type":"WebSite","@id":"https:\/\/www.paysdesecrins.com\/de\/#website","url":"https:\/\/www.paysdesecrins.com\/de\/","name":"Pays des \u00c9crins - Office de Tourisme","description":"L&#039;esprit montagne","publisher":{"@id":"https:\/\/www.paysdesecrins.com\/de\/#organization"},"potentialAction":[{"@type":"SearchAction","target":{"@type":"EntryPoint","urlTemplate":"https:\/\/www.paysdesecrins.com\/de\/?s={search_term_string}"},"query-input":{"@type":"PropertyValueSpecification","valueRequired":true,"valueName":"search_term_string"}}],"inLanguage":"de"},{"@type":"Organization","@id":"https:\/\/www.paysdesecrins.com\/de\/#organization","name":"Pays des \u00c9crins - Office de Tourisme","url":"https:\/\/www.paysdesecrins.com\/de\/","logo":{"@type":"ImageObject","inLanguage":"de","@id":"https:\/\/www.paysdesecrins.com\/de\/#\/schema\/logo\/image\/","url":"https:\/\/www.paysdesecrins.com\/wp-content\/uploads\/2025\/06\/devina-svg-1750845694.svg","contentUrl":"https:\/\/www.paysdesecrins.com\/wp-content\/uploads\/2025\/06\/devina-svg-1750845694.svg","caption":"Pays des \u00c9crins - Office de Tourisme"},"image":{"@id":"https:\/\/www.paysdesecrins.com\/de\/#\/schema\/logo\/image\/"}}]}},"_links":{"self":[{"href":"https:\/\/www.paysdesecrins.com\/de\/wp-json\/wp\/v2\/pages\/44337","targetHints":{"allow":["GET"]}}],"collection":[{"href":"https:\/\/www.paysdesecrins.com\/de\/wp-json\/wp\/v2\/pages"}],"about":[{"href":"https:\/\/www.paysdesecrins.com\/de\/wp-json\/wp\/v2\/types\/page"}],"author":[{"embeddable":true,"href":"https:\/\/www.paysdesecrins.com\/de\/wp-json\/wp\/v2\/users\/4"}],"replies":[{"embeddable":true,"href":"https:\/\/www.paysdesecrins.com\/de\/wp-json\/wp\/v2\/comments?post=44337"}],"version-history":[{"count":0,"href":"https:\/\/www.paysdesecrins.com\/de\/wp-json\/wp\/v2\/pages\/44337\/revisions"}],"up":[{"embeddable":true,"href":"https:\/\/www.paysdesecrins.com\/de\/wp-json\/wp\/v2\/pages\/45549"}],"wp:featuredmedia":[{"embeddable":true,"href":"https:\/\/www.paysdesecrins.com\/de\/wp-json\/wp\/v2\/media\/71641"}],"wp:attachment":[{"href":"https:\/\/www.paysdesecrins.com\/de\/wp-json\/wp\/v2\/media?parent=44337"}],"curies":[{"name":"wp","href":"https:\/\/api.w.org\/{rel}","templated":true}]}}