{"id":44349,"date":"2025-07-25T11:10:53","date_gmt":"2025-07-25T09:10:53","guid":{"rendered":"https:\/\/www.paysdesecrins.com\/online-vermarktung\/"},"modified":"2025-08-18T09:43:49","modified_gmt":"2025-08-18T07:43:49","slug":"online-vermarktung","status":"publish","type":"page","link":"https:\/\/www.paysdesecrins.com\/de\/bleibt\/beruflicher-bereich\/online-vermarktung\/","title":{"rendered":"Online-Vermarktung"},"content":{"rendered":"    <div class=\"alignfull wp-block-ws-library-ws-header-interne\">\n\t    <div class=\"header-container\">\n\t        <div class=\"group-media has-image\">\n\t            \t                <img loading=\"lazy\" decoding=\"async\" width=\"1920\" height=\"800\" src=\"https:\/\/www.paysdesecrins.com\/wp-content\/uploads\/2025\/07\/alpage-du-clot-des-amandiers-depuis-ratie-re10-1920x800.jpg\" alt=\"\" class=\"image_large_square wp-image-51799\" \/>\n\t            \t        <\/div>\n\t        <div class=\"group-content\">\n\t            <div class=\"title\">\n\t                <h1>\n\t                    Online-Vermarktung\t                    \t                <\/h1>\n\t            <\/div>\n\t        <\/div>\n\t    <\/div>\n\t    \n<div class=\"yoast-breadcrumbs\"><span><span><a href=\"https:\/\/www.paysdesecrins.com\/de\/der-titel-des-hauses\/\">Accueil<\/a><\/span>  <span><a href=\"https:\/\/www.paysdesecrins.com\/de\/beruflicher-bereich\/\">Beruflicher Bereich<\/a><\/span>  <span class=\"breadcrumb_last\" aria-current=\"page\">Online-Vermarktung<\/span><\/span><\/div>\n    <\/div>\n    \n<div class=\"wp-block-ws-library-ws-title\"><h2><strong><em>Treten Sie <\/em>der KOMMERZIELLEN DYNAMIK DES FREMDENVERKEHRSAMTES bei<\/strong><\/h2><\/div>\n\n<div class=\"wp-block-ws-library-ws-tabs alignfull\"><ul class=\"tabs-titles\"><li class=\"tab-title is-active\" data-tab-index=\"0\">PLACE DE MARCH\u00c9<\/li><li class=\"tab-title\" data-tab-index=\"1\">S\u00c9JOURS TOUT COMPRIS<\/li><\/ul><div class=\"tabs-list\">\n<div class=\"wp-block-ws-library-ws-tab\" style=\"display:none\"><p class=\"tab-title\">PLACE DE MARCH\u00c9<\/p><div class=\"tab-content\">\n<div class=\"wp-block-ws-library-ws-title aligncenter is-style-simple\"><h2><strong>Gewinnen Sie Transparenz. Vereinfachen Sie Ihren Verkauf. Bauen Sie Ihr Gesch\u00e4ft aus.  <\/strong><br><br><\/h2><\/div>\n\n\n\n<div class=\"wp-block-ws-library-ws-title\"><h3>Warum ein Marktplatz?<\/h3><\/div>\n\n\n\n<p>Heute planen <strong>mehr als 75<\/strong> <strong>% der Reisenden<\/strong> ihren Aufenthalt online und m\u00f6chten alles an einem Ort buchen: <strong>Unterk\u00fcnfte, Aktivit\u00e4ten, Einrichtungen<\/strong>&#8230;<\/p>\n\n\n\n<p>\ud83d\udc49 Nicht online buchbar zu sein, bedeutet, ein wesentliches Buchungspotenzial zu verpassen.<\/p>\n\n\n\n<div style=\"height:5px\" aria-hidden=\"true\" class=\"wp-block-spacer\"><\/div>\n\n\n\n<div class=\"wp-block-ws-library-ws-title\"><h3>Eine einfache All-in-One-L\u00f6sung<\/h3><\/div>\n\n\n\n<p>Auf dem <strong>Marktplatz &#8222;Mon S\u00e9jour en Montagne&#8220;,<\/strong> der vom Fremdenverkehrsamt des Pays des \u00c9crins angeboten wird, k\u00f6nnen Sie:<\/p>\n\n\n\n<ul class=\"wp-block-list\">\n<li>Verwalten Sie Ihre Angebote (Unterk\u00fcnfte, Aktivit\u00e4ten) ganz einfach von einem einzigen Tool aus<\/li>\n\n\n\n<li>Steigern Sie Ihre Online-Sichtbarkeit auf einem Netzwerk von Partnerseiten<\/li>\n\n\n\n<li>Integrieren Sie Ihre Buchungsmaschine in Ihre eigene Website<\/li>\n\n\n\n<li>Verfolgen Sie Ihre Buchungen und Zahlungen in Echtzeit<\/li>\n\n\n\n<li>Bieten <strong>Sie personalisierte Werbeaktionen<\/strong> an (Last Minute, Promo-Code usw.)<\/li>\n\n\n\n<li>Verkaufen Sie sicher an der Theke oder online<\/li>\n<\/ul>\n\n\n\n<div style=\"height:10px\" aria-hidden=\"true\" class=\"wp-block-spacer\"><\/div>\n\n\n\n<div class=\"wp-block-ws-library-ws-title\"><h4>Sind Sie ein Hosting-Anbieter?<\/h4><\/div>\n\n\n\n<p>Sie k\u00f6nnen:<\/p>\n\n\n\n<ul class=\"wp-block-list\">\n<li>Verwalten Sie Ihren <strong>Zeitplan in Echtzeit<\/strong><\/li>\n\n\n\n<li>Verteilen Sie Ihre Angebote auf Partnerseiten und OTAs<\/li>\n\n\n\n<li>Verfolgen Sie Ihre Ank\u00fcnfte, Abreisen und Verk\u00e4ufe von einem einfachen Dashboard aus<\/li>\n\n\n\n<li>Bieten Sie Ihren Kunden lokale Aktivit\u00e4ten direkt an<\/li>\n<\/ul>\n\n\n\n<div style=\"height:10px\" aria-hidden=\"true\" class=\"wp-block-spacer\"><\/div>\n\n\n\n<div class=\"wp-block-ws-library-ws-title\"><h4>Sind Sie ein Anbieter von Aktivit\u00e4ten?<\/h4><\/div>\n\n\n\n<p>Sie profitieren von:<\/p>\n\n\n\n<ul class=\"wp-block-list\">\n<li>Zentrale Verwaltung Ihrer Lagerbest\u00e4nde, Teams, Slots, Ger\u00e4te<\/li>\n\n\n\n<li>Direktvertrieb \u00fcber Ihren Standort oder ein POS-Modul vor Ort<\/li>\n\n\n\n<li>Zugang zu einem nationalen und lokalen <strong>Vertriebsnetz<\/strong><\/li>\n\n\n\n<li>Die M\u00f6glichkeit, <strong>\u00fcber die Beherbergungsbetriebe des Gebiets buchbar zu<\/strong> sein<\/li>\n<\/ul>\n\n\n\n<div style=\"height:10px\" aria-hidden=\"true\" class=\"wp-block-spacer\"><\/div>\n\n\n\n<div class=\"wp-block-ws-library-ws-title\"><h4>Haben Sie bereits ein Online-Buchungssystem?<\/h4><\/div>\n\n\n\n<p>Die gute Nachricht: Der Marketplace ist <strong>mit vielen Tools<\/strong> wie <strong>D-Edge<\/strong> und anderen kompatibel.<\/p>\n\n\n\n<div class=\"wp-block-ws-library-ws-title aligncenter is-style-simple\"><h2><strong><em>Pers\u00f6nliche Unterst\u00fctzung<\/em><\/strong><\/h2><\/div>\n\n\n\n<p>Das Fremdenverkehrsamt begleitet Sie Schritt f\u00fcr Schritt zu:<\/p>\n\n\n\n<ul class=\"wp-block-list\">\n<li>Richten Sie Ihren Raum ein<\/li>\n\n\n\n<li>Tool-Schulung<\/li>\n\n\n\n<li>Optimieren Sie Ihr Online-Angebot<\/li>\n<\/ul>\n\n\n\n<div class=\"wp-block-ws-library-ws-title aligncenter is-style-simple\"><h2><strong><em>Interessiert?<\/em> Lassen Sie uns dar\u00fcber sprechen!<\/strong><\/h2><\/div>\n\n\n\n<p><strong>Laur\u00e8ne Dur\u00e9ault<\/strong><br\/>Projektleiter Marktplatz &amp; Handelsbeziehungen<br\/>\ud83d\udccd OT Pays des \u00c9crins \u2013 Vallouise-Pelvoux<br\/>\ud83d\udcf1 Telefon: 06 30 83 37 65<br\/>\ud83d\udce7 <a href=\"mailto:reservation@paysdesecrins.com\">reservation@paysdesecrins.com<\/a><\/p>\n\n\n\n<p>\ud83d\udc49 Werden Sie jetzt Teil der Gemeinschaft der vernetzten Fachleute im Pays des \u00c9crins!<\/p>\n\n\n\n<div class=\"wp-block-ws-library-ws-image\"><div class=\"wrapper\"><div class=\"group-media\"><img decoding=\"async\" src=\"https:\/\/www.paysdesecrins.com\/wp-content\/uploads\/2025\/07\/photo-equipe-1-scaled.jpg\" alt=\"\" class=\"single_image ws-image-49933\"><div class=\"credits\"><\/div><\/div><p class=\"caption\"><\/p><\/div><\/div>\n<\/div><\/div>\n\n\n\n<div class=\"wp-block-ws-library-ws-tab\" style=\"display:none\"><p class=\"tab-title\">S\u00c9JOURS TOUT COMPRIS<\/p><div class=\"tab-content\">\n<div class=\"wp-block-ws-library-ws-title aligncenter\"><h2><strong><em>Nehmen Sie an unseren<\/em> All-Inclusive-Aufenthalten teil<\/strong><\/h2><\/div>\n\n\n\n<p><strong>Kombinieren Sie Ihr Gesch\u00e4ft oder Ihre Unterkunft mit einem schl\u00fcsselfertigen Angebot&#8230; und gewinnen Sie an Sichtbarkeit!<\/strong><\/p>\n\n\n\n<p>Sind Sie <strong>ein Aktivit\u00e4tsanbieter<\/strong>, <strong>Unterkunftsanbieter<\/strong>, <strong>Wellness- oder Outdoor-Profi<\/strong> ?<\/p>\n\n\n\n<p><br\/>Schlie\u00dfen Sie sich unserer Dynamik von <strong>All-Inclusive-Aufenthalten<\/strong> an, um Ihr Angebot in einer lohnenden Umgebung zu entdecken, die einfach einzurichten ist&#8230; und 100% ein Gewinn f\u00fcr Sie!<\/p>\n\n\n\n<div style=\"height:20px\" aria-hidden=\"true\" class=\"wp-block-spacer\"><\/div>\n\n\n\n<div class=\"wp-block-ws-library-ws-title aligncenter is-style-simple\"><h2><strong><em>Das Konzept <\/em>in wenigen Worten<\/strong><\/h2><\/div>\n\n\n\n<p>Ein <strong>All-Inclusive-Aufenthalt ist die Allianz zwischen Unterkunftsanbietern und Aktivit\u00e4tsanbietern<\/strong> , um den Reisenden ein <strong>komplettes Erlebnis<\/strong> zu einem <strong>Preis pro Person &#8222;ab&#8220;<\/strong> zu bieten.<\/p>\n\n\n\n<p>Jeder Aufenthalt ist ma\u00dfgeschneidert aus:<\/p>\n\n\n\n<ul class=\"wp-block-list\">\n<li>Ein <strong>Angebot f\u00fcr eine Unterkunft<\/strong><\/li>\n\n\n\n<li>ein <strong>Aktivit\u00e4tsangebot<\/strong><\/li>\n\n\n\n<li>einfache Bedingungen, die gemeinsam festgelegt werden m\u00fcssen (Mindestteilnehmerzahl, Anzahl der N\u00e4chte, Zeitraum usw.)<\/li>\n<\/ul>\n\n\n\n<p>Das Ganze wird durch eine <strong>klare<\/strong>, von allen Parteien unterzeichnete Vereinbarung mit einem <strong>Referenzdienstleister<\/strong> geregelt.<\/p>\n\n\n\n<div style=\"height:20px\" aria-hidden=\"true\" class=\"wp-block-spacer\"><\/div>\n\n\n\n<div class=\"wp-block-ws-library-ws-title aligncenter is-style-simple\"><h2><strong>Wie funktioniert das <em>konkret<\/em>?<\/strong><\/h2><\/div>\n\n\n\n<ul class=\"wp-block-list\">\n<li>Sie schlagen Ihr Angebot vor, in einen Aufenthalt im OT integriert zu werden, oder Sie schlagen direkt einen All-Inclusive-Aufenthalt vor<\/li>\n\n\n\n<li>Wir entwerfen das Programm gemeinsam, je nach Ihrer Verf\u00fcgbarkeit und Ihren Einschr\u00e4nkungen.<\/li>\n\n\n\n<li>Das Fremdenverkehrsamt verfasst einen <strong>ansprechenden Text<\/strong>, hebt Ihr Angebot <strong>visuell<\/strong> hervor.<\/li>\n\n\n\n<li>Der Aufenthalt wird online \u00fcber unseren <strong>Marktplatz<\/strong> vermarktet, mit sicherer Zahlung.<\/li>\n\n\n\n<li>Wir kommunizieren \u00fcber diese Aufenthalte \u00fcber unsere Webkampagnen, unsere E-Mail-Kampagnen, unsere sozialen Netzwerke und unsere Presseaktionen.<\/li>\n<\/ul>\n\n\n\n<div style=\"height:20px\" aria-hidden=\"true\" class=\"wp-block-spacer\"><\/div>\n\n\n\n<div class=\"wp-block-ws-library-ws-title aligncenter is-style-simple\"><h2><em>Ihre Vorteile<\/em><\/h2><\/div>\n\n\n\n<ul class=\"wp-block-list\">\n<li><strong>Hohe Sichtbarkeit<\/strong> : Ihre Aktivit\u00e4t oder Unterkunft wird auf unserer Website und unseren Vertriebskan\u00e4len hervorgehoben<\/li>\n\n\n\n<li><strong>Keine Zulassung von Atout France? Kein Problem! <\/strong>  Sie profitieren von dem im Tourismusb\u00fcro<\/li>\n\n\n\n<li><strong>Ein starkes Kommunikationsrelais<\/strong> : Webkampagnen, soziale Netzwerke, Newsletter, Pressearbeit usw.<\/li>\n\n\n\n<li><strong>Eine kollektive Dynamik<\/strong> : Indem Sie sich den All-Inclusive-Aufenthalten anschlie\u00dfen, f\u00f6rdern Sie das Territorium&#8230; und Ihr Know-how!<\/li>\n<\/ul>\n\n\n\n<div style=\"height:20px\" aria-hidden=\"true\" class=\"wp-block-spacer\"><\/div>\n\n\n\n<div class=\"wp-block-ws-library-ws-title aligncenter\"><h2><em>Mach mit beim<\/em> Abenteuer<\/h2><\/div>\n\n\n\n<p>Kontaktieren Sie unser Team, um dies zu besprechen und gemeinsam ein ma\u00dfgeschneidertes Angebot zu erstellen.<\/p>\n\n\n\n<p><strong>Entdecken Sie Ihre Welt auf eine andere Art und Weise&#8230; in der inspirierenden Umgebung eines All-Inclusive-Aufenthalts.<\/strong><\/p>\n\n\n\n<p><strong>Interessiert? Lassen Sie uns dar\u00fcber sprechen!<\/strong><\/p>\n\n\n\n<p><strong>Laur\u00e8ne Dur\u00e9ault<\/strong><br\/>Projektleiter Marktplatz &amp; Handelsbeziehungen<br\/>\ud83d\udccd OT Pays des \u00c9crins \u2013 Vallouise-Pelvoux<br\/>\ud83d\udcf1 Telefon: 06 30 83 37 65<br\/>\ud83d\udce7 <a href=\"mailto:reservation@paysdesecrins.com\">reservation@paysdesecrins.com<\/a><\/p>\n\n\n\n<div class=\"wp-block-ws-library-ws-image\"><div class=\"wrapper\"><div class=\"group-media\"><img decoding=\"async\" src=\"https:\/\/www.paysdesecrins.com\/wp-content\/uploads\/2025\/07\/photo-equipe-1-scaled.jpg\" alt=\"\" class=\"single_image ws-image-49933\"><div class=\"credits\"><\/div><\/div><p class=\"caption\"><\/p><\/div><\/div>\n<\/div><\/div>\n<\/div><\/div>\n\n<div class=\"wp-block-ws-library-ws-share\"><span class=\"share-subtitle\">Hat Ihnen diese Seite gefallen?<\/span><span class=\"share-title\">Teilen Sie es!<\/span><button class=\"ws-share-button wp-element-button\">Diese Seite teilen<\/button><\/div>\n","protected":false},"excerpt":{"rendered":"","protected":false},"author":4,"featured_media":51802,"parent":45549,"menu_order":0,"comment_status":"closed","ping_status":"closed","template":"","meta":{"_thumbnail_id_2":0,"summer_excerpt":"","season":"","station":"","footnotes":""},"class_list":["post-44349","page","type-page","status-publish","has-post-thumbnail","hentry"],"yoast_head":"<!-- This site is optimized with the Yoast SEO plugin v27.3 - https:\/\/yoast.com\/product\/yoast-seo-wordpress\/ -->\n<title>Online-Vermarktung - Pays des \u00c9crins - Office de Tourisme<\/title>\n<meta name=\"robots\" content=\"index, follow, max-snippet:-1, max-image-preview:large, max-video-preview:-1\" \/>\n<link rel=\"canonical\" href=\"https:\/\/www.paysdesecrins.com\/de\/bleibt\/beruflicher-bereich\/online-vermarktung\/\" \/>\n<meta property=\"og:locale\" content=\"de_DE\" \/>\n<meta property=\"og:type\" content=\"article\" \/>\n<meta property=\"og:title\" content=\"Online-Vermarktung - Pays des \u00c9crins - Office de Tourisme\" \/>\n<meta property=\"og:url\" content=\"https:\/\/www.paysdesecrins.com\/de\/bleibt\/beruflicher-bereich\/online-vermarktung\/\" \/>\n<meta property=\"og:site_name\" content=\"Pays des \u00c9crins - Office de Tourisme\" \/>\n<meta property=\"article:modified_time\" content=\"2025-08-18T07:43:49+00:00\" \/>\n<meta property=\"og:image\" content=\"https:\/\/www.paysdesecrins.com\/wp-content\/uploads\/2025\/07\/alpage-du-clot-des-amandiers-depuis-ratie-re10-scaled.jpg\" \/>\n\t<meta property=\"og:image:width\" content=\"2560\" \/>\n\t<meta property=\"og:image:height\" content=\"1707\" \/>\n\t<meta property=\"og:image:type\" content=\"image\/jpeg\" \/>\n<meta name=\"twitter:card\" content=\"summary_large_image\" \/>\n<meta name=\"twitter:label1\" content=\"Gesch\u00e4tzte Lesezeit\" \/>\n\t<meta name=\"twitter:data1\" content=\"3 Minuten\" \/>\n<script type=\"application\/ld+json\" class=\"yoast-schema-graph\">{\"@context\":\"https:\\\/\\\/schema.org\",\"@graph\":[{\"@type\":\"WebPage\",\"@id\":\"https:\\\/\\\/www.paysdesecrins.com\\\/de\\\/bleibt\\\/beruflicher-bereich\\\/online-vermarktung\\\/\",\"url\":\"https:\\\/\\\/www.paysdesecrins.com\\\/de\\\/bleibt\\\/beruflicher-bereich\\\/online-vermarktung\\\/\",\"name\":\"Online-Vermarktung - Pays des \u00c9crins - Office de Tourisme\",\"isPartOf\":{\"@id\":\"https:\\\/\\\/www.paysdesecrins.com\\\/de\\\/#website\"},\"primaryImageOfPage\":{\"@id\":\"https:\\\/\\\/www.paysdesecrins.com\\\/de\\\/bleibt\\\/beruflicher-bereich\\\/online-vermarktung\\\/#primaryimage\"},\"image\":{\"@id\":\"https:\\\/\\\/www.paysdesecrins.com\\\/de\\\/bleibt\\\/beruflicher-bereich\\\/online-vermarktung\\\/#primaryimage\"},\"thumbnailUrl\":\"https:\\\/\\\/www.paysdesecrins.com\\\/wp-content\\\/uploads\\\/2025\\\/07\\\/alpage-du-clot-des-amandiers-depuis-ratie-re10-scaled.jpg\",\"datePublished\":\"2025-07-25T09:10:53+00:00\",\"dateModified\":\"2025-08-18T07:43:49+00:00\",\"breadcrumb\":{\"@id\":\"https:\\\/\\\/www.paysdesecrins.com\\\/de\\\/bleibt\\\/beruflicher-bereich\\\/online-vermarktung\\\/#breadcrumb\"},\"inLanguage\":\"de\",\"potentialAction\":[{\"@type\":\"ReadAction\",\"target\":[\"https:\\\/\\\/www.paysdesecrins.com\\\/de\\\/bleibt\\\/beruflicher-bereich\\\/online-vermarktung\\\/\"]}]},{\"@type\":\"ImageObject\",\"inLanguage\":\"de\",\"@id\":\"https:\\\/\\\/www.paysdesecrins.com\\\/de\\\/bleibt\\\/beruflicher-bereich\\\/online-vermarktung\\\/#primaryimage\",\"url\":\"https:\\\/\\\/www.paysdesecrins.com\\\/wp-content\\\/uploads\\\/2025\\\/07\\\/alpage-du-clot-des-amandiers-depuis-ratie-re10-scaled.jpg\",\"contentUrl\":\"https:\\\/\\\/www.paysdesecrins.com\\\/wp-content\\\/uploads\\\/2025\\\/07\\\/alpage-du-clot-des-amandiers-depuis-ratie-re10-scaled.jpg\",\"width\":2560,\"height\":1707},{\"@type\":\"BreadcrumbList\",\"@id\":\"https:\\\/\\\/www.paysdesecrins.com\\\/de\\\/bleibt\\\/beruflicher-bereich\\\/online-vermarktung\\\/#breadcrumb\",\"itemListElement\":[{\"@type\":\"ListItem\",\"position\":1,\"name\":\"Accueil\",\"item\":\"https:\\\/\\\/www.paysdesecrins.com\\\/de\\\/der-titel-des-hauses\\\/\"},{\"@type\":\"ListItem\",\"position\":2,\"name\":\"Beruflicher Bereich\",\"item\":\"https:\\\/\\\/www.paysdesecrins.com\\\/de\\\/beruflicher-bereich\\\/\"},{\"@type\":\"ListItem\",\"position\":3,\"name\":\"Online-Vermarktung\"}]},{\"@type\":\"WebSite\",\"@id\":\"https:\\\/\\\/www.paysdesecrins.com\\\/de\\\/#website\",\"url\":\"https:\\\/\\\/www.paysdesecrins.com\\\/de\\\/\",\"name\":\"Pays des \u00c9crins - Office de Tourisme\",\"description\":\"L&#039;esprit montagne\",\"publisher\":{\"@id\":\"https:\\\/\\\/www.paysdesecrins.com\\\/de\\\/#organization\"},\"potentialAction\":[{\"@type\":\"SearchAction\",\"target\":{\"@type\":\"EntryPoint\",\"urlTemplate\":\"https:\\\/\\\/www.paysdesecrins.com\\\/de\\\/?s={search_term_string}\"},\"query-input\":{\"@type\":\"PropertyValueSpecification\",\"valueRequired\":true,\"valueName\":\"search_term_string\"}}],\"inLanguage\":\"de\"},{\"@type\":\"Organization\",\"@id\":\"https:\\\/\\\/www.paysdesecrins.com\\\/de\\\/#organization\",\"name\":\"Pays des \u00c9crins - Office de Tourisme\",\"url\":\"https:\\\/\\\/www.paysdesecrins.com\\\/de\\\/\",\"logo\":{\"@type\":\"ImageObject\",\"inLanguage\":\"de\",\"@id\":\"https:\\\/\\\/www.paysdesecrins.com\\\/de\\\/#\\\/schema\\\/logo\\\/image\\\/\",\"url\":\"https:\\\/\\\/www.paysdesecrins.com\\\/wp-content\\\/uploads\\\/2025\\\/06\\\/devina-svg-1750845694.svg\",\"contentUrl\":\"https:\\\/\\\/www.paysdesecrins.com\\\/wp-content\\\/uploads\\\/2025\\\/06\\\/devina-svg-1750845694.svg\",\"caption\":\"Pays des \u00c9crins - Office de Tourisme\"},\"image\":{\"@id\":\"https:\\\/\\\/www.paysdesecrins.com\\\/de\\\/#\\\/schema\\\/logo\\\/image\\\/\"}}]}<\/script>\n<!-- \/ Yoast SEO plugin. -->","yoast_head_json":{"title":"Online-Vermarktung - Pays des \u00c9crins - Office de Tourisme","robots":{"index":"index","follow":"follow","max-snippet":"max-snippet:-1","max-image-preview":"max-image-preview:large","max-video-preview":"max-video-preview:-1"},"canonical":"https:\/\/www.paysdesecrins.com\/de\/bleibt\/beruflicher-bereich\/online-vermarktung\/","og_locale":"de_DE","og_type":"article","og_title":"Online-Vermarktung - Pays des \u00c9crins - Office de Tourisme","og_url":"https:\/\/www.paysdesecrins.com\/de\/bleibt\/beruflicher-bereich\/online-vermarktung\/","og_site_name":"Pays des \u00c9crins - Office de Tourisme","article_modified_time":"2025-08-18T07:43:49+00:00","og_image":[{"width":2560,"height":1707,"url":"https:\/\/www.paysdesecrins.com\/wp-content\/uploads\/2025\/07\/alpage-du-clot-des-amandiers-depuis-ratie-re10-scaled.jpg","type":"image\/jpeg"}],"twitter_card":"summary_large_image","twitter_misc":{"Gesch\u00e4tzte Lesezeit":"3 Minuten"},"schema":{"@context":"https:\/\/schema.org","@graph":[{"@type":"WebPage","@id":"https:\/\/www.paysdesecrins.com\/de\/bleibt\/beruflicher-bereich\/online-vermarktung\/","url":"https:\/\/www.paysdesecrins.com\/de\/bleibt\/beruflicher-bereich\/online-vermarktung\/","name":"Online-Vermarktung - Pays des \u00c9crins - Office de Tourisme","isPartOf":{"@id":"https:\/\/www.paysdesecrins.com\/de\/#website"},"primaryImageOfPage":{"@id":"https:\/\/www.paysdesecrins.com\/de\/bleibt\/beruflicher-bereich\/online-vermarktung\/#primaryimage"},"image":{"@id":"https:\/\/www.paysdesecrins.com\/de\/bleibt\/beruflicher-bereich\/online-vermarktung\/#primaryimage"},"thumbnailUrl":"https:\/\/www.paysdesecrins.com\/wp-content\/uploads\/2025\/07\/alpage-du-clot-des-amandiers-depuis-ratie-re10-scaled.jpg","datePublished":"2025-07-25T09:10:53+00:00","dateModified":"2025-08-18T07:43:49+00:00","breadcrumb":{"@id":"https:\/\/www.paysdesecrins.com\/de\/bleibt\/beruflicher-bereich\/online-vermarktung\/#breadcrumb"},"inLanguage":"de","potentialAction":[{"@type":"ReadAction","target":["https:\/\/www.paysdesecrins.com\/de\/bleibt\/beruflicher-bereich\/online-vermarktung\/"]}]},{"@type":"ImageObject","inLanguage":"de","@id":"https:\/\/www.paysdesecrins.com\/de\/bleibt\/beruflicher-bereich\/online-vermarktung\/#primaryimage","url":"https:\/\/www.paysdesecrins.com\/wp-content\/uploads\/2025\/07\/alpage-du-clot-des-amandiers-depuis-ratie-re10-scaled.jpg","contentUrl":"https:\/\/www.paysdesecrins.com\/wp-content\/uploads\/2025\/07\/alpage-du-clot-des-amandiers-depuis-ratie-re10-scaled.jpg","width":2560,"height":1707},{"@type":"BreadcrumbList","@id":"https:\/\/www.paysdesecrins.com\/de\/bleibt\/beruflicher-bereich\/online-vermarktung\/#breadcrumb","itemListElement":[{"@type":"ListItem","position":1,"name":"Accueil","item":"https:\/\/www.paysdesecrins.com\/de\/der-titel-des-hauses\/"},{"@type":"ListItem","position":2,"name":"Beruflicher Bereich","item":"https:\/\/www.paysdesecrins.com\/de\/beruflicher-bereich\/"},{"@type":"ListItem","position":3,"name":"Online-Vermarktung"}]},{"@type":"WebSite","@id":"https:\/\/www.paysdesecrins.com\/de\/#website","url":"https:\/\/www.paysdesecrins.com\/de\/","name":"Pays des \u00c9crins - Office de Tourisme","description":"L&#039;esprit montagne","publisher":{"@id":"https:\/\/www.paysdesecrins.com\/de\/#organization"},"potentialAction":[{"@type":"SearchAction","target":{"@type":"EntryPoint","urlTemplate":"https:\/\/www.paysdesecrins.com\/de\/?s={search_term_string}"},"query-input":{"@type":"PropertyValueSpecification","valueRequired":true,"valueName":"search_term_string"}}],"inLanguage":"de"},{"@type":"Organization","@id":"https:\/\/www.paysdesecrins.com\/de\/#organization","name":"Pays des \u00c9crins - Office de Tourisme","url":"https:\/\/www.paysdesecrins.com\/de\/","logo":{"@type":"ImageObject","inLanguage":"de","@id":"https:\/\/www.paysdesecrins.com\/de\/#\/schema\/logo\/image\/","url":"https:\/\/www.paysdesecrins.com\/wp-content\/uploads\/2025\/06\/devina-svg-1750845694.svg","contentUrl":"https:\/\/www.paysdesecrins.com\/wp-content\/uploads\/2025\/06\/devina-svg-1750845694.svg","caption":"Pays des \u00c9crins - Office de Tourisme"},"image":{"@id":"https:\/\/www.paysdesecrins.com\/de\/#\/schema\/logo\/image\/"}}]}},"_links":{"self":[{"href":"https:\/\/www.paysdesecrins.com\/de\/wp-json\/wp\/v2\/pages\/44349","targetHints":{"allow":["GET"]}}],"collection":[{"href":"https:\/\/www.paysdesecrins.com\/de\/wp-json\/wp\/v2\/pages"}],"about":[{"href":"https:\/\/www.paysdesecrins.com\/de\/wp-json\/wp\/v2\/types\/page"}],"author":[{"embeddable":true,"href":"https:\/\/www.paysdesecrins.com\/de\/wp-json\/wp\/v2\/users\/4"}],"replies":[{"embeddable":true,"href":"https:\/\/www.paysdesecrins.com\/de\/wp-json\/wp\/v2\/comments?post=44349"}],"version-history":[{"count":4,"href":"https:\/\/www.paysdesecrins.com\/de\/wp-json\/wp\/v2\/pages\/44349\/revisions"}],"predecessor-version":[{"id":102481,"href":"https:\/\/www.paysdesecrins.com\/de\/wp-json\/wp\/v2\/pages\/44349\/revisions\/102481"}],"up":[{"embeddable":true,"href":"https:\/\/www.paysdesecrins.com\/de\/wp-json\/wp\/v2\/pages\/45549"}],"wp:featuredmedia":[{"embeddable":true,"href":"https:\/\/www.paysdesecrins.com\/de\/wp-json\/wp\/v2\/media\/51802"}],"wp:attachment":[{"href":"https:\/\/www.paysdesecrins.com\/de\/wp-json\/wp\/v2\/media?parent=44349"}],"curies":[{"name":"wp","href":"https:\/\/api.w.org\/{rel}","templated":true}]}}