{"id":44352,"date":"2025-07-24T14:52:49","date_gmt":"2025-07-24T12:52:49","guid":{"rendered":"https:\/\/www.paysdesecrins.com\/alle-veranstaltungen-fuer-puy-saint-vincent\/"},"modified":"2026-01-16T15:29:17","modified_gmt":"2026-01-16T14:29:17","slug":"alle-veranstaltungen-fuer-puy-saint-vincent","status":"publish","type":"page","link":"https:\/\/www.paysdesecrins.com\/de\/alle-veranstaltungen-fuer-puy-saint-vincent\/","title":{"rendered":"Alle Veranstaltungen f\u00fcr Puy Saint Vincent"},"content":{"rendered":"    <div class=\"alignfull wp-block-ws-library-ws-header-interne\">\n\t    <div class=\"header-container\">\n\t        <div class=\"group-media has-image\">\n\t            \t                <img decoding=\"async\" src=\"https:\/\/www.paysdesecrins.com\/wp-content\/uploads\/2025\/07\/img-2848-1920x800.jpg\" alt=\"\" class=\"image_large_square wp-image-31391\" \/>\n\t            \t        <\/div>\n\t        <div class=\"group-content\">\n\t            <div class=\"title\">\n\t                <h1>\n\t                    Alle Veranstaltungen\t                    \t                        von Puy Saint Vincent\t                    \t                <\/h1>\n\t            <\/div>\n\t        <\/div>\n\t    <\/div>\n\t    \n<div class=\"yoast-breadcrumbs\"><span><span><a href=\"https:\/\/www.paysdesecrins.com\/de\/der-titel-des-hauses\/\">Accueil<\/a><\/span>  <span class=\"breadcrumb_last\" aria-current=\"page\">Alle Veranstaltungen f\u00fcr Puy Saint Vincent<\/span><\/span><\/div>\n    <\/div>\n    \n<div class=\"wp-block-ws-library-ws-title aligncenter is-style-simple\"><h2><em>H\u00f6hepunkte<\/em>Pr\u00e4gen Sie Ihre Jahreszeiten in Puy Saint Vincent<\/h2><\/div>\n\n<p class=\"has-text-align-center\">Puy Saint-Vincent l\u00e4dt Sie ein, im Rhythmus seiner gro\u00dfen Sportveranstaltungen, seiner Open-Air-Konzerte, seiner Shows und seiner farbenfrohen Festivals zu vibrieren. Egal, ob Sie ein Fan von Mountainbike- oder Snowboardcross-Wettbewerben sind, ein Musikliebhaber, der intime Konzerte in der H\u00f6he sucht, ein Theaterliebhaber oder neugierig auf Themenfestivals sind, die die Bergkultur feiern, jede Jahreszeit bietet Ihnen ein Programm, bei dem sich Emotionen, Austausch und Geselligkeit vereinen, um Ihren Aufenthalt zu bereichern. <\/p>\n<div id=\"listing_e6902\" data-observer-wishlist data-attributes='listing-agenda {\"selectedSelectionIds\":[\"188574\"],\"isPortrait\":false,\"isImageContain\":false,\"showCommune\":true,\"defaultImage\":\"https:\\\/\\\/www.paysdesecrins.com\\\/wp-content\\\/uploads\\\/2025\\\/06\\\/cropped-paysdesecrins.png\",\"selectedFacets\":[],\"showType\":false,\"columnsCount\":\"2-3-3\",\"showActiveFacets\":false,\"isLimited\":false,\"isPaginated\":false,\"showDateSearch\":false,\"perPage\":12,\"season\":\"\",\"align\":\"wide\"}' class=\"ws-listing wp-block-ws-apidae-library-listing-agenda alignwide\" data-map-id=\"map_e6902\" data-locations-id=\"locations-data_e6902\"><div class=\"facetwp-template\"><div class=\"list-container active\"><div class=\"list-items\"><div class=\"item\" data-season=\"all-seasons\"><div class=\"card card-apidae card-agenda\"><div class=\"group-actions\"><ws-wishlist data-type=\"flag\" data-action=\"add\" data-wish-id=\"6869650\" data-wish-type=\"apidae\"><\/ws-wishlist><\/div><div class=\"group-media\"><div class=\"field-image\"><img decoding=\"async\" src=\"https:\/\/images.weserv.nl\/?url=https:\/\/static.apidae-tourisme.com\/filestore\/objets-touristiques\/images\/203\/175\/22130635-diaporama.jpg&#038;w=350&#038;h=350&#038;fit=cover&#038;output=webp&#038;q=45\" alt=\"Pr\u00e9 ouverture Bike Park\"\/><\/div><\/div><div class=\"group-top\"><div class=\"field-commune\">Puy-Saint-Vincent<\/div><ws-apidae-from-price data-apidae-id=\"6869650\" ><\/ws-apidae-from-price><div class=\"group-dates\"><div class=\"field-dates\">Du 20 au 28 <span class=\"month\">Juni<\/span><\/div><\/div><\/div><div class=\"group-content\"><div class=\"field-title\">Pr\u00e9 ouverture Bike Park<\/div><\/div><div class=\"field-link\" role=\"group\" aria-label=\"Lien vers le contenu\"><a href=\"https:\/\/www.paysdesecrins.com\/de\/fiche\/pre-ouverture-bike-park-2\/\" class=\"cardlink\" title=\"Lire plus : Pr\u00e9 ouverture Bike Park\" lang=\"de_DE\">Pr\u00e9 ouverture Bike Park<\/a><\/div><\/div><\/div><div class=\"item\" data-season=\"all-seasons\"><div class=\"card card-apidae card-agenda\"><div class=\"group-actions\"><ws-wishlist data-type=\"flag\" data-action=\"add\" data-wish-id=\"7752209\" data-wish-type=\"apidae\"><\/ws-wishlist><\/div><div class=\"group-media\"><div class=\"field-image\"><img decoding=\"async\" src=\"https:\/\/images.weserv.nl\/?url=https:\/\/static.apidae-tourisme.com\/filestore\/objets-touristiques\/images\/66\/45\/39726402-diaporama.jpg&#038;w=350&#038;h=350&#038;fit=cover&#038;output=webp&#038;q=45\" alt=\"Coupe de France DH\"\/><\/div><\/div><div class=\"group-top\"><div class=\"field-commune\">Puy-Saint-Vincent<\/div><ws-apidae-from-price data-apidae-id=\"7752209\" ><\/ws-apidae-from-price><div class=\"group-dates\"><div class=\"field-dates\">Du 17 au 19 <span class=\"month\">Juli<\/span><\/div><\/div><\/div><div class=\"group-content\"><div class=\"field-title\">Coupe de France DH<\/div><\/div><div class=\"field-link\" role=\"group\" aria-label=\"Lien vers le contenu\"><a href=\"https:\/\/www.paysdesecrins.com\/de\/fiche\/coupe-de-france-dh-2\/\" class=\"cardlink\" title=\"Lire plus : Coupe de France DH\" lang=\"de_DE\">Coupe de France DH<\/a><\/div><\/div><\/div><div class=\"item\" data-season=\"all-seasons\"><div class=\"card card-apidae card-agenda\"><div class=\"group-actions\"><ws-wishlist data-type=\"flag\" data-action=\"add\" data-wish-id=\"7751393\" data-wish-type=\"apidae\"><\/ws-wishlist><\/div><div class=\"group-media\"><div class=\"field-image\"><img decoding=\"async\" src=\"https:\/\/images.weserv.nl\/?url=https:\/\/www.paysdesecrins.com\/wp-content\/uploads\/2025\/06\/cropped-paysdesecrins.png&#038;w=350&#038;h=350&#038;fit=cover&#038;output=webp&#038;q=45\" alt=\"Coupe de France de VTT 2026  XCO\"\/><\/div><\/div><div class=\"group-top\"><div class=\"field-commune\">Puy-Saint-Vincent<\/div><ws-apidae-from-price data-apidae-id=\"7751393\" ><\/ws-apidae-from-price><div class=\"group-dates\"><div class=\"field-dates\">Du 24 <span class=\"month\">Juli<\/span> au 26 <span class=\"month\">Juli<\/span> 2027<\/div><\/div><\/div><div class=\"group-content\"><div class=\"field-title\">Coupe de France de VTT 2026  XCO<\/div><\/div><div class=\"field-link\" role=\"group\" aria-label=\"Lien vers le contenu\"><a href=\"https:\/\/www.paysdesecrins.com\/de\/fiche\/coupe-de-france-de-vtt-2026-xco-2\/\" class=\"cardlink\" title=\"Lire plus : Coupe de France de VTT 2026  XCO\" lang=\"de_DE\">Coupe de France de VTT 2026  XCO<\/a><\/div><\/div><\/div><\/div><\/div><\/div><\/div>\n<div class=\"wp-block-ws-library-ws-share\"><span class=\"share-subtitle\">Hat Ihnen diese Seite gefallen?<\/span><span class=\"share-title\">Teilen Sie es!<\/span><button class=\"ws-share-button wp-element-button\">Diese Seite teilen<\/button><\/div>\n","protected":false},"excerpt":{"rendered":"<p>Puy Saint-Vincent l\u00e4dt Sie ein, im Rhythmus seiner gro\u00dfen Sportveranstaltungen, seiner Open-Air-Konzerte, seiner Shows und seiner farbenfrohen Festivals zu vibrieren. [&hellip;]<\/p>\n","protected":false},"author":4,"featured_media":31394,"parent":0,"menu_order":0,"comment_status":"closed","ping_status":"closed","template":"","meta":{"_thumbnail_id_2":0,"summer_excerpt":"","season":"","station":"","footnotes":""},"class_list":["post-44352","page","type-page","status-publish","has-post-thumbnail","hentry"],"yoast_head":"<!-- This site is optimized with the Yoast SEO plugin v27.3 - https:\/\/yoast.com\/product\/yoast-seo-wordpress\/ -->\n<title>Alle Veranstaltungen f\u00fcr Puy Saint Vincent - Pays des \u00c9crins - Office de Tourisme<\/title>\n<meta name=\"robots\" content=\"index, follow, max-snippet:-1, max-image-preview:large, max-video-preview:-1\" \/>\n<link rel=\"canonical\" href=\"https:\/\/www.paysdesecrins.com\/de\/alle-veranstaltungen-fuer-puy-saint-vincent\/\" \/>\n<meta property=\"og:locale\" content=\"de_DE\" \/>\n<meta property=\"og:type\" content=\"article\" \/>\n<meta property=\"og:title\" content=\"Alle Veranstaltungen f\u00fcr Puy Saint Vincent - Pays des \u00c9crins - Office de Tourisme\" \/>\n<meta property=\"og:description\" content=\"Puy Saint-Vincent l\u00e4dt Sie ein, im Rhythmus seiner gro\u00dfen Sportveranstaltungen, seiner Open-Air-Konzerte, seiner Shows und seiner farbenfrohen Festivals zu vibrieren. [&hellip;]\" \/>\n<meta property=\"og:url\" content=\"https:\/\/www.paysdesecrins.com\/de\/alle-veranstaltungen-fuer-puy-saint-vincent\/\" \/>\n<meta property=\"og:site_name\" content=\"Pays des \u00c9crins - Office de Tourisme\" \/>\n<meta property=\"article:modified_time\" content=\"2026-01-16T14:29:17+00:00\" \/>\n<meta property=\"og:image\" content=\"https:\/\/www.paysdesecrins.com\/wp-content\/uploads\/2025\/07\/img-2848-scaled.jpg\" \/>\n\t<meta property=\"og:image:width\" content=\"2560\" \/>\n\t<meta property=\"og:image:height\" content=\"1707\" \/>\n\t<meta property=\"og:image:type\" content=\"image\/jpeg\" \/>\n<meta name=\"twitter:card\" content=\"summary_large_image\" \/>\n<script type=\"application\/ld+json\" class=\"yoast-schema-graph\">{\"@context\":\"https:\\\/\\\/schema.org\",\"@graph\":[{\"@type\":\"WebPage\",\"@id\":\"https:\\\/\\\/www.paysdesecrins.com\\\/de\\\/alle-veranstaltungen-fuer-puy-saint-vincent\\\/\",\"url\":\"https:\\\/\\\/www.paysdesecrins.com\\\/de\\\/alle-veranstaltungen-fuer-puy-saint-vincent\\\/\",\"name\":\"Alle Veranstaltungen f\u00fcr Puy Saint Vincent - Pays des \u00c9crins - Office de Tourisme\",\"isPartOf\":{\"@id\":\"https:\\\/\\\/www.paysdesecrins.com\\\/de\\\/#website\"},\"primaryImageOfPage\":{\"@id\":\"https:\\\/\\\/www.paysdesecrins.com\\\/de\\\/alle-veranstaltungen-fuer-puy-saint-vincent\\\/#primaryimage\"},\"image\":{\"@id\":\"https:\\\/\\\/www.paysdesecrins.com\\\/de\\\/alle-veranstaltungen-fuer-puy-saint-vincent\\\/#primaryimage\"},\"thumbnailUrl\":\"https:\\\/\\\/www.paysdesecrins.com\\\/wp-content\\\/uploads\\\/2025\\\/07\\\/img-2848-scaled.jpg\",\"datePublished\":\"2025-07-24T12:52:49+00:00\",\"dateModified\":\"2026-01-16T14:29:17+00:00\",\"breadcrumb\":{\"@id\":\"https:\\\/\\\/www.paysdesecrins.com\\\/de\\\/alle-veranstaltungen-fuer-puy-saint-vincent\\\/#breadcrumb\"},\"inLanguage\":\"de\",\"potentialAction\":[{\"@type\":\"ReadAction\",\"target\":[\"https:\\\/\\\/www.paysdesecrins.com\\\/de\\\/alle-veranstaltungen-fuer-puy-saint-vincent\\\/\"]}]},{\"@type\":\"ImageObject\",\"inLanguage\":\"de\",\"@id\":\"https:\\\/\\\/www.paysdesecrins.com\\\/de\\\/alle-veranstaltungen-fuer-puy-saint-vincent\\\/#primaryimage\",\"url\":\"https:\\\/\\\/www.paysdesecrins.com\\\/wp-content\\\/uploads\\\/2025\\\/07\\\/img-2848-scaled.jpg\",\"contentUrl\":\"https:\\\/\\\/www.paysdesecrins.com\\\/wp-content\\\/uploads\\\/2025\\\/07\\\/img-2848-scaled.jpg\",\"width\":2560,\"height\":1707},{\"@type\":\"BreadcrumbList\",\"@id\":\"https:\\\/\\\/www.paysdesecrins.com\\\/de\\\/alle-veranstaltungen-fuer-puy-saint-vincent\\\/#breadcrumb\",\"itemListElement\":[{\"@type\":\"ListItem\",\"position\":1,\"name\":\"Accueil\",\"item\":\"https:\\\/\\\/www.paysdesecrins.com\\\/de\\\/der-titel-des-hauses\\\/\"},{\"@type\":\"ListItem\",\"position\":2,\"name\":\"Alle Veranstaltungen f\u00fcr Puy Saint Vincent\"}]},{\"@type\":\"WebSite\",\"@id\":\"https:\\\/\\\/www.paysdesecrins.com\\\/de\\\/#website\",\"url\":\"https:\\\/\\\/www.paysdesecrins.com\\\/de\\\/\",\"name\":\"Pays des \u00c9crins - Office de Tourisme\",\"description\":\"L&#039;esprit montagne\",\"publisher\":{\"@id\":\"https:\\\/\\\/www.paysdesecrins.com\\\/de\\\/#organization\"},\"potentialAction\":[{\"@type\":\"SearchAction\",\"target\":{\"@type\":\"EntryPoint\",\"urlTemplate\":\"https:\\\/\\\/www.paysdesecrins.com\\\/de\\\/?s={search_term_string}\"},\"query-input\":{\"@type\":\"PropertyValueSpecification\",\"valueRequired\":true,\"valueName\":\"search_term_string\"}}],\"inLanguage\":\"de\"},{\"@type\":\"Organization\",\"@id\":\"https:\\\/\\\/www.paysdesecrins.com\\\/de\\\/#organization\",\"name\":\"Pays des \u00c9crins - Office de Tourisme\",\"url\":\"https:\\\/\\\/www.paysdesecrins.com\\\/de\\\/\",\"logo\":{\"@type\":\"ImageObject\",\"inLanguage\":\"de\",\"@id\":\"https:\\\/\\\/www.paysdesecrins.com\\\/de\\\/#\\\/schema\\\/logo\\\/image\\\/\",\"url\":\"https:\\\/\\\/www.paysdesecrins.com\\\/wp-content\\\/uploads\\\/2025\\\/06\\\/devina-svg-1750845694.svg\",\"contentUrl\":\"https:\\\/\\\/www.paysdesecrins.com\\\/wp-content\\\/uploads\\\/2025\\\/06\\\/devina-svg-1750845694.svg\",\"caption\":\"Pays des \u00c9crins - Office de Tourisme\"},\"image\":{\"@id\":\"https:\\\/\\\/www.paysdesecrins.com\\\/de\\\/#\\\/schema\\\/logo\\\/image\\\/\"}}]}<\/script>\n<!-- \/ Yoast SEO plugin. -->","yoast_head_json":{"title":"Alle Veranstaltungen f\u00fcr Puy Saint Vincent - Pays des \u00c9crins - Office de Tourisme","robots":{"index":"index","follow":"follow","max-snippet":"max-snippet:-1","max-image-preview":"max-image-preview:large","max-video-preview":"max-video-preview:-1"},"canonical":"https:\/\/www.paysdesecrins.com\/de\/alle-veranstaltungen-fuer-puy-saint-vincent\/","og_locale":"de_DE","og_type":"article","og_title":"Alle Veranstaltungen f\u00fcr Puy Saint Vincent - Pays des \u00c9crins - Office de Tourisme","og_description":"Puy Saint-Vincent l\u00e4dt Sie ein, im Rhythmus seiner gro\u00dfen Sportveranstaltungen, seiner Open-Air-Konzerte, seiner Shows und seiner farbenfrohen Festivals zu vibrieren. [&hellip;]","og_url":"https:\/\/www.paysdesecrins.com\/de\/alle-veranstaltungen-fuer-puy-saint-vincent\/","og_site_name":"Pays des \u00c9crins - Office de Tourisme","article_modified_time":"2026-01-16T14:29:17+00:00","og_image":[{"width":2560,"height":1707,"url":"https:\/\/www.paysdesecrins.com\/wp-content\/uploads\/2025\/07\/img-2848-scaled.jpg","type":"image\/jpeg"}],"twitter_card":"summary_large_image","schema":{"@context":"https:\/\/schema.org","@graph":[{"@type":"WebPage","@id":"https:\/\/www.paysdesecrins.com\/de\/alle-veranstaltungen-fuer-puy-saint-vincent\/","url":"https:\/\/www.paysdesecrins.com\/de\/alle-veranstaltungen-fuer-puy-saint-vincent\/","name":"Alle Veranstaltungen f\u00fcr Puy Saint Vincent - Pays des \u00c9crins - Office de Tourisme","isPartOf":{"@id":"https:\/\/www.paysdesecrins.com\/de\/#website"},"primaryImageOfPage":{"@id":"https:\/\/www.paysdesecrins.com\/de\/alle-veranstaltungen-fuer-puy-saint-vincent\/#primaryimage"},"image":{"@id":"https:\/\/www.paysdesecrins.com\/de\/alle-veranstaltungen-fuer-puy-saint-vincent\/#primaryimage"},"thumbnailUrl":"https:\/\/www.paysdesecrins.com\/wp-content\/uploads\/2025\/07\/img-2848-scaled.jpg","datePublished":"2025-07-24T12:52:49+00:00","dateModified":"2026-01-16T14:29:17+00:00","breadcrumb":{"@id":"https:\/\/www.paysdesecrins.com\/de\/alle-veranstaltungen-fuer-puy-saint-vincent\/#breadcrumb"},"inLanguage":"de","potentialAction":[{"@type":"ReadAction","target":["https:\/\/www.paysdesecrins.com\/de\/alle-veranstaltungen-fuer-puy-saint-vincent\/"]}]},{"@type":"ImageObject","inLanguage":"de","@id":"https:\/\/www.paysdesecrins.com\/de\/alle-veranstaltungen-fuer-puy-saint-vincent\/#primaryimage","url":"https:\/\/www.paysdesecrins.com\/wp-content\/uploads\/2025\/07\/img-2848-scaled.jpg","contentUrl":"https:\/\/www.paysdesecrins.com\/wp-content\/uploads\/2025\/07\/img-2848-scaled.jpg","width":2560,"height":1707},{"@type":"BreadcrumbList","@id":"https:\/\/www.paysdesecrins.com\/de\/alle-veranstaltungen-fuer-puy-saint-vincent\/#breadcrumb","itemListElement":[{"@type":"ListItem","position":1,"name":"Accueil","item":"https:\/\/www.paysdesecrins.com\/de\/der-titel-des-hauses\/"},{"@type":"ListItem","position":2,"name":"Alle Veranstaltungen f\u00fcr Puy Saint Vincent"}]},{"@type":"WebSite","@id":"https:\/\/www.paysdesecrins.com\/de\/#website","url":"https:\/\/www.paysdesecrins.com\/de\/","name":"Pays des \u00c9crins - Office de Tourisme","description":"L&#039;esprit montagne","publisher":{"@id":"https:\/\/www.paysdesecrins.com\/de\/#organization"},"potentialAction":[{"@type":"SearchAction","target":{"@type":"EntryPoint","urlTemplate":"https:\/\/www.paysdesecrins.com\/de\/?s={search_term_string}"},"query-input":{"@type":"PropertyValueSpecification","valueRequired":true,"valueName":"search_term_string"}}],"inLanguage":"de"},{"@type":"Organization","@id":"https:\/\/www.paysdesecrins.com\/de\/#organization","name":"Pays des \u00c9crins - Office de Tourisme","url":"https:\/\/www.paysdesecrins.com\/de\/","logo":{"@type":"ImageObject","inLanguage":"de","@id":"https:\/\/www.paysdesecrins.com\/de\/#\/schema\/logo\/image\/","url":"https:\/\/www.paysdesecrins.com\/wp-content\/uploads\/2025\/06\/devina-svg-1750845694.svg","contentUrl":"https:\/\/www.paysdesecrins.com\/wp-content\/uploads\/2025\/06\/devina-svg-1750845694.svg","caption":"Pays des \u00c9crins - Office de Tourisme"},"image":{"@id":"https:\/\/www.paysdesecrins.com\/de\/#\/schema\/logo\/image\/"}}]}},"_links":{"self":[{"href":"https:\/\/www.paysdesecrins.com\/de\/wp-json\/wp\/v2\/pages\/44352","targetHints":{"allow":["GET"]}}],"collection":[{"href":"https:\/\/www.paysdesecrins.com\/de\/wp-json\/wp\/v2\/pages"}],"about":[{"href":"https:\/\/www.paysdesecrins.com\/de\/wp-json\/wp\/v2\/types\/page"}],"author":[{"embeddable":true,"href":"https:\/\/www.paysdesecrins.com\/de\/wp-json\/wp\/v2\/users\/4"}],"replies":[{"embeddable":true,"href":"https:\/\/www.paysdesecrins.com\/de\/wp-json\/wp\/v2\/comments?post=44352"}],"version-history":[{"count":1,"href":"https:\/\/www.paysdesecrins.com\/de\/wp-json\/wp\/v2\/pages\/44352\/revisions"}],"predecessor-version":[{"id":166479,"href":"https:\/\/www.paysdesecrins.com\/de\/wp-json\/wp\/v2\/pages\/44352\/revisions\/166479"}],"wp:featuredmedia":[{"embeddable":true,"href":"https:\/\/www.paysdesecrins.com\/de\/wp-json\/wp\/v2\/media\/31394"}],"wp:attachment":[{"href":"https:\/\/www.paysdesecrins.com\/de\/wp-json\/wp\/v2\/media?parent=44352"}],"curies":[{"name":"wp","href":"https:\/\/api.w.org\/{rel}","templated":true}]}}