{"id":44356,"date":"2025-07-24T14:30:28","date_gmt":"2025-07-24T12:30:28","guid":{"rendered":"https:\/\/www.paysdesecrins.com\/der-see-von-entre-les-aygues\/"},"modified":"2025-08-11T13:53:42","modified_gmt":"2025-08-11T11:53:42","slug":"der-see-von-entre-les-aygues","status":"publish","type":"page","link":"https:\/\/www.paysdesecrins.com\/de\/meine-outdoor-aktivitaeten\/wandern-und-trailrunning-2\/der-see-von-entre-les-aygues\/","title":{"rendered":"Biwak zu zweit am Himmelfahrtsee"},"content":{"rendered":"    <div class=\"alignfull wp-block-ws-library-ws-header-interne\">\n\t    <div class=\"header-container\">\n\t        <div class=\"group-media has-image\">\n\t            \t                <img loading=\"lazy\" decoding=\"async\" width=\"1920\" height=\"800\" src=\"https:\/\/www.paysdesecrins.com\/wp-content\/uploads\/2025\/08\/dsc01835-enhanced-nr-1920x800.jpg\" alt=\"\" class=\"image_large_square wp-image-72813\" \/>\n\t            \t        <\/div>\n\t        <div class=\"group-content\">\n\t            <div class=\"title\">\n\t                <h1>\n\t                    Biwak zu zweit am Himmelfahrtsee\t                    \t                <\/h1>\n\t            <\/div>\n\t        <\/div>\n\t    <\/div>\n\t    \n<div class=\"yoast-breadcrumbs\"><span><span><a href=\"https:\/\/www.paysdesecrins.com\/de\/der-titel-des-hauses\/\">Accueil<\/a><\/span>  <span><a href=\"https:\/\/www.paysdesecrins.com\/de\/mein-wunsch\/\">Mein Wunsch,<\/a><\/span>  <span><a href=\"https:\/\/www.paysdesecrins.com\/de\/mein-wunsch\/44574-2\/\">Mein Wunsch nach Entspannung<\/a><\/span>  <span class=\"breadcrumb_last\" aria-current=\"page\">Biwak zu zweit am Himmelfahrtsee<\/span><\/span><\/div>\n    <\/div>\n    \n<div class=\"wp-block-ws-library-ws-title aligncenter is-style-simple\"><h2><em>Mikro-Abenteuer<\/em>Eine Nacht zu zweit am Ascension Lake<\/h2><\/div>\n\n<p class=\"has-text-align-left\">Zu zweit aufbrechen, leichte Taschen, einfaches Ziel: am Wasser zu schlafen. Wir verlassen La Roche-de-Rame am Ende des Nachmittags, nehmen den Weg, der stetig zum Lac de l&#8217;Ascension ansteigt, und streben die Ankunft vor Einbruch der Dunkelheit an. Das Tempo ist ruhig, jeder in der eigenen Hand, mit zwei oder drei Pausen, um zu trinken und sich ein flaches Pl\u00e4tzchen f\u00fcr die Nacht zu suchen.  <\/p>\n\n<p>Am See wird alles in Ordnung gebracht: Suchen Sie sich ein diskretes Pl\u00e4tzchen, weit genug vom Ufer entfernt, stellen Sie das kleine Zelt auf, ziehen Sie eine Daunenjacke an und drehen Sie das Wasser f\u00fcr das Essen auf. Die Idee ist, es nicht kompliziert zu machen: ein warmes Gericht, eine Thermoskanne f\u00fcr den Abend, dann schl\u00fcpfen wir in die Bettdecken. Die Nacht ist ruhig, wir stehen fr\u00fch auf, um einen Kaffee mit Blick auf das Wasser zu trinken, dann falten wir uns ordentlich zusammen und gehen auf dem gleichen Weg wieder hinunter. Es ist kurz, einfach und es f\u00fchlt sich gut an.   <\/p>\n\n<p>Am Ende ist es ein Mikro-Abenteuer, das f\u00fcr ein Wochenende oder eine Wochennacht konzipiert ist: Klettern am sp\u00e4ten Nachmittag, nachts am See, Kaffee am Morgen und R\u00fcckkehr vor Mittag. Sie m\u00fcssen nicht weit gehen, um zu zweit wegzukommen \u2013 organisieren Sie sich einfach ein wenig und respektieren Sie den Berg. <\/p>\n\n<div class=\"wp-block-ws-library-ws-columns alignwide has-2-columns are-vertically-aligned-center layout-5050 is-style-background\">\n<div class=\"wp-block-ws-library-ws-column\"><div class=\"wrapper\">\n<div class=\"wp-block-ws-library-ws-title\"><h2>Streckenseite<\/h2><\/div>\n\n\n\n<p>F\u00fcr die Route beginnt man in La Roche-de-Rame (Parkplatz im Dorf) oder, wenn der Weg offen und befahrbar ist, bei <strong>den Chalets Lauzet<\/strong> , um die Anfahrt abzuk\u00fcrzen. Folgen Sie der Beschilderung &#8220; <strong>Lac de l&#8217;Ascension \u2013 par le Peyron<\/strong> &#8222;: Fu\u00dfg\u00e4ngerbr\u00fccke \u00fcber den <strong>Wildbach Bouchouse<\/strong>, Unterholz, dann Kiefernw\u00e4lder, und steigen Sie bis zum <strong>rechten Ufer des Wildbaches Ascension<\/strong> auf, bevor die Bergweiden zum See f\u00fchren. Informieren Sie sich zu Beginn oder am Ende der Saison \u00fcber die \u00d6ffnung der Lauzet-Piste (oft degradiert) und die Schneedecke in der H\u00f6he. Im Zweifelsfall Abfahrt aus dem Dorf. Der R\u00fcckweg erfolgt auf dem gleichen Weg oder in einer <strong>Schleife \u00fcber den Lake Escur<\/strong> , wenn das Wetter und der Zeitplan es zulassen \u2013 lassen Sie immer Platz f\u00fcr den Abstieg bei Tageslicht.   <\/p>\n<\/div><\/div>\n\n\n\n<div class=\"wp-block-ws-library-ws-column\"><div class=\"wrapper\">\n<div class=\"wp-block-ws-library-ws-image\"><div class=\"wrapper\"><div class=\"group-media\"><img decoding=\"async\" src=\"https:\/\/www.paysdesecrins.com\/wp-content\/uploads\/2025\/08\/ascension-23-1-960x640.jpg\" alt=\"\" class=\"single_image ws-image-72808\"><div class=\"credits\"><\/div><\/div><p class=\"caption\"><\/p><\/div><\/div>\n<\/div><\/div>\n<\/div>\n\n<div class=\"wp-block-ws-library-ws-title aligncenter\"><h3>Hardware<\/h3><\/div>\n\n<p>M\u00f6chten Sie Ihr erstes Biwak in den Bergen starten? Wir erz\u00e4hlen Ihnen alles! Auf unserer Seite bleiben wir einfach: leichtes Zelt, isolierende Matratze, der Jahreszeit angepasste Bettdecke, Kocher + Gasflasche, eine Stirnlampe, um klar zu sehen, ein kleines Erste-Hilfe-Set f\u00fcr alle F\u00e4lle, warme und winddichte Kleidung und eine Flasche Wasser. Wir \u00fcberpr\u00fcfen das Wetter und den Zustand des Weges, bevor wir losfahren, und lassen einen Freund und ein Familienmitglied wissen, wann wir zur\u00fcckkehren werden. Zum Essen ein gefriergetrocknetes oder Nudeln und etwas zum Fr\u00fchst\u00fcck, ohne Zeit zu verschwenden.    <\/p>\n\n<div class=\"wp-block-ws-library-ws-columns alignwide has-2-columns are-vertically-aligned-center layout-5050\">\n<div class=\"wp-block-ws-library-ws-column\"><div class=\"wrapper\">\n<div class=\"wp-block-ws-library-ws-image\"><div class=\"wrapper\"><div class=\"group-media\"><img decoding=\"async\" src=\"https:\/\/www.paysdesecrins.com\/wp-content\/uploads\/2025\/07\/15randonnee-lac-de-l-ascension-et-lever-de-soleil-sur-les-aurus-6-960x640.jpg\" alt=\"\" class=\"single_image ws-image-21107\"><div class=\"credits\"><\/div><\/div><p class=\"caption\"><\/p><\/div><\/div>\n<\/div><\/div>\n\n\n\n<div class=\"wp-block-ws-library-ws-column\"><div class=\"wrapper\">\n<div class=\"wp-block-ws-library-ws-title\"><h2><em>Respekt vor dem Ort <\/em>Unsere kleinen Tipps<\/h2><\/div>\n\n\n\n<p>Wir bleiben auf dem Weg f\u00fcr die Anfahrt, w\u00e4hlen nach M\u00f6glichkeit einen bereits markierten Platz, stellen das Zelt <strong>weit vom Wasser entfernt<\/strong> (mindestens 200 m) <strong>und ohne Feuer<\/strong> auf und gehen mit all unseren Abf\u00e4llen los. Wenn Ihre Route in <strong>das Herz des Nationalparks \u00c9crins<\/strong> f\u00fchrt, gilt die <strong>Biwakregel nur zwischen 19 Uhr und 9 Uhr<\/strong> . Wenden Sie sich im Zweifelsfall an das Fremdenverkehrsamt oder das Rathaus um eine Best\u00e4tigung. Das Ziel ist es, den Ort zu genie\u00dfen, ohne ihn zu verschlechtern.  <\/p>\n<\/div><\/div>\n<\/div>\n\n<div class=\"wp-block-ws-library-ws-share\"><span class=\"share-subtitle\">Hat Ihnen diese Seite gefallen?<\/span><span class=\"share-title\">Teilen Sie es!<\/span><button class=\"ws-share-button wp-element-button\">Diese Seite teilen<\/button><\/div>\n","protected":false},"excerpt":{"rendered":"<p>Zu zweit aufbrechen, leichte Taschen, einfaches Ziel: am Wasser zu schlafen. Wir verlassen La Roche-de-Rame am Ende des Nachmittags, nehmen [&hellip;]<\/p>\n","protected":false},"author":4,"featured_media":72816,"parent":45809,"menu_order":0,"comment_status":"closed","ping_status":"closed","template":"","meta":{"_thumbnail_id_2":0,"summer_excerpt":"","season":"","station":"","footnotes":""},"class_list":["post-44356","page","type-page","status-publish","has-post-thumbnail","hentry"],"yoast_head":"<!-- This site is optimized with the Yoast SEO plugin v27.3 - https:\/\/yoast.com\/product\/yoast-seo-wordpress\/ -->\n<title>Biwak zu zweit am Himmelfahrtsee - Pays des \u00c9crins - Office de Tourisme<\/title>\n<meta name=\"robots\" content=\"index, follow, max-snippet:-1, max-image-preview:large, max-video-preview:-1\" \/>\n<link rel=\"canonical\" href=\"https:\/\/www.paysdesecrins.com\/de\/meine-outdoor-aktivitaeten\/wandern-und-trailrunning-2\/der-see-von-entre-les-aygues\/\" \/>\n<meta property=\"og:locale\" content=\"de_DE\" \/>\n<meta property=\"og:type\" content=\"article\" \/>\n<meta property=\"og:title\" content=\"Biwak zu zweit am Himmelfahrtsee - Pays des \u00c9crins - Office de Tourisme\" \/>\n<meta property=\"og:description\" content=\"Zu zweit aufbrechen, leichte Taschen, einfaches Ziel: am Wasser zu schlafen. Wir verlassen La Roche-de-Rame am Ende des Nachmittags, nehmen [&hellip;]\" \/>\n<meta property=\"og:url\" content=\"https:\/\/www.paysdesecrins.com\/de\/meine-outdoor-aktivitaeten\/wandern-und-trailrunning-2\/der-see-von-entre-les-aygues\/\" \/>\n<meta property=\"og:site_name\" content=\"Pays des \u00c9crins - Office de Tourisme\" \/>\n<meta property=\"article:modified_time\" content=\"2025-08-11T11:53:42+00:00\" \/>\n<meta property=\"og:image\" content=\"https:\/\/www.paysdesecrins.com\/wp-content\/uploads\/2025\/08\/dsc01835-enhanced-nr-scaled.jpg\" \/>\n\t<meta property=\"og:image:width\" content=\"2560\" \/>\n\t<meta property=\"og:image:height\" content=\"1707\" \/>\n\t<meta property=\"og:image:type\" content=\"image\/jpeg\" \/>\n<meta name=\"twitter:card\" content=\"summary_large_image\" \/>\n<meta name=\"twitter:label1\" content=\"Gesch\u00e4tzte Lesezeit\" \/>\n\t<meta name=\"twitter:data1\" content=\"3 Minuten\" \/>\n<script type=\"application\/ld+json\" class=\"yoast-schema-graph\">{\"@context\":\"https:\\\/\\\/schema.org\",\"@graph\":[{\"@type\":\"WebPage\",\"@id\":\"https:\\\/\\\/www.paysdesecrins.com\\\/de\\\/meine-outdoor-aktivitaeten\\\/wandern-und-trailrunning-2\\\/der-see-von-entre-les-aygues\\\/\",\"url\":\"https:\\\/\\\/www.paysdesecrins.com\\\/de\\\/meine-outdoor-aktivitaeten\\\/wandern-und-trailrunning-2\\\/der-see-von-entre-les-aygues\\\/\",\"name\":\"Biwak zu zweit am Himmelfahrtsee - Pays des \u00c9crins - Office de Tourisme\",\"isPartOf\":{\"@id\":\"https:\\\/\\\/www.paysdesecrins.com\\\/de\\\/#website\"},\"primaryImageOfPage\":{\"@id\":\"https:\\\/\\\/www.paysdesecrins.com\\\/de\\\/meine-outdoor-aktivitaeten\\\/wandern-und-trailrunning-2\\\/der-see-von-entre-les-aygues\\\/#primaryimage\"},\"image\":{\"@id\":\"https:\\\/\\\/www.paysdesecrins.com\\\/de\\\/meine-outdoor-aktivitaeten\\\/wandern-und-trailrunning-2\\\/der-see-von-entre-les-aygues\\\/#primaryimage\"},\"thumbnailUrl\":\"https:\\\/\\\/www.paysdesecrins.com\\\/wp-content\\\/uploads\\\/2025\\\/08\\\/dsc01835-enhanced-nr-scaled.jpg\",\"datePublished\":\"2025-07-24T12:30:28+00:00\",\"dateModified\":\"2025-08-11T11:53:42+00:00\",\"breadcrumb\":{\"@id\":\"https:\\\/\\\/www.paysdesecrins.com\\\/de\\\/meine-outdoor-aktivitaeten\\\/wandern-und-trailrunning-2\\\/der-see-von-entre-les-aygues\\\/#breadcrumb\"},\"inLanguage\":\"de\",\"potentialAction\":[{\"@type\":\"ReadAction\",\"target\":[\"https:\\\/\\\/www.paysdesecrins.com\\\/de\\\/meine-outdoor-aktivitaeten\\\/wandern-und-trailrunning-2\\\/der-see-von-entre-les-aygues\\\/\"]}]},{\"@type\":\"ImageObject\",\"inLanguage\":\"de\",\"@id\":\"https:\\\/\\\/www.paysdesecrins.com\\\/de\\\/meine-outdoor-aktivitaeten\\\/wandern-und-trailrunning-2\\\/der-see-von-entre-les-aygues\\\/#primaryimage\",\"url\":\"https:\\\/\\\/www.paysdesecrins.com\\\/wp-content\\\/uploads\\\/2025\\\/08\\\/dsc01835-enhanced-nr-scaled.jpg\",\"contentUrl\":\"https:\\\/\\\/www.paysdesecrins.com\\\/wp-content\\\/uploads\\\/2025\\\/08\\\/dsc01835-enhanced-nr-scaled.jpg\",\"width\":2560,\"height\":1707},{\"@type\":\"BreadcrumbList\",\"@id\":\"https:\\\/\\\/www.paysdesecrins.com\\\/de\\\/meine-outdoor-aktivitaeten\\\/wandern-und-trailrunning-2\\\/der-see-von-entre-les-aygues\\\/#breadcrumb\",\"itemListElement\":[{\"@type\":\"ListItem\",\"position\":1,\"name\":\"Accueil\",\"item\":\"https:\\\/\\\/www.paysdesecrins.com\\\/de\\\/der-titel-des-hauses\\\/\"},{\"@type\":\"ListItem\",\"position\":2,\"name\":\"Mein Wunsch,\",\"item\":\"https:\\\/\\\/www.paysdesecrins.com\\\/de\\\/mein-wunsch\\\/\"},{\"@type\":\"ListItem\",\"position\":3,\"name\":\"Mein Wunsch nach Entspannung\",\"item\":\"https:\\\/\\\/www.paysdesecrins.com\\\/de\\\/mein-wunsch\\\/44574-2\\\/\"},{\"@type\":\"ListItem\",\"position\":4,\"name\":\"Biwak zu zweit am Himmelfahrtsee\"}]},{\"@type\":\"WebSite\",\"@id\":\"https:\\\/\\\/www.paysdesecrins.com\\\/de\\\/#website\",\"url\":\"https:\\\/\\\/www.paysdesecrins.com\\\/de\\\/\",\"name\":\"Pays des \u00c9crins - Office de Tourisme\",\"description\":\"L&#039;esprit montagne\",\"publisher\":{\"@id\":\"https:\\\/\\\/www.paysdesecrins.com\\\/de\\\/#organization\"},\"potentialAction\":[{\"@type\":\"SearchAction\",\"target\":{\"@type\":\"EntryPoint\",\"urlTemplate\":\"https:\\\/\\\/www.paysdesecrins.com\\\/de\\\/?s={search_term_string}\"},\"query-input\":{\"@type\":\"PropertyValueSpecification\",\"valueRequired\":true,\"valueName\":\"search_term_string\"}}],\"inLanguage\":\"de\"},{\"@type\":\"Organization\",\"@id\":\"https:\\\/\\\/www.paysdesecrins.com\\\/de\\\/#organization\",\"name\":\"Pays des \u00c9crins - Office de Tourisme\",\"url\":\"https:\\\/\\\/www.paysdesecrins.com\\\/de\\\/\",\"logo\":{\"@type\":\"ImageObject\",\"inLanguage\":\"de\",\"@id\":\"https:\\\/\\\/www.paysdesecrins.com\\\/de\\\/#\\\/schema\\\/logo\\\/image\\\/\",\"url\":\"https:\\\/\\\/www.paysdesecrins.com\\\/wp-content\\\/uploads\\\/2025\\\/06\\\/devina-svg-1750845694.svg\",\"contentUrl\":\"https:\\\/\\\/www.paysdesecrins.com\\\/wp-content\\\/uploads\\\/2025\\\/06\\\/devina-svg-1750845694.svg\",\"caption\":\"Pays des \u00c9crins - Office de Tourisme\"},\"image\":{\"@id\":\"https:\\\/\\\/www.paysdesecrins.com\\\/de\\\/#\\\/schema\\\/logo\\\/image\\\/\"}}]}<\/script>\n<!-- \/ Yoast SEO plugin. -->","yoast_head_json":{"title":"Biwak zu zweit am Himmelfahrtsee - Pays des \u00c9crins - Office de Tourisme","robots":{"index":"index","follow":"follow","max-snippet":"max-snippet:-1","max-image-preview":"max-image-preview:large","max-video-preview":"max-video-preview:-1"},"canonical":"https:\/\/www.paysdesecrins.com\/de\/meine-outdoor-aktivitaeten\/wandern-und-trailrunning-2\/der-see-von-entre-les-aygues\/","og_locale":"de_DE","og_type":"article","og_title":"Biwak zu zweit am Himmelfahrtsee - Pays des \u00c9crins - Office de Tourisme","og_description":"Zu zweit aufbrechen, leichte Taschen, einfaches Ziel: am Wasser zu schlafen. Wir verlassen La Roche-de-Rame am Ende des Nachmittags, nehmen [&hellip;]","og_url":"https:\/\/www.paysdesecrins.com\/de\/meine-outdoor-aktivitaeten\/wandern-und-trailrunning-2\/der-see-von-entre-les-aygues\/","og_site_name":"Pays des \u00c9crins - Office de Tourisme","article_modified_time":"2025-08-11T11:53:42+00:00","og_image":[{"width":2560,"height":1707,"url":"https:\/\/www.paysdesecrins.com\/wp-content\/uploads\/2025\/08\/dsc01835-enhanced-nr-scaled.jpg","type":"image\/jpeg"}],"twitter_card":"summary_large_image","twitter_misc":{"Gesch\u00e4tzte Lesezeit":"3 Minuten"},"schema":{"@context":"https:\/\/schema.org","@graph":[{"@type":"WebPage","@id":"https:\/\/www.paysdesecrins.com\/de\/meine-outdoor-aktivitaeten\/wandern-und-trailrunning-2\/der-see-von-entre-les-aygues\/","url":"https:\/\/www.paysdesecrins.com\/de\/meine-outdoor-aktivitaeten\/wandern-und-trailrunning-2\/der-see-von-entre-les-aygues\/","name":"Biwak zu zweit am Himmelfahrtsee - Pays des \u00c9crins - Office de Tourisme","isPartOf":{"@id":"https:\/\/www.paysdesecrins.com\/de\/#website"},"primaryImageOfPage":{"@id":"https:\/\/www.paysdesecrins.com\/de\/meine-outdoor-aktivitaeten\/wandern-und-trailrunning-2\/der-see-von-entre-les-aygues\/#primaryimage"},"image":{"@id":"https:\/\/www.paysdesecrins.com\/de\/meine-outdoor-aktivitaeten\/wandern-und-trailrunning-2\/der-see-von-entre-les-aygues\/#primaryimage"},"thumbnailUrl":"https:\/\/www.paysdesecrins.com\/wp-content\/uploads\/2025\/08\/dsc01835-enhanced-nr-scaled.jpg","datePublished":"2025-07-24T12:30:28+00:00","dateModified":"2025-08-11T11:53:42+00:00","breadcrumb":{"@id":"https:\/\/www.paysdesecrins.com\/de\/meine-outdoor-aktivitaeten\/wandern-und-trailrunning-2\/der-see-von-entre-les-aygues\/#breadcrumb"},"inLanguage":"de","potentialAction":[{"@type":"ReadAction","target":["https:\/\/www.paysdesecrins.com\/de\/meine-outdoor-aktivitaeten\/wandern-und-trailrunning-2\/der-see-von-entre-les-aygues\/"]}]},{"@type":"ImageObject","inLanguage":"de","@id":"https:\/\/www.paysdesecrins.com\/de\/meine-outdoor-aktivitaeten\/wandern-und-trailrunning-2\/der-see-von-entre-les-aygues\/#primaryimage","url":"https:\/\/www.paysdesecrins.com\/wp-content\/uploads\/2025\/08\/dsc01835-enhanced-nr-scaled.jpg","contentUrl":"https:\/\/www.paysdesecrins.com\/wp-content\/uploads\/2025\/08\/dsc01835-enhanced-nr-scaled.jpg","width":2560,"height":1707},{"@type":"BreadcrumbList","@id":"https:\/\/www.paysdesecrins.com\/de\/meine-outdoor-aktivitaeten\/wandern-und-trailrunning-2\/der-see-von-entre-les-aygues\/#breadcrumb","itemListElement":[{"@type":"ListItem","position":1,"name":"Accueil","item":"https:\/\/www.paysdesecrins.com\/de\/der-titel-des-hauses\/"},{"@type":"ListItem","position":2,"name":"Mein Wunsch,","item":"https:\/\/www.paysdesecrins.com\/de\/mein-wunsch\/"},{"@type":"ListItem","position":3,"name":"Mein Wunsch nach Entspannung","item":"https:\/\/www.paysdesecrins.com\/de\/mein-wunsch\/44574-2\/"},{"@type":"ListItem","position":4,"name":"Biwak zu zweit am Himmelfahrtsee"}]},{"@type":"WebSite","@id":"https:\/\/www.paysdesecrins.com\/de\/#website","url":"https:\/\/www.paysdesecrins.com\/de\/","name":"Pays des \u00c9crins - Office de Tourisme","description":"L&#039;esprit montagne","publisher":{"@id":"https:\/\/www.paysdesecrins.com\/de\/#organization"},"potentialAction":[{"@type":"SearchAction","target":{"@type":"EntryPoint","urlTemplate":"https:\/\/www.paysdesecrins.com\/de\/?s={search_term_string}"},"query-input":{"@type":"PropertyValueSpecification","valueRequired":true,"valueName":"search_term_string"}}],"inLanguage":"de"},{"@type":"Organization","@id":"https:\/\/www.paysdesecrins.com\/de\/#organization","name":"Pays des \u00c9crins - Office de Tourisme","url":"https:\/\/www.paysdesecrins.com\/de\/","logo":{"@type":"ImageObject","inLanguage":"de","@id":"https:\/\/www.paysdesecrins.com\/de\/#\/schema\/logo\/image\/","url":"https:\/\/www.paysdesecrins.com\/wp-content\/uploads\/2025\/06\/devina-svg-1750845694.svg","contentUrl":"https:\/\/www.paysdesecrins.com\/wp-content\/uploads\/2025\/06\/devina-svg-1750845694.svg","caption":"Pays des \u00c9crins - Office de Tourisme"},"image":{"@id":"https:\/\/www.paysdesecrins.com\/de\/#\/schema\/logo\/image\/"}}]}},"_links":{"self":[{"href":"https:\/\/www.paysdesecrins.com\/de\/wp-json\/wp\/v2\/pages\/44356","targetHints":{"allow":["GET"]}}],"collection":[{"href":"https:\/\/www.paysdesecrins.com\/de\/wp-json\/wp\/v2\/pages"}],"about":[{"href":"https:\/\/www.paysdesecrins.com\/de\/wp-json\/wp\/v2\/types\/page"}],"author":[{"embeddable":true,"href":"https:\/\/www.paysdesecrins.com\/de\/wp-json\/wp\/v2\/users\/4"}],"replies":[{"embeddable":true,"href":"https:\/\/www.paysdesecrins.com\/de\/wp-json\/wp\/v2\/comments?post=44356"}],"version-history":[{"count":0,"href":"https:\/\/www.paysdesecrins.com\/de\/wp-json\/wp\/v2\/pages\/44356\/revisions"}],"up":[{"embeddable":true,"href":"https:\/\/www.paysdesecrins.com\/de\/wp-json\/wp\/v2\/pages\/45809"}],"wp:featuredmedia":[{"embeddable":true,"href":"https:\/\/www.paysdesecrins.com\/de\/wp-json\/wp\/v2\/media\/72816"}],"wp:attachment":[{"href":"https:\/\/www.paysdesecrins.com\/de\/wp-json\/wp\/v2\/media?parent=44356"}],"curies":[{"name":"wp","href":"https:\/\/api.w.org\/{rel}","templated":true}]}}