{"id":44452,"date":"2025-06-25T15:44:52","date_gmt":"2025-06-25T13:44:52","guid":{"rendered":"https:\/\/www.paysdesecrins.com\/animationen\/"},"modified":"2025-08-11T11:01:09","modified_gmt":"2025-08-11T09:01:09","slug":"animationen","status":"publish","type":"page","link":"https:\/\/www.paysdesecrins.com\/de\/mein-resort-mein-dorf\/puy-saint-vincent\/animationen\/","title":{"rendered":"Unterhaltung in Puy St. Vincent"},"content":{"rendered":"    <div class=\"alignfull wp-block-ws-library-ws-header-interne\">\n\t    <div class=\"header-container\">\n\t        <div class=\"group-media has-image\">\n\t            \t                <img loading=\"lazy\" decoding=\"async\" width=\"1920\" height=\"800\" src=\"https:\/\/www.paysdesecrins.com\/wp-content\/uploads\/2025\/07\/img-2682-1920x800.jpg\" alt=\"\" class=\"image_large_square wp-image-31376\" \/>\n\t            \t        <\/div>\n\t        <div class=\"group-content\">\n\t            <div class=\"title\">\n\t                <h1>\n\t                    Unterhaltung in Puy St. Vincent\t                    \t                <\/h1>\n\t            <\/div>\n\t        <\/div>\n\t    <\/div>\n\t    \n<div class=\"yoast-breadcrumbs\"><span><span><a href=\"https:\/\/www.paysdesecrins.com\/de\/der-titel-des-hauses\/\">Accueil<\/a><\/span>  <span><a href=\"https:\/\/www.paysdesecrins.com\/de\/ma-station-mon-village\/\">Mein Resort, mein Dorf<\/a><\/span>  <span><a href=\"https:\/\/www.paysdesecrins.com\/de\/mein-resort-mein-dorf\/puy-saint-vincent\/\">Puy-Saint-Vincent<\/a><\/span>  <span class=\"breadcrumb_last\" aria-current=\"page\">Unterhaltung in Puy St. Vincent<\/span><\/span><\/div>\n    <\/div>\n    \n<div class=\"wp-block-ws-library-ws-title aligncenter is-style-simple\"><h2><em>Holen Sie sich jede Menge Unterhaltung bei<\/em> Puy St. Vincent<\/h2><\/div>\n\n<p class=\"has-text-align-center\">In Puy Saint Vincent ist das Programm das ganze Jahr \u00fcber aktiv: Fackelabfahrten, Konzerte und DJ-Sets an der Schneefront, Kino und Themenabende. F\u00fcr Familien: Kinderworkshops, Schatzsuchen, Einf\u00fchrungen (Schneeschuhwandern, Biathlon). Werfen Sie einen Blick auf das Wochenprogramm und denken Sie daran, zu buchen, wenn dies angezeigt ist.  <\/p>\n\n<div class=\"wp-block-ws-library-ws-button has-text-align-center\"><a href=\"https:\/\/www.paysdesecrins.com\/de\/ich-waehle\/unterhaltung-und-veranstaltungen\/veranstaltungen-im-pays-des-ecrins\/\" class=\"wp-block-button__link wp-element-button btn\">  Entdecken Sie alle Aktivit\u00e4ten des Pays des \u00c9crins<\/a><\/div>\n<div id=\"listing_1a935\" data-observer-wishlist data-attributes='listing-avance {\"selectedSelectionIds\":[\"188573\"],\"showMap\":true,\"isPaginated\":true,\"isPortrait\":false,\"isImageContain\":false,\"showCommune\":true,\"defaultImage\":\"https:\\\/\\\/www.paysdesecrins.com\\\/wp-content\\\/uploads\\\/2025\\\/06\\\/cropped-paysdesecrins.png\",\"selectedFacets\":[],\"sortOrder\":\"random\",\"showType\":false,\"columnsCount\":\"2-3-3\",\"showActiveFacets\":false,\"showGeolocalisation\":false,\"isLimited\":false,\"perPage\":12,\"season\":\"\",\"align\":\"wide\"}' class=\"ws-listing wp-block-ws-apidae-library-listing-avance alignwide\" data-map-id=\"map_1a935\" data-locations-id=\"locations-data_1a935\"><div class=\"listing-header\"><div class=\"toggle-container\"><button class=\"btn toggle-btn toggle-list\" data-target=\"list\">Liste<\/button><button class=\"btn toggle-btn toggle-map\" data-target=\"map\">Landkarte<\/button><button class=\"btn toggle-btn toggle-fulllist\" data-target=\"fulllist\" data-reverse=\"Karte anzeigen\">Karte ausblenden<\/button><\/div><\/div><div class=\"facetwp-template\"><div class=\"list-container active\"><p class=\"error ws-apidae-empty-list\">Keine touristischen Attraktionen in Sicht. Vielleicht macht unsere Seite ein kleines Nickerchen&#8230; <\/p><\/div><\/div><div class=\"map-marker\"><div id=\"map_1a935\" class=\"map-container\" style=\"width: 100%; height: 450px;\"><\/div><\/div><\/div>","protected":false},"excerpt":{"rendered":"<p>In Puy Saint Vincent ist das Programm das ganze Jahr \u00fcber aktiv: Fackelabfahrten, Konzerte und DJ-Sets an der Schneefront, Kino [&hellip;]<\/p>\n","protected":false},"author":1,"featured_media":44930,"parent":45035,"menu_order":0,"comment_status":"closed","ping_status":"closed","template":"","meta":{"_thumbnail_id_2":0,"summer_excerpt":"","season":"","station":"","footnotes":""},"class_list":["post-44452","page","type-page","status-publish","has-post-thumbnail","hentry"],"yoast_head":"<!-- This site is optimized with the Yoast SEO plugin v27.3 - https:\/\/yoast.com\/product\/yoast-seo-wordpress\/ -->\n<title>Unterhaltung in Puy St. Vincent - Pays des \u00c9crins - Office de Tourisme<\/title>\n<meta name=\"robots\" content=\"index, follow, max-snippet:-1, max-image-preview:large, max-video-preview:-1\" \/>\n<link rel=\"canonical\" href=\"https:\/\/www.paysdesecrins.com\/de\/mein-resort-mein-dorf\/puy-saint-vincent\/animationen\/\" \/>\n<meta property=\"og:locale\" content=\"de_DE\" \/>\n<meta property=\"og:type\" content=\"article\" \/>\n<meta property=\"og:title\" content=\"Unterhaltung in Puy St. Vincent - Pays des \u00c9crins - Office de Tourisme\" \/>\n<meta property=\"og:description\" content=\"In Puy Saint Vincent ist das Programm das ganze Jahr \u00fcber aktiv: Fackelabfahrten, Konzerte und DJ-Sets an der Schneefront, Kino [&hellip;]\" \/>\n<meta property=\"og:url\" content=\"https:\/\/www.paysdesecrins.com\/de\/mein-resort-mein-dorf\/puy-saint-vincent\/animationen\/\" \/>\n<meta property=\"og:site_name\" content=\"Pays des \u00c9crins - Office de Tourisme\" \/>\n<meta property=\"article:modified_time\" content=\"2025-08-11T09:01:09+00:00\" \/>\n<meta property=\"og:image\" content=\"https:\/\/www.paysdesecrins.com\/wp-content\/uploads\/2025\/07\/img-2008-scaled.jpg\" \/>\n\t<meta property=\"og:image:width\" content=\"2560\" \/>\n\t<meta property=\"og:image:height\" content=\"1706\" \/>\n\t<meta property=\"og:image:type\" content=\"image\/jpeg\" \/>\n<meta name=\"twitter:card\" content=\"summary_large_image\" \/>\n<script type=\"application\/ld+json\" class=\"yoast-schema-graph\">{\"@context\":\"https:\\\/\\\/schema.org\",\"@graph\":[{\"@type\":\"WebPage\",\"@id\":\"https:\\\/\\\/www.paysdesecrins.com\\\/de\\\/mein-resort-mein-dorf\\\/puy-saint-vincent\\\/animationen\\\/\",\"url\":\"https:\\\/\\\/www.paysdesecrins.com\\\/de\\\/mein-resort-mein-dorf\\\/puy-saint-vincent\\\/animationen\\\/\",\"name\":\"Unterhaltung in Puy St. Vincent - Pays des \u00c9crins - Office de Tourisme\",\"isPartOf\":{\"@id\":\"https:\\\/\\\/www.paysdesecrins.com\\\/de\\\/#website\"},\"primaryImageOfPage\":{\"@id\":\"https:\\\/\\\/www.paysdesecrins.com\\\/de\\\/mein-resort-mein-dorf\\\/puy-saint-vincent\\\/animationen\\\/#primaryimage\"},\"image\":{\"@id\":\"https:\\\/\\\/www.paysdesecrins.com\\\/de\\\/mein-resort-mein-dorf\\\/puy-saint-vincent\\\/animationen\\\/#primaryimage\"},\"thumbnailUrl\":\"https:\\\/\\\/www.paysdesecrins.com\\\/wp-content\\\/uploads\\\/2025\\\/07\\\/img-2008-scaled.jpg\",\"datePublished\":\"2025-06-25T13:44:52+00:00\",\"dateModified\":\"2025-08-11T09:01:09+00:00\",\"breadcrumb\":{\"@id\":\"https:\\\/\\\/www.paysdesecrins.com\\\/de\\\/mein-resort-mein-dorf\\\/puy-saint-vincent\\\/animationen\\\/#breadcrumb\"},\"inLanguage\":\"de\",\"potentialAction\":[{\"@type\":\"ReadAction\",\"target\":[\"https:\\\/\\\/www.paysdesecrins.com\\\/de\\\/mein-resort-mein-dorf\\\/puy-saint-vincent\\\/animationen\\\/\"]}]},{\"@type\":\"ImageObject\",\"inLanguage\":\"de\",\"@id\":\"https:\\\/\\\/www.paysdesecrins.com\\\/de\\\/mein-resort-mein-dorf\\\/puy-saint-vincent\\\/animationen\\\/#primaryimage\",\"url\":\"https:\\\/\\\/www.paysdesecrins.com\\\/wp-content\\\/uploads\\\/2025\\\/07\\\/img-2008-scaled.jpg\",\"contentUrl\":\"https:\\\/\\\/www.paysdesecrins.com\\\/wp-content\\\/uploads\\\/2025\\\/07\\\/img-2008-scaled.jpg\",\"width\":2560,\"height\":1706},{\"@type\":\"BreadcrumbList\",\"@id\":\"https:\\\/\\\/www.paysdesecrins.com\\\/de\\\/mein-resort-mein-dorf\\\/puy-saint-vincent\\\/animationen\\\/#breadcrumb\",\"itemListElement\":[{\"@type\":\"ListItem\",\"position\":1,\"name\":\"Accueil\",\"item\":\"https:\\\/\\\/www.paysdesecrins.com\\\/de\\\/der-titel-des-hauses\\\/\"},{\"@type\":\"ListItem\",\"position\":2,\"name\":\"Mein Resort, mein Dorf\",\"item\":\"https:\\\/\\\/www.paysdesecrins.com\\\/de\\\/ma-station-mon-village\\\/\"},{\"@type\":\"ListItem\",\"position\":3,\"name\":\"Puy-Saint-Vincent\",\"item\":\"https:\\\/\\\/www.paysdesecrins.com\\\/de\\\/mein-resort-mein-dorf\\\/puy-saint-vincent\\\/\"},{\"@type\":\"ListItem\",\"position\":4,\"name\":\"Unterhaltung in Puy St. Vincent\"}]},{\"@type\":\"WebSite\",\"@id\":\"https:\\\/\\\/www.paysdesecrins.com\\\/de\\\/#website\",\"url\":\"https:\\\/\\\/www.paysdesecrins.com\\\/de\\\/\",\"name\":\"Pays des \u00c9crins - Office de Tourisme\",\"description\":\"L&#039;esprit montagne\",\"publisher\":{\"@id\":\"https:\\\/\\\/www.paysdesecrins.com\\\/de\\\/#organization\"},\"potentialAction\":[{\"@type\":\"SearchAction\",\"target\":{\"@type\":\"EntryPoint\",\"urlTemplate\":\"https:\\\/\\\/www.paysdesecrins.com\\\/de\\\/?s={search_term_string}\"},\"query-input\":{\"@type\":\"PropertyValueSpecification\",\"valueRequired\":true,\"valueName\":\"search_term_string\"}}],\"inLanguage\":\"de\"},{\"@type\":\"Organization\",\"@id\":\"https:\\\/\\\/www.paysdesecrins.com\\\/de\\\/#organization\",\"name\":\"Pays des \u00c9crins - Office de Tourisme\",\"url\":\"https:\\\/\\\/www.paysdesecrins.com\\\/de\\\/\",\"logo\":{\"@type\":\"ImageObject\",\"inLanguage\":\"de\",\"@id\":\"https:\\\/\\\/www.paysdesecrins.com\\\/de\\\/#\\\/schema\\\/logo\\\/image\\\/\",\"url\":\"https:\\\/\\\/www.paysdesecrins.com\\\/wp-content\\\/uploads\\\/2025\\\/06\\\/devina-svg-1750845694.svg\",\"contentUrl\":\"https:\\\/\\\/www.paysdesecrins.com\\\/wp-content\\\/uploads\\\/2025\\\/06\\\/devina-svg-1750845694.svg\",\"caption\":\"Pays des \u00c9crins - Office de Tourisme\"},\"image\":{\"@id\":\"https:\\\/\\\/www.paysdesecrins.com\\\/de\\\/#\\\/schema\\\/logo\\\/image\\\/\"}}]}<\/script>\n<!-- \/ Yoast SEO plugin. -->","yoast_head_json":{"title":"Unterhaltung in Puy St. Vincent - Pays des \u00c9crins - Office de Tourisme","robots":{"index":"index","follow":"follow","max-snippet":"max-snippet:-1","max-image-preview":"max-image-preview:large","max-video-preview":"max-video-preview:-1"},"canonical":"https:\/\/www.paysdesecrins.com\/de\/mein-resort-mein-dorf\/puy-saint-vincent\/animationen\/","og_locale":"de_DE","og_type":"article","og_title":"Unterhaltung in Puy St. Vincent - Pays des \u00c9crins - Office de Tourisme","og_description":"In Puy Saint Vincent ist das Programm das ganze Jahr \u00fcber aktiv: Fackelabfahrten, Konzerte und DJ-Sets an der Schneefront, Kino [&hellip;]","og_url":"https:\/\/www.paysdesecrins.com\/de\/mein-resort-mein-dorf\/puy-saint-vincent\/animationen\/","og_site_name":"Pays des \u00c9crins - Office de Tourisme","article_modified_time":"2025-08-11T09:01:09+00:00","og_image":[{"width":2560,"height":1706,"url":"https:\/\/www.paysdesecrins.com\/wp-content\/uploads\/2025\/07\/img-2008-scaled.jpg","type":"image\/jpeg"}],"twitter_card":"summary_large_image","schema":{"@context":"https:\/\/schema.org","@graph":[{"@type":"WebPage","@id":"https:\/\/www.paysdesecrins.com\/de\/mein-resort-mein-dorf\/puy-saint-vincent\/animationen\/","url":"https:\/\/www.paysdesecrins.com\/de\/mein-resort-mein-dorf\/puy-saint-vincent\/animationen\/","name":"Unterhaltung in Puy St. Vincent - Pays des \u00c9crins - Office de Tourisme","isPartOf":{"@id":"https:\/\/www.paysdesecrins.com\/de\/#website"},"primaryImageOfPage":{"@id":"https:\/\/www.paysdesecrins.com\/de\/mein-resort-mein-dorf\/puy-saint-vincent\/animationen\/#primaryimage"},"image":{"@id":"https:\/\/www.paysdesecrins.com\/de\/mein-resort-mein-dorf\/puy-saint-vincent\/animationen\/#primaryimage"},"thumbnailUrl":"https:\/\/www.paysdesecrins.com\/wp-content\/uploads\/2025\/07\/img-2008-scaled.jpg","datePublished":"2025-06-25T13:44:52+00:00","dateModified":"2025-08-11T09:01:09+00:00","breadcrumb":{"@id":"https:\/\/www.paysdesecrins.com\/de\/mein-resort-mein-dorf\/puy-saint-vincent\/animationen\/#breadcrumb"},"inLanguage":"de","potentialAction":[{"@type":"ReadAction","target":["https:\/\/www.paysdesecrins.com\/de\/mein-resort-mein-dorf\/puy-saint-vincent\/animationen\/"]}]},{"@type":"ImageObject","inLanguage":"de","@id":"https:\/\/www.paysdesecrins.com\/de\/mein-resort-mein-dorf\/puy-saint-vincent\/animationen\/#primaryimage","url":"https:\/\/www.paysdesecrins.com\/wp-content\/uploads\/2025\/07\/img-2008-scaled.jpg","contentUrl":"https:\/\/www.paysdesecrins.com\/wp-content\/uploads\/2025\/07\/img-2008-scaled.jpg","width":2560,"height":1706},{"@type":"BreadcrumbList","@id":"https:\/\/www.paysdesecrins.com\/de\/mein-resort-mein-dorf\/puy-saint-vincent\/animationen\/#breadcrumb","itemListElement":[{"@type":"ListItem","position":1,"name":"Accueil","item":"https:\/\/www.paysdesecrins.com\/de\/der-titel-des-hauses\/"},{"@type":"ListItem","position":2,"name":"Mein Resort, mein Dorf","item":"https:\/\/www.paysdesecrins.com\/de\/ma-station-mon-village\/"},{"@type":"ListItem","position":3,"name":"Puy-Saint-Vincent","item":"https:\/\/www.paysdesecrins.com\/de\/mein-resort-mein-dorf\/puy-saint-vincent\/"},{"@type":"ListItem","position":4,"name":"Unterhaltung in Puy St. Vincent"}]},{"@type":"WebSite","@id":"https:\/\/www.paysdesecrins.com\/de\/#website","url":"https:\/\/www.paysdesecrins.com\/de\/","name":"Pays des \u00c9crins - Office de Tourisme","description":"L&#039;esprit montagne","publisher":{"@id":"https:\/\/www.paysdesecrins.com\/de\/#organization"},"potentialAction":[{"@type":"SearchAction","target":{"@type":"EntryPoint","urlTemplate":"https:\/\/www.paysdesecrins.com\/de\/?s={search_term_string}"},"query-input":{"@type":"PropertyValueSpecification","valueRequired":true,"valueName":"search_term_string"}}],"inLanguage":"de"},{"@type":"Organization","@id":"https:\/\/www.paysdesecrins.com\/de\/#organization","name":"Pays des \u00c9crins - Office de Tourisme","url":"https:\/\/www.paysdesecrins.com\/de\/","logo":{"@type":"ImageObject","inLanguage":"de","@id":"https:\/\/www.paysdesecrins.com\/de\/#\/schema\/logo\/image\/","url":"https:\/\/www.paysdesecrins.com\/wp-content\/uploads\/2025\/06\/devina-svg-1750845694.svg","contentUrl":"https:\/\/www.paysdesecrins.com\/wp-content\/uploads\/2025\/06\/devina-svg-1750845694.svg","caption":"Pays des \u00c9crins - Office de Tourisme"},"image":{"@id":"https:\/\/www.paysdesecrins.com\/de\/#\/schema\/logo\/image\/"}}]}},"_links":{"self":[{"href":"https:\/\/www.paysdesecrins.com\/de\/wp-json\/wp\/v2\/pages\/44452","targetHints":{"allow":["GET"]}}],"collection":[{"href":"https:\/\/www.paysdesecrins.com\/de\/wp-json\/wp\/v2\/pages"}],"about":[{"href":"https:\/\/www.paysdesecrins.com\/de\/wp-json\/wp\/v2\/types\/page"}],"author":[{"embeddable":true,"href":"https:\/\/www.paysdesecrins.com\/de\/wp-json\/wp\/v2\/users\/1"}],"replies":[{"embeddable":true,"href":"https:\/\/www.paysdesecrins.com\/de\/wp-json\/wp\/v2\/comments?post=44452"}],"version-history":[{"count":0,"href":"https:\/\/www.paysdesecrins.com\/de\/wp-json\/wp\/v2\/pages\/44452\/revisions"}],"up":[{"embeddable":true,"href":"https:\/\/www.paysdesecrins.com\/de\/wp-json\/wp\/v2\/pages\/45035"}],"wp:featuredmedia":[{"embeddable":true,"href":"https:\/\/www.paysdesecrins.com\/de\/wp-json\/wp\/v2\/media\/44930"}],"wp:attachment":[{"href":"https:\/\/www.paysdesecrins.com\/de\/wp-json\/wp\/v2\/media?parent=44452"}],"curies":[{"name":"wp","href":"https:\/\/api.w.org\/{rel}","templated":true}]}}