{"id":45537,"date":"2025-06-27T15:20:38","date_gmt":"2025-06-27T13:20:38","guid":{"rendered":"https:\/\/www.paysdesecrins.com\/wunschliste-meine-favoriten\/"},"modified":"2025-07-29T18:40:54","modified_gmt":"2025-07-29T16:40:54","slug":"wunschliste-meine-favoriten","status":"publish","type":"page","link":"https:\/\/www.paysdesecrins.com\/de\/wunschliste-meine-favoriten\/","title":{"rendered":"Wunschliste \/ Meine Favoriten"},"content":{"rendered":"\n<ws-wishlist data-type=\"listing\"><\/ws-wishlist>\n\n<p>Merken Sie sich Unterk\u00fcnfte, Aktivit\u00e4ten, Veranstaltungen usw. und teilen Sie sie mit Ihren Lieben.  <\/p>\n","protected":false},"excerpt":{"rendered":"<p>Merken Sie sich Unterk\u00fcnfte, Aktivit\u00e4ten, Veranstaltungen usw. und teilen Sie sie mit Ihren Lieben.<\/p>\n","protected":false},"author":1,"featured_media":0,"parent":0,"menu_order":0,"comment_status":"closed","ping_status":"closed","template":"","meta":{"_thumbnail_id_2":0,"summer_excerpt":"","season":"","station":"","footnotes":""},"class_list":["post-45537","page","type-page","status-publish","hentry"],"yoast_head":"<!-- This site is optimized with the Yoast SEO plugin v27.2 - https:\/\/yoast.com\/product\/yoast-seo-wordpress\/ -->\n<title>Wunschliste \/ Meine Favoriten - Pays des \u00c9crins - Office de Tourisme<\/title>\n<meta name=\"robots\" content=\"noindex, follow\" \/>\n<meta property=\"og:locale\" content=\"de_DE\" \/>\n<meta property=\"og:type\" content=\"article\" \/>\n<meta property=\"og:title\" content=\"Wunschliste \/ Meine Favoriten - Pays des \u00c9crins - Office de Tourisme\" \/>\n<meta property=\"og:description\" content=\"Merken Sie sich Unterk\u00fcnfte, Aktivit\u00e4ten, Veranstaltungen usw. und teilen Sie sie mit Ihren Lieben.\" \/>\n<meta property=\"og:url\" content=\"https:\/\/www.paysdesecrins.com\/de\/wunschliste-meine-favoriten\/\" \/>\n<meta property=\"og:site_name\" content=\"Pays des \u00c9crins - Office de Tourisme\" \/>\n<meta property=\"article:modified_time\" content=\"2025-07-29T16:40:54+00:00\" \/>\n<meta name=\"twitter:card\" content=\"summary_large_image\" \/>\n<script type=\"application\/ld+json\" class=\"yoast-schema-graph\">{\"@context\":\"https:\/\/schema.org\",\"@graph\":[{\"@type\":\"WebPage\",\"@id\":\"https:\/\/www.paysdesecrins.com\/de\/wunschliste-meine-favoriten\/\",\"url\":\"https:\/\/www.paysdesecrins.com\/de\/wunschliste-meine-favoriten\/\",\"name\":\"Wunschliste \/ Meine Favoriten - Pays des \u00c9crins - Office de Tourisme\",\"isPartOf\":{\"@id\":\"https:\/\/www.paysdesecrins.com\/de\/#website\"},\"datePublished\":\"2025-06-27T13:20:38+00:00\",\"dateModified\":\"2025-07-29T16:40:54+00:00\",\"breadcrumb\":{\"@id\":\"https:\/\/www.paysdesecrins.com\/de\/wunschliste-meine-favoriten\/#breadcrumb\"},\"inLanguage\":\"de\",\"potentialAction\":[{\"@type\":\"ReadAction\",\"target\":[\"https:\/\/www.paysdesecrins.com\/de\/wunschliste-meine-favoriten\/\"]}]},{\"@type\":\"BreadcrumbList\",\"@id\":\"https:\/\/www.paysdesecrins.com\/de\/wunschliste-meine-favoriten\/#breadcrumb\",\"itemListElement\":[{\"@type\":\"ListItem\",\"position\":1,\"name\":\"Accueil\",\"item\":\"https:\/\/www.paysdesecrins.com\/de\/der-titel-des-hauses\/\"},{\"@type\":\"ListItem\",\"position\":2,\"name\":\"Wunschliste \/ Meine Favoriten\"}]},{\"@type\":\"WebSite\",\"@id\":\"https:\/\/www.paysdesecrins.com\/de\/#website\",\"url\":\"https:\/\/www.paysdesecrins.com\/de\/\",\"name\":\"Pays des \u00c9crins - Office de Tourisme\",\"description\":\"L&#039;esprit montagne\",\"publisher\":{\"@id\":\"https:\/\/www.paysdesecrins.com\/de\/#organization\"},\"potentialAction\":[{\"@type\":\"SearchAction\",\"target\":{\"@type\":\"EntryPoint\",\"urlTemplate\":\"https:\/\/www.paysdesecrins.com\/de\/?s={search_term_string}\"},\"query-input\":{\"@type\":\"PropertyValueSpecification\",\"valueRequired\":true,\"valueName\":\"search_term_string\"}}],\"inLanguage\":\"de\"},{\"@type\":\"Organization\",\"@id\":\"https:\/\/www.paysdesecrins.com\/de\/#organization\",\"name\":\"Pays des \u00c9crins - Office de Tourisme\",\"url\":\"https:\/\/www.paysdesecrins.com\/de\/\",\"logo\":{\"@type\":\"ImageObject\",\"inLanguage\":\"de\",\"@id\":\"https:\/\/www.paysdesecrins.com\/de\/#\/schema\/logo\/image\/\",\"url\":\"https:\/\/www.paysdesecrins.com\/wp-content\/uploads\/2025\/06\/devina-svg-1750845694.svg\",\"contentUrl\":\"https:\/\/www.paysdesecrins.com\/wp-content\/uploads\/2025\/06\/devina-svg-1750845694.svg\",\"caption\":\"Pays des \u00c9crins - Office de Tourisme\"},\"image\":{\"@id\":\"https:\/\/www.paysdesecrins.com\/de\/#\/schema\/logo\/image\/\"}}]}<\/script>\n<!-- \/ Yoast SEO plugin. -->","yoast_head_json":{"title":"Wunschliste \/ Meine Favoriten - Pays des \u00c9crins - Office de Tourisme","robots":{"index":"noindex","follow":"follow"},"og_locale":"de_DE","og_type":"article","og_title":"Wunschliste \/ Meine Favoriten - Pays des \u00c9crins - Office de Tourisme","og_description":"Merken Sie sich Unterk\u00fcnfte, Aktivit\u00e4ten, Veranstaltungen usw. und teilen Sie sie mit Ihren Lieben.","og_url":"https:\/\/www.paysdesecrins.com\/de\/wunschliste-meine-favoriten\/","og_site_name":"Pays des \u00c9crins - Office de Tourisme","article_modified_time":"2025-07-29T16:40:54+00:00","twitter_card":"summary_large_image","schema":{"@context":"https:\/\/schema.org","@graph":[{"@type":"WebPage","@id":"https:\/\/www.paysdesecrins.com\/de\/wunschliste-meine-favoriten\/","url":"https:\/\/www.paysdesecrins.com\/de\/wunschliste-meine-favoriten\/","name":"Wunschliste \/ Meine Favoriten - Pays des \u00c9crins - Office de Tourisme","isPartOf":{"@id":"https:\/\/www.paysdesecrins.com\/de\/#website"},"datePublished":"2025-06-27T13:20:38+00:00","dateModified":"2025-07-29T16:40:54+00:00","breadcrumb":{"@id":"https:\/\/www.paysdesecrins.com\/de\/wunschliste-meine-favoriten\/#breadcrumb"},"inLanguage":"de","potentialAction":[{"@type":"ReadAction","target":["https:\/\/www.paysdesecrins.com\/de\/wunschliste-meine-favoriten\/"]}]},{"@type":"BreadcrumbList","@id":"https:\/\/www.paysdesecrins.com\/de\/wunschliste-meine-favoriten\/#breadcrumb","itemListElement":[{"@type":"ListItem","position":1,"name":"Accueil","item":"https:\/\/www.paysdesecrins.com\/de\/der-titel-des-hauses\/"},{"@type":"ListItem","position":2,"name":"Wunschliste \/ Meine Favoriten"}]},{"@type":"WebSite","@id":"https:\/\/www.paysdesecrins.com\/de\/#website","url":"https:\/\/www.paysdesecrins.com\/de\/","name":"Pays des \u00c9crins - Office de Tourisme","description":"L&#039;esprit montagne","publisher":{"@id":"https:\/\/www.paysdesecrins.com\/de\/#organization"},"potentialAction":[{"@type":"SearchAction","target":{"@type":"EntryPoint","urlTemplate":"https:\/\/www.paysdesecrins.com\/de\/?s={search_term_string}"},"query-input":{"@type":"PropertyValueSpecification","valueRequired":true,"valueName":"search_term_string"}}],"inLanguage":"de"},{"@type":"Organization","@id":"https:\/\/www.paysdesecrins.com\/de\/#organization","name":"Pays des \u00c9crins - Office de Tourisme","url":"https:\/\/www.paysdesecrins.com\/de\/","logo":{"@type":"ImageObject","inLanguage":"de","@id":"https:\/\/www.paysdesecrins.com\/de\/#\/schema\/logo\/image\/","url":"https:\/\/www.paysdesecrins.com\/wp-content\/uploads\/2025\/06\/devina-svg-1750845694.svg","contentUrl":"https:\/\/www.paysdesecrins.com\/wp-content\/uploads\/2025\/06\/devina-svg-1750845694.svg","caption":"Pays des \u00c9crins - Office de Tourisme"},"image":{"@id":"https:\/\/www.paysdesecrins.com\/de\/#\/schema\/logo\/image\/"}}]}},"_links":{"self":[{"href":"https:\/\/www.paysdesecrins.com\/de\/wp-json\/wp\/v2\/pages\/45537","targetHints":{"allow":["GET"]}}],"collection":[{"href":"https:\/\/www.paysdesecrins.com\/de\/wp-json\/wp\/v2\/pages"}],"about":[{"href":"https:\/\/www.paysdesecrins.com\/de\/wp-json\/wp\/v2\/types\/page"}],"author":[{"embeddable":true,"href":"https:\/\/www.paysdesecrins.com\/de\/wp-json\/wp\/v2\/users\/1"}],"replies":[{"embeddable":true,"href":"https:\/\/www.paysdesecrins.com\/de\/wp-json\/wp\/v2\/comments?post=45537"}],"version-history":[{"count":0,"href":"https:\/\/www.paysdesecrins.com\/de\/wp-json\/wp\/v2\/pages\/45537\/revisions"}],"wp:attachment":[{"href":"https:\/\/www.paysdesecrins.com\/de\/wp-json\/wp\/v2\/media?parent=45537"}],"curies":[{"name":"wp","href":"https:\/\/api.w.org\/{rel}","templated":true}]}}