{"id":45541,"date":"2025-06-27T15:20:03","date_gmt":"2025-06-27T13:20:03","guid":{"rendered":"https:\/\/www.paysdesecrins.com\/fragen\/"},"modified":"2025-08-11T10:56:47","modified_gmt":"2025-08-11T08:56:47","slug":"fragen","status":"publish","type":"page","link":"https:\/\/www.paysdesecrins.com\/de\/fragen\/","title":{"rendered":"Fragen"},"content":{"rendered":"    <div class=\"alignfull wp-block-ws-library-ws-header-interne\">\n\t    <div class=\"header-container\">\n\t        <div class=\"group-media\">\n\t            \t        <\/div>\n\t        <div class=\"group-content\">\n\t            <div class=\"title\">\n\t                <h1>\n\t                    Fragen\t                    \t                <\/h1>\n\t            <\/div>\n\t        <\/div>\n\t    <\/div>\n\t    \n<div class=\"yoast-breadcrumbs\"><span><span><a href=\"https:\/\/www.paysdesecrins.com\/de\/der-titel-des-hauses\/\">Accueil<\/a><\/span>  <span class=\"breadcrumb_last\" aria-current=\"page\">Fragen<\/span><\/span><\/div>\n    <\/div>\n    \n<div class=\"wp-block-ws-library-ws-title aligncenter is-style-simple\"><h2><em>Schon einige<\/em> Elemente der Antworten<\/h2><\/div>\n\n<div class=\"wp-block-ws-library-ws-tabs alignfull\"><ul class=\"tabs-titles\"><li class=\"tab-title is-active\" data-tab-index=\"0\">HIVER<\/li><li class=\"tab-title\" data-tab-index=\"1\">\u00c9T\u00c9<\/li><li class=\"tab-title\" data-tab-index=\"2\">DOMAINE SKIABLE<\/li><\/ul><div class=\"tabs-list\">\n<div class=\"wp-block-ws-library-ws-tab\" style=\"display:none\"><p class=\"tab-title\">HIVER<\/p><div class=\"tab-content\">\n<p><strong>Welche Wanderwege gibt es?<\/strong><br\/>Die markierten Wege sind <strong><a href=\"https:\/\/rando.paysdesecrins.com\/search?outdoorPractice=10\" target=\"_blank\" rel=\"noreferrer noopener\">Verf\u00fcgbar hier<\/a>. <br\/><\/strong> <\/p>\n\n\n\n<p><strong>Welche Aktivit\u00e4ten k\u00f6nnen im Winter unternommen werden:<\/strong><br\/>Das Pays des \u00c9crins <strong>, ein<\/strong> Berggebiet, ist ein Ort, an dem Sie alle Arten von Outdoor-Aktivit\u00e4ten aus\u00fcben k\u00f6nnen.<br\/><strong>Im Winter<\/strong> erm\u00f6glichen Ihnen zwei Skigebiete (<a href=\"https:\/\/www.paysdesecrins.com\/de\/mein-resort-mein-dorf\/pelvoux-vallouise-ailefroide\/\">Pelvoux-Vallouise<\/a> und <a href=\"https:\/\/www.paysdesecrins.com\/de\/mein-resort-mein-dorf\/puy-saint-vincent\/\">Puy Saint Vincent<\/a>) und <a href=\"https:\/\/www.paysdesecrins.com\/de\/meine-outdoor-aktivitaeten\/ski\/\">3 nordische Gebiete<\/a> einen <strong>aktiven Urlaub<\/strong>. Skifahren, Snowboarden, Schneeschuhwandern, Gleitschirmfliegen <strong>&#8230; Finden Sie das Angebot an Outdoor- und Indoor-Aktivit\u00e4ten auf <a href=\"https:\/\/www.paysdesecrins.com\/de\/\"><strong>der entsprechenden Seite!<\/strong><\/a><\/strong><\/p>\n\n\n\n<p>W\u00e4hrend der gesamten Saison werden auch w\u00f6chentliche Aktivit\u00e4ten angeboten! Schauen Sie sich <a href=\"https:\/\/www.paysdesecrins.com\/de\/ich-waehle\/unterhaltung-und-veranstaltungen\/\" target=\"_blank\" rel=\"noreferrer noopener\"><strong>unsere Agenda<\/strong><\/a> an, um zu sehen, welche Unterhaltung w\u00e4hrend Ihres Aufenthalts organisiert wird. <br\/><br\/><strong>Wo finde ich das Wetter?<\/strong><br\/>Das Wetter des Tages und des morgigen Tages auf unserer Live-Seite mit der Webcam <a href=\"https:\/\/www.paysdesecrins.com\/de\/leben\/\">hier<\/a> !<br\/><br\/><strong>Gibt es Busse, Shuttles, \u00f6ffentliche Verkehrsmittel?<\/strong><br\/>Alle Informationen zum Transport <strong><a href=\"https:\/\/www.paysdesecrins.com\/de\/ich-waehle\/anfahrt-und-shuttles\/\">HIER<\/a><\/strong><\/p>\n\n\n\n<p><strong>Was sind die Markttage im Pays des Ecrins? <\/strong><br\/>Donnerstagmorgen in Vallouise-Pelvoux <br\/>Freitagmorgen im L&#8217;Argenti\u00e8re La Bess\u00e9e<\/p>\n<\/div><\/div>\n\n\n\n<div class=\"wp-block-ws-library-ws-tab\" style=\"display:none\"><p class=\"tab-title\">\u00c9T\u00c9<\/p><div class=\"tab-content\">\n<p><strong>Welche Wanderwege gibt es?<\/strong><br\/>Die markierten Wege sind <strong><a href=\"https:\/\/rando.paysdesecrins.com\/search?outdoorPractice=10\" target=\"_blank\" rel=\"noreferrer noopener\">Verf\u00fcgbar hier<\/a>. <br\/><\/strong> <\/p>\n\n\n\n<p><strong>Welche Aktivit\u00e4ten k\u00f6nnen Sie im Sommer unternehmen:<\/strong><br\/>Das Pays des \u00c9crins <strong>, ein<\/strong> Berggebiet, ist ein Ort, an dem Sie alle Arten von Outdoor-Aktivit\u00e4ten aus\u00fcben k\u00f6nnen.<br\/>Im Sommer <a href=\"https:\/\/www.paysdesecrins.com\/de\/ich-waehle\/sehenswuerdigkeiten-die-man-gesehen-haben-muss\/\">bemerkenswerte Naturschaupl\u00e4tze<\/a>, 2. Bergsteigergebiet in Frankreich, hoher Treffpunkt f\u00fcr Wildwasser, Radfahren, Klettern und Wandern im Nationalpark \u00c9crins, hier haben Sie die Qual der Wahl f\u00fcr einen gelungenen Aufenthalt in den <strong>Bergen!<\/strong><\/p>\n\n\n\n<p>W\u00e4hrend der gesamten Saison werden auch w\u00f6chentliche Aktivit\u00e4ten angeboten! Schauen Sie sich <a href=\"https:\/\/www.paysdesecrins.com\/de\/ich-waehle\/unterhaltung-und-veranstaltungen\/\" target=\"_blank\" rel=\"noreferrer noopener\"><strong>unsere Agenda<\/strong><\/a> an, um zu sehen, welche Unterhaltung w\u00e4hrend Ihres Aufenthalts organisiert wird. <br\/><br\/><strong>Wo finde ich das Wetter?<\/strong><br\/>Das Wetter des Tages und des morgigen Tages auf unserer Live-Seite mit der Webcam <a href=\"https:\/\/www.paysdesecrins.com\/de\/leben\/\">hier<\/a> !<br\/><br\/><strong>Gibt es Busse, Shuttles, \u00f6ffentliche Verkehrsmittel?<\/strong><br\/>Alle Informationen zum Transport <strong><a href=\"https:\/\/www.paysdesecrins.com\/de\/ich-waehle\/anfahrt-und-shuttles\/\">HIER<\/a><\/strong><\/p>\n\n\n\n<p><strong>Was sind die Markttage im Pays des Ecrins? <\/strong><br\/>Donnerstagmorgen in Vallouise-Pelvoux <br\/>Freitagmorgen im L&#8217;Argenti\u00e8re La Bess\u00e9e<\/p>\n<\/div><\/div>\n\n\n\n<div class=\"wp-block-ws-library-ws-tab\" style=\"display:none\"><p class=\"tab-title\">SKIGEBIET<\/p><div class=\"tab-content\"><\/div><\/div>\n<\/div><\/div>\n\n<p><strong>Wann sind die \u00d6ffnungszeiten der Skigebiete?<\/strong><br\/>Alle Informationen \u00fcber den Ferienort <a href=\"https:\/\/www.paysdesecrins.com\/de\/mein-resort-mein-dorf\/pelvoux-vallouise-ailefroide\/\">Pelvoux \u2013 Vallouise<\/a> und <a href=\"https:\/\/www.paysdesecrins.com\/de\/mein-resort-mein-dorf\/puy-saint-vincent\/\">Puy Saint Vincent <\/a> <\/p>\n\n<p><strong>Wie hoch sind die Preise f\u00fcr die Skip\u00e4sse?<\/strong><br\/>Tarife <a href=\"https:\/\/ski-pelvoux.axess.shop\/fr\/Products\/Tickets\/\">Pelvoux \u2013 Vallouise<\/a> und <a href=\"https:\/\/www.puysaintvincent.com\/forfait-ski\">Puy Saint Vincent<\/a>  <a style=\"font-weight: bold;\" href=\"https:\/\/app-v4.avizi.fr\/fichiers\/preview\/687f85eceb4a5\/39500-3839\"> <\/a><\/p>\n\n<p data-season=\"summer\">Haben Sie eine Webcam? <br\/><a href=\"https:\/\/www.paysdesecrins.com\/de\/60790-2\/\">Pelvoux-Vallouise<\/a> Webcams  <br\/><a href=\"https:\/\/www.paysdesecrins.com\/de\/webcams-puy-saint-vincent\/\">Puy St. Vincent <\/a> Webcams <br\/><\/p>\n\n<p><\/p>\n","protected":false},"excerpt":{"rendered":"<p>Wann sind die \u00d6ffnungszeiten der Skigebiete?Alle Informationen \u00fcber den Ferienort Pelvoux \u2013 Vallouise und Puy Saint Vincent Wie hoch sind [&hellip;]<\/p>\n","protected":false},"author":1,"featured_media":80,"parent":0,"menu_order":0,"comment_status":"closed","ping_status":"closed","template":"","meta":{"_thumbnail_id_2":0,"summer_excerpt":"","season":"","station":"","footnotes":""},"class_list":["post-45541","page","type-page","status-publish","has-post-thumbnail","hentry"],"yoast_head":"<!-- This site is optimized with the Yoast SEO plugin v27.3 - https:\/\/yoast.com\/product\/yoast-seo-wordpress\/ -->\n<title>Fragen - Pays des \u00c9crins - Office de Tourisme<\/title>\n<meta name=\"robots\" content=\"index, follow, max-snippet:-1, max-image-preview:large, max-video-preview:-1\" \/>\n<link rel=\"canonical\" href=\"https:\/\/www.paysdesecrins.com\/de\/fragen\/\" \/>\n<meta property=\"og:locale\" content=\"de_DE\" \/>\n<meta property=\"og:type\" content=\"article\" \/>\n<meta property=\"og:title\" content=\"Fragen - Pays des \u00c9crins - Office de Tourisme\" \/>\n<meta property=\"og:description\" content=\"Wann sind die \u00d6ffnungszeiten der Skigebiete?Alle Informationen \u00fcber den Ferienort Pelvoux \u2013 Vallouise und Puy Saint Vincent Wie hoch sind [&hellip;]\" \/>\n<meta property=\"og:url\" content=\"https:\/\/www.paysdesecrins.com\/de\/fragen\/\" \/>\n<meta property=\"og:site_name\" content=\"Pays des \u00c9crins - Office de Tourisme\" \/>\n<meta property=\"article:modified_time\" content=\"2025-08-11T08:56:47+00:00\" \/>\n<meta property=\"og:image\" content=\"https:\/\/www.paysdesecrins.com\/wp-content\/uploads\/2025\/06\/itinerance-en-raquettes-24-scaled.jpg\" \/>\n\t<meta property=\"og:image:width\" content=\"2560\" \/>\n\t<meta property=\"og:image:height\" content=\"1708\" \/>\n\t<meta property=\"og:image:type\" content=\"image\/jpeg\" \/>\n<meta name=\"twitter:card\" content=\"summary_large_image\" \/>\n<meta name=\"twitter:label1\" content=\"Gesch\u00e4tzte Lesezeit\" \/>\n\t<meta name=\"twitter:data1\" content=\"2 Minuten\" \/>\n<script type=\"application\/ld+json\" class=\"yoast-schema-graph\">{\"@context\":\"https:\\\/\\\/schema.org\",\"@graph\":[{\"@type\":\"WebPage\",\"@id\":\"https:\\\/\\\/www.paysdesecrins.com\\\/de\\\/fragen\\\/\",\"url\":\"https:\\\/\\\/www.paysdesecrins.com\\\/de\\\/fragen\\\/\",\"name\":\"Fragen - Pays des \u00c9crins - Office de Tourisme\",\"isPartOf\":{\"@id\":\"https:\\\/\\\/www.paysdesecrins.com\\\/de\\\/#website\"},\"primaryImageOfPage\":{\"@id\":\"https:\\\/\\\/www.paysdesecrins.com\\\/de\\\/fragen\\\/#primaryimage\"},\"image\":{\"@id\":\"https:\\\/\\\/www.paysdesecrins.com\\\/de\\\/fragen\\\/#primaryimage\"},\"thumbnailUrl\":\"https:\\\/\\\/www.paysdesecrins.com\\\/wp-content\\\/uploads\\\/2025\\\/06\\\/itinerance-en-raquettes-24-scaled.jpg\",\"datePublished\":\"2025-06-27T13:20:03+00:00\",\"dateModified\":\"2025-08-11T08:56:47+00:00\",\"breadcrumb\":{\"@id\":\"https:\\\/\\\/www.paysdesecrins.com\\\/de\\\/fragen\\\/#breadcrumb\"},\"inLanguage\":\"de\",\"potentialAction\":[{\"@type\":\"ReadAction\",\"target\":[\"https:\\\/\\\/www.paysdesecrins.com\\\/de\\\/fragen\\\/\"]}]},{\"@type\":\"ImageObject\",\"inLanguage\":\"de\",\"@id\":\"https:\\\/\\\/www.paysdesecrins.com\\\/de\\\/fragen\\\/#primaryimage\",\"url\":\"https:\\\/\\\/www.paysdesecrins.com\\\/wp-content\\\/uploads\\\/2025\\\/06\\\/itinerance-en-raquettes-24-scaled.jpg\",\"contentUrl\":\"https:\\\/\\\/www.paysdesecrins.com\\\/wp-content\\\/uploads\\\/2025\\\/06\\\/itinerance-en-raquettes-24-scaled.jpg\",\"width\":2560,\"height\":1708},{\"@type\":\"BreadcrumbList\",\"@id\":\"https:\\\/\\\/www.paysdesecrins.com\\\/de\\\/fragen\\\/#breadcrumb\",\"itemListElement\":[{\"@type\":\"ListItem\",\"position\":1,\"name\":\"Accueil\",\"item\":\"https:\\\/\\\/www.paysdesecrins.com\\\/de\\\/der-titel-des-hauses\\\/\"},{\"@type\":\"ListItem\",\"position\":2,\"name\":\"Fragen\"}]},{\"@type\":\"WebSite\",\"@id\":\"https:\\\/\\\/www.paysdesecrins.com\\\/de\\\/#website\",\"url\":\"https:\\\/\\\/www.paysdesecrins.com\\\/de\\\/\",\"name\":\"Pays des \u00c9crins - Office de Tourisme\",\"description\":\"L&#039;esprit montagne\",\"publisher\":{\"@id\":\"https:\\\/\\\/www.paysdesecrins.com\\\/de\\\/#organization\"},\"potentialAction\":[{\"@type\":\"SearchAction\",\"target\":{\"@type\":\"EntryPoint\",\"urlTemplate\":\"https:\\\/\\\/www.paysdesecrins.com\\\/de\\\/?s={search_term_string}\"},\"query-input\":{\"@type\":\"PropertyValueSpecification\",\"valueRequired\":true,\"valueName\":\"search_term_string\"}}],\"inLanguage\":\"de\"},{\"@type\":\"Organization\",\"@id\":\"https:\\\/\\\/www.paysdesecrins.com\\\/de\\\/#organization\",\"name\":\"Pays des \u00c9crins - Office de Tourisme\",\"url\":\"https:\\\/\\\/www.paysdesecrins.com\\\/de\\\/\",\"logo\":{\"@type\":\"ImageObject\",\"inLanguage\":\"de\",\"@id\":\"https:\\\/\\\/www.paysdesecrins.com\\\/de\\\/#\\\/schema\\\/logo\\\/image\\\/\",\"url\":\"https:\\\/\\\/www.paysdesecrins.com\\\/wp-content\\\/uploads\\\/2025\\\/06\\\/devina-svg-1750845694.svg\",\"contentUrl\":\"https:\\\/\\\/www.paysdesecrins.com\\\/wp-content\\\/uploads\\\/2025\\\/06\\\/devina-svg-1750845694.svg\",\"caption\":\"Pays des \u00c9crins - Office de Tourisme\"},\"image\":{\"@id\":\"https:\\\/\\\/www.paysdesecrins.com\\\/de\\\/#\\\/schema\\\/logo\\\/image\\\/\"}}]}<\/script>\n<!-- \/ Yoast SEO plugin. -->","yoast_head_json":{"title":"Fragen - Pays des \u00c9crins - Office de Tourisme","robots":{"index":"index","follow":"follow","max-snippet":"max-snippet:-1","max-image-preview":"max-image-preview:large","max-video-preview":"max-video-preview:-1"},"canonical":"https:\/\/www.paysdesecrins.com\/de\/fragen\/","og_locale":"de_DE","og_type":"article","og_title":"Fragen - Pays des \u00c9crins - Office de Tourisme","og_description":"Wann sind die \u00d6ffnungszeiten der Skigebiete?Alle Informationen \u00fcber den Ferienort Pelvoux \u2013 Vallouise und Puy Saint Vincent Wie hoch sind [&hellip;]","og_url":"https:\/\/www.paysdesecrins.com\/de\/fragen\/","og_site_name":"Pays des \u00c9crins - Office de Tourisme","article_modified_time":"2025-08-11T08:56:47+00:00","og_image":[{"width":2560,"height":1708,"url":"https:\/\/www.paysdesecrins.com\/wp-content\/uploads\/2025\/06\/itinerance-en-raquettes-24-scaled.jpg","type":"image\/jpeg"}],"twitter_card":"summary_large_image","twitter_misc":{"Gesch\u00e4tzte Lesezeit":"2 Minuten"},"schema":{"@context":"https:\/\/schema.org","@graph":[{"@type":"WebPage","@id":"https:\/\/www.paysdesecrins.com\/de\/fragen\/","url":"https:\/\/www.paysdesecrins.com\/de\/fragen\/","name":"Fragen - Pays des \u00c9crins - Office de Tourisme","isPartOf":{"@id":"https:\/\/www.paysdesecrins.com\/de\/#website"},"primaryImageOfPage":{"@id":"https:\/\/www.paysdesecrins.com\/de\/fragen\/#primaryimage"},"image":{"@id":"https:\/\/www.paysdesecrins.com\/de\/fragen\/#primaryimage"},"thumbnailUrl":"https:\/\/www.paysdesecrins.com\/wp-content\/uploads\/2025\/06\/itinerance-en-raquettes-24-scaled.jpg","datePublished":"2025-06-27T13:20:03+00:00","dateModified":"2025-08-11T08:56:47+00:00","breadcrumb":{"@id":"https:\/\/www.paysdesecrins.com\/de\/fragen\/#breadcrumb"},"inLanguage":"de","potentialAction":[{"@type":"ReadAction","target":["https:\/\/www.paysdesecrins.com\/de\/fragen\/"]}]},{"@type":"ImageObject","inLanguage":"de","@id":"https:\/\/www.paysdesecrins.com\/de\/fragen\/#primaryimage","url":"https:\/\/www.paysdesecrins.com\/wp-content\/uploads\/2025\/06\/itinerance-en-raquettes-24-scaled.jpg","contentUrl":"https:\/\/www.paysdesecrins.com\/wp-content\/uploads\/2025\/06\/itinerance-en-raquettes-24-scaled.jpg","width":2560,"height":1708},{"@type":"BreadcrumbList","@id":"https:\/\/www.paysdesecrins.com\/de\/fragen\/#breadcrumb","itemListElement":[{"@type":"ListItem","position":1,"name":"Accueil","item":"https:\/\/www.paysdesecrins.com\/de\/der-titel-des-hauses\/"},{"@type":"ListItem","position":2,"name":"Fragen"}]},{"@type":"WebSite","@id":"https:\/\/www.paysdesecrins.com\/de\/#website","url":"https:\/\/www.paysdesecrins.com\/de\/","name":"Pays des \u00c9crins - Office de Tourisme","description":"L&#039;esprit montagne","publisher":{"@id":"https:\/\/www.paysdesecrins.com\/de\/#organization"},"potentialAction":[{"@type":"SearchAction","target":{"@type":"EntryPoint","urlTemplate":"https:\/\/www.paysdesecrins.com\/de\/?s={search_term_string}"},"query-input":{"@type":"PropertyValueSpecification","valueRequired":true,"valueName":"search_term_string"}}],"inLanguage":"de"},{"@type":"Organization","@id":"https:\/\/www.paysdesecrins.com\/de\/#organization","name":"Pays des \u00c9crins - Office de Tourisme","url":"https:\/\/www.paysdesecrins.com\/de\/","logo":{"@type":"ImageObject","inLanguage":"de","@id":"https:\/\/www.paysdesecrins.com\/de\/#\/schema\/logo\/image\/","url":"https:\/\/www.paysdesecrins.com\/wp-content\/uploads\/2025\/06\/devina-svg-1750845694.svg","contentUrl":"https:\/\/www.paysdesecrins.com\/wp-content\/uploads\/2025\/06\/devina-svg-1750845694.svg","caption":"Pays des \u00c9crins - Office de Tourisme"},"image":{"@id":"https:\/\/www.paysdesecrins.com\/de\/#\/schema\/logo\/image\/"}}]}},"_links":{"self":[{"href":"https:\/\/www.paysdesecrins.com\/de\/wp-json\/wp\/v2\/pages\/45541","targetHints":{"allow":["GET"]}}],"collection":[{"href":"https:\/\/www.paysdesecrins.com\/de\/wp-json\/wp\/v2\/pages"}],"about":[{"href":"https:\/\/www.paysdesecrins.com\/de\/wp-json\/wp\/v2\/types\/page"}],"author":[{"embeddable":true,"href":"https:\/\/www.paysdesecrins.com\/de\/wp-json\/wp\/v2\/users\/1"}],"replies":[{"embeddable":true,"href":"https:\/\/www.paysdesecrins.com\/de\/wp-json\/wp\/v2\/comments?post=45541"}],"version-history":[{"count":0,"href":"https:\/\/www.paysdesecrins.com\/de\/wp-json\/wp\/v2\/pages\/45541\/revisions"}],"wp:featuredmedia":[{"embeddable":true,"href":"https:\/\/www.paysdesecrins.com\/de\/wp-json\/wp\/v2\/media\/80"}],"wp:attachment":[{"href":"https:\/\/www.paysdesecrins.com\/de\/wp-json\/wp\/v2\/media?parent=45541"}],"curies":[{"name":"wp","href":"https:\/\/api.w.org\/{rel}","templated":true}]}}