{"id":45558,"date":"2025-06-27T15:19:31","date_gmt":"2025-06-27T13:19:31","guid":{"rendered":"https:\/\/www.paysdesecrins.com\/pressebereich\/"},"modified":"2025-08-05T13:44:37","modified_gmt":"2025-08-05T11:44:37","slug":"pressebereich","status":"publish","type":"page","link":"https:\/\/www.paysdesecrins.com\/de\/pressebereich\/","title":{"rendered":"Pressebereich"},"content":{"rendered":"    <div class=\"alignfull wp-block-ws-library-ws-header-interne\" data-season=\"summer\">\n\t    <div class=\"header-container\">\n\t        <div class=\"group-media has-image\">\n\t            \t                <img loading=\"lazy\" decoding=\"async\" width=\"1920\" height=\"800\" src=\"https:\/\/www.paysdesecrins.com\/wp-content\/uploads\/2025\/08\/lac-de-l-eychauda-22-1920x800.jpg\" alt=\"\" class=\"image_large_square wp-image-61463\" \/>\n\t            \t        <\/div>\n\t        <div class=\"group-content\">\n\t            <div class=\"title\">\n\t                <h1>\n\t                    Pressebereich\t                    \t                <\/h1>\n\t            <\/div>\n\t        <\/div>\n\t    <\/div>\n\t    \n<div class=\"yoast-breadcrumbs\"><span><span><a href=\"https:\/\/www.paysdesecrins.com\/de\/der-titel-des-hauses\/\">Accueil<\/a><\/span>  <span class=\"breadcrumb_last\" aria-current=\"page\">Pressebereich<\/span><\/span><\/div>\n    <\/div>\n        <div class=\"alignfull wp-block-ws-library-ws-header-interne\" data-season=\"winter\">\n\t    <div class=\"header-container\">\n\t        <div class=\"group-media has-image\">\n\t            \t                <img loading=\"lazy\" decoding=\"async\" width=\"1920\" height=\"800\" src=\"https:\/\/www.paysdesecrins.com\/wp-content\/uploads\/2025\/07\/bivouac-a-su-sommet-de-la-blanche-5-1920x800.jpg\" alt=\"\" class=\"image_large_square wp-image-44994\" \/>\n\t            \t        <\/div>\n\t        <div class=\"group-content\">\n\t            <div class=\"title\">\n\t                <h1>\n\t                    Pressebereich\t                    \t                <\/h1>\n\t            <\/div>\n\t        <\/div>\n\t    <\/div>\n\t    \n<div class=\"yoast-breadcrumbs\"><span><span><a href=\"https:\/\/www.paysdesecrins.com\/de\/der-titel-des-hauses\/\">Accueil<\/a><\/span>  <span class=\"breadcrumb_last\" aria-current=\"page\">Pressebereich<\/span><\/span><\/div>\n    <\/div>\n    \n<div class=\"wp-block-ws-library-ws-title aligncenter\"><h2><em>Willkommen in<\/em> einem au\u00dfergew\u00f6hnlichen Gebiet<\/h2><\/div>\n\n<p>Wir veranstalten jede Saison <strong>Presseempf\u00e4nge<\/strong> und laden gelegentlich <strong>Influencer\/Blogger<\/strong> ein.<br\/>Wenn Sie f\u00fcr ein Wochenende oder f\u00fcr ein paar Tage bei uns sein m\u00f6chten, kontaktieren Sie uns: <a href=\"mailto:cynthia.rezgui@paysdesecrins.com\" target=\"_blank\" rel=\"noreferrer noopener\">cynthia.rezgui@paysdesecrins.com<\/a><br\/><br\/>Sie k\u00f6nnen auf unsere Online-Fotobibliothek zugreifen <a href=\"https:\/\/ecrins.netfolio.net\/\" target=\"_blank\" rel=\"noreferrer noopener\">, indem Sie hier klicken<\/a>.<br\/><br\/>Sie k\u00f6nnen die Pressemappe des Gebiets unten herunterladen.<\/p>\n\n<div class=\"wp-block-ws-library-ws-documents\">\n<div class=\"wp-block-ws-library-ws-document\"><a href=\"https:\/\/www.paysdesecrins.com\/wp-content\/uploads\/2025\/08\/dp-pde-ete2025-web-planches.pdf\" target=\"_blank\" rel=\"noopener noreferrer\" class=\"link-document\">Pressemappe Sommer 2025<\/a><\/div>\n<\/div>\n\n<div class=\"wp-block-ws-library-ws-title aligncenter\" data-season=\"allseasons\"><h2><em>Pressepartner<\/em>2024-2025<\/h2><\/div>\n\n<ul class=\"wp-block-list\">\n<li>Wandertageb\u00fccher: <a href=\"https:\/\/www.carnetsderando.net\/tour-du-pays-des-ecrins-les-ecrins-sur-un-plateau\/\">Tour durch das Pays des \u00c9crins: Die \u00c9crins auf einem Plateau<\/a><\/li>\n\n\n\n<li>Chilow\u00e9: <a href=\"https:\/\/chilowe.com\/alpes-sud\/?srsltid=AfmBOorB4glMw5D1rva1Tsgsu_e2Wfw-5a50R0pcK-falnreAnTyHYXV\" target=\"_blank\" rel=\"noreferrer noopener\">S\u00fcdalpen, Schneeflocke \u2013 Pelvoux-Vallouise, die Konserven <\/a> <\/li>\n\n\n\n<li>Familienausflug: <a href=\"https:\/\/www.voyagefamily.com\/pays-des-ecrins\/\" target=\"_blank\" rel=\"noreferrer noopener\">Skifahren und Skifahren in Pelvoux-Vallouise und Puy Saint Vincent im Herzen des Pays des \u00c9crins<\/a><\/li>\n\n\n\n<li>Familienreisen: <a href=\"https:\/\/www.voyagefamily.com\/dossiers\/les-alpes-du-sud\/\" target=\"_blank\" rel=\"noreferrer noopener\">Die S\u00fcdalpen, Sonne und gute Laune zwischen Bergen, Seen und Fl\u00fcssen<\/a><\/li>\n\n\n\n<li>Lepetitoiseau.fr:<a href=\"https:\/\/www.lepetitoiseau.fr\/actualites\/hautes-alpes-a-faire-sorties-ete-famille\" target=\"_blank\" rel=\"noreferrer noopener\"> <\/a><a href=\"https:\/\/www.lepetitoiseau.fr\/les-nouveautes-et-les-bons-plans-de-cet-hiver-a-puy-saint-vincent-au-pays-des-ecrins\/\" target=\"_blank\" rel=\"noreferrer noopener\">Neuheiten und g\u00fcnstige Angebote f\u00fcr diesen Winter in Puy Saint Vincent im Pays des \u00c9crins<\/a><\/li>\n\n\n\n<li>Plus2news.fr: <a href=\"https:\/\/www.plus2news.fr\/ecrins-dici-decouvrez-le-pays-des-ecrins-un-voyage-de-proximite-riche-en-partage-et-en-decouvertes\/\" target=\"_blank\" rel=\"noreferrer noopener\">\u00c9crins d&#8217;ici: das Pays des \u00c9crins, eine lokale Reise voller Austausch und Entdeckungen<\/a><\/li>\n\n\n\n<li>Plus2news.fr: <a href=\"https:\/\/www.plus2news.fr\/les-nouveautes-2024-2025-dans-les-stations-cote-activites\/\" target=\"_blank\" rel=\"noreferrer noopener\">Was gibt es Neues f\u00fcr 2024-2025 in den Resorts in Bezug auf Aktivit\u00e4ten<\/a><\/li>\n<\/ul>\n\n<div class=\"wp-block-ws-library-ws-title aligncenter\" data-season=\"allseasons\"><h2><em>Pressespiegel zum<\/em>Pays des \u00c9crins<\/h2><\/div>\n\n<div class=\"wp-block-ws-library-ws-documents\">\n<div class=\"wp-block-ws-library-ws-document\"><a href=\"https:\/\/www.paysdesecrins.com\/wp-content\/uploads\/2025\/08\/2025-07-29-elle-31-juillet-2025-10000000069538959.pdf\" target=\"_blank\" rel=\"noopener noreferrer\" class=\"link-document\">ELLE C\u00f4te d&#8217;Azur \u2013 WALDBADEN UND ALP&#8217;AGAGA \u2013 Juli 2025<\/a><\/div>\n\n\n\n<div class=\"wp-block-ws-library-ws-document\"><a href=\"https:\/\/www.paysdesecrins.com\/wp-content\/uploads\/2025\/08\/grimper.pdf\" target=\"_blank\" rel=\"noopener noreferrer\" class=\"link-document\">KLETTERN \u2013 Sonderausgabe Die TOP 10 Spots in Brian\u00e7on \u2013 Juli-August 2025  <\/a><\/div>\n\n\n\n<div class=\"wp-block-ws-library-ws-document\"><a href=\"https:\/\/www.paysdesecrins.com\/wp-content\/uploads\/2025\/08\/carnets-darilleurs.pdf\" target=\"_blank\" rel=\"noopener noreferrer\" class=\"link-document\">Carnets d&#8217;ailleurs \u2013 Pelvoux und das Pays des \u00c9crins, Portr\u00e4ts \u2013 Juni-Juli-August 2025  <\/a><\/div>\n\n\n\n<div class=\"wp-block-ws-library-ws-document\"><a href=\"https:\/\/www.paysdesecrins.com\/wp-content\/uploads\/2025\/08\/l-opinion-20241206120000-1.pdf\" target=\"_blank\" rel=\"noopener noreferrer\" class=\"link-document\">L&#8217;Opinion \u2013 Atmosph\u00e4re und Mikroabenteuer im hohen Norden \u2013 Dezember 2024  <\/a><\/div>\n\n\n\n<div class=\"wp-block-ws-library-ws-document\"><a href=\"https:\/\/www.paysdesecrins.com\/wp-content\/uploads\/2025\/08\/montagnes-magazine-20240531100000.pdf\" target=\"_blank\" rel=\"noopener noreferrer\" class=\"link-document\">Montagnes Magazines \u2013 GR54 und Klettern in den \u00c9crins \u2013 Juni 2024<\/a><\/div>\n\n\n\n<div class=\"wp-block-ws-library-ws-document\"><a href=\"https:\/\/www.paysdesecrins.com\/wp-content\/uploads\/2025\/08\/grimper-20240623100000-1.pdf\" target=\"_blank\" rel=\"noopener noreferrer\" class=\"link-document\">Klettern \u2013 Bouldern (Ailefroide) \u2013 10 Must-Sees, um den Mythos zu entdecken! \u2013 Juni 2024 <\/a><\/div>\n\n\n\n<div class=\"wp-block-ws-library-ws-document\"><a href=\"https:\/\/www.paysdesecrins.com\/wp-content\/uploads\/2025\/08\/l-equipe-20240524100000-1.pdf\" target=\"_blank\" rel=\"noopener noreferrer\" class=\"link-document\">L&#8217;\u00c9quipe Magazine \u2013 Entlang des Wassers vom Gletscher bis zum See \u2013 Mai 2024<\/a><\/div>\n\n\n\n<div class=\"wp-block-ws-library-ws-document\"><a href=\"https:\/\/www.paysdesecrins.com\/wp-content\/uploads\/2025\/08\/la-voix-du-nord-18-02-24.pdf\" target=\"_blank\" rel=\"noopener noreferrer\" class=\"link-document\">La Voix du Nord \u00c9vasion \u2013 Das Pays des \u00c9crins, der provenzalische Berg \u2013 Februar 2024<\/a><\/div>\n\n\n\n<div class=\"wp-block-ws-library-ws-document\"><a href=\"https:\/\/www.paysdesecrins.com\/wp-content\/uploads\/2025\/08\/cosmopolitan-20240131110000-1.pdf\" target=\"_blank\" rel=\"noopener noreferrer\" class=\"link-document\">Cosmopolitan \u2013 Roadbook &#8222;Snow Class&#8220; \u2013 Februar 2024<\/a><\/div>\n\n\n\n<div class=\"wp-block-ws-library-ws-document\"><a href=\"https:\/\/www.paysdesecrins.com\/wp-content\/uploads\/2025\/08\/france-dimanche-16-02-2024-0.pdf\" target=\"_blank\" rel=\"noopener noreferrer\" class=\"link-document\">Frankreich Sonntag \u2013 Das Wintersport-Schaufenster \u2013 Februar 2024<\/a><\/div>\n\n\n\n<div class=\"wp-block-ws-library-ws-document\"><a href=\"https:\/\/www.paysdesecrins.com\/wp-content\/uploads\/2025\/08\/46-53-ecrins-v3-0.pdf\" target=\"_blank\" rel=\"noopener noreferrer\" class=\"link-document\">Langlauf \u2013 Tor zu den \u00c9crins \u2013 Oktober-November 2023<\/a><\/div>\n\n\n\n<div class=\"wp-block-ws-library-ws-document\"><a href=\"https:\/\/www.paysdesecrins.com\/wp-content\/uploads\/2025\/08\/women-sport-bienfaits-du-froid-janv-fev-mars24-0.pdf\" target=\"_blank\" rel=\"noopener noreferrer\" class=\"link-document\">Frauensport \u2013 Die Vorteile der K\u00e4lte mit Guillaume ULISSE \u2013 Januar-Februar-M\u00e4rz 2024<\/a><\/div>\n<\/div>\n\n<ul class=\"wp-block-list\"><\/ul>\n<div class=\"alignwide wp-block-ws-library-ws-list-childs\"><div class=\"child-pages-list list-items list-2-3-4\"><div class=\"item\" data-season=\"all-seasons\"><div class=\"card card-child\"><div class=\"group-media\"><div class=\"field-image\"><img decoding=\"async\" width=\"400\" height=\"400\" src=\"https:\/\/www.paysdesecrins.com\/wp-content\/uploads\/2025\/08\/blog1-400x400.jpg\" class=\"winter all-seasons wp-post-image\" alt=\"\" loading=\"lazy\" data-season=\"all-seasons\" srcset=\"https:\/\/www.paysdesecrins.com\/wp-content\/uploads\/2025\/08\/blog1-400x400.jpg 400w, https:\/\/www.paysdesecrins.com\/wp-content\/uploads\/2025\/08\/blog1-150x150.jpg 150w, https:\/\/www.paysdesecrins.com\/wp-content\/uploads\/2025\/08\/blog1-600x600.jpg 600w, https:\/\/www.paysdesecrins.com\/wp-content\/uploads\/2025\/08\/blog1-300x300.jpg 300w, https:\/\/www.paysdesecrins.com\/wp-content\/uploads\/2025\/08\/blog1-570x570.jpg 570w\" sizes=\"auto, (max-width: 400px) 100vw, 400px\" \/><\/div><\/div><div class=\"group-content\"><span class=\"field-title\">Blogger und das Pays des \u00c9crins<\/span><\/div><div class=\"field-link\"><a href=\"https:\/\/www.paysdesecrins.com\/de\/pressebereich\/blogger-und-das-pays-des-ecrins\/\" class=\"cardlink\">Voir plus<\/a><\/div><\/div><\/div><\/div><\/div>","protected":false},"excerpt":{"rendered":"<p>Wir veranstalten jede Saison Presseempf\u00e4nge und laden gelegentlich Influencer\/Blogger ein.Wenn Sie f\u00fcr ein Wochenende oder f\u00fcr ein paar Tage bei [&hellip;]<\/p>\n","protected":false},"author":1,"featured_media":61466,"parent":0,"menu_order":0,"comment_status":"closed","ping_status":"closed","template":"","meta":{"_thumbnail_id_2":0,"summer_excerpt":"","season":"","station":"","footnotes":""},"class_list":["post-45558","page","type-page","status-publish","has-post-thumbnail","hentry"],"yoast_head":"<!-- This site is optimized with the Yoast SEO plugin v27.3 - https:\/\/yoast.com\/product\/yoast-seo-wordpress\/ -->\n<title>Pressebereich - Pays des \u00c9crins - Office de Tourisme<\/title>\n<meta name=\"robots\" content=\"index, follow, max-snippet:-1, max-image-preview:large, max-video-preview:-1\" \/>\n<link rel=\"canonical\" href=\"https:\/\/www.paysdesecrins.com\/de\/pressebereich\/\" \/>\n<meta property=\"og:locale\" content=\"de_DE\" \/>\n<meta property=\"og:type\" content=\"article\" \/>\n<meta property=\"og:title\" content=\"Pressebereich - Pays des \u00c9crins - Office de Tourisme\" \/>\n<meta property=\"og:description\" content=\"Wir veranstalten jede Saison Presseempf\u00e4nge und laden gelegentlich Influencer\/Blogger ein.Wenn Sie f\u00fcr ein Wochenende oder f\u00fcr ein paar Tage bei [&hellip;]\" \/>\n<meta property=\"og:url\" content=\"https:\/\/www.paysdesecrins.com\/de\/pressebereich\/\" \/>\n<meta property=\"og:site_name\" content=\"Pays des \u00c9crins - Office de Tourisme\" \/>\n<meta property=\"article:modified_time\" content=\"2025-08-05T11:44:37+00:00\" \/>\n<meta property=\"og:image\" content=\"https:\/\/www.paysdesecrins.com\/wp-content\/uploads\/2025\/08\/lac-de-l-eychauda-22-scaled.jpg\" \/>\n\t<meta property=\"og:image:width\" content=\"2560\" \/>\n\t<meta property=\"og:image:height\" content=\"1707\" \/>\n\t<meta property=\"og:image:type\" content=\"image\/jpeg\" \/>\n<meta name=\"twitter:card\" content=\"summary_large_image\" \/>\n<meta name=\"twitter:label1\" content=\"Gesch\u00e4tzte Lesezeit\" \/>\n\t<meta name=\"twitter:data1\" content=\"2 Minuten\" \/>\n<script type=\"application\/ld+json\" class=\"yoast-schema-graph\">{\"@context\":\"https:\\\/\\\/schema.org\",\"@graph\":[{\"@type\":\"WebPage\",\"@id\":\"https:\\\/\\\/www.paysdesecrins.com\\\/de\\\/pressebereich\\\/\",\"url\":\"https:\\\/\\\/www.paysdesecrins.com\\\/de\\\/pressebereich\\\/\",\"name\":\"Pressebereich - Pays des \u00c9crins - Office de Tourisme\",\"isPartOf\":{\"@id\":\"https:\\\/\\\/www.paysdesecrins.com\\\/de\\\/#website\"},\"primaryImageOfPage\":{\"@id\":\"https:\\\/\\\/www.paysdesecrins.com\\\/de\\\/pressebereich\\\/#primaryimage\"},\"image\":{\"@id\":\"https:\\\/\\\/www.paysdesecrins.com\\\/de\\\/pressebereich\\\/#primaryimage\"},\"thumbnailUrl\":\"https:\\\/\\\/www.paysdesecrins.com\\\/wp-content\\\/uploads\\\/2025\\\/08\\\/lac-de-l-eychauda-22-scaled.jpg\",\"datePublished\":\"2025-06-27T13:19:31+00:00\",\"dateModified\":\"2025-08-05T11:44:37+00:00\",\"breadcrumb\":{\"@id\":\"https:\\\/\\\/www.paysdesecrins.com\\\/de\\\/pressebereich\\\/#breadcrumb\"},\"inLanguage\":\"de\",\"potentialAction\":[{\"@type\":\"ReadAction\",\"target\":[\"https:\\\/\\\/www.paysdesecrins.com\\\/de\\\/pressebereich\\\/\"]}]},{\"@type\":\"ImageObject\",\"inLanguage\":\"de\",\"@id\":\"https:\\\/\\\/www.paysdesecrins.com\\\/de\\\/pressebereich\\\/#primaryimage\",\"url\":\"https:\\\/\\\/www.paysdesecrins.com\\\/wp-content\\\/uploads\\\/2025\\\/08\\\/lac-de-l-eychauda-22-scaled.jpg\",\"contentUrl\":\"https:\\\/\\\/www.paysdesecrins.com\\\/wp-content\\\/uploads\\\/2025\\\/08\\\/lac-de-l-eychauda-22-scaled.jpg\",\"width\":2560,\"height\":1707},{\"@type\":\"BreadcrumbList\",\"@id\":\"https:\\\/\\\/www.paysdesecrins.com\\\/de\\\/pressebereich\\\/#breadcrumb\",\"itemListElement\":[{\"@type\":\"ListItem\",\"position\":1,\"name\":\"Accueil\",\"item\":\"https:\\\/\\\/www.paysdesecrins.com\\\/de\\\/der-titel-des-hauses\\\/\"},{\"@type\":\"ListItem\",\"position\":2,\"name\":\"Pressebereich\"}]},{\"@type\":\"WebSite\",\"@id\":\"https:\\\/\\\/www.paysdesecrins.com\\\/de\\\/#website\",\"url\":\"https:\\\/\\\/www.paysdesecrins.com\\\/de\\\/\",\"name\":\"Pays des \u00c9crins - Office de Tourisme\",\"description\":\"L&#039;esprit montagne\",\"publisher\":{\"@id\":\"https:\\\/\\\/www.paysdesecrins.com\\\/de\\\/#organization\"},\"potentialAction\":[{\"@type\":\"SearchAction\",\"target\":{\"@type\":\"EntryPoint\",\"urlTemplate\":\"https:\\\/\\\/www.paysdesecrins.com\\\/de\\\/?s={search_term_string}\"},\"query-input\":{\"@type\":\"PropertyValueSpecification\",\"valueRequired\":true,\"valueName\":\"search_term_string\"}}],\"inLanguage\":\"de\"},{\"@type\":\"Organization\",\"@id\":\"https:\\\/\\\/www.paysdesecrins.com\\\/de\\\/#organization\",\"name\":\"Pays des \u00c9crins - Office de Tourisme\",\"url\":\"https:\\\/\\\/www.paysdesecrins.com\\\/de\\\/\",\"logo\":{\"@type\":\"ImageObject\",\"inLanguage\":\"de\",\"@id\":\"https:\\\/\\\/www.paysdesecrins.com\\\/de\\\/#\\\/schema\\\/logo\\\/image\\\/\",\"url\":\"https:\\\/\\\/www.paysdesecrins.com\\\/wp-content\\\/uploads\\\/2025\\\/06\\\/devina-svg-1750845694.svg\",\"contentUrl\":\"https:\\\/\\\/www.paysdesecrins.com\\\/wp-content\\\/uploads\\\/2025\\\/06\\\/devina-svg-1750845694.svg\",\"caption\":\"Pays des \u00c9crins - Office de Tourisme\"},\"image\":{\"@id\":\"https:\\\/\\\/www.paysdesecrins.com\\\/de\\\/#\\\/schema\\\/logo\\\/image\\\/\"}}]}<\/script>\n<!-- \/ Yoast SEO plugin. -->","yoast_head_json":{"title":"Pressebereich - Pays des \u00c9crins - Office de Tourisme","robots":{"index":"index","follow":"follow","max-snippet":"max-snippet:-1","max-image-preview":"max-image-preview:large","max-video-preview":"max-video-preview:-1"},"canonical":"https:\/\/www.paysdesecrins.com\/de\/pressebereich\/","og_locale":"de_DE","og_type":"article","og_title":"Pressebereich - Pays des \u00c9crins - Office de Tourisme","og_description":"Wir veranstalten jede Saison Presseempf\u00e4nge und laden gelegentlich Influencer\/Blogger ein.Wenn Sie f\u00fcr ein Wochenende oder f\u00fcr ein paar Tage bei [&hellip;]","og_url":"https:\/\/www.paysdesecrins.com\/de\/pressebereich\/","og_site_name":"Pays des \u00c9crins - Office de Tourisme","article_modified_time":"2025-08-05T11:44:37+00:00","og_image":[{"width":2560,"height":1707,"url":"https:\/\/www.paysdesecrins.com\/wp-content\/uploads\/2025\/08\/lac-de-l-eychauda-22-scaled.jpg","type":"image\/jpeg"}],"twitter_card":"summary_large_image","twitter_misc":{"Gesch\u00e4tzte Lesezeit":"2 Minuten"},"schema":{"@context":"https:\/\/schema.org","@graph":[{"@type":"WebPage","@id":"https:\/\/www.paysdesecrins.com\/de\/pressebereich\/","url":"https:\/\/www.paysdesecrins.com\/de\/pressebereich\/","name":"Pressebereich - Pays des \u00c9crins - Office de Tourisme","isPartOf":{"@id":"https:\/\/www.paysdesecrins.com\/de\/#website"},"primaryImageOfPage":{"@id":"https:\/\/www.paysdesecrins.com\/de\/pressebereich\/#primaryimage"},"image":{"@id":"https:\/\/www.paysdesecrins.com\/de\/pressebereich\/#primaryimage"},"thumbnailUrl":"https:\/\/www.paysdesecrins.com\/wp-content\/uploads\/2025\/08\/lac-de-l-eychauda-22-scaled.jpg","datePublished":"2025-06-27T13:19:31+00:00","dateModified":"2025-08-05T11:44:37+00:00","breadcrumb":{"@id":"https:\/\/www.paysdesecrins.com\/de\/pressebereich\/#breadcrumb"},"inLanguage":"de","potentialAction":[{"@type":"ReadAction","target":["https:\/\/www.paysdesecrins.com\/de\/pressebereich\/"]}]},{"@type":"ImageObject","inLanguage":"de","@id":"https:\/\/www.paysdesecrins.com\/de\/pressebereich\/#primaryimage","url":"https:\/\/www.paysdesecrins.com\/wp-content\/uploads\/2025\/08\/lac-de-l-eychauda-22-scaled.jpg","contentUrl":"https:\/\/www.paysdesecrins.com\/wp-content\/uploads\/2025\/08\/lac-de-l-eychauda-22-scaled.jpg","width":2560,"height":1707},{"@type":"BreadcrumbList","@id":"https:\/\/www.paysdesecrins.com\/de\/pressebereich\/#breadcrumb","itemListElement":[{"@type":"ListItem","position":1,"name":"Accueil","item":"https:\/\/www.paysdesecrins.com\/de\/der-titel-des-hauses\/"},{"@type":"ListItem","position":2,"name":"Pressebereich"}]},{"@type":"WebSite","@id":"https:\/\/www.paysdesecrins.com\/de\/#website","url":"https:\/\/www.paysdesecrins.com\/de\/","name":"Pays des \u00c9crins - Office de Tourisme","description":"L&#039;esprit montagne","publisher":{"@id":"https:\/\/www.paysdesecrins.com\/de\/#organization"},"potentialAction":[{"@type":"SearchAction","target":{"@type":"EntryPoint","urlTemplate":"https:\/\/www.paysdesecrins.com\/de\/?s={search_term_string}"},"query-input":{"@type":"PropertyValueSpecification","valueRequired":true,"valueName":"search_term_string"}}],"inLanguage":"de"},{"@type":"Organization","@id":"https:\/\/www.paysdesecrins.com\/de\/#organization","name":"Pays des \u00c9crins - Office de Tourisme","url":"https:\/\/www.paysdesecrins.com\/de\/","logo":{"@type":"ImageObject","inLanguage":"de","@id":"https:\/\/www.paysdesecrins.com\/de\/#\/schema\/logo\/image\/","url":"https:\/\/www.paysdesecrins.com\/wp-content\/uploads\/2025\/06\/devina-svg-1750845694.svg","contentUrl":"https:\/\/www.paysdesecrins.com\/wp-content\/uploads\/2025\/06\/devina-svg-1750845694.svg","caption":"Pays des \u00c9crins - Office de Tourisme"},"image":{"@id":"https:\/\/www.paysdesecrins.com\/de\/#\/schema\/logo\/image\/"}}]}},"_links":{"self":[{"href":"https:\/\/www.paysdesecrins.com\/de\/wp-json\/wp\/v2\/pages\/45558","targetHints":{"allow":["GET"]}}],"collection":[{"href":"https:\/\/www.paysdesecrins.com\/de\/wp-json\/wp\/v2\/pages"}],"about":[{"href":"https:\/\/www.paysdesecrins.com\/de\/wp-json\/wp\/v2\/types\/page"}],"author":[{"embeddable":true,"href":"https:\/\/www.paysdesecrins.com\/de\/wp-json\/wp\/v2\/users\/1"}],"replies":[{"embeddable":true,"href":"https:\/\/www.paysdesecrins.com\/de\/wp-json\/wp\/v2\/comments?post=45558"}],"version-history":[{"count":0,"href":"https:\/\/www.paysdesecrins.com\/de\/wp-json\/wp\/v2\/pages\/45558\/revisions"}],"wp:featuredmedia":[{"embeddable":true,"href":"https:\/\/www.paysdesecrins.com\/de\/wp-json\/wp\/v2\/media\/61466"}],"wp:attachment":[{"href":"https:\/\/www.paysdesecrins.com\/de\/wp-json\/wp\/v2\/media?parent=45558"}],"curies":[{"name":"wp","href":"https:\/\/api.w.org\/{rel}","templated":true}]}}