{"id":45565,"date":"2025-06-27T15:09:18","date_gmt":"2025-06-27T13:09:18","guid":{"rendered":"https:\/\/www.paysdesecrins.com\/rechtliche-hinweise-credits\/"},"modified":"2025-08-12T14:32:26","modified_gmt":"2025-08-12T12:32:26","slug":"rechtliche-hinweise-credits","status":"publish","type":"page","link":"https:\/\/www.paysdesecrins.com\/de\/rechtliche-hinweise-credits\/","title":{"rendered":"Rechtliche Hinweise &amp; Credits"},"content":{"rendered":"    <div class=\"alignfull wp-block-ws-library-ws-header-interne\">\n\t    <div class=\"header-container\">\n\t        <div class=\"group-media has-image\">\n\t            \t                <img loading=\"lazy\" decoding=\"async\" width=\"1920\" height=\"800\" src=\"https:\/\/www.paysdesecrins.com\/wp-content\/uploads\/2025\/08\/h0a9437-hdr-1920x800.jpg\" alt=\"\" class=\"image_large_square wp-image-72736\" \/>\n\t            \t        <\/div>\n\t        <div class=\"group-content\">\n\t            <div class=\"title\">\n\t                <h1>\n\t                    Rechtlich\t                    \t                        &amp; Danksagung\t                    \t                <\/h1>\n\t            <\/div>\n\t        <\/div>\n\t    <\/div>\n\t    \n<div class=\"yoast-breadcrumbs\"><span><span><a href=\"https:\/\/www.paysdesecrins.com\/de\/der-titel-des-hauses\/\">Accueil<\/a><\/span>  <span class=\"breadcrumb_last\" aria-current=\"page\">Rechtliche Hinweise &amp; Credits<\/span><\/span><\/div>\n    <\/div>\n    \n<div class=\"wp-block-columns alignwide is-layout-flex wp-container-core-columns-is-layout-6c531013 wp-block-columns-is-layout-flex\">\n<div class=\"wp-block-column is-layout-flow wp-block-column-is-layout-flow\">\n<p>Die www.paysdesecrins.com Website ist Eigentum von:<br\/> <br\/>Fremdenverkehrsamt des Pays des \u00c9crins<br\/>Rue des Urties<br\/>05340 Vallouise<br\/>SIRET-Nummer: 824 516 439 000 75<br\/>Redaktionsleiterin: Juliette Bisiaux<br\/>Telefon: 0492233517<br\/>Telefax: 0492233517<br\/>E-Mail: administration@paysdesecrins.com<\/p>\n<\/div>\n\n\n\n<div class=\"wp-block-column is-layout-flow wp-block-column-is-layout-flow\">\n<h3 class=\"wp-block-heading\">Redaktionsleiter<\/h3>\n\n\n\n<p>Juliette BISIAUX<\/p>\n\n\n\n<h3 class=\"wp-block-heading\">Verwalter der Ver\u00f6ffentlichung<\/h3>\n\n\n\n<p>Katharina JOLIBERT<\/p>\n<\/div>\n<\/div>\n\n<div class=\"wp-block-group alignwide is-layout-flow wp-block-group-is-layout-flow\">\n<div class=\"wp-block-columns alignwide is-layout-flex wp-container-core-columns-is-layout-6c531013 wp-block-columns-is-layout-flex\">\n<div class=\"wp-block-column is-layout-flow wp-block-column-is-layout-flow\">\n<h3 class=\"wp-block-heading\">WebGestaltung<\/h3>\n\n\n\n<p>Die Erstellung des UI \/ UX Designs und die CSS-Integration wurden von der <a title=\"WebSenso Agency - UX Design Webdesign\" href=\"https:\/\/www.websenso.com\/expertises\/ux-design\" target=\"_blank\" rel=\"noopener\">Agentur WebSenso<\/a> auf Basis der zur Verf\u00fcgung gestellten Elemente (Logo, Grafikcharta etc.) durchgef\u00fchrt.<\/p>\n<\/div>\n\n\n\n<div class=\"wp-block-column is-layout-flow wp-block-column-is-layout-flow\">\n<h3 class=\"wp-block-heading\">Entwicklung<\/h3>\n\n\n\n<p>Dieses Webprojekt wurde von der <a title=\"WebSenso Agency - WordPress Anwendungsentwicklung\" href=\"https:\/\/www.websenso.com\" target=\"_blank\" rel=\"noopener\">Agentur WebSenso<\/a> auf dem WordPress CMS durchgef\u00fchrt: Konfiguration, Plugin, Theme, etc.<\/p>\n<\/div>\n<\/div>\n\n\n\n<div class=\"wp-block-group alignwide is-layout-flow wp-block-group-is-layout-flow\">\n<div class=\"wp-block-column is-layout-flow wp-block-column-is-layout-flow\">\n<div class=\"wp-block-columns is-layout-flex wp-container-core-columns-is-layout-6c531013 wp-block-columns-is-layout-flex\">\n<div class=\"wp-block-column is-layout-flow wp-block-column-is-layout-flow\">\n<h3 class=\"wp-block-heading\">Instandhaltung<\/h3>\n\n\n\n<p><a href=\"https:\/\/www.websenso.com\/expertises\/wordpress\" target=\"_blank\" rel=\"noopener\">Die WordPress TMA<\/a> (Third-Party Application Maintenance) wird von der <a href=\"https:\/\/www.websenso.com\" target=\"_blank\" rel=\"noopener\">Agentur WebSenso<\/a> betrieben.<\/p>\n<\/div>\n\n\n\n<div class=\"wp-block-column is-layout-flow wp-block-column-is-layout-flow\">\n<h3 class=\"wp-block-heading\">Unterkunft<\/h3>\n\n\n\n<p>Dieser Dienst wird physisch in Frankreich in einem Rechenzentrum der Firma OVHCloud gehostet.<\/p>\n<\/div>\n<\/div>\n<\/div>\n<\/div>\n\n\n\n<h3 class=\"wp-block-heading\">Geistiges Eigentum<\/h3>\n\n\n\n<p>Unser Unternehmen ist Inhaber der Rechte an geistigem Eigentum oder besitzt die Nutzungsrechte an allen auf der Website zug\u00e4nglichen Elementen, insbesondere Texten, Bildern, Grafiken, Logos usw. Bevor Sie also diesen Inhalt kopieren, anpassen, zitieren&#8230; Bitte holen Sie eine vorherige schriftliche Genehmigung ein. <\/p>\n\n\n\n<h3 class=\"wp-block-heading\">Kredite<\/h3>\n\n\n\n<p>OT Pays des \u00c9crins, Rogier VAN RIJN, Thibaut BLAIS, Marie LACHAUD, Maxime LOPEZ, KINAPHOTO<\/p>\n\n\n\n<h3 class=\"wp-block-heading\">Hypertext-Links<\/h3>\n\n\n\n<p>Beim Surfen entdecken Sie mehrere Hyperlinks zu anderen Websites. Unser Unternehmen hat nicht die M\u00f6glichkeit, den Inhalt dieser Websites zu \u00fcberpr\u00fcfen und \u00fcbernimmt daher keine Verantwortung f\u00fcr diese Tatsache. <\/p>\n\n\n\n<h3 class=\"wp-block-heading\">Cookies<\/h3>\n\n\n\n<p>Das Surfen auf dieser Website f\u00fchrt zur Installation kleiner Dateien, sogenannter <a href=\"https:\/\/fr.wikipedia.org\/wiki\/Cookie_(informatique)\" target=\"_blank\" rel=\"nofollow noopener external\">Cookies<\/a>, auf dem Browser des Benutzers. Sie sind sch\u00f6n und nehmen keinen Platz weg. Die Verweigerung der Installation eines Cookies kann jedoch technisch den Zugriff auf bestimmte Dienste blockieren und unsere F\u00e4higkeit zur Verbesserung des Surferlebnisses einschr\u00e4nken. Nachfolgend finden Sie eine Liste der verwendeten Cookies.   <\/p>\n\n\n\n        \n        <div class=\"table-responsive\">\n            <table class=\"table cookie-tracker-table\">\n                <thead>\n                    <tr>\n                        <th>Outil<\/th>\n                        <th>Fonctionnalit\u00e9<\/th>\n                        <th>Fichier(s)<\/th>\n                        <th>Dur\u00e9e de vie<\/th>\n                        <th>IP collect\u00e9e<\/th>\n                        <th><a href=\"https:\/\/www.eff.org\/issues\/do-not-track\" target=\"_blank\">DNT<\/a> respect\u00e9<\/th>\n                    <\/tr>\n                <\/thead>\n                <tbody>\n                    <tr>\n                        <td><strong>Ce site uniquement<\/strong> <br \/>CMS WordPress<\/td>\n                        <td>G\u00e8re les sessions utilisateur, la d\u00e9tection de JavaScript, et la persistance de la connexion.<\/td>\n                        <td>has_js<br \/>wordpress_logged_in_*<\/td>\n                        <td>Expire \u00e0 la fermeture du navigateur.<\/td>\n                        <td>-<\/td>\n                        <td>-<\/td>\n                    <\/tr>\n\n                                            <tr>\n                            <td><strong>Matomo<\/strong> <br \/>H\u00e9berg\u00e9 en France<\/td>\n                            <td>Votre navigation est mesur\u00e9e par la solution Matomo. H\u00e9berg\u00e9e sur des serveurs en France (<a href=\"https:\/\/www.websenso.com\/analytics\" target=\"_blank\">https:\/\/www.websenso.com\/analytics<\/a>), ce logiciel est configur\u00e9 avec les param\u00e8tres stricts du respect de la vie priv\u00e9.<\/td>\n                            <td> Aucun<\/td>\n                            <td>-<\/td>\n                            <td>\n                                <div style=\"color: green;\">\ud83d\ude0e R\u00e9duite<\/div>\n                                <small>IP (2 octets masqu\u00e9s)\u00a0: 216.73.xxx.xxx<\/small>\n                            <\/td>\n                            <td>\n                                -                            <\/td>\n                        <\/tr>\n                    \n                                    <\/tbody>\n            <\/table>\n        <\/div>\n\n\n\n\n\n<h3 class=\"wp-block-heading\">Verwaltung personenbezogener Daten<\/h3>\n\n\n\n<p>Durch das Surfen auf dieser Website k\u00f6nnen Informationen gesammelt werden: Herkunft, Access-Provider, IP-Adresse usw. Die Website sammelt personenbezogene Daten f\u00fcr die Zwecke bestimmter Dienstleistungen, die von dieser Website angeboten werden, siehe oben. Das Recht auf Zugang, Berichtigung und Widerspruch in Bezug auf personenbezogene Daten von Besuchern erfolgt durch schriftliche Anfrage an die oben genannte Adresse.  <\/p>\n\n\n\n<h3 class=\"wp-block-heading\">Anwendbares Recht und Gerichtsstand<\/h3>\n\n\n\n<p>Alle Streitigkeiten im Zusammenhang mit der Nutzung dieser Website unterliegen dem franz\u00f6sischen Recht und in der Sprache von Moli\u00e8re. Kikeriki! <\/p>\n\n\n\n<h3 class=\"wp-block-heading\">Immer noch da?<\/h3>\n\n\n\n<p>Gl\u00fcckwunsch! Weil diese Seite wahrscheinlich die am wenigsten interessante auf dieser Seite \ud83d\ude09 ist <\/p>\n<\/div>\n","protected":false},"excerpt":{"rendered":"<p>Die www.paysdesecrins.com Website ist Eigentum von: Fremdenverkehrsamt des Pays des \u00c9crinsRue des Urties05340 VallouiseSIRET-Nummer: 824 516 439 000 75Redaktionsleiterin: Juliette [&hellip;]<\/p>\n","protected":false},"author":1,"featured_media":72739,"parent":0,"menu_order":0,"comment_status":"closed","ping_status":"closed","template":"","meta":{"_thumbnail_id_2":0,"summer_excerpt":"","season":"","station":"","footnotes":""},"class_list":["post-45565","page","type-page","status-publish","has-post-thumbnail","hentry"],"yoast_head":"<!-- This site is optimized with the Yoast SEO plugin v27.3 - https:\/\/yoast.com\/product\/yoast-seo-wordpress\/ -->\n<title>Rechtliche Hinweise &amp; Credits - Pays des \u00c9crins - Office de Tourisme<\/title>\n<meta name=\"robots\" content=\"noindex, follow\" \/>\n<meta property=\"og:locale\" content=\"de_DE\" \/>\n<meta property=\"og:type\" content=\"article\" \/>\n<meta property=\"og:title\" content=\"Rechtliche Hinweise &amp; Credits - Pays des \u00c9crins - Office de Tourisme\" \/>\n<meta property=\"og:description\" content=\"Die www.paysdesecrins.com Website ist Eigentum von: Fremdenverkehrsamt des Pays des \u00c9crinsRue des Urties05340 VallouiseSIRET-Nummer: 824 516 439 000 75Redaktionsleiterin: Juliette [&hellip;]\" \/>\n<meta property=\"og:url\" content=\"https:\/\/www.paysdesecrins.com\/de\/rechtliche-hinweise-credits\/\" \/>\n<meta property=\"og:site_name\" content=\"Pays des \u00c9crins - Office de Tourisme\" \/>\n<meta property=\"article:modified_time\" content=\"2025-08-12T12:32:26+00:00\" \/>\n<meta property=\"og:image\" content=\"https:\/\/www.paysdesecrins.com\/wp-content\/uploads\/2025\/08\/h0a9437-hdr-scaled.jpg\" \/>\n\t<meta property=\"og:image:width\" content=\"2560\" \/>\n\t<meta property=\"og:image:height\" content=\"1440\" \/>\n\t<meta property=\"og:image:type\" content=\"image\/jpeg\" \/>\n<meta name=\"twitter:card\" content=\"summary_large_image\" \/>\n<meta name=\"twitter:label1\" content=\"Gesch\u00e4tzte Lesezeit\" \/>\n\t<meta name=\"twitter:data1\" content=\"2 Minuten\" \/>\n<script type=\"application\/ld+json\" class=\"yoast-schema-graph\">{\"@context\":\"https:\\\/\\\/schema.org\",\"@graph\":[{\"@type\":\"WebPage\",\"@id\":\"https:\\\/\\\/www.paysdesecrins.com\\\/de\\\/rechtliche-hinweise-credits\\\/\",\"url\":\"https:\\\/\\\/www.paysdesecrins.com\\\/de\\\/rechtliche-hinweise-credits\\\/\",\"name\":\"Rechtliche Hinweise &amp; Credits - Pays des \u00c9crins - Office de Tourisme\",\"isPartOf\":{\"@id\":\"https:\\\/\\\/www.paysdesecrins.com\\\/de\\\/#website\"},\"primaryImageOfPage\":{\"@id\":\"https:\\\/\\\/www.paysdesecrins.com\\\/de\\\/rechtliche-hinweise-credits\\\/#primaryimage\"},\"image\":{\"@id\":\"https:\\\/\\\/www.paysdesecrins.com\\\/de\\\/rechtliche-hinweise-credits\\\/#primaryimage\"},\"thumbnailUrl\":\"https:\\\/\\\/www.paysdesecrins.com\\\/wp-content\\\/uploads\\\/2025\\\/08\\\/h0a9437-hdr-scaled.jpg\",\"datePublished\":\"2025-06-27T13:09:18+00:00\",\"dateModified\":\"2025-08-12T12:32:26+00:00\",\"breadcrumb\":{\"@id\":\"https:\\\/\\\/www.paysdesecrins.com\\\/de\\\/rechtliche-hinweise-credits\\\/#breadcrumb\"},\"inLanguage\":\"de\",\"potentialAction\":[{\"@type\":\"ReadAction\",\"target\":[\"https:\\\/\\\/www.paysdesecrins.com\\\/de\\\/rechtliche-hinweise-credits\\\/\"]}]},{\"@type\":\"ImageObject\",\"inLanguage\":\"de\",\"@id\":\"https:\\\/\\\/www.paysdesecrins.com\\\/de\\\/rechtliche-hinweise-credits\\\/#primaryimage\",\"url\":\"https:\\\/\\\/www.paysdesecrins.com\\\/wp-content\\\/uploads\\\/2025\\\/08\\\/h0a9437-hdr-scaled.jpg\",\"contentUrl\":\"https:\\\/\\\/www.paysdesecrins.com\\\/wp-content\\\/uploads\\\/2025\\\/08\\\/h0a9437-hdr-scaled.jpg\",\"width\":2560,\"height\":1440},{\"@type\":\"BreadcrumbList\",\"@id\":\"https:\\\/\\\/www.paysdesecrins.com\\\/de\\\/rechtliche-hinweise-credits\\\/#breadcrumb\",\"itemListElement\":[{\"@type\":\"ListItem\",\"position\":1,\"name\":\"Accueil\",\"item\":\"https:\\\/\\\/www.paysdesecrins.com\\\/de\\\/der-titel-des-hauses\\\/\"},{\"@type\":\"ListItem\",\"position\":2,\"name\":\"Rechtliche Hinweise &amp; Credits\"}]},{\"@type\":\"WebSite\",\"@id\":\"https:\\\/\\\/www.paysdesecrins.com\\\/de\\\/#website\",\"url\":\"https:\\\/\\\/www.paysdesecrins.com\\\/de\\\/\",\"name\":\"Pays des \u00c9crins - Office de Tourisme\",\"description\":\"L&#039;esprit montagne\",\"publisher\":{\"@id\":\"https:\\\/\\\/www.paysdesecrins.com\\\/de\\\/#organization\"},\"potentialAction\":[{\"@type\":\"SearchAction\",\"target\":{\"@type\":\"EntryPoint\",\"urlTemplate\":\"https:\\\/\\\/www.paysdesecrins.com\\\/de\\\/?s={search_term_string}\"},\"query-input\":{\"@type\":\"PropertyValueSpecification\",\"valueRequired\":true,\"valueName\":\"search_term_string\"}}],\"inLanguage\":\"de\"},{\"@type\":\"Organization\",\"@id\":\"https:\\\/\\\/www.paysdesecrins.com\\\/de\\\/#organization\",\"name\":\"Pays des \u00c9crins - Office de Tourisme\",\"url\":\"https:\\\/\\\/www.paysdesecrins.com\\\/de\\\/\",\"logo\":{\"@type\":\"ImageObject\",\"inLanguage\":\"de\",\"@id\":\"https:\\\/\\\/www.paysdesecrins.com\\\/de\\\/#\\\/schema\\\/logo\\\/image\\\/\",\"url\":\"https:\\\/\\\/www.paysdesecrins.com\\\/wp-content\\\/uploads\\\/2025\\\/06\\\/devina-svg-1750845694.svg\",\"contentUrl\":\"https:\\\/\\\/www.paysdesecrins.com\\\/wp-content\\\/uploads\\\/2025\\\/06\\\/devina-svg-1750845694.svg\",\"caption\":\"Pays des \u00c9crins - Office de Tourisme\"},\"image\":{\"@id\":\"https:\\\/\\\/www.paysdesecrins.com\\\/de\\\/#\\\/schema\\\/logo\\\/image\\\/\"}}]}<\/script>\n<!-- \/ Yoast SEO plugin. -->","yoast_head_json":{"title":"Rechtliche Hinweise &amp; Credits - Pays des \u00c9crins - Office de Tourisme","robots":{"index":"noindex","follow":"follow"},"og_locale":"de_DE","og_type":"article","og_title":"Rechtliche Hinweise &amp; Credits - Pays des \u00c9crins - Office de Tourisme","og_description":"Die www.paysdesecrins.com Website ist Eigentum von: Fremdenverkehrsamt des Pays des \u00c9crinsRue des Urties05340 VallouiseSIRET-Nummer: 824 516 439 000 75Redaktionsleiterin: Juliette [&hellip;]","og_url":"https:\/\/www.paysdesecrins.com\/de\/rechtliche-hinweise-credits\/","og_site_name":"Pays des \u00c9crins - Office de Tourisme","article_modified_time":"2025-08-12T12:32:26+00:00","og_image":[{"width":2560,"height":1440,"url":"https:\/\/www.paysdesecrins.com\/wp-content\/uploads\/2025\/08\/h0a9437-hdr-scaled.jpg","type":"image\/jpeg"}],"twitter_card":"summary_large_image","twitter_misc":{"Gesch\u00e4tzte Lesezeit":"2 Minuten"},"schema":{"@context":"https:\/\/schema.org","@graph":[{"@type":"WebPage","@id":"https:\/\/www.paysdesecrins.com\/de\/rechtliche-hinweise-credits\/","url":"https:\/\/www.paysdesecrins.com\/de\/rechtliche-hinweise-credits\/","name":"Rechtliche Hinweise &amp; Credits - Pays des \u00c9crins - Office de Tourisme","isPartOf":{"@id":"https:\/\/www.paysdesecrins.com\/de\/#website"},"primaryImageOfPage":{"@id":"https:\/\/www.paysdesecrins.com\/de\/rechtliche-hinweise-credits\/#primaryimage"},"image":{"@id":"https:\/\/www.paysdesecrins.com\/de\/rechtliche-hinweise-credits\/#primaryimage"},"thumbnailUrl":"https:\/\/www.paysdesecrins.com\/wp-content\/uploads\/2025\/08\/h0a9437-hdr-scaled.jpg","datePublished":"2025-06-27T13:09:18+00:00","dateModified":"2025-08-12T12:32:26+00:00","breadcrumb":{"@id":"https:\/\/www.paysdesecrins.com\/de\/rechtliche-hinweise-credits\/#breadcrumb"},"inLanguage":"de","potentialAction":[{"@type":"ReadAction","target":["https:\/\/www.paysdesecrins.com\/de\/rechtliche-hinweise-credits\/"]}]},{"@type":"ImageObject","inLanguage":"de","@id":"https:\/\/www.paysdesecrins.com\/de\/rechtliche-hinweise-credits\/#primaryimage","url":"https:\/\/www.paysdesecrins.com\/wp-content\/uploads\/2025\/08\/h0a9437-hdr-scaled.jpg","contentUrl":"https:\/\/www.paysdesecrins.com\/wp-content\/uploads\/2025\/08\/h0a9437-hdr-scaled.jpg","width":2560,"height":1440},{"@type":"BreadcrumbList","@id":"https:\/\/www.paysdesecrins.com\/de\/rechtliche-hinweise-credits\/#breadcrumb","itemListElement":[{"@type":"ListItem","position":1,"name":"Accueil","item":"https:\/\/www.paysdesecrins.com\/de\/der-titel-des-hauses\/"},{"@type":"ListItem","position":2,"name":"Rechtliche Hinweise &amp; Credits"}]},{"@type":"WebSite","@id":"https:\/\/www.paysdesecrins.com\/de\/#website","url":"https:\/\/www.paysdesecrins.com\/de\/","name":"Pays des \u00c9crins - Office de Tourisme","description":"L&#039;esprit montagne","publisher":{"@id":"https:\/\/www.paysdesecrins.com\/de\/#organization"},"potentialAction":[{"@type":"SearchAction","target":{"@type":"EntryPoint","urlTemplate":"https:\/\/www.paysdesecrins.com\/de\/?s={search_term_string}"},"query-input":{"@type":"PropertyValueSpecification","valueRequired":true,"valueName":"search_term_string"}}],"inLanguage":"de"},{"@type":"Organization","@id":"https:\/\/www.paysdesecrins.com\/de\/#organization","name":"Pays des \u00c9crins - Office de Tourisme","url":"https:\/\/www.paysdesecrins.com\/de\/","logo":{"@type":"ImageObject","inLanguage":"de","@id":"https:\/\/www.paysdesecrins.com\/de\/#\/schema\/logo\/image\/","url":"https:\/\/www.paysdesecrins.com\/wp-content\/uploads\/2025\/06\/devina-svg-1750845694.svg","contentUrl":"https:\/\/www.paysdesecrins.com\/wp-content\/uploads\/2025\/06\/devina-svg-1750845694.svg","caption":"Pays des \u00c9crins - Office de Tourisme"},"image":{"@id":"https:\/\/www.paysdesecrins.com\/de\/#\/schema\/logo\/image\/"}}]}},"_links":{"self":[{"href":"https:\/\/www.paysdesecrins.com\/de\/wp-json\/wp\/v2\/pages\/45565","targetHints":{"allow":["GET"]}}],"collection":[{"href":"https:\/\/www.paysdesecrins.com\/de\/wp-json\/wp\/v2\/pages"}],"about":[{"href":"https:\/\/www.paysdesecrins.com\/de\/wp-json\/wp\/v2\/types\/page"}],"author":[{"embeddable":true,"href":"https:\/\/www.paysdesecrins.com\/de\/wp-json\/wp\/v2\/users\/1"}],"replies":[{"embeddable":true,"href":"https:\/\/www.paysdesecrins.com\/de\/wp-json\/wp\/v2\/comments?post=45565"}],"version-history":[{"count":2,"href":"https:\/\/www.paysdesecrins.com\/de\/wp-json\/wp\/v2\/pages\/45565\/revisions"}],"predecessor-version":[{"id":80939,"href":"https:\/\/www.paysdesecrins.com\/de\/wp-json\/wp\/v2\/pages\/45565\/revisions\/80939"}],"wp:featuredmedia":[{"embeddable":true,"href":"https:\/\/www.paysdesecrins.com\/de\/wp-json\/wp\/v2\/media\/72739"}],"wp:attachment":[{"href":"https:\/\/www.paysdesecrins.com\/de\/wp-json\/wp\/v2\/media?parent=45565"}],"curies":[{"name":"wp","href":"https:\/\/api.w.org\/{rel}","templated":true}]}}