{"id":45866,"date":"2025-07-24T13:54:39","date_gmt":"2025-07-24T11:54:39","guid":{"rendered":"https:\/\/www.paysdesecrins.com\/mein-wunsch\/entdeckung\/bewaesserungskanaele\/"},"modified":"2025-07-28T16:00:26","modified_gmt":"2025-07-28T14:00:26","slug":"bewaesserungskanaele","status":"publish","type":"page","link":"https:\/\/www.paysdesecrins.com\/de\/mein-wunsch\/entdeckung\/bewaesserungskanaele\/","title":{"rendered":"Bew\u00e4sserungskan\u00e4le"},"content":{"rendered":"    <div class=\"alignfull wp-block-ws-library-ws-header-interne\">\n\t    <div class=\"header-container\">\n\t        <div class=\"group-media has-image\">\n\t            \t                <img loading=\"lazy\" decoding=\"async\" width=\"1920\" height=\"480\" src=\"https:\/\/www.paysdesecrins.com\/wp-content\/uploads\/2025\/07\/les-canaux-d-irrigation-1654250001-1.jpg\" alt=\"\" class=\"image_large_square wp-image-42268\" srcset=\"https:\/\/www.paysdesecrins.com\/wp-content\/uploads\/2025\/07\/les-canaux-d-irrigation-1654250001-1.jpg 1920w, https:\/\/www.paysdesecrins.com\/wp-content\/uploads\/2025\/07\/les-canaux-d-irrigation-1654250001-1-300x75.jpg 300w, https:\/\/www.paysdesecrins.com\/wp-content\/uploads\/2025\/07\/les-canaux-d-irrigation-1654250001-1-1024x256.jpg 1024w, https:\/\/www.paysdesecrins.com\/wp-content\/uploads\/2025\/07\/les-canaux-d-irrigation-1654250001-1-768x192.jpg 768w, https:\/\/www.paysdesecrins.com\/wp-content\/uploads\/2025\/07\/les-canaux-d-irrigation-1654250001-1-1536x384.jpg 1536w, https:\/\/www.paysdesecrins.com\/wp-content\/uploads\/2025\/07\/les-canaux-d-irrigation-1654250001-1-960x240.jpg 960w\" sizes=\"auto, (max-width: 1920px) 100vw, 1920px\" \/>\n\t            \t        <\/div>\n\t        <div class=\"group-content\">\n\t            <div class=\"title\">\n\t                <h1>\n\t                    Bew\u00e4sserungskan\u00e4le\t                    \t                <\/h1>\n\t            <\/div>\n\t        <\/div>\n\t    <\/div>\n\t    \n<div class=\"yoast-breadcrumbs\"><span><span><a href=\"https:\/\/www.paysdesecrins.com\/de\/der-titel-des-hauses\/\">Accueil<\/a><\/span>  <span><a href=\"https:\/\/www.paysdesecrins.com\/de\/mein-wunsch\/\">Mein Wunsch,<\/a><\/span>  <span><a href=\"https:\/\/www.paysdesecrins.com\/de\/mein-wunsch\/entdeckung\/\">Mein Wunsch nach Entdeckung<\/a><\/span>  <span class=\"breadcrumb_last\" aria-current=\"page\">Bew\u00e4sserungskan\u00e4le<\/span><\/span><\/div>\n    <\/div>\n    \n<div class=\"wp-block-ws-library-ws-title aligncenter is-style-simple\"><h2>Wasser, eine tausend Jahre alte Version<\/h2><\/div>\n\n<p><\/p>\n\n<p class=\"has-text-align-center\">Die Bew\u00e4sserungskan\u00e4le des Pays des \u00c9crins: Wasser, eine tausend Jahre alte Version<br\/>Hier flie\u00dft das Wasser nicht immer kaskadiert. Seit dem dreizehnten Jahrhundert folgt sie klugerweise den von Hand gegrabenen Kan\u00e4len: B\u00e9als, Gullies oder B\u00e9ali\u00e8res. Im Pays des \u00c9crins durchziehen diese Bew\u00e4sserungsanlagen Wiesen, Obstg\u00e4rten und Weiler mit beispielhafter Pr\u00e4zision und einem Gef\u00fchl des Teilens.  <\/p>\n\n<div class=\"wp-block-ws-library-ws-columns alignwide has-2-columns are-vertically-aligned-center layout-5050 is-style-background\">\n<div class=\"wp-block-ws-library-ws-column\"><div class=\"wrapper\">\n<p class=\"has-text-align-center\">Zu dieser Zeit gab es keine Wetter-App oder Wasserwaage: nur das Auge, die Schaufel und eine angesehene Steigung von 1 %. Ein Rinnsal Wasser wird aus der Gyronde oder der Durance umgeleitet, mit h\u00f6lzernen Ventilen und zeitgesteuerten Bew\u00e4sserungst\u00fcrmen. Heute ist es immer noch im Fluss: In Vallouise, Freissini\u00e8res, Saint-Martin-de-Queyri\u00e8res, Les Vigneaux oder L&#8217;Argenti\u00e8re-la-Bess\u00e9e ist das Netz noch aktiv.  <br\/><\/p>\n<\/div><\/div>\n\n\n\n<div class=\"wp-block-ws-library-ws-column\"><div class=\"wrapper\">\n<div class=\"wp-block-ws-library-ws-image\"><div class=\"wrapper\"><div class=\"group-media\"><img decoding=\"async\" src=\"https:\/\/www.paysdesecrins.com\/wp-content\/uploads\/2025\/07\/1654250001-2037633002-427x640.jpg\" alt=\"\" class=\"single_image ws-image-36155\"><div class=\"credits\"><\/div><\/div><p class=\"caption\"><\/p><\/div><\/div>\n<\/div><\/div>\n<\/div>\n\n<p class=\"has-text-align-center\">Die Materialien haben sich ge\u00e4ndert \u2013 Beton, D\u00fcsen, moderne Ventile \u2013, aber das System ist immer noch kollektiv. Und jeden Fr\u00fchling kratzt er, er gr\u00e4bt, er entkorkt. Die Autorisierten Gewerkschaftsverb\u00e4nde (ASA) organisieren das Interview mit Hilfe von Freiwilligen vor Ort. Eine gelebte Tradition.   <\/p>\n\n<p class=\"has-text-align-center\">Diese Kan\u00e4le sind auch ein Paradies f\u00fcr die Artenvielfalt: Feuchtgebiete, Fr\u00f6sche, Orchideen und Schmetterlinge siedeln sich dort an. Mit anderen Worten, es ist nicht nur Bew\u00e4sserung, es ist ein \u00d6kosystem im Aufbau. <\/p>\n\n<div class=\"wp-block-ws-library-ws-image\"><div class=\"wrapper\"><div class=\"group-media\"><img decoding=\"async\" src=\"https:\/\/www.paysdesecrins.com\/wp-content\/uploads\/2025\/07\/07-20-24-canaux-22-960x640.jpg\" alt=\"\" class=\"single_image ws-image-42371\"><div class=\"credits\"><\/div><\/div><p class=\"caption\"><\/p><\/div><\/div>\n\n<div class=\"wp-block-ws-library-ws-columns alignwide has-2-columns are-vertically-aligned-center layout-5050 is-style-background\">\n<div class=\"wp-block-ws-library-ws-column\"><div class=\"wrapper\">\n<div class=\"wp-block-ws-library-ws-image\"><div class=\"wrapper\"><div class=\"group-media\"><img decoding=\"async\" src=\"https:\/\/www.paysdesecrins.com\/wp-content\/uploads\/2025\/07\/07-20-24-canaux-31-960x640.jpg\" alt=\"\" class=\"single_image ws-image-42366\"><div class=\"credits\"><\/div><\/div><p class=\"caption\"><\/p><\/div><\/div>\n<\/div><\/div>\n\n\n\n<div class=\"wp-block-ws-library-ws-column\"><div class=\"wrapper\">\n<div class=\"wp-block-ws-library-ws-title\"><h3>Wo kann man die Bew\u00e4sserungskan\u00e4le in den \u00c9crins sehen?<\/h3><\/div>\n\n\n\n<ul class=\"wp-block-list\">\n<li><em>Vallouise<\/em> \u2013 B\u00e9alets Trail (4 km): Schatten, Informationen und Ruhe<\/li>\n\n\n\n<li><em>Les Vigneaux \u2013 Kan\u00e4le<\/em> , die von Balkonwegen aus sichtbar sind<\/li>\n\n\n\n<li> <em>Freissini\u00e8res<\/em> \u2013 Schleife um den Wildbach Oules<\/li>\n\n\n\n<li> <em>L&#8217;Argenti\u00e8re-la-Bess\u00e9e<\/em> \u2013 Kanal Durance: Blick auf die alten Gem\u00fcseg\u00e4rten<\/li>\n<\/ul>\n\n\n\n<p><a href=\"https:\/\/play.google.com\/store\/apps\/details?id=com.cg05.itinerancealpine&amp;hl=fr&amp;gl=US&amp;pli=1\"><em>Laden Sie die Hautes-Alpes Heritage-App herunter<\/em> : <\/a>interaktive Karte, Augmented Reality, Quiz f\u00fcr Kinder&#8230; und \u00dcberraschungen auf dem Weg.<br\/><\/p>\n<\/div><\/div>\n<\/div>\n\n<p class=\"has-text-align-left\">Die Bew\u00e4sserungskan\u00e4le des Pays des \u00c9crins? Eine Geschichte vom Wasser&#8230; die weiter flie\u00dft. <br\/><\/p>\n\n<div class=\"wp-block-ws-library-ws-share\"><span class=\"share-subtitle\">Hat Ihnen diese Seite gefallen?<\/span><span class=\"share-title\">Teilen Sie es!<\/span><button class=\"ws-share-button wp-element-button\">Diese Seite teilen<\/button><\/div>\n","protected":false},"excerpt":{"rendered":"<p>Die Bew\u00e4sserungskan\u00e4le des Pays des \u00c9crins: Wasser, eine tausend Jahre alte VersionHier flie\u00dft das Wasser nicht immer kaskadiert. Seit dem [&hellip;]<\/p>\n","protected":false},"author":4,"featured_media":42292,"parent":44566,"menu_order":0,"comment_status":"closed","ping_status":"closed","template":"","meta":{"_thumbnail_id_2":0,"summer_excerpt":"","season":"","station":"","footnotes":""},"class_list":["post-45866","page","type-page","status-publish","has-post-thumbnail","hentry"],"yoast_head":"<!-- This site is optimized with the Yoast SEO plugin v27.3 - https:\/\/yoast.com\/product\/yoast-seo-wordpress\/ -->\n<title>Bew\u00e4sserungskan\u00e4le - Pays des \u00c9crins - Office de Tourisme<\/title>\n<meta name=\"robots\" content=\"index, follow, max-snippet:-1, max-image-preview:large, max-video-preview:-1\" \/>\n<link rel=\"canonical\" href=\"https:\/\/www.paysdesecrins.com\/de\/mein-wunsch\/entdeckung\/bewaesserungskanaele\/\" \/>\n<meta property=\"og:locale\" content=\"de_DE\" \/>\n<meta property=\"og:type\" content=\"article\" \/>\n<meta property=\"og:title\" content=\"Bew\u00e4sserungskan\u00e4le - Pays des \u00c9crins - Office de Tourisme\" \/>\n<meta property=\"og:description\" content=\"Die Bew\u00e4sserungskan\u00e4le des Pays des \u00c9crins: Wasser, eine tausend Jahre alte VersionHier flie\u00dft das Wasser nicht immer kaskadiert. Seit dem [&hellip;]\" \/>\n<meta property=\"og:url\" content=\"https:\/\/www.paysdesecrins.com\/de\/mein-wunsch\/entdeckung\/bewaesserungskanaele\/\" \/>\n<meta property=\"og:site_name\" content=\"Pays des \u00c9crins - Office de Tourisme\" \/>\n<meta property=\"article:modified_time\" content=\"2025-07-28T14:00:26+00:00\" \/>\n<meta property=\"og:image\" content=\"https:\/\/www.paysdesecrins.com\/wp-content\/uploads\/2025\/07\/les-canaux-d-irrigation-1654250001-1-1.jpg\" \/>\n\t<meta property=\"og:image:width\" content=\"1920\" \/>\n\t<meta property=\"og:image:height\" content=\"480\" \/>\n\t<meta property=\"og:image:type\" content=\"image\/jpeg\" \/>\n<meta name=\"twitter:card\" content=\"summary_large_image\" \/>\n<meta name=\"twitter:label1\" content=\"Gesch\u00e4tzte Lesezeit\" \/>\n\t<meta name=\"twitter:data1\" content=\"2 Minuten\" \/>\n<script type=\"application\/ld+json\" class=\"yoast-schema-graph\">{\"@context\":\"https:\\\/\\\/schema.org\",\"@graph\":[{\"@type\":\"WebPage\",\"@id\":\"https:\\\/\\\/www.paysdesecrins.com\\\/de\\\/mein-wunsch\\\/entdeckung\\\/bewaesserungskanaele\\\/\",\"url\":\"https:\\\/\\\/www.paysdesecrins.com\\\/de\\\/mein-wunsch\\\/entdeckung\\\/bewaesserungskanaele\\\/\",\"name\":\"Bew\u00e4sserungskan\u00e4le - Pays des \u00c9crins - Office de Tourisme\",\"isPartOf\":{\"@id\":\"https:\\\/\\\/www.paysdesecrins.com\\\/de\\\/#website\"},\"primaryImageOfPage\":{\"@id\":\"https:\\\/\\\/www.paysdesecrins.com\\\/de\\\/mein-wunsch\\\/entdeckung\\\/bewaesserungskanaele\\\/#primaryimage\"},\"image\":{\"@id\":\"https:\\\/\\\/www.paysdesecrins.com\\\/de\\\/mein-wunsch\\\/entdeckung\\\/bewaesserungskanaele\\\/#primaryimage\"},\"thumbnailUrl\":\"https:\\\/\\\/www.paysdesecrins.com\\\/wp-content\\\/uploads\\\/2025\\\/07\\\/les-canaux-d-irrigation-1654250001-1-1.jpg\",\"datePublished\":\"2025-07-24T11:54:39+00:00\",\"dateModified\":\"2025-07-28T14:00:26+00:00\",\"breadcrumb\":{\"@id\":\"https:\\\/\\\/www.paysdesecrins.com\\\/de\\\/mein-wunsch\\\/entdeckung\\\/bewaesserungskanaele\\\/#breadcrumb\"},\"inLanguage\":\"de\",\"potentialAction\":[{\"@type\":\"ReadAction\",\"target\":[\"https:\\\/\\\/www.paysdesecrins.com\\\/de\\\/mein-wunsch\\\/entdeckung\\\/bewaesserungskanaele\\\/\"]}]},{\"@type\":\"ImageObject\",\"inLanguage\":\"de\",\"@id\":\"https:\\\/\\\/www.paysdesecrins.com\\\/de\\\/mein-wunsch\\\/entdeckung\\\/bewaesserungskanaele\\\/#primaryimage\",\"url\":\"https:\\\/\\\/www.paysdesecrins.com\\\/wp-content\\\/uploads\\\/2025\\\/07\\\/les-canaux-d-irrigation-1654250001-1-1.jpg\",\"contentUrl\":\"https:\\\/\\\/www.paysdesecrins.com\\\/wp-content\\\/uploads\\\/2025\\\/07\\\/les-canaux-d-irrigation-1654250001-1-1.jpg\",\"width\":1920,\"height\":480},{\"@type\":\"BreadcrumbList\",\"@id\":\"https:\\\/\\\/www.paysdesecrins.com\\\/de\\\/mein-wunsch\\\/entdeckung\\\/bewaesserungskanaele\\\/#breadcrumb\",\"itemListElement\":[{\"@type\":\"ListItem\",\"position\":1,\"name\":\"Accueil\",\"item\":\"https:\\\/\\\/www.paysdesecrins.com\\\/de\\\/der-titel-des-hauses\\\/\"},{\"@type\":\"ListItem\",\"position\":2,\"name\":\"Mein Wunsch,\",\"item\":\"https:\\\/\\\/www.paysdesecrins.com\\\/de\\\/mein-wunsch\\\/\"},{\"@type\":\"ListItem\",\"position\":3,\"name\":\"Mein Wunsch nach Entdeckung\",\"item\":\"https:\\\/\\\/www.paysdesecrins.com\\\/de\\\/mein-wunsch\\\/entdeckung\\\/\"},{\"@type\":\"ListItem\",\"position\":4,\"name\":\"Bew\u00e4sserungskan\u00e4le\"}]},{\"@type\":\"WebSite\",\"@id\":\"https:\\\/\\\/www.paysdesecrins.com\\\/de\\\/#website\",\"url\":\"https:\\\/\\\/www.paysdesecrins.com\\\/de\\\/\",\"name\":\"Pays des \u00c9crins - Office de Tourisme\",\"description\":\"L&#039;esprit montagne\",\"publisher\":{\"@id\":\"https:\\\/\\\/www.paysdesecrins.com\\\/de\\\/#organization\"},\"potentialAction\":[{\"@type\":\"SearchAction\",\"target\":{\"@type\":\"EntryPoint\",\"urlTemplate\":\"https:\\\/\\\/www.paysdesecrins.com\\\/de\\\/?s={search_term_string}\"},\"query-input\":{\"@type\":\"PropertyValueSpecification\",\"valueRequired\":true,\"valueName\":\"search_term_string\"}}],\"inLanguage\":\"de\"},{\"@type\":\"Organization\",\"@id\":\"https:\\\/\\\/www.paysdesecrins.com\\\/de\\\/#organization\",\"name\":\"Pays des \u00c9crins - Office de Tourisme\",\"url\":\"https:\\\/\\\/www.paysdesecrins.com\\\/de\\\/\",\"logo\":{\"@type\":\"ImageObject\",\"inLanguage\":\"de\",\"@id\":\"https:\\\/\\\/www.paysdesecrins.com\\\/de\\\/#\\\/schema\\\/logo\\\/image\\\/\",\"url\":\"https:\\\/\\\/www.paysdesecrins.com\\\/wp-content\\\/uploads\\\/2025\\\/06\\\/devina-svg-1750845694.svg\",\"contentUrl\":\"https:\\\/\\\/www.paysdesecrins.com\\\/wp-content\\\/uploads\\\/2025\\\/06\\\/devina-svg-1750845694.svg\",\"caption\":\"Pays des \u00c9crins - Office de Tourisme\"},\"image\":{\"@id\":\"https:\\\/\\\/www.paysdesecrins.com\\\/de\\\/#\\\/schema\\\/logo\\\/image\\\/\"}}]}<\/script>\n<!-- \/ Yoast SEO plugin. -->","yoast_head_json":{"title":"Bew\u00e4sserungskan\u00e4le - Pays des \u00c9crins - Office de Tourisme","robots":{"index":"index","follow":"follow","max-snippet":"max-snippet:-1","max-image-preview":"max-image-preview:large","max-video-preview":"max-video-preview:-1"},"canonical":"https:\/\/www.paysdesecrins.com\/de\/mein-wunsch\/entdeckung\/bewaesserungskanaele\/","og_locale":"de_DE","og_type":"article","og_title":"Bew\u00e4sserungskan\u00e4le - Pays des \u00c9crins - Office de Tourisme","og_description":"Die Bew\u00e4sserungskan\u00e4le des Pays des \u00c9crins: Wasser, eine tausend Jahre alte VersionHier flie\u00dft das Wasser nicht immer kaskadiert. Seit dem [&hellip;]","og_url":"https:\/\/www.paysdesecrins.com\/de\/mein-wunsch\/entdeckung\/bewaesserungskanaele\/","og_site_name":"Pays des \u00c9crins - Office de Tourisme","article_modified_time":"2025-07-28T14:00:26+00:00","og_image":[{"width":1920,"height":480,"url":"https:\/\/www.paysdesecrins.com\/wp-content\/uploads\/2025\/07\/les-canaux-d-irrigation-1654250001-1-1.jpg","type":"image\/jpeg"}],"twitter_card":"summary_large_image","twitter_misc":{"Gesch\u00e4tzte Lesezeit":"2 Minuten"},"schema":{"@context":"https:\/\/schema.org","@graph":[{"@type":"WebPage","@id":"https:\/\/www.paysdesecrins.com\/de\/mein-wunsch\/entdeckung\/bewaesserungskanaele\/","url":"https:\/\/www.paysdesecrins.com\/de\/mein-wunsch\/entdeckung\/bewaesserungskanaele\/","name":"Bew\u00e4sserungskan\u00e4le - Pays des \u00c9crins - Office de Tourisme","isPartOf":{"@id":"https:\/\/www.paysdesecrins.com\/de\/#website"},"primaryImageOfPage":{"@id":"https:\/\/www.paysdesecrins.com\/de\/mein-wunsch\/entdeckung\/bewaesserungskanaele\/#primaryimage"},"image":{"@id":"https:\/\/www.paysdesecrins.com\/de\/mein-wunsch\/entdeckung\/bewaesserungskanaele\/#primaryimage"},"thumbnailUrl":"https:\/\/www.paysdesecrins.com\/wp-content\/uploads\/2025\/07\/les-canaux-d-irrigation-1654250001-1-1.jpg","datePublished":"2025-07-24T11:54:39+00:00","dateModified":"2025-07-28T14:00:26+00:00","breadcrumb":{"@id":"https:\/\/www.paysdesecrins.com\/de\/mein-wunsch\/entdeckung\/bewaesserungskanaele\/#breadcrumb"},"inLanguage":"de","potentialAction":[{"@type":"ReadAction","target":["https:\/\/www.paysdesecrins.com\/de\/mein-wunsch\/entdeckung\/bewaesserungskanaele\/"]}]},{"@type":"ImageObject","inLanguage":"de","@id":"https:\/\/www.paysdesecrins.com\/de\/mein-wunsch\/entdeckung\/bewaesserungskanaele\/#primaryimage","url":"https:\/\/www.paysdesecrins.com\/wp-content\/uploads\/2025\/07\/les-canaux-d-irrigation-1654250001-1-1.jpg","contentUrl":"https:\/\/www.paysdesecrins.com\/wp-content\/uploads\/2025\/07\/les-canaux-d-irrigation-1654250001-1-1.jpg","width":1920,"height":480},{"@type":"BreadcrumbList","@id":"https:\/\/www.paysdesecrins.com\/de\/mein-wunsch\/entdeckung\/bewaesserungskanaele\/#breadcrumb","itemListElement":[{"@type":"ListItem","position":1,"name":"Accueil","item":"https:\/\/www.paysdesecrins.com\/de\/der-titel-des-hauses\/"},{"@type":"ListItem","position":2,"name":"Mein Wunsch,","item":"https:\/\/www.paysdesecrins.com\/de\/mein-wunsch\/"},{"@type":"ListItem","position":3,"name":"Mein Wunsch nach Entdeckung","item":"https:\/\/www.paysdesecrins.com\/de\/mein-wunsch\/entdeckung\/"},{"@type":"ListItem","position":4,"name":"Bew\u00e4sserungskan\u00e4le"}]},{"@type":"WebSite","@id":"https:\/\/www.paysdesecrins.com\/de\/#website","url":"https:\/\/www.paysdesecrins.com\/de\/","name":"Pays des \u00c9crins - Office de Tourisme","description":"L&#039;esprit montagne","publisher":{"@id":"https:\/\/www.paysdesecrins.com\/de\/#organization"},"potentialAction":[{"@type":"SearchAction","target":{"@type":"EntryPoint","urlTemplate":"https:\/\/www.paysdesecrins.com\/de\/?s={search_term_string}"},"query-input":{"@type":"PropertyValueSpecification","valueRequired":true,"valueName":"search_term_string"}}],"inLanguage":"de"},{"@type":"Organization","@id":"https:\/\/www.paysdesecrins.com\/de\/#organization","name":"Pays des \u00c9crins - Office de Tourisme","url":"https:\/\/www.paysdesecrins.com\/de\/","logo":{"@type":"ImageObject","inLanguage":"de","@id":"https:\/\/www.paysdesecrins.com\/de\/#\/schema\/logo\/image\/","url":"https:\/\/www.paysdesecrins.com\/wp-content\/uploads\/2025\/06\/devina-svg-1750845694.svg","contentUrl":"https:\/\/www.paysdesecrins.com\/wp-content\/uploads\/2025\/06\/devina-svg-1750845694.svg","caption":"Pays des \u00c9crins - Office de Tourisme"},"image":{"@id":"https:\/\/www.paysdesecrins.com\/de\/#\/schema\/logo\/image\/"}}]}},"_links":{"self":[{"href":"https:\/\/www.paysdesecrins.com\/de\/wp-json\/wp\/v2\/pages\/45866","targetHints":{"allow":["GET"]}}],"collection":[{"href":"https:\/\/www.paysdesecrins.com\/de\/wp-json\/wp\/v2\/pages"}],"about":[{"href":"https:\/\/www.paysdesecrins.com\/de\/wp-json\/wp\/v2\/types\/page"}],"author":[{"embeddable":true,"href":"https:\/\/www.paysdesecrins.com\/de\/wp-json\/wp\/v2\/users\/4"}],"replies":[{"embeddable":true,"href":"https:\/\/www.paysdesecrins.com\/de\/wp-json\/wp\/v2\/comments?post=45866"}],"version-history":[{"count":0,"href":"https:\/\/www.paysdesecrins.com\/de\/wp-json\/wp\/v2\/pages\/45866\/revisions"}],"up":[{"embeddable":true,"href":"https:\/\/www.paysdesecrins.com\/de\/wp-json\/wp\/v2\/pages\/44566"}],"wp:featuredmedia":[{"embeddable":true,"href":"https:\/\/www.paysdesecrins.com\/de\/wp-json\/wp\/v2\/media\/42292"}],"wp:attachment":[{"href":"https:\/\/www.paysdesecrins.com\/de\/wp-json\/wp\/v2\/media?parent=45866"}],"curies":[{"name":"wp","href":"https:\/\/api.w.org\/{rel}","templated":true}]}}