{"id":45878,"date":"2025-07-24T13:46:06","date_gmt":"2025-07-24T11:46:06","guid":{"rendered":"https:\/\/www.paysdesecrins.com\/mein-wunsch\/entdeckung\/augmented-reality-tour\/"},"modified":"2025-08-05T13:39:51","modified_gmt":"2025-08-05T11:39:51","slug":"augmented-reality-tour","status":"publish","type":"page","link":"https:\/\/www.paysdesecrins.com\/de\/mein-wunsch\/entdeckung\/augmented-reality-tour\/","title":{"rendered":"Augmented-Reality-Tour"},"content":{"rendered":"    <div class=\"alignfull wp-block-ws-library-ws-header-interne\">\n\t    <div class=\"header-container\">\n\t        <div class=\"group-media has-image\">\n\t            \t                <img loading=\"lazy\" decoding=\"async\" width=\"1920\" height=\"480\" src=\"https:\/\/www.paysdesecrins.com\/wp-content\/uploads\/2025\/07\/parcours-en-realite-augmentee-1655718966.png\" alt=\"\" class=\"image_large_square wp-image-41954\" srcset=\"https:\/\/www.paysdesecrins.com\/wp-content\/uploads\/2025\/07\/parcours-en-realite-augmentee-1655718966.png 1920w, https:\/\/www.paysdesecrins.com\/wp-content\/uploads\/2025\/07\/parcours-en-realite-augmentee-1655718966-300x75.png 300w, https:\/\/www.paysdesecrins.com\/wp-content\/uploads\/2025\/07\/parcours-en-realite-augmentee-1655718966-1024x256.png 1024w, https:\/\/www.paysdesecrins.com\/wp-content\/uploads\/2025\/07\/parcours-en-realite-augmentee-1655718966-768x192.png 768w, https:\/\/www.paysdesecrins.com\/wp-content\/uploads\/2025\/07\/parcours-en-realite-augmentee-1655718966-1536x384.png 1536w, https:\/\/www.paysdesecrins.com\/wp-content\/uploads\/2025\/07\/parcours-en-realite-augmentee-1655718966-960x240.png 960w\" sizes=\"auto, (max-width: 1920px) 100vw, 1920px\" \/>\n\t            \t        <\/div>\n\t        <div class=\"group-content\">\n\t            <div class=\"title\">\n\t                <h1>\n\t                    Augmented-Reality-Tour\t                    \t                <\/h1>\n\t            <\/div>\n\t        <\/div>\n\t    <\/div>\n\t    \n<div class=\"yoast-breadcrumbs\"><span><span><a href=\"https:\/\/www.paysdesecrins.com\/de\/der-titel-des-hauses\/\">Accueil<\/a><\/span>  <span><a href=\"https:\/\/www.paysdesecrins.com\/de\/mein-wunsch\/\">Mein Wunsch,<\/a><\/span>  <span><a href=\"https:\/\/www.paysdesecrins.com\/de\/mein-wunsch\/entdeckung\/\">Mein Wunsch nach Entdeckung<\/a><\/span>  <span class=\"breadcrumb_last\" aria-current=\"page\">Augmented-Reality-Tour<\/span><\/span><\/div>\n    <\/div>\n    \n<div class=\"wp-block-ws-library-ws-title aligncenter is-style-simple\"><h2><strong>Unterhaltsame Kulturpfade in \u00c9crins: Lernen, Spielen, Erkunden<\/strong><\/h2><\/div>\n\n<p>Ein Dorf, ein Tal oder eine alte Mine zu besuchen ist gut. Aber es ist noch besser, es im Abenteuerspielmodus zu tun! Mit den <em>\u00c9crins Heritage Fun Trails<\/em> k\u00f6nnen Sie das Gebiet neu entdecken und dabei Spa\u00df haben. Dank der kostenlosen <strong>LegendR-App<\/strong> wird jeder Spaziergang zu einem spielerischen Eintauchen in die lokale Geschichte. Vier G\u00e4nge, vier Atmosph\u00e4ren: Sie haben die Wahl.    <br\/><\/p>\n\n<div class=\"wp-block-ws-library-ws-columns alignwide has-2-columns are-vertically-aligned-center layout-5050 is-style-background\">\n<div class=\"wp-block-ws-library-ws-column\"><div class=\"wrapper\">\n<div class=\"wp-block-ws-library-ws-title\"><h3>1 <strong>Ailefroide, die Wiege des Bergsteigens<\/strong><\/h3><\/div>\n\n\n\n<p class=\"has-text-align-center\"><em>(1h30 \u2013 kostenlos)<br\/><\/em>  Hier wurde das Bergsteigen geboren. Der Weg f\u00fchrt Sie zwischen W\u00e4ldern und Gipfeln, auf den Spuren der ersten Guides. Du erkundest ein ungew\u00f6hnliches Hotel, kletterst wie alt, lauschst Zeugnissen&#8230; und beantworten Sie die Quizfragen, um alles herauszufinden, ohne sich eine Sekunde lang zu langweilen.  <\/p>\n<\/div><\/div>\n\n\n\n<div class=\"wp-block-ws-library-ws-column\"><div class=\"wrapper\">\n<div class=\"wp-block-ws-library-ws-image\"><div class=\"wrapper\"><div class=\"group-media\"><img decoding=\"async\" src=\"https:\/\/www.paysdesecrins.com\/wp-content\/uploads\/2025\/07\/1718372283-1521379440-640x640.jpg\" alt=\"\" class=\"single_image ws-image-41079\"><div class=\"credits\"><\/div><\/div><p class=\"caption\"><\/p><\/div><\/div>\n<\/div><\/div>\n<\/div>\n\n<div class=\"wp-block-ws-library-ws-columns alignwide has-2-columns are-vertically-aligned-center layout-5050 is-style-background\">\n<div class=\"wp-block-ws-library-ws-column\"><div class=\"wrapper\">\n<div class=\"wp-block-ws-library-ws-image\"><div class=\"wrapper\"><div class=\"group-media\"><img decoding=\"async\" src=\"https:\/\/www.paysdesecrins.com\/wp-content\/uploads\/2025\/07\/4decouverte-activites-culturelles-thibautblais-visite-de-la-mine-d-argent-960x640.jpg\" alt=\"\" class=\"single_image ws-image-18151\"><div class=\"credits\">Thibaut BLAIS<\/div><\/div><p class=\"caption\"><\/p><\/div><\/div>\n<\/div><\/div>\n\n\n\n<div class=\"wp-block-ws-library-ws-column\"><div class=\"wrapper\">\n<div class=\"wp-block-ws-library-ws-title\"><h3><strong>2. Fournel Silberminen<\/strong><\/h3><\/div>\n\n\n\n<p class=\"has-text-align-center\"><em>(2h30 inkl. 1h15 U-Bahn \u2013 kostenpflichtig)<\/em><em><br\/><\/em>  Mit der App in der Hand, dem Helm auf dem Kopf, steigen Sie hinab in das Herz eines authentischen Bergwerks. Die Loren, Werkzeuge und Maschinen des neunzehnten Jahrhunderts werden dank Augmented Reality wieder zum Leben erweckt. Bonus: Die unterirdische Tour wird gef\u00fchrt. Reservierung erforderlich!   <\/p>\n\n\n\n<p>Praktische Informationen:<\/p>\n\n\n\n<ul class=\"wp-block-list\">\n<li>Preise: Erwachsene 20 \u20ac \/ Kinder (-16 Jahre) 15 \u20ac.  <\/li>\n\n\n\n<li>Dauer: 2h30 inklusive 1h15 unter der Erde<\/li>\n\n\n\n<li>Im Sommer: Jeden Freitagstreff um 17:30 Uhr. Nach Vereinbarung ganzj\u00e4hrig m\u00f6glich. <\/li>\n\n\n\n<li>Bringen Sie Ihr Mobiltelefon aufgeladen!  <a href=\"https:\/\/play.google.com\/store\/search?q=legendr&amp;c=apps&amp;gl=FR&amp;pli=1\">Laden Sie die Legendr-App vor dem Besuch herunter.  <\/a><\/li>\n<\/ul>\n\n\n\n<p>Informationen und Reservierungen <a href=\"https:\/\/www.mines-argent-fournel.com\/\" target=\"_blank\" rel=\"noreferrer noopener\">unter diesem Link.<\/a> <\/p>\n\n\n\n<p class=\"has-text-align-center\"><\/p>\n<\/div><\/div>\n<\/div>\n\n<div class=\"wp-block-ws-library-ws-columns alignwide has-2-columns are-vertically-aligned-center layout-5050 is-style-background\">\n<div class=\"wp-block-ws-library-ws-column\"><div class=\"wrapper\">\n<div class=\"wp-block-ws-library-ws-title\"><h3><strong>3. Das Geheimnis der Kirche von Les Vigneaux<\/strong><\/h3><\/div>\n\n\n\n<p class=\"has-text-align-center\"><em>(1 Stunde \u2013 kostenlos)<br\/><\/em>  M\u00f6chten Sie ein lebensgro\u00dfes R\u00e4tsel l\u00f6sen? Gehen Sie zur Kirche Saint-Laurent. Zwischen mittelalterlichen Fresken und interaktiven Spielen f\u00fchrt dich das Abenteuer auf die Suche nach den sieben Tods\u00fcnden. Ideal f\u00fcr Familien.   <\/p>\n<\/div><\/div>\n\n\n\n<div class=\"wp-block-ws-library-ws-column\"><div class=\"wrapper\">\n<div class=\"wp-block-ws-library-ws-image\"><div class=\"wrapper\"><div class=\"group-media\"><img decoding=\"async\" src=\"https:\/\/www.paysdesecrins.com\/wp-content\/uploads\/2025\/07\/1656507627-957555938-640x640.jpeg\" alt=\"\" class=\"single_image ws-image-36203\"><div class=\"credits\"><\/div><\/div><p class=\"caption\"><\/p><\/div><\/div>\n<\/div><\/div>\n<\/div>\n\n<div class=\"wp-block-ws-library-ws-columns alignwide has-2-columns are-vertically-aligned-center layout-5050 is-style-background\">\n<div class=\"wp-block-ws-library-ws-column\"><div class=\"wrapper\">\n<p><\/p>\n\n\n\n<div class=\"wp-block-ws-library-ws-video\"><div class=\"wrapper\"><div class=\"group-media\">\n<figure class=\"wp-block-embed is-type-video is-provider-youtube wp-block-embed-youtube\"><div class=\"wp-block-embed__wrapper\">\n<iframe loading=\"lazy\" title=\"Parcours ludique autour des conduites forc\u00e9es de l&#039;Argenti\u00e8re\" width=\"500\" height=\"281\" src=\"https:\/\/www.youtube.com\/embed\/_Lq1-6awfV8?feature=oembed\" frameborder=\"0\" allow=\"accelerometer; autoplay; clipboard-write; encrypted-media; gyroscope; picture-in-picture; web-share\" referrerpolicy=\"strict-origin-when-cross-origin\" allowfullscreen><\/iframe>\n<\/div><\/figure>\n<\/div><\/div><\/div>\n<\/div><\/div>\n\n\n\n<div class=\"wp-block-ws-library-ws-column\"><div class=\"wrapper\">\n<div class=\"wp-block-ws-library-ws-title\"><h3><strong><strong>4. Sturz aus dem Wasser Druckrohrleitungen<\/strong><\/strong><\/h3><\/div>\n\n\n\n<p class=\"has-text-align-center\"><em>(1 Stunde \u2013 kostenlos)<\/em><em><br\/><\/em>  Eine Wanderung, die den beeindruckenden Wasserleitungen von L&#8217;Argenti\u00e8re folgt. Du folgst Gilbert, einem leicht verr\u00fcckten Kajakfahrer, zwischen Galerien und D\u00e4mmen. Sie brauchen keinen Badeanzug, aber Vorsicht vor Schwindel!  <\/p>\n\n\n\n<p class=\"has-text-align-center\"><\/p>\n\n\n\n<p class=\"has-text-align-center\"><\/p>\n<\/div><\/div>\n<\/div>\n\n<p><strong>Wie funktioniert das?<\/strong><\/p>\n\n<ul class=\"wp-block-list\">\n<li>Laden Sie LegendR herunter, laden Sie Ihr Telefon auf und los geht&#8217;s!<\/li>\n\n\n\n<li>GPS l\u00f6st Inhalte automatisch aus, auch au\u00dferhalb des Stromnetzes.<\/li>\n\n\n\n<li>Mini RA Helme sind im Fremdenverkehrsamt erh\u00e4ltlich.<\/li>\n\n\n\n<li>Am Ende \ud83c\udf81 erwarten Sie Abzeichen und \u00dcberraschungen<\/li>\n<\/ul>\n\n<p class=\"has-text-align-left\">Auf den <em>\u00c9crins Heritage Fun Trails<\/em> dreht sich alles um Kultur, Spa\u00df&#8230; und garantiert keine Langeweile.<br\/><\/p>\n\n<div class=\"wp-block-ws-library-ws-share\"><span class=\"share-subtitle\">Hat Ihnen diese Seite gefallen?<\/span><span class=\"share-title\">Teilen Sie es!<\/span><button class=\"ws-share-button wp-element-button\">Diese Seite teilen<\/button><\/div>\n","protected":false},"excerpt":{"rendered":"<p>Ein Dorf, ein Tal oder eine alte Mine zu besuchen ist gut. Aber es ist noch besser, es im Abenteuerspielmodus [&hellip;]<\/p>\n","protected":false},"author":4,"featured_media":41082,"parent":44566,"menu_order":0,"comment_status":"closed","ping_status":"closed","template":"","meta":{"_thumbnail_id_2":0,"summer_excerpt":"","season":"","station":"","footnotes":""},"class_list":["post-45878","page","type-page","status-publish","has-post-thumbnail","hentry"],"yoast_head":"<!-- This site is optimized with the Yoast SEO plugin v27.3 - https:\/\/yoast.com\/product\/yoast-seo-wordpress\/ -->\n<title>Augmented-Reality-Tour - Pays des \u00c9crins - Office de Tourisme<\/title>\n<meta name=\"robots\" content=\"index, follow, max-snippet:-1, max-image-preview:large, max-video-preview:-1\" \/>\n<link rel=\"canonical\" href=\"https:\/\/www.paysdesecrins.com\/de\/mein-wunsch\/entdeckung\/augmented-reality-tour\/\" \/>\n<meta property=\"og:locale\" content=\"de_DE\" \/>\n<meta property=\"og:type\" content=\"article\" \/>\n<meta property=\"og:title\" content=\"Augmented-Reality-Tour - Pays des \u00c9crins - Office de Tourisme\" \/>\n<meta property=\"og:description\" content=\"Ein Dorf, ein Tal oder eine alte Mine zu besuchen ist gut. Aber es ist noch besser, es im Abenteuerspielmodus [&hellip;]\" \/>\n<meta property=\"og:url\" content=\"https:\/\/www.paysdesecrins.com\/de\/mein-wunsch\/entdeckung\/augmented-reality-tour\/\" \/>\n<meta property=\"og:site_name\" content=\"Pays des \u00c9crins - Office de Tourisme\" \/>\n<meta property=\"article:modified_time\" content=\"2025-08-05T11:39:51+00:00\" \/>\n<meta property=\"og:image\" content=\"https:\/\/www.paysdesecrins.com\/wp-content\/uploads\/2025\/07\/1718372283-1521379440.jpg\" \/>\n\t<meta property=\"og:image:width\" content=\"675\" \/>\n\t<meta property=\"og:image:height\" content=\"675\" \/>\n\t<meta property=\"og:image:type\" content=\"image\/jpeg\" \/>\n<meta name=\"twitter:card\" content=\"summary_large_image\" \/>\n<meta name=\"twitter:label1\" content=\"Gesch\u00e4tzte Lesezeit\" \/>\n\t<meta name=\"twitter:data1\" content=\"2 Minuten\" \/>\n<script type=\"application\/ld+json\" class=\"yoast-schema-graph\">{\"@context\":\"https:\\\/\\\/schema.org\",\"@graph\":[{\"@type\":\"WebPage\",\"@id\":\"https:\\\/\\\/www.paysdesecrins.com\\\/de\\\/mein-wunsch\\\/entdeckung\\\/augmented-reality-tour\\\/\",\"url\":\"https:\\\/\\\/www.paysdesecrins.com\\\/de\\\/mein-wunsch\\\/entdeckung\\\/augmented-reality-tour\\\/\",\"name\":\"Augmented-Reality-Tour - Pays des \u00c9crins - Office de Tourisme\",\"isPartOf\":{\"@id\":\"https:\\\/\\\/www.paysdesecrins.com\\\/de\\\/#website\"},\"primaryImageOfPage\":{\"@id\":\"https:\\\/\\\/www.paysdesecrins.com\\\/de\\\/mein-wunsch\\\/entdeckung\\\/augmented-reality-tour\\\/#primaryimage\"},\"image\":{\"@id\":\"https:\\\/\\\/www.paysdesecrins.com\\\/de\\\/mein-wunsch\\\/entdeckung\\\/augmented-reality-tour\\\/#primaryimage\"},\"thumbnailUrl\":\"https:\\\/\\\/www.paysdesecrins.com\\\/wp-content\\\/uploads\\\/2025\\\/07\\\/1718372283-1521379440.jpg\",\"datePublished\":\"2025-07-24T11:46:06+00:00\",\"dateModified\":\"2025-08-05T11:39:51+00:00\",\"breadcrumb\":{\"@id\":\"https:\\\/\\\/www.paysdesecrins.com\\\/de\\\/mein-wunsch\\\/entdeckung\\\/augmented-reality-tour\\\/#breadcrumb\"},\"inLanguage\":\"de\",\"potentialAction\":[{\"@type\":\"ReadAction\",\"target\":[\"https:\\\/\\\/www.paysdesecrins.com\\\/de\\\/mein-wunsch\\\/entdeckung\\\/augmented-reality-tour\\\/\"]}]},{\"@type\":\"ImageObject\",\"inLanguage\":\"de\",\"@id\":\"https:\\\/\\\/www.paysdesecrins.com\\\/de\\\/mein-wunsch\\\/entdeckung\\\/augmented-reality-tour\\\/#primaryimage\",\"url\":\"https:\\\/\\\/www.paysdesecrins.com\\\/wp-content\\\/uploads\\\/2025\\\/07\\\/1718372283-1521379440.jpg\",\"contentUrl\":\"https:\\\/\\\/www.paysdesecrins.com\\\/wp-content\\\/uploads\\\/2025\\\/07\\\/1718372283-1521379440.jpg\",\"width\":675,\"height\":675},{\"@type\":\"BreadcrumbList\",\"@id\":\"https:\\\/\\\/www.paysdesecrins.com\\\/de\\\/mein-wunsch\\\/entdeckung\\\/augmented-reality-tour\\\/#breadcrumb\",\"itemListElement\":[{\"@type\":\"ListItem\",\"position\":1,\"name\":\"Accueil\",\"item\":\"https:\\\/\\\/www.paysdesecrins.com\\\/de\\\/der-titel-des-hauses\\\/\"},{\"@type\":\"ListItem\",\"position\":2,\"name\":\"Mein Wunsch,\",\"item\":\"https:\\\/\\\/www.paysdesecrins.com\\\/de\\\/mein-wunsch\\\/\"},{\"@type\":\"ListItem\",\"position\":3,\"name\":\"Mein Wunsch nach Entdeckung\",\"item\":\"https:\\\/\\\/www.paysdesecrins.com\\\/de\\\/mein-wunsch\\\/entdeckung\\\/\"},{\"@type\":\"ListItem\",\"position\":4,\"name\":\"Augmented-Reality-Tour\"}]},{\"@type\":\"WebSite\",\"@id\":\"https:\\\/\\\/www.paysdesecrins.com\\\/de\\\/#website\",\"url\":\"https:\\\/\\\/www.paysdesecrins.com\\\/de\\\/\",\"name\":\"Pays des \u00c9crins - Office de Tourisme\",\"description\":\"L&#039;esprit montagne\",\"publisher\":{\"@id\":\"https:\\\/\\\/www.paysdesecrins.com\\\/de\\\/#organization\"},\"potentialAction\":[{\"@type\":\"SearchAction\",\"target\":{\"@type\":\"EntryPoint\",\"urlTemplate\":\"https:\\\/\\\/www.paysdesecrins.com\\\/de\\\/?s={search_term_string}\"},\"query-input\":{\"@type\":\"PropertyValueSpecification\",\"valueRequired\":true,\"valueName\":\"search_term_string\"}}],\"inLanguage\":\"de\"},{\"@type\":\"Organization\",\"@id\":\"https:\\\/\\\/www.paysdesecrins.com\\\/de\\\/#organization\",\"name\":\"Pays des \u00c9crins - Office de Tourisme\",\"url\":\"https:\\\/\\\/www.paysdesecrins.com\\\/de\\\/\",\"logo\":{\"@type\":\"ImageObject\",\"inLanguage\":\"de\",\"@id\":\"https:\\\/\\\/www.paysdesecrins.com\\\/de\\\/#\\\/schema\\\/logo\\\/image\\\/\",\"url\":\"https:\\\/\\\/www.paysdesecrins.com\\\/wp-content\\\/uploads\\\/2025\\\/06\\\/devina-svg-1750845694.svg\",\"contentUrl\":\"https:\\\/\\\/www.paysdesecrins.com\\\/wp-content\\\/uploads\\\/2025\\\/06\\\/devina-svg-1750845694.svg\",\"caption\":\"Pays des \u00c9crins - Office de Tourisme\"},\"image\":{\"@id\":\"https:\\\/\\\/www.paysdesecrins.com\\\/de\\\/#\\\/schema\\\/logo\\\/image\\\/\"}}]}<\/script>\n<!-- \/ Yoast SEO plugin. -->","yoast_head_json":{"title":"Augmented-Reality-Tour - Pays des \u00c9crins - Office de Tourisme","robots":{"index":"index","follow":"follow","max-snippet":"max-snippet:-1","max-image-preview":"max-image-preview:large","max-video-preview":"max-video-preview:-1"},"canonical":"https:\/\/www.paysdesecrins.com\/de\/mein-wunsch\/entdeckung\/augmented-reality-tour\/","og_locale":"de_DE","og_type":"article","og_title":"Augmented-Reality-Tour - Pays des \u00c9crins - Office de Tourisme","og_description":"Ein Dorf, ein Tal oder eine alte Mine zu besuchen ist gut. Aber es ist noch besser, es im Abenteuerspielmodus [&hellip;]","og_url":"https:\/\/www.paysdesecrins.com\/de\/mein-wunsch\/entdeckung\/augmented-reality-tour\/","og_site_name":"Pays des \u00c9crins - Office de Tourisme","article_modified_time":"2025-08-05T11:39:51+00:00","og_image":[{"width":675,"height":675,"url":"https:\/\/www.paysdesecrins.com\/wp-content\/uploads\/2025\/07\/1718372283-1521379440.jpg","type":"image\/jpeg"}],"twitter_card":"summary_large_image","twitter_misc":{"Gesch\u00e4tzte Lesezeit":"2 Minuten"},"schema":{"@context":"https:\/\/schema.org","@graph":[{"@type":"WebPage","@id":"https:\/\/www.paysdesecrins.com\/de\/mein-wunsch\/entdeckung\/augmented-reality-tour\/","url":"https:\/\/www.paysdesecrins.com\/de\/mein-wunsch\/entdeckung\/augmented-reality-tour\/","name":"Augmented-Reality-Tour - Pays des \u00c9crins - Office de Tourisme","isPartOf":{"@id":"https:\/\/www.paysdesecrins.com\/de\/#website"},"primaryImageOfPage":{"@id":"https:\/\/www.paysdesecrins.com\/de\/mein-wunsch\/entdeckung\/augmented-reality-tour\/#primaryimage"},"image":{"@id":"https:\/\/www.paysdesecrins.com\/de\/mein-wunsch\/entdeckung\/augmented-reality-tour\/#primaryimage"},"thumbnailUrl":"https:\/\/www.paysdesecrins.com\/wp-content\/uploads\/2025\/07\/1718372283-1521379440.jpg","datePublished":"2025-07-24T11:46:06+00:00","dateModified":"2025-08-05T11:39:51+00:00","breadcrumb":{"@id":"https:\/\/www.paysdesecrins.com\/de\/mein-wunsch\/entdeckung\/augmented-reality-tour\/#breadcrumb"},"inLanguage":"de","potentialAction":[{"@type":"ReadAction","target":["https:\/\/www.paysdesecrins.com\/de\/mein-wunsch\/entdeckung\/augmented-reality-tour\/"]}]},{"@type":"ImageObject","inLanguage":"de","@id":"https:\/\/www.paysdesecrins.com\/de\/mein-wunsch\/entdeckung\/augmented-reality-tour\/#primaryimage","url":"https:\/\/www.paysdesecrins.com\/wp-content\/uploads\/2025\/07\/1718372283-1521379440.jpg","contentUrl":"https:\/\/www.paysdesecrins.com\/wp-content\/uploads\/2025\/07\/1718372283-1521379440.jpg","width":675,"height":675},{"@type":"BreadcrumbList","@id":"https:\/\/www.paysdesecrins.com\/de\/mein-wunsch\/entdeckung\/augmented-reality-tour\/#breadcrumb","itemListElement":[{"@type":"ListItem","position":1,"name":"Accueil","item":"https:\/\/www.paysdesecrins.com\/de\/der-titel-des-hauses\/"},{"@type":"ListItem","position":2,"name":"Mein Wunsch,","item":"https:\/\/www.paysdesecrins.com\/de\/mein-wunsch\/"},{"@type":"ListItem","position":3,"name":"Mein Wunsch nach Entdeckung","item":"https:\/\/www.paysdesecrins.com\/de\/mein-wunsch\/entdeckung\/"},{"@type":"ListItem","position":4,"name":"Augmented-Reality-Tour"}]},{"@type":"WebSite","@id":"https:\/\/www.paysdesecrins.com\/de\/#website","url":"https:\/\/www.paysdesecrins.com\/de\/","name":"Pays des \u00c9crins - Office de Tourisme","description":"L&#039;esprit montagne","publisher":{"@id":"https:\/\/www.paysdesecrins.com\/de\/#organization"},"potentialAction":[{"@type":"SearchAction","target":{"@type":"EntryPoint","urlTemplate":"https:\/\/www.paysdesecrins.com\/de\/?s={search_term_string}"},"query-input":{"@type":"PropertyValueSpecification","valueRequired":true,"valueName":"search_term_string"}}],"inLanguage":"de"},{"@type":"Organization","@id":"https:\/\/www.paysdesecrins.com\/de\/#organization","name":"Pays des \u00c9crins - Office de Tourisme","url":"https:\/\/www.paysdesecrins.com\/de\/","logo":{"@type":"ImageObject","inLanguage":"de","@id":"https:\/\/www.paysdesecrins.com\/de\/#\/schema\/logo\/image\/","url":"https:\/\/www.paysdesecrins.com\/wp-content\/uploads\/2025\/06\/devina-svg-1750845694.svg","contentUrl":"https:\/\/www.paysdesecrins.com\/wp-content\/uploads\/2025\/06\/devina-svg-1750845694.svg","caption":"Pays des \u00c9crins - Office de Tourisme"},"image":{"@id":"https:\/\/www.paysdesecrins.com\/de\/#\/schema\/logo\/image\/"}}]}},"_links":{"self":[{"href":"https:\/\/www.paysdesecrins.com\/de\/wp-json\/wp\/v2\/pages\/45878","targetHints":{"allow":["GET"]}}],"collection":[{"href":"https:\/\/www.paysdesecrins.com\/de\/wp-json\/wp\/v2\/pages"}],"about":[{"href":"https:\/\/www.paysdesecrins.com\/de\/wp-json\/wp\/v2\/types\/page"}],"author":[{"embeddable":true,"href":"https:\/\/www.paysdesecrins.com\/de\/wp-json\/wp\/v2\/users\/4"}],"replies":[{"embeddable":true,"href":"https:\/\/www.paysdesecrins.com\/de\/wp-json\/wp\/v2\/comments?post=45878"}],"version-history":[{"count":0,"href":"https:\/\/www.paysdesecrins.com\/de\/wp-json\/wp\/v2\/pages\/45878\/revisions"}],"up":[{"embeddable":true,"href":"https:\/\/www.paysdesecrins.com\/de\/wp-json\/wp\/v2\/pages\/44566"}],"wp:featuredmedia":[{"embeddable":true,"href":"https:\/\/www.paysdesecrins.com\/de\/wp-json\/wp\/v2\/media\/41082"}],"wp:attachment":[{"href":"https:\/\/www.paysdesecrins.com\/de\/wp-json\/wp\/v2\/media?parent=45878"}],"curies":[{"name":"wp","href":"https:\/\/api.w.org\/{rel}","templated":true}]}}