{"id":45882,"date":"2025-07-24T13:44:53","date_gmt":"2025-07-24T11:44:53","guid":{"rendered":"https:\/\/www.paysdesecrins.com\/mein-wunsch\/entdeckung\/die-anwendung-des-kulturerbes-der-hautes-alpes-des-pays-des-ecrins\/"},"modified":"2025-07-28T16:00:53","modified_gmt":"2025-07-28T14:00:53","slug":"die-anwendung-des-kulturerbes-der-hautes-alpes-des-pays-des-ecrins","status":"publish","type":"page","link":"https:\/\/www.paysdesecrins.com\/de\/mein-wunsch\/entdeckung\/die-anwendung-des-kulturerbes-der-hautes-alpes-des-pays-des-ecrins\/","title":{"rendered":"Die Anwendung des Kulturerbes der Hautes-Alpes des Pays des \u00c9crins"},"content":{"rendered":"    <div class=\"alignfull wp-block-ws-library-ws-header-interne\">\n\t    <div class=\"header-container\">\n\t        <div class=\"group-media has-image\">\n\t            \t                <img loading=\"lazy\" decoding=\"async\" width=\"1920\" height=\"768\" src=\"https:\/\/www.paysdesecrins.com\/wp-content\/uploads\/2025\/07\/1654251940-1721769797.jpg\" alt=\"\" class=\"image_large_square wp-image-36174\" srcset=\"https:\/\/www.paysdesecrins.com\/wp-content\/uploads\/2025\/07\/1654251940-1721769797.jpg 1920w, https:\/\/www.paysdesecrins.com\/wp-content\/uploads\/2025\/07\/1654251940-1721769797-300x120.jpg 300w, https:\/\/www.paysdesecrins.com\/wp-content\/uploads\/2025\/07\/1654251940-1721769797-1024x410.jpg 1024w, https:\/\/www.paysdesecrins.com\/wp-content\/uploads\/2025\/07\/1654251940-1721769797-768x307.jpg 768w, https:\/\/www.paysdesecrins.com\/wp-content\/uploads\/2025\/07\/1654251940-1721769797-1536x614.jpg 1536w, https:\/\/www.paysdesecrins.com\/wp-content\/uploads\/2025\/07\/1654251940-1721769797-960x384.jpg 960w\" sizes=\"auto, (max-width: 1920px) 100vw, 1920px\" \/>\n\t            \t        <\/div>\n\t        <div class=\"group-content\">\n\t            <div class=\"title\">\n\t                <h1>\n\t                    Die Anwendung f\u00fcr das Kulturerbe der Hautes-Alpes\t                    \t                        des Pays des \u00c9crins\t                    \t                <\/h1>\n\t            <\/div>\n\t        <\/div>\n\t    <\/div>\n\t    \n<div class=\"yoast-breadcrumbs\"><span><span><a href=\"https:\/\/www.paysdesecrins.com\/de\/der-titel-des-hauses\/\">Accueil<\/a><\/span>  <span><a href=\"https:\/\/www.paysdesecrins.com\/de\/mein-wunsch\/\">Mein Wunsch,<\/a><\/span>  <span><a href=\"https:\/\/www.paysdesecrins.com\/de\/mein-wunsch\/entdeckung\/\">Mein Wunsch nach Entdeckung<\/a><\/span>  <span class=\"breadcrumb_last\" aria-current=\"page\">Die Anwendung des Kulturerbes der Hautes-Alpes des Pays des \u00c9crins<\/span><\/span><\/div>\n    <\/div>\n    \n<div class=\"wp-block-ws-library-ws-title aligncenter is-style-simple\"><h2>Heritage nur einen Klick entfernt!<\/h2><\/div>\n\n<p class=\"has-text-align-center\">Sind Sie neugierig, leidenschaftlich f\u00fcr Geschichte oder einfach nur f\u00fcr einen Spaziergang in der Gegend? Die <strong>Hautes-Alpes Heritage-App<\/strong> ist Ihr bester Verb\u00fcndeter, um das Pays des \u00c9crins auf eine andere Art und Weise (neu) zu entdecken. Es ist kostenlos und im App Store und Play Store erh\u00e4ltlich und bietet Ihnen ein Konzentrat an n\u00fctzlichen und unterhaltsamen Informationen, um das reiche Erbe der Region zu erkunden.  <\/p>\n\n<p>Auf der Speisekarte? <strong>Geolokalisierte Touren<\/strong>, <strong>Augmented-Reality-Touren<\/strong>, <strong>Audioinhalte<\/strong>, Anekdoten, Archivbilder&#8230; Und sogar Vorschl\u00e4ge f\u00fcr Restaurants oder Schlafm\u00f6glichkeiten nach der Tour. Kein langwieriges Suchen mehr in drei verschiedenen Apps: Hier ist alles zentralisiert.  <\/p>\n\n<p>Die interaktive Karte zeigt Ihnen Sehensw\u00fcrdigkeiten in Ihrer N\u00e4he. Eine romanische Kirche? Eine Sonnenuhr? Ein alter Brotbackofen? Klicken, lesen, h\u00f6ren und lernen. Flashcodes vor Ort schalten exklusive Inhalte frei, und einige Strecken versetzen Sie mit immersiven Nachstellungen in die Vergangenheit. Sie k\u00f6nnen den Grad der Erkundung w\u00e4hlen: schnell und effizient oder lang und tiefgr\u00fcndig.      <\/p>\n\n<p class=\"has-text-align-center\">Es ist auch ein tolles Tool f\u00fcr Familien: Kinder lieben die lustigen Parcours im digitalen Schatzsuche-Modus. Kurz gesagt, es macht Spa\u00df, ist lehrreich und sehr praktisch. <\/p>\n\n<div class=\"wp-block-ws-library-ws-columns alignwide has-2-columns are-vertically-aligned-center layout-5050 is-style-background\">\n<div class=\"wp-block-ws-library-ws-column\"><div class=\"wrapper\">\n<div class=\"wp-block-ws-library-ws-title\"><h3>Wo kann man es im Pays des Ecrins verwenden?<\/h3><\/div>\n\n\n\n<ul class=\"wp-block-list\">\n<li>In <strong>L&#8217;Argenti\u00e8re-la-Bess\u00e9e<\/strong>, um in die Geschichte des Bergbaus einzutauchen.<\/li>\n\n\n\n<li>In <strong>Vallouise<\/strong>, entlang der Sonnenuhren und des religi\u00f6sen Erbes.<\/li>\n\n\n\n<li>In <strong>Pelvoux<\/strong>, zwischen traditioneller Architektur und Berggeschichten.<\/li>\n\n\n\n<li>In H\u00fcgeld\u00f6rfern wie <strong>Puy Aillaud<\/strong> oder <strong>Narreyroux<\/strong>, um das Leben in der Vergangenheit zu entdecken.<\/li>\n\n\n\n<li>Und das sogar mitten in der Natur, auf <strong>Themenwegen<\/strong> oder <strong>historischen Routen<\/strong>.<\/li>\n<\/ul>\n<\/div><\/div>\n\n\n\n<div class=\"wp-block-ws-library-ws-column\"><div class=\"wrapper\">\n<div class=\"wp-block-ws-library-ws-image\"><div class=\"wrapper\"><div class=\"group-media\"><img decoding=\"async\" src=\"https:\/\/www.paysdesecrins.com\/wp-content\/uploads\/2025\/07\/41decouverte-activites-culturelles-peinturemurale-dsc07746-427x640.jpg\" alt=\"\" class=\"single_image ws-image-18071\"><div class=\"credits\"><\/div><\/div><p class=\"caption\"><\/p><\/div><\/div>\n<\/div><\/div>\n<\/div>\n\n<p class=\"has-text-align-center\">Wie Sie sehen k\u00f6nnen, macht die <strong>Anwendung Patrimoine Hautes-Alpes<\/strong> jede Wanderung reicher, lebendiger und \u00fcberraschender. <a href=\"https:\/\/play.google.com\/store\/apps\/details?id=com.cg05.itinerancealpine&amp;hl=fr&amp;gl=US\">Laden Sie es herunter und lassen Sie sich f\u00fchren.<\/a><\/p>\n\n<div class=\"wp-block-ws-library-ws-image\"><div class=\"wrapper\"><div class=\"group-media\"><img decoding=\"async\" src=\"https:\/\/www.paysdesecrins.com\/wp-content\/uploads\/2025\/07\/4decouverteactvitesculturelles-histoiredelargentiere-la-bessee-960x640.jpg\" alt=\"\" class=\"single_image ws-image-18266\"><div class=\"credits\"><\/div><\/div><p class=\"caption\"><\/p><\/div><\/div>\n\n<div class=\"wp-block-ws-library-ws-share\"><span class=\"share-subtitle\">Hat Ihnen diese Seite gefallen?<\/span><span class=\"share-title\">Teilen Sie es!<\/span><button class=\"ws-share-button wp-element-button\">Diese Seite teilen<\/button><\/div>\n","protected":false},"excerpt":{"rendered":"<p>Sind Sie neugierig, leidenschaftlich f\u00fcr Geschichte oder einfach nur f\u00fcr einen Spaziergang in der Gegend? Die Hautes-Alpes Heritage-App ist Ihr [&hellip;]<\/p>\n","protected":false},"author":4,"featured_media":36177,"parent":44566,"menu_order":0,"comment_status":"closed","ping_status":"closed","template":"","meta":{"_thumbnail_id_2":0,"summer_excerpt":"","season":"","station":"","footnotes":""},"class_list":["post-45882","page","type-page","status-publish","has-post-thumbnail","hentry"],"yoast_head":"<!-- This site is optimized with the Yoast SEO plugin v27.3 - https:\/\/yoast.com\/product\/yoast-seo-wordpress\/ -->\n<title>Die Anwendung des Kulturerbes der Hautes-Alpes des Pays des \u00c9crins - Pays des \u00c9crins - Office de Tourisme<\/title>\n<meta name=\"robots\" content=\"index, follow, max-snippet:-1, max-image-preview:large, max-video-preview:-1\" \/>\n<link rel=\"canonical\" href=\"https:\/\/www.paysdesecrins.com\/de\/mein-wunsch\/entdeckung\/die-anwendung-des-kulturerbes-der-hautes-alpes-des-pays-des-ecrins\/\" \/>\n<meta property=\"og:locale\" content=\"de_DE\" \/>\n<meta property=\"og:type\" content=\"article\" \/>\n<meta property=\"og:title\" content=\"Die Anwendung des Kulturerbes der Hautes-Alpes des Pays des \u00c9crins - Pays des \u00c9crins - Office de Tourisme\" \/>\n<meta property=\"og:description\" content=\"Sind Sie neugierig, leidenschaftlich f\u00fcr Geschichte oder einfach nur f\u00fcr einen Spaziergang in der Gegend? Die Hautes-Alpes Heritage-App ist Ihr [&hellip;]\" \/>\n<meta property=\"og:url\" content=\"https:\/\/www.paysdesecrins.com\/de\/mein-wunsch\/entdeckung\/die-anwendung-des-kulturerbes-der-hautes-alpes-des-pays-des-ecrins\/\" \/>\n<meta property=\"og:site_name\" content=\"Pays des \u00c9crins - Office de Tourisme\" \/>\n<meta property=\"article:modified_time\" content=\"2025-07-28T14:00:53+00:00\" \/>\n<meta property=\"og:image\" content=\"https:\/\/www.paysdesecrins.com\/wp-content\/uploads\/2025\/07\/1654251940-1721769797.jpg\" \/>\n\t<meta property=\"og:image:width\" content=\"1920\" \/>\n\t<meta property=\"og:image:height\" content=\"768\" \/>\n\t<meta property=\"og:image:type\" content=\"image\/jpeg\" \/>\n<meta name=\"twitter:card\" content=\"summary_large_image\" \/>\n<meta name=\"twitter:label1\" content=\"Gesch\u00e4tzte Lesezeit\" \/>\n\t<meta name=\"twitter:data1\" content=\"1\u00a0Minute\" \/>\n<script type=\"application\/ld+json\" class=\"yoast-schema-graph\">{\"@context\":\"https:\\\/\\\/schema.org\",\"@graph\":[{\"@type\":\"WebPage\",\"@id\":\"https:\\\/\\\/www.paysdesecrins.com\\\/de\\\/mein-wunsch\\\/entdeckung\\\/die-anwendung-des-kulturerbes-der-hautes-alpes-des-pays-des-ecrins\\\/\",\"url\":\"https:\\\/\\\/www.paysdesecrins.com\\\/de\\\/mein-wunsch\\\/entdeckung\\\/die-anwendung-des-kulturerbes-der-hautes-alpes-des-pays-des-ecrins\\\/\",\"name\":\"Die Anwendung des Kulturerbes der Hautes-Alpes des Pays des \u00c9crins - Pays des \u00c9crins - Office de Tourisme\",\"isPartOf\":{\"@id\":\"https:\\\/\\\/www.paysdesecrins.com\\\/de\\\/#website\"},\"primaryImageOfPage\":{\"@id\":\"https:\\\/\\\/www.paysdesecrins.com\\\/de\\\/mein-wunsch\\\/entdeckung\\\/die-anwendung-des-kulturerbes-der-hautes-alpes-des-pays-des-ecrins\\\/#primaryimage\"},\"image\":{\"@id\":\"https:\\\/\\\/www.paysdesecrins.com\\\/de\\\/mein-wunsch\\\/entdeckung\\\/die-anwendung-des-kulturerbes-der-hautes-alpes-des-pays-des-ecrins\\\/#primaryimage\"},\"thumbnailUrl\":\"https:\\\/\\\/www.paysdesecrins.com\\\/wp-content\\\/uploads\\\/2025\\\/07\\\/1654251940-1721769797.jpg\",\"datePublished\":\"2025-07-24T11:44:53+00:00\",\"dateModified\":\"2025-07-28T14:00:53+00:00\",\"breadcrumb\":{\"@id\":\"https:\\\/\\\/www.paysdesecrins.com\\\/de\\\/mein-wunsch\\\/entdeckung\\\/die-anwendung-des-kulturerbes-der-hautes-alpes-des-pays-des-ecrins\\\/#breadcrumb\"},\"inLanguage\":\"de\",\"potentialAction\":[{\"@type\":\"ReadAction\",\"target\":[\"https:\\\/\\\/www.paysdesecrins.com\\\/de\\\/mein-wunsch\\\/entdeckung\\\/die-anwendung-des-kulturerbes-der-hautes-alpes-des-pays-des-ecrins\\\/\"]}]},{\"@type\":\"ImageObject\",\"inLanguage\":\"de\",\"@id\":\"https:\\\/\\\/www.paysdesecrins.com\\\/de\\\/mein-wunsch\\\/entdeckung\\\/die-anwendung-des-kulturerbes-der-hautes-alpes-des-pays-des-ecrins\\\/#primaryimage\",\"url\":\"https:\\\/\\\/www.paysdesecrins.com\\\/wp-content\\\/uploads\\\/2025\\\/07\\\/1654251940-1721769797.jpg\",\"contentUrl\":\"https:\\\/\\\/www.paysdesecrins.com\\\/wp-content\\\/uploads\\\/2025\\\/07\\\/1654251940-1721769797.jpg\",\"width\":1920,\"height\":768},{\"@type\":\"BreadcrumbList\",\"@id\":\"https:\\\/\\\/www.paysdesecrins.com\\\/de\\\/mein-wunsch\\\/entdeckung\\\/die-anwendung-des-kulturerbes-der-hautes-alpes-des-pays-des-ecrins\\\/#breadcrumb\",\"itemListElement\":[{\"@type\":\"ListItem\",\"position\":1,\"name\":\"Accueil\",\"item\":\"https:\\\/\\\/www.paysdesecrins.com\\\/de\\\/der-titel-des-hauses\\\/\"},{\"@type\":\"ListItem\",\"position\":2,\"name\":\"Mein Wunsch,\",\"item\":\"https:\\\/\\\/www.paysdesecrins.com\\\/de\\\/mein-wunsch\\\/\"},{\"@type\":\"ListItem\",\"position\":3,\"name\":\"Mein Wunsch nach Entdeckung\",\"item\":\"https:\\\/\\\/www.paysdesecrins.com\\\/de\\\/mein-wunsch\\\/entdeckung\\\/\"},{\"@type\":\"ListItem\",\"position\":4,\"name\":\"Die Anwendung des Kulturerbes der Hautes-Alpes des Pays des \u00c9crins\"}]},{\"@type\":\"WebSite\",\"@id\":\"https:\\\/\\\/www.paysdesecrins.com\\\/de\\\/#website\",\"url\":\"https:\\\/\\\/www.paysdesecrins.com\\\/de\\\/\",\"name\":\"Pays des \u00c9crins - Office de Tourisme\",\"description\":\"L&#039;esprit montagne\",\"publisher\":{\"@id\":\"https:\\\/\\\/www.paysdesecrins.com\\\/de\\\/#organization\"},\"potentialAction\":[{\"@type\":\"SearchAction\",\"target\":{\"@type\":\"EntryPoint\",\"urlTemplate\":\"https:\\\/\\\/www.paysdesecrins.com\\\/de\\\/?s={search_term_string}\"},\"query-input\":{\"@type\":\"PropertyValueSpecification\",\"valueRequired\":true,\"valueName\":\"search_term_string\"}}],\"inLanguage\":\"de\"},{\"@type\":\"Organization\",\"@id\":\"https:\\\/\\\/www.paysdesecrins.com\\\/de\\\/#organization\",\"name\":\"Pays des \u00c9crins - Office de Tourisme\",\"url\":\"https:\\\/\\\/www.paysdesecrins.com\\\/de\\\/\",\"logo\":{\"@type\":\"ImageObject\",\"inLanguage\":\"de\",\"@id\":\"https:\\\/\\\/www.paysdesecrins.com\\\/de\\\/#\\\/schema\\\/logo\\\/image\\\/\",\"url\":\"https:\\\/\\\/www.paysdesecrins.com\\\/wp-content\\\/uploads\\\/2025\\\/06\\\/devina-svg-1750845694.svg\",\"contentUrl\":\"https:\\\/\\\/www.paysdesecrins.com\\\/wp-content\\\/uploads\\\/2025\\\/06\\\/devina-svg-1750845694.svg\",\"caption\":\"Pays des \u00c9crins - Office de Tourisme\"},\"image\":{\"@id\":\"https:\\\/\\\/www.paysdesecrins.com\\\/de\\\/#\\\/schema\\\/logo\\\/image\\\/\"}}]}<\/script>\n<!-- \/ Yoast SEO plugin. -->","yoast_head_json":{"title":"Die Anwendung des Kulturerbes der Hautes-Alpes des Pays des \u00c9crins - Pays des \u00c9crins - Office de Tourisme","robots":{"index":"index","follow":"follow","max-snippet":"max-snippet:-1","max-image-preview":"max-image-preview:large","max-video-preview":"max-video-preview:-1"},"canonical":"https:\/\/www.paysdesecrins.com\/de\/mein-wunsch\/entdeckung\/die-anwendung-des-kulturerbes-der-hautes-alpes-des-pays-des-ecrins\/","og_locale":"de_DE","og_type":"article","og_title":"Die Anwendung des Kulturerbes der Hautes-Alpes des Pays des \u00c9crins - Pays des \u00c9crins - Office de Tourisme","og_description":"Sind Sie neugierig, leidenschaftlich f\u00fcr Geschichte oder einfach nur f\u00fcr einen Spaziergang in der Gegend? Die Hautes-Alpes Heritage-App ist Ihr [&hellip;]","og_url":"https:\/\/www.paysdesecrins.com\/de\/mein-wunsch\/entdeckung\/die-anwendung-des-kulturerbes-der-hautes-alpes-des-pays-des-ecrins\/","og_site_name":"Pays des \u00c9crins - Office de Tourisme","article_modified_time":"2025-07-28T14:00:53+00:00","og_image":[{"width":1920,"height":768,"url":"https:\/\/www.paysdesecrins.com\/wp-content\/uploads\/2025\/07\/1654251940-1721769797.jpg","type":"image\/jpeg"}],"twitter_card":"summary_large_image","twitter_misc":{"Gesch\u00e4tzte Lesezeit":"1\u00a0Minute"},"schema":{"@context":"https:\/\/schema.org","@graph":[{"@type":"WebPage","@id":"https:\/\/www.paysdesecrins.com\/de\/mein-wunsch\/entdeckung\/die-anwendung-des-kulturerbes-der-hautes-alpes-des-pays-des-ecrins\/","url":"https:\/\/www.paysdesecrins.com\/de\/mein-wunsch\/entdeckung\/die-anwendung-des-kulturerbes-der-hautes-alpes-des-pays-des-ecrins\/","name":"Die Anwendung des Kulturerbes der Hautes-Alpes des Pays des \u00c9crins - Pays des \u00c9crins - Office de Tourisme","isPartOf":{"@id":"https:\/\/www.paysdesecrins.com\/de\/#website"},"primaryImageOfPage":{"@id":"https:\/\/www.paysdesecrins.com\/de\/mein-wunsch\/entdeckung\/die-anwendung-des-kulturerbes-der-hautes-alpes-des-pays-des-ecrins\/#primaryimage"},"image":{"@id":"https:\/\/www.paysdesecrins.com\/de\/mein-wunsch\/entdeckung\/die-anwendung-des-kulturerbes-der-hautes-alpes-des-pays-des-ecrins\/#primaryimage"},"thumbnailUrl":"https:\/\/www.paysdesecrins.com\/wp-content\/uploads\/2025\/07\/1654251940-1721769797.jpg","datePublished":"2025-07-24T11:44:53+00:00","dateModified":"2025-07-28T14:00:53+00:00","breadcrumb":{"@id":"https:\/\/www.paysdesecrins.com\/de\/mein-wunsch\/entdeckung\/die-anwendung-des-kulturerbes-der-hautes-alpes-des-pays-des-ecrins\/#breadcrumb"},"inLanguage":"de","potentialAction":[{"@type":"ReadAction","target":["https:\/\/www.paysdesecrins.com\/de\/mein-wunsch\/entdeckung\/die-anwendung-des-kulturerbes-der-hautes-alpes-des-pays-des-ecrins\/"]}]},{"@type":"ImageObject","inLanguage":"de","@id":"https:\/\/www.paysdesecrins.com\/de\/mein-wunsch\/entdeckung\/die-anwendung-des-kulturerbes-der-hautes-alpes-des-pays-des-ecrins\/#primaryimage","url":"https:\/\/www.paysdesecrins.com\/wp-content\/uploads\/2025\/07\/1654251940-1721769797.jpg","contentUrl":"https:\/\/www.paysdesecrins.com\/wp-content\/uploads\/2025\/07\/1654251940-1721769797.jpg","width":1920,"height":768},{"@type":"BreadcrumbList","@id":"https:\/\/www.paysdesecrins.com\/de\/mein-wunsch\/entdeckung\/die-anwendung-des-kulturerbes-der-hautes-alpes-des-pays-des-ecrins\/#breadcrumb","itemListElement":[{"@type":"ListItem","position":1,"name":"Accueil","item":"https:\/\/www.paysdesecrins.com\/de\/der-titel-des-hauses\/"},{"@type":"ListItem","position":2,"name":"Mein Wunsch,","item":"https:\/\/www.paysdesecrins.com\/de\/mein-wunsch\/"},{"@type":"ListItem","position":3,"name":"Mein Wunsch nach Entdeckung","item":"https:\/\/www.paysdesecrins.com\/de\/mein-wunsch\/entdeckung\/"},{"@type":"ListItem","position":4,"name":"Die Anwendung des Kulturerbes der Hautes-Alpes des Pays des \u00c9crins"}]},{"@type":"WebSite","@id":"https:\/\/www.paysdesecrins.com\/de\/#website","url":"https:\/\/www.paysdesecrins.com\/de\/","name":"Pays des \u00c9crins - Office de Tourisme","description":"L&#039;esprit montagne","publisher":{"@id":"https:\/\/www.paysdesecrins.com\/de\/#organization"},"potentialAction":[{"@type":"SearchAction","target":{"@type":"EntryPoint","urlTemplate":"https:\/\/www.paysdesecrins.com\/de\/?s={search_term_string}"},"query-input":{"@type":"PropertyValueSpecification","valueRequired":true,"valueName":"search_term_string"}}],"inLanguage":"de"},{"@type":"Organization","@id":"https:\/\/www.paysdesecrins.com\/de\/#organization","name":"Pays des \u00c9crins - Office de Tourisme","url":"https:\/\/www.paysdesecrins.com\/de\/","logo":{"@type":"ImageObject","inLanguage":"de","@id":"https:\/\/www.paysdesecrins.com\/de\/#\/schema\/logo\/image\/","url":"https:\/\/www.paysdesecrins.com\/wp-content\/uploads\/2025\/06\/devina-svg-1750845694.svg","contentUrl":"https:\/\/www.paysdesecrins.com\/wp-content\/uploads\/2025\/06\/devina-svg-1750845694.svg","caption":"Pays des \u00c9crins - Office de Tourisme"},"image":{"@id":"https:\/\/www.paysdesecrins.com\/de\/#\/schema\/logo\/image\/"}}]}},"_links":{"self":[{"href":"https:\/\/www.paysdesecrins.com\/de\/wp-json\/wp\/v2\/pages\/45882","targetHints":{"allow":["GET"]}}],"collection":[{"href":"https:\/\/www.paysdesecrins.com\/de\/wp-json\/wp\/v2\/pages"}],"about":[{"href":"https:\/\/www.paysdesecrins.com\/de\/wp-json\/wp\/v2\/types\/page"}],"author":[{"embeddable":true,"href":"https:\/\/www.paysdesecrins.com\/de\/wp-json\/wp\/v2\/users\/4"}],"replies":[{"embeddable":true,"href":"https:\/\/www.paysdesecrins.com\/de\/wp-json\/wp\/v2\/comments?post=45882"}],"version-history":[{"count":0,"href":"https:\/\/www.paysdesecrins.com\/de\/wp-json\/wp\/v2\/pages\/45882\/revisions"}],"up":[{"embeddable":true,"href":"https:\/\/www.paysdesecrins.com\/de\/wp-json\/wp\/v2\/pages\/44566"}],"wp:featuredmedia":[{"embeddable":true,"href":"https:\/\/www.paysdesecrins.com\/de\/wp-json\/wp\/v2\/media\/36177"}],"wp:attachment":[{"href":"https:\/\/www.paysdesecrins.com\/de\/wp-json\/wp\/v2\/media?parent=45882"}],"curies":[{"name":"wp","href":"https:\/\/api.w.org\/{rel}","templated":true}]}}