{"id":45886,"date":"2025-07-24T13:42:13","date_gmt":"2025-07-24T11:42:13","guid":{"rendered":"https:\/\/www.paysdesecrins.com\/mein-wunsch\/entdeckung\/die-waldenser-des-pays-des-ecrins\/"},"modified":"2025-08-05T12:29:09","modified_gmt":"2025-08-05T10:29:09","slug":"die-waldenser-des-pays-des-ecrins","status":"publish","type":"page","link":"https:\/\/www.paysdesecrins.com\/de\/mein-wunsch\/entdeckung\/die-waldenser-des-pays-des-ecrins\/","title":{"rendered":"Die Waldenser des Pays des \u00c9crins"},"content":{"rendered":"    <div class=\"alignfull wp-block-ws-library-ws-header-interne\">\n\t    <div class=\"header-container\">\n\t        <div class=\"group-media has-image\">\n\t            \t                <img loading=\"lazy\" decoding=\"async\" width=\"1200\" height=\"800\" src=\"https:\/\/www.paysdesecrins.com\/wp-content\/uploads\/2025\/07\/1653302467-1032754390.jpg\" alt=\"\" class=\"image_large_square wp-image-36068\" srcset=\"https:\/\/www.paysdesecrins.com\/wp-content\/uploads\/2025\/07\/1653302467-1032754390.jpg 1200w, https:\/\/www.paysdesecrins.com\/wp-content\/uploads\/2025\/07\/1653302467-1032754390-300x200.jpg 300w, https:\/\/www.paysdesecrins.com\/wp-content\/uploads\/2025\/07\/1653302467-1032754390-1024x683.jpg 1024w, https:\/\/www.paysdesecrins.com\/wp-content\/uploads\/2025\/07\/1653302467-1032754390-768x512.jpg 768w, https:\/\/www.paysdesecrins.com\/wp-content\/uploads\/2025\/07\/1653302467-1032754390-960x640.jpg 960w\" sizes=\"auto, (max-width: 1200px) 100vw, 1200px\" \/>\n\t            \t        <\/div>\n\t        <div class=\"group-content\">\n\t            <div class=\"title\">\n\t                <h1>\n\t                    Die Waldenser\t                    \t                        des Pays des \u00c9crins\t                    \t                <\/h1>\n\t            <\/div>\n\t        <\/div>\n\t    <\/div>\n\t    \n<div class=\"yoast-breadcrumbs\"><span><span><a href=\"https:\/\/www.paysdesecrins.com\/de\/der-titel-des-hauses\/\">Accueil<\/a><\/span>  <span><a href=\"https:\/\/www.paysdesecrins.com\/de\/mein-wunsch\/\">Mein Wunsch,<\/a><\/span>  <span><a href=\"https:\/\/www.paysdesecrins.com\/de\/mein-wunsch\/entdeckung\/\">Mein Wunsch nach Entdeckung<\/a><\/span>  <span class=\"breadcrumb_last\" aria-current=\"page\">Die Waldenser des Pays des \u00c9crins<\/span><\/span><\/div>\n    <\/div>\n    \n<div class=\"wp-block-ws-library-ws-title aligncenter is-style-simple\"><h2><em><strong>Auf den Spuren der Waldenser:<\/strong><\/em> <strong>eine andere Geschichte der Alpen<\/strong><\/h2><\/div>\n\n<p>In den diskreten T\u00e4lern des Pays des \u00c9crins taucht die Geschichte der <strong>Waldenser<\/strong> wieder auf. Bereits im zw\u00f6lften Jahrhundert schlug diese religi\u00f6se Protestbewegung hier, fernab von neugierigen Blicken, im Herzen der Berge Wurzeln. <\/p>\n\n<div class=\"wp-block-ws-library-ws-columns alignwide has-2-columns are-vertically-aligned-center layout-5050 is-style-background\">\n<div class=\"wp-block-ws-library-ws-column\"><div class=\"wrapper\">\n<p class=\"has-text-align-center\">Alles begann um 1170 in Lyon. <strong>Pierre Valdo<\/strong>, ein reicher Kaufmann, entschied sich f\u00fcr die Armut und predigte die Bibel in der Volkssprache. Er wurde 1184 exkommuniziert und inspirierte eine Bewegung namens <strong>&#8222;Die Armen von Lyon<\/strong>&#8222;, die bis in die Alpen reichte. Im 14. Jahrhundert gab es viele Waldenser in <strong>Vallouise<\/strong> und noch mehr in <strong>Freissini\u00e8res<\/strong>. Ihr Gottesdienst war heimlich: n\u00e4chtliche Zusammenk\u00fcnfte, m\u00fcndliche \u00dcberlieferungen, isolierte D\u00f6rfer.   <\/p>\n<\/div><\/div>\n\n\n\n<div class=\"wp-block-ws-library-ws-column\"><div class=\"wrapper\">\n<div class=\"wp-block-ws-library-ws-image\"><div class=\"wrapper\"><div class=\"group-media\"><img decoding=\"async\" src=\"https:\/\/www.paysdesecrins.com\/wp-content\/uploads\/2025\/07\/1653296450-800393013-511x640.jpg\" alt=\"\" class=\"single_image ws-image-36042\"><div class=\"credits\"><\/div><\/div><p class=\"caption\"><\/p><\/div><\/div>\n<\/div><\/div>\n<\/div>\n\n<p class=\"has-text-align-center\">Aber die Kirche wehrt sich. Ab 1366 organisierte die kirchliche Obrigkeit eine geistliche R\u00fcckeroberung. Im Jahr 1399 predigte der Prediger <strong>Vincent Ferrier<\/strong> in <strong>Puy Saint Vincent<\/strong>. An den W\u00e4nden der Kapellen waren Fresken zu sehen: gemalte Botschaften, um die Gl\u00e4ubigen wieder auf Linie zu bringen.   <\/p>\n\n<div class=\"wp-block-ws-library-ws-image\"><div class=\"wrapper\"><div class=\"group-media\"><img decoding=\"async\" src=\"https:\/\/www.paysdesecrins.com\/wp-content\/uploads\/2025\/07\/1653299782-2029429515-960x640.jpg\" alt=\"\" class=\"single_image ws-image-41017\"><div class=\"credits\"><\/div><\/div><p class=\"caption\"><\/p><\/div><\/div>\n\n<p class=\"has-text-align-left\">Die Waldenser hinterlie\u00dfen weder Kathedrale noch Burg. Aber ihre Erinnerung ist gut in den Steinen und Wegen des Pays des \u00c9crins verankert. <\/p>\n\n<div class=\"wp-block-ws-library-ws-columns alignwide has-2-columns are-vertically-aligned-center layout-5050 is-style-background\">\n<div class=\"wp-block-ws-library-ws-column\"><div class=\"wrapper\">\n<div class=\"wp-block-ws-library-ws-image\"><div class=\"wrapper\"><div class=\"group-media\"><img decoding=\"async\" src=\"https:\/\/www.paysdesecrins.com\/wp-content\/uploads\/2025\/07\/1653302467-1574599123-640x640.jpg\" alt=\"\" class=\"single_image ws-image-36076\"><div class=\"credits\"><\/div><\/div><p class=\"caption\"><\/p><\/div><\/div>\n<\/div><\/div>\n\n\n\n<div class=\"wp-block-ws-library-ws-column\"><div class=\"wrapper\">\n<div class=\"wp-block-ws-library-ws-title\"><h3>Wo kann man auf den Spuren der Waldenser wandeln?  <\/h3><\/div>\n\n\n\n<ul class=\"wp-block-list\">\n<li><em>Kapelle Saint-Vincent<\/em> (Puy Saint Vincent) \u2013 Fresken und St\u00fcrze<\/li>\n\n\n\n<li><em>Kirche Saint-\u00c9tienne de Vallouise<\/em> \u2013 sichtbare biblische Zyklen<\/li>\n\n\n\n<li>Nach<em>Urnoux, Dormillouse, Val-Cluson<\/em> \u2013 geschichtstr\u00e4chtige D\u00f6rfer: Ruisseau du Pr\u00eacheur, Clos du Valdois&#8230;<\/li>\n\n\n\n<li> <em>Wanderweg &#8222;Auf den Spuren der Waldenser&#8220;<\/em> \u2013 7 km Rundweg (2h30 \/ +220 m) von Vallouise mit Erkl\u00e4rungstafeln, Ruinen und herrlichen Aussichtspunkten<\/li>\n\n\n\n<li> <em>Familienspielheft<\/em> erh\u00e4ltlich im Fremdenverkehrsamt<\/li>\n\n\n\n<li> <em>App &#8222;Patrimoine Hautes-Alpes&#8220;<\/em> : Karte, Audio-Zeugnisse, Augmented-Reality-Rekonstruktionen. Funktioniert ohne Netzwerk. <\/li>\n\n\n\n<li>  Nehmen Sie gute Schuhe, eine Windjacke und ein wenig Neugier mit.<\/li>\n<\/ul>\n<\/div><\/div>\n<\/div>\n\n<div class=\"wp-block-ws-library-ws-share\"><span class=\"share-subtitle\">Hat Ihnen diese Seite gefallen?<\/span><span class=\"share-title\">Teilen Sie es!<\/span><button class=\"ws-share-button wp-element-button\">Diese Seite teilen<\/button><\/div>\n","protected":false},"excerpt":{"rendered":"<p>In den diskreten T\u00e4lern des Pays des \u00c9crins taucht die Geschichte der Waldenser wieder auf. Bereits im zw\u00f6lften Jahrhundert schlug [&hellip;]<\/p>\n","protected":false},"author":4,"featured_media":36071,"parent":44566,"menu_order":0,"comment_status":"closed","ping_status":"closed","template":"","meta":{"_thumbnail_id_2":0,"summer_excerpt":"","season":"","station":"","footnotes":""},"class_list":["post-45886","page","type-page","status-publish","has-post-thumbnail","hentry"],"yoast_head":"<!-- This site is optimized with the Yoast SEO plugin v27.3 - https:\/\/yoast.com\/product\/yoast-seo-wordpress\/ -->\n<title>Die Waldenser des Pays des \u00c9crins - Pays des \u00c9crins - Office de Tourisme<\/title>\n<meta name=\"robots\" content=\"index, follow, max-snippet:-1, max-image-preview:large, max-video-preview:-1\" \/>\n<link rel=\"canonical\" href=\"https:\/\/www.paysdesecrins.com\/de\/mein-wunsch\/entdeckung\/die-waldenser-des-pays-des-ecrins\/\" \/>\n<meta property=\"og:locale\" content=\"de_DE\" \/>\n<meta property=\"og:type\" content=\"article\" \/>\n<meta property=\"og:title\" content=\"Die Waldenser des Pays des \u00c9crins - Pays des \u00c9crins - Office de Tourisme\" \/>\n<meta property=\"og:description\" content=\"In den diskreten T\u00e4lern des Pays des \u00c9crins taucht die Geschichte der Waldenser wieder auf. Bereits im zw\u00f6lften Jahrhundert schlug [&hellip;]\" \/>\n<meta property=\"og:url\" content=\"https:\/\/www.paysdesecrins.com\/de\/mein-wunsch\/entdeckung\/die-waldenser-des-pays-des-ecrins\/\" \/>\n<meta property=\"og:site_name\" content=\"Pays des \u00c9crins - Office de Tourisme\" \/>\n<meta property=\"article:modified_time\" content=\"2025-08-05T10:29:09+00:00\" \/>\n<meta property=\"og:image\" content=\"https:\/\/www.paysdesecrins.com\/wp-content\/uploads\/2025\/07\/1653302467-1032754390.jpg\" \/>\n\t<meta property=\"og:image:width\" content=\"1200\" \/>\n\t<meta property=\"og:image:height\" content=\"800\" \/>\n\t<meta property=\"og:image:type\" content=\"image\/jpeg\" \/>\n<meta name=\"twitter:card\" content=\"summary_large_image\" \/>\n<meta name=\"twitter:label1\" content=\"Gesch\u00e4tzte Lesezeit\" \/>\n\t<meta name=\"twitter:data1\" content=\"1\u00a0Minute\" \/>\n<script type=\"application\/ld+json\" class=\"yoast-schema-graph\">{\"@context\":\"https:\\\/\\\/schema.org\",\"@graph\":[{\"@type\":\"WebPage\",\"@id\":\"https:\\\/\\\/www.paysdesecrins.com\\\/de\\\/mein-wunsch\\\/entdeckung\\\/die-waldenser-des-pays-des-ecrins\\\/\",\"url\":\"https:\\\/\\\/www.paysdesecrins.com\\\/de\\\/mein-wunsch\\\/entdeckung\\\/die-waldenser-des-pays-des-ecrins\\\/\",\"name\":\"Die Waldenser des Pays des \u00c9crins - Pays des \u00c9crins - Office de Tourisme\",\"isPartOf\":{\"@id\":\"https:\\\/\\\/www.paysdesecrins.com\\\/de\\\/#website\"},\"primaryImageOfPage\":{\"@id\":\"https:\\\/\\\/www.paysdesecrins.com\\\/de\\\/mein-wunsch\\\/entdeckung\\\/die-waldenser-des-pays-des-ecrins\\\/#primaryimage\"},\"image\":{\"@id\":\"https:\\\/\\\/www.paysdesecrins.com\\\/de\\\/mein-wunsch\\\/entdeckung\\\/die-waldenser-des-pays-des-ecrins\\\/#primaryimage\"},\"thumbnailUrl\":\"https:\\\/\\\/www.paysdesecrins.com\\\/wp-content\\\/uploads\\\/2025\\\/07\\\/1653302467-1032754390.jpg\",\"datePublished\":\"2025-07-24T11:42:13+00:00\",\"dateModified\":\"2025-08-05T10:29:09+00:00\",\"breadcrumb\":{\"@id\":\"https:\\\/\\\/www.paysdesecrins.com\\\/de\\\/mein-wunsch\\\/entdeckung\\\/die-waldenser-des-pays-des-ecrins\\\/#breadcrumb\"},\"inLanguage\":\"de\",\"potentialAction\":[{\"@type\":\"ReadAction\",\"target\":[\"https:\\\/\\\/www.paysdesecrins.com\\\/de\\\/mein-wunsch\\\/entdeckung\\\/die-waldenser-des-pays-des-ecrins\\\/\"]}]},{\"@type\":\"ImageObject\",\"inLanguage\":\"de\",\"@id\":\"https:\\\/\\\/www.paysdesecrins.com\\\/de\\\/mein-wunsch\\\/entdeckung\\\/die-waldenser-des-pays-des-ecrins\\\/#primaryimage\",\"url\":\"https:\\\/\\\/www.paysdesecrins.com\\\/wp-content\\\/uploads\\\/2025\\\/07\\\/1653302467-1032754390.jpg\",\"contentUrl\":\"https:\\\/\\\/www.paysdesecrins.com\\\/wp-content\\\/uploads\\\/2025\\\/07\\\/1653302467-1032754390.jpg\",\"width\":1200,\"height\":800},{\"@type\":\"BreadcrumbList\",\"@id\":\"https:\\\/\\\/www.paysdesecrins.com\\\/de\\\/mein-wunsch\\\/entdeckung\\\/die-waldenser-des-pays-des-ecrins\\\/#breadcrumb\",\"itemListElement\":[{\"@type\":\"ListItem\",\"position\":1,\"name\":\"Accueil\",\"item\":\"https:\\\/\\\/www.paysdesecrins.com\\\/de\\\/der-titel-des-hauses\\\/\"},{\"@type\":\"ListItem\",\"position\":2,\"name\":\"Mein Wunsch,\",\"item\":\"https:\\\/\\\/www.paysdesecrins.com\\\/de\\\/mein-wunsch\\\/\"},{\"@type\":\"ListItem\",\"position\":3,\"name\":\"Mein Wunsch nach Entdeckung\",\"item\":\"https:\\\/\\\/www.paysdesecrins.com\\\/de\\\/mein-wunsch\\\/entdeckung\\\/\"},{\"@type\":\"ListItem\",\"position\":4,\"name\":\"Die Waldenser des Pays des \u00c9crins\"}]},{\"@type\":\"WebSite\",\"@id\":\"https:\\\/\\\/www.paysdesecrins.com\\\/de\\\/#website\",\"url\":\"https:\\\/\\\/www.paysdesecrins.com\\\/de\\\/\",\"name\":\"Pays des \u00c9crins - Office de Tourisme\",\"description\":\"L&#039;esprit montagne\",\"publisher\":{\"@id\":\"https:\\\/\\\/www.paysdesecrins.com\\\/de\\\/#organization\"},\"potentialAction\":[{\"@type\":\"SearchAction\",\"target\":{\"@type\":\"EntryPoint\",\"urlTemplate\":\"https:\\\/\\\/www.paysdesecrins.com\\\/de\\\/?s={search_term_string}\"},\"query-input\":{\"@type\":\"PropertyValueSpecification\",\"valueRequired\":true,\"valueName\":\"search_term_string\"}}],\"inLanguage\":\"de\"},{\"@type\":\"Organization\",\"@id\":\"https:\\\/\\\/www.paysdesecrins.com\\\/de\\\/#organization\",\"name\":\"Pays des \u00c9crins - Office de Tourisme\",\"url\":\"https:\\\/\\\/www.paysdesecrins.com\\\/de\\\/\",\"logo\":{\"@type\":\"ImageObject\",\"inLanguage\":\"de\",\"@id\":\"https:\\\/\\\/www.paysdesecrins.com\\\/de\\\/#\\\/schema\\\/logo\\\/image\\\/\",\"url\":\"https:\\\/\\\/www.paysdesecrins.com\\\/wp-content\\\/uploads\\\/2025\\\/06\\\/devina-svg-1750845694.svg\",\"contentUrl\":\"https:\\\/\\\/www.paysdesecrins.com\\\/wp-content\\\/uploads\\\/2025\\\/06\\\/devina-svg-1750845694.svg\",\"caption\":\"Pays des \u00c9crins - Office de Tourisme\"},\"image\":{\"@id\":\"https:\\\/\\\/www.paysdesecrins.com\\\/de\\\/#\\\/schema\\\/logo\\\/image\\\/\"}}]}<\/script>\n<!-- \/ Yoast SEO plugin. -->","yoast_head_json":{"title":"Die Waldenser des Pays des \u00c9crins - Pays des \u00c9crins - Office de Tourisme","robots":{"index":"index","follow":"follow","max-snippet":"max-snippet:-1","max-image-preview":"max-image-preview:large","max-video-preview":"max-video-preview:-1"},"canonical":"https:\/\/www.paysdesecrins.com\/de\/mein-wunsch\/entdeckung\/die-waldenser-des-pays-des-ecrins\/","og_locale":"de_DE","og_type":"article","og_title":"Die Waldenser des Pays des \u00c9crins - Pays des \u00c9crins - Office de Tourisme","og_description":"In den diskreten T\u00e4lern des Pays des \u00c9crins taucht die Geschichte der Waldenser wieder auf. Bereits im zw\u00f6lften Jahrhundert schlug [&hellip;]","og_url":"https:\/\/www.paysdesecrins.com\/de\/mein-wunsch\/entdeckung\/die-waldenser-des-pays-des-ecrins\/","og_site_name":"Pays des \u00c9crins - Office de Tourisme","article_modified_time":"2025-08-05T10:29:09+00:00","og_image":[{"width":1200,"height":800,"url":"https:\/\/www.paysdesecrins.com\/wp-content\/uploads\/2025\/07\/1653302467-1032754390.jpg","type":"image\/jpeg"}],"twitter_card":"summary_large_image","twitter_misc":{"Gesch\u00e4tzte Lesezeit":"1\u00a0Minute"},"schema":{"@context":"https:\/\/schema.org","@graph":[{"@type":"WebPage","@id":"https:\/\/www.paysdesecrins.com\/de\/mein-wunsch\/entdeckung\/die-waldenser-des-pays-des-ecrins\/","url":"https:\/\/www.paysdesecrins.com\/de\/mein-wunsch\/entdeckung\/die-waldenser-des-pays-des-ecrins\/","name":"Die Waldenser des Pays des \u00c9crins - Pays des \u00c9crins - Office de Tourisme","isPartOf":{"@id":"https:\/\/www.paysdesecrins.com\/de\/#website"},"primaryImageOfPage":{"@id":"https:\/\/www.paysdesecrins.com\/de\/mein-wunsch\/entdeckung\/die-waldenser-des-pays-des-ecrins\/#primaryimage"},"image":{"@id":"https:\/\/www.paysdesecrins.com\/de\/mein-wunsch\/entdeckung\/die-waldenser-des-pays-des-ecrins\/#primaryimage"},"thumbnailUrl":"https:\/\/www.paysdesecrins.com\/wp-content\/uploads\/2025\/07\/1653302467-1032754390.jpg","datePublished":"2025-07-24T11:42:13+00:00","dateModified":"2025-08-05T10:29:09+00:00","breadcrumb":{"@id":"https:\/\/www.paysdesecrins.com\/de\/mein-wunsch\/entdeckung\/die-waldenser-des-pays-des-ecrins\/#breadcrumb"},"inLanguage":"de","potentialAction":[{"@type":"ReadAction","target":["https:\/\/www.paysdesecrins.com\/de\/mein-wunsch\/entdeckung\/die-waldenser-des-pays-des-ecrins\/"]}]},{"@type":"ImageObject","inLanguage":"de","@id":"https:\/\/www.paysdesecrins.com\/de\/mein-wunsch\/entdeckung\/die-waldenser-des-pays-des-ecrins\/#primaryimage","url":"https:\/\/www.paysdesecrins.com\/wp-content\/uploads\/2025\/07\/1653302467-1032754390.jpg","contentUrl":"https:\/\/www.paysdesecrins.com\/wp-content\/uploads\/2025\/07\/1653302467-1032754390.jpg","width":1200,"height":800},{"@type":"BreadcrumbList","@id":"https:\/\/www.paysdesecrins.com\/de\/mein-wunsch\/entdeckung\/die-waldenser-des-pays-des-ecrins\/#breadcrumb","itemListElement":[{"@type":"ListItem","position":1,"name":"Accueil","item":"https:\/\/www.paysdesecrins.com\/de\/der-titel-des-hauses\/"},{"@type":"ListItem","position":2,"name":"Mein Wunsch,","item":"https:\/\/www.paysdesecrins.com\/de\/mein-wunsch\/"},{"@type":"ListItem","position":3,"name":"Mein Wunsch nach Entdeckung","item":"https:\/\/www.paysdesecrins.com\/de\/mein-wunsch\/entdeckung\/"},{"@type":"ListItem","position":4,"name":"Die Waldenser des Pays des \u00c9crins"}]},{"@type":"WebSite","@id":"https:\/\/www.paysdesecrins.com\/de\/#website","url":"https:\/\/www.paysdesecrins.com\/de\/","name":"Pays des \u00c9crins - Office de Tourisme","description":"L&#039;esprit montagne","publisher":{"@id":"https:\/\/www.paysdesecrins.com\/de\/#organization"},"potentialAction":[{"@type":"SearchAction","target":{"@type":"EntryPoint","urlTemplate":"https:\/\/www.paysdesecrins.com\/de\/?s={search_term_string}"},"query-input":{"@type":"PropertyValueSpecification","valueRequired":true,"valueName":"search_term_string"}}],"inLanguage":"de"},{"@type":"Organization","@id":"https:\/\/www.paysdesecrins.com\/de\/#organization","name":"Pays des \u00c9crins - Office de Tourisme","url":"https:\/\/www.paysdesecrins.com\/de\/","logo":{"@type":"ImageObject","inLanguage":"de","@id":"https:\/\/www.paysdesecrins.com\/de\/#\/schema\/logo\/image\/","url":"https:\/\/www.paysdesecrins.com\/wp-content\/uploads\/2025\/06\/devina-svg-1750845694.svg","contentUrl":"https:\/\/www.paysdesecrins.com\/wp-content\/uploads\/2025\/06\/devina-svg-1750845694.svg","caption":"Pays des \u00c9crins - Office de Tourisme"},"image":{"@id":"https:\/\/www.paysdesecrins.com\/de\/#\/schema\/logo\/image\/"}}]}},"_links":{"self":[{"href":"https:\/\/www.paysdesecrins.com\/de\/wp-json\/wp\/v2\/pages\/45886","targetHints":{"allow":["GET"]}}],"collection":[{"href":"https:\/\/www.paysdesecrins.com\/de\/wp-json\/wp\/v2\/pages"}],"about":[{"href":"https:\/\/www.paysdesecrins.com\/de\/wp-json\/wp\/v2\/types\/page"}],"author":[{"embeddable":true,"href":"https:\/\/www.paysdesecrins.com\/de\/wp-json\/wp\/v2\/users\/4"}],"replies":[{"embeddable":true,"href":"https:\/\/www.paysdesecrins.com\/de\/wp-json\/wp\/v2\/comments?post=45886"}],"version-history":[{"count":0,"href":"https:\/\/www.paysdesecrins.com\/de\/wp-json\/wp\/v2\/pages\/45886\/revisions"}],"up":[{"embeddable":true,"href":"https:\/\/www.paysdesecrins.com\/de\/wp-json\/wp\/v2\/pages\/44566"}],"wp:featuredmedia":[{"embeddable":true,"href":"https:\/\/www.paysdesecrins.com\/de\/wp-json\/wp\/v2\/media\/36071"}],"wp:attachment":[{"href":"https:\/\/www.paysdesecrins.com\/de\/wp-json\/wp\/v2\/media?parent=45886"}],"curies":[{"name":"wp","href":"https:\/\/api.w.org\/{rel}","templated":true}]}}