{"id":45988,"date":"2025-07-23T16:45:02","date_gmt":"2025-07-23T14:45:02","guid":{"rendered":"https:\/\/www.paysdesecrins.com\/abonnieren-sie-unsere-newsletter\/"},"modified":"2025-08-06T11:58:35","modified_gmt":"2025-08-06T09:58:35","slug":"abonnieren-sie-unsere-newsletter","status":"publish","type":"page","link":"https:\/\/www.paysdesecrins.com\/de\/abonnieren-sie-unsere-newsletter\/","title":{"rendered":"Abonnieren Sie unsere Newsletter!"},"content":{"rendered":"    <div class=\"alignfull wp-block-ws-library-ws-header-interne\" data-season=\"summer\">\n\t    <div class=\"header-container\">\n\t        <div class=\"group-media has-image\">\n\t            \t                <img loading=\"lazy\" decoding=\"async\" width=\"1536\" height=\"800\" src=\"https:\/\/www.paysdesecrins.com\/wp-content\/uploads\/2025\/07\/dsc05066-1536x800.webp\" alt=\"\" class=\"image_large_square wp-image-41891\" \/>\n\t            \t        <\/div>\n\t        <div class=\"group-content\">\n\t            <div class=\"title\">\n\t                <h1>\n\t                    Abonnieren Sie unsere Newsletter!\t                    \t                <\/h1>\n\t            <\/div>\n\t        <\/div>\n\t    <\/div>\n\t    \n<div class=\"yoast-breadcrumbs\"><span><span><a href=\"https:\/\/www.paysdesecrins.com\/de\/der-titel-des-hauses\/\">Accueil<\/a><\/span>  <span class=\"breadcrumb_last\" aria-current=\"page\">Abonnieren Sie unsere Newsletter!<\/span><\/span><\/div>\n    <\/div>\n        <div class=\"alignfull wp-block-ws-library-ws-header-interne\" data-season=\"winter\">\n\t    <div class=\"header-container\">\n\t        <div class=\"group-media has-image\">\n\t            \t                <img loading=\"lazy\" decoding=\"async\" width=\"1920\" height=\"480\" src=\"https:\/\/www.paysdesecrins.com\/wp-content\/uploads\/2025\/07\/village-d-alpinisme-1678981194-1.jpg\" alt=\"\" class=\"image_large_square wp-image-41048\" srcset=\"https:\/\/www.paysdesecrins.com\/wp-content\/uploads\/2025\/07\/village-d-alpinisme-1678981194-1.jpg 1920w, https:\/\/www.paysdesecrins.com\/wp-content\/uploads\/2025\/07\/village-d-alpinisme-1678981194-1-300x75.jpg 300w, https:\/\/www.paysdesecrins.com\/wp-content\/uploads\/2025\/07\/village-d-alpinisme-1678981194-1-1024x256.jpg 1024w, https:\/\/www.paysdesecrins.com\/wp-content\/uploads\/2025\/07\/village-d-alpinisme-1678981194-1-768x192.jpg 768w, https:\/\/www.paysdesecrins.com\/wp-content\/uploads\/2025\/07\/village-d-alpinisme-1678981194-1-1536x384.jpg 1536w, https:\/\/www.paysdesecrins.com\/wp-content\/uploads\/2025\/07\/village-d-alpinisme-1678981194-1-960x240.jpg 960w\" sizes=\"auto, (max-width: 1920px) 100vw, 1920px\" \/>\n\t            \t        <\/div>\n\t        <div class=\"group-content\">\n\t            <div class=\"title\">\n\t                <h1>\n\t                    Abonnieren Sie unsere Newsletter!\t                    \t                <\/h1>\n\t            <\/div>\n\t        <\/div>\n\t    <\/div>\n\t    \n<div class=\"yoast-breadcrumbs\"><span><span><a href=\"https:\/\/www.paysdesecrins.com\/de\/der-titel-des-hauses\/\">Accueil<\/a><\/span>  <span class=\"breadcrumb_last\" aria-current=\"page\">Abonnieren Sie unsere Newsletter!<\/span><\/span><\/div>\n    <\/div>\n    \n<div class=\"wp-block-group has-global-padding is-layout-constrained wp-block-group-is-layout-constrained\">\n<iframe loading=\"lazy\" src=\"https:\/\/app-v4.avizi.fr\/widgets\/public\/12cd7d19abca2ab5fe6b474bd6974802\/902\" width=\"100%\" height=\"600px\" frameborder=\"0\"><\/iframe>\n<\/div>\n\n<p>Indem Sie einen der Newsletter des Fremdenverkehrsamtes der Gemeinschaft Pays des \u00c9crins abonnieren, erm\u00e4chtigen Sie uns, Ihre E-Mails zu sammeln und zu speichern.<\/p>\n\n<p>Wir erheben personenbezogene Daten, die f\u00fcr die computergest\u00fctzte Bearbeitung Ihrer Registrierung, deren Nachverfolgung, den Versand von Newslettern, Werbeaktionen und Aufforderungen oder im Rahmen von Qualit\u00e4tsumfragen (per E-Mail, SMS-Nachrichten, Telefonanruf und Post) erforderlich sind.<\/p>\n\n<p>Sie k\u00f6nnen sich jederzeit abmelden, indem Sie auf den zu diesem Zweck bereitgestellten Hypertext-Link am Ende jeder Mitteilung klicken, eine E-Mail an partenariats@paysdesecrins.com senden oder per Post an OTC du Pays des \u00c9crins, 6 avenue de Vallouise, 05 120 l&#8217;Argenti\u00e8re-la Bess\u00e9e, unter Angabe Ihrer Identit\u00e4t.<\/p>\n\n<p>In \u00dcbereinstimmung mit der DSGVO haben Sie das Recht auf Zugang und Berichtigung, Aktualisierung, \u00dcbertragbarkeit und L\u00f6schung Ihrer Daten, das Sie beim Datenverantwortlichen des OTC du Pays des \u00c9crins aus\u00fcben k\u00f6nnen.  <\/p>\n\n<p>Sofern Sie uns in Bezug auf eine Einschr\u00e4nkung oder einen Widerspruch gegen die Verarbeitung Ihrer personenbezogenen Daten nichts anderes mitteilen, behalten wir uns das Recht vor, diese Informationen zu verwenden, um Ihnen verschiedene der oben genannten Unterlagen zuzusenden. Sie haben auch die M\u00f6glichkeit, eine Beschwerde bei der franz\u00f6sischen Datenschutzbeh\u00f6rde CNIL einzureichen. <\/p>\n\n<div class=\"wp-block-ws-library-ws-share\"><span class=\"share-subtitle\">Hat Ihnen diese Seite gefallen?<\/span><span class=\"share-title\">Teilen Sie es!<\/span><button class=\"ws-share-button wp-element-button\">Diese Seite teilen<\/button><\/div>\n","protected":false},"excerpt":{"rendered":"<p>Indem Sie einen der Newsletter des Fremdenverkehrsamtes der Gemeinschaft Pays des \u00c9crins abonnieren, erm\u00e4chtigen Sie uns, Ihre E-Mails zu sammeln [&hellip;]<\/p>\n","protected":false},"author":1,"featured_media":41894,"parent":0,"menu_order":0,"comment_status":"closed","ping_status":"closed","template":"","meta":{"_thumbnail_id_2":0,"summer_excerpt":"","season":"","station":"","footnotes":""},"class_list":["post-45988","page","type-page","status-publish","has-post-thumbnail","hentry"],"yoast_head":"<!-- This site is optimized with the Yoast SEO plugin v27.3 - https:\/\/yoast.com\/product\/yoast-seo-wordpress\/ -->\n<title>Abonnieren Sie unsere Newsletter! - Pays des \u00c9crins - Office de Tourisme<\/title>\n<meta name=\"robots\" content=\"index, follow, max-snippet:-1, max-image-preview:large, max-video-preview:-1\" \/>\n<link rel=\"canonical\" href=\"https:\/\/www.paysdesecrins.com\/de\/abonnieren-sie-unsere-newsletter\/\" \/>\n<meta property=\"og:locale\" content=\"de_DE\" \/>\n<meta property=\"og:type\" content=\"article\" \/>\n<meta property=\"og:title\" content=\"Abonnieren Sie unsere Newsletter! - Pays des \u00c9crins - Office de Tourisme\" \/>\n<meta property=\"og:description\" content=\"Indem Sie einen der Newsletter des Fremdenverkehrsamtes der Gemeinschaft Pays des \u00c9crins abonnieren, erm\u00e4chtigen Sie uns, Ihre E-Mails zu sammeln [&hellip;]\" \/>\n<meta property=\"og:url\" content=\"https:\/\/www.paysdesecrins.com\/de\/abonnieren-sie-unsere-newsletter\/\" \/>\n<meta property=\"og:site_name\" content=\"Pays des \u00c9crins - Office de Tourisme\" \/>\n<meta property=\"article:modified_time\" content=\"2025-08-06T09:58:35+00:00\" \/>\n<meta property=\"og:image\" content=\"https:\/\/www.paysdesecrins.com\/wp-content\/uploads\/2025\/07\/dsc05066.webp\" \/>\n\t<meta property=\"og:image:width\" content=\"1536\" \/>\n\t<meta property=\"og:image:height\" content=\"864\" \/>\n\t<meta property=\"og:image:type\" content=\"image\/webp\" \/>\n<meta name=\"twitter:card\" content=\"summary_large_image\" \/>\n<meta name=\"twitter:label1\" content=\"Gesch\u00e4tzte Lesezeit\" \/>\n\t<meta name=\"twitter:data1\" content=\"1\u00a0Minute\" \/>\n<script type=\"application\/ld+json\" class=\"yoast-schema-graph\">{\"@context\":\"https:\\\/\\\/schema.org\",\"@graph\":[{\"@type\":\"WebPage\",\"@id\":\"https:\\\/\\\/www.paysdesecrins.com\\\/de\\\/abonnieren-sie-unsere-newsletter\\\/\",\"url\":\"https:\\\/\\\/www.paysdesecrins.com\\\/de\\\/abonnieren-sie-unsere-newsletter\\\/\",\"name\":\"Abonnieren Sie unsere Newsletter! - Pays des \u00c9crins - Office de Tourisme\",\"isPartOf\":{\"@id\":\"https:\\\/\\\/www.paysdesecrins.com\\\/de\\\/#website\"},\"primaryImageOfPage\":{\"@id\":\"https:\\\/\\\/www.paysdesecrins.com\\\/de\\\/abonnieren-sie-unsere-newsletter\\\/#primaryimage\"},\"image\":{\"@id\":\"https:\\\/\\\/www.paysdesecrins.com\\\/de\\\/abonnieren-sie-unsere-newsletter\\\/#primaryimage\"},\"thumbnailUrl\":\"https:\\\/\\\/www.paysdesecrins.com\\\/wp-content\\\/uploads\\\/2025\\\/07\\\/dsc05066.webp\",\"datePublished\":\"2025-07-23T14:45:02+00:00\",\"dateModified\":\"2025-08-06T09:58:35+00:00\",\"breadcrumb\":{\"@id\":\"https:\\\/\\\/www.paysdesecrins.com\\\/de\\\/abonnieren-sie-unsere-newsletter\\\/#breadcrumb\"},\"inLanguage\":\"de\",\"potentialAction\":[{\"@type\":\"ReadAction\",\"target\":[\"https:\\\/\\\/www.paysdesecrins.com\\\/de\\\/abonnieren-sie-unsere-newsletter\\\/\"]}]},{\"@type\":\"ImageObject\",\"inLanguage\":\"de\",\"@id\":\"https:\\\/\\\/www.paysdesecrins.com\\\/de\\\/abonnieren-sie-unsere-newsletter\\\/#primaryimage\",\"url\":\"https:\\\/\\\/www.paysdesecrins.com\\\/wp-content\\\/uploads\\\/2025\\\/07\\\/dsc05066.webp\",\"contentUrl\":\"https:\\\/\\\/www.paysdesecrins.com\\\/wp-content\\\/uploads\\\/2025\\\/07\\\/dsc05066.webp\",\"width\":1536,\"height\":864},{\"@type\":\"BreadcrumbList\",\"@id\":\"https:\\\/\\\/www.paysdesecrins.com\\\/de\\\/abonnieren-sie-unsere-newsletter\\\/#breadcrumb\",\"itemListElement\":[{\"@type\":\"ListItem\",\"position\":1,\"name\":\"Accueil\",\"item\":\"https:\\\/\\\/www.paysdesecrins.com\\\/de\\\/der-titel-des-hauses\\\/\"},{\"@type\":\"ListItem\",\"position\":2,\"name\":\"Abonnieren Sie unsere Newsletter!\"}]},{\"@type\":\"WebSite\",\"@id\":\"https:\\\/\\\/www.paysdesecrins.com\\\/de\\\/#website\",\"url\":\"https:\\\/\\\/www.paysdesecrins.com\\\/de\\\/\",\"name\":\"Pays des \u00c9crins - Office de Tourisme\",\"description\":\"L&#039;esprit montagne\",\"publisher\":{\"@id\":\"https:\\\/\\\/www.paysdesecrins.com\\\/de\\\/#organization\"},\"potentialAction\":[{\"@type\":\"SearchAction\",\"target\":{\"@type\":\"EntryPoint\",\"urlTemplate\":\"https:\\\/\\\/www.paysdesecrins.com\\\/de\\\/?s={search_term_string}\"},\"query-input\":{\"@type\":\"PropertyValueSpecification\",\"valueRequired\":true,\"valueName\":\"search_term_string\"}}],\"inLanguage\":\"de\"},{\"@type\":\"Organization\",\"@id\":\"https:\\\/\\\/www.paysdesecrins.com\\\/de\\\/#organization\",\"name\":\"Pays des \u00c9crins - Office de Tourisme\",\"url\":\"https:\\\/\\\/www.paysdesecrins.com\\\/de\\\/\",\"logo\":{\"@type\":\"ImageObject\",\"inLanguage\":\"de\",\"@id\":\"https:\\\/\\\/www.paysdesecrins.com\\\/de\\\/#\\\/schema\\\/logo\\\/image\\\/\",\"url\":\"https:\\\/\\\/www.paysdesecrins.com\\\/wp-content\\\/uploads\\\/2025\\\/06\\\/devina-svg-1750845694.svg\",\"contentUrl\":\"https:\\\/\\\/www.paysdesecrins.com\\\/wp-content\\\/uploads\\\/2025\\\/06\\\/devina-svg-1750845694.svg\",\"caption\":\"Pays des \u00c9crins - Office de Tourisme\"},\"image\":{\"@id\":\"https:\\\/\\\/www.paysdesecrins.com\\\/de\\\/#\\\/schema\\\/logo\\\/image\\\/\"}}]}<\/script>\n<!-- \/ Yoast SEO plugin. -->","yoast_head_json":{"title":"Abonnieren Sie unsere Newsletter! - Pays des \u00c9crins - Office de Tourisme","robots":{"index":"index","follow":"follow","max-snippet":"max-snippet:-1","max-image-preview":"max-image-preview:large","max-video-preview":"max-video-preview:-1"},"canonical":"https:\/\/www.paysdesecrins.com\/de\/abonnieren-sie-unsere-newsletter\/","og_locale":"de_DE","og_type":"article","og_title":"Abonnieren Sie unsere Newsletter! - Pays des \u00c9crins - Office de Tourisme","og_description":"Indem Sie einen der Newsletter des Fremdenverkehrsamtes der Gemeinschaft Pays des \u00c9crins abonnieren, erm\u00e4chtigen Sie uns, Ihre E-Mails zu sammeln [&hellip;]","og_url":"https:\/\/www.paysdesecrins.com\/de\/abonnieren-sie-unsere-newsletter\/","og_site_name":"Pays des \u00c9crins - Office de Tourisme","article_modified_time":"2025-08-06T09:58:35+00:00","og_image":[{"width":1536,"height":864,"url":"https:\/\/www.paysdesecrins.com\/wp-content\/uploads\/2025\/07\/dsc05066.webp","type":"image\/webp"}],"twitter_card":"summary_large_image","twitter_misc":{"Gesch\u00e4tzte Lesezeit":"1\u00a0Minute"},"schema":{"@context":"https:\/\/schema.org","@graph":[{"@type":"WebPage","@id":"https:\/\/www.paysdesecrins.com\/de\/abonnieren-sie-unsere-newsletter\/","url":"https:\/\/www.paysdesecrins.com\/de\/abonnieren-sie-unsere-newsletter\/","name":"Abonnieren Sie unsere Newsletter! - Pays des \u00c9crins - Office de Tourisme","isPartOf":{"@id":"https:\/\/www.paysdesecrins.com\/de\/#website"},"primaryImageOfPage":{"@id":"https:\/\/www.paysdesecrins.com\/de\/abonnieren-sie-unsere-newsletter\/#primaryimage"},"image":{"@id":"https:\/\/www.paysdesecrins.com\/de\/abonnieren-sie-unsere-newsletter\/#primaryimage"},"thumbnailUrl":"https:\/\/www.paysdesecrins.com\/wp-content\/uploads\/2025\/07\/dsc05066.webp","datePublished":"2025-07-23T14:45:02+00:00","dateModified":"2025-08-06T09:58:35+00:00","breadcrumb":{"@id":"https:\/\/www.paysdesecrins.com\/de\/abonnieren-sie-unsere-newsletter\/#breadcrumb"},"inLanguage":"de","potentialAction":[{"@type":"ReadAction","target":["https:\/\/www.paysdesecrins.com\/de\/abonnieren-sie-unsere-newsletter\/"]}]},{"@type":"ImageObject","inLanguage":"de","@id":"https:\/\/www.paysdesecrins.com\/de\/abonnieren-sie-unsere-newsletter\/#primaryimage","url":"https:\/\/www.paysdesecrins.com\/wp-content\/uploads\/2025\/07\/dsc05066.webp","contentUrl":"https:\/\/www.paysdesecrins.com\/wp-content\/uploads\/2025\/07\/dsc05066.webp","width":1536,"height":864},{"@type":"BreadcrumbList","@id":"https:\/\/www.paysdesecrins.com\/de\/abonnieren-sie-unsere-newsletter\/#breadcrumb","itemListElement":[{"@type":"ListItem","position":1,"name":"Accueil","item":"https:\/\/www.paysdesecrins.com\/de\/der-titel-des-hauses\/"},{"@type":"ListItem","position":2,"name":"Abonnieren Sie unsere Newsletter!"}]},{"@type":"WebSite","@id":"https:\/\/www.paysdesecrins.com\/de\/#website","url":"https:\/\/www.paysdesecrins.com\/de\/","name":"Pays des \u00c9crins - Office de Tourisme","description":"L&#039;esprit montagne","publisher":{"@id":"https:\/\/www.paysdesecrins.com\/de\/#organization"},"potentialAction":[{"@type":"SearchAction","target":{"@type":"EntryPoint","urlTemplate":"https:\/\/www.paysdesecrins.com\/de\/?s={search_term_string}"},"query-input":{"@type":"PropertyValueSpecification","valueRequired":true,"valueName":"search_term_string"}}],"inLanguage":"de"},{"@type":"Organization","@id":"https:\/\/www.paysdesecrins.com\/de\/#organization","name":"Pays des \u00c9crins - Office de Tourisme","url":"https:\/\/www.paysdesecrins.com\/de\/","logo":{"@type":"ImageObject","inLanguage":"de","@id":"https:\/\/www.paysdesecrins.com\/de\/#\/schema\/logo\/image\/","url":"https:\/\/www.paysdesecrins.com\/wp-content\/uploads\/2025\/06\/devina-svg-1750845694.svg","contentUrl":"https:\/\/www.paysdesecrins.com\/wp-content\/uploads\/2025\/06\/devina-svg-1750845694.svg","caption":"Pays des \u00c9crins - Office de Tourisme"},"image":{"@id":"https:\/\/www.paysdesecrins.com\/de\/#\/schema\/logo\/image\/"}}]}},"_links":{"self":[{"href":"https:\/\/www.paysdesecrins.com\/de\/wp-json\/wp\/v2\/pages\/45988","targetHints":{"allow":["GET"]}}],"collection":[{"href":"https:\/\/www.paysdesecrins.com\/de\/wp-json\/wp\/v2\/pages"}],"about":[{"href":"https:\/\/www.paysdesecrins.com\/de\/wp-json\/wp\/v2\/types\/page"}],"author":[{"embeddable":true,"href":"https:\/\/www.paysdesecrins.com\/de\/wp-json\/wp\/v2\/users\/1"}],"replies":[{"embeddable":true,"href":"https:\/\/www.paysdesecrins.com\/de\/wp-json\/wp\/v2\/comments?post=45988"}],"version-history":[{"count":0,"href":"https:\/\/www.paysdesecrins.com\/de\/wp-json\/wp\/v2\/pages\/45988\/revisions"}],"wp:featuredmedia":[{"embeddable":true,"href":"https:\/\/www.paysdesecrins.com\/de\/wp-json\/wp\/v2\/media\/41894"}],"wp:attachment":[{"href":"https:\/\/www.paysdesecrins.com\/de\/wp-json\/wp\/v2\/media?parent=45988"}],"curies":[{"name":"wp","href":"https:\/\/api.w.org\/{rel}","templated":true}]}}