{"id":46000,"date":"2025-07-23T15:27:00","date_gmt":"2025-07-23T13:27:00","guid":{"rendered":"https:\/\/www.paysdesecrins.com\/eine-nacht-unter-den-sternen-von-dormillouse\/"},"modified":"2025-08-07T12:13:08","modified_gmt":"2025-08-07T10:13:08","slug":"eine-nacht-unter-den-sternen-von-dormillouse","status":"publish","type":"page","link":"https:\/\/www.paysdesecrins.com\/de\/eine-nacht-unter-den-sternen-von-dormillouse\/","title":{"rendered":"Eine Nacht unter den Sternen von Dormillouse"},"content":{"rendered":"    <div class=\"alignfull wp-block-ws-library-ws-header-interne\">\n\t    <div class=\"header-container\">\n\t        <div class=\"group-media has-image\">\n\t            \t                <img loading=\"lazy\" decoding=\"async\" width=\"1920\" height=\"800\" src=\"https:\/\/www.paysdesecrins.com\/wp-content\/uploads\/2025\/08\/bivouac-a-la-cabane-de-faravel-98-1920x800.jpg\" alt=\"\" class=\"image_large_square wp-image-67721\" \/>\n\t            \t        <\/div>\n\t        <div class=\"group-content\">\n\t            <div class=\"title\">\n\t                <h1>\n\t                    Eine Nacht unter den Sternen von Dormillouse\t                    \t                <\/h1>\n\t            <\/div>\n\t        <\/div>\n\t    <\/div>\n\t    \n<div class=\"yoast-breadcrumbs\"><span><span><a href=\"https:\/\/www.paysdesecrins.com\/de\/der-titel-des-hauses\/\">Accueil<\/a><\/span>  <span class=\"breadcrumb_last\" aria-current=\"page\">Eine Nacht unter den Sternen von Dormillouse<\/span><\/span><\/div>\n    <\/div>\n    \n<div class=\"wp-block-ws-library-ws-title aligncenter is-style-simple\"><h2><em>Mikro-Abenteuer<\/em>Ein magisches Intermezzo im Herzen des Winters<\/h2><\/div>\n\n<p class=\"has-text-align-center\">Dormillouse l\u00e4dt Sie ein, ein zeitloses Erlebnis auf Schneeschuhen oder Skitouren zu erleben. Dieser denkmalgesch\u00fctzte Weiler liegt auf 1.728 m H\u00f6he im Freissini\u00e8res-Tal und ist ideal f\u00fcr ein vollst\u00e4ndiges Eintauchen in einen geschichtstr\u00e4chtigen Ort.   <br\/>Verbringen Sie eine magische Nacht unter dem Sternenhimmel im Herzen des Nationalparks \u00c9crins.<\/p>\n\n<div class=\"wp-block-ws-library-ws-video\"><div class=\"wrapper\"><div class=\"group-media\">\n<figure class=\"wp-block-embed is-type-video is-provider-youtube wp-block-embed-youtube\"><div class=\"wp-block-embed__wrapper\">\n<iframe loading=\"lazy\" title=\"Dormillouse, seul village habit\u00e9 au coeur du Parc national des \u00c9crins\" width=\"500\" height=\"375\" src=\"https:\/\/www.youtube.com\/embed\/OqkueHbaXPA?feature=oembed\" frameborder=\"0\" allow=\"accelerometer; autoplay; clipboard-write; encrypted-media; gyroscope; picture-in-picture; web-share\" referrerpolicy=\"strict-origin-when-cross-origin\" allowfullscreen><\/iframe>\n<\/div><\/figure>\n<\/div><\/div><\/div>\n\n<div class=\"wp-block-ws-library-ws-columns alignwide has-2-columns are-vertically-aligned-center layout-5050 is-style-background\">\n<div class=\"wp-block-ws-library-ws-column\"><div class=\"wrapper\">\n<div class=\"wp-block-ws-library-ws-title\"><h3>Auf die Schneeschuhe oder Tourenski!<\/h3><\/div>\n\n\n\n<p class=\"has-text-align-center\">Entdecken Sie in Begleitung eines F\u00fchrers Dormillouse, den einzigen bewohnten Weiler im Herzen des Nationalparks \u00c9crins, der nur zu Fu\u00df, mit Schneeschuhen oder Skiern erreichbar ist. Eingebettet auf einer H\u00f6he von 1.728 Metern im Freissini\u00e8res-Tal versetzt Sie dieses hochgelegene Dorf aus der Zeit. Lernen Sie unterwegs, die Spuren im Schnee zu lesen und halten Sie die Augen offen: F\u00fcchse, Birkh\u00fchner, G\u00e4msen oder Steinb\u00f6cke k\u00f6nnen Ihren Weg kreuzen.  <\/p>\n<\/div><\/div>\n\n\n\n<div class=\"wp-block-ws-library-ws-column\"><div class=\"wrapper\">\n<div class=\"wp-block-ws-library-ws-image\"><div class=\"wrapper\"><div class=\"group-media\"><img decoding=\"async\" src=\"https:\/\/www.paysdesecrins.com\/wp-content\/uploads\/2025\/08\/paysages-et-ski-autour-de-dormillouse-7-1-853x640.jpg\" alt=\"\" class=\"single_image ws-image-70858\"><div class=\"credits\"><\/div><\/div><p class=\"caption\"><\/p><\/div><\/div>\n<\/div><\/div>\n<\/div>\n\n<div class=\"wp-block-ws-library-ws-title aligncenter\"><h3>Abend in der H\u00fctte<\/h3><\/div>\n\n<p class=\"has-text-align-center\">Sobald Sie angekommen sind, k\u00f6nnen Sie sich in einer der gem\u00fctlichen Unterk\u00fcnfte des Dorfes niederlassen: dem Refuge de l&#8217;Oncle \u00c9mile, dem \u00c9crin de Violette oder der G\u00eete de l&#8217;\u00c9cole. In einer einfachen und authentischen Atmosph\u00e4re genie\u00dfen Sie eine Mahlzeit, die mit biologischen, lokalen und saisonalen Produkten zubereitet wird. Freundliche Atmosph\u00e4re, W\u00e4rme des Ofens, knisterndes Holz&#8230; Alles l\u00e4dt zum Abschalten ein.  <\/p>\n\n<div class=\"wp-block-ws-library-ws-slider alignwide\"><div class=\"splide\" data-splide=\"{\"type\":\"slide\",\"heightRatio\":\"auto\",\"perPage\":4,\"perMove\":1,\"drag\":true,\"pagination\":0,\"autoplay\":false,\"gap\":\"15px\",\"breakpoints\":{\"450\":{\"perPage\":1},\"768\":{\"perPage\":2},\"992\":{\"perPage\":3},\"1200\":{\"perPage\":4}}}\"><div class=\"splide__track\"><div class=\"splide__list\"><div class=\"splide__slide\"><a href=\"https:\/\/www.paysdesecrins.com\/wp-content\/uploads\/2025\/08\/paysages-et-ski-autour-de-dormillouse-42-scaled.jpg\" data-glightbox=\"true\" class=\"lightbox-trigger\"><img decoding=\"async\" src=\"https:\/\/www.paysdesecrins.com\/wp-content\/uploads\/2025\/08\/paysages-et-ski-autour-de-dormillouse-42-400x400.jpg\" alt=\"\"><\/a><\/div><div class=\"splide__slide\"><a href=\"https:\/\/www.paysdesecrins.com\/wp-content\/uploads\/2025\/08\/02-14-2024-refuge-oncle-emile-4-scaled.jpg\" data-glightbox=\"true\" class=\"lightbox-trigger\"><img decoding=\"async\" src=\"https:\/\/www.paysdesecrins.com\/wp-content\/uploads\/2025\/08\/02-14-2024-refuge-oncle-emile-4-400x400.jpg\" alt=\"\"><\/a><\/div><div class=\"splide__slide\"><a href=\"https:\/\/www.paysdesecrins.com\/wp-content\/uploads\/2025\/08\/02-14-2024-refuge-oncle-emile-101-scaled.jpg\" data-glightbox=\"true\" class=\"lightbox-trigger\"><img decoding=\"async\" src=\"https:\/\/www.paysdesecrins.com\/wp-content\/uploads\/2025\/08\/02-14-2024-refuge-oncle-emile-101-400x400.jpg\" alt=\"\"><\/a><\/div><div class=\"splide__slide\"><a href=\"https:\/\/www.paysdesecrins.com\/wp-content\/uploads\/2025\/08\/dormillouse29012024-01-scaled.jpg\" data-glightbox=\"true\" class=\"lightbox-trigger\"><img decoding=\"async\" src=\"https:\/\/www.paysdesecrins.com\/wp-content\/uploads\/2025\/08\/dormillouse29012024-01-400x400.jpg\" alt=\"\"><\/a><\/div><div class=\"splide__slide\"><a href=\"https:\/\/www.paysdesecrins.com\/wp-content\/uploads\/2025\/08\/02-14-2024-refuge-oncle-emile-42-scaled.jpg\" data-glightbox=\"true\" class=\"lightbox-trigger\"><img decoding=\"async\" src=\"https:\/\/www.paysdesecrins.com\/wp-content\/uploads\/2025\/08\/02-14-2024-refuge-oncle-emile-42-400x400.jpg\" alt=\"\"><\/a><\/div><\/div><\/div><\/div><\/div>\n\n<div class=\"wp-block-ws-library-ws-title aligncenter\"><h3>Nachts unter dem Sternenhimmel<\/h3><\/div>\n\n<p class=\"has-text-align-center\">Wenn Stille \u00fcber das Dorf hereinbricht, enth\u00fcllt sich der Himmel: rein, unermesslich, sternenklar. In Dormillouse zu schlafen bedeutet, fernab der Welt einzuschlafen, umh\u00fcllt vom Winter und der Magie der H\u00f6he. Am Morgen verleihen die Schlagstille und das sanfte Licht auf dem Schnee diesem alpinen Intermezzo einen seltenen Beigeschmack: den eines echten Mikroabenteuers.  <\/p>\n\n<div class=\"wp-block-ws-library-ws-share\"><span class=\"share-subtitle\">Hat Ihnen diese Seite gefallen?<\/span><span class=\"share-title\">Teilen Sie es!<\/span><button class=\"ws-share-button wp-element-button\">Diese Seite teilen<\/button><\/div>\n","protected":false},"excerpt":{"rendered":"<p>Dormillouse l\u00e4dt Sie ein, ein zeitloses Erlebnis auf Schneeschuhen oder Skitouren zu erleben. Dieser denkmalgesch\u00fctzte Weiler liegt auf 1.728 m [&hellip;]<\/p>\n","protected":false},"author":4,"featured_media":21585,"parent":0,"menu_order":0,"comment_status":"closed","ping_status":"closed","template":"","meta":{"_thumbnail_id_2":0,"summer_excerpt":"","season":"","station":"","footnotes":""},"class_list":["post-46000","page","type-page","status-publish","has-post-thumbnail","hentry"],"yoast_head":"<!-- This site is optimized with the Yoast SEO plugin v27.3 - https:\/\/yoast.com\/product\/yoast-seo-wordpress\/ -->\n<title>Eine Nacht unter den Sternen von Dormillouse - Pays des \u00c9crins - Office de Tourisme<\/title>\n<meta name=\"robots\" content=\"index, follow, max-snippet:-1, max-image-preview:large, max-video-preview:-1\" \/>\n<link rel=\"canonical\" href=\"https:\/\/www.paysdesecrins.com\/de\/eine-nacht-unter-den-sternen-von-dormillouse\/\" \/>\n<meta property=\"og:locale\" content=\"de_DE\" \/>\n<meta property=\"og:type\" content=\"article\" \/>\n<meta property=\"og:title\" content=\"Eine Nacht unter den Sternen von Dormillouse - Pays des \u00c9crins - Office de Tourisme\" \/>\n<meta property=\"og:description\" content=\"Dormillouse l\u00e4dt Sie ein, ein zeitloses Erlebnis auf Schneeschuhen oder Skitouren zu erleben. Dieser denkmalgesch\u00fctzte Weiler liegt auf 1.728 m [&hellip;]\" \/>\n<meta property=\"og:url\" content=\"https:\/\/www.paysdesecrins.com\/de\/eine-nacht-unter-den-sternen-von-dormillouse\/\" \/>\n<meta property=\"og:site_name\" content=\"Pays des \u00c9crins - Office de Tourisme\" \/>\n<meta property=\"article:modified_time\" content=\"2025-08-07T10:13:08+00:00\" \/>\n<meta property=\"og:image\" content=\"https:\/\/www.paysdesecrins.com\/wp-content\/uploads\/2025\/07\/171ski-rando-bivouac-a-la-cabane-de-faravel-61-scaled.jpg\" \/>\n\t<meta property=\"og:image:width\" content=\"2560\" \/>\n\t<meta property=\"og:image:height\" content=\"1708\" \/>\n\t<meta property=\"og:image:type\" content=\"image\/jpeg\" \/>\n<meta name=\"twitter:card\" content=\"summary_large_image\" \/>\n<meta name=\"twitter:label1\" content=\"Gesch\u00e4tzte Lesezeit\" \/>\n\t<meta name=\"twitter:data1\" content=\"1\u00a0Minute\" \/>\n<script type=\"application\/ld+json\" class=\"yoast-schema-graph\">{\"@context\":\"https:\\\/\\\/schema.org\",\"@graph\":[{\"@type\":\"WebPage\",\"@id\":\"https:\\\/\\\/www.paysdesecrins.com\\\/de\\\/eine-nacht-unter-den-sternen-von-dormillouse\\\/\",\"url\":\"https:\\\/\\\/www.paysdesecrins.com\\\/de\\\/eine-nacht-unter-den-sternen-von-dormillouse\\\/\",\"name\":\"Eine Nacht unter den Sternen von Dormillouse - Pays des \u00c9crins - Office de Tourisme\",\"isPartOf\":{\"@id\":\"https:\\\/\\\/www.paysdesecrins.com\\\/de\\\/#website\"},\"primaryImageOfPage\":{\"@id\":\"https:\\\/\\\/www.paysdesecrins.com\\\/de\\\/eine-nacht-unter-den-sternen-von-dormillouse\\\/#primaryimage\"},\"image\":{\"@id\":\"https:\\\/\\\/www.paysdesecrins.com\\\/de\\\/eine-nacht-unter-den-sternen-von-dormillouse\\\/#primaryimage\"},\"thumbnailUrl\":\"https:\\\/\\\/www.paysdesecrins.com\\\/wp-content\\\/uploads\\\/2025\\\/07\\\/171ski-rando-bivouac-a-la-cabane-de-faravel-61-scaled.jpg\",\"datePublished\":\"2025-07-23T13:27:00+00:00\",\"dateModified\":\"2025-08-07T10:13:08+00:00\",\"breadcrumb\":{\"@id\":\"https:\\\/\\\/www.paysdesecrins.com\\\/de\\\/eine-nacht-unter-den-sternen-von-dormillouse\\\/#breadcrumb\"},\"inLanguage\":\"de\",\"potentialAction\":[{\"@type\":\"ReadAction\",\"target\":[\"https:\\\/\\\/www.paysdesecrins.com\\\/de\\\/eine-nacht-unter-den-sternen-von-dormillouse\\\/\"]}]},{\"@type\":\"ImageObject\",\"inLanguage\":\"de\",\"@id\":\"https:\\\/\\\/www.paysdesecrins.com\\\/de\\\/eine-nacht-unter-den-sternen-von-dormillouse\\\/#primaryimage\",\"url\":\"https:\\\/\\\/www.paysdesecrins.com\\\/wp-content\\\/uploads\\\/2025\\\/07\\\/171ski-rando-bivouac-a-la-cabane-de-faravel-61-scaled.jpg\",\"contentUrl\":\"https:\\\/\\\/www.paysdesecrins.com\\\/wp-content\\\/uploads\\\/2025\\\/07\\\/171ski-rando-bivouac-a-la-cabane-de-faravel-61-scaled.jpg\",\"width\":2560,\"height\":1708},{\"@type\":\"BreadcrumbList\",\"@id\":\"https:\\\/\\\/www.paysdesecrins.com\\\/de\\\/eine-nacht-unter-den-sternen-von-dormillouse\\\/#breadcrumb\",\"itemListElement\":[{\"@type\":\"ListItem\",\"position\":1,\"name\":\"Accueil\",\"item\":\"https:\\\/\\\/www.paysdesecrins.com\\\/de\\\/der-titel-des-hauses\\\/\"},{\"@type\":\"ListItem\",\"position\":2,\"name\":\"Eine Nacht unter den Sternen von Dormillouse\"}]},{\"@type\":\"WebSite\",\"@id\":\"https:\\\/\\\/www.paysdesecrins.com\\\/de\\\/#website\",\"url\":\"https:\\\/\\\/www.paysdesecrins.com\\\/de\\\/\",\"name\":\"Pays des \u00c9crins - Office de Tourisme\",\"description\":\"L&#039;esprit montagne\",\"publisher\":{\"@id\":\"https:\\\/\\\/www.paysdesecrins.com\\\/de\\\/#organization\"},\"potentialAction\":[{\"@type\":\"SearchAction\",\"target\":{\"@type\":\"EntryPoint\",\"urlTemplate\":\"https:\\\/\\\/www.paysdesecrins.com\\\/de\\\/?s={search_term_string}\"},\"query-input\":{\"@type\":\"PropertyValueSpecification\",\"valueRequired\":true,\"valueName\":\"search_term_string\"}}],\"inLanguage\":\"de\"},{\"@type\":\"Organization\",\"@id\":\"https:\\\/\\\/www.paysdesecrins.com\\\/de\\\/#organization\",\"name\":\"Pays des \u00c9crins - Office de Tourisme\",\"url\":\"https:\\\/\\\/www.paysdesecrins.com\\\/de\\\/\",\"logo\":{\"@type\":\"ImageObject\",\"inLanguage\":\"de\",\"@id\":\"https:\\\/\\\/www.paysdesecrins.com\\\/de\\\/#\\\/schema\\\/logo\\\/image\\\/\",\"url\":\"https:\\\/\\\/www.paysdesecrins.com\\\/wp-content\\\/uploads\\\/2025\\\/06\\\/devina-svg-1750845694.svg\",\"contentUrl\":\"https:\\\/\\\/www.paysdesecrins.com\\\/wp-content\\\/uploads\\\/2025\\\/06\\\/devina-svg-1750845694.svg\",\"caption\":\"Pays des \u00c9crins - Office de Tourisme\"},\"image\":{\"@id\":\"https:\\\/\\\/www.paysdesecrins.com\\\/de\\\/#\\\/schema\\\/logo\\\/image\\\/\"}}]}<\/script>\n<!-- \/ Yoast SEO plugin. -->","yoast_head_json":{"title":"Eine Nacht unter den Sternen von Dormillouse - Pays des \u00c9crins - Office de Tourisme","robots":{"index":"index","follow":"follow","max-snippet":"max-snippet:-1","max-image-preview":"max-image-preview:large","max-video-preview":"max-video-preview:-1"},"canonical":"https:\/\/www.paysdesecrins.com\/de\/eine-nacht-unter-den-sternen-von-dormillouse\/","og_locale":"de_DE","og_type":"article","og_title":"Eine Nacht unter den Sternen von Dormillouse - Pays des \u00c9crins - Office de Tourisme","og_description":"Dormillouse l\u00e4dt Sie ein, ein zeitloses Erlebnis auf Schneeschuhen oder Skitouren zu erleben. Dieser denkmalgesch\u00fctzte Weiler liegt auf 1.728 m [&hellip;]","og_url":"https:\/\/www.paysdesecrins.com\/de\/eine-nacht-unter-den-sternen-von-dormillouse\/","og_site_name":"Pays des \u00c9crins - Office de Tourisme","article_modified_time":"2025-08-07T10:13:08+00:00","og_image":[{"width":2560,"height":1708,"url":"https:\/\/www.paysdesecrins.com\/wp-content\/uploads\/2025\/07\/171ski-rando-bivouac-a-la-cabane-de-faravel-61-scaled.jpg","type":"image\/jpeg"}],"twitter_card":"summary_large_image","twitter_misc":{"Gesch\u00e4tzte Lesezeit":"1\u00a0Minute"},"schema":{"@context":"https:\/\/schema.org","@graph":[{"@type":"WebPage","@id":"https:\/\/www.paysdesecrins.com\/de\/eine-nacht-unter-den-sternen-von-dormillouse\/","url":"https:\/\/www.paysdesecrins.com\/de\/eine-nacht-unter-den-sternen-von-dormillouse\/","name":"Eine Nacht unter den Sternen von Dormillouse - Pays des \u00c9crins - Office de Tourisme","isPartOf":{"@id":"https:\/\/www.paysdesecrins.com\/de\/#website"},"primaryImageOfPage":{"@id":"https:\/\/www.paysdesecrins.com\/de\/eine-nacht-unter-den-sternen-von-dormillouse\/#primaryimage"},"image":{"@id":"https:\/\/www.paysdesecrins.com\/de\/eine-nacht-unter-den-sternen-von-dormillouse\/#primaryimage"},"thumbnailUrl":"https:\/\/www.paysdesecrins.com\/wp-content\/uploads\/2025\/07\/171ski-rando-bivouac-a-la-cabane-de-faravel-61-scaled.jpg","datePublished":"2025-07-23T13:27:00+00:00","dateModified":"2025-08-07T10:13:08+00:00","breadcrumb":{"@id":"https:\/\/www.paysdesecrins.com\/de\/eine-nacht-unter-den-sternen-von-dormillouse\/#breadcrumb"},"inLanguage":"de","potentialAction":[{"@type":"ReadAction","target":["https:\/\/www.paysdesecrins.com\/de\/eine-nacht-unter-den-sternen-von-dormillouse\/"]}]},{"@type":"ImageObject","inLanguage":"de","@id":"https:\/\/www.paysdesecrins.com\/de\/eine-nacht-unter-den-sternen-von-dormillouse\/#primaryimage","url":"https:\/\/www.paysdesecrins.com\/wp-content\/uploads\/2025\/07\/171ski-rando-bivouac-a-la-cabane-de-faravel-61-scaled.jpg","contentUrl":"https:\/\/www.paysdesecrins.com\/wp-content\/uploads\/2025\/07\/171ski-rando-bivouac-a-la-cabane-de-faravel-61-scaled.jpg","width":2560,"height":1708},{"@type":"BreadcrumbList","@id":"https:\/\/www.paysdesecrins.com\/de\/eine-nacht-unter-den-sternen-von-dormillouse\/#breadcrumb","itemListElement":[{"@type":"ListItem","position":1,"name":"Accueil","item":"https:\/\/www.paysdesecrins.com\/de\/der-titel-des-hauses\/"},{"@type":"ListItem","position":2,"name":"Eine Nacht unter den Sternen von Dormillouse"}]},{"@type":"WebSite","@id":"https:\/\/www.paysdesecrins.com\/de\/#website","url":"https:\/\/www.paysdesecrins.com\/de\/","name":"Pays des \u00c9crins - Office de Tourisme","description":"L&#039;esprit montagne","publisher":{"@id":"https:\/\/www.paysdesecrins.com\/de\/#organization"},"potentialAction":[{"@type":"SearchAction","target":{"@type":"EntryPoint","urlTemplate":"https:\/\/www.paysdesecrins.com\/de\/?s={search_term_string}"},"query-input":{"@type":"PropertyValueSpecification","valueRequired":true,"valueName":"search_term_string"}}],"inLanguage":"de"},{"@type":"Organization","@id":"https:\/\/www.paysdesecrins.com\/de\/#organization","name":"Pays des \u00c9crins - Office de Tourisme","url":"https:\/\/www.paysdesecrins.com\/de\/","logo":{"@type":"ImageObject","inLanguage":"de","@id":"https:\/\/www.paysdesecrins.com\/de\/#\/schema\/logo\/image\/","url":"https:\/\/www.paysdesecrins.com\/wp-content\/uploads\/2025\/06\/devina-svg-1750845694.svg","contentUrl":"https:\/\/www.paysdesecrins.com\/wp-content\/uploads\/2025\/06\/devina-svg-1750845694.svg","caption":"Pays des \u00c9crins - Office de Tourisme"},"image":{"@id":"https:\/\/www.paysdesecrins.com\/de\/#\/schema\/logo\/image\/"}}]}},"_links":{"self":[{"href":"https:\/\/www.paysdesecrins.com\/de\/wp-json\/wp\/v2\/pages\/46000","targetHints":{"allow":["GET"]}}],"collection":[{"href":"https:\/\/www.paysdesecrins.com\/de\/wp-json\/wp\/v2\/pages"}],"about":[{"href":"https:\/\/www.paysdesecrins.com\/de\/wp-json\/wp\/v2\/types\/page"}],"author":[{"embeddable":true,"href":"https:\/\/www.paysdesecrins.com\/de\/wp-json\/wp\/v2\/users\/4"}],"replies":[{"embeddable":true,"href":"https:\/\/www.paysdesecrins.com\/de\/wp-json\/wp\/v2\/comments?post=46000"}],"version-history":[{"count":0,"href":"https:\/\/www.paysdesecrins.com\/de\/wp-json\/wp\/v2\/pages\/46000\/revisions"}],"wp:featuredmedia":[{"embeddable":true,"href":"https:\/\/www.paysdesecrins.com\/de\/wp-json\/wp\/v2\/media\/21585"}],"wp:attachment":[{"href":"https:\/\/www.paysdesecrins.com\/de\/wp-json\/wp\/v2\/media?parent=46000"}],"curies":[{"name":"wp","href":"https:\/\/api.w.org\/{rel}","templated":true}]}}