{"id":46012,"date":"2025-07-23T15:23:04","date_gmt":"2025-07-23T13:23:04","guid":{"rendered":"https:\/\/www.paysdesecrins.com\/sind-sie-gespannt-auf-ein-polarabenteuer\/"},"modified":"2025-08-07T15:08:53","modified_gmt":"2025-08-07T13:08:53","slug":"sind-sie-gespannt-auf-ein-polarabenteuer","status":"publish","type":"page","link":"https:\/\/www.paysdesecrins.com\/de\/sind-sie-gespannt-auf-ein-polarabenteuer\/","title":{"rendered":"Sind Sie gespannt auf ein Polarabenteuer?"},"content":{"rendered":"    <div class=\"alignfull wp-block-ws-library-ws-header-interne\">\n\t    <div class=\"header-container\">\n\t        <div class=\"group-media has-image\">\n\t            \t                <img loading=\"lazy\" decoding=\"async\" width=\"1920\" height=\"800\" src=\"https:\/\/www.paysdesecrins.com\/wp-content\/uploads\/2025\/08\/itine-rance-en-raquettes-23-1920x800.jpg\" alt=\"\" class=\"image_large_square wp-image-64585\" \/>\n\t            \t        <\/div>\n\t        <div class=\"group-content\">\n\t            <div class=\"title\">\n\t                <h1>\n\t                    Sind Sie gespannt auf ein Polarabenteuer?\t                    \t                <\/h1>\n\t            <\/div>\n\t        <\/div>\n\t    <\/div>\n\t    \n<div class=\"yoast-breadcrumbs\"><span><span><a href=\"https:\/\/www.paysdesecrins.com\/de\/der-titel-des-hauses\/\">Accueil<\/a><\/span>  <span class=\"breadcrumb_last\" aria-current=\"page\">Sind Sie gespannt auf ein Polarabenteuer?<\/span><\/span><\/div>\n    <\/div>\n    \n<div class=\"wp-block-ws-library-ws-title aligncenter is-style-simple\"><h2><em>Mikro-Abenteuer<\/em><br>Winter mal anders in den \u00c9crins<\/h2><\/div>\n\n<p class=\"has-text-align-center\">Im Herzen des Pays des \u00c9crins bieten wir Ihnen einen einzigartigen Aufenthalt rund um ein Polarabenteuer. Eine Mischung aus Authentizit\u00e4t, au\u00dfergew\u00f6hnlichen Begegnungen und unvergesslichen Erinnerungen, es ist die Garantie, 2 Tage und 3 einzigartige N\u00e4chte am Fu\u00dfe des Nationalparks \u00c9crins zu verbringen.   <\/p>\n\n<div class=\"wp-block-ws-library-ws-columns alignwide has-2-columns are-vertically-aligned-center layout-5050 is-style-background\">\n<div class=\"wp-block-ws-library-ws-column\"><div class=\"wrapper\">\n<div class=\"wp-block-ws-library-ws-title\"><h3>Auf den Spuren der Trapper, im Winter&#8230;<\/h3><\/div>\n\n\n\n<p class=\"has-text-align-left\">F\u00fcr einen Tag und einen Abend in die Schuhe eines Trappers zu schl\u00fcpfen, ist genau das, was wir Sie w\u00e4hrend dieses Mikroabenteuers erleben lassen. Beobachten Sie die friedliche und wilde Natur, die Sie umgibt. Lerne, mit dem zu leben, was es dir bietet, in dieser Umgebung in v\u00f6lliger Symbiose zu sein. Vollst\u00e4ndiges Eintauchen in das Leben des Fallenstellers bedeutet, Feuer- und Tierverfolgungstechniken zu entdecken. Zur\u00fcck zu den Wurzeln und grenzenlose Flucht werden die Schl\u00fcsselw\u00f6rter dieses ersten Tages im Pays des \u00c9crins sein.      <\/p>\n<\/div><\/div>\n\n\n\n<div class=\"wp-block-ws-library-ws-column\"><div class=\"wrapper\">\n<div class=\"wp-block-ws-library-ws-image\"><div class=\"wrapper\"><div class=\"group-media\"><img decoding=\"async\" src=\"https:\/\/www.paysdesecrins.com\/wp-content\/uploads\/2025\/08\/vallon-de-celse-niere-chamois-et-paysages-23-960x640.jpg\" alt=\"\" class=\"single_image ws-image-64615\"><div class=\"credits\"><\/div><\/div><p class=\"caption\"><\/p><\/div><\/div>\n<\/div><\/div>\n<\/div>\n\n<div class=\"wp-block-ws-library-ws-title aligncenter\"><h3>Von Spuren zu Sternbildern<\/h3><\/div>\n\n<p class=\"has-text-align-center\">Zwischen W\u00e4ldern und Bergweiden, Langlaufskiern oder Schneeschuhen an den F\u00fc\u00dfen erkunden Sie ein weitl\u00e4ufiges Plateau mit Blick auf den majest\u00e4tischen Mont Pelvoux (3.943 m). Mit etwas Gl\u00fcck k\u00f6nnen Sie die G\u00e4msen beobachten, diese diskreten Akrobaten der Pisten, die bewaldete und pastorale Gebiete zwischen 800 und 2.300 m \u00fcber dem Meeresspiegel m\u00f6gen. Nach diesem Eintauchen in die Natur geht es am Abend unter einem Tipi weiter f\u00fcr ein unvergessliches Fondue mitten in den Bergen, bevor es zu einer Nachtwanderung aufbricht. Unter dem Himmelsgew\u00f6lbe lernen Sie, den Himmel zu lesen und die Sterne zu entdecken: ein magisches Intermezzo, um das Abenteuer mit Sternen in den Augen zu beenden.   <\/p>\n\n<div class=\"wp-block-ws-library-ws-slider alignwide\"><div class=\"splide\" data-splide=\"{\"type\":\"slide\",\"heightRatio\":\"auto\",\"perPage\":4,\"perMove\":1,\"drag\":true,\"pagination\":0,\"autoplay\":false,\"gap\":\"15px\",\"breakpoints\":{\"450\":{\"perPage\":1},\"768\":{\"perPage\":2},\"992\":{\"perPage\":3},\"1200\":{\"perPage\":4}}}\"><div class=\"splide__track\"><div class=\"splide__list\"><div class=\"splide__slide\"><a href=\"https:\/\/www.paysdesecrins.com\/wp-content\/uploads\/2025\/08\/11micro-aventure-famille-07-09-24-soiree-astronomie-52-scaled.jpg\" data-glightbox=\"true\" class=\"lightbox-trigger\"><img decoding=\"async\" src=\"https:\/\/www.paysdesecrins.com\/wp-content\/uploads\/2025\/08\/11micro-aventure-famille-07-09-24-soiree-astronomie-52-400x400.jpg\" alt=\"\"><\/a><\/div><div class=\"splide__slide\"><a href=\"https:\/\/www.paysdesecrins.com\/wp-content\/uploads\/2025\/08\/sortie-chamois-en-raquette-2-scaled.jpg\" data-glightbox=\"true\" class=\"lightbox-trigger\"><img decoding=\"async\" src=\"https:\/\/www.paysdesecrins.com\/wp-content\/uploads\/2025\/08\/sortie-chamois-en-raquette-2-400x400.jpg\" alt=\"\"><\/a><\/div><div class=\"splide__slide\"><a href=\"https:\/\/www.paysdesecrins.com\/wp-content\/uploads\/2025\/08\/img-0155-1-scaled.jpg\" data-glightbox=\"true\" class=\"lightbox-trigger\"><img decoding=\"async\" src=\"https:\/\/www.paysdesecrins.com\/wp-content\/uploads\/2025\/08\/img-0155-1-400x400.jpg\" alt=\"\"><\/a><\/div><div class=\"splide__slide\"><a href=\"https:\/\/www.paysdesecrins.com\/wp-content\/uploads\/2025\/08\/itine-rance-en-raquettes-17-scaled.jpg\" data-glightbox=\"true\" class=\"lightbox-trigger\"><img decoding=\"async\" src=\"https:\/\/www.paysdesecrins.com\/wp-content\/uploads\/2025\/08\/itine-rance-en-raquettes-17-400x400.jpg\" alt=\"\"><\/a><\/div><\/div><\/div><\/div><\/div>\n\n<div class=\"wp-block-ws-library-ws-title aligncenter\"><h3>Die kleinen Extras des Abenteuers<\/h3><\/div>\n\n<p class=\"has-text-align-center\">Besuchen Sie das Iglu Pelvoo, Hundeschlittenfahrten, Skifahren in Pelvoux-Vallouise oder Puy Saint Vincent, warmes und kaltes nordisches Eintauchen&#8230; So viele Aktivit\u00e4ten, um den Winter auf eine andere Art und Weise zu erleben.<br\/>Und nach der Anstrengung? Machen Sie Platz f\u00fcr Komfort mit Sauna, Hammam, Whirlpool oder Wellness-Massage.<br\/>Wir k\u00fcmmern uns um alles: schl\u00fcsselfertigen Aufenthalt, Information und Buchung im Tourismusb\u00fcro.  <\/p>\n\n<div class=\"wp-block-ws-library-ws-share\"><span class=\"share-subtitle\">Hat Ihnen diese Seite gefallen?<\/span><span class=\"share-title\">Teilen Sie es!<\/span><button class=\"ws-share-button wp-element-button\">Diese Seite teilen<\/button><\/div>\n","protected":false},"excerpt":{"rendered":"<p>Im Herzen des Pays des \u00c9crins bieten wir Ihnen einen einzigartigen Aufenthalt rund um ein Polarabenteuer. Eine Mischung aus Authentizit\u00e4t, [&hellip;]<\/p>\n","protected":false},"author":4,"featured_media":64588,"parent":0,"menu_order":0,"comment_status":"closed","ping_status":"closed","template":"","meta":{"_thumbnail_id_2":0,"summer_excerpt":"","season":"","station":"","footnotes":""},"class_list":["post-46012","page","type-page","status-publish","has-post-thumbnail","hentry"],"yoast_head":"<!-- This site is optimized with the Yoast SEO plugin v27.3 - https:\/\/yoast.com\/product\/yoast-seo-wordpress\/ -->\n<title>Sind Sie gespannt auf ein Polarabenteuer? - Pays des \u00c9crins - Office de Tourisme<\/title>\n<meta name=\"robots\" content=\"index, follow, max-snippet:-1, max-image-preview:large, max-video-preview:-1\" \/>\n<link rel=\"canonical\" href=\"https:\/\/www.paysdesecrins.com\/de\/sind-sie-gespannt-auf-ein-polarabenteuer\/\" \/>\n<meta property=\"og:locale\" content=\"de_DE\" \/>\n<meta property=\"og:type\" content=\"article\" \/>\n<meta property=\"og:title\" content=\"Sind Sie gespannt auf ein Polarabenteuer? - Pays des \u00c9crins - Office de Tourisme\" \/>\n<meta property=\"og:description\" content=\"Im Herzen des Pays des \u00c9crins bieten wir Ihnen einen einzigartigen Aufenthalt rund um ein Polarabenteuer. Eine Mischung aus Authentizit\u00e4t, [&hellip;]\" \/>\n<meta property=\"og:url\" content=\"https:\/\/www.paysdesecrins.com\/de\/sind-sie-gespannt-auf-ein-polarabenteuer\/\" \/>\n<meta property=\"og:site_name\" content=\"Pays des \u00c9crins - Office de Tourisme\" \/>\n<meta property=\"article:modified_time\" content=\"2025-08-07T13:08:53+00:00\" \/>\n<meta property=\"og:image\" content=\"https:\/\/www.paysdesecrins.com\/wp-content\/uploads\/2025\/08\/itine-rance-en-raquettes-23-scaled.jpg\" \/>\n\t<meta property=\"og:image:width\" content=\"2560\" \/>\n\t<meta property=\"og:image:height\" content=\"1708\" \/>\n\t<meta property=\"og:image:type\" content=\"image\/jpeg\" \/>\n<meta name=\"twitter:card\" content=\"summary_large_image\" \/>\n<meta name=\"twitter:label1\" content=\"Gesch\u00e4tzte Lesezeit\" \/>\n\t<meta name=\"twitter:data1\" content=\"2 Minuten\" \/>\n<script type=\"application\/ld+json\" class=\"yoast-schema-graph\">{\"@context\":\"https:\\\/\\\/schema.org\",\"@graph\":[{\"@type\":\"WebPage\",\"@id\":\"https:\\\/\\\/www.paysdesecrins.com\\\/de\\\/sind-sie-gespannt-auf-ein-polarabenteuer\\\/\",\"url\":\"https:\\\/\\\/www.paysdesecrins.com\\\/de\\\/sind-sie-gespannt-auf-ein-polarabenteuer\\\/\",\"name\":\"Sind Sie gespannt auf ein Polarabenteuer? - Pays des \u00c9crins - Office de Tourisme\",\"isPartOf\":{\"@id\":\"https:\\\/\\\/www.paysdesecrins.com\\\/de\\\/#website\"},\"primaryImageOfPage\":{\"@id\":\"https:\\\/\\\/www.paysdesecrins.com\\\/de\\\/sind-sie-gespannt-auf-ein-polarabenteuer\\\/#primaryimage\"},\"image\":{\"@id\":\"https:\\\/\\\/www.paysdesecrins.com\\\/de\\\/sind-sie-gespannt-auf-ein-polarabenteuer\\\/#primaryimage\"},\"thumbnailUrl\":\"https:\\\/\\\/www.paysdesecrins.com\\\/wp-content\\\/uploads\\\/2025\\\/08\\\/itine-rance-en-raquettes-23-scaled.jpg\",\"datePublished\":\"2025-07-23T13:23:04+00:00\",\"dateModified\":\"2025-08-07T13:08:53+00:00\",\"breadcrumb\":{\"@id\":\"https:\\\/\\\/www.paysdesecrins.com\\\/de\\\/sind-sie-gespannt-auf-ein-polarabenteuer\\\/#breadcrumb\"},\"inLanguage\":\"de\",\"potentialAction\":[{\"@type\":\"ReadAction\",\"target\":[\"https:\\\/\\\/www.paysdesecrins.com\\\/de\\\/sind-sie-gespannt-auf-ein-polarabenteuer\\\/\"]}]},{\"@type\":\"ImageObject\",\"inLanguage\":\"de\",\"@id\":\"https:\\\/\\\/www.paysdesecrins.com\\\/de\\\/sind-sie-gespannt-auf-ein-polarabenteuer\\\/#primaryimage\",\"url\":\"https:\\\/\\\/www.paysdesecrins.com\\\/wp-content\\\/uploads\\\/2025\\\/08\\\/itine-rance-en-raquettes-23-scaled.jpg\",\"contentUrl\":\"https:\\\/\\\/www.paysdesecrins.com\\\/wp-content\\\/uploads\\\/2025\\\/08\\\/itine-rance-en-raquettes-23-scaled.jpg\",\"width\":2560,\"height\":1708},{\"@type\":\"BreadcrumbList\",\"@id\":\"https:\\\/\\\/www.paysdesecrins.com\\\/de\\\/sind-sie-gespannt-auf-ein-polarabenteuer\\\/#breadcrumb\",\"itemListElement\":[{\"@type\":\"ListItem\",\"position\":1,\"name\":\"Accueil\",\"item\":\"https:\\\/\\\/www.paysdesecrins.com\\\/de\\\/der-titel-des-hauses\\\/\"},{\"@type\":\"ListItem\",\"position\":2,\"name\":\"Sind Sie gespannt auf ein Polarabenteuer?\"}]},{\"@type\":\"WebSite\",\"@id\":\"https:\\\/\\\/www.paysdesecrins.com\\\/de\\\/#website\",\"url\":\"https:\\\/\\\/www.paysdesecrins.com\\\/de\\\/\",\"name\":\"Pays des \u00c9crins - Office de Tourisme\",\"description\":\"L&#039;esprit montagne\",\"publisher\":{\"@id\":\"https:\\\/\\\/www.paysdesecrins.com\\\/de\\\/#organization\"},\"potentialAction\":[{\"@type\":\"SearchAction\",\"target\":{\"@type\":\"EntryPoint\",\"urlTemplate\":\"https:\\\/\\\/www.paysdesecrins.com\\\/de\\\/?s={search_term_string}\"},\"query-input\":{\"@type\":\"PropertyValueSpecification\",\"valueRequired\":true,\"valueName\":\"search_term_string\"}}],\"inLanguage\":\"de\"},{\"@type\":\"Organization\",\"@id\":\"https:\\\/\\\/www.paysdesecrins.com\\\/de\\\/#organization\",\"name\":\"Pays des \u00c9crins - Office de Tourisme\",\"url\":\"https:\\\/\\\/www.paysdesecrins.com\\\/de\\\/\",\"logo\":{\"@type\":\"ImageObject\",\"inLanguage\":\"de\",\"@id\":\"https:\\\/\\\/www.paysdesecrins.com\\\/de\\\/#\\\/schema\\\/logo\\\/image\\\/\",\"url\":\"https:\\\/\\\/www.paysdesecrins.com\\\/wp-content\\\/uploads\\\/2025\\\/06\\\/devina-svg-1750845694.svg\",\"contentUrl\":\"https:\\\/\\\/www.paysdesecrins.com\\\/wp-content\\\/uploads\\\/2025\\\/06\\\/devina-svg-1750845694.svg\",\"caption\":\"Pays des \u00c9crins - Office de Tourisme\"},\"image\":{\"@id\":\"https:\\\/\\\/www.paysdesecrins.com\\\/de\\\/#\\\/schema\\\/logo\\\/image\\\/\"}}]}<\/script>\n<!-- \/ Yoast SEO plugin. -->","yoast_head_json":{"title":"Sind Sie gespannt auf ein Polarabenteuer? - Pays des \u00c9crins - Office de Tourisme","robots":{"index":"index","follow":"follow","max-snippet":"max-snippet:-1","max-image-preview":"max-image-preview:large","max-video-preview":"max-video-preview:-1"},"canonical":"https:\/\/www.paysdesecrins.com\/de\/sind-sie-gespannt-auf-ein-polarabenteuer\/","og_locale":"de_DE","og_type":"article","og_title":"Sind Sie gespannt auf ein Polarabenteuer? - Pays des \u00c9crins - Office de Tourisme","og_description":"Im Herzen des Pays des \u00c9crins bieten wir Ihnen einen einzigartigen Aufenthalt rund um ein Polarabenteuer. Eine Mischung aus Authentizit\u00e4t, [&hellip;]","og_url":"https:\/\/www.paysdesecrins.com\/de\/sind-sie-gespannt-auf-ein-polarabenteuer\/","og_site_name":"Pays des \u00c9crins - Office de Tourisme","article_modified_time":"2025-08-07T13:08:53+00:00","og_image":[{"width":2560,"height":1708,"url":"https:\/\/www.paysdesecrins.com\/wp-content\/uploads\/2025\/08\/itine-rance-en-raquettes-23-scaled.jpg","type":"image\/jpeg"}],"twitter_card":"summary_large_image","twitter_misc":{"Gesch\u00e4tzte Lesezeit":"2 Minuten"},"schema":{"@context":"https:\/\/schema.org","@graph":[{"@type":"WebPage","@id":"https:\/\/www.paysdesecrins.com\/de\/sind-sie-gespannt-auf-ein-polarabenteuer\/","url":"https:\/\/www.paysdesecrins.com\/de\/sind-sie-gespannt-auf-ein-polarabenteuer\/","name":"Sind Sie gespannt auf ein Polarabenteuer? - Pays des \u00c9crins - Office de Tourisme","isPartOf":{"@id":"https:\/\/www.paysdesecrins.com\/de\/#website"},"primaryImageOfPage":{"@id":"https:\/\/www.paysdesecrins.com\/de\/sind-sie-gespannt-auf-ein-polarabenteuer\/#primaryimage"},"image":{"@id":"https:\/\/www.paysdesecrins.com\/de\/sind-sie-gespannt-auf-ein-polarabenteuer\/#primaryimage"},"thumbnailUrl":"https:\/\/www.paysdesecrins.com\/wp-content\/uploads\/2025\/08\/itine-rance-en-raquettes-23-scaled.jpg","datePublished":"2025-07-23T13:23:04+00:00","dateModified":"2025-08-07T13:08:53+00:00","breadcrumb":{"@id":"https:\/\/www.paysdesecrins.com\/de\/sind-sie-gespannt-auf-ein-polarabenteuer\/#breadcrumb"},"inLanguage":"de","potentialAction":[{"@type":"ReadAction","target":["https:\/\/www.paysdesecrins.com\/de\/sind-sie-gespannt-auf-ein-polarabenteuer\/"]}]},{"@type":"ImageObject","inLanguage":"de","@id":"https:\/\/www.paysdesecrins.com\/de\/sind-sie-gespannt-auf-ein-polarabenteuer\/#primaryimage","url":"https:\/\/www.paysdesecrins.com\/wp-content\/uploads\/2025\/08\/itine-rance-en-raquettes-23-scaled.jpg","contentUrl":"https:\/\/www.paysdesecrins.com\/wp-content\/uploads\/2025\/08\/itine-rance-en-raquettes-23-scaled.jpg","width":2560,"height":1708},{"@type":"BreadcrumbList","@id":"https:\/\/www.paysdesecrins.com\/de\/sind-sie-gespannt-auf-ein-polarabenteuer\/#breadcrumb","itemListElement":[{"@type":"ListItem","position":1,"name":"Accueil","item":"https:\/\/www.paysdesecrins.com\/de\/der-titel-des-hauses\/"},{"@type":"ListItem","position":2,"name":"Sind Sie gespannt auf ein Polarabenteuer?"}]},{"@type":"WebSite","@id":"https:\/\/www.paysdesecrins.com\/de\/#website","url":"https:\/\/www.paysdesecrins.com\/de\/","name":"Pays des \u00c9crins - Office de Tourisme","description":"L&#039;esprit montagne","publisher":{"@id":"https:\/\/www.paysdesecrins.com\/de\/#organization"},"potentialAction":[{"@type":"SearchAction","target":{"@type":"EntryPoint","urlTemplate":"https:\/\/www.paysdesecrins.com\/de\/?s={search_term_string}"},"query-input":{"@type":"PropertyValueSpecification","valueRequired":true,"valueName":"search_term_string"}}],"inLanguage":"de"},{"@type":"Organization","@id":"https:\/\/www.paysdesecrins.com\/de\/#organization","name":"Pays des \u00c9crins - Office de Tourisme","url":"https:\/\/www.paysdesecrins.com\/de\/","logo":{"@type":"ImageObject","inLanguage":"de","@id":"https:\/\/www.paysdesecrins.com\/de\/#\/schema\/logo\/image\/","url":"https:\/\/www.paysdesecrins.com\/wp-content\/uploads\/2025\/06\/devina-svg-1750845694.svg","contentUrl":"https:\/\/www.paysdesecrins.com\/wp-content\/uploads\/2025\/06\/devina-svg-1750845694.svg","caption":"Pays des \u00c9crins - Office de Tourisme"},"image":{"@id":"https:\/\/www.paysdesecrins.com\/de\/#\/schema\/logo\/image\/"}}]}},"_links":{"self":[{"href":"https:\/\/www.paysdesecrins.com\/de\/wp-json\/wp\/v2\/pages\/46012","targetHints":{"allow":["GET"]}}],"collection":[{"href":"https:\/\/www.paysdesecrins.com\/de\/wp-json\/wp\/v2\/pages"}],"about":[{"href":"https:\/\/www.paysdesecrins.com\/de\/wp-json\/wp\/v2\/types\/page"}],"author":[{"embeddable":true,"href":"https:\/\/www.paysdesecrins.com\/de\/wp-json\/wp\/v2\/users\/4"}],"replies":[{"embeddable":true,"href":"https:\/\/www.paysdesecrins.com\/de\/wp-json\/wp\/v2\/comments?post=46012"}],"version-history":[{"count":0,"href":"https:\/\/www.paysdesecrins.com\/de\/wp-json\/wp\/v2\/pages\/46012\/revisions"}],"wp:featuredmedia":[{"embeddable":true,"href":"https:\/\/www.paysdesecrins.com\/de\/wp-json\/wp\/v2\/media\/64588"}],"wp:attachment":[{"href":"https:\/\/www.paysdesecrins.com\/de\/wp-json\/wp\/v2\/media?parent=46012"}],"curies":[{"name":"wp","href":"https:\/\/api.w.org\/{rel}","templated":true}]}}