{"id":46016,"date":"2025-07-23T15:22:25","date_gmt":"2025-07-23T13:22:25","guid":{"rendered":"https:\/\/www.paysdesecrins.com\/skitouren-in-pelvoux-vallouise\/"},"modified":"2025-08-08T14:18:40","modified_gmt":"2025-08-08T12:18:40","slug":"skitouren-in-pelvoux-vallouise","status":"publish","type":"page","link":"https:\/\/www.paysdesecrins.com\/de\/skitouren-in-pelvoux-vallouise\/","title":{"rendered":"Skitouren in Pelvoux-Vallouise"},"content":{"rendered":"    <div class=\"alignfull wp-block-ws-library-ws-header-interne\">\n\t    <div class=\"header-container\">\n\t        <div class=\"group-media has-image\">\n\t            \t                <img loading=\"lazy\" decoding=\"async\" width=\"1920\" height=\"800\" src=\"https:\/\/www.paysdesecrins.com\/wp-content\/uploads\/2025\/07\/bivouac-a-su-sommet-de-la-blanche-5-1920x800.jpg\" alt=\"\" class=\"image_large_square wp-image-44994\" \/>\n\t            \t        <\/div>\n\t        <div class=\"group-content\">\n\t            <div class=\"title\">\n\t                <h1>\n\t                    Skitouren in Pelvoux-Vallouise\t                    \t                <\/h1>\n\t            <\/div>\n\t        <\/div>\n\t    <\/div>\n\t    \n<div class=\"yoast-breadcrumbs\"><span><span><a href=\"https:\/\/www.paysdesecrins.com\/de\/der-titel-des-hauses\/\">Accueil<\/a><\/span>  <span class=\"breadcrumb_last\" aria-current=\"page\">Skitouren in Pelvoux-Vallouise<\/span><\/span><\/div>\n    <\/div>\n    \n<div class=\"wp-block-ws-library-ws-title aligncenter is-style-simple\"><h2><em>Pelvoux-Vallouise<\/em>Express-Gipfel von den Liften<\/h2><\/div>\n\n<p class=\"has-text-align-center\">Schnell und gut gemacht: In Pelvoux-Vallouise beginnt das Skitourengehen&#8230; auf dem Bahnhof. Dank der Lifte gewinnt man von Anfang an an H\u00f6he, dann verl\u00e4sst man den markierten Bereich, um das gro\u00dfe Wei\u00df mit Blick auf den Mont Pelvoux zu verfolgen. Ein idealer Ausgangspunkt f\u00fcr die Routen des Massivs, mit der M\u00f6glichkeit, sanft voranzukommen oder einen sch\u00f6nen Gipfel anzustreben.  <\/p>\n\n<div class=\"wp-block-ws-library-ws-columns alignwide has-2-columns are-vertically-aligned-center layout-5050 is-style-background\">\n<div class=\"wp-block-ws-library-ws-column\"><div class=\"wrapper\">\n<div class=\"wp-block-ws-library-ws-title\"><h3>Warum Pelvoux-Vallouise?<\/h3><\/div>\n\n\n\n<ul class=\"wp-block-list\">\n<li><strong>Express-Zugang<\/strong> : Wanderpass \/ Aufstieg mit dem Sessellift zum Gipfel des Gebiets, um direkt in der H\u00f6he anzugreifen.<\/li>\n\n\n\n<li><strong>Markierte Route f\u00fcr Anf\u00e4nger<\/strong> : Das Skigebiet bietet eine Skitourenroute mit der Bezeichnung FFME an \u2013 perfekt zum Erlernen der Grundlagen oder zum Aufw\u00e4rmen, bevor es losgeht.<\/li>\n\n\n\n<li><strong>Der Wei\u00dfe, der gro\u00dfe Klassiker<\/strong> : Vom oberen Ende des Gebiets aus ist diese Hauptroute mit dem Sessellift Cr\u00eate, einer lokalen Referenz, schnell erreichbar.<\/li>\n<\/ul>\n\n\n\n<div class=\"wp-block-ws-library-ws-button has-text-align-left is-style-outline\"><a href=\"https:\/\/www.ski-pelvoux.com\" class=\"wp-block-button__link wp-element-button btn\">  Wanderpakete<\/a><\/div>\n<\/div><\/div>\n\n\n\n<div class=\"wp-block-ws-library-ws-column\"><div class=\"wrapper\">\n<div class=\"wp-block-ws-library-ws-image\"><div class=\"wrapper\"><div class=\"group-media\"><img decoding=\"async\" src=\"https:\/\/www.paysdesecrins.com\/wp-content\/uploads\/2025\/08\/bivouac-a-su-sommet-de-la-blanche-32-960x540.jpg\" alt=\"\" class=\"single_image ws-image-72729\"><div class=\"credits\"><\/div><\/div><p class=\"caption\"><\/p><\/div><\/div>\n<\/div><\/div>\n<\/div>\n\n<div class=\"wp-block-ws-library-ws-title aligncenter\"><h3>La Blanche auf Skitouren<\/h3><\/div>\n\n<p class=\"has-text-align-center\">Von der Bergstation der Lifte Pelvoux-Vallouise (Sessellift Cr\u00eate) beginnt das Blanche-Rennen mit einem ruhigen Anstieg oberhalb des Resorts, dann folgt es einem manchmal spitz zulaufenden Grat, der zwischen Passagen am Rand und weiten T\u00e4lern wechselt, bevor er in einen steileren Hang m\u00fcndet, der zum Gipfel (2.953 m) f\u00fchrt. Der Vorteil des Starts in &#8222;gro\u00dfer H\u00f6he&#8220; ist zweierlei: die Anfahrt zu begrenzen und eine sch\u00f6ne Auf- und Abfahrtssequenz mit einem sehr freien Blick auf den Mont Pelvoux und das Vallouise zu genie\u00dfen; Auf dem R\u00fcckweg geht es zur\u00fcck zum Resort, um ggf. einen Lift zu holen und den Tag auf der Piste ausklingen zu lassen. Es ist die emblematische Route des Sektors, wenn die Lifte ge\u00f6ffnet sind, mit einfachem Zugang und abwechslungsreichem Gel\u00e4nde, das seinen Hochgebirgscharakter bewahrt.  <\/p>\n\n<div class=\"wp-block-ws-library-ws-slider alignwide\"><div class=\"splide\" data-splide=\"{\"type\":\"slide\",\"heightRatio\":\"auto\",\"perPage\":4,\"perMove\":1,\"drag\":true,\"pagination\":0,\"autoplay\":false,\"gap\":\"15px\",\"breakpoints\":{\"450\":{\"perPage\":1},\"768\":{\"perPage\":2},\"992\":{\"perPage\":3},\"1200\":{\"perPage\":4}}}\"><div class=\"splide__track\"><div class=\"splide__list\"><div class=\"splide__slide\"><a href=\"https:\/\/www.paysdesecrins.com\/wp-content\/uploads\/2025\/08\/bivouac-a-su-sommet-de-la-blanche-6-scaled.jpg\" data-glightbox=\"true\" class=\"lightbox-trigger\"><img decoding=\"async\" src=\"https:\/\/www.paysdesecrins.com\/wp-content\/uploads\/2025\/08\/bivouac-a-su-sommet-de-la-blanche-6-400x400.jpg\" alt=\"\"><\/a><\/div><div class=\"splide__slide\"><a href=\"https:\/\/www.paysdesecrins.com\/wp-content\/uploads\/2025\/08\/bivouac-a-la-blanche-15-scaled.jpg\" data-glightbox=\"true\" class=\"lightbox-trigger\"><img decoding=\"async\" src=\"https:\/\/www.paysdesecrins.com\/wp-content\/uploads\/2025\/08\/bivouac-a-la-blanche-15-400x400.jpg\" alt=\"\"><\/a><\/div><div class=\"splide__slide\"><a href=\"https:\/\/www.paysdesecrins.com\/wp-content\/uploads\/2025\/08\/bivouac-a-su-sommet-de-la-blanche-32-scaled.jpg\" data-glightbox=\"true\" class=\"lightbox-trigger\"><img decoding=\"async\" src=\"https:\/\/www.paysdesecrins.com\/wp-content\/uploads\/2025\/08\/bivouac-a-su-sommet-de-la-blanche-32-400x400.jpg\" alt=\"\"><\/a><\/div><div class=\"splide__slide\"><a href=\"https:\/\/www.paysdesecrins.com\/wp-content\/uploads\/2025\/07\/171ski-alpin-psv-photos-kinaphoto-psv-journee-2-2025-hd49-scaled.jpg\" data-glightbox=\"true\" class=\"lightbox-trigger\"><img decoding=\"async\" src=\"https:\/\/www.paysdesecrins.com\/wp-content\/uploads\/2025\/07\/171ski-alpin-psv-photos-kinaphoto-psv-journee-2-2025-hd49-400x400.jpg\" alt=\"\"><\/a><\/div><\/div><\/div><\/div><\/div>\n\n<div class=\"wp-block-ws-library-ws-title aligncenter\"><h3>Wann sollte man losfahren?<\/h3><\/div>\n\n<p class=\"has-text-align-center\">Von der Er\u00f6ffnung des Gebiets bis zum Fr\u00fchling <strong>im Rhythmus der Schnee- und Wetterbedingungen<\/strong>. Der Vorteil von Pelvoux-Vallouise: Planen Sie Ihre Ausfl\u00fcge an den \u00d6ffnungen der Lifte (f\u00fcr den ersten &#8222;Schub&#8220;) und w\u00e4hlen Sie dann das Ziel und die Piste gem\u00e4\u00df dem Lawinenbulletin. <\/p>\n\n<div class=\"wp-block-ws-library-ws-columns alignwide has-2-columns are-vertically-aligned-center layout-5050 is-style-background\">\n<div class=\"wp-block-ws-library-ws-column\"><div class=\"wrapper\">\n<div class=\"wp-block-ws-library-ws-image\"><div class=\"wrapper\"><div class=\"group-media\"><img decoding=\"async\" src=\"https:\/\/www.paysdesecrins.com\/wp-content\/uploads\/2025\/08\/bivouac-a-su-sommet-de-la-blanche-9-960x640.jpg\" alt=\"\" class=\"single_image ws-image-72724\"><div class=\"credits\"><\/div><\/div><p class=\"caption\"><\/p><\/div><\/div>\n<\/div><\/div>\n\n\n\n<div class=\"wp-block-ws-library-ws-column\"><div class=\"wrapper\">\n<div class=\"wp-block-ws-library-ws-title\"><h2>Ausr\u00fcstung und Sicherheit<\/h2><\/div>\n\n\n\n<p>DVA-Paket (Detektor), Schaufel, Sonde, Helm, Reparaturset, Karte\/Topo und Telefon aufgeladen \u2014 Gewerkschaftsminimum. Schauen Sie sich <strong>vor der Abreise das Lawinenbulletin<\/strong> an, passen Sie das Ziel an die Erfahrung der Gruppe an und z\u00f6gern Sie nicht, zum ersten Mal <strong>mit einem F\u00fchrer oder<\/strong> den engagierten Pisten zu gehen. Seien Sie vorsichtig, die steilen Varianten von La Blanche sind nur etwas f\u00fcr sehr erfahrene Skifahrer.  <\/p>\n<\/div><\/div>\n<\/div>\n\n<div class=\"wp-block-ws-library-ws-share\"><span class=\"share-subtitle\">Hat Ihnen diese Seite gefallen?<\/span><span class=\"share-title\">Teilen Sie es!<\/span><button class=\"ws-share-button wp-element-button\">Diese Seite teilen<\/button><\/div>\n","protected":false},"excerpt":{"rendered":"<p>Schnell und gut gemacht: In Pelvoux-Vallouise beginnt das Skitourengehen&#8230; auf dem Bahnhof. Dank der Lifte gewinnt man von Anfang an [&hellip;]<\/p>\n","protected":false},"author":4,"featured_media":65902,"parent":0,"menu_order":0,"comment_status":"closed","ping_status":"closed","template":"","meta":{"_thumbnail_id_2":0,"summer_excerpt":"","season":"","station":"","footnotes":""},"class_list":["post-46016","page","type-page","status-publish","has-post-thumbnail","hentry"],"yoast_head":"<!-- This site is optimized with the Yoast SEO plugin v27.3 - https:\/\/yoast.com\/product\/yoast-seo-wordpress\/ -->\n<title>Skitouren in Pelvoux-Vallouise - Pays des \u00c9crins - Office de Tourisme<\/title>\n<meta name=\"robots\" content=\"index, follow, max-snippet:-1, max-image-preview:large, max-video-preview:-1\" \/>\n<link rel=\"canonical\" href=\"https:\/\/www.paysdesecrins.com\/de\/skitouren-in-pelvoux-vallouise\/\" \/>\n<meta property=\"og:locale\" content=\"de_DE\" \/>\n<meta property=\"og:type\" content=\"article\" \/>\n<meta property=\"og:title\" content=\"Skitouren in Pelvoux-Vallouise - Pays des \u00c9crins - Office de Tourisme\" \/>\n<meta property=\"og:description\" content=\"Schnell und gut gemacht: In Pelvoux-Vallouise beginnt das Skitourengehen&#8230; auf dem Bahnhof. Dank der Lifte gewinnt man von Anfang an [&hellip;]\" \/>\n<meta property=\"og:url\" content=\"https:\/\/www.paysdesecrins.com\/de\/skitouren-in-pelvoux-vallouise\/\" \/>\n<meta property=\"og:site_name\" content=\"Pays des \u00c9crins - Office de Tourisme\" \/>\n<meta property=\"article:modified_time\" content=\"2025-08-08T12:18:40+00:00\" \/>\n<meta property=\"og:image\" content=\"https:\/\/www.paysdesecrins.com\/wp-content\/uploads\/2025\/08\/narreyroux-en-ski-de-randonne-e-8-scaled.jpg\" \/>\n\t<meta property=\"og:image:width\" content=\"2560\" \/>\n\t<meta property=\"og:image:height\" content=\"1707\" \/>\n\t<meta property=\"og:image:type\" content=\"image\/jpeg\" \/>\n<meta name=\"twitter:card\" content=\"summary_large_image\" \/>\n<meta name=\"twitter:label1\" content=\"Gesch\u00e4tzte Lesezeit\" \/>\n\t<meta name=\"twitter:data1\" content=\"2 Minuten\" \/>\n<script type=\"application\/ld+json\" class=\"yoast-schema-graph\">{\"@context\":\"https:\\\/\\\/schema.org\",\"@graph\":[{\"@type\":\"WebPage\",\"@id\":\"https:\\\/\\\/www.paysdesecrins.com\\\/de\\\/skitouren-in-pelvoux-vallouise\\\/\",\"url\":\"https:\\\/\\\/www.paysdesecrins.com\\\/de\\\/skitouren-in-pelvoux-vallouise\\\/\",\"name\":\"Skitouren in Pelvoux-Vallouise - Pays des \u00c9crins - Office de Tourisme\",\"isPartOf\":{\"@id\":\"https:\\\/\\\/www.paysdesecrins.com\\\/de\\\/#website\"},\"primaryImageOfPage\":{\"@id\":\"https:\\\/\\\/www.paysdesecrins.com\\\/de\\\/skitouren-in-pelvoux-vallouise\\\/#primaryimage\"},\"image\":{\"@id\":\"https:\\\/\\\/www.paysdesecrins.com\\\/de\\\/skitouren-in-pelvoux-vallouise\\\/#primaryimage\"},\"thumbnailUrl\":\"https:\\\/\\\/www.paysdesecrins.com\\\/wp-content\\\/uploads\\\/2025\\\/08\\\/narreyroux-en-ski-de-randonne-e-8-scaled.jpg\",\"datePublished\":\"2025-07-23T13:22:25+00:00\",\"dateModified\":\"2025-08-08T12:18:40+00:00\",\"breadcrumb\":{\"@id\":\"https:\\\/\\\/www.paysdesecrins.com\\\/de\\\/skitouren-in-pelvoux-vallouise\\\/#breadcrumb\"},\"inLanguage\":\"de\",\"potentialAction\":[{\"@type\":\"ReadAction\",\"target\":[\"https:\\\/\\\/www.paysdesecrins.com\\\/de\\\/skitouren-in-pelvoux-vallouise\\\/\"]}]},{\"@type\":\"ImageObject\",\"inLanguage\":\"de\",\"@id\":\"https:\\\/\\\/www.paysdesecrins.com\\\/de\\\/skitouren-in-pelvoux-vallouise\\\/#primaryimage\",\"url\":\"https:\\\/\\\/www.paysdesecrins.com\\\/wp-content\\\/uploads\\\/2025\\\/08\\\/narreyroux-en-ski-de-randonne-e-8-scaled.jpg\",\"contentUrl\":\"https:\\\/\\\/www.paysdesecrins.com\\\/wp-content\\\/uploads\\\/2025\\\/08\\\/narreyroux-en-ski-de-randonne-e-8-scaled.jpg\",\"width\":2560,\"height\":1707},{\"@type\":\"BreadcrumbList\",\"@id\":\"https:\\\/\\\/www.paysdesecrins.com\\\/de\\\/skitouren-in-pelvoux-vallouise\\\/#breadcrumb\",\"itemListElement\":[{\"@type\":\"ListItem\",\"position\":1,\"name\":\"Accueil\",\"item\":\"https:\\\/\\\/www.paysdesecrins.com\\\/de\\\/der-titel-des-hauses\\\/\"},{\"@type\":\"ListItem\",\"position\":2,\"name\":\"Skitouren in Pelvoux-Vallouise\"}]},{\"@type\":\"WebSite\",\"@id\":\"https:\\\/\\\/www.paysdesecrins.com\\\/de\\\/#website\",\"url\":\"https:\\\/\\\/www.paysdesecrins.com\\\/de\\\/\",\"name\":\"Pays des \u00c9crins - Office de Tourisme\",\"description\":\"L&#039;esprit montagne\",\"publisher\":{\"@id\":\"https:\\\/\\\/www.paysdesecrins.com\\\/de\\\/#organization\"},\"potentialAction\":[{\"@type\":\"SearchAction\",\"target\":{\"@type\":\"EntryPoint\",\"urlTemplate\":\"https:\\\/\\\/www.paysdesecrins.com\\\/de\\\/?s={search_term_string}\"},\"query-input\":{\"@type\":\"PropertyValueSpecification\",\"valueRequired\":true,\"valueName\":\"search_term_string\"}}],\"inLanguage\":\"de\"},{\"@type\":\"Organization\",\"@id\":\"https:\\\/\\\/www.paysdesecrins.com\\\/de\\\/#organization\",\"name\":\"Pays des \u00c9crins - Office de Tourisme\",\"url\":\"https:\\\/\\\/www.paysdesecrins.com\\\/de\\\/\",\"logo\":{\"@type\":\"ImageObject\",\"inLanguage\":\"de\",\"@id\":\"https:\\\/\\\/www.paysdesecrins.com\\\/de\\\/#\\\/schema\\\/logo\\\/image\\\/\",\"url\":\"https:\\\/\\\/www.paysdesecrins.com\\\/wp-content\\\/uploads\\\/2025\\\/06\\\/devina-svg-1750845694.svg\",\"contentUrl\":\"https:\\\/\\\/www.paysdesecrins.com\\\/wp-content\\\/uploads\\\/2025\\\/06\\\/devina-svg-1750845694.svg\",\"caption\":\"Pays des \u00c9crins - Office de Tourisme\"},\"image\":{\"@id\":\"https:\\\/\\\/www.paysdesecrins.com\\\/de\\\/#\\\/schema\\\/logo\\\/image\\\/\"}}]}<\/script>\n<!-- \/ Yoast SEO plugin. -->","yoast_head_json":{"title":"Skitouren in Pelvoux-Vallouise - Pays des \u00c9crins - Office de Tourisme","robots":{"index":"index","follow":"follow","max-snippet":"max-snippet:-1","max-image-preview":"max-image-preview:large","max-video-preview":"max-video-preview:-1"},"canonical":"https:\/\/www.paysdesecrins.com\/de\/skitouren-in-pelvoux-vallouise\/","og_locale":"de_DE","og_type":"article","og_title":"Skitouren in Pelvoux-Vallouise - Pays des \u00c9crins - Office de Tourisme","og_description":"Schnell und gut gemacht: In Pelvoux-Vallouise beginnt das Skitourengehen&#8230; auf dem Bahnhof. Dank der Lifte gewinnt man von Anfang an [&hellip;]","og_url":"https:\/\/www.paysdesecrins.com\/de\/skitouren-in-pelvoux-vallouise\/","og_site_name":"Pays des \u00c9crins - Office de Tourisme","article_modified_time":"2025-08-08T12:18:40+00:00","og_image":[{"width":2560,"height":1707,"url":"https:\/\/www.paysdesecrins.com\/wp-content\/uploads\/2025\/08\/narreyroux-en-ski-de-randonne-e-8-scaled.jpg","type":"image\/jpeg"}],"twitter_card":"summary_large_image","twitter_misc":{"Gesch\u00e4tzte Lesezeit":"2 Minuten"},"schema":{"@context":"https:\/\/schema.org","@graph":[{"@type":"WebPage","@id":"https:\/\/www.paysdesecrins.com\/de\/skitouren-in-pelvoux-vallouise\/","url":"https:\/\/www.paysdesecrins.com\/de\/skitouren-in-pelvoux-vallouise\/","name":"Skitouren in Pelvoux-Vallouise - Pays des \u00c9crins - Office de Tourisme","isPartOf":{"@id":"https:\/\/www.paysdesecrins.com\/de\/#website"},"primaryImageOfPage":{"@id":"https:\/\/www.paysdesecrins.com\/de\/skitouren-in-pelvoux-vallouise\/#primaryimage"},"image":{"@id":"https:\/\/www.paysdesecrins.com\/de\/skitouren-in-pelvoux-vallouise\/#primaryimage"},"thumbnailUrl":"https:\/\/www.paysdesecrins.com\/wp-content\/uploads\/2025\/08\/narreyroux-en-ski-de-randonne-e-8-scaled.jpg","datePublished":"2025-07-23T13:22:25+00:00","dateModified":"2025-08-08T12:18:40+00:00","breadcrumb":{"@id":"https:\/\/www.paysdesecrins.com\/de\/skitouren-in-pelvoux-vallouise\/#breadcrumb"},"inLanguage":"de","potentialAction":[{"@type":"ReadAction","target":["https:\/\/www.paysdesecrins.com\/de\/skitouren-in-pelvoux-vallouise\/"]}]},{"@type":"ImageObject","inLanguage":"de","@id":"https:\/\/www.paysdesecrins.com\/de\/skitouren-in-pelvoux-vallouise\/#primaryimage","url":"https:\/\/www.paysdesecrins.com\/wp-content\/uploads\/2025\/08\/narreyroux-en-ski-de-randonne-e-8-scaled.jpg","contentUrl":"https:\/\/www.paysdesecrins.com\/wp-content\/uploads\/2025\/08\/narreyroux-en-ski-de-randonne-e-8-scaled.jpg","width":2560,"height":1707},{"@type":"BreadcrumbList","@id":"https:\/\/www.paysdesecrins.com\/de\/skitouren-in-pelvoux-vallouise\/#breadcrumb","itemListElement":[{"@type":"ListItem","position":1,"name":"Accueil","item":"https:\/\/www.paysdesecrins.com\/de\/der-titel-des-hauses\/"},{"@type":"ListItem","position":2,"name":"Skitouren in Pelvoux-Vallouise"}]},{"@type":"WebSite","@id":"https:\/\/www.paysdesecrins.com\/de\/#website","url":"https:\/\/www.paysdesecrins.com\/de\/","name":"Pays des \u00c9crins - Office de Tourisme","description":"L&#039;esprit montagne","publisher":{"@id":"https:\/\/www.paysdesecrins.com\/de\/#organization"},"potentialAction":[{"@type":"SearchAction","target":{"@type":"EntryPoint","urlTemplate":"https:\/\/www.paysdesecrins.com\/de\/?s={search_term_string}"},"query-input":{"@type":"PropertyValueSpecification","valueRequired":true,"valueName":"search_term_string"}}],"inLanguage":"de"},{"@type":"Organization","@id":"https:\/\/www.paysdesecrins.com\/de\/#organization","name":"Pays des \u00c9crins - Office de Tourisme","url":"https:\/\/www.paysdesecrins.com\/de\/","logo":{"@type":"ImageObject","inLanguage":"de","@id":"https:\/\/www.paysdesecrins.com\/de\/#\/schema\/logo\/image\/","url":"https:\/\/www.paysdesecrins.com\/wp-content\/uploads\/2025\/06\/devina-svg-1750845694.svg","contentUrl":"https:\/\/www.paysdesecrins.com\/wp-content\/uploads\/2025\/06\/devina-svg-1750845694.svg","caption":"Pays des \u00c9crins - Office de Tourisme"},"image":{"@id":"https:\/\/www.paysdesecrins.com\/de\/#\/schema\/logo\/image\/"}}]}},"_links":{"self":[{"href":"https:\/\/www.paysdesecrins.com\/de\/wp-json\/wp\/v2\/pages\/46016","targetHints":{"allow":["GET"]}}],"collection":[{"href":"https:\/\/www.paysdesecrins.com\/de\/wp-json\/wp\/v2\/pages"}],"about":[{"href":"https:\/\/www.paysdesecrins.com\/de\/wp-json\/wp\/v2\/types\/page"}],"author":[{"embeddable":true,"href":"https:\/\/www.paysdesecrins.com\/de\/wp-json\/wp\/v2\/users\/4"}],"replies":[{"embeddable":true,"href":"https:\/\/www.paysdesecrins.com\/de\/wp-json\/wp\/v2\/comments?post=46016"}],"version-history":[{"count":0,"href":"https:\/\/www.paysdesecrins.com\/de\/wp-json\/wp\/v2\/pages\/46016\/revisions"}],"wp:featuredmedia":[{"embeddable":true,"href":"https:\/\/www.paysdesecrins.com\/de\/wp-json\/wp\/v2\/media\/65902"}],"wp:attachment":[{"href":"https:\/\/www.paysdesecrins.com\/de\/wp-json\/wp\/v2\/media?parent=46016"}],"curies":[{"name":"wp","href":"https:\/\/api.w.org\/{rel}","templated":true}]}}