{"id":46020,"date":"2025-07-23T15:21:26","date_gmt":"2025-07-23T13:21:26","guid":{"rendered":"https:\/\/www.paysdesecrins.com\/mein-wunsch\/berg\/dome-des-ecrins-und-roche-faurio-auf-skitouren\/"},"modified":"2025-08-01T10:35:42","modified_gmt":"2025-08-01T08:35:42","slug":"dome-des-ecrins-und-roche-faurio-auf-skitouren","status":"publish","type":"page","link":"https:\/\/www.paysdesecrins.com\/de\/mein-wunsch\/berg\/dome-des-ecrins-und-roche-faurio-auf-skitouren\/","title":{"rendered":"D\u00f4me des \u00c9crins und Roche Faurio auf Skitouren!"},"content":{"rendered":"    <div class=\"alignfull wp-block-ws-library-ws-header-interne\">\n\t    <div class=\"header-container\">\n\t        <div class=\"group-media has-image\">\n\t            \t                <img loading=\"lazy\" decoding=\"async\" width=\"1200\" height=\"800\" src=\"https:\/\/www.paysdesecrins.com\/wp-content\/uploads\/2025\/07\/1681827665-84422455-1200x800.jpg\" alt=\"\" class=\"image_large_square wp-image-42101\" srcset=\"https:\/\/www.paysdesecrins.com\/wp-content\/uploads\/2025\/07\/1681827665-84422455-1200x800.jpg 1200w, https:\/\/www.paysdesecrins.com\/wp-content\/uploads\/2025\/07\/1681827665-84422455-960x640.jpg 960w\" sizes=\"auto, (max-width: 1200px) 100vw, 1200px\" \/>\n\t            \t        <\/div>\n\t        <div class=\"group-content\">\n\t            <div class=\"title\">\n\t                <h1>\n\t                    D\u00f4me des \u00c9crins und Roche Faurio auf Skitouren!\t                    \t                <\/h1>\n\t            <\/div>\n\t        <\/div>\n\t    <\/div>\n\t    \n<div class=\"yoast-breadcrumbs\"><span><span><a href=\"https:\/\/www.paysdesecrins.com\/de\/der-titel-des-hauses\/\">Accueil<\/a><\/span>  <span><a href=\"https:\/\/www.paysdesecrins.com\/de\/mein-wunsch\/\">Mein Wunsch,<\/a><\/span>  <span><a href=\"https:\/\/www.paysdesecrins.com\/de\/mein-wunsch\/berg\/\">Meine Sehnsucht nach den Bergen<\/a><\/span>  <span class=\"breadcrumb_last\" aria-current=\"page\">D\u00f4me des \u00c9crins und Roche Faurio auf Skitouren!<\/span><\/span><\/div>\n    <\/div>\n    \n<div class=\"wp-block-ws-library-ws-title aligncenter is-style-simple\"><h2><em>Mikro-Abenteuer<\/em>3 Freunde, <br><br>2 Tage in den Bergen&#8230;<\/h2><\/div>\n\n<p class=\"has-text-align-center\">Wir sind drei Freunde, Studenten und s\u00fcchtig nach dem Gl\u00fcck gemeinsamer Momente in den Bergen. An diesem Wochenende hatten wir zwei W\u00fcnsche: den Gipfel des <strong>D\u00f4me de Neige des \u00c9crins<\/strong> (4015 m) und seinen Nachbarn, <strong>den Roche Faurio<\/strong> (3730 m), auf Skitouren zu erklimmen.   <\/p>\n\n<p class=\"has-text-align-center\">Der Monat April im Hochgebirge bedeutet, die guten Bedingungen zu nutzen, die das Skifahren im Fr\u00fchling in diesen H\u00f6henlagen bietet. So hatten wir zwei Tage Zeit, um den letzten kleinen Schneefall des Vortages zu genie\u00dfen und das Zusammensein an einem so sch\u00f6nen Ort zu genie\u00dfen. <\/p>\n\n<div class=\"wp-block-ws-library-ws-columns alignwide has-2-columns are-vertically-aligned-center layout-5050 is-style-background\">\n<div class=\"wp-block-ws-library-ws-column\"><div class=\"wrapper\">\n<div class=\"wp-block-ws-library-ws-title\"><h3>Roche Faurio&#8230;<\/h3><\/div>\n\n\n\n<p class=\"has-text-align-center\">Abfahrt am Samstag, 5.30 Uhr, vom Parkplatz Pr\u00e9 <strong>de Madame Carle<\/strong> Spring. Sonnenaufgang \u00fcber dem Pelvoux, stetiger Aufstieg zum <strong>Glacier Blanc<\/strong>, strahlende Sonne und ideale Temperaturen, um den ganzen Tag \u00fcber sch\u00f6nen Pulverschnee zu genie\u00dfen.   <\/p>\n\n\n\n<p>14 Uhr, Ankunft auf dem Gipfel des <strong>Roche Faurio<\/strong>, nach 2118 m H\u00f6henunterschied. Die Pause ist wohlverdient und bietet uns einen freien Blick auf den Gipfel des n\u00e4chsten Tages; Wie gut ist die Schokolade, die wir uns zu dritt an der Spitze teilen! Zeit f\u00fcr die Abfahrt, allein auf der Welt, mit diesem sch\u00f6nen Pulverschnee, den man noch nicht verfolgt hat, ist das Leben nicht sch\u00f6n?!    <\/p>\n<\/div><\/div>\n\n\n\n<div class=\"wp-block-ws-library-ws-column\"><div class=\"wrapper\">\n<div class=\"wp-block-ws-library-ws-image\"><div class=\"wrapper\"><div class=\"group-media\"><img decoding=\"async\" src=\"https:\/\/www.paysdesecrins.com\/wp-content\/uploads\/2025\/07\/1681828134-1430740563-960x640.jpg\" alt=\"\" class=\"single_image ws-image-42111\"><div class=\"credits\"><\/div><\/div><p class=\"caption\"><\/p><\/div><\/div>\n<\/div><\/div>\n<\/div>\n\n<div class=\"wp-block-ws-library-ws-title aligncenter\"><h3>Refuge des \u00c9crins<\/h3><\/div>\n\n<p class=\"has-text-align-center\">Die<strong> \u00c9crins-H\u00fctte<\/strong> ist fertig, ein L\u00e4cheln ist auf allen Gesichtern, wir f\u00fchlen uns gl\u00fccklich und privilegiert. Ein gutes Essen, das von den beiden Hausmeistern zubereitet wird, ein atemberaubender Blick auf die umliegenden Gipfel bei Sonnenuntergang, ein bereichernder Austausch mit den Kollegen, die an unserem Tisch sitzen, und eine gute Nachtruhe: was f\u00fcr ein sch\u00f6ner Tag&#8230; <\/p>\n\n<div class=\"wp-block-ws-library-ws-slider alignwide\"><div class=\"splide\" data-splide=\"{\"type\":\"slide\",\"heightRatio\":\"auto\",\"perPage\":4,\"perMove\":1,\"drag\":true,\"pagination\":0,\"autoplay\":false,\"gap\":\"2px\",\"breakpoints\":{\"450\":{\"perPage\":1},\"768\":{\"perPage\":2},\"992\":{\"perPage\":3},\"1200\":{\"perPage\":4}}}\"><div class=\"splide__track\"><div class=\"splide__list\"><div class=\"splide__slide\"><a href=\"https:\/\/www.paysdesecrins.com\/wp-content\/uploads\/2025\/07\/1681828342-451956307-400x400.jpg\" data-glightbox=\"true\" class=\"lightbox-trigger\"><img decoding=\"async\" src=\"https:\/\/www.paysdesecrins.com\/wp-content\/uploads\/2025\/07\/1681828342-451956307-400x400.jpg\" alt=\"\"><\/a><\/div><div class=\"splide__slide\"><a href=\"https:\/\/www.paysdesecrins.com\/wp-content\/uploads\/2025\/07\/1681828342-1514261269-400x400.jpg\" data-glightbox=\"true\" class=\"lightbox-trigger\"><img decoding=\"async\" src=\"https:\/\/www.paysdesecrins.com\/wp-content\/uploads\/2025\/07\/1681828342-1514261269-400x400.jpg\" alt=\"\"><\/a><\/div><div class=\"splide__slide\"><a href=\"https:\/\/www.paysdesecrins.com\/wp-content\/uploads\/2025\/07\/1681828342-1239762237-400x400.jpg\" data-glightbox=\"true\" class=\"lightbox-trigger\"><img decoding=\"async\" src=\"https:\/\/www.paysdesecrins.com\/wp-content\/uploads\/2025\/07\/1681828342-1239762237-400x400.jpg\" alt=\"\"><\/a><\/div><\/div><\/div><\/div><\/div>\n\n<div class=\"wp-block-ws-library-ws-columns alignwide has-2-columns are-vertically-aligned-center layout-5050 is-style-background\">\n<div class=\"wp-block-ws-library-ws-column\"><div class=\"wrapper\">\n<div class=\"wp-block-ws-library-ws-title\"><h3>D\u00f4me des \u00c9crins&#8230;<\/h3><\/div>\n\n\n\n<p class=\"has-text-align-center\">Abfahrt am Sonntag, 6 Uhr, die wenigen Seilschaften folgen aneinander, Stirnlampen auf. Wir werden Zeugen eines herrlichen Sonnenaufgangs \u00fcber der Barre und dem D\u00f4me des \u00c9crins, dort oben ist der Schnee ganz rosa.   <\/p>\n\n\n\n<p>Ein paar Umbauten und 1000 m H\u00f6henunterschied zwischen den Seracs sp\u00e4ter und wir sind da. Die letzten Meter m\u00fcssen in Steigeisen auf bl\u00e4ulichem Eis zur\u00fcckgelegt werden. Die Aussicht vom Gipfel ist atemberaubend, 360\u00b0 auf das Massiv.  <\/p>\n\n\n\n<p>Aber wir sollten nicht z\u00f6gern, es ist heute w\u00e4rmer und ein Abstieg von 2200 Metern erwartet uns, um den Pr\u00e9 de Madame Carle zu erreichen.<\/p>\n\n\n\n<p><a href=\"https:\/\/www.paysdesecrins.com\/sites\/ot-paysdesecrins\/files\/styles\/gallery_lightbox\/public\/content\/images\/1681828637-656774628.jpg?itok=OxQNjmEm\"><\/a><\/p>\n<\/div><\/div>\n\n\n\n<div class=\"wp-block-ws-library-ws-column\"><div class=\"wrapper\">\n<div class=\"wp-block-ws-library-ws-image\"><div class=\"wrapper\"><div class=\"group-media\"><img decoding=\"async\" src=\"https:\/\/www.paysdesecrins.com\/wp-content\/uploads\/2025\/07\/1681828637-1946989482-853x640.jpg\" alt=\"\" class=\"single_image ws-image-42134\"><div class=\"credits\"><\/div><\/div><p class=\"caption\"><\/p><\/div><\/div>\n<\/div><\/div>\n<\/div>\n\n<div class=\"wp-block-ws-library-ws-quote\"><blockquote class=\"quote-container quote-align-undefined\"><p class=\"quote-content\">Immer noch gute Erinnerungen an die Berge, dort sind sie f\u00fcr mich am besten.<br>Vielen Dank Freunde, wir sehen uns bald!  <\/p><footer><cite class=\"quote-subcontent\">CLAUDE Margaux, GEOTREK Pays des \u00c9crins Intern<\/cite><\/footer><\/blockquote><\/div>\n\n<div class=\"wp-block-ws-library-ws-share\"><span class=\"share-subtitle\">Hat Ihnen diese Seite gefallen?<\/span><span class=\"share-title\">Teilen Sie es!<\/span><button class=\"ws-share-button wp-element-button\">Diese Seite teilen<\/button><\/div>\n","protected":false},"excerpt":{"rendered":"<p>Wir sind drei Freunde, Studenten und s\u00fcchtig nach dem Gl\u00fcck gemeinsamer Momente in den Bergen. An diesem Wochenende hatten wir [&hellip;]<\/p>\n","protected":false},"author":4,"featured_media":42109,"parent":44578,"menu_order":0,"comment_status":"closed","ping_status":"closed","template":"","meta":{"_thumbnail_id_2":0,"summer_excerpt":"","season":"","station":"","footnotes":""},"class_list":["post-46020","page","type-page","status-publish","has-post-thumbnail","hentry"],"yoast_head":"<!-- This site is optimized with the Yoast SEO plugin v27.3 - https:\/\/yoast.com\/product\/yoast-seo-wordpress\/ -->\n<title>D\u00f4me des \u00c9crins und Roche Faurio auf Skitouren! - Pays des \u00c9crins - Office de Tourisme<\/title>\n<meta name=\"robots\" content=\"index, follow, max-snippet:-1, max-image-preview:large, max-video-preview:-1\" \/>\n<link rel=\"canonical\" href=\"https:\/\/www.paysdesecrins.com\/de\/mein-wunsch\/berg\/dome-des-ecrins-und-roche-faurio-auf-skitouren\/\" \/>\n<meta property=\"og:locale\" content=\"de_DE\" \/>\n<meta property=\"og:type\" content=\"article\" \/>\n<meta property=\"og:title\" content=\"D\u00f4me des \u00c9crins und Roche Faurio auf Skitouren! - Pays des \u00c9crins - Office de Tourisme\" \/>\n<meta property=\"og:description\" content=\"Wir sind drei Freunde, Studenten und s\u00fcchtig nach dem Gl\u00fcck gemeinsamer Momente in den Bergen. An diesem Wochenende hatten wir [&hellip;]\" \/>\n<meta property=\"og:url\" content=\"https:\/\/www.paysdesecrins.com\/de\/mein-wunsch\/berg\/dome-des-ecrins-und-roche-faurio-auf-skitouren\/\" \/>\n<meta property=\"og:site_name\" content=\"Pays des \u00c9crins - Office de Tourisme\" \/>\n<meta property=\"article:modified_time\" content=\"2025-08-01T08:35:42+00:00\" \/>\n<meta property=\"og:image\" content=\"https:\/\/www.paysdesecrins.com\/wp-content\/uploads\/2025\/07\/1681827665-84422455-1.jpg\" \/>\n\t<meta property=\"og:image:width\" content=\"1200\" \/>\n\t<meta property=\"og:image:height\" content=\"900\" \/>\n\t<meta property=\"og:image:type\" content=\"image\/jpeg\" \/>\n<meta name=\"twitter:card\" content=\"summary_large_image\" \/>\n<meta name=\"twitter:label1\" content=\"Gesch\u00e4tzte Lesezeit\" \/>\n\t<meta name=\"twitter:data1\" content=\"2 Minuten\" \/>\n<script type=\"application\/ld+json\" class=\"yoast-schema-graph\">{\"@context\":\"https:\\\/\\\/schema.org\",\"@graph\":[{\"@type\":\"WebPage\",\"@id\":\"https:\\\/\\\/www.paysdesecrins.com\\\/de\\\/mein-wunsch\\\/berg\\\/dome-des-ecrins-und-roche-faurio-auf-skitouren\\\/\",\"url\":\"https:\\\/\\\/www.paysdesecrins.com\\\/de\\\/mein-wunsch\\\/berg\\\/dome-des-ecrins-und-roche-faurio-auf-skitouren\\\/\",\"name\":\"D\u00f4me des \u00c9crins und Roche Faurio auf Skitouren! - Pays des \u00c9crins - Office de Tourisme\",\"isPartOf\":{\"@id\":\"https:\\\/\\\/www.paysdesecrins.com\\\/de\\\/#website\"},\"primaryImageOfPage\":{\"@id\":\"https:\\\/\\\/www.paysdesecrins.com\\\/de\\\/mein-wunsch\\\/berg\\\/dome-des-ecrins-und-roche-faurio-auf-skitouren\\\/#primaryimage\"},\"image\":{\"@id\":\"https:\\\/\\\/www.paysdesecrins.com\\\/de\\\/mein-wunsch\\\/berg\\\/dome-des-ecrins-und-roche-faurio-auf-skitouren\\\/#primaryimage\"},\"thumbnailUrl\":\"https:\\\/\\\/www.paysdesecrins.com\\\/wp-content\\\/uploads\\\/2025\\\/07\\\/1681827665-84422455-1.jpg\",\"datePublished\":\"2025-07-23T13:21:26+00:00\",\"dateModified\":\"2025-08-01T08:35:42+00:00\",\"breadcrumb\":{\"@id\":\"https:\\\/\\\/www.paysdesecrins.com\\\/de\\\/mein-wunsch\\\/berg\\\/dome-des-ecrins-und-roche-faurio-auf-skitouren\\\/#breadcrumb\"},\"inLanguage\":\"de\",\"potentialAction\":[{\"@type\":\"ReadAction\",\"target\":[\"https:\\\/\\\/www.paysdesecrins.com\\\/de\\\/mein-wunsch\\\/berg\\\/dome-des-ecrins-und-roche-faurio-auf-skitouren\\\/\"]}]},{\"@type\":\"ImageObject\",\"inLanguage\":\"de\",\"@id\":\"https:\\\/\\\/www.paysdesecrins.com\\\/de\\\/mein-wunsch\\\/berg\\\/dome-des-ecrins-und-roche-faurio-auf-skitouren\\\/#primaryimage\",\"url\":\"https:\\\/\\\/www.paysdesecrins.com\\\/wp-content\\\/uploads\\\/2025\\\/07\\\/1681827665-84422455-1.jpg\",\"contentUrl\":\"https:\\\/\\\/www.paysdesecrins.com\\\/wp-content\\\/uploads\\\/2025\\\/07\\\/1681827665-84422455-1.jpg\",\"width\":1200,\"height\":900},{\"@type\":\"BreadcrumbList\",\"@id\":\"https:\\\/\\\/www.paysdesecrins.com\\\/de\\\/mein-wunsch\\\/berg\\\/dome-des-ecrins-und-roche-faurio-auf-skitouren\\\/#breadcrumb\",\"itemListElement\":[{\"@type\":\"ListItem\",\"position\":1,\"name\":\"Accueil\",\"item\":\"https:\\\/\\\/www.paysdesecrins.com\\\/de\\\/der-titel-des-hauses\\\/\"},{\"@type\":\"ListItem\",\"position\":2,\"name\":\"Mein Wunsch,\",\"item\":\"https:\\\/\\\/www.paysdesecrins.com\\\/de\\\/mein-wunsch\\\/\"},{\"@type\":\"ListItem\",\"position\":3,\"name\":\"Meine Sehnsucht nach den Bergen\",\"item\":\"https:\\\/\\\/www.paysdesecrins.com\\\/de\\\/mein-wunsch\\\/berg\\\/\"},{\"@type\":\"ListItem\",\"position\":4,\"name\":\"D\u00f4me des \u00c9crins und Roche Faurio auf Skitouren!\"}]},{\"@type\":\"WebSite\",\"@id\":\"https:\\\/\\\/www.paysdesecrins.com\\\/de\\\/#website\",\"url\":\"https:\\\/\\\/www.paysdesecrins.com\\\/de\\\/\",\"name\":\"Pays des \u00c9crins - Office de Tourisme\",\"description\":\"L&#039;esprit montagne\",\"publisher\":{\"@id\":\"https:\\\/\\\/www.paysdesecrins.com\\\/de\\\/#organization\"},\"potentialAction\":[{\"@type\":\"SearchAction\",\"target\":{\"@type\":\"EntryPoint\",\"urlTemplate\":\"https:\\\/\\\/www.paysdesecrins.com\\\/de\\\/?s={search_term_string}\"},\"query-input\":{\"@type\":\"PropertyValueSpecification\",\"valueRequired\":true,\"valueName\":\"search_term_string\"}}],\"inLanguage\":\"de\"},{\"@type\":\"Organization\",\"@id\":\"https:\\\/\\\/www.paysdesecrins.com\\\/de\\\/#organization\",\"name\":\"Pays des \u00c9crins - Office de Tourisme\",\"url\":\"https:\\\/\\\/www.paysdesecrins.com\\\/de\\\/\",\"logo\":{\"@type\":\"ImageObject\",\"inLanguage\":\"de\",\"@id\":\"https:\\\/\\\/www.paysdesecrins.com\\\/de\\\/#\\\/schema\\\/logo\\\/image\\\/\",\"url\":\"https:\\\/\\\/www.paysdesecrins.com\\\/wp-content\\\/uploads\\\/2025\\\/06\\\/devina-svg-1750845694.svg\",\"contentUrl\":\"https:\\\/\\\/www.paysdesecrins.com\\\/wp-content\\\/uploads\\\/2025\\\/06\\\/devina-svg-1750845694.svg\",\"caption\":\"Pays des \u00c9crins - Office de Tourisme\"},\"image\":{\"@id\":\"https:\\\/\\\/www.paysdesecrins.com\\\/de\\\/#\\\/schema\\\/logo\\\/image\\\/\"}}]}<\/script>\n<!-- \/ Yoast SEO plugin. -->","yoast_head_json":{"title":"D\u00f4me des \u00c9crins und Roche Faurio auf Skitouren! - Pays des \u00c9crins - Office de Tourisme","robots":{"index":"index","follow":"follow","max-snippet":"max-snippet:-1","max-image-preview":"max-image-preview:large","max-video-preview":"max-video-preview:-1"},"canonical":"https:\/\/www.paysdesecrins.com\/de\/mein-wunsch\/berg\/dome-des-ecrins-und-roche-faurio-auf-skitouren\/","og_locale":"de_DE","og_type":"article","og_title":"D\u00f4me des \u00c9crins und Roche Faurio auf Skitouren! - Pays des \u00c9crins - Office de Tourisme","og_description":"Wir sind drei Freunde, Studenten und s\u00fcchtig nach dem Gl\u00fcck gemeinsamer Momente in den Bergen. An diesem Wochenende hatten wir [&hellip;]","og_url":"https:\/\/www.paysdesecrins.com\/de\/mein-wunsch\/berg\/dome-des-ecrins-und-roche-faurio-auf-skitouren\/","og_site_name":"Pays des \u00c9crins - Office de Tourisme","article_modified_time":"2025-08-01T08:35:42+00:00","og_image":[{"width":1200,"height":900,"url":"https:\/\/www.paysdesecrins.com\/wp-content\/uploads\/2025\/07\/1681827665-84422455-1.jpg","type":"image\/jpeg"}],"twitter_card":"summary_large_image","twitter_misc":{"Gesch\u00e4tzte Lesezeit":"2 Minuten"},"schema":{"@context":"https:\/\/schema.org","@graph":[{"@type":"WebPage","@id":"https:\/\/www.paysdesecrins.com\/de\/mein-wunsch\/berg\/dome-des-ecrins-und-roche-faurio-auf-skitouren\/","url":"https:\/\/www.paysdesecrins.com\/de\/mein-wunsch\/berg\/dome-des-ecrins-und-roche-faurio-auf-skitouren\/","name":"D\u00f4me des \u00c9crins und Roche Faurio auf Skitouren! - Pays des \u00c9crins - Office de Tourisme","isPartOf":{"@id":"https:\/\/www.paysdesecrins.com\/de\/#website"},"primaryImageOfPage":{"@id":"https:\/\/www.paysdesecrins.com\/de\/mein-wunsch\/berg\/dome-des-ecrins-und-roche-faurio-auf-skitouren\/#primaryimage"},"image":{"@id":"https:\/\/www.paysdesecrins.com\/de\/mein-wunsch\/berg\/dome-des-ecrins-und-roche-faurio-auf-skitouren\/#primaryimage"},"thumbnailUrl":"https:\/\/www.paysdesecrins.com\/wp-content\/uploads\/2025\/07\/1681827665-84422455-1.jpg","datePublished":"2025-07-23T13:21:26+00:00","dateModified":"2025-08-01T08:35:42+00:00","breadcrumb":{"@id":"https:\/\/www.paysdesecrins.com\/de\/mein-wunsch\/berg\/dome-des-ecrins-und-roche-faurio-auf-skitouren\/#breadcrumb"},"inLanguage":"de","potentialAction":[{"@type":"ReadAction","target":["https:\/\/www.paysdesecrins.com\/de\/mein-wunsch\/berg\/dome-des-ecrins-und-roche-faurio-auf-skitouren\/"]}]},{"@type":"ImageObject","inLanguage":"de","@id":"https:\/\/www.paysdesecrins.com\/de\/mein-wunsch\/berg\/dome-des-ecrins-und-roche-faurio-auf-skitouren\/#primaryimage","url":"https:\/\/www.paysdesecrins.com\/wp-content\/uploads\/2025\/07\/1681827665-84422455-1.jpg","contentUrl":"https:\/\/www.paysdesecrins.com\/wp-content\/uploads\/2025\/07\/1681827665-84422455-1.jpg","width":1200,"height":900},{"@type":"BreadcrumbList","@id":"https:\/\/www.paysdesecrins.com\/de\/mein-wunsch\/berg\/dome-des-ecrins-und-roche-faurio-auf-skitouren\/#breadcrumb","itemListElement":[{"@type":"ListItem","position":1,"name":"Accueil","item":"https:\/\/www.paysdesecrins.com\/de\/der-titel-des-hauses\/"},{"@type":"ListItem","position":2,"name":"Mein Wunsch,","item":"https:\/\/www.paysdesecrins.com\/de\/mein-wunsch\/"},{"@type":"ListItem","position":3,"name":"Meine Sehnsucht nach den Bergen","item":"https:\/\/www.paysdesecrins.com\/de\/mein-wunsch\/berg\/"},{"@type":"ListItem","position":4,"name":"D\u00f4me des \u00c9crins und Roche Faurio auf Skitouren!"}]},{"@type":"WebSite","@id":"https:\/\/www.paysdesecrins.com\/de\/#website","url":"https:\/\/www.paysdesecrins.com\/de\/","name":"Pays des \u00c9crins - Office de Tourisme","description":"L&#039;esprit montagne","publisher":{"@id":"https:\/\/www.paysdesecrins.com\/de\/#organization"},"potentialAction":[{"@type":"SearchAction","target":{"@type":"EntryPoint","urlTemplate":"https:\/\/www.paysdesecrins.com\/de\/?s={search_term_string}"},"query-input":{"@type":"PropertyValueSpecification","valueRequired":true,"valueName":"search_term_string"}}],"inLanguage":"de"},{"@type":"Organization","@id":"https:\/\/www.paysdesecrins.com\/de\/#organization","name":"Pays des \u00c9crins - Office de Tourisme","url":"https:\/\/www.paysdesecrins.com\/de\/","logo":{"@type":"ImageObject","inLanguage":"de","@id":"https:\/\/www.paysdesecrins.com\/de\/#\/schema\/logo\/image\/","url":"https:\/\/www.paysdesecrins.com\/wp-content\/uploads\/2025\/06\/devina-svg-1750845694.svg","contentUrl":"https:\/\/www.paysdesecrins.com\/wp-content\/uploads\/2025\/06\/devina-svg-1750845694.svg","caption":"Pays des \u00c9crins - Office de Tourisme"},"image":{"@id":"https:\/\/www.paysdesecrins.com\/de\/#\/schema\/logo\/image\/"}}]}},"_links":{"self":[{"href":"https:\/\/www.paysdesecrins.com\/de\/wp-json\/wp\/v2\/pages\/46020","targetHints":{"allow":["GET"]}}],"collection":[{"href":"https:\/\/www.paysdesecrins.com\/de\/wp-json\/wp\/v2\/pages"}],"about":[{"href":"https:\/\/www.paysdesecrins.com\/de\/wp-json\/wp\/v2\/types\/page"}],"author":[{"embeddable":true,"href":"https:\/\/www.paysdesecrins.com\/de\/wp-json\/wp\/v2\/users\/4"}],"replies":[{"embeddable":true,"href":"https:\/\/www.paysdesecrins.com\/de\/wp-json\/wp\/v2\/comments?post=46020"}],"version-history":[{"count":0,"href":"https:\/\/www.paysdesecrins.com\/de\/wp-json\/wp\/v2\/pages\/46020\/revisions"}],"up":[{"embeddable":true,"href":"https:\/\/www.paysdesecrins.com\/de\/wp-json\/wp\/v2\/pages\/44578"}],"wp:featuredmedia":[{"embeddable":true,"href":"https:\/\/www.paysdesecrins.com\/de\/wp-json\/wp\/v2\/media\/42109"}],"wp:attachment":[{"href":"https:\/\/www.paysdesecrins.com\/de\/wp-json\/wp\/v2\/media?parent=46020"}],"curies":[{"name":"wp","href":"https:\/\/api.w.org\/{rel}","templated":true}]}}