{"id":46060,"date":"2025-07-23T14:17:17","date_gmt":"2025-07-23T12:17:17","guid":{"rendered":"https:\/\/www.paysdesecrins.com\/eine-radtour-wie-keine-andere\/"},"modified":"2025-08-08T10:01:14","modified_gmt":"2025-08-08T08:01:14","slug":"eine-radtour-wie-keine-andere","status":"publish","type":"page","link":"https:\/\/www.paysdesecrins.com\/de\/mein-wunsch\/berg\/eine-radtour-wie-keine-andere\/","title":{"rendered":"Eine Radtour wie keine andere"},"content":{"rendered":"    <div class=\"alignfull wp-block-ws-library-ws-header-interne\">\n\t    <div class=\"header-container\">\n\t        <div class=\"group-media has-image\">\n\t            \t                <img loading=\"lazy\" decoding=\"async\" width=\"1200\" height=\"800\" src=\"https:\/\/www.paysdesecrins.com\/wp-content\/uploads\/2025\/07\/1750756991-966450442.jpg\" alt=\"\" class=\"image_large_square wp-image-31458\" srcset=\"https:\/\/www.paysdesecrins.com\/wp-content\/uploads\/2025\/07\/1750756991-966450442.jpg 1200w, https:\/\/www.paysdesecrins.com\/wp-content\/uploads\/2025\/07\/1750756991-966450442-300x200.jpg 300w, https:\/\/www.paysdesecrins.com\/wp-content\/uploads\/2025\/07\/1750756991-966450442-1024x683.jpg 1024w, https:\/\/www.paysdesecrins.com\/wp-content\/uploads\/2025\/07\/1750756991-966450442-768x512.jpg 768w, https:\/\/www.paysdesecrins.com\/wp-content\/uploads\/2025\/07\/1750756991-966450442-960x640.jpg 960w\" sizes=\"auto, (max-width: 1200px) 100vw, 1200px\" \/>\n\t            \t        <\/div>\n\t        <div class=\"group-content\">\n\t            <div class=\"title\">\n\t                <h1>\n\t                    Eine Radtour wie keine andere\t                    \t                <\/h1>\n\t            <\/div>\n\t        <\/div>\n\t    <\/div>\n\t    \n<div class=\"yoast-breadcrumbs\"><span><span><a href=\"https:\/\/www.paysdesecrins.com\/de\/der-titel-des-hauses\/\">Accueil<\/a><\/span>  <span><a href=\"https:\/\/www.paysdesecrins.com\/de\/mein-wunsch\/\">Mein Wunsch,<\/a><\/span>  <span><a href=\"https:\/\/www.paysdesecrins.com\/de\/mein-wunsch\/berg\/\">Meine Sehnsucht nach den Bergen<\/a><\/span>  <span class=\"breadcrumb_last\" aria-current=\"page\">Eine Radtour wie keine andere<\/span><\/span><\/div>\n    <\/div>\n    \n<div class=\"wp-block-ws-library-ws-title aligncenter is-style-simple\"><h2><em>Mikro-Abenteuer<\/em>Sport neu entdecken<br><br>und das Territorium unterschiedlich<\/h2><\/div>\n\n<p>Wir haben schon eine Weile versucht, eine Radtour mit Antoine zu organisieren. Er musste zuerst die beiden Akkus seines Handbikes reparieren, w\u00e4hrend wir auf unserer Seite f\u00fcr die Abholung der Elektrofahrr\u00e4der von <a href=\"https:\/\/60-40.fr\/\" target=\"_blank\" rel=\"noreferrer noopener\">60\/40<\/a>, einem Fahrradgesch\u00e4ft in L&#8217;Argenti\u00e8re, zust\u00e4ndig waren. Wir warteten auch darauf, dass Marc, der Community Manager des Tourismusb\u00fcros, f\u00fcr Fotos zur Verf\u00fcgung stehen w\u00fcrde. Antonin, ein Praktikant im B\u00fcro, ergriff die Gelegenheit, uns zu begleiten, um ein wenig aus dem B\u00fcro herauszukommen. Nachdem der Termin feststand und das Wetter im Mai weniger launisch war als im letzten Jahr, waren alle Voraussetzungen f\u00fcr einen gelungenen Ausflug erf\u00fcllt!    <\/p>\n\n<div class=\"wp-block-ws-library-ws-columns alignwide has-2-columns are-vertically-aligned-center layout-5050 is-style-background\">\n<div class=\"wp-block-ws-library-ws-column\"><div class=\"wrapper\">\n<div class=\"wp-block-ws-library-ws-title\"><h3>Aufstieg zum Col de la Pousterle<\/h3><\/div>\n\n\n\n<p class=\"has-text-align-left\">An diesem Tag vereinbarten wir, uns im <a href=\"https:\/\/60-40.fr\/\" target=\"_blank\" rel=\"noreferrer noopener\">60\/40-Laden<\/a> zu treffen, einem strategischen Ort, um die Schleife des Col de la Pousterle anzugreifen. Der Ausgang der Argenti\u00e8re erfolgt \u00fcber eine kleine Stra\u00dfe, die von Platanen ges\u00e4umt ist. Bald verlassen wir die H\u00f6hen der Stadt, um uns auf die Luftroute mit Blick auf das Fournel-Tal zu wagen. Die Platanen weichen den bl\u00fchenden Akazien. Dank unserer elektrischen Unterst\u00fctzung k\u00f6nnen Sie sich die ganze Zeit unterhalten! Nachdem wir den Wildbach Fournel immer wieder \u00fcberquert haben, verlassen wir die asphaltierte Stra\u00dfe und begeben uns auf einen Feldweg. Ein paar Haarnadelkurven sp\u00e4ter erreichen wir schlie\u00dflich den Col de la Pousterle. Zu dieser Jahreszeit ist das Gras gr\u00fcn, die Blumen summen und die Aussicht atemberaubend! W\u00e4hrend wir uns f\u00fcr ein wohlverdientes Picknick vor zwei Giganten hinsetzen: dem Mont Pelvoux und seinem majest\u00e4tischen Violettes-Gletscher und dem Montbrison mit seiner imposanten Felswand, dem T\u00eate d&#8217;Aval, lassen wir uns von Antoine seine Geschichte erz\u00e4hlen.        <\/p>\n<\/div><\/div>\n\n\n\n<div class=\"wp-block-ws-library-ws-column\"><div class=\"wrapper\">\n<div class=\"wp-block-ws-library-ws-image\"><div class=\"wrapper\"><div class=\"group-media\"><img decoding=\"async\" src=\"https:\/\/www.paysdesecrins.com\/wp-content\/uploads\/2025\/07\/18vtt-veloderoute-dsc03567-2-960x640.jpg\" alt=\"\" class=\"single_image ws-image-21874\"><div class=\"credits\"><\/div><\/div><p class=\"caption\"><\/p><\/div><\/div>\n<\/div><\/div>\n<\/div>\n\n<div class=\"wp-block-ws-library-ws-title\"><h3>Antoine, Botschafter der M\u00f6glichkeiten<\/h3><\/div>\n\n<p>Vor seinem Unfall war Antoine Skilehrer und Tauchlehrer. Neben diesem Doppelabschluss \u00fcbte er sich unter anderem im Klettern, Kitesurfen und Gleitschirmfliegen. Diese Aktivit\u00e4ten haben ihn dazu gebracht, die ganze Welt zu bereisen. Eine Saison hier, eine Jahreszeit dort, Antoine verk\u00f6rpert die sportliche und saisonale Seele, die dem Leben in der H\u00f6he innewohnt, eine Lebensweise, die vom Rhythmus der Jahreszeiten diktiert wird. Zwischen seinen Reisen schlug er sein Basislager im Pays des \u00c9crins in Argenti\u00e8re-la-Bess\u00e9e auf, wo er sein Haus baute.    <\/p>\n\n<div class=\"wp-block-ws-library-ws-slider alignwide\"><div class=\"splide\" data-splide=\"{\"type\":\"slide\",\"heightRatio\":\"auto\",\"perPage\":4,\"perMove\":1,\"drag\":true,\"pagination\":0,\"autoplay\":false,\"gap\":\"15px\",\"breakpoints\":{\"450\":{\"perPage\":1},\"768\":{\"perPage\":2},\"992\":{\"perPage\":3},\"1200\":{\"perPage\":4}}}\"><div class=\"splide__track\"><div class=\"splide__list\"><div class=\"splide__slide\"><a href=\"https:\/\/www.paysdesecrins.com\/wp-content\/uploads\/2025\/07\/18microaventureoutdoor-dsc09621-scaled.jpg\" data-glightbox=\"true\" class=\"lightbox-trigger\"><img decoding=\"async\" src=\"https:\/\/www.paysdesecrins.com\/wp-content\/uploads\/2025\/07\/18microaventureoutdoor-dsc09621-400x400.jpg\" alt=\"\"><\/a><\/div><div class=\"splide__slide\"><a href=\"https:\/\/www.paysdesecrins.com\/wp-content\/uploads\/2025\/07\/18vtt-veloderoute-dsc03567-2-scaled.jpg\" data-glightbox=\"true\" class=\"lightbox-trigger\"><img decoding=\"async\" src=\"https:\/\/www.paysdesecrins.com\/wp-content\/uploads\/2025\/07\/18vtt-veloderoute-dsc03567-2-400x400.jpg\" alt=\"\"><\/a><\/div><div class=\"splide__slide\"><a href=\"https:\/\/www.paysdesecrins.com\/wp-content\/uploads\/2025\/07\/18vtt-veloderoute-dsc04261-scaled.jpg\" data-glightbox=\"true\" class=\"lightbox-trigger\"><img decoding=\"async\" src=\"https:\/\/www.paysdesecrins.com\/wp-content\/uploads\/2025\/07\/18vtt-veloderoute-dsc04261-400x400.jpg\" alt=\"\"><\/a><\/div><div class=\"splide__slide\"><a href=\"https:\/\/www.paysdesecrins.com\/wp-content\/uploads\/2025\/07\/181vtt-vttvaevtt-itine-rance-bouchier-geo-scaled.jpg\" data-glightbox=\"true\" class=\"lightbox-trigger\"><img decoding=\"async\" src=\"https:\/\/www.paysdesecrins.com\/wp-content\/uploads\/2025\/07\/181vtt-vttvaevtt-itine-rance-bouchier-geo-400x400.jpg\" alt=\"\"><\/a><\/div><div class=\"splide__slide\"><a href=\"https:\/\/www.paysdesecrins.com\/wp-content\/uploads\/2025\/07\/18veloderoute-dsc00234-400x400.jpg\" data-glightbox=\"true\" class=\"lightbox-trigger\"><img decoding=\"async\" src=\"https:\/\/www.paysdesecrins.com\/wp-content\/uploads\/2025\/07\/18veloderoute-dsc00234-400x400.jpg\" alt=\"\"><\/a><\/div><div class=\"splide__slide\"><a href=\"https:\/\/www.paysdesecrins.com\/wp-content\/uploads\/2025\/07\/18veloderoute-dsc00116-400x400.jpg\" data-glightbox=\"true\" class=\"lightbox-trigger\"><img decoding=\"async\" src=\"https:\/\/www.paysdesecrins.com\/wp-content\/uploads\/2025\/07\/18veloderoute-dsc00116-400x400.jpg\" alt=\"\"><\/a><\/div><\/div><\/div><\/div><\/div>\n\n<p>Seit seinem Unfall hat Antoine den Sport auf eine andere Art und Weise wiederentdeckt. Er begann mit dem Skifahren und Paragliding, aber auch mit Tennis, Radfahren und Wildwassersport. Es ist auch eine Gelegenheit, das Territorium neu zu entdecken: ein Paradies der M\u00f6glichkeiten f\u00fcr Outdoor-Sportarten, in dem k\u00f6rperliche Aktivit\u00e4ten im Freien von der Haust\u00fcr aus zug\u00e4nglich sind. Indem er sich selbst neu erfindet, inspiriert er uns, jeden Moment zu genie\u00dfen. Um zu messen, wie gl\u00fccklich wir sind, an einem solchen Ort zu leben! Das Pays des \u00c9crins, K\u00f6nigreich des Bergsports, eine gesch\u00fctzte Umgebung, die es uns erm\u00f6glicht, uns mit der Natur zu verbinden, die uns einl\u00e4dt, den Platz des Menschen unter den Lebewesen zu hinterfragen und uns um das und die Menschen um uns herum zu k\u00fcmmern.     <\/p>\n\n<div class=\"wp-block-ws-library-ws-share\"><span class=\"share-subtitle\">Hat Ihnen diese Seite gefallen?<\/span><span class=\"share-title\">Teilen Sie es!<\/span><button class=\"ws-share-button wp-element-button\">Diese Seite teilen<\/button><\/div>\n","protected":false},"excerpt":{"rendered":"<p>Wir haben schon eine Weile versucht, eine Radtour mit Antoine zu organisieren. Er musste zuerst die beiden Akkus seines Handbikes [&hellip;]<\/p>\n","protected":false},"author":4,"featured_media":20445,"parent":44578,"menu_order":0,"comment_status":"closed","ping_status":"closed","template":"","meta":{"_thumbnail_id_2":0,"summer_excerpt":"","season":"","station":"","footnotes":""},"class_list":["post-46060","page","type-page","status-publish","has-post-thumbnail","hentry"],"yoast_head":"<!-- This site is optimized with the Yoast SEO plugin v27.3 - https:\/\/yoast.com\/product\/yoast-seo-wordpress\/ -->\n<title>Eine Radtour wie keine andere - Pays des \u00c9crins - Office de Tourisme<\/title>\n<meta name=\"robots\" content=\"index, follow, max-snippet:-1, max-image-preview:large, max-video-preview:-1\" \/>\n<link rel=\"canonical\" href=\"https:\/\/www.paysdesecrins.com\/de\/mein-wunsch\/berg\/eine-radtour-wie-keine-andere\/\" \/>\n<meta property=\"og:locale\" content=\"de_DE\" \/>\n<meta property=\"og:type\" content=\"article\" \/>\n<meta property=\"og:title\" content=\"Eine Radtour wie keine andere - Pays des \u00c9crins - Office de Tourisme\" \/>\n<meta property=\"og:description\" content=\"Wir haben schon eine Weile versucht, eine Radtour mit Antoine zu organisieren. Er musste zuerst die beiden Akkus seines Handbikes [&hellip;]\" \/>\n<meta property=\"og:url\" content=\"https:\/\/www.paysdesecrins.com\/de\/mein-wunsch\/berg\/eine-radtour-wie-keine-andere\/\" \/>\n<meta property=\"og:site_name\" content=\"Pays des \u00c9crins - Office de Tourisme\" \/>\n<meta property=\"article:modified_time\" content=\"2025-08-08T08:01:14+00:00\" \/>\n<meta property=\"og:image\" content=\"https:\/\/www.paysdesecrins.com\/wp-content\/uploads\/2025\/07\/9inclusion-1.jpg\" \/>\n\t<meta property=\"og:image:width\" content=\"2040\" \/>\n\t<meta property=\"og:image:height\" content=\"1360\" \/>\n\t<meta property=\"og:image:type\" content=\"image\/jpeg\" \/>\n<meta name=\"twitter:card\" content=\"summary_large_image\" \/>\n<meta name=\"twitter:label1\" content=\"Gesch\u00e4tzte Lesezeit\" \/>\n\t<meta name=\"twitter:data1\" content=\"3 Minuten\" \/>\n<script type=\"application\/ld+json\" class=\"yoast-schema-graph\">{\"@context\":\"https:\\\/\\\/schema.org\",\"@graph\":[{\"@type\":\"WebPage\",\"@id\":\"https:\\\/\\\/www.paysdesecrins.com\\\/de\\\/mein-wunsch\\\/berg\\\/eine-radtour-wie-keine-andere\\\/\",\"url\":\"https:\\\/\\\/www.paysdesecrins.com\\\/de\\\/mein-wunsch\\\/berg\\\/eine-radtour-wie-keine-andere\\\/\",\"name\":\"Eine Radtour wie keine andere - Pays des \u00c9crins - Office de Tourisme\",\"isPartOf\":{\"@id\":\"https:\\\/\\\/www.paysdesecrins.com\\\/de\\\/#website\"},\"primaryImageOfPage\":{\"@id\":\"https:\\\/\\\/www.paysdesecrins.com\\\/de\\\/mein-wunsch\\\/berg\\\/eine-radtour-wie-keine-andere\\\/#primaryimage\"},\"image\":{\"@id\":\"https:\\\/\\\/www.paysdesecrins.com\\\/de\\\/mein-wunsch\\\/berg\\\/eine-radtour-wie-keine-andere\\\/#primaryimage\"},\"thumbnailUrl\":\"https:\\\/\\\/www.paysdesecrins.com\\\/wp-content\\\/uploads\\\/2025\\\/07\\\/9inclusion-1.jpg\",\"datePublished\":\"2025-07-23T12:17:17+00:00\",\"dateModified\":\"2025-08-08T08:01:14+00:00\",\"breadcrumb\":{\"@id\":\"https:\\\/\\\/www.paysdesecrins.com\\\/de\\\/mein-wunsch\\\/berg\\\/eine-radtour-wie-keine-andere\\\/#breadcrumb\"},\"inLanguage\":\"de\",\"potentialAction\":[{\"@type\":\"ReadAction\",\"target\":[\"https:\\\/\\\/www.paysdesecrins.com\\\/de\\\/mein-wunsch\\\/berg\\\/eine-radtour-wie-keine-andere\\\/\"]}]},{\"@type\":\"ImageObject\",\"inLanguage\":\"de\",\"@id\":\"https:\\\/\\\/www.paysdesecrins.com\\\/de\\\/mein-wunsch\\\/berg\\\/eine-radtour-wie-keine-andere\\\/#primaryimage\",\"url\":\"https:\\\/\\\/www.paysdesecrins.com\\\/wp-content\\\/uploads\\\/2025\\\/07\\\/9inclusion-1.jpg\",\"contentUrl\":\"https:\\\/\\\/www.paysdesecrins.com\\\/wp-content\\\/uploads\\\/2025\\\/07\\\/9inclusion-1.jpg\",\"width\":2040,\"height\":1360},{\"@type\":\"BreadcrumbList\",\"@id\":\"https:\\\/\\\/www.paysdesecrins.com\\\/de\\\/mein-wunsch\\\/berg\\\/eine-radtour-wie-keine-andere\\\/#breadcrumb\",\"itemListElement\":[{\"@type\":\"ListItem\",\"position\":1,\"name\":\"Accueil\",\"item\":\"https:\\\/\\\/www.paysdesecrins.com\\\/de\\\/der-titel-des-hauses\\\/\"},{\"@type\":\"ListItem\",\"position\":2,\"name\":\"Mein Wunsch,\",\"item\":\"https:\\\/\\\/www.paysdesecrins.com\\\/de\\\/mein-wunsch\\\/\"},{\"@type\":\"ListItem\",\"position\":3,\"name\":\"Meine Sehnsucht nach den Bergen\",\"item\":\"https:\\\/\\\/www.paysdesecrins.com\\\/de\\\/mein-wunsch\\\/berg\\\/\"},{\"@type\":\"ListItem\",\"position\":4,\"name\":\"Eine Radtour wie keine andere\"}]},{\"@type\":\"WebSite\",\"@id\":\"https:\\\/\\\/www.paysdesecrins.com\\\/de\\\/#website\",\"url\":\"https:\\\/\\\/www.paysdesecrins.com\\\/de\\\/\",\"name\":\"Pays des \u00c9crins - Office de Tourisme\",\"description\":\"L&#039;esprit montagne\",\"publisher\":{\"@id\":\"https:\\\/\\\/www.paysdesecrins.com\\\/de\\\/#organization\"},\"potentialAction\":[{\"@type\":\"SearchAction\",\"target\":{\"@type\":\"EntryPoint\",\"urlTemplate\":\"https:\\\/\\\/www.paysdesecrins.com\\\/de\\\/?s={search_term_string}\"},\"query-input\":{\"@type\":\"PropertyValueSpecification\",\"valueRequired\":true,\"valueName\":\"search_term_string\"}}],\"inLanguage\":\"de\"},{\"@type\":\"Organization\",\"@id\":\"https:\\\/\\\/www.paysdesecrins.com\\\/de\\\/#organization\",\"name\":\"Pays des \u00c9crins - Office de Tourisme\",\"url\":\"https:\\\/\\\/www.paysdesecrins.com\\\/de\\\/\",\"logo\":{\"@type\":\"ImageObject\",\"inLanguage\":\"de\",\"@id\":\"https:\\\/\\\/www.paysdesecrins.com\\\/de\\\/#\\\/schema\\\/logo\\\/image\\\/\",\"url\":\"https:\\\/\\\/www.paysdesecrins.com\\\/wp-content\\\/uploads\\\/2025\\\/06\\\/devina-svg-1750845694.svg\",\"contentUrl\":\"https:\\\/\\\/www.paysdesecrins.com\\\/wp-content\\\/uploads\\\/2025\\\/06\\\/devina-svg-1750845694.svg\",\"caption\":\"Pays des \u00c9crins - Office de Tourisme\"},\"image\":{\"@id\":\"https:\\\/\\\/www.paysdesecrins.com\\\/de\\\/#\\\/schema\\\/logo\\\/image\\\/\"}}]}<\/script>\n<!-- \/ Yoast SEO plugin. -->","yoast_head_json":{"title":"Eine Radtour wie keine andere - Pays des \u00c9crins - Office de Tourisme","robots":{"index":"index","follow":"follow","max-snippet":"max-snippet:-1","max-image-preview":"max-image-preview:large","max-video-preview":"max-video-preview:-1"},"canonical":"https:\/\/www.paysdesecrins.com\/de\/mein-wunsch\/berg\/eine-radtour-wie-keine-andere\/","og_locale":"de_DE","og_type":"article","og_title":"Eine Radtour wie keine andere - Pays des \u00c9crins - Office de Tourisme","og_description":"Wir haben schon eine Weile versucht, eine Radtour mit Antoine zu organisieren. Er musste zuerst die beiden Akkus seines Handbikes [&hellip;]","og_url":"https:\/\/www.paysdesecrins.com\/de\/mein-wunsch\/berg\/eine-radtour-wie-keine-andere\/","og_site_name":"Pays des \u00c9crins - Office de Tourisme","article_modified_time":"2025-08-08T08:01:14+00:00","og_image":[{"width":2040,"height":1360,"url":"https:\/\/www.paysdesecrins.com\/wp-content\/uploads\/2025\/07\/9inclusion-1.jpg","type":"image\/jpeg"}],"twitter_card":"summary_large_image","twitter_misc":{"Gesch\u00e4tzte Lesezeit":"3 Minuten"},"schema":{"@context":"https:\/\/schema.org","@graph":[{"@type":"WebPage","@id":"https:\/\/www.paysdesecrins.com\/de\/mein-wunsch\/berg\/eine-radtour-wie-keine-andere\/","url":"https:\/\/www.paysdesecrins.com\/de\/mein-wunsch\/berg\/eine-radtour-wie-keine-andere\/","name":"Eine Radtour wie keine andere - Pays des \u00c9crins - Office de Tourisme","isPartOf":{"@id":"https:\/\/www.paysdesecrins.com\/de\/#website"},"primaryImageOfPage":{"@id":"https:\/\/www.paysdesecrins.com\/de\/mein-wunsch\/berg\/eine-radtour-wie-keine-andere\/#primaryimage"},"image":{"@id":"https:\/\/www.paysdesecrins.com\/de\/mein-wunsch\/berg\/eine-radtour-wie-keine-andere\/#primaryimage"},"thumbnailUrl":"https:\/\/www.paysdesecrins.com\/wp-content\/uploads\/2025\/07\/9inclusion-1.jpg","datePublished":"2025-07-23T12:17:17+00:00","dateModified":"2025-08-08T08:01:14+00:00","breadcrumb":{"@id":"https:\/\/www.paysdesecrins.com\/de\/mein-wunsch\/berg\/eine-radtour-wie-keine-andere\/#breadcrumb"},"inLanguage":"de","potentialAction":[{"@type":"ReadAction","target":["https:\/\/www.paysdesecrins.com\/de\/mein-wunsch\/berg\/eine-radtour-wie-keine-andere\/"]}]},{"@type":"ImageObject","inLanguage":"de","@id":"https:\/\/www.paysdesecrins.com\/de\/mein-wunsch\/berg\/eine-radtour-wie-keine-andere\/#primaryimage","url":"https:\/\/www.paysdesecrins.com\/wp-content\/uploads\/2025\/07\/9inclusion-1.jpg","contentUrl":"https:\/\/www.paysdesecrins.com\/wp-content\/uploads\/2025\/07\/9inclusion-1.jpg","width":2040,"height":1360},{"@type":"BreadcrumbList","@id":"https:\/\/www.paysdesecrins.com\/de\/mein-wunsch\/berg\/eine-radtour-wie-keine-andere\/#breadcrumb","itemListElement":[{"@type":"ListItem","position":1,"name":"Accueil","item":"https:\/\/www.paysdesecrins.com\/de\/der-titel-des-hauses\/"},{"@type":"ListItem","position":2,"name":"Mein Wunsch,","item":"https:\/\/www.paysdesecrins.com\/de\/mein-wunsch\/"},{"@type":"ListItem","position":3,"name":"Meine Sehnsucht nach den Bergen","item":"https:\/\/www.paysdesecrins.com\/de\/mein-wunsch\/berg\/"},{"@type":"ListItem","position":4,"name":"Eine Radtour wie keine andere"}]},{"@type":"WebSite","@id":"https:\/\/www.paysdesecrins.com\/de\/#website","url":"https:\/\/www.paysdesecrins.com\/de\/","name":"Pays des \u00c9crins - Office de Tourisme","description":"L&#039;esprit montagne","publisher":{"@id":"https:\/\/www.paysdesecrins.com\/de\/#organization"},"potentialAction":[{"@type":"SearchAction","target":{"@type":"EntryPoint","urlTemplate":"https:\/\/www.paysdesecrins.com\/de\/?s={search_term_string}"},"query-input":{"@type":"PropertyValueSpecification","valueRequired":true,"valueName":"search_term_string"}}],"inLanguage":"de"},{"@type":"Organization","@id":"https:\/\/www.paysdesecrins.com\/de\/#organization","name":"Pays des \u00c9crins - Office de Tourisme","url":"https:\/\/www.paysdesecrins.com\/de\/","logo":{"@type":"ImageObject","inLanguage":"de","@id":"https:\/\/www.paysdesecrins.com\/de\/#\/schema\/logo\/image\/","url":"https:\/\/www.paysdesecrins.com\/wp-content\/uploads\/2025\/06\/devina-svg-1750845694.svg","contentUrl":"https:\/\/www.paysdesecrins.com\/wp-content\/uploads\/2025\/06\/devina-svg-1750845694.svg","caption":"Pays des \u00c9crins - Office de Tourisme"},"image":{"@id":"https:\/\/www.paysdesecrins.com\/de\/#\/schema\/logo\/image\/"}}]}},"_links":{"self":[{"href":"https:\/\/www.paysdesecrins.com\/de\/wp-json\/wp\/v2\/pages\/46060","targetHints":{"allow":["GET"]}}],"collection":[{"href":"https:\/\/www.paysdesecrins.com\/de\/wp-json\/wp\/v2\/pages"}],"about":[{"href":"https:\/\/www.paysdesecrins.com\/de\/wp-json\/wp\/v2\/types\/page"}],"author":[{"embeddable":true,"href":"https:\/\/www.paysdesecrins.com\/de\/wp-json\/wp\/v2\/users\/4"}],"replies":[{"embeddable":true,"href":"https:\/\/www.paysdesecrins.com\/de\/wp-json\/wp\/v2\/comments?post=46060"}],"version-history":[{"count":0,"href":"https:\/\/www.paysdesecrins.com\/de\/wp-json\/wp\/v2\/pages\/46060\/revisions"}],"up":[{"embeddable":true,"href":"https:\/\/www.paysdesecrins.com\/de\/wp-json\/wp\/v2\/pages\/44578"}],"wp:featuredmedia":[{"embeddable":true,"href":"https:\/\/www.paysdesecrins.com\/de\/wp-json\/wp\/v2\/media\/20445"}],"wp:attachment":[{"href":"https:\/\/www.paysdesecrins.com\/de\/wp-json\/wp\/v2\/media?parent=46060"}],"curies":[{"name":"wp","href":"https:\/\/api.w.org\/{rel}","templated":true}]}}