{"id":46085,"date":"2025-07-24T09:18:38","date_gmt":"2025-07-24T07:18:38","guid":{"rendered":"https:\/\/www.paysdesecrins.com\/sehenswuerdigkeiten-die-man-gesehen-haben-muss\/das-wellental\/"},"modified":"2025-08-08T11:05:05","modified_gmt":"2025-08-08T09:05:05","slug":"das-wellental","status":"publish","type":"page","link":"https:\/\/www.paysdesecrins.com\/de\/ich-waehle\/sehenswuerdigkeiten-die-man-gesehen-haben-muss\/das-wellental\/","title":{"rendered":"Das Wellental"},"content":{"rendered":"    <div class=\"alignfull wp-block-ws-library-ws-header-interne\" data-season=\"allseasons\">\n\t    <div class=\"header-container\">\n\t        <div class=\"group-media has-image\">\n\t            \t                <img loading=\"lazy\" decoding=\"async\" width=\"1920\" height=\"800\" src=\"https:\/\/www.paysdesecrins.com\/wp-content\/uploads\/2025\/07\/dsc09158-1920x800.jpg\" alt=\"\" class=\"image_large_square wp-image-35098\" \/>\n\t            \t        <\/div>\n\t        <div class=\"group-content\">\n\t            <div class=\"title\">\n\t                <h1>\n\t                    Das Wellental  \t                    \t                <\/h1>\n\t            <\/div>\n\t        <\/div>\n\t    <\/div>\n\t    \n<div class=\"yoast-breadcrumbs\"><span><span><a href=\"https:\/\/www.paysdesecrins.com\/de\/der-titel-des-hauses\/\">Accueil<\/a><\/span>  <span><a href=\"https:\/\/www.paysdesecrins.com\/de\/ich-waehle\/\">Ich w\u00e4hle<\/a><\/span>  <span><a href=\"https:\/\/www.paysdesecrins.com\/de\/ich-waehle\/sehenswuerdigkeiten-die-man-gesehen-haben-muss\/\">Sehensw\u00fcrdigkeiten, die man gesehen haben muss<\/a><\/span>  <span class=\"breadcrumb_last\" aria-current=\"page\">Das Wellental<\/span><\/span><\/div>\n    <\/div>\n    \n<div class=\"wp-block-ws-library-ws-title aligncenter is-style-default\" data-season=\"allseasons\"><h2><em>Onde-Tal<\/em>  Hier macht die Welle keinen L\u00e4rm, sie flie\u00dft unter dem Schnee hindurch<\/h2><\/div>\n\n<p data-season=\"allseasons\">Wenn der Schnee das Onde-Tal bedeckt, verwandelt sich die Landschaft. Vereiste L\u00e4rchen, zugefrorene Fl\u00fcsse, wohltuende Stille: Hier ist der Winter wild und nat\u00fcrlich geblieben. Weiler wie Villard oder Grand Parcher scheinen im Wei\u00dfen zu liegen, weit weg von L\u00e4rm und Hektik.  <\/p>\n\n<div class=\"wp-block-ws-library-ws-banner alignfull\" data-season=\"allseasons\"><div class=\"wrapper\"><div class=\"group-media\"><img loading=\"lazy\" decoding=\"async\" width=\"1920\" height=\"480\" src=\"https:\/\/www.paysdesecrins.com\/wp-content\/uploads\/2025\/07\/dsc00266-1920x480.jpg\" alt=\"\" class=\"single_image wp-image-30464\"><\/div>\n<div class=\"group-content\"><div class=\"wp-block-ws-library-ws-title\" data-season=\"allseasons\"><h3>Ein gesch\u00fctztes Tal im Herzen des Winters  <\/h3><\/div><p data-season=\"allseasons\">Das Onde-Tal, eingebettet in das Pays des \u00c9crins, bietet vom ersten Schnee an ein ruhiges und authentisches Gesicht.<br>Traditionelle D\u00f6rfer wie Villard oder Grand Parcher f\u00fcgen sich wie selbstverst\u00e4ndlich in die Einrichtung ein: wei\u00df get\u00fcnchte D\u00e4cher, stille Stille, reines Licht. Hier ist der Winter kein Schaufenster, sondern eine Atmosph\u00e4re. <\/p><p data-season=\"allseasons\">Die gefrorenen L\u00e4rchen, der teilweise zugefrorene Fluss und die verschneiten Wege ergeben ein einfaches, beruhigendes Bild, ohne Kunstgriffe. Die Menschen kommen hierher, um Ruhe zu suchen, eine direkte Beziehung zur Natur, weit weg vom Trubel der gro\u00dfen Resorts. <\/p><div class=\"wp-block-ws-library-ws-title\" data-season=\"allseasons\"><h3>Ein nordischer Spielplatz nach menschlichem Ma\u00dfstab<\/h3><\/div><p>Das Onde-Tal ist auch ein Ort f\u00fcr Winteraktivit\u00e4ten, die f\u00fcr alle Niveaus geeignet sind.<\/p><p>Das Gebiet Vallouise Nordic bietet 35 km Langlaufloipen zwischen W\u00e4ldern, Lichtungen und Flussufern. Dank des k\u00fcnstlichen Schnees garantiert das Tal eine lange Saison von November bis M\u00e4rz. <\/p><p>Auf Schneeschuhen gibt es viele Routen, die es Ihnen erm\u00f6glichen, die Umgebung sanft zu erkunden, wie z.B. die Schleife zum Pimouget-Chalet.<\/p><p>Unterhaltung pr\u00e4gt die Saison: Biathlon-Einf\u00fchrungen, Konzerte, Vollmondabende oder auch das &#8222;Lawinenspiel&#8220;, um die Sicherheit in den Bergen zu entdecken.<\/p><p>Das Chalet Vallouise Nordic rundet das Erlebnis mit einem sackfreien Bereich, einer Terrasse und einem herzlichen Empfang ab. Eine wohlverdiente Pause nach der Anstrengung. <\/p><\/div>\n\n\n\n\n\n\n\n\n\n\n\n\n\n\n\n\n\n\n\n\n\n\n\n\n\n\n\n\n\n\n\n\n<\/div><\/div>\n\n<div class=\"wp-block-ws-library-ws-slider alignwide\"><div class=\"splide\" data-splide=\"{\"type\":\"slide\",\"heightRatio\":\"auto\",\"perPage\":4,\"perMove\":1,\"drag\":true,\"pagination\":0,\"autoplay\":false,\"gap\":\"15px\",\"breakpoints\":{\"450\":{\"perPage\":1},\"768\":{\"perPage\":2},\"992\":{\"perPage\":3},\"1200\":{\"perPage\":4}}}\"><div class=\"splide__track\"><div class=\"splide__list\"><div class=\"splide__slide\"><a href=\"https:\/\/www.paysdesecrins.com\/wp-content\/uploads\/2025\/07\/dsc08939-2-scaled.jpg\" data-glightbox=\"true\" class=\"lightbox-trigger\"><img decoding=\"async\" src=\"https:\/\/www.paysdesecrins.com\/wp-content\/uploads\/2025\/07\/dsc08939-2-400x400.jpg\" alt=\"\"><\/a><\/div><div class=\"splide__slide\"><a href=\"https:\/\/www.paysdesecrins.com\/wp-content\/uploads\/2025\/07\/dsc09167-scaled.jpg\" data-glightbox=\"true\" class=\"lightbox-trigger\"><img decoding=\"async\" src=\"https:\/\/www.paysdesecrins.com\/wp-content\/uploads\/2025\/07\/dsc09167-400x400.jpg\" alt=\"\"><\/a><\/div><div class=\"splide__slide\"><a href=\"https:\/\/www.paysdesecrins.com\/wp-content\/uploads\/2025\/07\/dsc05928-1-scaled.jpg\" data-glightbox=\"true\" class=\"lightbox-trigger\"><img decoding=\"async\" src=\"https:\/\/www.paysdesecrins.com\/wp-content\/uploads\/2025\/07\/dsc05928-1-400x400.jpg\" alt=\"\"><\/a><\/div><div class=\"splide__slide\"><a href=\"https:\/\/www.paysdesecrins.com\/wp-content\/uploads\/2025\/07\/dsc00266-scaled.jpg\" data-glightbox=\"true\" class=\"lightbox-trigger\"><img decoding=\"async\" src=\"https:\/\/www.paysdesecrins.com\/wp-content\/uploads\/2025\/07\/dsc00266-400x400.jpg\" alt=\"\"><\/a><\/div><div class=\"splide__slide\"><a href=\"https:\/\/www.paysdesecrins.com\/wp-content\/uploads\/2025\/07\/dsc00346-scaled.jpg\" data-glightbox=\"true\" class=\"lightbox-trigger\"><img decoding=\"async\" src=\"https:\/\/www.paysdesecrins.com\/wp-content\/uploads\/2025\/07\/dsc00346-400x400.jpg\" alt=\"\"><\/a><\/div><div class=\"splide__slide\"><a href=\"https:\/\/www.paysdesecrins.com\/wp-content\/uploads\/2025\/07\/dsc00242-scaled.jpg\" data-glightbox=\"true\" class=\"lightbox-trigger\"><img decoding=\"async\" src=\"https:\/\/www.paysdesecrins.com\/wp-content\/uploads\/2025\/07\/dsc00242-400x400.jpg\" alt=\"\"><\/a><\/div><\/div><\/div><\/div><\/div>\n\n<div class=\"wp-block-ws-library-ws-share\"><span class=\"share-subtitle\">Hat Ihnen diese Seite gefallen?<\/span><span class=\"share-title\">Teilen Sie es!<\/span><button class=\"ws-share-button wp-element-button\">Diese Seite teilen<\/button><\/div>\n","protected":false},"excerpt":{"rendered":"<p>Wenn der Schnee das Onde-Tal bedeckt, verwandelt sich die Landschaft. Vereiste L\u00e4rchen, zugefrorene Fl\u00fcsse, wohltuende Stille: Hier ist der Winter [&hellip;]<\/p>\n","protected":false},"author":4,"featured_media":35101,"parent":45272,"menu_order":0,"comment_status":"closed","ping_status":"closed","template":"","meta":{"_thumbnail_id_2":0,"summer_excerpt":"","season":"","station":"","footnotes":""},"class_list":["post-46085","page","type-page","status-publish","has-post-thumbnail","hentry"],"yoast_head":"<!-- This site is optimized with the Yoast SEO plugin v27.3 - https:\/\/yoast.com\/product\/yoast-seo-wordpress\/ -->\n<title>Das Wellental - Pays des \u00c9crins - Office de Tourisme<\/title>\n<meta name=\"robots\" content=\"index, follow, max-snippet:-1, max-image-preview:large, max-video-preview:-1\" \/>\n<link rel=\"canonical\" href=\"https:\/\/www.paysdesecrins.com\/de\/ich-waehle\/sehenswuerdigkeiten-die-man-gesehen-haben-muss\/das-wellental\/\" \/>\n<meta property=\"og:locale\" content=\"de_DE\" \/>\n<meta property=\"og:type\" content=\"article\" \/>\n<meta property=\"og:title\" content=\"Das Wellental - Pays des \u00c9crins - Office de Tourisme\" \/>\n<meta property=\"og:description\" content=\"Wenn der Schnee das Onde-Tal bedeckt, verwandelt sich die Landschaft. Vereiste L\u00e4rchen, zugefrorene Fl\u00fcsse, wohltuende Stille: Hier ist der Winter [&hellip;]\" \/>\n<meta property=\"og:url\" content=\"https:\/\/www.paysdesecrins.com\/de\/ich-waehle\/sehenswuerdigkeiten-die-man-gesehen-haben-muss\/das-wellental\/\" \/>\n<meta property=\"og:site_name\" content=\"Pays des \u00c9crins - Office de Tourisme\" \/>\n<meta property=\"article:modified_time\" content=\"2025-08-08T09:05:05+00:00\" \/>\n<meta property=\"og:image\" content=\"https:\/\/www.paysdesecrins.com\/wp-content\/uploads\/2025\/07\/dsc09158-scaled.jpg\" \/>\n\t<meta property=\"og:image:width\" content=\"2560\" \/>\n\t<meta property=\"og:image:height\" content=\"1707\" \/>\n\t<meta property=\"og:image:type\" content=\"image\/jpeg\" \/>\n<meta name=\"twitter:card\" content=\"summary_large_image\" \/>\n<meta name=\"twitter:label1\" content=\"Gesch\u00e4tzte Lesezeit\" \/>\n\t<meta name=\"twitter:data1\" content=\"1\u00a0Minute\" \/>\n<script type=\"application\/ld+json\" class=\"yoast-schema-graph\">{\"@context\":\"https:\\\/\\\/schema.org\",\"@graph\":[{\"@type\":\"WebPage\",\"@id\":\"https:\\\/\\\/www.paysdesecrins.com\\\/de\\\/ich-waehle\\\/sehenswuerdigkeiten-die-man-gesehen-haben-muss\\\/das-wellental\\\/\",\"url\":\"https:\\\/\\\/www.paysdesecrins.com\\\/de\\\/ich-waehle\\\/sehenswuerdigkeiten-die-man-gesehen-haben-muss\\\/das-wellental\\\/\",\"name\":\"Das Wellental - Pays des \u00c9crins - Office de Tourisme\",\"isPartOf\":{\"@id\":\"https:\\\/\\\/www.paysdesecrins.com\\\/de\\\/#website\"},\"primaryImageOfPage\":{\"@id\":\"https:\\\/\\\/www.paysdesecrins.com\\\/de\\\/ich-waehle\\\/sehenswuerdigkeiten-die-man-gesehen-haben-muss\\\/das-wellental\\\/#primaryimage\"},\"image\":{\"@id\":\"https:\\\/\\\/www.paysdesecrins.com\\\/de\\\/ich-waehle\\\/sehenswuerdigkeiten-die-man-gesehen-haben-muss\\\/das-wellental\\\/#primaryimage\"},\"thumbnailUrl\":\"https:\\\/\\\/www.paysdesecrins.com\\\/wp-content\\\/uploads\\\/2025\\\/07\\\/dsc09158-scaled.jpg\",\"datePublished\":\"2025-07-24T07:18:38+00:00\",\"dateModified\":\"2025-08-08T09:05:05+00:00\",\"breadcrumb\":{\"@id\":\"https:\\\/\\\/www.paysdesecrins.com\\\/de\\\/ich-waehle\\\/sehenswuerdigkeiten-die-man-gesehen-haben-muss\\\/das-wellental\\\/#breadcrumb\"},\"inLanguage\":\"de\",\"potentialAction\":[{\"@type\":\"ReadAction\",\"target\":[\"https:\\\/\\\/www.paysdesecrins.com\\\/de\\\/ich-waehle\\\/sehenswuerdigkeiten-die-man-gesehen-haben-muss\\\/das-wellental\\\/\"]}]},{\"@type\":\"ImageObject\",\"inLanguage\":\"de\",\"@id\":\"https:\\\/\\\/www.paysdesecrins.com\\\/de\\\/ich-waehle\\\/sehenswuerdigkeiten-die-man-gesehen-haben-muss\\\/das-wellental\\\/#primaryimage\",\"url\":\"https:\\\/\\\/www.paysdesecrins.com\\\/wp-content\\\/uploads\\\/2025\\\/07\\\/dsc09158-scaled.jpg\",\"contentUrl\":\"https:\\\/\\\/www.paysdesecrins.com\\\/wp-content\\\/uploads\\\/2025\\\/07\\\/dsc09158-scaled.jpg\",\"width\":2560,\"height\":1707},{\"@type\":\"BreadcrumbList\",\"@id\":\"https:\\\/\\\/www.paysdesecrins.com\\\/de\\\/ich-waehle\\\/sehenswuerdigkeiten-die-man-gesehen-haben-muss\\\/das-wellental\\\/#breadcrumb\",\"itemListElement\":[{\"@type\":\"ListItem\",\"position\":1,\"name\":\"Accueil\",\"item\":\"https:\\\/\\\/www.paysdesecrins.com\\\/de\\\/der-titel-des-hauses\\\/\"},{\"@type\":\"ListItem\",\"position\":2,\"name\":\"Ich w\u00e4hle\",\"item\":\"https:\\\/\\\/www.paysdesecrins.com\\\/de\\\/ich-waehle\\\/\"},{\"@type\":\"ListItem\",\"position\":3,\"name\":\"Sehensw\u00fcrdigkeiten, die man gesehen haben muss\",\"item\":\"https:\\\/\\\/www.paysdesecrins.com\\\/de\\\/ich-waehle\\\/sehenswuerdigkeiten-die-man-gesehen-haben-muss\\\/\"},{\"@type\":\"ListItem\",\"position\":4,\"name\":\"Das Wellental\"}]},{\"@type\":\"WebSite\",\"@id\":\"https:\\\/\\\/www.paysdesecrins.com\\\/de\\\/#website\",\"url\":\"https:\\\/\\\/www.paysdesecrins.com\\\/de\\\/\",\"name\":\"Pays des \u00c9crins - Office de Tourisme\",\"description\":\"L&#039;esprit montagne\",\"publisher\":{\"@id\":\"https:\\\/\\\/www.paysdesecrins.com\\\/de\\\/#organization\"},\"potentialAction\":[{\"@type\":\"SearchAction\",\"target\":{\"@type\":\"EntryPoint\",\"urlTemplate\":\"https:\\\/\\\/www.paysdesecrins.com\\\/de\\\/?s={search_term_string}\"},\"query-input\":{\"@type\":\"PropertyValueSpecification\",\"valueRequired\":true,\"valueName\":\"search_term_string\"}}],\"inLanguage\":\"de\"},{\"@type\":\"Organization\",\"@id\":\"https:\\\/\\\/www.paysdesecrins.com\\\/de\\\/#organization\",\"name\":\"Pays des \u00c9crins - Office de Tourisme\",\"url\":\"https:\\\/\\\/www.paysdesecrins.com\\\/de\\\/\",\"logo\":{\"@type\":\"ImageObject\",\"inLanguage\":\"de\",\"@id\":\"https:\\\/\\\/www.paysdesecrins.com\\\/de\\\/#\\\/schema\\\/logo\\\/image\\\/\",\"url\":\"https:\\\/\\\/www.paysdesecrins.com\\\/wp-content\\\/uploads\\\/2025\\\/06\\\/devina-svg-1750845694.svg\",\"contentUrl\":\"https:\\\/\\\/www.paysdesecrins.com\\\/wp-content\\\/uploads\\\/2025\\\/06\\\/devina-svg-1750845694.svg\",\"caption\":\"Pays des \u00c9crins - Office de Tourisme\"},\"image\":{\"@id\":\"https:\\\/\\\/www.paysdesecrins.com\\\/de\\\/#\\\/schema\\\/logo\\\/image\\\/\"}}]}<\/script>\n<!-- \/ Yoast SEO plugin. -->","yoast_head_json":{"title":"Das Wellental - Pays des \u00c9crins - Office de Tourisme","robots":{"index":"index","follow":"follow","max-snippet":"max-snippet:-1","max-image-preview":"max-image-preview:large","max-video-preview":"max-video-preview:-1"},"canonical":"https:\/\/www.paysdesecrins.com\/de\/ich-waehle\/sehenswuerdigkeiten-die-man-gesehen-haben-muss\/das-wellental\/","og_locale":"de_DE","og_type":"article","og_title":"Das Wellental - Pays des \u00c9crins - Office de Tourisme","og_description":"Wenn der Schnee das Onde-Tal bedeckt, verwandelt sich die Landschaft. Vereiste L\u00e4rchen, zugefrorene Fl\u00fcsse, wohltuende Stille: Hier ist der Winter [&hellip;]","og_url":"https:\/\/www.paysdesecrins.com\/de\/ich-waehle\/sehenswuerdigkeiten-die-man-gesehen-haben-muss\/das-wellental\/","og_site_name":"Pays des \u00c9crins - Office de Tourisme","article_modified_time":"2025-08-08T09:05:05+00:00","og_image":[{"width":2560,"height":1707,"url":"https:\/\/www.paysdesecrins.com\/wp-content\/uploads\/2025\/07\/dsc09158-scaled.jpg","type":"image\/jpeg"}],"twitter_card":"summary_large_image","twitter_misc":{"Gesch\u00e4tzte Lesezeit":"1\u00a0Minute"},"schema":{"@context":"https:\/\/schema.org","@graph":[{"@type":"WebPage","@id":"https:\/\/www.paysdesecrins.com\/de\/ich-waehle\/sehenswuerdigkeiten-die-man-gesehen-haben-muss\/das-wellental\/","url":"https:\/\/www.paysdesecrins.com\/de\/ich-waehle\/sehenswuerdigkeiten-die-man-gesehen-haben-muss\/das-wellental\/","name":"Das Wellental - Pays des \u00c9crins - Office de Tourisme","isPartOf":{"@id":"https:\/\/www.paysdesecrins.com\/de\/#website"},"primaryImageOfPage":{"@id":"https:\/\/www.paysdesecrins.com\/de\/ich-waehle\/sehenswuerdigkeiten-die-man-gesehen-haben-muss\/das-wellental\/#primaryimage"},"image":{"@id":"https:\/\/www.paysdesecrins.com\/de\/ich-waehle\/sehenswuerdigkeiten-die-man-gesehen-haben-muss\/das-wellental\/#primaryimage"},"thumbnailUrl":"https:\/\/www.paysdesecrins.com\/wp-content\/uploads\/2025\/07\/dsc09158-scaled.jpg","datePublished":"2025-07-24T07:18:38+00:00","dateModified":"2025-08-08T09:05:05+00:00","breadcrumb":{"@id":"https:\/\/www.paysdesecrins.com\/de\/ich-waehle\/sehenswuerdigkeiten-die-man-gesehen-haben-muss\/das-wellental\/#breadcrumb"},"inLanguage":"de","potentialAction":[{"@type":"ReadAction","target":["https:\/\/www.paysdesecrins.com\/de\/ich-waehle\/sehenswuerdigkeiten-die-man-gesehen-haben-muss\/das-wellental\/"]}]},{"@type":"ImageObject","inLanguage":"de","@id":"https:\/\/www.paysdesecrins.com\/de\/ich-waehle\/sehenswuerdigkeiten-die-man-gesehen-haben-muss\/das-wellental\/#primaryimage","url":"https:\/\/www.paysdesecrins.com\/wp-content\/uploads\/2025\/07\/dsc09158-scaled.jpg","contentUrl":"https:\/\/www.paysdesecrins.com\/wp-content\/uploads\/2025\/07\/dsc09158-scaled.jpg","width":2560,"height":1707},{"@type":"BreadcrumbList","@id":"https:\/\/www.paysdesecrins.com\/de\/ich-waehle\/sehenswuerdigkeiten-die-man-gesehen-haben-muss\/das-wellental\/#breadcrumb","itemListElement":[{"@type":"ListItem","position":1,"name":"Accueil","item":"https:\/\/www.paysdesecrins.com\/de\/der-titel-des-hauses\/"},{"@type":"ListItem","position":2,"name":"Ich w\u00e4hle","item":"https:\/\/www.paysdesecrins.com\/de\/ich-waehle\/"},{"@type":"ListItem","position":3,"name":"Sehensw\u00fcrdigkeiten, die man gesehen haben muss","item":"https:\/\/www.paysdesecrins.com\/de\/ich-waehle\/sehenswuerdigkeiten-die-man-gesehen-haben-muss\/"},{"@type":"ListItem","position":4,"name":"Das Wellental"}]},{"@type":"WebSite","@id":"https:\/\/www.paysdesecrins.com\/de\/#website","url":"https:\/\/www.paysdesecrins.com\/de\/","name":"Pays des \u00c9crins - Office de Tourisme","description":"L&#039;esprit montagne","publisher":{"@id":"https:\/\/www.paysdesecrins.com\/de\/#organization"},"potentialAction":[{"@type":"SearchAction","target":{"@type":"EntryPoint","urlTemplate":"https:\/\/www.paysdesecrins.com\/de\/?s={search_term_string}"},"query-input":{"@type":"PropertyValueSpecification","valueRequired":true,"valueName":"search_term_string"}}],"inLanguage":"de"},{"@type":"Organization","@id":"https:\/\/www.paysdesecrins.com\/de\/#organization","name":"Pays des \u00c9crins - Office de Tourisme","url":"https:\/\/www.paysdesecrins.com\/de\/","logo":{"@type":"ImageObject","inLanguage":"de","@id":"https:\/\/www.paysdesecrins.com\/de\/#\/schema\/logo\/image\/","url":"https:\/\/www.paysdesecrins.com\/wp-content\/uploads\/2025\/06\/devina-svg-1750845694.svg","contentUrl":"https:\/\/www.paysdesecrins.com\/wp-content\/uploads\/2025\/06\/devina-svg-1750845694.svg","caption":"Pays des \u00c9crins - Office de Tourisme"},"image":{"@id":"https:\/\/www.paysdesecrins.com\/de\/#\/schema\/logo\/image\/"}}]}},"_links":{"self":[{"href":"https:\/\/www.paysdesecrins.com\/de\/wp-json\/wp\/v2\/pages\/46085","targetHints":{"allow":["GET"]}}],"collection":[{"href":"https:\/\/www.paysdesecrins.com\/de\/wp-json\/wp\/v2\/pages"}],"about":[{"href":"https:\/\/www.paysdesecrins.com\/de\/wp-json\/wp\/v2\/types\/page"}],"author":[{"embeddable":true,"href":"https:\/\/www.paysdesecrins.com\/de\/wp-json\/wp\/v2\/users\/4"}],"replies":[{"embeddable":true,"href":"https:\/\/www.paysdesecrins.com\/de\/wp-json\/wp\/v2\/comments?post=46085"}],"version-history":[{"count":0,"href":"https:\/\/www.paysdesecrins.com\/de\/wp-json\/wp\/v2\/pages\/46085\/revisions"}],"up":[{"embeddable":true,"href":"https:\/\/www.paysdesecrins.com\/de\/wp-json\/wp\/v2\/pages\/45272"}],"wp:featuredmedia":[{"embeddable":true,"href":"https:\/\/www.paysdesecrins.com\/de\/wp-json\/wp\/v2\/media\/35101"}],"wp:attachment":[{"href":"https:\/\/www.paysdesecrins.com\/de\/wp-json\/wp\/v2\/media?parent=46085"}],"curies":[{"name":"wp","href":"https:\/\/api.w.org\/{rel}","templated":true}]}}