{"id":46637,"date":"2025-07-24T14:27:14","date_gmt":"2025-07-24T12:27:14","guid":{"rendered":"https:\/\/www.paysdesecrins.com\/mein-wunsch\/44574-2\/der-see-von-argentiere-la-bessee\/"},"modified":"2025-08-08T10:48:04","modified_gmt":"2025-08-08T08:48:04","slug":"der-see-von-argentiere-la-bessee","status":"publish","type":"page","link":"https:\/\/www.paysdesecrins.com\/de\/mein-wunsch\/44574-2\/der-see-von-argentiere-la-bessee\/","title":{"rendered":"Der See von Argenti\u00e8re-La-Bess\u00e9e"},"content":{"rendered":"    <div class=\"alignfull wp-block-ws-library-ws-header-interne\">\n\t    <div class=\"header-container\">\n\t        <div class=\"group-media has-image\">\n\t            \t                <img loading=\"lazy\" decoding=\"async\" width=\"1920\" height=\"800\" src=\"https:\/\/www.paysdesecrins.com\/wp-content\/uploads\/2025\/08\/img-1201-1920x800.jpg\" alt=\"\" class=\"image_large_square wp-image-72555\" \/>\n\t            \t        <\/div>\n\t        <div class=\"group-content\">\n\t            <div class=\"title\">\n\t                <h1>\n\t                    Der See von Argenti\u00e8re-La-Bess\u00e9e\t                    \t                <\/h1>\n\t            <\/div>\n\t        <\/div>\n\t    <\/div>\n\t    \n<div class=\"yoast-breadcrumbs\"><span><span><a href=\"https:\/\/www.paysdesecrins.com\/de\/der-titel-des-hauses\/\">Accueil<\/a><\/span>  <span><a href=\"https:\/\/www.paysdesecrins.com\/de\/mein-wunsch\/\">Mein Wunsch,<\/a><\/span>  <span><a href=\"https:\/\/www.paysdesecrins.com\/de\/mein-wunsch\/44574-2\/\">Mein Wunsch nach Entspannung<\/a><\/span>  <span class=\"breadcrumb_last\" aria-current=\"page\">Der See von Argenti\u00e8re-La-Bess\u00e9e<\/span><\/span><\/div>\n    <\/div>\n    \n<div class=\"wp-block-ws-library-ws-title aligncenter is-style-simple\"><h2>Wassersport und Entspannung entlang der Durance<\/h2><\/div>\n\n<p class=\"has-text-align-center\">Der Argenti\u00e8re-la-Bess\u00e9e-See, der sich in der N\u00e4he des Wildwasserstadions an der Durance befindet, ist ein Ort, der der Freizeit, Entspannung und Entdeckung gewidmet ist. Es ist sehr gut zug\u00e4nglich und bietet eine ideale Umgebung zum Angeln, Schwimmen, sanften Kanufahren oder Training im Wildwassersport. <\/p>\n\n<div class=\"wp-block-ws-library-ws-columns alignfull has-2-columns are-vertically-aligned-center layout-5050 is-style-background\">\n<div class=\"wp-block-ws-library-ws-column\"><div class=\"wrapper\">\n<div class=\"wp-block-ws-library-ws-title\"><h2><em>Zum Entspannen <\/em>w\u00e4hrend des Tages im PLAN D&#8217;EAU<\/h2><\/div>\n\n\n\n<p>In der N\u00e4he befindet sich das Michel-Baudry-Stadion, das im nat\u00fcrlichen Bett der Durance liegt, wo noch intensivere Trainings stattfinden: Flusskajakfahren, Hydrospeed, Rafting, Slalom&#8230; Das 400-m-Becken, klassifiziert als Stufe III, ist von der FFCK zugelassen und wird von internationalen Teams genutzt, wobei der Zugang au\u00dferhalb der Wettk\u00e4mpfe frei ist.<\/p>\n\n\n\n<p>Der Campingplatz grenzt an einen komfortablen Campingplatz, &#8222;Les \u00c9crins&#8220;, mit Spielplatz, Boule-, Volleyball- und Badmintonpl\u00e4tzen.<\/p>\n\n\n\n<p>Zum Essen oder Entspannen nach der Anstrengung bietet Le Radeau, eine kleine Snackbar am Ufer der Durance, eine freundliche K\u00fcche (besondere Erw\u00e4hnung f\u00fcr die Burger!) und lebhafte gute Zeiten (Konzerte jeden Freitagabend im Sommer).<\/p>\n<\/div><\/div>\n\n\n\n<div class=\"wp-block-ws-library-ws-column\"><div class=\"wrapper\">\n<div class=\"wp-block-ws-library-ws-image\"><div class=\"wrapper\"><div class=\"group-media\"><img decoding=\"async\" src=\"https:\/\/www.paysdesecrins.com\/wp-content\/uploads\/2025\/08\/11613198-854x640.jpg\" alt=\"\" class=\"single_image ws-image-72639\"><div class=\"credits\"><\/div><\/div><p class=\"caption\"><\/p><\/div><\/div>\n<\/div><\/div>\n<\/div>\n\n<div class=\"wp-block-ws-library-ws-share\"><span class=\"share-subtitle\">Hat Ihnen diese Seite gefallen?<\/span><span class=\"share-title\">Teilen Sie es!<\/span><button class=\"ws-share-button wp-element-button\">Diese Seite teilen<\/button><\/div>\n","protected":false},"excerpt":{"rendered":"<p>Der Argenti\u00e8re-la-Bess\u00e9e-See, der sich in der N\u00e4he des Wildwasserstadions an der Durance befindet, ist ein Ort, der der Freizeit, Entspannung [&hellip;]<\/p>\n","protected":false},"author":4,"featured_media":72642,"parent":44574,"menu_order":0,"comment_status":"closed","ping_status":"closed","template":"","meta":{"_thumbnail_id_2":0,"summer_excerpt":"","season":"","station":"","footnotes":""},"class_list":["post-46637","page","type-page","status-publish","has-post-thumbnail","hentry"],"yoast_head":"<!-- This site is optimized with the Yoast SEO plugin v27.3 - https:\/\/yoast.com\/product\/yoast-seo-wordpress\/ -->\n<title>Der See von Argenti\u00e8re-La-Bess\u00e9e - Pays des \u00c9crins - Office de Tourisme<\/title>\n<meta name=\"robots\" content=\"index, follow, max-snippet:-1, max-image-preview:large, max-video-preview:-1\" \/>\n<link rel=\"canonical\" href=\"https:\/\/www.paysdesecrins.com\/de\/mein-wunsch\/44574-2\/der-see-von-argentiere-la-bessee\/\" \/>\n<meta property=\"og:locale\" content=\"de_DE\" \/>\n<meta property=\"og:type\" content=\"article\" \/>\n<meta property=\"og:title\" content=\"Der See von Argenti\u00e8re-La-Bess\u00e9e - Pays des \u00c9crins - Office de Tourisme\" \/>\n<meta property=\"og:description\" content=\"Der Argenti\u00e8re-la-Bess\u00e9e-See, der sich in der N\u00e4he des Wildwasserstadions an der Durance befindet, ist ein Ort, der der Freizeit, Entspannung [&hellip;]\" \/>\n<meta property=\"og:url\" content=\"https:\/\/www.paysdesecrins.com\/de\/mein-wunsch\/44574-2\/der-see-von-argentiere-la-bessee\/\" \/>\n<meta property=\"og:site_name\" content=\"Pays des \u00c9crins - Office de Tourisme\" \/>\n<meta property=\"article:modified_time\" content=\"2025-08-08T08:48:04+00:00\" \/>\n<meta property=\"og:image\" content=\"https:\/\/www.paysdesecrins.com\/wp-content\/uploads\/2025\/08\/11613198.jpg\" \/>\n\t<meta property=\"og:image:width\" content=\"883\" \/>\n\t<meta property=\"og:image:height\" content=\"662\" \/>\n\t<meta property=\"og:image:type\" content=\"image\/jpeg\" \/>\n<meta name=\"twitter:card\" content=\"summary_large_image\" \/>\n<meta name=\"twitter:label1\" content=\"Gesch\u00e4tzte Lesezeit\" \/>\n\t<meta name=\"twitter:data1\" content=\"1\u00a0Minute\" \/>\n<script type=\"application\/ld+json\" class=\"yoast-schema-graph\">{\"@context\":\"https:\\\/\\\/schema.org\",\"@graph\":[{\"@type\":\"WebPage\",\"@id\":\"https:\\\/\\\/www.paysdesecrins.com\\\/de\\\/mein-wunsch\\\/44574-2\\\/der-see-von-argentiere-la-bessee\\\/\",\"url\":\"https:\\\/\\\/www.paysdesecrins.com\\\/de\\\/mein-wunsch\\\/44574-2\\\/der-see-von-argentiere-la-bessee\\\/\",\"name\":\"Der See von Argenti\u00e8re-La-Bess\u00e9e - Pays des \u00c9crins - Office de Tourisme\",\"isPartOf\":{\"@id\":\"https:\\\/\\\/www.paysdesecrins.com\\\/de\\\/#website\"},\"primaryImageOfPage\":{\"@id\":\"https:\\\/\\\/www.paysdesecrins.com\\\/de\\\/mein-wunsch\\\/44574-2\\\/der-see-von-argentiere-la-bessee\\\/#primaryimage\"},\"image\":{\"@id\":\"https:\\\/\\\/www.paysdesecrins.com\\\/de\\\/mein-wunsch\\\/44574-2\\\/der-see-von-argentiere-la-bessee\\\/#primaryimage\"},\"thumbnailUrl\":\"https:\\\/\\\/www.paysdesecrins.com\\\/wp-content\\\/uploads\\\/2025\\\/08\\\/11613198.jpg\",\"datePublished\":\"2025-07-24T12:27:14+00:00\",\"dateModified\":\"2025-08-08T08:48:04+00:00\",\"breadcrumb\":{\"@id\":\"https:\\\/\\\/www.paysdesecrins.com\\\/de\\\/mein-wunsch\\\/44574-2\\\/der-see-von-argentiere-la-bessee\\\/#breadcrumb\"},\"inLanguage\":\"de\",\"potentialAction\":[{\"@type\":\"ReadAction\",\"target\":[\"https:\\\/\\\/www.paysdesecrins.com\\\/de\\\/mein-wunsch\\\/44574-2\\\/der-see-von-argentiere-la-bessee\\\/\"]}]},{\"@type\":\"ImageObject\",\"inLanguage\":\"de\",\"@id\":\"https:\\\/\\\/www.paysdesecrins.com\\\/de\\\/mein-wunsch\\\/44574-2\\\/der-see-von-argentiere-la-bessee\\\/#primaryimage\",\"url\":\"https:\\\/\\\/www.paysdesecrins.com\\\/wp-content\\\/uploads\\\/2025\\\/08\\\/11613198.jpg\",\"contentUrl\":\"https:\\\/\\\/www.paysdesecrins.com\\\/wp-content\\\/uploads\\\/2025\\\/08\\\/11613198.jpg\",\"width\":883,\"height\":662},{\"@type\":\"BreadcrumbList\",\"@id\":\"https:\\\/\\\/www.paysdesecrins.com\\\/de\\\/mein-wunsch\\\/44574-2\\\/der-see-von-argentiere-la-bessee\\\/#breadcrumb\",\"itemListElement\":[{\"@type\":\"ListItem\",\"position\":1,\"name\":\"Accueil\",\"item\":\"https:\\\/\\\/www.paysdesecrins.com\\\/de\\\/der-titel-des-hauses\\\/\"},{\"@type\":\"ListItem\",\"position\":2,\"name\":\"Mein Wunsch,\",\"item\":\"https:\\\/\\\/www.paysdesecrins.com\\\/de\\\/mein-wunsch\\\/\"},{\"@type\":\"ListItem\",\"position\":3,\"name\":\"Mein Wunsch nach Entspannung\",\"item\":\"https:\\\/\\\/www.paysdesecrins.com\\\/de\\\/mein-wunsch\\\/44574-2\\\/\"},{\"@type\":\"ListItem\",\"position\":4,\"name\":\"Der See von Argenti\u00e8re-La-Bess\u00e9e\"}]},{\"@type\":\"WebSite\",\"@id\":\"https:\\\/\\\/www.paysdesecrins.com\\\/de\\\/#website\",\"url\":\"https:\\\/\\\/www.paysdesecrins.com\\\/de\\\/\",\"name\":\"Pays des \u00c9crins - Office de Tourisme\",\"description\":\"L&#039;esprit montagne\",\"publisher\":{\"@id\":\"https:\\\/\\\/www.paysdesecrins.com\\\/de\\\/#organization\"},\"potentialAction\":[{\"@type\":\"SearchAction\",\"target\":{\"@type\":\"EntryPoint\",\"urlTemplate\":\"https:\\\/\\\/www.paysdesecrins.com\\\/de\\\/?s={search_term_string}\"},\"query-input\":{\"@type\":\"PropertyValueSpecification\",\"valueRequired\":true,\"valueName\":\"search_term_string\"}}],\"inLanguage\":\"de\"},{\"@type\":\"Organization\",\"@id\":\"https:\\\/\\\/www.paysdesecrins.com\\\/de\\\/#organization\",\"name\":\"Pays des \u00c9crins - Office de Tourisme\",\"url\":\"https:\\\/\\\/www.paysdesecrins.com\\\/de\\\/\",\"logo\":{\"@type\":\"ImageObject\",\"inLanguage\":\"de\",\"@id\":\"https:\\\/\\\/www.paysdesecrins.com\\\/de\\\/#\\\/schema\\\/logo\\\/image\\\/\",\"url\":\"https:\\\/\\\/www.paysdesecrins.com\\\/wp-content\\\/uploads\\\/2025\\\/06\\\/devina-svg-1750845694.svg\",\"contentUrl\":\"https:\\\/\\\/www.paysdesecrins.com\\\/wp-content\\\/uploads\\\/2025\\\/06\\\/devina-svg-1750845694.svg\",\"caption\":\"Pays des \u00c9crins - Office de Tourisme\"},\"image\":{\"@id\":\"https:\\\/\\\/www.paysdesecrins.com\\\/de\\\/#\\\/schema\\\/logo\\\/image\\\/\"}}]}<\/script>\n<!-- \/ Yoast SEO plugin. -->","yoast_head_json":{"title":"Der See von Argenti\u00e8re-La-Bess\u00e9e - Pays des \u00c9crins - Office de Tourisme","robots":{"index":"index","follow":"follow","max-snippet":"max-snippet:-1","max-image-preview":"max-image-preview:large","max-video-preview":"max-video-preview:-1"},"canonical":"https:\/\/www.paysdesecrins.com\/de\/mein-wunsch\/44574-2\/der-see-von-argentiere-la-bessee\/","og_locale":"de_DE","og_type":"article","og_title":"Der See von Argenti\u00e8re-La-Bess\u00e9e - Pays des \u00c9crins - Office de Tourisme","og_description":"Der Argenti\u00e8re-la-Bess\u00e9e-See, der sich in der N\u00e4he des Wildwasserstadions an der Durance befindet, ist ein Ort, der der Freizeit, Entspannung [&hellip;]","og_url":"https:\/\/www.paysdesecrins.com\/de\/mein-wunsch\/44574-2\/der-see-von-argentiere-la-bessee\/","og_site_name":"Pays des \u00c9crins - Office de Tourisme","article_modified_time":"2025-08-08T08:48:04+00:00","og_image":[{"width":883,"height":662,"url":"https:\/\/www.paysdesecrins.com\/wp-content\/uploads\/2025\/08\/11613198.jpg","type":"image\/jpeg"}],"twitter_card":"summary_large_image","twitter_misc":{"Gesch\u00e4tzte Lesezeit":"1\u00a0Minute"},"schema":{"@context":"https:\/\/schema.org","@graph":[{"@type":"WebPage","@id":"https:\/\/www.paysdesecrins.com\/de\/mein-wunsch\/44574-2\/der-see-von-argentiere-la-bessee\/","url":"https:\/\/www.paysdesecrins.com\/de\/mein-wunsch\/44574-2\/der-see-von-argentiere-la-bessee\/","name":"Der See von Argenti\u00e8re-La-Bess\u00e9e - Pays des \u00c9crins - Office de Tourisme","isPartOf":{"@id":"https:\/\/www.paysdesecrins.com\/de\/#website"},"primaryImageOfPage":{"@id":"https:\/\/www.paysdesecrins.com\/de\/mein-wunsch\/44574-2\/der-see-von-argentiere-la-bessee\/#primaryimage"},"image":{"@id":"https:\/\/www.paysdesecrins.com\/de\/mein-wunsch\/44574-2\/der-see-von-argentiere-la-bessee\/#primaryimage"},"thumbnailUrl":"https:\/\/www.paysdesecrins.com\/wp-content\/uploads\/2025\/08\/11613198.jpg","datePublished":"2025-07-24T12:27:14+00:00","dateModified":"2025-08-08T08:48:04+00:00","breadcrumb":{"@id":"https:\/\/www.paysdesecrins.com\/de\/mein-wunsch\/44574-2\/der-see-von-argentiere-la-bessee\/#breadcrumb"},"inLanguage":"de","potentialAction":[{"@type":"ReadAction","target":["https:\/\/www.paysdesecrins.com\/de\/mein-wunsch\/44574-2\/der-see-von-argentiere-la-bessee\/"]}]},{"@type":"ImageObject","inLanguage":"de","@id":"https:\/\/www.paysdesecrins.com\/de\/mein-wunsch\/44574-2\/der-see-von-argentiere-la-bessee\/#primaryimage","url":"https:\/\/www.paysdesecrins.com\/wp-content\/uploads\/2025\/08\/11613198.jpg","contentUrl":"https:\/\/www.paysdesecrins.com\/wp-content\/uploads\/2025\/08\/11613198.jpg","width":883,"height":662},{"@type":"BreadcrumbList","@id":"https:\/\/www.paysdesecrins.com\/de\/mein-wunsch\/44574-2\/der-see-von-argentiere-la-bessee\/#breadcrumb","itemListElement":[{"@type":"ListItem","position":1,"name":"Accueil","item":"https:\/\/www.paysdesecrins.com\/de\/der-titel-des-hauses\/"},{"@type":"ListItem","position":2,"name":"Mein Wunsch,","item":"https:\/\/www.paysdesecrins.com\/de\/mein-wunsch\/"},{"@type":"ListItem","position":3,"name":"Mein Wunsch nach Entspannung","item":"https:\/\/www.paysdesecrins.com\/de\/mein-wunsch\/44574-2\/"},{"@type":"ListItem","position":4,"name":"Der See von Argenti\u00e8re-La-Bess\u00e9e"}]},{"@type":"WebSite","@id":"https:\/\/www.paysdesecrins.com\/de\/#website","url":"https:\/\/www.paysdesecrins.com\/de\/","name":"Pays des \u00c9crins - Office de Tourisme","description":"L&#039;esprit montagne","publisher":{"@id":"https:\/\/www.paysdesecrins.com\/de\/#organization"},"potentialAction":[{"@type":"SearchAction","target":{"@type":"EntryPoint","urlTemplate":"https:\/\/www.paysdesecrins.com\/de\/?s={search_term_string}"},"query-input":{"@type":"PropertyValueSpecification","valueRequired":true,"valueName":"search_term_string"}}],"inLanguage":"de"},{"@type":"Organization","@id":"https:\/\/www.paysdesecrins.com\/de\/#organization","name":"Pays des \u00c9crins - Office de Tourisme","url":"https:\/\/www.paysdesecrins.com\/de\/","logo":{"@type":"ImageObject","inLanguage":"de","@id":"https:\/\/www.paysdesecrins.com\/de\/#\/schema\/logo\/image\/","url":"https:\/\/www.paysdesecrins.com\/wp-content\/uploads\/2025\/06\/devina-svg-1750845694.svg","contentUrl":"https:\/\/www.paysdesecrins.com\/wp-content\/uploads\/2025\/06\/devina-svg-1750845694.svg","caption":"Pays des \u00c9crins - Office de Tourisme"},"image":{"@id":"https:\/\/www.paysdesecrins.com\/de\/#\/schema\/logo\/image\/"}}]}},"_links":{"self":[{"href":"https:\/\/www.paysdesecrins.com\/de\/wp-json\/wp\/v2\/pages\/46637","targetHints":{"allow":["GET"]}}],"collection":[{"href":"https:\/\/www.paysdesecrins.com\/de\/wp-json\/wp\/v2\/pages"}],"about":[{"href":"https:\/\/www.paysdesecrins.com\/de\/wp-json\/wp\/v2\/types\/page"}],"author":[{"embeddable":true,"href":"https:\/\/www.paysdesecrins.com\/de\/wp-json\/wp\/v2\/users\/4"}],"replies":[{"embeddable":true,"href":"https:\/\/www.paysdesecrins.com\/de\/wp-json\/wp\/v2\/comments?post=46637"}],"version-history":[{"count":0,"href":"https:\/\/www.paysdesecrins.com\/de\/wp-json\/wp\/v2\/pages\/46637\/revisions"}],"up":[{"embeddable":true,"href":"https:\/\/www.paysdesecrins.com\/de\/wp-json\/wp\/v2\/pages\/44574"}],"wp:featuredmedia":[{"embeddable":true,"href":"https:\/\/www.paysdesecrins.com\/de\/wp-json\/wp\/v2\/media\/72642"}],"wp:attachment":[{"href":"https:\/\/www.paysdesecrins.com\/de\/wp-json\/wp\/v2\/media?parent=46637"}],"curies":[{"name":"wp","href":"https:\/\/api.w.org\/{rel}","templated":true}]}}