{"id":47429,"date":"2025-07-28T16:35:15","date_gmt":"2025-07-28T14:35:15","guid":{"rendered":"https:\/\/www.paysdesecrins.com\/anfahrt-und-shuttles\/das-autofreie-pays-des-ecrins-abfahrt-vom-bahnhof-argentiere-les-ecrins\/"},"modified":"2025-08-07T15:06:43","modified_gmt":"2025-08-07T13:06:43","slug":"das-autofreie-pays-des-ecrins-abfahrt-vom-bahnhof-argentiere-les-ecrins","status":"publish","type":"page","link":"https:\/\/www.paysdesecrins.com\/de\/ich-waehle\/anfahrt-und-shuttles\/das-autofreie-pays-des-ecrins-abfahrt-vom-bahnhof-argentiere-les-ecrins\/","title":{"rendered":"Das autofreie Pays des \u00c9crins ab Bahnhof Argenti\u00e8re les \u00c9crins"},"content":{"rendered":"    <div class=\"alignfull wp-block-ws-library-ws-header-interne\">\n\t    <div class=\"header-container\">\n\t        <div class=\"group-media has-image\">\n\t            \t                <img loading=\"lazy\" decoding=\"async\" width=\"1920\" height=\"800\" src=\"https:\/\/www.paysdesecrins.com\/wp-content\/uploads\/2025\/07\/bivouac-et-trail-cre-te-de-rougnoux-133-1-1-1920x800.jpg\" alt=\"\" class=\"image_large_square wp-image-48669\" \/>\n\t            \t        <\/div>\n\t        <div class=\"group-content\">\n\t            <div class=\"title\">\n\t                <h1>\n\t                    Das autofreie Pays des \u00c9crins ab Bahnhof Argenti\u00e8re les \u00c9crins\t                    \t                <\/h1>\n\t            <\/div>\n\t        <\/div>\n\t    <\/div>\n\t    \n<div class=\"yoast-breadcrumbs\"><span><span><a href=\"https:\/\/www.paysdesecrins.com\/de\/der-titel-des-hauses\/\">Accueil<\/a><\/span>  <span><a href=\"https:\/\/www.paysdesecrins.com\/de\/ich-waehle\/\">Ich w\u00e4hle<\/a><\/span>  <span><a href=\"https:\/\/www.paysdesecrins.com\/de\/ich-waehle\/anfahrt-und-shuttles\/\">Anfahrt und Transport<\/a><\/span>  <span class=\"breadcrumb_last\" aria-current=\"page\">Das autofreie Pays des \u00c9crins ab Bahnhof Argenti\u00e8re les \u00c9crins<\/span><\/span><\/div>\n    <\/div>\n    \n<div class=\"wp-block-ws-library-ws-title aligncenter is-style-simple\"><h2>Wie komme ich ohne Auto zum Pays des \u00c9crins?<\/h2><\/div>\n\n<p class=\"has-text-align-center\"><strong>Studenten<\/strong> oder<strong> Young Professionals<\/strong> ohne Auto? Sind Sie besorgt, mit <strong>dem geringstm\u00f6glichen CO2-Fu\u00dfabdruck<\/strong> in die Berge zu gehen? Es ist jetzt m\u00f6glich, die sch\u00f6nsten Gipfel der \u00c9crins ohne Auto und mit <strong>umweltbewussten Praktiken<\/strong> zu entdecken!  <\/p>\n\n<p>Die Stadt Argenti\u00e8re-la-Bess\u00e9e, das Tor zum <strong>Pays des \u00c9crins<\/strong>, wird von <strong>Z\u00fcgen <\/strong>aus <strong>Valence<\/strong>, <strong>Marseille, Paris <\/strong>oder <strong>Gap<\/strong> oder <strong>Grenoble <\/strong>angesteuert (Shuttle von Grenoble nach Brian\u00e7on, dann Zug von Brian\u00e7on nach Argenti\u00e8re). Es ist auch m\u00f6glich, das Pays des \u00c9crins mit dem <strong>TGV<\/strong> \u00fcber den Bahnhof <strong>Oulx<\/strong> zu erreichen. <strong>F\u00fcr<\/strong> Nachtzug-Enthusiasten gibt es einen der letzten Nachtz\u00fcge Frankreichs, der regelm\u00e4\u00dfig zwischen <strong>Paris <\/strong>und <strong>Brian\u00e7on<\/strong> verkehrt und in L&#8217;Argenti\u00e8re h\u00e4lt.  <\/p>\n\n<div class=\"wp-block-ws-library-ws-columns alignwide has-2-columns are-vertically-aligned-center layout-5050 is-style-background\">\n<div class=\"wp-block-ws-library-ws-column\"><div class=\"wrapper\">\n<div class=\"wp-block-ws-library-ws-title\"><h3><strong>Bewegen Sie sich mit Leichtigkeit in der Gegend fort<\/strong><\/h3><\/div>\n\n\n\n<p class=\"has-text-align-left\">Von dort <strong>aus bringen Sie Shuttles <\/strong>nach La<strong> Vallouise<\/strong>, dem Ferienort<strong> Puy-Saint-Vincent<\/strong> und dem Weiler <strong>Ailefroide<\/strong>. Den ganzen Sommer \u00fcber fahren diese Shuttles um<strong> 7:20 Uhr<\/strong>, <strong>9:05 Uhr<\/strong>, <strong>14:50 Uhr<\/strong> und <strong>19 Uhr<\/strong> ab. Diese Shuttles finden Sie unter diesem Link.    <\/p>\n\n\n\n<p>Sie haben auch die M\u00f6glichkeit, f\u00fcr die Dauer Ihres Aufenthalts elektrisch unterst\u00fctzte Fahrr\u00e4der zu mieten, indem Sie sich an unseren Aktivit\u00e4tsanbieter 60-40 wenden.<\/p>\n\n\n\n<p>Hier finden Sie auch Orte, an denen Sie die Akkus Ihres Elektrofahrrads aufladen k\u00f6nnen.  <\/p>\n\n\n\n<p>F\u00fcr Liebhaber <strong>alternativer Verkehrsmittel<\/strong> gibt es im ganzen Land viele <strong>Fahrgemeinschaften <\/strong>, insbesondere von Grenoble aus.<\/p>\n<\/div><\/div>\n\n\n\n<div class=\"wp-block-ws-library-ws-column\"><div class=\"wrapper\">\n<div class=\"wp-block-ws-library-ws-image\"><div class=\"wrapper\"><div class=\"group-media\"><img decoding=\"async\" src=\"https:\/\/www.paysdesecrins.com\/wp-content\/uploads\/2025\/07\/1596546037-1771779768-952x640.jpg\" alt=\"\" class=\"single_image ws-image-47134\"><div class=\"credits\"><\/div><\/div><p class=\"caption\"><\/p><\/div><\/div>\n<\/div><\/div>\n<\/div>\n\n<div class=\"wp-block-ws-library-ws-title\"><h3><em>Welche Aktivit\u00e4ten<\/em>sind ohne Auto zug\u00e4nglich?<\/h3><\/div>\n\n<p class=\"has-text-align-left\">Viele <strong>Wanderungen<\/strong>, f\u00fcr <strong>einen Tag <\/strong>oder <strong>f\u00fcr unterwegs<\/strong>, <strong>beginnen in<\/strong> L&#8217;Argenti\u00e8re, f\u00fcr alle <strong>Niveaus <\/strong>und <strong>alle \u00dcbungen<\/strong>.<\/p>\n\n<p>F\u00fcr Liebhaber des <strong>mehrt\u00e4gigen Wanderns<\/strong> hat das Pays des \u00c9crins drei spezielle Routen in <strong>3<\/strong>, <strong>6 <\/strong>und <strong>7 <\/strong>Tagen vorbereitet, die Sie in L&#8217;Argenti\u00e8re beginnen k\u00f6nnen:<\/p>\n\n<ul class=\"wp-block-list\">\n<li><a href=\"https:\/\/rando.paysdesecrins.com\/a-pied\/tour-du-pays-des-ecrins-en-3-jours\/\" target=\"_blank\" rel=\"noreferrer noopener\">Die Tour durch das Pays des \u00c9crins in 3 Tagen <\/a>(Abfahrt vom Bahnhof)<\/li>\n\n\n\n<li><a href=\"https:\/\/rando.paysdesecrins.com\/a-pied\/tour-du-pays-des-ecrins-en-6-jours\/\" target=\"_blank\" rel=\"noreferrer noopener\">Die Tour durch das Pays des \u00c9crins in 6 Tagen <\/a>(Abfahrt vom Bahnhof)<\/li>\n\n\n\n<li><a href=\"https:\/\/rando.paysdesecrins.com\/a-pied\/tour-du-pays-des-ecrins-en-7-jours\/\" target=\"_blank\" rel=\"noreferrer noopener\">Die Tour durch das Pays des \u00c9crins in 7 Tagen <\/a>(vom Bahnhof aus)<\/li>\n\n\n\n<li><a href=\"https:\/\/rando.paysdesecrins.com\/vtt\/traversee-du-pays-des-ecrins-en-vtt\/\" target=\"_blank\" rel=\"noreferrer noopener\">Durchquerung des Pays des \u00c9crins mit dem Mountainbike <\/a>(Abfahrt vom Bahnhof Brian\u00e7on)<\/li>\n<\/ul>\n\n<p>Es ist auch m\u00f6glich, <a href=\"https:\/\/rando.paysdesecrins.com\/a-pied\/gr54-tour-de-loisans-et-des-ecrins-depuis-largentiere-la-bessee\/\" target=\"_blank\" rel=\"noreferrer noopener\">von L&#8217;Argenti\u00e8re aus auf den GR54<\/a> zu gelangen, um <strong>das gesamte \u00c9crins-Massiv<\/strong> auf dieser herrlichen Wanderung zu entdecken, die <strong>etwa zehn Tage<\/strong> dauert.<\/p>\n\n<p>Wenn Sie sich <strong>aufw\u00e4rmen <\/strong>m\u00f6chten, bevor Sie eine l\u00e4ngere Wanderung unternehmen, oder wenn Sie nur ein paar Tage hier sind, nutzen Sie diese <strong>kurzen Wanderungen, die<\/strong> von L&#8217;Argenti\u00e8re aus leicht erreichbar sind, noch ohne Auto:<\/p>\n\n<ul class=\"wp-block-list\">\n<li><a href=\"https:\/\/rando.paysdesecrins.com\/a-pied\/le-sentier-des-mineurs\/\" target=\"_blank\" rel=\"noreferrer noopener\">Der Bergmannsweg<\/a> (3h30, 384 H\u00f6henmeter, vom Bahnhof aus)<\/li>\n\n\n\n<li><a href=\"https:\/\/rando.paysdesecrins.com\/a-pied\/sentier-thematique-balade-du-circuit-industriel\/\" target=\"_blank\" rel=\"noreferrer noopener\">Spaziergang des Industrierundgangs<\/a> (1h30, Abfahrt vom Tourismusb\u00fcro, 5 Minuten vom Bahnhof)<\/li>\n\n\n\n<li><a href=\"https:\/\/rando.paysdesecrins.com\/a-pied\/randoland-largentiere-la-bessee\/\" target=\"_blank\" rel=\"noreferrer noopener\">Randoland L&#8217;Argenti\u00e8re<\/a> (2 Stunden, Abfahrt von der Chapelle Saint Jean, 5 Minuten vom Bahnhof)<\/li>\n\n\n\n<li><a href=\"https:\/\/rando.paysdesecrins.com\/a-pied\/la-voie-verte-de-largentiere-la-bessee\/\" target=\"_blank\" rel=\"noreferrer noopener\">Der Gr\u00fcne Weg der Argenti\u00e8re<\/a> (1 Stunde, Abfahrt vom Tourismusb\u00fcro, 5 Minuten vom Bahnhof)<\/li>\n\n\n\n<li><a href=\"https:\/\/rando.paysdesecrins.com\/trek\/973179-Parcours-n17---Les-Chardons-Bleus\" target=\"_blank\" rel=\"noreferrer noopener\">Les Chardons Bleus<\/a> (Mountainbike, 3h30, 675m H\u00f6henunterschied, ab Kiosk, 5 Minuten vom Bahnhof)<\/li>\n\n\n\n<li><a href=\"https:\/\/rando.paysdesecrins.com\/trek\/972259-Parcours-n16---Le-Tour-des-Tetes\" target=\"_blank\" rel=\"noreferrer noopener\">Die Tour des T\u00eates<\/a> (Mountainbike, 3h15, 871 H\u00f6henmeter, ab Kiosk, 5 Minuten vom Bahnhof)<\/li>\n\n\n\n<li><a href=\"https:\/\/rando.paysdesecrins.com\/trek\/970522-Parcours-n18---Les-Eyssuches\" target=\"_blank\" rel=\"noreferrer noopener\">Les Eyssuches<\/a> (Mountainbike, 1h45, 287m H\u00f6henunterschied, ab Kiosk, 5 Minuten vom Bahnhof)<\/li>\n\n\n\n<li><a href=\"https:\/\/rando.paysdesecrins.com\/trail\/kilometre-vertical-de-largentiere-la-bessee\/\" target=\"_blank\" rel=\"noreferrer noopener\">H\u00f6henmeter von Argenti\u00e8re<\/a> (Trail, 1h30, 1054m H\u00f6henunterschied, beginnend beim Turbinenkreisverkehr, 5 Minuten vom Bahnhof entfernt)<\/li>\n\n\n\n<li><a href=\"https:\/\/rando.paysdesecrins.com\/trail\/les-tetes-par-la-pignee-parcours-trail-n23\/\" target=\"_blank\" rel=\"noreferrer noopener\">Les T\u00eates par la Pign\u00e9e<\/a> (Wanderweg, 5 Stunden, 1084 H\u00f6henmeter ab dem Kreisverkehr Turbine, 5 Minuten vom Bahnhof entfernt)<\/li>\n\n\n\n<li><a href=\"https:\/\/rando.paysdesecrins.com\/trail\/autour-des-mines-parcours-trail-n22\/\" target=\"_blank\" rel=\"noreferrer noopener\">Rund um die Minen<\/a> (Wanderweg, 3 Std., 425 H\u00f6henmeter, ab dem Turbinenkreisverkehr, 5 Minuten vom Bahnhof entfernt)<\/li>\n<\/ul>\n\n<div class=\"wp-block-ws-library-ws-slider alignwide\"><div class=\"splide\" data-splide=\"{\"type\":\"slide\",\"heightRatio\":\"auto\",\"perPage\":4,\"perMove\":1,\"drag\":true,\"pagination\":0,\"autoplay\":false,\"gap\":\"15px\",\"breakpoints\":{\"450\":{\"perPage\":1},\"768\":{\"perPage\":2},\"992\":{\"perPage\":3},\"1200\":{\"perPage\":4}}}\"><div class=\"splide__track\"><div class=\"splide__list\"><div class=\"splide__slide\"><a href=\"https:\/\/www.paysdesecrins.com\/wp-content\/uploads\/2025\/07\/1596546330-1499666308-400x400.jpg\" data-glightbox=\"true\" class=\"lightbox-trigger\"><img decoding=\"async\" src=\"https:\/\/www.paysdesecrins.com\/wp-content\/uploads\/2025\/07\/1596546330-1499666308-400x400.jpg\" alt=\"\"><\/a><\/div><div class=\"splide__slide\"><a href=\"https:\/\/www.paysdesecrins.com\/wp-content\/uploads\/2025\/07\/1596547019-1518864867-400x400.jpg\" data-glightbox=\"true\" class=\"lightbox-trigger\"><img decoding=\"async\" src=\"https:\/\/www.paysdesecrins.com\/wp-content\/uploads\/2025\/07\/1596547019-1518864867-400x400.jpg\" alt=\"\"><\/a><\/div><div class=\"splide__slide\"><a href=\"https:\/\/www.paysdesecrins.com\/wp-content\/uploads\/2025\/07\/1596546330-507823710-400x400.jpg\" data-glightbox=\"true\" class=\"lightbox-trigger\"><img decoding=\"async\" src=\"https:\/\/www.paysdesecrins.com\/wp-content\/uploads\/2025\/07\/1596546330-507823710-400x400.jpg\" alt=\"\"><\/a><\/div><\/div><\/div><\/div><\/div>\n\n<div class=\"wp-block-ws-library-ws-share\"><span class=\"share-subtitle\">Hat Ihnen diese Seite gefallen?<\/span><span class=\"share-title\">Teilen Sie es!<\/span><button class=\"ws-share-button wp-element-button\">Diese Seite teilen<\/button><\/div>\n","protected":false},"excerpt":{"rendered":"<p>Studenten oder Young Professionals ohne Auto? Sind Sie besorgt, mit dem geringstm\u00f6glichen CO2-Fu\u00dfabdruck in die Berge zu gehen? Es ist [&hellip;]<\/p>\n","protected":false},"author":9,"featured_media":48672,"parent":45939,"menu_order":0,"comment_status":"closed","ping_status":"closed","template":"","meta":{"_thumbnail_id_2":0,"summer_excerpt":"","season":"","station":"","footnotes":""},"class_list":["post-47429","page","type-page","status-publish","has-post-thumbnail","hentry"],"yoast_head":"<!-- This site is optimized with the Yoast SEO plugin v27.3 - https:\/\/yoast.com\/product\/yoast-seo-wordpress\/ -->\n<title>Das autofreie Pays des \u00c9crins ab Bahnhof Argenti\u00e8re les \u00c9crins - Pays des \u00c9crins - Office de Tourisme<\/title>\n<meta name=\"robots\" content=\"index, follow, max-snippet:-1, max-image-preview:large, max-video-preview:-1\" \/>\n<link rel=\"canonical\" href=\"https:\/\/www.paysdesecrins.com\/de\/ich-waehle\/anfahrt-und-shuttles\/das-autofreie-pays-des-ecrins-abfahrt-vom-bahnhof-argentiere-les-ecrins\/\" \/>\n<meta property=\"og:locale\" content=\"de_DE\" \/>\n<meta property=\"og:type\" content=\"article\" \/>\n<meta property=\"og:title\" content=\"Das autofreie Pays des \u00c9crins ab Bahnhof Argenti\u00e8re les \u00c9crins - Pays des \u00c9crins - Office de Tourisme\" \/>\n<meta property=\"og:description\" content=\"Studenten oder Young Professionals ohne Auto? Sind Sie besorgt, mit dem geringstm\u00f6glichen CO2-Fu\u00dfabdruck in die Berge zu gehen? Es ist [&hellip;]\" \/>\n<meta property=\"og:url\" content=\"https:\/\/www.paysdesecrins.com\/de\/ich-waehle\/anfahrt-und-shuttles\/das-autofreie-pays-des-ecrins-abfahrt-vom-bahnhof-argentiere-les-ecrins\/\" \/>\n<meta property=\"og:site_name\" content=\"Pays des \u00c9crins - Office de Tourisme\" \/>\n<meta property=\"article:modified_time\" content=\"2025-08-07T13:06:43+00:00\" \/>\n<meta property=\"og:image\" content=\"https:\/\/www.paysdesecrins.com\/wp-content\/uploads\/2025\/07\/bivouac-et-trail-cre-te-de-rougnoux-133-1-1-scaled.jpg\" \/>\n\t<meta property=\"og:image:width\" content=\"2560\" \/>\n\t<meta property=\"og:image:height\" content=\"1707\" \/>\n\t<meta property=\"og:image:type\" content=\"image\/jpeg\" \/>\n<meta name=\"twitter:card\" content=\"summary_large_image\" \/>\n<meta name=\"twitter:label1\" content=\"Gesch\u00e4tzte Lesezeit\" \/>\n\t<meta name=\"twitter:data1\" content=\"3 Minuten\" \/>\n<script type=\"application\/ld+json\" class=\"yoast-schema-graph\">{\"@context\":\"https:\\\/\\\/schema.org\",\"@graph\":[{\"@type\":\"WebPage\",\"@id\":\"https:\\\/\\\/www.paysdesecrins.com\\\/de\\\/ich-waehle\\\/anfahrt-und-shuttles\\\/das-autofreie-pays-des-ecrins-abfahrt-vom-bahnhof-argentiere-les-ecrins\\\/\",\"url\":\"https:\\\/\\\/www.paysdesecrins.com\\\/de\\\/ich-waehle\\\/anfahrt-und-shuttles\\\/das-autofreie-pays-des-ecrins-abfahrt-vom-bahnhof-argentiere-les-ecrins\\\/\",\"name\":\"Das autofreie Pays des \u00c9crins ab Bahnhof Argenti\u00e8re les \u00c9crins - Pays des \u00c9crins - Office de Tourisme\",\"isPartOf\":{\"@id\":\"https:\\\/\\\/www.paysdesecrins.com\\\/de\\\/#website\"},\"primaryImageOfPage\":{\"@id\":\"https:\\\/\\\/www.paysdesecrins.com\\\/de\\\/ich-waehle\\\/anfahrt-und-shuttles\\\/das-autofreie-pays-des-ecrins-abfahrt-vom-bahnhof-argentiere-les-ecrins\\\/#primaryimage\"},\"image\":{\"@id\":\"https:\\\/\\\/www.paysdesecrins.com\\\/de\\\/ich-waehle\\\/anfahrt-und-shuttles\\\/das-autofreie-pays-des-ecrins-abfahrt-vom-bahnhof-argentiere-les-ecrins\\\/#primaryimage\"},\"thumbnailUrl\":\"https:\\\/\\\/www.paysdesecrins.com\\\/wp-content\\\/uploads\\\/2025\\\/07\\\/bivouac-et-trail-cre-te-de-rougnoux-133-1-1-scaled.jpg\",\"datePublished\":\"2025-07-28T14:35:15+00:00\",\"dateModified\":\"2025-08-07T13:06:43+00:00\",\"breadcrumb\":{\"@id\":\"https:\\\/\\\/www.paysdesecrins.com\\\/de\\\/ich-waehle\\\/anfahrt-und-shuttles\\\/das-autofreie-pays-des-ecrins-abfahrt-vom-bahnhof-argentiere-les-ecrins\\\/#breadcrumb\"},\"inLanguage\":\"de\",\"potentialAction\":[{\"@type\":\"ReadAction\",\"target\":[\"https:\\\/\\\/www.paysdesecrins.com\\\/de\\\/ich-waehle\\\/anfahrt-und-shuttles\\\/das-autofreie-pays-des-ecrins-abfahrt-vom-bahnhof-argentiere-les-ecrins\\\/\"]}]},{\"@type\":\"ImageObject\",\"inLanguage\":\"de\",\"@id\":\"https:\\\/\\\/www.paysdesecrins.com\\\/de\\\/ich-waehle\\\/anfahrt-und-shuttles\\\/das-autofreie-pays-des-ecrins-abfahrt-vom-bahnhof-argentiere-les-ecrins\\\/#primaryimage\",\"url\":\"https:\\\/\\\/www.paysdesecrins.com\\\/wp-content\\\/uploads\\\/2025\\\/07\\\/bivouac-et-trail-cre-te-de-rougnoux-133-1-1-scaled.jpg\",\"contentUrl\":\"https:\\\/\\\/www.paysdesecrins.com\\\/wp-content\\\/uploads\\\/2025\\\/07\\\/bivouac-et-trail-cre-te-de-rougnoux-133-1-1-scaled.jpg\",\"width\":2560,\"height\":1707},{\"@type\":\"BreadcrumbList\",\"@id\":\"https:\\\/\\\/www.paysdesecrins.com\\\/de\\\/ich-waehle\\\/anfahrt-und-shuttles\\\/das-autofreie-pays-des-ecrins-abfahrt-vom-bahnhof-argentiere-les-ecrins\\\/#breadcrumb\",\"itemListElement\":[{\"@type\":\"ListItem\",\"position\":1,\"name\":\"Accueil\",\"item\":\"https:\\\/\\\/www.paysdesecrins.com\\\/de\\\/der-titel-des-hauses\\\/\"},{\"@type\":\"ListItem\",\"position\":2,\"name\":\"Ich w\u00e4hle\",\"item\":\"https:\\\/\\\/www.paysdesecrins.com\\\/de\\\/ich-waehle\\\/\"},{\"@type\":\"ListItem\",\"position\":3,\"name\":\"Anfahrt und Transport\",\"item\":\"https:\\\/\\\/www.paysdesecrins.com\\\/de\\\/ich-waehle\\\/anfahrt-und-shuttles\\\/\"},{\"@type\":\"ListItem\",\"position\":4,\"name\":\"Das autofreie Pays des \u00c9crins ab Bahnhof Argenti\u00e8re les \u00c9crins\"}]},{\"@type\":\"WebSite\",\"@id\":\"https:\\\/\\\/www.paysdesecrins.com\\\/de\\\/#website\",\"url\":\"https:\\\/\\\/www.paysdesecrins.com\\\/de\\\/\",\"name\":\"Pays des \u00c9crins - Office de Tourisme\",\"description\":\"L&#039;esprit montagne\",\"publisher\":{\"@id\":\"https:\\\/\\\/www.paysdesecrins.com\\\/de\\\/#organization\"},\"potentialAction\":[{\"@type\":\"SearchAction\",\"target\":{\"@type\":\"EntryPoint\",\"urlTemplate\":\"https:\\\/\\\/www.paysdesecrins.com\\\/de\\\/?s={search_term_string}\"},\"query-input\":{\"@type\":\"PropertyValueSpecification\",\"valueRequired\":true,\"valueName\":\"search_term_string\"}}],\"inLanguage\":\"de\"},{\"@type\":\"Organization\",\"@id\":\"https:\\\/\\\/www.paysdesecrins.com\\\/de\\\/#organization\",\"name\":\"Pays des \u00c9crins - Office de Tourisme\",\"url\":\"https:\\\/\\\/www.paysdesecrins.com\\\/de\\\/\",\"logo\":{\"@type\":\"ImageObject\",\"inLanguage\":\"de\",\"@id\":\"https:\\\/\\\/www.paysdesecrins.com\\\/de\\\/#\\\/schema\\\/logo\\\/image\\\/\",\"url\":\"https:\\\/\\\/www.paysdesecrins.com\\\/wp-content\\\/uploads\\\/2025\\\/06\\\/devina-svg-1750845694.svg\",\"contentUrl\":\"https:\\\/\\\/www.paysdesecrins.com\\\/wp-content\\\/uploads\\\/2025\\\/06\\\/devina-svg-1750845694.svg\",\"caption\":\"Pays des \u00c9crins - Office de Tourisme\"},\"image\":{\"@id\":\"https:\\\/\\\/www.paysdesecrins.com\\\/de\\\/#\\\/schema\\\/logo\\\/image\\\/\"}}]}<\/script>\n<!-- \/ Yoast SEO plugin. -->","yoast_head_json":{"title":"Das autofreie Pays des \u00c9crins ab Bahnhof Argenti\u00e8re les \u00c9crins - Pays des \u00c9crins - Office de Tourisme","robots":{"index":"index","follow":"follow","max-snippet":"max-snippet:-1","max-image-preview":"max-image-preview:large","max-video-preview":"max-video-preview:-1"},"canonical":"https:\/\/www.paysdesecrins.com\/de\/ich-waehle\/anfahrt-und-shuttles\/das-autofreie-pays-des-ecrins-abfahrt-vom-bahnhof-argentiere-les-ecrins\/","og_locale":"de_DE","og_type":"article","og_title":"Das autofreie Pays des \u00c9crins ab Bahnhof Argenti\u00e8re les \u00c9crins - Pays des \u00c9crins - Office de Tourisme","og_description":"Studenten oder Young Professionals ohne Auto? Sind Sie besorgt, mit dem geringstm\u00f6glichen CO2-Fu\u00dfabdruck in die Berge zu gehen? Es ist [&hellip;]","og_url":"https:\/\/www.paysdesecrins.com\/de\/ich-waehle\/anfahrt-und-shuttles\/das-autofreie-pays-des-ecrins-abfahrt-vom-bahnhof-argentiere-les-ecrins\/","og_site_name":"Pays des \u00c9crins - Office de Tourisme","article_modified_time":"2025-08-07T13:06:43+00:00","og_image":[{"width":2560,"height":1707,"url":"https:\/\/www.paysdesecrins.com\/wp-content\/uploads\/2025\/07\/bivouac-et-trail-cre-te-de-rougnoux-133-1-1-scaled.jpg","type":"image\/jpeg"}],"twitter_card":"summary_large_image","twitter_misc":{"Gesch\u00e4tzte Lesezeit":"3 Minuten"},"schema":{"@context":"https:\/\/schema.org","@graph":[{"@type":"WebPage","@id":"https:\/\/www.paysdesecrins.com\/de\/ich-waehle\/anfahrt-und-shuttles\/das-autofreie-pays-des-ecrins-abfahrt-vom-bahnhof-argentiere-les-ecrins\/","url":"https:\/\/www.paysdesecrins.com\/de\/ich-waehle\/anfahrt-und-shuttles\/das-autofreie-pays-des-ecrins-abfahrt-vom-bahnhof-argentiere-les-ecrins\/","name":"Das autofreie Pays des \u00c9crins ab Bahnhof Argenti\u00e8re les \u00c9crins - Pays des \u00c9crins - Office de Tourisme","isPartOf":{"@id":"https:\/\/www.paysdesecrins.com\/de\/#website"},"primaryImageOfPage":{"@id":"https:\/\/www.paysdesecrins.com\/de\/ich-waehle\/anfahrt-und-shuttles\/das-autofreie-pays-des-ecrins-abfahrt-vom-bahnhof-argentiere-les-ecrins\/#primaryimage"},"image":{"@id":"https:\/\/www.paysdesecrins.com\/de\/ich-waehle\/anfahrt-und-shuttles\/das-autofreie-pays-des-ecrins-abfahrt-vom-bahnhof-argentiere-les-ecrins\/#primaryimage"},"thumbnailUrl":"https:\/\/www.paysdesecrins.com\/wp-content\/uploads\/2025\/07\/bivouac-et-trail-cre-te-de-rougnoux-133-1-1-scaled.jpg","datePublished":"2025-07-28T14:35:15+00:00","dateModified":"2025-08-07T13:06:43+00:00","breadcrumb":{"@id":"https:\/\/www.paysdesecrins.com\/de\/ich-waehle\/anfahrt-und-shuttles\/das-autofreie-pays-des-ecrins-abfahrt-vom-bahnhof-argentiere-les-ecrins\/#breadcrumb"},"inLanguage":"de","potentialAction":[{"@type":"ReadAction","target":["https:\/\/www.paysdesecrins.com\/de\/ich-waehle\/anfahrt-und-shuttles\/das-autofreie-pays-des-ecrins-abfahrt-vom-bahnhof-argentiere-les-ecrins\/"]}]},{"@type":"ImageObject","inLanguage":"de","@id":"https:\/\/www.paysdesecrins.com\/de\/ich-waehle\/anfahrt-und-shuttles\/das-autofreie-pays-des-ecrins-abfahrt-vom-bahnhof-argentiere-les-ecrins\/#primaryimage","url":"https:\/\/www.paysdesecrins.com\/wp-content\/uploads\/2025\/07\/bivouac-et-trail-cre-te-de-rougnoux-133-1-1-scaled.jpg","contentUrl":"https:\/\/www.paysdesecrins.com\/wp-content\/uploads\/2025\/07\/bivouac-et-trail-cre-te-de-rougnoux-133-1-1-scaled.jpg","width":2560,"height":1707},{"@type":"BreadcrumbList","@id":"https:\/\/www.paysdesecrins.com\/de\/ich-waehle\/anfahrt-und-shuttles\/das-autofreie-pays-des-ecrins-abfahrt-vom-bahnhof-argentiere-les-ecrins\/#breadcrumb","itemListElement":[{"@type":"ListItem","position":1,"name":"Accueil","item":"https:\/\/www.paysdesecrins.com\/de\/der-titel-des-hauses\/"},{"@type":"ListItem","position":2,"name":"Ich w\u00e4hle","item":"https:\/\/www.paysdesecrins.com\/de\/ich-waehle\/"},{"@type":"ListItem","position":3,"name":"Anfahrt und Transport","item":"https:\/\/www.paysdesecrins.com\/de\/ich-waehle\/anfahrt-und-shuttles\/"},{"@type":"ListItem","position":4,"name":"Das autofreie Pays des \u00c9crins ab Bahnhof Argenti\u00e8re les \u00c9crins"}]},{"@type":"WebSite","@id":"https:\/\/www.paysdesecrins.com\/de\/#website","url":"https:\/\/www.paysdesecrins.com\/de\/","name":"Pays des \u00c9crins - Office de Tourisme","description":"L&#039;esprit montagne","publisher":{"@id":"https:\/\/www.paysdesecrins.com\/de\/#organization"},"potentialAction":[{"@type":"SearchAction","target":{"@type":"EntryPoint","urlTemplate":"https:\/\/www.paysdesecrins.com\/de\/?s={search_term_string}"},"query-input":{"@type":"PropertyValueSpecification","valueRequired":true,"valueName":"search_term_string"}}],"inLanguage":"de"},{"@type":"Organization","@id":"https:\/\/www.paysdesecrins.com\/de\/#organization","name":"Pays des \u00c9crins - Office de Tourisme","url":"https:\/\/www.paysdesecrins.com\/de\/","logo":{"@type":"ImageObject","inLanguage":"de","@id":"https:\/\/www.paysdesecrins.com\/de\/#\/schema\/logo\/image\/","url":"https:\/\/www.paysdesecrins.com\/wp-content\/uploads\/2025\/06\/devina-svg-1750845694.svg","contentUrl":"https:\/\/www.paysdesecrins.com\/wp-content\/uploads\/2025\/06\/devina-svg-1750845694.svg","caption":"Pays des \u00c9crins - Office de Tourisme"},"image":{"@id":"https:\/\/www.paysdesecrins.com\/de\/#\/schema\/logo\/image\/"}}]}},"_links":{"self":[{"href":"https:\/\/www.paysdesecrins.com\/de\/wp-json\/wp\/v2\/pages\/47429","targetHints":{"allow":["GET"]}}],"collection":[{"href":"https:\/\/www.paysdesecrins.com\/de\/wp-json\/wp\/v2\/pages"}],"about":[{"href":"https:\/\/www.paysdesecrins.com\/de\/wp-json\/wp\/v2\/types\/page"}],"author":[{"embeddable":true,"href":"https:\/\/www.paysdesecrins.com\/de\/wp-json\/wp\/v2\/users\/9"}],"replies":[{"embeddable":true,"href":"https:\/\/www.paysdesecrins.com\/de\/wp-json\/wp\/v2\/comments?post=47429"}],"version-history":[{"count":0,"href":"https:\/\/www.paysdesecrins.com\/de\/wp-json\/wp\/v2\/pages\/47429\/revisions"}],"up":[{"embeddable":true,"href":"https:\/\/www.paysdesecrins.com\/de\/wp-json\/wp\/v2\/pages\/45939"}],"wp:featuredmedia":[{"embeddable":true,"href":"https:\/\/www.paysdesecrins.com\/de\/wp-json\/wp\/v2\/media\/48672"}],"wp:attachment":[{"href":"https:\/\/www.paysdesecrins.com\/de\/wp-json\/wp\/v2\/media?parent=47429"}],"curies":[{"name":"wp","href":"https:\/\/api.w.org\/{rel}","templated":true}]}}