{"id":48777,"date":"2025-07-29T10:26:48","date_gmt":"2025-07-29T08:26:48","guid":{"rendered":"https:\/\/www.paysdesecrins.com\/anfahrt-und-shuttles\/strasse-bus\/"},"modified":"2025-08-22T10:40:19","modified_gmt":"2025-08-22T08:40:19","slug":"strasse-bus","status":"publish","type":"page","link":"https:\/\/www.paysdesecrins.com\/de\/ich-waehle\/anfahrt-und-shuttles\/strasse-bus\/","title":{"rendered":"Stra\u00dfe\/Bus"},"content":{"rendered":"    <div class=\"alignfull wp-block-ws-library-ws-header-interne\">\n\t    <div class=\"header-container\">\n\t        <div class=\"group-media has-image\">\n\t            \t                <img loading=\"lazy\" decoding=\"async\" width=\"1200\" height=\"800\" src=\"https:\/\/www.paysdesecrins.com\/wp-content\/uploads\/2025\/07\/1596546037-434450263-1.jpg\" alt=\"\" class=\"image_large_square wp-image-48772\" srcset=\"https:\/\/www.paysdesecrins.com\/wp-content\/uploads\/2025\/07\/1596546037-434450263-1.jpg 1200w, https:\/\/www.paysdesecrins.com\/wp-content\/uploads\/2025\/07\/1596546037-434450263-1-300x200.jpg 300w, https:\/\/www.paysdesecrins.com\/wp-content\/uploads\/2025\/07\/1596546037-434450263-1-1024x683.jpg 1024w, https:\/\/www.paysdesecrins.com\/wp-content\/uploads\/2025\/07\/1596546037-434450263-1-768x512.jpg 768w, https:\/\/www.paysdesecrins.com\/wp-content\/uploads\/2025\/07\/1596546037-434450263-1-960x640.jpg 960w\" sizes=\"auto, (max-width: 1200px) 100vw, 1200px\" \/>\n\t            \t        <\/div>\n\t        <div class=\"group-content\">\n\t            <div class=\"title\">\n\t                <h1>\n\t                    Stra\u00dfe\/Bus\t                    \t                <\/h1>\n\t            <\/div>\n\t        <\/div>\n\t    <\/div>\n\t    \n<div class=\"yoast-breadcrumbs\"><span><span><a href=\"https:\/\/www.paysdesecrins.com\/de\/der-titel-des-hauses\/\">Accueil<\/a><\/span>  <span><a href=\"https:\/\/www.paysdesecrins.com\/de\/ich-waehle\/\">Ich w\u00e4hle<\/a><\/span>  <span><a href=\"https:\/\/www.paysdesecrins.com\/de\/ich-waehle\/anfahrt-und-shuttles\/\">Anfahrt und Transport<\/a><\/span>  <span class=\"breadcrumb_last\" aria-current=\"page\">Stra\u00dfe\/Bus<\/span><\/span><\/div>\n    <\/div>\n    \n<div class=\"wp-block-ws-library-ws-title aligncenter is-style-simple\"><h2>Zugang zum Pays des \u00c9crins mit dem Auto<\/h2><\/div>\n\n<div class=\"wp-block-ws-library-ws-image\"><div class=\"wrapper\"><div class=\"group-media\"><img decoding=\"async\" src=\"https:\/\/www.paysdesecrins.com\/wp-content\/uploads\/2025\/08\/plan-acces-pays-des-ecrins-905x640.png\" alt=\"\" class=\"single_image ws-image-91894\"><div class=\"credits\"><\/div><\/div><p class=\"caption\"><\/p><\/div><\/div>\n\n<div class=\"wp-block-ws-library-ws-title\"><h3><em>Anreise ins Pays des \u00c9crins<\/em>mit dem Zug, Bus und Fahrgemeinschaften!<\/h3><\/div>\n\n<p>Zum Beispiel k\u00f6nnen Sie Ihre Tickets direkt finden f\u00fcr: <a href=\"https:\/\/www.tictactrip.eu\/search\/paris\/largentiere-les-ecrins?utm_source=paysdesecrins.com&amp;utm_medium=referral&amp;utm_campaign=BL-FR-SKI-PAYS-DES-ECRINS\" target=\"_blank\" rel=\"noreferrer noopener\">Paris \u2013 L&#8217;Argenti\u00e8re-les-\u00c9crins<\/a>, <a href=\"https:\/\/www.tictactrip.eu\/search\/lyon\/largentiere-les-ecrins?utm_source=paysdesecrins.com&amp;utm_medium=referral&amp;utm_campaign=BL-FR-SKI-PAYS-DES-ECRINS\" target=\"_blank\" rel=\"noreferrer noopener\">Zug Marseille \u2013 L&#8217;Argenti\u00e8re-les-\u00c9crins <\/a>, oder Bus <a href=\"https:\/\/www.tictactrip.eu\/search\/cluses\/largentiere-les-ecrins?utm_source=paysdesecrins.com&amp;utm_medium=referral&amp;utm_campaign=BL-FR-SKI-PAYS-DES-ECRINS\" target=\"_blank\" rel=\"noreferrer noopener\">Chamb\u00e9ry \u2013 L&#8217;Argenti\u00e8re-les-\u00c9crins<\/a> und viele mehr&#8230;<\/p>\n<p><a href=\"https:\/\/www.tictactrip.eu\" id=\"ttt-widget\" data-iframe-partnerId=\"WB-SKI-PAYS-DES-ECRINS\">. <\/a><br \/>\n<script async type=\"text\/javascript\" src=\"https:\/\/widgetbooking.tictactrip.eu\/index.js\"><\/script><\/p>\n\n<div class=\"wp-block-ws-library-ws-title\"><h3><em>Kommend&nbsp;<\/em><strong>n\u00f6rdlich&nbsp;<\/strong><\/h3><\/div>\n\n<p>Nehmen Sie die <strong>Autobahn A48<\/strong> in Richtung Grenoble, dann den Col du Lautaret (RN91). \u00dcberqueren Sie Brian\u00e7on in Richtung Gap. Sie betreten das Pays des \u00c9crins von Saint-Martin de Queyri\u00e8res aus.<\/p>\n\n<div class=\"wp-block-ws-library-ws-title\"><h3><em>Kommend&nbsp;<\/em><strong>s\u00fcdlich&nbsp;<\/strong><\/h3><\/div>\n\n<p>Nehmen Sie die <strong>Autobahn A51<\/strong> in Richtung La Saulce und fahren Sie dann in Richtung Brian\u00e7on (RN 94). Sie betreten das Pays des \u00c9crins von La Roche de Rame aus. <\/p>\n\n<div class=\"wp-block-ws-library-ws-title\"><h3><em>Aus dem<\/em><strong>Ausland<\/strong><\/h3><\/div>\n\n<p><strong>Von Italien <br\/><\/strong>Nehmen Sie die Autobahn <strong>A43<\/strong> von der Maurienne \u00fcber den Fr\u00e9jus-Tunnel, dann den Col de Montgen\u00e8vre. \u00dcberqueren Sie Brian\u00e7on in Richtung Gap. Sie betreten das Pays des \u00c9crins von Saint-Martin de Queyri\u00e8res aus.  <br\/><br\/><strong>Aus Belgien<br\/><\/strong>Folgen Sie der Autobahn <strong>A26<\/strong> nach Dijon. Fahren Sie weiter in Richtung Lyon, dann nehmen Sie die Autobahn A43 der Maurienne durch den Fr\u00e9jus-Tunnel, dann den Col de Montgen\u00e8vre. \u00dcberqueren Sie Brian\u00e7on in Richtung Gap. Sie betreten das Pays des \u00c9crins von Saint-Martin de Queyri\u00e8res aus.   <\/p>\n\n<div class=\"wp-block-ws-library-ws-title\"><h3><em>Aus<\/em><strong>Gro\u00dfst\u00e4dten<\/strong><\/h3><\/div>\n\n<p><strong>Von Paris<br\/><\/strong>\u00dcber die <strong>Autobahn A6<\/strong> nach Lyon, dann \u00fcber die <strong>Autobahn A43<\/strong> nach Grenoble, dann \u00fcber den Col du Lautaret in Richtung Brian\u00e7on, gelangen Sie bei Saint-Martin de Queyri\u00e8res in das Pays des \u00c9crins.<br\/><br\/><strong>Von Grenoble<br\/><\/strong>Nehmen Sie die <strong>D1091<\/strong> in Richtung Brian\u00e7on \u00fcber den Col du Lautaret, Sie gelangen bei Saint-Martin de Queyri\u00e8res in das Pays des \u00c9crins.<br\/><br\/><strong>Von Marseille<br\/><\/strong>Von der <strong>Autobahn A51 <\/strong>nach Gap\/Tallard nehmen Sie die N94 in Richtung Brian\u00e7on, Sie fahren bei La Roche de Rame in das Pays des \u00c9crins.<br\/><br\/>Um zum Pays des \u00c9crins zu gelangen, k\u00f6nnen Sie auch Taxis nutzen, die Ihnen das an Ihre W\u00fcnsche angepasste Fahrzeug zur Verf\u00fcgung stellen: Transport aller Entfernungen, Flugh\u00e4fen\/Bahnh\u00f6fe, Gruppentransport, Vallouise\/Entraygues-Verbindung f\u00fcr Wanderer des GR54, Mountainbiken, Unterst\u00fctzung bei der R\u00fcckf\u00fchrung, Besuch unseres Tals und seiner Umgebung, medizinischer Transport im Sitz usw.<\/p>\n\n<div class=\"wp-block-ws-library-ws-columns alignwide has-2-columns are-vertically-aligned-center layout-5050 is-style-background\">\n<div class=\"wp-block-ws-library-ws-column\"><div class=\"wrapper\">\n<div class=\"wp-block-ws-library-ws-title\"><h3>Informationen zur Route<\/h3><\/div>\n\n\n\n<p>Bevor Sie sich auf den Weg machen, vergessen Sie nicht, sich \u00fcber den Zustand der Stra\u00dfen, die Sie nehmen werden, und die Wettervorhersage auf Ihrer Route zu informieren. Um Ihnen dabei zu helfen, aktualisieren wir t\u00e4glich unsere <strong>Wetter<\/strong><strong>\u2013 und Verkehrsbedingungen<\/strong>.  <\/p>\n\n\n\n<p>Wir empfehlen Ihnen au\u00dferdem, w\u00e4hrend Ihrer Reise folgende Telefonnummern zu notieren und aufzubewahren:<\/p>\n\n\n\n<p>Informationen Col du Lautaret und Col du Montgen\u00e8vre: 04 65 03 00 05<\/p>\n\n\n\n<p>Verkehrsinformationen (CRIR): 08 26 02 20 22<\/p>\n<\/div><\/div>\n\n\n\n<div class=\"wp-block-ws-library-ws-column\"><div class=\"wrapper\">\n<div class=\"wp-block-ws-library-ws-image\"><div class=\"wrapper\"><div class=\"group-media\"><img decoding=\"async\" src=\"https:\/\/www.paysdesecrins.com\/wp-content\/uploads\/2025\/07\/capture-decran-2025-07-29-a-110556-853x640.png\" alt=\"\" class=\"single_image ws-image-48827\"><div class=\"credits\"><\/div><\/div><p class=\"caption\"><\/p><\/div><\/div>\n<\/div><\/div>\n<\/div>\n\n<div class=\"wp-block-ws-library-ws-title\"><h3><em>Zugang zum Pays des \u00c9crins<\/em><strong>mit dem Bus<\/strong><\/h3><\/div>\n\n<p class=\"has-text-align-left\"><strong>Von Grenoble mit der LER<br\/><\/strong>Regelm\u00e4\u00dfige Linien bedienen Brian\u00e7on von Grenoble aus. Wenden Sie sich an den Spediteur oder informieren Sie sich auf seiner Website \u00fcber die Fahrpl\u00e4ne.<br\/>Frequenzumrichter: <a href=\"http:\/\/www.vfd.fr\/\" target=\"_blank\" rel=\"noreferrer noopener\">http:\/\/www.vfd.fr<\/a> \u2013 Telefon: 04 76 60 47 08<br\/>LER 55 : Brian\u00e7on \u2013 Grenoble <\/p>\n\n<div class=\"wp-block-ws-library-ws-documents\">\n<div class=\"wp-block-ws-library-ws-document\"><a href=\"https:\/\/www.paysdesecrins.com\/wp-content\/uploads\/2025\/07\/zouler-ligne55-briancon-grenoble-via-serre-chevalier-ete-2025.pdf\" target=\"_blank\" rel=\"noopener noreferrer\" class=\"link-document\">Fahrplan-Linie-L55-Brian\u00e7on-Grenoble-Juli-August-2025<\/a><\/div>\n<\/div>\n\n<p><strong>Von Nizza, Marseille oder Gap mit dem SCAL Spediteur<\/strong><br\/>Regelm\u00e4\u00dfige Linien bedienen das Pays des \u00c9crins und Brian\u00e7on von Nizza, Marseille oder Gap.<br\/>SKALA: <a href=\"https:\/\/www.autocars-scal.fr\/lignes-horaires\">https:\/\/www.autocars-scal.fr\/lignes-horaires<\/a><br\/>Telefon: 04 92 51 06 05<\/p>\n\n<p><strong>Von Paris, Marseille und Aix-en-Provence<\/strong><br\/>Kommen Sie mit dem Express von Paris, Marseille und Aix-en-Provence zu den Ferienorten des Pays des \u00c9crins mit Imbert-Bussen.<br\/>Buchbar online auf der Website des <a href=\"http:\/\/www.neigeexpress.com\/\" target=\"_blank\" rel=\"noreferrer noopener\">Neige Express<\/a> oder telefonisch unter 04 92 45 18 11.<\/p>\n\n<div class=\"wp-block-ws-library-ws-documents\">\n<div class=\"wp-block-ws-library-ws-document\"><a href=\"https:\/\/www.paysdesecrins.com\/wp-content\/uploads\/2025\/07\/car-zouler-69-marseille-gap-briancon-a-partir-du-15-dec2024.pdf\" target=\"_blank\" rel=\"noopener noreferrer\" class=\"link-document\">Fahrplan-LER69-Marseille-Gap-Brian\u00e7on-vom-15-Dezember-2024<\/a><\/div>\n<\/div>\n\n<p><strong>Von Paris und Marseille<br\/><\/strong>Les <strong>Autocars IMBERT<\/strong> bringt Sie von Paris und Marseille zu Ihren Resorts in den S\u00fcdalpen.<br\/>Die Zeitpl\u00e4ne finden Sie unten.  <\/p>\n\n<div class=\"wp-block-ws-library-ws-documents\">\n<div class=\"wp-block-ws-library-ws-document\"><a href=\"https:\/\/www.paysdesecrins.com\/wp-content\/uploads\/2025\/07\/depliant-neige-express-2024-2025-4volets-web-2-1.pdf\" target=\"_blank\" rel=\"noopener noreferrer\" class=\"link-document\">Brosch\u00fcre-Schnee-Express-Paris-Marseille-2024-2025<\/a><\/div>\n<\/div>\n\n<p><strong>Von Oulx<br\/><\/strong>Die Linie 76 verbindet Oulx \u00fcber Montgen\u00e8vre mit Brian\u00e7on.<br\/>Eine Reservierung 48 Stunden im Voraus ist erforderlich.<br\/><a href=\"https:\/\/www.autocars-resalp.com\/lignes-horaires\/serre-chevalier-montgenevre-oulx\">https:\/\/www.autocars-resalp.com\/lignes-horaires\/serre-chevalier-montgenevre-oulx<\/a><\/p>\n\n<div class=\"wp-block-ws-library-ws-documents\">\n<div class=\"wp-block-ws-library-ws-document\"><a href=\"https:\/\/www.paysdesecrins.com\/wp-content\/uploads\/2025\/07\/fhligne76-maj2306.pdf\" target=\"_blank\" rel=\"noopener noreferrer\" class=\"link-document\">Line76-Oulx-Montgen\u00e8vre-Brian\u00e7on-M\u00e4rz-Dezember-2025<\/a><\/div>\n<\/div>\n\n<div class=\"wp-block-ws-library-ws-share\"><span class=\"share-subtitle\">Hat Ihnen diese Seite gefallen?<\/span><span class=\"share-title\">Teilen Sie es!<\/span><button class=\"ws-share-button wp-element-button\">Diese Seite teilen<\/button><\/div>\n","protected":false},"excerpt":{"rendered":"<p>Zum Beispiel k\u00f6nnen Sie Ihre Tickets direkt finden f\u00fcr: Paris \u2013 L&#8217;Argenti\u00e8re-les-\u00c9crins, Zug Marseille \u2013 L&#8217;Argenti\u00e8re-les-\u00c9crins , oder Bus Chamb\u00e9ry [&hellip;]<\/p>\n","protected":false},"author":9,"featured_media":48775,"parent":45939,"menu_order":0,"comment_status":"closed","ping_status":"closed","template":"","meta":{"_thumbnail_id_2":0,"summer_excerpt":"","season":"","station":"","footnotes":""},"class_list":["post-48777","page","type-page","status-publish","has-post-thumbnail","hentry"],"yoast_head":"<!-- This site is optimized with the Yoast SEO plugin v27.3 - https:\/\/yoast.com\/product\/yoast-seo-wordpress\/ -->\n<title>Stra\u00dfe\/Bus - Pays des \u00c9crins - Office de Tourisme<\/title>\n<meta name=\"robots\" content=\"index, follow, max-snippet:-1, max-image-preview:large, max-video-preview:-1\" \/>\n<link rel=\"canonical\" href=\"https:\/\/www.paysdesecrins.com\/de\/ich-waehle\/anfahrt-und-shuttles\/strasse-bus\/\" \/>\n<meta property=\"og:locale\" content=\"de_DE\" \/>\n<meta property=\"og:type\" content=\"article\" \/>\n<meta property=\"og:title\" content=\"Stra\u00dfe\/Bus - Pays des \u00c9crins - Office de Tourisme\" \/>\n<meta property=\"og:description\" content=\"Zum Beispiel k\u00f6nnen Sie Ihre Tickets direkt finden f\u00fcr: Paris \u2013 L&#8217;Argenti\u00e8re-les-\u00c9crins, Zug Marseille \u2013 L&#8217;Argenti\u00e8re-les-\u00c9crins , oder Bus Chamb\u00e9ry [&hellip;]\" \/>\n<meta property=\"og:url\" content=\"https:\/\/www.paysdesecrins.com\/de\/ich-waehle\/anfahrt-und-shuttles\/strasse-bus\/\" \/>\n<meta property=\"og:site_name\" content=\"Pays des \u00c9crins - Office de Tourisme\" \/>\n<meta property=\"article:modified_time\" content=\"2025-08-22T08:40:19+00:00\" \/>\n<meta property=\"og:image\" content=\"https:\/\/www.paysdesecrins.com\/wp-content\/uploads\/2025\/07\/1596546037-434450263-1.jpg\" \/>\n\t<meta property=\"og:image:width\" content=\"1200\" \/>\n\t<meta property=\"og:image:height\" content=\"800\" \/>\n\t<meta property=\"og:image:type\" content=\"image\/jpeg\" \/>\n<meta name=\"twitter:card\" content=\"summary_large_image\" \/>\n<meta name=\"twitter:label1\" content=\"Gesch\u00e4tzte Lesezeit\" \/>\n\t<meta name=\"twitter:data1\" content=\"3 Minuten\" \/>\n<script type=\"application\/ld+json\" class=\"yoast-schema-graph\">{\"@context\":\"https:\\\/\\\/schema.org\",\"@graph\":[{\"@type\":\"WebPage\",\"@id\":\"https:\\\/\\\/www.paysdesecrins.com\\\/de\\\/ich-waehle\\\/anfahrt-und-shuttles\\\/strasse-bus\\\/\",\"url\":\"https:\\\/\\\/www.paysdesecrins.com\\\/de\\\/ich-waehle\\\/anfahrt-und-shuttles\\\/strasse-bus\\\/\",\"name\":\"Stra\u00dfe\\\/Bus - Pays des \u00c9crins - Office de Tourisme\",\"isPartOf\":{\"@id\":\"https:\\\/\\\/www.paysdesecrins.com\\\/de\\\/#website\"},\"primaryImageOfPage\":{\"@id\":\"https:\\\/\\\/www.paysdesecrins.com\\\/de\\\/ich-waehle\\\/anfahrt-und-shuttles\\\/strasse-bus\\\/#primaryimage\"},\"image\":{\"@id\":\"https:\\\/\\\/www.paysdesecrins.com\\\/de\\\/ich-waehle\\\/anfahrt-und-shuttles\\\/strasse-bus\\\/#primaryimage\"},\"thumbnailUrl\":\"https:\\\/\\\/www.paysdesecrins.com\\\/wp-content\\\/uploads\\\/2025\\\/07\\\/1596546037-434450263-1.jpg\",\"datePublished\":\"2025-07-29T08:26:48+00:00\",\"dateModified\":\"2025-08-22T08:40:19+00:00\",\"breadcrumb\":{\"@id\":\"https:\\\/\\\/www.paysdesecrins.com\\\/de\\\/ich-waehle\\\/anfahrt-und-shuttles\\\/strasse-bus\\\/#breadcrumb\"},\"inLanguage\":\"de\",\"potentialAction\":[{\"@type\":\"ReadAction\",\"target\":[\"https:\\\/\\\/www.paysdesecrins.com\\\/de\\\/ich-waehle\\\/anfahrt-und-shuttles\\\/strasse-bus\\\/\"]}]},{\"@type\":\"ImageObject\",\"inLanguage\":\"de\",\"@id\":\"https:\\\/\\\/www.paysdesecrins.com\\\/de\\\/ich-waehle\\\/anfahrt-und-shuttles\\\/strasse-bus\\\/#primaryimage\",\"url\":\"https:\\\/\\\/www.paysdesecrins.com\\\/wp-content\\\/uploads\\\/2025\\\/07\\\/1596546037-434450263-1.jpg\",\"contentUrl\":\"https:\\\/\\\/www.paysdesecrins.com\\\/wp-content\\\/uploads\\\/2025\\\/07\\\/1596546037-434450263-1.jpg\",\"width\":1200,\"height\":800},{\"@type\":\"BreadcrumbList\",\"@id\":\"https:\\\/\\\/www.paysdesecrins.com\\\/de\\\/ich-waehle\\\/anfahrt-und-shuttles\\\/strasse-bus\\\/#breadcrumb\",\"itemListElement\":[{\"@type\":\"ListItem\",\"position\":1,\"name\":\"Accueil\",\"item\":\"https:\\\/\\\/www.paysdesecrins.com\\\/de\\\/der-titel-des-hauses\\\/\"},{\"@type\":\"ListItem\",\"position\":2,\"name\":\"Ich w\u00e4hle\",\"item\":\"https:\\\/\\\/www.paysdesecrins.com\\\/de\\\/ich-waehle\\\/\"},{\"@type\":\"ListItem\",\"position\":3,\"name\":\"Anfahrt und Transport\",\"item\":\"https:\\\/\\\/www.paysdesecrins.com\\\/de\\\/ich-waehle\\\/anfahrt-und-shuttles\\\/\"},{\"@type\":\"ListItem\",\"position\":4,\"name\":\"Stra\u00dfe\\\/Bus\"}]},{\"@type\":\"WebSite\",\"@id\":\"https:\\\/\\\/www.paysdesecrins.com\\\/de\\\/#website\",\"url\":\"https:\\\/\\\/www.paysdesecrins.com\\\/de\\\/\",\"name\":\"Pays des \u00c9crins - Office de Tourisme\",\"description\":\"L&#039;esprit montagne\",\"publisher\":{\"@id\":\"https:\\\/\\\/www.paysdesecrins.com\\\/de\\\/#organization\"},\"potentialAction\":[{\"@type\":\"SearchAction\",\"target\":{\"@type\":\"EntryPoint\",\"urlTemplate\":\"https:\\\/\\\/www.paysdesecrins.com\\\/de\\\/?s={search_term_string}\"},\"query-input\":{\"@type\":\"PropertyValueSpecification\",\"valueRequired\":true,\"valueName\":\"search_term_string\"}}],\"inLanguage\":\"de\"},{\"@type\":\"Organization\",\"@id\":\"https:\\\/\\\/www.paysdesecrins.com\\\/de\\\/#organization\",\"name\":\"Pays des \u00c9crins - Office de Tourisme\",\"url\":\"https:\\\/\\\/www.paysdesecrins.com\\\/de\\\/\",\"logo\":{\"@type\":\"ImageObject\",\"inLanguage\":\"de\",\"@id\":\"https:\\\/\\\/www.paysdesecrins.com\\\/de\\\/#\\\/schema\\\/logo\\\/image\\\/\",\"url\":\"https:\\\/\\\/www.paysdesecrins.com\\\/wp-content\\\/uploads\\\/2025\\\/06\\\/devina-svg-1750845694.svg\",\"contentUrl\":\"https:\\\/\\\/www.paysdesecrins.com\\\/wp-content\\\/uploads\\\/2025\\\/06\\\/devina-svg-1750845694.svg\",\"caption\":\"Pays des \u00c9crins - Office de Tourisme\"},\"image\":{\"@id\":\"https:\\\/\\\/www.paysdesecrins.com\\\/de\\\/#\\\/schema\\\/logo\\\/image\\\/\"}}]}<\/script>\n<!-- \/ Yoast SEO plugin. -->","yoast_head_json":{"title":"Stra\u00dfe\/Bus - Pays des \u00c9crins - Office de Tourisme","robots":{"index":"index","follow":"follow","max-snippet":"max-snippet:-1","max-image-preview":"max-image-preview:large","max-video-preview":"max-video-preview:-1"},"canonical":"https:\/\/www.paysdesecrins.com\/de\/ich-waehle\/anfahrt-und-shuttles\/strasse-bus\/","og_locale":"de_DE","og_type":"article","og_title":"Stra\u00dfe\/Bus - Pays des \u00c9crins - Office de Tourisme","og_description":"Zum Beispiel k\u00f6nnen Sie Ihre Tickets direkt finden f\u00fcr: Paris \u2013 L&#8217;Argenti\u00e8re-les-\u00c9crins, Zug Marseille \u2013 L&#8217;Argenti\u00e8re-les-\u00c9crins , oder Bus Chamb\u00e9ry [&hellip;]","og_url":"https:\/\/www.paysdesecrins.com\/de\/ich-waehle\/anfahrt-und-shuttles\/strasse-bus\/","og_site_name":"Pays des \u00c9crins - Office de Tourisme","article_modified_time":"2025-08-22T08:40:19+00:00","og_image":[{"width":1200,"height":800,"url":"https:\/\/www.paysdesecrins.com\/wp-content\/uploads\/2025\/07\/1596546037-434450263-1.jpg","type":"image\/jpeg"}],"twitter_card":"summary_large_image","twitter_misc":{"Gesch\u00e4tzte Lesezeit":"3 Minuten"},"schema":{"@context":"https:\/\/schema.org","@graph":[{"@type":"WebPage","@id":"https:\/\/www.paysdesecrins.com\/de\/ich-waehle\/anfahrt-und-shuttles\/strasse-bus\/","url":"https:\/\/www.paysdesecrins.com\/de\/ich-waehle\/anfahrt-und-shuttles\/strasse-bus\/","name":"Stra\u00dfe\/Bus - Pays des \u00c9crins - Office de Tourisme","isPartOf":{"@id":"https:\/\/www.paysdesecrins.com\/de\/#website"},"primaryImageOfPage":{"@id":"https:\/\/www.paysdesecrins.com\/de\/ich-waehle\/anfahrt-und-shuttles\/strasse-bus\/#primaryimage"},"image":{"@id":"https:\/\/www.paysdesecrins.com\/de\/ich-waehle\/anfahrt-und-shuttles\/strasse-bus\/#primaryimage"},"thumbnailUrl":"https:\/\/www.paysdesecrins.com\/wp-content\/uploads\/2025\/07\/1596546037-434450263-1.jpg","datePublished":"2025-07-29T08:26:48+00:00","dateModified":"2025-08-22T08:40:19+00:00","breadcrumb":{"@id":"https:\/\/www.paysdesecrins.com\/de\/ich-waehle\/anfahrt-und-shuttles\/strasse-bus\/#breadcrumb"},"inLanguage":"de","potentialAction":[{"@type":"ReadAction","target":["https:\/\/www.paysdesecrins.com\/de\/ich-waehle\/anfahrt-und-shuttles\/strasse-bus\/"]}]},{"@type":"ImageObject","inLanguage":"de","@id":"https:\/\/www.paysdesecrins.com\/de\/ich-waehle\/anfahrt-und-shuttles\/strasse-bus\/#primaryimage","url":"https:\/\/www.paysdesecrins.com\/wp-content\/uploads\/2025\/07\/1596546037-434450263-1.jpg","contentUrl":"https:\/\/www.paysdesecrins.com\/wp-content\/uploads\/2025\/07\/1596546037-434450263-1.jpg","width":1200,"height":800},{"@type":"BreadcrumbList","@id":"https:\/\/www.paysdesecrins.com\/de\/ich-waehle\/anfahrt-und-shuttles\/strasse-bus\/#breadcrumb","itemListElement":[{"@type":"ListItem","position":1,"name":"Accueil","item":"https:\/\/www.paysdesecrins.com\/de\/der-titel-des-hauses\/"},{"@type":"ListItem","position":2,"name":"Ich w\u00e4hle","item":"https:\/\/www.paysdesecrins.com\/de\/ich-waehle\/"},{"@type":"ListItem","position":3,"name":"Anfahrt und Transport","item":"https:\/\/www.paysdesecrins.com\/de\/ich-waehle\/anfahrt-und-shuttles\/"},{"@type":"ListItem","position":4,"name":"Stra\u00dfe\/Bus"}]},{"@type":"WebSite","@id":"https:\/\/www.paysdesecrins.com\/de\/#website","url":"https:\/\/www.paysdesecrins.com\/de\/","name":"Pays des \u00c9crins - Office de Tourisme","description":"L&#039;esprit montagne","publisher":{"@id":"https:\/\/www.paysdesecrins.com\/de\/#organization"},"potentialAction":[{"@type":"SearchAction","target":{"@type":"EntryPoint","urlTemplate":"https:\/\/www.paysdesecrins.com\/de\/?s={search_term_string}"},"query-input":{"@type":"PropertyValueSpecification","valueRequired":true,"valueName":"search_term_string"}}],"inLanguage":"de"},{"@type":"Organization","@id":"https:\/\/www.paysdesecrins.com\/de\/#organization","name":"Pays des \u00c9crins - Office de Tourisme","url":"https:\/\/www.paysdesecrins.com\/de\/","logo":{"@type":"ImageObject","inLanguage":"de","@id":"https:\/\/www.paysdesecrins.com\/de\/#\/schema\/logo\/image\/","url":"https:\/\/www.paysdesecrins.com\/wp-content\/uploads\/2025\/06\/devina-svg-1750845694.svg","contentUrl":"https:\/\/www.paysdesecrins.com\/wp-content\/uploads\/2025\/06\/devina-svg-1750845694.svg","caption":"Pays des \u00c9crins - Office de Tourisme"},"image":{"@id":"https:\/\/www.paysdesecrins.com\/de\/#\/schema\/logo\/image\/"}}]}},"_links":{"self":[{"href":"https:\/\/www.paysdesecrins.com\/de\/wp-json\/wp\/v2\/pages\/48777","targetHints":{"allow":["GET"]}}],"collection":[{"href":"https:\/\/www.paysdesecrins.com\/de\/wp-json\/wp\/v2\/pages"}],"about":[{"href":"https:\/\/www.paysdesecrins.com\/de\/wp-json\/wp\/v2\/types\/page"}],"author":[{"embeddable":true,"href":"https:\/\/www.paysdesecrins.com\/de\/wp-json\/wp\/v2\/users\/9"}],"replies":[{"embeddable":true,"href":"https:\/\/www.paysdesecrins.com\/de\/wp-json\/wp\/v2\/comments?post=48777"}],"version-history":[{"count":2,"href":"https:\/\/www.paysdesecrins.com\/de\/wp-json\/wp\/v2\/pages\/48777\/revisions"}],"predecessor-version":[{"id":105055,"href":"https:\/\/www.paysdesecrins.com\/de\/wp-json\/wp\/v2\/pages\/48777\/revisions\/105055"}],"up":[{"embeddable":true,"href":"https:\/\/www.paysdesecrins.com\/de\/wp-json\/wp\/v2\/pages\/45939"}],"wp:featuredmedia":[{"embeddable":true,"href":"https:\/\/www.paysdesecrins.com\/de\/wp-json\/wp\/v2\/media\/48775"}],"wp:attachment":[{"href":"https:\/\/www.paysdesecrins.com\/de\/wp-json\/wp\/v2\/media?parent=48777"}],"curies":[{"name":"wp","href":"https:\/\/api.w.org\/{rel}","templated":true}]}}