{"id":50610,"date":"2025-07-30T16:54:42","date_gmt":"2025-07-30T14:54:42","guid":{"rendered":"https:\/\/www.paysdesecrins.com\/nordisches-gebiet-von-puy-saint-vincent\/"},"modified":"2025-08-20T15:59:12","modified_gmt":"2025-08-20T13:59:12","slug":"nordisches-gebiet-von-puy-saint-vincent","status":"publish","type":"page","link":"https:\/\/www.paysdesecrins.com\/de\/mein-resort-mein-dorf\/puy-saint-vincent\/nordisches-gebiet-von-puy-saint-vincent\/","title":{"rendered":"Nordisches Gebiet von Puy Saint Vincent"},"content":{"rendered":"    <div class=\"alignfull wp-block-ws-library-ws-header-interne\">\n\t    <div class=\"header-container\">\n\t        <div class=\"group-media has-image\">\n\t            \t                <img loading=\"lazy\" decoding=\"async\" width=\"1920\" height=\"800\" src=\"https:\/\/www.paysdesecrins.com\/wp-content\/uploads\/2025\/07\/dsc00169-1920x800.jpg\" alt=\"\" class=\"image_large_square wp-image-50503\" \/>\n\t            \t        <\/div>\n\t        <div class=\"group-content\">\n\t            <div class=\"title\">\n\t                <h1>\n\t                    Nordisches Gebiet von Puy Saint Vincent\t                    \t                <\/h1>\n\t            <\/div>\n\t        <\/div>\n\t    <\/div>\n\t    \n<div class=\"yoast-breadcrumbs\"><span><span><a href=\"https:\/\/www.paysdesecrins.com\/de\/der-titel-des-hauses\/\">Accueil<\/a><\/span>  <span><a href=\"https:\/\/www.paysdesecrins.com\/de\/ma-station-mon-village\/\">Mein Resort, mein Dorf<\/a><\/span>  <span><a href=\"https:\/\/www.paysdesecrins.com\/de\/mein-resort-mein-dorf\/puy-saint-vincent\/\">Puy-Saint-Vincent<\/a><\/span>  <span class=\"breadcrumb_last\" aria-current=\"page\">Nordisches Gebiet von Puy Saint Vincent<\/span><\/span><\/div>\n    <\/div>\n    \n<div class=\"wp-block-ws-library-ws-title aligncenter is-style-simple\" data-season=\"winter\"><h2><em>Wei\u00dfe Flucht<\/em><br>An der Spitze der K\u00f6pfe<\/h2><\/div>\n\n<p class=\"has-text-align-center\" data-season=\"winter\">Entdecken Sie ein Naturschutzgebiet auf <strong>bis zu 2.730 m \u00fcber dem Meeresspiegel<\/strong> im Herzen des \u00c9crins-Massivs. Es bietet 30 km pr\u00e4parierte Loipen zum Langlaufen (2,5 km blaue Pisten, 10 km rote Pisten und 18 km markierte Loipen) sowie 30 km Schneeschuhwege. Dieser echte nordische Spielplatz verf\u00fchrt mit seinem 360\u00b0-Panorama und erm\u00f6glicht es Ihnen, Klassisch, Skating oder Biathlon mitten in der Natur zu \u00fcben.  <\/p>\n\n<div class=\"wp-block-ws-library-ws-video\"><div class=\"wrapper\"><div class=\"group-media\">\n<figure class=\"wp-block-embed is-type-video is-provider-youtube wp-block-embed-youtube\"><div class=\"wp-block-embed__wrapper\">\n<iframe loading=\"lazy\" title=\"Ski nordique au Pays des \u00c9crins\" width=\"500\" height=\"281\" src=\"https:\/\/www.youtube.com\/embed\/67MdASK_GBI?feature=oembed\" frameborder=\"0\" allow=\"accelerometer; autoplay; clipboard-write; encrypted-media; gyroscope; picture-in-picture; web-share\" referrerpolicy=\"strict-origin-when-cross-origin\" allowfullscreen><\/iframe>\n<\/div><\/figure>\n<\/div><\/div><\/div>\n\n<div class=\"wp-block-ws-library-ws-columns alignfull has-2-columns are-vertically-aligned-center layout-5050 is-style-background\">\n<div class=\"wp-block-ws-library-ws-column\"><div class=\"wrapper\">\n<div class=\"wp-block-ws-library-ws-title\"><h2><em>Erkunden Sie Schleifen<\/em> zwischen W\u00e4ldern und Gipfeln<\/h2><\/div>\n\n\n\n<p>Das Nordic-Gebiet Puy Saint Vincent besteht aus <strong>5 markierten Loipen<\/strong> (ohne Kunstschnee) mit insgesamt <strong>fast 29 km<\/strong> Langlauf, zus\u00e4tzlich zu <strong>9 km<\/strong> Zufahrtsrouten zwischen den Skigebieten 1400, 1600 und 1800, f\u00fcr eine komplette Runde im klassischen oder Skating.  <\/p>\n\n\n\n<ul class=\"wp-block-list\">\n<li><strong>Piste Nr. 1 \u2013 Tournoux-La Rochaille (1,78 km):<\/strong> sanfte Strecke, ideal f\u00fcr Anf\u00e4nger und Familien.<\/li>\n\n\n\n<li><strong>Wanderweg Nr. 2 \u2013 Tour de la Pousterle (3,21 km):<\/strong> Schleife durch den Wald mit schattigen Abschnitten und Lichtungen.<\/li>\n\n\n\n<li><strong>Piste Nr. 3 \u2013 Les Petites T\u00eates (4,74 km):<\/strong> abwechslungsreiches Profil, abwechselnd moderate Anstiege und h\u00fcgelige Abschnitte, f\u00fcr gute Skifahrer.<\/li>\n\n\n\n<li><strong>Piste Nr. 4 \u2013 Les Grandes T\u00eates (9,22 km):<\/strong> eine sportliche Strecke mit einem kumulativen H\u00f6henunterschied und Panoramen des Pelvoux.<\/li>\n\n\n\n<li><strong>Piste Nr. 5 \u2013 Belvedere des T\u00eates (9,95 km):<\/strong> eine anspruchsvolle Strecke bis auf eine H\u00f6he von 1.600 m mit einem spektakul\u00e4ren Blick auf den Glacier Blanc.<\/li>\n<\/ul>\n\n\n\n<p>Diese Pisten sind in Nord-S\u00fcd-Richtung ausgerichtet und verf\u00fcgen den ganzen Winter \u00fcber \u00fcber \u00fcber \u00fcber \u00fcber eine au\u00dfergew\u00f6hnliche nat\u00fcrliche Schneebedeckung und erm\u00f6glichen dank der Verbindung mit dem Sessellift Pr\u00e9s die Variation der Sektoren und Atmosph\u00e4ren.<\/p>\n<\/div><\/div>\n\n\n\n<div class=\"wp-block-ws-library-ws-column\"><div class=\"wrapper\">\n<div class=\"wp-block-ws-library-ws-image\"><div class=\"wrapper\"><div class=\"group-media\"><img decoding=\"async\" src=\"https:\/\/www.paysdesecrins.com\/wp-content\/uploads\/2025\/07\/171skidefond-ski-de-fond-puysaintvincent-plateau-pousterl-thibautblais-960x640.jpg\" alt=\"\" class=\"single_image ws-image-21618\"><div class=\"credits\">Thibaut BLAIS<\/div><\/div><p class=\"caption\"><\/p><\/div><\/div>\n<\/div><\/div>\n<\/div>\n\n<div class=\"wp-block-ws-library-ws-title aligncenter\"><h2><em>Die Berge in Ihrem eigenen Tempo<\/em> Schneeschuhwandern<\/h2><\/div>\n\n<p class=\"has-text-align-center\">Um die Freuden zu variieren, bietet Puy Saint Vincent <strong>30 km markierte Wander- und Schneeschuhwege<\/strong>, die von den Stationen 1.400, 1.600 und 1.800 m erreichbar sind. Jede Route, die t\u00e4glich gewartet wird, bietet eine echte Reise in das Herz der Landschaften der \u00c9crins. <\/p>\n\n<ul class=\"wp-block-list\">\n<li><strong>Villaret Loop (2 km, leicht, \ud83c\udf1f 45 min)<\/strong><br\/>Start: unter dem Sessellift Pr\u00e9s (1.800 m). Kleiner Rundkurs im Unterholz, ideal, um mit der Familie das Schneeschuhwandern zu entdecken und einen freien Blick auf den Dormillouse-Kamm zu genie\u00dfen. <\/li>\n\n\n\n<li><strong>Tour de la Pousterle (2,3 km, \ud83c\udf1f\ud83c\udf1f leicht \u2013 mittel, 1 Stunde)<\/strong><br\/>Start: Station 1.400 m. Schleife abwechselnd durch Unterholz und Lichtungen, perfekt f\u00fcr beschauliche Spazierg\u00e4nge, mit mehreren Aussichtspunkten \u00fcber das Durance-Tal. <\/li>\n\n\n\n<li><strong>Access 1600 (1 km, leicht, \ud83c\udf1f 20 min)<\/strong><br\/>Gemeinsamer Fu\u00dfweg \/ Langlauf, um vom 1.600 m gelegenen Resort aus das Nordic Chalet zu erreichen und den Spaziergang auf den weiten Fl\u00e4chen zu verl\u00e4ngern.<\/li>\n\n\n\n<li><strong>Route du Col (2,5 km, mittel, \ud83c\udf1f\ud83c\udf1f 1 Stunde 15 Minuten)<\/strong><br\/>Start: Weiler Prey d&#8217;Aval. Allm\u00e4hlicher Aufstieg zum Col de la Pousterle, Panorama des Pelvoux und der Aiguilles de Chabri\u00e8res. <\/li>\n\n\n\n<li><strong>Abstieg vom Gipfel des Pr\u00e9s (Variante, 3 km, \ud83c\udf1f\ud83c\udf1f mittel, 1 h \u2013 1 h 30)<\/strong><br\/>Abfahrtsstrecke mit abwechselndem Rutschen und Gehen, ideal, um Ihre Ausdauer nach einer Sesselliftfahrt zu testen.  <\/li>\n<\/ul>\n\n<p class=\"has-text-align-center\">Der Zugang zu allen Geh- und Schneeschuhwegen ist kostenpflichtig:<br\/>4 \u20ac \/ Person \/ Tag (im Nordic Pass enthalten)<br\/>13 \u20ac \/ Woche<br\/>Kostenlos f\u00fcr Kinder unter 10 Jahren und bestimmte berechtigte Zielgruppen.<\/p>\n\n<div class=\"wp-block-ws-library-ws-slider alignwide\"><div class=\"splide\" data-splide=\"{\"type\":\"slide\",\"heightRatio\":\"auto\",\"perPage\":4,\"perMove\":1,\"drag\":true,\"pagination\":0,\"autoplay\":false,\"gap\":\"15px\",\"breakpoints\":{\"450\":{\"perPage\":1},\"768\":{\"perPage\":2},\"992\":{\"perPage\":3},\"1200\":{\"perPage\":4}}}\"><div class=\"splide__track\"><div class=\"splide__list\"><div class=\"splide__slide\"><a href=\"https:\/\/www.paysdesecrins.com\/wp-content\/uploads\/2025\/07\/dsc02612-scaled.jpg\" data-glightbox=\"true\" class=\"lightbox-trigger\"><img decoding=\"async\" src=\"https:\/\/www.paysdesecrins.com\/wp-content\/uploads\/2025\/07\/dsc02612-scaled.jpg\" alt=\"\"><\/a><\/div><div class=\"splide__slide\"><a href=\"https:\/\/www.paysdesecrins.com\/wp-content\/uploads\/2025\/07\/dsc00169-scaled.jpg\" data-glightbox=\"true\" class=\"lightbox-trigger\"><img decoding=\"async\" src=\"https:\/\/www.paysdesecrins.com\/wp-content\/uploads\/2025\/07\/dsc00169-scaled.jpg\" alt=\"\"><\/a><\/div><div class=\"splide__slide\"><a href=\"https:\/\/www.paysdesecrins.com\/wp-content\/uploads\/2025\/07\/171skidefond-ski-de-fond-puysaintvincent-plateau-pousterl-thibautblais-scaled.jpg\" data-glightbox=\"true\" class=\"lightbox-trigger\"><img decoding=\"async\" src=\"https:\/\/www.paysdesecrins.com\/wp-content\/uploads\/2025\/07\/171skidefond-ski-de-fond-puysaintvincent-plateau-pousterl-thibautblais-scaled.jpg\" alt=\"\"><\/a><\/div><div class=\"splide__slide\"><a href=\"https:\/\/www.paysdesecrins.com\/wp-content\/uploads\/2025\/07\/17skidefond-dsc05067-scaled.jpg\" data-glightbox=\"true\" class=\"lightbox-trigger\"><img decoding=\"async\" src=\"https:\/\/www.paysdesecrins.com\/wp-content\/uploads\/2025\/07\/17skidefond-dsc05067-scaled.jpg\" alt=\"\"><\/a><\/div><div class=\"splide__slide\"><a href=\"https:\/\/www.paysdesecrins.com\/wp-content\/uploads\/2025\/07\/17skidefond-psv-rogiervanrijn-dsc06278-scaled.jpg\" data-glightbox=\"true\" class=\"lightbox-trigger\"><img decoding=\"async\" src=\"https:\/\/www.paysdesecrins.com\/wp-content\/uploads\/2025\/07\/17skidefond-psv-rogiervanrijn-dsc06278-scaled.jpg\" alt=\"\"><\/a><\/div><\/div><\/div><\/div><\/div>\n\n<div class=\"wp-block-ws-library-ws-title\"><h3><em>Praktische Informationen <\/em><\/h3><\/div>\n\n<ul class=\"wp-block-list\">\n<li><strong>Ge\u00f6ffnet<\/strong>: sobald der erste Schnee f\u00e4llt.<\/li>\n\n\n\n<li><strong>Zugang<\/strong>: Parkpl\u00e4tze im Resort 1.400, 1.600 und 1.800 m + Sessellift Les Pr\u00e9s (kostenlos).<\/li>\n\n\n\n<li><strong>Interaktive Karte<\/strong>: online \u00fcber die App des Resorts verf\u00fcgbar.<\/li>\n\n\n\n<li><strong>Vorschriften<\/strong>: Das Tragen eines Passes ist obligatorisch, angepasste Ausr\u00fcstung, Beschilderung und andere Benutzer respektieren.<\/li>\n<\/ul>\n\n<p><\/p>\n\n<div class=\"wp-block-ws-library-ws-title aligncenter\"><h3><em>Kontakt und <\/em>Buchung<\/h3><\/div>\n\n<div style=\"min-height:0px\" class=\"wp-block-group is-content-justification-center is-nowrap is-layout-flex wp-container-core-group-is-layout-ff976b70 wp-block-group-is-layout-flex\">\n<ul class=\"wp-block-list\">\n<li><strong>ESF Puy St. Vincent \u2013 Pelvoux<\/strong>\n<ul class=\"wp-block-list\">\n<li>Tel. : 04 92 23 35 11<\/li>\n\n\n\n<li>E-Mail: <a>info@esf-psv.com<\/a><\/li>\n\n\n\n<li>Standort: <a>www.esf-psv.com<\/a><\/li>\n<\/ul>\n<\/li>\n<\/ul>\n\n\n\n<ul class=\"wp-block-list\">\n<li><strong>Nordische Saisonkarte<\/strong>\n<ul class=\"wp-block-list\">\n<li>Online-Buchung: <a>nordicalpesdusud.com<\/a><\/li>\n\n\n\n<li>Fremdenverkehrsamt des Pays des \u00c9crins<\/li>\n\n\n\n<li>Tel. : 04 92 23 53 47<\/li>\n\n\n\n<li>E-Mail: <a>info@paysdesecrins.com<\/a><\/li>\n<\/ul>\n<\/li>\n<\/ul>\n<\/div>\n\n<div class=\"wp-block-ws-library-ws-share\"><span class=\"share-subtitle\">Hat Ihnen diese Seite gefallen?<\/span><span class=\"share-title\">Teilen Sie es!<\/span><button class=\"ws-share-button wp-element-button\">Diese Seite teilen<\/button><\/div>\n","protected":false},"excerpt":{"rendered":"<p>Entdecken Sie ein Naturschutzgebiet auf bis zu 2.730 m \u00fcber dem Meeresspiegel im Herzen des \u00c9crins-Massivs. Es bietet 30 km [&hellip;]<\/p>\n","protected":false},"author":4,"featured_media":50506,"parent":45035,"menu_order":0,"comment_status":"closed","ping_status":"closed","template":"","meta":{"_thumbnail_id_2":0,"summer_excerpt":"","season":"","station":"psv","footnotes":""},"class_list":["post-50610","page","type-page","status-publish","has-post-thumbnail","hentry"],"yoast_head":"<!-- This site is optimized with the Yoast SEO plugin v27.3 - https:\/\/yoast.com\/product\/yoast-seo-wordpress\/ -->\n<title>Nordisches Gebiet von Puy Saint Vincent - Pays des \u00c9crins - Office de Tourisme<\/title>\n<meta name=\"robots\" content=\"index, follow, max-snippet:-1, max-image-preview:large, max-video-preview:-1\" \/>\n<link rel=\"canonical\" href=\"https:\/\/www.paysdesecrins.com\/de\/mein-resort-mein-dorf\/puy-saint-vincent\/nordisches-gebiet-von-puy-saint-vincent\/\" \/>\n<meta property=\"og:locale\" content=\"de_DE\" \/>\n<meta property=\"og:type\" content=\"article\" \/>\n<meta property=\"og:title\" content=\"Nordisches Gebiet von Puy Saint Vincent - Pays des \u00c9crins - Office de Tourisme\" \/>\n<meta property=\"og:description\" content=\"Entdecken Sie ein Naturschutzgebiet auf bis zu 2.730 m \u00fcber dem Meeresspiegel im Herzen des \u00c9crins-Massivs. Es bietet 30 km [&hellip;]\" \/>\n<meta property=\"og:url\" content=\"https:\/\/www.paysdesecrins.com\/de\/mein-resort-mein-dorf\/puy-saint-vincent\/nordisches-gebiet-von-puy-saint-vincent\/\" \/>\n<meta property=\"og:site_name\" content=\"Pays des \u00c9crins - Office de Tourisme\" \/>\n<meta property=\"article:modified_time\" content=\"2025-08-20T13:59:12+00:00\" \/>\n<meta property=\"og:image\" content=\"https:\/\/www.paysdesecrins.com\/wp-content\/uploads\/2025\/07\/dsc00169-scaled.jpg\" \/>\n\t<meta property=\"og:image:width\" content=\"2560\" \/>\n\t<meta property=\"og:image:height\" content=\"1707\" \/>\n\t<meta property=\"og:image:type\" content=\"image\/jpeg\" \/>\n<meta name=\"twitter:card\" content=\"summary_large_image\" \/>\n<meta name=\"twitter:label1\" content=\"Gesch\u00e4tzte Lesezeit\" \/>\n\t<meta name=\"twitter:data1\" content=\"3 Minuten\" \/>\n<script type=\"application\/ld+json\" class=\"yoast-schema-graph\">{\"@context\":\"https:\\\/\\\/schema.org\",\"@graph\":[{\"@type\":\"WebPage\",\"@id\":\"https:\\\/\\\/www.paysdesecrins.com\\\/de\\\/mein-resort-mein-dorf\\\/puy-saint-vincent\\\/nordisches-gebiet-von-puy-saint-vincent\\\/\",\"url\":\"https:\\\/\\\/www.paysdesecrins.com\\\/de\\\/mein-resort-mein-dorf\\\/puy-saint-vincent\\\/nordisches-gebiet-von-puy-saint-vincent\\\/\",\"name\":\"Nordisches Gebiet von Puy Saint Vincent - Pays des \u00c9crins - Office de Tourisme\",\"isPartOf\":{\"@id\":\"https:\\\/\\\/www.paysdesecrins.com\\\/de\\\/#website\"},\"primaryImageOfPage\":{\"@id\":\"https:\\\/\\\/www.paysdesecrins.com\\\/de\\\/mein-resort-mein-dorf\\\/puy-saint-vincent\\\/nordisches-gebiet-von-puy-saint-vincent\\\/#primaryimage\"},\"image\":{\"@id\":\"https:\\\/\\\/www.paysdesecrins.com\\\/de\\\/mein-resort-mein-dorf\\\/puy-saint-vincent\\\/nordisches-gebiet-von-puy-saint-vincent\\\/#primaryimage\"},\"thumbnailUrl\":\"https:\\\/\\\/www.paysdesecrins.com\\\/wp-content\\\/uploads\\\/2025\\\/07\\\/dsc00169-scaled.jpg\",\"datePublished\":\"2025-07-30T14:54:42+00:00\",\"dateModified\":\"2025-08-20T13:59:12+00:00\",\"breadcrumb\":{\"@id\":\"https:\\\/\\\/www.paysdesecrins.com\\\/de\\\/mein-resort-mein-dorf\\\/puy-saint-vincent\\\/nordisches-gebiet-von-puy-saint-vincent\\\/#breadcrumb\"},\"inLanguage\":\"de\",\"potentialAction\":[{\"@type\":\"ReadAction\",\"target\":[\"https:\\\/\\\/www.paysdesecrins.com\\\/de\\\/mein-resort-mein-dorf\\\/puy-saint-vincent\\\/nordisches-gebiet-von-puy-saint-vincent\\\/\"]}]},{\"@type\":\"ImageObject\",\"inLanguage\":\"de\",\"@id\":\"https:\\\/\\\/www.paysdesecrins.com\\\/de\\\/mein-resort-mein-dorf\\\/puy-saint-vincent\\\/nordisches-gebiet-von-puy-saint-vincent\\\/#primaryimage\",\"url\":\"https:\\\/\\\/www.paysdesecrins.com\\\/wp-content\\\/uploads\\\/2025\\\/07\\\/dsc00169-scaled.jpg\",\"contentUrl\":\"https:\\\/\\\/www.paysdesecrins.com\\\/wp-content\\\/uploads\\\/2025\\\/07\\\/dsc00169-scaled.jpg\",\"width\":2560,\"height\":1707},{\"@type\":\"BreadcrumbList\",\"@id\":\"https:\\\/\\\/www.paysdesecrins.com\\\/de\\\/mein-resort-mein-dorf\\\/puy-saint-vincent\\\/nordisches-gebiet-von-puy-saint-vincent\\\/#breadcrumb\",\"itemListElement\":[{\"@type\":\"ListItem\",\"position\":1,\"name\":\"Accueil\",\"item\":\"https:\\\/\\\/www.paysdesecrins.com\\\/de\\\/der-titel-des-hauses\\\/\"},{\"@type\":\"ListItem\",\"position\":2,\"name\":\"Mein Resort, mein Dorf\",\"item\":\"https:\\\/\\\/www.paysdesecrins.com\\\/de\\\/ma-station-mon-village\\\/\"},{\"@type\":\"ListItem\",\"position\":3,\"name\":\"Puy-Saint-Vincent\",\"item\":\"https:\\\/\\\/www.paysdesecrins.com\\\/de\\\/mein-resort-mein-dorf\\\/puy-saint-vincent\\\/\"},{\"@type\":\"ListItem\",\"position\":4,\"name\":\"Nordisches Gebiet von Puy Saint Vincent\"}]},{\"@type\":\"WebSite\",\"@id\":\"https:\\\/\\\/www.paysdesecrins.com\\\/de\\\/#website\",\"url\":\"https:\\\/\\\/www.paysdesecrins.com\\\/de\\\/\",\"name\":\"Pays des \u00c9crins - Office de Tourisme\",\"description\":\"L&#039;esprit montagne\",\"publisher\":{\"@id\":\"https:\\\/\\\/www.paysdesecrins.com\\\/de\\\/#organization\"},\"potentialAction\":[{\"@type\":\"SearchAction\",\"target\":{\"@type\":\"EntryPoint\",\"urlTemplate\":\"https:\\\/\\\/www.paysdesecrins.com\\\/de\\\/?s={search_term_string}\"},\"query-input\":{\"@type\":\"PropertyValueSpecification\",\"valueRequired\":true,\"valueName\":\"search_term_string\"}}],\"inLanguage\":\"de\"},{\"@type\":\"Organization\",\"@id\":\"https:\\\/\\\/www.paysdesecrins.com\\\/de\\\/#organization\",\"name\":\"Pays des \u00c9crins - Office de Tourisme\",\"url\":\"https:\\\/\\\/www.paysdesecrins.com\\\/de\\\/\",\"logo\":{\"@type\":\"ImageObject\",\"inLanguage\":\"de\",\"@id\":\"https:\\\/\\\/www.paysdesecrins.com\\\/de\\\/#\\\/schema\\\/logo\\\/image\\\/\",\"url\":\"https:\\\/\\\/www.paysdesecrins.com\\\/wp-content\\\/uploads\\\/2025\\\/06\\\/devina-svg-1750845694.svg\",\"contentUrl\":\"https:\\\/\\\/www.paysdesecrins.com\\\/wp-content\\\/uploads\\\/2025\\\/06\\\/devina-svg-1750845694.svg\",\"caption\":\"Pays des \u00c9crins - Office de Tourisme\"},\"image\":{\"@id\":\"https:\\\/\\\/www.paysdesecrins.com\\\/de\\\/#\\\/schema\\\/logo\\\/image\\\/\"}}]}<\/script>\n<!-- \/ Yoast SEO plugin. -->","yoast_head_json":{"title":"Nordisches Gebiet von Puy Saint Vincent - Pays des \u00c9crins - Office de Tourisme","robots":{"index":"index","follow":"follow","max-snippet":"max-snippet:-1","max-image-preview":"max-image-preview:large","max-video-preview":"max-video-preview:-1"},"canonical":"https:\/\/www.paysdesecrins.com\/de\/mein-resort-mein-dorf\/puy-saint-vincent\/nordisches-gebiet-von-puy-saint-vincent\/","og_locale":"de_DE","og_type":"article","og_title":"Nordisches Gebiet von Puy Saint Vincent - Pays des \u00c9crins - Office de Tourisme","og_description":"Entdecken Sie ein Naturschutzgebiet auf bis zu 2.730 m \u00fcber dem Meeresspiegel im Herzen des \u00c9crins-Massivs. Es bietet 30 km [&hellip;]","og_url":"https:\/\/www.paysdesecrins.com\/de\/mein-resort-mein-dorf\/puy-saint-vincent\/nordisches-gebiet-von-puy-saint-vincent\/","og_site_name":"Pays des \u00c9crins - Office de Tourisme","article_modified_time":"2025-08-20T13:59:12+00:00","og_image":[{"width":2560,"height":1707,"url":"https:\/\/www.paysdesecrins.com\/wp-content\/uploads\/2025\/07\/dsc00169-scaled.jpg","type":"image\/jpeg"}],"twitter_card":"summary_large_image","twitter_misc":{"Gesch\u00e4tzte Lesezeit":"3 Minuten"},"schema":{"@context":"https:\/\/schema.org","@graph":[{"@type":"WebPage","@id":"https:\/\/www.paysdesecrins.com\/de\/mein-resort-mein-dorf\/puy-saint-vincent\/nordisches-gebiet-von-puy-saint-vincent\/","url":"https:\/\/www.paysdesecrins.com\/de\/mein-resort-mein-dorf\/puy-saint-vincent\/nordisches-gebiet-von-puy-saint-vincent\/","name":"Nordisches Gebiet von Puy Saint Vincent - Pays des \u00c9crins - Office de Tourisme","isPartOf":{"@id":"https:\/\/www.paysdesecrins.com\/de\/#website"},"primaryImageOfPage":{"@id":"https:\/\/www.paysdesecrins.com\/de\/mein-resort-mein-dorf\/puy-saint-vincent\/nordisches-gebiet-von-puy-saint-vincent\/#primaryimage"},"image":{"@id":"https:\/\/www.paysdesecrins.com\/de\/mein-resort-mein-dorf\/puy-saint-vincent\/nordisches-gebiet-von-puy-saint-vincent\/#primaryimage"},"thumbnailUrl":"https:\/\/www.paysdesecrins.com\/wp-content\/uploads\/2025\/07\/dsc00169-scaled.jpg","datePublished":"2025-07-30T14:54:42+00:00","dateModified":"2025-08-20T13:59:12+00:00","breadcrumb":{"@id":"https:\/\/www.paysdesecrins.com\/de\/mein-resort-mein-dorf\/puy-saint-vincent\/nordisches-gebiet-von-puy-saint-vincent\/#breadcrumb"},"inLanguage":"de","potentialAction":[{"@type":"ReadAction","target":["https:\/\/www.paysdesecrins.com\/de\/mein-resort-mein-dorf\/puy-saint-vincent\/nordisches-gebiet-von-puy-saint-vincent\/"]}]},{"@type":"ImageObject","inLanguage":"de","@id":"https:\/\/www.paysdesecrins.com\/de\/mein-resort-mein-dorf\/puy-saint-vincent\/nordisches-gebiet-von-puy-saint-vincent\/#primaryimage","url":"https:\/\/www.paysdesecrins.com\/wp-content\/uploads\/2025\/07\/dsc00169-scaled.jpg","contentUrl":"https:\/\/www.paysdesecrins.com\/wp-content\/uploads\/2025\/07\/dsc00169-scaled.jpg","width":2560,"height":1707},{"@type":"BreadcrumbList","@id":"https:\/\/www.paysdesecrins.com\/de\/mein-resort-mein-dorf\/puy-saint-vincent\/nordisches-gebiet-von-puy-saint-vincent\/#breadcrumb","itemListElement":[{"@type":"ListItem","position":1,"name":"Accueil","item":"https:\/\/www.paysdesecrins.com\/de\/der-titel-des-hauses\/"},{"@type":"ListItem","position":2,"name":"Mein Resort, mein Dorf","item":"https:\/\/www.paysdesecrins.com\/de\/ma-station-mon-village\/"},{"@type":"ListItem","position":3,"name":"Puy-Saint-Vincent","item":"https:\/\/www.paysdesecrins.com\/de\/mein-resort-mein-dorf\/puy-saint-vincent\/"},{"@type":"ListItem","position":4,"name":"Nordisches Gebiet von Puy Saint Vincent"}]},{"@type":"WebSite","@id":"https:\/\/www.paysdesecrins.com\/de\/#website","url":"https:\/\/www.paysdesecrins.com\/de\/","name":"Pays des \u00c9crins - Office de Tourisme","description":"L&#039;esprit montagne","publisher":{"@id":"https:\/\/www.paysdesecrins.com\/de\/#organization"},"potentialAction":[{"@type":"SearchAction","target":{"@type":"EntryPoint","urlTemplate":"https:\/\/www.paysdesecrins.com\/de\/?s={search_term_string}"},"query-input":{"@type":"PropertyValueSpecification","valueRequired":true,"valueName":"search_term_string"}}],"inLanguage":"de"},{"@type":"Organization","@id":"https:\/\/www.paysdesecrins.com\/de\/#organization","name":"Pays des \u00c9crins - Office de Tourisme","url":"https:\/\/www.paysdesecrins.com\/de\/","logo":{"@type":"ImageObject","inLanguage":"de","@id":"https:\/\/www.paysdesecrins.com\/de\/#\/schema\/logo\/image\/","url":"https:\/\/www.paysdesecrins.com\/wp-content\/uploads\/2025\/06\/devina-svg-1750845694.svg","contentUrl":"https:\/\/www.paysdesecrins.com\/wp-content\/uploads\/2025\/06\/devina-svg-1750845694.svg","caption":"Pays des \u00c9crins - Office de Tourisme"},"image":{"@id":"https:\/\/www.paysdesecrins.com\/de\/#\/schema\/logo\/image\/"}}]}},"_links":{"self":[{"href":"https:\/\/www.paysdesecrins.com\/de\/wp-json\/wp\/v2\/pages\/50610","targetHints":{"allow":["GET"]}}],"collection":[{"href":"https:\/\/www.paysdesecrins.com\/de\/wp-json\/wp\/v2\/pages"}],"about":[{"href":"https:\/\/www.paysdesecrins.com\/de\/wp-json\/wp\/v2\/types\/page"}],"author":[{"embeddable":true,"href":"https:\/\/www.paysdesecrins.com\/de\/wp-json\/wp\/v2\/users\/4"}],"replies":[{"embeddable":true,"href":"https:\/\/www.paysdesecrins.com\/de\/wp-json\/wp\/v2\/comments?post=50610"}],"version-history":[{"count":2,"href":"https:\/\/www.paysdesecrins.com\/de\/wp-json\/wp\/v2\/pages\/50610\/revisions"}],"predecessor-version":[{"id":103626,"href":"https:\/\/www.paysdesecrins.com\/de\/wp-json\/wp\/v2\/pages\/50610\/revisions\/103626"}],"up":[{"embeddable":true,"href":"https:\/\/www.paysdesecrins.com\/de\/wp-json\/wp\/v2\/pages\/45035"}],"wp:featuredmedia":[{"embeddable":true,"href":"https:\/\/www.paysdesecrins.com\/de\/wp-json\/wp\/v2\/media\/50506"}],"wp:attachment":[{"href":"https:\/\/www.paysdesecrins.com\/de\/wp-json\/wp\/v2\/media?parent=50610"}],"curies":[{"name":"wp","href":"https:\/\/api.w.org\/{rel}","templated":true}]}}