{"id":64474,"date":"2025-08-05T09:57:00","date_gmt":"2025-08-05T07:57:00","guid":{"rendered":"https:\/\/www.paysdesecrins.com\/die-bibliotheken-des-pays-des-ecrins\/"},"modified":"2025-08-05T10:15:00","modified_gmt":"2025-08-05T08:15:00","slug":"die-bibliotheken-des-pays-des-ecrins","status":"publish","type":"page","link":"https:\/\/www.paysdesecrins.com\/de\/mein-wunsch\/entdeckung\/die-bibliotheken-des-pays-des-ecrins\/","title":{"rendered":"Die Bibliotheken des Pays des \u00c9crins"},"content":{"rendered":"    <div class=\"alignfull wp-block-ws-library-ws-header-interne\">\n\t    <div class=\"header-container\">\n\t        <div class=\"group-media has-image\">\n\t            \t                <img loading=\"lazy\" decoding=\"async\" width=\"1920\" height=\"800\" src=\"https:\/\/www.paysdesecrins.com\/wp-content\/uploads\/2025\/08\/argentiere-la-bessee-44-1920x800.jpg\" alt=\"\" class=\"image_large_square wp-image-64468\" \/>\n\t            \t        <\/div>\n\t        <div class=\"group-content\">\n\t            <div class=\"title\">\n\t                <h1>\n\t                    Bibliotheken\t                    \t                        des Pays des \u00c9crins\t                    \t                <\/h1>\n\t            <\/div>\n\t        <\/div>\n\t    <\/div>\n\t    \n<div class=\"yoast-breadcrumbs\"><span><span><a href=\"https:\/\/www.paysdesecrins.com\/de\/der-titel-des-hauses\/\">Accueil<\/a><\/span>  <span><a href=\"https:\/\/www.paysdesecrins.com\/de\/mein-wunsch\/\">Mein Wunsch,<\/a><\/span>  <span><a href=\"https:\/\/www.paysdesecrins.com\/de\/mein-wunsch\/entdeckung\/\">Mein Wunsch nach Entdeckung<\/a><\/span>  <span class=\"breadcrumb_last\" aria-current=\"page\">Die Bibliotheken des Pays des \u00c9crins<\/span><\/span><\/div>\n    <\/div>\n    \n<div class=\"wp-block-ws-library-ws-title aligncenter is-style-simple\"><h2><em>Ihre Lesepl\u00e4tze<\/em> Und Entdeckungen<\/h2><\/div>\n\n<p class=\"has-text-align-center\">Entdecken Sie die literarischen Sch\u00e4tze des Pays des \u00c9crins! Romane, Comics, Dokumentationen und lokale Geschichten erwarten Sie an kostenlosen Orten, an denen modulare Leihgaben, Treffen mit Autoren und interaktive Workshops die Kultur unserer T\u00e4ler zum Leben erwecken. <\/p>\n\n<div class=\"wp-block-ws-library-ws-columns alignwide has-2-columns are-vertically-aligned-center layout-4060\">\n<div class=\"wp-block-ws-library-ws-column\"><div class=\"wrapper\">\n<div class=\"wp-block-ws-library-ws-image\"><div class=\"wrapper\"><div class=\"group-media\"><img decoding=\"async\" src=\"https:\/\/www.paysdesecrins.com\/wp-content\/uploads\/2025\/07\/4decouverteactvitesculturelles-histoiredelargentiere-la-bessee-960x640.jpg\" alt=\"\" class=\"single_image ws-image-18266\"><div class=\"credits\"><\/div><\/div><p class=\"caption\"><\/p><\/div><\/div>\n<\/div><\/div>\n\n\n\n<div class=\"wp-block-ws-library-ws-column\"><div class=\"wrapper\">\n<div class=\"wp-block-ws-library-ws-title\"><h2><em>Bibliothek von <\/em>L&#8217;Argenti\u00e8re-la-Bess\u00e9e<\/h2><\/div>\n\n\n\n<p>Diese Stadtbibliothek befindet sich im Schloss Saint-Jean und bietet mehr als 9.000 Dokumente (B\u00fccher, Comics, CDs\/DVDs) sowie eine spezialisierte Bergsammlung. Die Registrierung ist kostenlos und Sie haben einen Internetzugang sowie eine Ausleihe von 10 Dokumenten f\u00fcr einen Monat. <\/p>\n\n\n\n<ul class=\"wp-block-list\">\n<li><strong>Adresse<\/strong><br\/>2 rue du Ch\u00e2teau, 05120 L&#8217;Argenti\u00e8re-La-Bess\u00e9e<\/li>\n\n\n\n<li><strong>Stundenpl\u00e4ne<\/strong><br\/>\u2013 Dienstag \/ Donnerstag \/ Freitag: 14:00\u201318:30 Uhr<br\/>\u2013 Mittwoch &amp; Samstag: 10:00\u201312:00 Uhr &amp; 14:00\u201318:30 Uhr<\/li>\n\n\n\n<li><strong>Kontakt<\/strong><br\/>\u2013 Tel. : 04 92 23 20 91<br\/>\u2013 Post: <a>bibliotheque@ville-argentiere.fr<\/a> <\/li>\n<\/ul>\n<\/div><\/div>\n<\/div>\n\n<div class=\"wp-block-ws-library-ws-columns alignfull has-2-columns are-vertically-aligned-center layout-4060 is-style-background\">\n<div class=\"wp-block-ws-library-ws-column\"><div class=\"wrapper\">\n<div class=\"wp-block-ws-library-ws-image\"><div class=\"wrapper\"><div class=\"group-media\"><img decoding=\"async\" src=\"https:\/\/www.paysdesecrins.com\/wp-content\/uploads\/2025\/08\/08-01-24-gambad-ane-48-960x640.jpg\" alt=\"\" class=\"single_image ws-image-64478\"><div class=\"credits\"><\/div><\/div><p class=\"caption\"><\/p><\/div><\/div>\n<\/div><\/div>\n\n\n\n<div class=\"wp-block-ws-library-ws-column\"><div class=\"wrapper\">\n<div class=\"wp-block-ws-library-ws-title\"><h2><em>Bibliothek von <\/em>La Roche-de-Rame<\/h2><\/div>\n\n\n\n<p>In der N\u00e4he der Dorfkirche gelegen, empf\u00e4ngt Sie diese kleine Stadtbibliothek in einer freundlichen Umgebung mit einer Ausleihe f\u00fcr bis zu 2 Monate. Es ist ein lokales Kulturzentrum, das von leidenschaftlichen Freiwilligen geleitet wird. <\/p>\n\n\n\n<ul class=\"wp-block-list\">\n<li><strong>Adresse<\/strong><br\/>152 chemin de la Mairie, Le Clos, 05310 La Roche-de-Rame<\/li>\n\n\n\n<li><strong>Stundenpl\u00e4ne<\/strong><br\/>\u2013 Mittwoch 14:00\u201317:00 Uhr<\/li>\n\n\n\n<li><strong>Kontakt<\/strong><br\/>-Tel. : 04 92 20 97 71<\/li>\n<\/ul>\n<\/div><\/div>\n<\/div>\n\n<div class=\"wp-block-ws-library-ws-columns alignwide has-2-columns are-vertically-aligned-center layout-4060 is-style-default\">\n<div class=\"wp-block-ws-library-ws-column\"><div class=\"wrapper\">\n<div class=\"wp-block-ws-library-ws-image\"><div class=\"wrapper\"><div class=\"group-media\"><img decoding=\"async\" src=\"https:\/\/www.paysdesecrins.com\/wp-content\/uploads\/2025\/08\/premie-res-neiges-puy-saint-vincent-31-2-960x640.jpg\" alt=\"\" class=\"single_image ws-image-64484\"><div class=\"credits\"><\/div><\/div><p class=\"caption\"><\/p><\/div><\/div>\n<\/div><\/div>\n\n\n\n<div class=\"wp-block-ws-library-ws-column\"><div class=\"wrapper\">\n<div class=\"wp-block-ws-library-ws-title\"><h2><em>Bibliothek von <\/em>Puy-Saint-Vincent<\/h2><\/div>\n\n\n\n<p>Im Weiler Le Puy ist dieser Lesepunkt von der Bereichsbibliothek abh\u00e4ngig und bietet eine kostenlose Einsichtnahme in Dokumente sowie eine j\u00e4hrliche Ausleihe (Mitgliedsbeitrag 5 \u20ac f\u00fcr Erwachsene). Der Empfang findet zweimal pro Woche statt, wobei besonderes Augenmerk auf die Aktivit\u00e4ten im Sommer gelegt wird. <\/p>\n\n\n\n<ul class=\"wp-block-list\">\n<li><strong>Adresse<\/strong><br\/>78 rue Sainte-Marthe, Hameau du Puy, 05290 Puy-Saint-Vincent<\/li>\n\n\n\n<li><strong>Stundenpl\u00e4ne<\/strong><br\/>\u2013 Montag &amp; Freitag 16:00 \u2013 18:30 Uhr<\/li>\n\n\n\n<li><strong>Kontakt<\/strong><br\/>-Tel. : 04 92 23 55 81<\/li>\n<\/ul>\n<\/div><\/div>\n<\/div>\n\n<div class=\"wp-block-ws-library-ws-columns alignfull has-2-columns are-vertically-aligned-center layout-4060 is-style-background\">\n<div class=\"wp-block-ws-library-ws-column\"><div class=\"wrapper\">\n<div class=\"wp-block-ws-library-ws-image\"><div class=\"wrapper\"><div class=\"group-media\"><img decoding=\"async\" src=\"https:\/\/www.paysdesecrins.com\/wp-content\/uploads\/2025\/08\/07-07-24-fete-du-pain-67-960x640.jpg\" alt=\"\" class=\"single_image ws-image-64489\"><div class=\"credits\"><\/div><\/div><p class=\"caption\"><\/p><\/div><\/div>\n<\/div><\/div>\n\n\n\n<div class=\"wp-block-ws-library-ws-column\"><div class=\"wrapper\">\n<div class=\"wp-block-ws-library-ws-title\"><h2><em>Bibliothek von <\/em>Freissini\u00e8res<\/h2><\/div>\n\n\n\n<p>Es ist einladend und offen f\u00fcr alle und bietet kostenlose Romane, Alben und Zeitschriften. Sie finden auch das ganze Jahr \u00fcber Aktivit\u00e4ten rund um Lesen und Geschichtenerz\u00e4hlen. <\/p>\n\n\n\n<ul class=\"wp-block-list\">\n<li><strong>Adresse<\/strong><br\/>Maison de la vall\u00e9e, 2 place de la Mairie, 05310 Freissini\u00e8res<\/li>\n\n\n\n<li><strong>Stundenpl\u00e4ne<\/strong><br\/>\u2013 Montag &amp; Mittwoch 16:00\u201318:00 Uhr<\/li>\n\n\n\n<li><strong>Kontakt<\/strong><br\/>\u2013 Rathaus von Freissini\u00e8res \u2022 Tel. 04 92 20 92 87<\/li>\n<\/ul>\n<\/div><\/div>\n<\/div>\n\n<div class=\"wp-block-ws-library-ws-columns alignwide has-2-columns are-vertically-aligned-center layout-4060 is-style-default\">\n<div class=\"wp-block-ws-library-ws-column\"><div class=\"wrapper\">\n<div class=\"wp-block-ws-library-ws-image\"><div class=\"wrapper\"><div class=\"group-media\"><img decoding=\"async\" src=\"https:\/\/www.paysdesecrins.com\/wp-content\/uploads\/2025\/08\/dsc05676.jpg\" alt=\"\" class=\"single_image ws-image-64496\"><div class=\"credits\"><\/div><\/div><p class=\"caption\"><\/p><\/div><\/div>\n<\/div><\/div>\n\n\n\n<div class=\"wp-block-ws-library-ws-column\"><div class=\"wrapper\">\n<div class=\"wp-block-ws-library-ws-title\"><h2><em>Bibliothek von <\/em>Champcella<\/h2><\/div>\n\n\n\n<p>Dieser lokale Dienst, der von einem Team von Freiwilligen betrieben wird, bietet eine generalistische Sammlung und eine Fernleihe an. Ein Angebot, das auf die Bed\u00fcrfnisse von Einwohnern und Urlaubern zugeschnitten ist. <\/p>\n\n\n\n<ul class=\"wp-block-list\">\n<li><strong>Adresse<\/strong><br\/>116 route de la Lauzette, 05310 Champcella<\/li>\n\n\n\n<li><strong>Stundenpl\u00e4ne<\/strong><br\/>\u2013 Dienstag: 14:30\u201316:30 Uhr<br\/>\u2013 Samstag: 10:00\u201312:00 Uhr<\/li>\n\n\n\n<li><strong>Kontakt<\/strong><br\/>\u2013 Tel. 04 92 20 98 04<br\/>\u2013 Post: <a>bib.munic@orange.fr<\/a><\/li>\n<\/ul>\n<\/div><\/div>\n<\/div>\n\n<p class=\"has-text-align-center\">Jede Bibliothek ist Teil eines Prozesses des Austauschs und der Animation: Ausstellungen, \u00f6ffentliche Lesungen, Workshops f\u00fcr Jugendliche und Begegnungen mit Autoren pr\u00e4gen das kulturelle Leben des Pays des \u00c9crins. Alle Informationen und Aktualisierungen finden Sie auf der Website der Gemeinschaft der Gemeinden. <\/p>\n\n<div class=\"wp-block-ws-library-ws-share\"><span class=\"share-subtitle\">Hat Ihnen diese Seite gefallen?<\/span><span class=\"share-title\">Teilen Sie es!<\/span><button class=\"ws-share-button wp-element-button\">Diese Seite teilen<\/button><\/div>\n","protected":false},"excerpt":{"rendered":"<p>Entdecken Sie die literarischen Sch\u00e4tze des Pays des \u00c9crins! Romane, Comics, Dokumentationen und lokale Geschichten erwarten Sie an kostenlosen Orten, [&hellip;]<\/p>\n","protected":false},"author":4,"featured_media":64471,"parent":44566,"menu_order":0,"comment_status":"closed","ping_status":"closed","template":"","meta":{"_thumbnail_id_2":0,"summer_excerpt":"","season":"","station":"","footnotes":""},"class_list":["post-64474","page","type-page","status-publish","has-post-thumbnail","hentry"],"yoast_head":"<!-- This site is optimized with the Yoast SEO plugin v27.3 - https:\/\/yoast.com\/product\/yoast-seo-wordpress\/ -->\n<title>Die Bibliotheken des Pays des \u00c9crins - Pays des \u00c9crins - Office de Tourisme<\/title>\n<meta name=\"robots\" content=\"index, follow, max-snippet:-1, max-image-preview:large, max-video-preview:-1\" \/>\n<link rel=\"canonical\" href=\"https:\/\/www.paysdesecrins.com\/de\/mein-wunsch\/entdeckung\/die-bibliotheken-des-pays-des-ecrins\/\" \/>\n<meta property=\"og:locale\" content=\"de_DE\" \/>\n<meta property=\"og:type\" content=\"article\" \/>\n<meta property=\"og:title\" content=\"Die Bibliotheken des Pays des \u00c9crins - Pays des \u00c9crins - Office de Tourisme\" \/>\n<meta property=\"og:description\" content=\"Entdecken Sie die literarischen Sch\u00e4tze des Pays des \u00c9crins! Romane, Comics, Dokumentationen und lokale Geschichten erwarten Sie an kostenlosen Orten, [&hellip;]\" \/>\n<meta property=\"og:url\" content=\"https:\/\/www.paysdesecrins.com\/de\/mein-wunsch\/entdeckung\/die-bibliotheken-des-pays-des-ecrins\/\" \/>\n<meta property=\"og:site_name\" content=\"Pays des \u00c9crins - Office de Tourisme\" \/>\n<meta property=\"article:modified_time\" content=\"2025-08-05T08:15:00+00:00\" \/>\n<meta property=\"og:image\" content=\"https:\/\/www.paysdesecrins.com\/wp-content\/uploads\/2025\/08\/argentiere-la-bessee-44-scaled.jpg\" \/>\n\t<meta property=\"og:image:width\" content=\"2560\" \/>\n\t<meta property=\"og:image:height\" content=\"1707\" \/>\n\t<meta property=\"og:image:type\" content=\"image\/jpeg\" \/>\n<meta name=\"twitter:card\" content=\"summary_large_image\" \/>\n<meta name=\"twitter:label1\" content=\"Gesch\u00e4tzte Lesezeit\" \/>\n\t<meta name=\"twitter:data1\" content=\"2 Minuten\" \/>\n<script type=\"application\/ld+json\" class=\"yoast-schema-graph\">{\"@context\":\"https:\\\/\\\/schema.org\",\"@graph\":[{\"@type\":\"WebPage\",\"@id\":\"https:\\\/\\\/www.paysdesecrins.com\\\/de\\\/mein-wunsch\\\/entdeckung\\\/die-bibliotheken-des-pays-des-ecrins\\\/\",\"url\":\"https:\\\/\\\/www.paysdesecrins.com\\\/de\\\/mein-wunsch\\\/entdeckung\\\/die-bibliotheken-des-pays-des-ecrins\\\/\",\"name\":\"Die Bibliotheken des Pays des \u00c9crins - Pays des \u00c9crins - Office de Tourisme\",\"isPartOf\":{\"@id\":\"https:\\\/\\\/www.paysdesecrins.com\\\/de\\\/#website\"},\"primaryImageOfPage\":{\"@id\":\"https:\\\/\\\/www.paysdesecrins.com\\\/de\\\/mein-wunsch\\\/entdeckung\\\/die-bibliotheken-des-pays-des-ecrins\\\/#primaryimage\"},\"image\":{\"@id\":\"https:\\\/\\\/www.paysdesecrins.com\\\/de\\\/mein-wunsch\\\/entdeckung\\\/die-bibliotheken-des-pays-des-ecrins\\\/#primaryimage\"},\"thumbnailUrl\":\"https:\\\/\\\/www.paysdesecrins.com\\\/wp-content\\\/uploads\\\/2025\\\/08\\\/argentiere-la-bessee-44-scaled.jpg\",\"datePublished\":\"2025-08-05T07:57:00+00:00\",\"dateModified\":\"2025-08-05T08:15:00+00:00\",\"breadcrumb\":{\"@id\":\"https:\\\/\\\/www.paysdesecrins.com\\\/de\\\/mein-wunsch\\\/entdeckung\\\/die-bibliotheken-des-pays-des-ecrins\\\/#breadcrumb\"},\"inLanguage\":\"de\",\"potentialAction\":[{\"@type\":\"ReadAction\",\"target\":[\"https:\\\/\\\/www.paysdesecrins.com\\\/de\\\/mein-wunsch\\\/entdeckung\\\/die-bibliotheken-des-pays-des-ecrins\\\/\"]}]},{\"@type\":\"ImageObject\",\"inLanguage\":\"de\",\"@id\":\"https:\\\/\\\/www.paysdesecrins.com\\\/de\\\/mein-wunsch\\\/entdeckung\\\/die-bibliotheken-des-pays-des-ecrins\\\/#primaryimage\",\"url\":\"https:\\\/\\\/www.paysdesecrins.com\\\/wp-content\\\/uploads\\\/2025\\\/08\\\/argentiere-la-bessee-44-scaled.jpg\",\"contentUrl\":\"https:\\\/\\\/www.paysdesecrins.com\\\/wp-content\\\/uploads\\\/2025\\\/08\\\/argentiere-la-bessee-44-scaled.jpg\",\"width\":2560,\"height\":1707},{\"@type\":\"BreadcrumbList\",\"@id\":\"https:\\\/\\\/www.paysdesecrins.com\\\/de\\\/mein-wunsch\\\/entdeckung\\\/die-bibliotheken-des-pays-des-ecrins\\\/#breadcrumb\",\"itemListElement\":[{\"@type\":\"ListItem\",\"position\":1,\"name\":\"Accueil\",\"item\":\"https:\\\/\\\/www.paysdesecrins.com\\\/de\\\/der-titel-des-hauses\\\/\"},{\"@type\":\"ListItem\",\"position\":2,\"name\":\"Mein Wunsch,\",\"item\":\"https:\\\/\\\/www.paysdesecrins.com\\\/de\\\/mein-wunsch\\\/\"},{\"@type\":\"ListItem\",\"position\":3,\"name\":\"Mein Wunsch nach Entdeckung\",\"item\":\"https:\\\/\\\/www.paysdesecrins.com\\\/de\\\/mein-wunsch\\\/entdeckung\\\/\"},{\"@type\":\"ListItem\",\"position\":4,\"name\":\"Die Bibliotheken des Pays des \u00c9crins\"}]},{\"@type\":\"WebSite\",\"@id\":\"https:\\\/\\\/www.paysdesecrins.com\\\/de\\\/#website\",\"url\":\"https:\\\/\\\/www.paysdesecrins.com\\\/de\\\/\",\"name\":\"Pays des \u00c9crins - Office de Tourisme\",\"description\":\"L&#039;esprit montagne\",\"publisher\":{\"@id\":\"https:\\\/\\\/www.paysdesecrins.com\\\/de\\\/#organization\"},\"potentialAction\":[{\"@type\":\"SearchAction\",\"target\":{\"@type\":\"EntryPoint\",\"urlTemplate\":\"https:\\\/\\\/www.paysdesecrins.com\\\/de\\\/?s={search_term_string}\"},\"query-input\":{\"@type\":\"PropertyValueSpecification\",\"valueRequired\":true,\"valueName\":\"search_term_string\"}}],\"inLanguage\":\"de\"},{\"@type\":\"Organization\",\"@id\":\"https:\\\/\\\/www.paysdesecrins.com\\\/de\\\/#organization\",\"name\":\"Pays des \u00c9crins - Office de Tourisme\",\"url\":\"https:\\\/\\\/www.paysdesecrins.com\\\/de\\\/\",\"logo\":{\"@type\":\"ImageObject\",\"inLanguage\":\"de\",\"@id\":\"https:\\\/\\\/www.paysdesecrins.com\\\/de\\\/#\\\/schema\\\/logo\\\/image\\\/\",\"url\":\"https:\\\/\\\/www.paysdesecrins.com\\\/wp-content\\\/uploads\\\/2025\\\/06\\\/devina-svg-1750845694.svg\",\"contentUrl\":\"https:\\\/\\\/www.paysdesecrins.com\\\/wp-content\\\/uploads\\\/2025\\\/06\\\/devina-svg-1750845694.svg\",\"caption\":\"Pays des \u00c9crins - Office de Tourisme\"},\"image\":{\"@id\":\"https:\\\/\\\/www.paysdesecrins.com\\\/de\\\/#\\\/schema\\\/logo\\\/image\\\/\"}}]}<\/script>\n<!-- \/ Yoast SEO plugin. -->","yoast_head_json":{"title":"Die Bibliotheken des Pays des \u00c9crins - Pays des \u00c9crins - Office de Tourisme","robots":{"index":"index","follow":"follow","max-snippet":"max-snippet:-1","max-image-preview":"max-image-preview:large","max-video-preview":"max-video-preview:-1"},"canonical":"https:\/\/www.paysdesecrins.com\/de\/mein-wunsch\/entdeckung\/die-bibliotheken-des-pays-des-ecrins\/","og_locale":"de_DE","og_type":"article","og_title":"Die Bibliotheken des Pays des \u00c9crins - Pays des \u00c9crins - Office de Tourisme","og_description":"Entdecken Sie die literarischen Sch\u00e4tze des Pays des \u00c9crins! Romane, Comics, Dokumentationen und lokale Geschichten erwarten Sie an kostenlosen Orten, [&hellip;]","og_url":"https:\/\/www.paysdesecrins.com\/de\/mein-wunsch\/entdeckung\/die-bibliotheken-des-pays-des-ecrins\/","og_site_name":"Pays des \u00c9crins - Office de Tourisme","article_modified_time":"2025-08-05T08:15:00+00:00","og_image":[{"width":2560,"height":1707,"url":"https:\/\/www.paysdesecrins.com\/wp-content\/uploads\/2025\/08\/argentiere-la-bessee-44-scaled.jpg","type":"image\/jpeg"}],"twitter_card":"summary_large_image","twitter_misc":{"Gesch\u00e4tzte Lesezeit":"2 Minuten"},"schema":{"@context":"https:\/\/schema.org","@graph":[{"@type":"WebPage","@id":"https:\/\/www.paysdesecrins.com\/de\/mein-wunsch\/entdeckung\/die-bibliotheken-des-pays-des-ecrins\/","url":"https:\/\/www.paysdesecrins.com\/de\/mein-wunsch\/entdeckung\/die-bibliotheken-des-pays-des-ecrins\/","name":"Die Bibliotheken des Pays des \u00c9crins - Pays des \u00c9crins - Office de Tourisme","isPartOf":{"@id":"https:\/\/www.paysdesecrins.com\/de\/#website"},"primaryImageOfPage":{"@id":"https:\/\/www.paysdesecrins.com\/de\/mein-wunsch\/entdeckung\/die-bibliotheken-des-pays-des-ecrins\/#primaryimage"},"image":{"@id":"https:\/\/www.paysdesecrins.com\/de\/mein-wunsch\/entdeckung\/die-bibliotheken-des-pays-des-ecrins\/#primaryimage"},"thumbnailUrl":"https:\/\/www.paysdesecrins.com\/wp-content\/uploads\/2025\/08\/argentiere-la-bessee-44-scaled.jpg","datePublished":"2025-08-05T07:57:00+00:00","dateModified":"2025-08-05T08:15:00+00:00","breadcrumb":{"@id":"https:\/\/www.paysdesecrins.com\/de\/mein-wunsch\/entdeckung\/die-bibliotheken-des-pays-des-ecrins\/#breadcrumb"},"inLanguage":"de","potentialAction":[{"@type":"ReadAction","target":["https:\/\/www.paysdesecrins.com\/de\/mein-wunsch\/entdeckung\/die-bibliotheken-des-pays-des-ecrins\/"]}]},{"@type":"ImageObject","inLanguage":"de","@id":"https:\/\/www.paysdesecrins.com\/de\/mein-wunsch\/entdeckung\/die-bibliotheken-des-pays-des-ecrins\/#primaryimage","url":"https:\/\/www.paysdesecrins.com\/wp-content\/uploads\/2025\/08\/argentiere-la-bessee-44-scaled.jpg","contentUrl":"https:\/\/www.paysdesecrins.com\/wp-content\/uploads\/2025\/08\/argentiere-la-bessee-44-scaled.jpg","width":2560,"height":1707},{"@type":"BreadcrumbList","@id":"https:\/\/www.paysdesecrins.com\/de\/mein-wunsch\/entdeckung\/die-bibliotheken-des-pays-des-ecrins\/#breadcrumb","itemListElement":[{"@type":"ListItem","position":1,"name":"Accueil","item":"https:\/\/www.paysdesecrins.com\/de\/der-titel-des-hauses\/"},{"@type":"ListItem","position":2,"name":"Mein Wunsch,","item":"https:\/\/www.paysdesecrins.com\/de\/mein-wunsch\/"},{"@type":"ListItem","position":3,"name":"Mein Wunsch nach Entdeckung","item":"https:\/\/www.paysdesecrins.com\/de\/mein-wunsch\/entdeckung\/"},{"@type":"ListItem","position":4,"name":"Die Bibliotheken des Pays des \u00c9crins"}]},{"@type":"WebSite","@id":"https:\/\/www.paysdesecrins.com\/de\/#website","url":"https:\/\/www.paysdesecrins.com\/de\/","name":"Pays des \u00c9crins - Office de Tourisme","description":"L&#039;esprit montagne","publisher":{"@id":"https:\/\/www.paysdesecrins.com\/de\/#organization"},"potentialAction":[{"@type":"SearchAction","target":{"@type":"EntryPoint","urlTemplate":"https:\/\/www.paysdesecrins.com\/de\/?s={search_term_string}"},"query-input":{"@type":"PropertyValueSpecification","valueRequired":true,"valueName":"search_term_string"}}],"inLanguage":"de"},{"@type":"Organization","@id":"https:\/\/www.paysdesecrins.com\/de\/#organization","name":"Pays des \u00c9crins - Office de Tourisme","url":"https:\/\/www.paysdesecrins.com\/de\/","logo":{"@type":"ImageObject","inLanguage":"de","@id":"https:\/\/www.paysdesecrins.com\/de\/#\/schema\/logo\/image\/","url":"https:\/\/www.paysdesecrins.com\/wp-content\/uploads\/2025\/06\/devina-svg-1750845694.svg","contentUrl":"https:\/\/www.paysdesecrins.com\/wp-content\/uploads\/2025\/06\/devina-svg-1750845694.svg","caption":"Pays des \u00c9crins - Office de Tourisme"},"image":{"@id":"https:\/\/www.paysdesecrins.com\/de\/#\/schema\/logo\/image\/"}}]}},"_links":{"self":[{"href":"https:\/\/www.paysdesecrins.com\/de\/wp-json\/wp\/v2\/pages\/64474","targetHints":{"allow":["GET"]}}],"collection":[{"href":"https:\/\/www.paysdesecrins.com\/de\/wp-json\/wp\/v2\/pages"}],"about":[{"href":"https:\/\/www.paysdesecrins.com\/de\/wp-json\/wp\/v2\/types\/page"}],"author":[{"embeddable":true,"href":"https:\/\/www.paysdesecrins.com\/de\/wp-json\/wp\/v2\/users\/4"}],"replies":[{"embeddable":true,"href":"https:\/\/www.paysdesecrins.com\/de\/wp-json\/wp\/v2\/comments?post=64474"}],"version-history":[{"count":0,"href":"https:\/\/www.paysdesecrins.com\/de\/wp-json\/wp\/v2\/pages\/64474\/revisions"}],"up":[{"embeddable":true,"href":"https:\/\/www.paysdesecrins.com\/de\/wp-json\/wp\/v2\/pages\/44566"}],"wp:featuredmedia":[{"embeddable":true,"href":"https:\/\/www.paysdesecrins.com\/de\/wp-json\/wp\/v2\/media\/64471"}],"wp:attachment":[{"href":"https:\/\/www.paysdesecrins.com\/de\/wp-json\/wp\/v2\/media?parent=64474"}],"curies":[{"name":"wp","href":"https:\/\/api.w.org\/{rel}","templated":true}]}}