{"id":71807,"date":"2025-08-07T14:20:24","date_gmt":"2025-08-07T12:20:24","guid":{"rendered":"https:\/\/www.paysdesecrins.com\/der-nationalpark-ecrins\/"},"modified":"2025-08-20T15:55:03","modified_gmt":"2025-08-20T13:55:03","slug":"der-nationalpark-ecrins","status":"publish","type":"page","link":"https:\/\/www.paysdesecrins.com\/de\/der-nationalpark-ecrins\/","title":{"rendered":"Der Nationalpark \u00c9crins"},"content":{"rendered":"    <div class=\"alignfull wp-block-ws-library-ws-header-interne\">\n\t    <div class=\"header-container\">\n\t        <div class=\"group-media has-image\">\n\t            \t                <img loading=\"lazy\" decoding=\"async\" width=\"1920\" height=\"800\" src=\"https:\/\/www.paysdesecrins.com\/wp-content\/uploads\/2025\/07\/du-lac-de-puy-aillaud-au-be-lvede-re-des-trois-refuges-13-scaled-1920x800.jpg\" alt=\"\" class=\"image_large_square wp-image-45038\" \/>\n\t            \t        <\/div>\n\t        <div class=\"group-content\">\n\t            <div class=\"title\">\n\t                <h1>\n\t                    Der Nationalpark \u00c9crins\t                    \t                <\/h1>\n\t            <\/div>\n\t        <\/div>\n\t    <\/div>\n\t    \n<div class=\"yoast-breadcrumbs\"><span><span><a href=\"https:\/\/www.paysdesecrins.com\/de\/der-titel-des-hauses\/\">Accueil<\/a><\/span>  <span class=\"breadcrumb_last\" aria-current=\"page\">Der Nationalpark \u00c9crins<\/span><\/span><\/div>\n    <\/div>\n    \n<div class=\"wp-block-ws-library-ws-title aligncenter is-style-simple\"><h2><em>Breakaway <\/em>Im Herzen der \u00c9crins<\/h2><\/div>\n\n<p class=\"has-text-align-center\">Willkommen in einer Welt, in der sich Gletscher, Gipfel und W\u00e4lder zu einer unber\u00fchrten und spektakul\u00e4ren Natur vermischen. Entdecken Sie seine Geschichte, seine Organisation, seine Lebensregeln und die wichtigsten Sehensw\u00fcrdigkeiten, die es zu erkunden gilt, bevor Sie sich auf den Weg machen, um dieses grandiose Naturgebiet zu erkunden.   <\/p>\n\n<div class=\"wp-block-ws-library-ws-columns alignwide has-2-columns are-vertically-aligned-center layout-5050 is-style-background\">\n<div class=\"wp-block-ws-library-ws-column\"><div class=\"wrapper\">\n<div class=\"wp-block-ws-library-ws-title\"><h2><em>Die Juwelen<\/em> Ein gesch\u00fctztes Naturerbe<\/h2><\/div>\n\n\n\n<p>Ein Nationalpark ist ein Schutzgebiet, das als Schutzgebiet eingestuft wurde, um seine \u00d6kosysteme, seine Artenvielfalt und seine Landschaften zu erhalten und gleichzeitig die \u00d6ffentlichkeit willkommen zu hei\u00dfen. Es kombiniert einen &#8222;Kern&#8220;, in dem der maximale Schutz gilt, und eine &#8222;Adh\u00e4sionszone&#8220;, in der menschliche Aktivit\u00e4ten reguliert, aber erlaubt sind. <\/p>\n<\/div><\/div>\n\n\n\n<div class=\"wp-block-ws-library-ws-column\"><div class=\"wrapper\">\n<div class=\"wp-block-ws-library-ws-image\"><div class=\"wrapper\"><div class=\"group-media\"><img decoding=\"async\" src=\"https:\/\/www.paysdesecrins.com\/wp-content\/uploads\/2025\/07\/131pne-glacierblanc-thibautblais-refuge-du-glacier-blanc-et-4-960x640.jpg\" alt=\"\" class=\"single_image ws-image-20946\"><div class=\"credits\">Thibaut BLAIS<\/div><\/div><p class=\"caption\"><\/p><\/div><\/div>\n<\/div><\/div>\n<\/div>\n\n<div class=\"wp-block-ws-library-ws-title aligncenter\"><h3><em>Die Urspr\u00fcnge des Nationalparks <\/em>\u00c9crins<\/h3><\/div>\n\n<p class=\"has-text-align-center\">Die Urspr\u00fcnge gehen auf das Jahr 1913 zur\u00fcck, als der &#8222;Parc national de la B\u00e9rarde&#8220; gegr\u00fcndet wurde, der zun\u00e4chst informell verwaltet wurde, um Erosion und Abholzung zu bek\u00e4mpfen. Nach mehreren Zwischenstatus (Nationalpark Pelvoux, Staatspark) wurde schlie\u00dflich per Dekret des Premierministers am 6. M\u00e4rz 1973 auf Initiative von Bergsteigern, Naturvereinen und dem franz\u00f6sischen Alpenverein der Nationalpark \u00c9crins offiziell gegr\u00fcndet. <\/p>\n\n<div class=\"wp-block-ws-library-ws-columns alignwide has-2-columns are-vertically-aligned-center layout-5050\">\n<div class=\"wp-block-ws-library-ws-column\"><div class=\"wrapper\">\n<div class=\"wp-block-ws-library-ws-image\"><div class=\"wrapper\"><div class=\"group-media\"><img decoding=\"async\" src=\"https:\/\/www.paysdesecrins.com\/wp-content\/uploads\/2025\/08\/carte2016pne-agenda-pnf-562x640.jpg\" alt=\"\" class=\"single_image ws-image-71810\"><div class=\"credits\"><\/div><\/div><p class=\"caption\"><\/p><\/div><\/div>\n<\/div><\/div>\n\n\n\n<div class=\"wp-block-ws-library-ws-column\"><div class=\"wrapper\">\n<div class=\"wp-block-ws-library-ws-title\"><h2><em>Der Nationalpark <\/em>Wie funktioniert das?<\/h2><\/div>\n\n\n\n<p>Der Nationalpark \u00c9crins ist eine \u00f6ffentliche Einrichtung, die dem Ministerium f\u00fcr den \u00f6kologischen Wandel untersteht und von Gap aus verwaltet wird. Er ist in vier Sektoren unterteilt (Champsaur-Valgaudemar, Embrunais, Vallouise-Brian\u00e7onnais, Oisans-Valbonnais), die jeweils \u00fcber ein Maison du Parc f\u00fcr den Empfang und die Landverwaltung verf\u00fcgen. Seine Aufgaben: Schutz der Umwelt und der Arten, wissenschaftliche Forschung, Umweltbildung und Rezeption der \u00d6ffentlichkeit.  <br\/><br\/>Der Nationalpark \u00c9crins ist in mehrere sich erg\u00e4nzende Zonen gegliedert, um Erhaltung und menschliche Nutzung in Einklang zu bringen: einen <strong>Landkern<\/strong> von fast 92.000 ha, in dem die strengsten Vorschriften gelten, darunter ein <strong>700 ha gro\u00dfes Naturschutzgebiet<\/strong> im Lauviteltal, das sich f\u00fcr die wissenschaftliche Forschung frei entwickeln kann, und ein <strong>Mitgliedsgebiet<\/strong> von 180.000 ha, das sich aus den 61 Gemeinden zusammensetzt, die die Charta des Parks unterzeichnet haben.  , die einen <strong>Spielraum f\u00fcr Studien<\/strong> und Verpflichtungen f\u00fcr eine nachhaltige Entwicklung festlegt. Dar\u00fcber hinaus gibt es mehrere <strong>Natur<\/strong> \u2013 und biologische Reservate, die sich \u00fcber das Adh\u00e4sionsgebiet erstrecken und seltene Umgebungen und Arten sch\u00fctzen und gleichzeitig das Schutzsystem des Massivs vervollst\u00e4ndigen. <\/p>\n<\/div><\/div>\n<\/div>\n\n<div class=\"wp-block-ws-library-ws-title aligncenter\"><h3>Regulierung<\/h3><\/div>\n\n<p>Um den nachhaltigen Schutz seines einzigartigen \u00d6kosystems zu gew\u00e4hrleisten und die Integrit\u00e4t seiner Landschaften zu erhalten, sind hier einige wesentliche Regeln innerhalb des Parks:<\/p>\n\n<ul class=\"wp-block-list\">\n<li><strong>Biwak<\/strong> von 19 bis 9 Uhr erlaubt, mehr als eine Stunde zu Fu\u00df von jeder f\u00fcr Fahrzeuge geeigneten Stra\u00dfe und den Grenzen des Parks entfernt.<\/li>\n\n\n\n<li><strong>Verboten<\/strong> : Feuer unter freiem Himmel, wildes Campen, Verkehr und Abstellen aller Fahrzeuge im Herzen des Parks, Pflanzen- und Fossilienproben ohne Ausnahme.<\/li>\n\n\n\n<li><strong>Bew\u00e4hrte Praktiken<\/strong> : Respektieren Sie die Flora und Fauna, nehmen Sie Ihren M\u00fcll mit, bleiben Sie auf den markierten Wegen.<\/li>\n<\/ul>\n\n<div style=\"height:39px\" aria-hidden=\"true\" class=\"wp-block-spacer\"><\/div>\n\n<div class=\"wp-block-ws-library-ws-banner alignwide\"><div class=\"wrapper\"><div class=\"group-media\"><img loading=\"lazy\" decoding=\"async\" width=\"1920\" height=\"480\" src=\"https:\/\/www.paysdesecrins.com\/wp-content\/uploads\/2025\/07\/131pne-eychauda-thibautblais-lac-de-leychauda-23-1920x480.jpg\" alt=\"\" class=\"single_image wp-image-20921\"><div class=\"credits\">Thibaut BLAIS<\/div><\/div>\n<div class=\"group-content\"><div class=\"wp-block-ws-library-ws-title\"><h2>Die wichtigsten Sehensw\u00fcrdigkeiten des Nationalparks \u00c9crins<\/h2><\/div><ul class=\"wp-block-list\">\n<li><strong>Die Barre des \u00c9crins<\/strong> (4.102 m): der h\u00f6chste Punkt des Parks, der vom B\u00e9rarde-Tal aus sichtbar ist.<\/li>\n\n\n\n<li><strong>Der Glacier Blanc<\/strong> : Gletscherwanderung und anschlie\u00dfende H\u00fctte auf 2.542 m, Blick auf die Meije und den Pelvoux.<\/li>\n\n\n\n<li><strong>Der GR 54<\/strong> : Tour durch die Oisans, mehr als 600 km markierte Wanderwege rund um das Massiv.<\/li>\n\n\n\n<li><strong>Das Valgaudemar-Tal und seine Wasserf\u00e4lle:<\/strong> Wasserfallroute, um den Brautschleier zu entdecken.<\/li>\n\n\n\n<li><strong>Der Lauvitelsee<\/strong> : ein Natura-2000-Gebiet, das \u00fcber einen Waldweg erreichbar ist und sich im Sommer perfekt zum Baden eignet.<\/li>\n\n\n\n<li><strong>Das Strenge Biologische Reservat von Vallonpierre: streng<\/strong> gesch\u00fctztes Gebiet f\u00fcr wissenschaftliche Studien.<\/li>\n<\/ul><\/div>\n\n\n\n\n<\/div><\/div>\n\n<div style=\"height:83px\" aria-hidden=\"true\" class=\"wp-block-spacer\"><\/div>\n\n<div class=\"wp-block-ws-library-ws-title aligncenter\"><h3>Ihre Hochgebirgsh\u00fctten<\/h3><\/div>\n\n<p class=\"has-text-align-center\">Mit etwa vierzig H\u00fctten, die \u00fcber das Herz des Parks verteilt sind, bieten die \u00c9crins Unterk\u00fcnfte in der H\u00f6he, von einfachen unbewachten Schutzh\u00fctten bis hin zu komfortablen Schutzh\u00fctten mit einem Hausmeister. Sie sind haupts\u00e4chlich von Juni bis September ge\u00f6ffnet und erm\u00f6glichen es Ihnen, die langen Wanderungen aufzuteilen und die hohen Gipfel zu jeder Jahreszeit in aller Ruhe zu erkunden. <\/p>\n\n<div class=\"wp-block-ws-library-ws-button has-text-align-center\"><a href=\"https:\/\/www.paysdesecrins.com\/de\/die-schutzhuetten-des-pays-des-ecrins\/\" class=\"wp-block-button__link wp-element-button btn\">  die Schutzh\u00fctten des Pays des \u00c9crins<\/a><\/div>\n\n<div class=\"wp-block-ws-library-ws-slider alignwide\"><div class=\"splide\" data-splide=\"{\"type\":\"slide\",\"heightRatio\":\"auto\",\"perPage\":4,\"perMove\":1,\"drag\":true,\"pagination\":0,\"autoplay\":false,\"gap\":\"15px\",\"breakpoints\":{\"450\":{\"perPage\":1},\"768\":{\"perPage\":2},\"992\":{\"perPage\":3},\"1200\":{\"perPage\":4}}}\"><div class=\"splide__track\"><div class=\"splide__list\"><div class=\"splide__slide\"><a href=\"https:\/\/www.paysdesecrins.com\/wp-content\/uploads\/2025\/07\/refuge-des-e-crins-glacier-scaled.jpg\" data-glightbox=\"true\" class=\"lightbox-trigger\"><img decoding=\"async\" src=\"https:\/\/www.paysdesecrins.com\/wp-content\/uploads\/2025\/07\/refuge-des-e-crins-glacier-scaled.jpg\" alt=\"\"><\/a><\/div><div class=\"splide__slide\"><a href=\"https:\/\/www.paysdesecrins.com\/wp-content\/uploads\/2025\/07\/refuge-du-sele-22072023-14-1-scaled.jpg\" data-glightbox=\"true\" class=\"lightbox-trigger\"><img decoding=\"async\" src=\"https:\/\/www.paysdesecrins.com\/wp-content\/uploads\/2025\/07\/refuge-du-sele-22072023-14-1-scaled.jpg\" alt=\"\"><\/a><\/div><div class=\"splide__slide\"><a href=\"https:\/\/www.paysdesecrins.com\/wp-content\/uploads\/2025\/07\/13pne-vallon-de-la-selle-l-aup-martin-22-scaled.jpg\" data-glightbox=\"true\" class=\"lightbox-trigger\"><img decoding=\"async\" src=\"https:\/\/www.paysdesecrins.com\/wp-content\/uploads\/2025\/07\/13pne-vallon-de-la-selle-l-aup-martin-22-scaled.jpg\" alt=\"\"><\/a><\/div><div class=\"splide__slide\"><a href=\"https:\/\/www.paysdesecrins.com\/wp-content\/uploads\/2025\/07\/131pne-glacier-blanc-famille-thibaut-blais-61-scaled.jpg\" data-glightbox=\"true\" class=\"lightbox-trigger\"><img decoding=\"async\" src=\"https:\/\/www.paysdesecrins.com\/wp-content\/uploads\/2025\/07\/131pne-glacier-blanc-famille-thibaut-blais-61-scaled.jpg\" alt=\"\"><\/a><\/div><div class=\"splide__slide\"><a href=\"https:\/\/www.paysdesecrins.com\/wp-content\/uploads\/2025\/07\/13parcnationalailfroiden-scaled.jpg\" data-glightbox=\"true\" class=\"lightbox-trigger\"><img decoding=\"async\" src=\"https:\/\/www.paysdesecrins.com\/wp-content\/uploads\/2025\/07\/13parcnationalailfroiden-scaled.jpg\" alt=\"\"><\/a><\/div><div class=\"splide__slide\"><a href=\"https:\/\/www.paysdesecrins.com\/wp-content\/uploads\/2025\/07\/13dormillouse-10thibautblais-scaled.jpg\" data-glightbox=\"true\" class=\"lightbox-trigger\"><img decoding=\"async\" src=\"https:\/\/www.paysdesecrins.com\/wp-content\/uploads\/2025\/07\/13dormillouse-10thibautblais-scaled.jpg\" alt=\"\"><\/a><\/div><div class=\"splide__slide\"><a href=\"https:\/\/www.paysdesecrins.com\/wp-content\/uploads\/2025\/07\/131pne-ecureuil-pousterle-scaled.jpg\" data-glightbox=\"true\" class=\"lightbox-trigger\"><img decoding=\"async\" src=\"https:\/\/www.paysdesecrins.com\/wp-content\/uploads\/2025\/07\/131pne-ecureuil-pousterle-scaled.jpg\" alt=\"\"><\/a><\/div><div class=\"splide__slide\"><a href=\"https:\/\/www.paysdesecrins.com\/wp-content\/uploads\/2025\/07\/13parcnational-temoignage-bivouac-au-tuckett-6-scaled.jpg\" data-glightbox=\"true\" class=\"lightbox-trigger\"><img decoding=\"async\" src=\"https:\/\/www.paysdesecrins.com\/wp-content\/uploads\/2025\/07\/13parcnational-temoignage-bivouac-au-tuckett-6-scaled.jpg\" alt=\"\"><\/a><\/div><div class=\"splide__slide\"><a href=\"https:\/\/www.paysdesecrins.com\/wp-content\/uploads\/2025\/07\/13parcnational-lesbans-dsc00300-scaled.jpg\" data-glightbox=\"true\" class=\"lightbox-trigger\"><img decoding=\"async\" src=\"https:\/\/www.paysdesecrins.com\/wp-content\/uploads\/2025\/07\/13parcnational-lesbans-dsc00300-scaled.jpg\" alt=\"\"><\/a><\/div><div class=\"splide__slide\"><a href=\"https:\/\/www.paysdesecrins.com\/wp-content\/uploads\/2025\/07\/13parcnational-clapouse24-22-scaled.jpg\" data-glightbox=\"true\" class=\"lightbox-trigger\"><img decoding=\"async\" src=\"https:\/\/www.paysdesecrins.com\/wp-content\/uploads\/2025\/07\/13parcnational-clapouse24-22-scaled.jpg\" alt=\"\"><\/a><\/div><div class=\"splide__slide\"><a href=\"https:\/\/www.paysdesecrins.com\/wp-content\/uploads\/2025\/07\/13parcnational-thibautblais-chamois-a-ailefroide-10jpg-scaled.jpg\" data-glightbox=\"true\" class=\"lightbox-trigger\"><img decoding=\"async\" src=\"https:\/\/www.paysdesecrins.com\/wp-content\/uploads\/2025\/07\/13parcnational-thibautblais-chamois-a-ailefroide-10jpg-scaled.jpg\" alt=\"\"><\/a><\/div><div class=\"splide__slide\"><a href=\"https:\/\/www.paysdesecrins.com\/wp-content\/uploads\/2025\/07\/131pne-vallon-de-celse-niere-chamois-et-paysages-44-scaled.jpg\" data-glightbox=\"true\" class=\"lightbox-trigger\"><img decoding=\"async\" src=\"https:\/\/www.paysdesecrins.com\/wp-content\/uploads\/2025\/07\/131pne-vallon-de-celse-niere-chamois-et-paysages-44-scaled.jpg\" alt=\"\"><\/a><\/div><div class=\"splide__slide\"><a href=\"https:\/\/www.paysdesecrins.com\/wp-content\/uploads\/2025\/07\/131pne-eychauda-thibautblais-lac-de-leychauda-23-scaled.jpg\" data-glightbox=\"true\" class=\"lightbox-trigger\"><img decoding=\"async\" src=\"https:\/\/www.paysdesecrins.com\/wp-content\/uploads\/2025\/07\/131pne-eychauda-thibautblais-lac-de-leychauda-23-scaled.jpg\" alt=\"\"><\/a><\/div><div class=\"splide__slide\"><a href=\"https:\/\/www.paysdesecrins.com\/wp-content\/uploads\/2025\/07\/131pne-rogiervanrijn-refugedesbansdsc00778-scaled.jpg\" data-glightbox=\"true\" class=\"lightbox-trigger\"><img decoding=\"async\" src=\"https:\/\/www.paysdesecrins.com\/wp-content\/uploads\/2025\/07\/131pne-rogiervanrijn-refugedesbansdsc00778-scaled.jpg\" alt=\"\"><\/a><\/div><div class=\"splide__slide\"><a href=\"https:\/\/www.paysdesecrins.com\/wp-content\/uploads\/2025\/07\/131pne-chamois-pre-de-mme-carlethibautblais-scaled.jpg\" data-glightbox=\"true\" class=\"lightbox-trigger\"><img decoding=\"async\" src=\"https:\/\/www.paysdesecrins.com\/wp-content\/uploads\/2025\/07\/131pne-chamois-pre-de-mme-carlethibautblais-scaled.jpg\" alt=\"\"><\/a><\/div><div class=\"splide__slide\"><a href=\"https:\/\/www.paysdesecrins.com\/wp-content\/uploads\/2025\/07\/131pne-vallon-de-la-selle-l-aup-martin-58-scaled.jpg\" data-glightbox=\"true\" class=\"lightbox-trigger\"><img decoding=\"async\" src=\"https:\/\/www.paysdesecrins.com\/wp-content\/uploads\/2025\/07\/131pne-vallon-de-la-selle-l-aup-martin-58-scaled.jpg\" alt=\"\"><\/a><\/div><\/div><\/div><\/div><\/div>\n\n<div class=\"wp-block-ws-library-ws-share\"><span class=\"share-subtitle\">Hat Ihnen diese Seite gefallen?<\/span><span class=\"share-title\">Teilen Sie es!<\/span><button class=\"ws-share-button wp-element-button\">Diese Seite teilen<\/button><\/div>\n","protected":false},"excerpt":{"rendered":"<p>Willkommen in einer Welt, in der sich Gletscher, Gipfel und W\u00e4lder zu einer unber\u00fchrten und spektakul\u00e4ren Natur vermischen. Entdecken Sie [&hellip;]<\/p>\n","protected":false},"author":4,"featured_media":71819,"parent":0,"menu_order":0,"comment_status":"closed","ping_status":"closed","template":"","meta":{"_thumbnail_id_2":0,"summer_excerpt":"","season":"","station":"","footnotes":""},"class_list":["post-71807","page","type-page","status-publish","has-post-thumbnail","hentry"],"yoast_head":"<!-- This site is optimized with the Yoast SEO plugin v27.3 - https:\/\/yoast.com\/product\/yoast-seo-wordpress\/ -->\n<title>Der Nationalpark \u00c9crins - Pays des \u00c9crins - Office de Tourisme<\/title>\n<meta name=\"robots\" content=\"index, follow, max-snippet:-1, max-image-preview:large, max-video-preview:-1\" \/>\n<link rel=\"canonical\" href=\"https:\/\/www.paysdesecrins.com\/de\/der-nationalpark-ecrins\/\" \/>\n<meta property=\"og:locale\" content=\"de_DE\" \/>\n<meta property=\"og:type\" content=\"article\" \/>\n<meta property=\"og:title\" content=\"Der Nationalpark \u00c9crins - Pays des \u00c9crins - Office de Tourisme\" \/>\n<meta property=\"og:description\" content=\"Willkommen in einer Welt, in der sich Gletscher, Gipfel und W\u00e4lder zu einer unber\u00fchrten und spektakul\u00e4ren Natur vermischen. Entdecken Sie [&hellip;]\" \/>\n<meta property=\"og:url\" content=\"https:\/\/www.paysdesecrins.com\/de\/der-nationalpark-ecrins\/\" \/>\n<meta property=\"og:site_name\" content=\"Pays des \u00c9crins - Office de Tourisme\" \/>\n<meta property=\"article:modified_time\" content=\"2025-08-20T13:55:03+00:00\" \/>\n<meta property=\"og:image\" content=\"https:\/\/www.paysdesecrins.com\/wp-content\/uploads\/2025\/08\/parc-logo-site.png\" \/>\n\t<meta property=\"og:image:width\" content=\"1748\" \/>\n\t<meta property=\"og:image:height\" content=\"2480\" \/>\n\t<meta property=\"og:image:type\" content=\"image\/png\" \/>\n<meta name=\"twitter:card\" content=\"summary_large_image\" \/>\n<meta name=\"twitter:label1\" content=\"Gesch\u00e4tzte Lesezeit\" \/>\n\t<meta name=\"twitter:data1\" content=\"3 Minuten\" \/>\n<script type=\"application\/ld+json\" class=\"yoast-schema-graph\">{\"@context\":\"https:\\\/\\\/schema.org\",\"@graph\":[{\"@type\":\"WebPage\",\"@id\":\"https:\\\/\\\/www.paysdesecrins.com\\\/de\\\/der-nationalpark-ecrins\\\/\",\"url\":\"https:\\\/\\\/www.paysdesecrins.com\\\/de\\\/der-nationalpark-ecrins\\\/\",\"name\":\"Der Nationalpark \u00c9crins - Pays des \u00c9crins - Office de Tourisme\",\"isPartOf\":{\"@id\":\"https:\\\/\\\/www.paysdesecrins.com\\\/de\\\/#website\"},\"primaryImageOfPage\":{\"@id\":\"https:\\\/\\\/www.paysdesecrins.com\\\/de\\\/der-nationalpark-ecrins\\\/#primaryimage\"},\"image\":{\"@id\":\"https:\\\/\\\/www.paysdesecrins.com\\\/de\\\/der-nationalpark-ecrins\\\/#primaryimage\"},\"thumbnailUrl\":\"https:\\\/\\\/www.paysdesecrins.com\\\/wp-content\\\/uploads\\\/2025\\\/08\\\/parc-logo-site.png\",\"datePublished\":\"2025-08-07T12:20:24+00:00\",\"dateModified\":\"2025-08-20T13:55:03+00:00\",\"breadcrumb\":{\"@id\":\"https:\\\/\\\/www.paysdesecrins.com\\\/de\\\/der-nationalpark-ecrins\\\/#breadcrumb\"},\"inLanguage\":\"de\",\"potentialAction\":[{\"@type\":\"ReadAction\",\"target\":[\"https:\\\/\\\/www.paysdesecrins.com\\\/de\\\/der-nationalpark-ecrins\\\/\"]}]},{\"@type\":\"ImageObject\",\"inLanguage\":\"de\",\"@id\":\"https:\\\/\\\/www.paysdesecrins.com\\\/de\\\/der-nationalpark-ecrins\\\/#primaryimage\",\"url\":\"https:\\\/\\\/www.paysdesecrins.com\\\/wp-content\\\/uploads\\\/2025\\\/08\\\/parc-logo-site.png\",\"contentUrl\":\"https:\\\/\\\/www.paysdesecrins.com\\\/wp-content\\\/uploads\\\/2025\\\/08\\\/parc-logo-site.png\",\"width\":1748,\"height\":2480},{\"@type\":\"BreadcrumbList\",\"@id\":\"https:\\\/\\\/www.paysdesecrins.com\\\/de\\\/der-nationalpark-ecrins\\\/#breadcrumb\",\"itemListElement\":[{\"@type\":\"ListItem\",\"position\":1,\"name\":\"Accueil\",\"item\":\"https:\\\/\\\/www.paysdesecrins.com\\\/de\\\/der-titel-des-hauses\\\/\"},{\"@type\":\"ListItem\",\"position\":2,\"name\":\"Der Nationalpark \u00c9crins\"}]},{\"@type\":\"WebSite\",\"@id\":\"https:\\\/\\\/www.paysdesecrins.com\\\/de\\\/#website\",\"url\":\"https:\\\/\\\/www.paysdesecrins.com\\\/de\\\/\",\"name\":\"Pays des \u00c9crins - Office de Tourisme\",\"description\":\"L&#039;esprit montagne\",\"publisher\":{\"@id\":\"https:\\\/\\\/www.paysdesecrins.com\\\/de\\\/#organization\"},\"potentialAction\":[{\"@type\":\"SearchAction\",\"target\":{\"@type\":\"EntryPoint\",\"urlTemplate\":\"https:\\\/\\\/www.paysdesecrins.com\\\/de\\\/?s={search_term_string}\"},\"query-input\":{\"@type\":\"PropertyValueSpecification\",\"valueRequired\":true,\"valueName\":\"search_term_string\"}}],\"inLanguage\":\"de\"},{\"@type\":\"Organization\",\"@id\":\"https:\\\/\\\/www.paysdesecrins.com\\\/de\\\/#organization\",\"name\":\"Pays des \u00c9crins - Office de Tourisme\",\"url\":\"https:\\\/\\\/www.paysdesecrins.com\\\/de\\\/\",\"logo\":{\"@type\":\"ImageObject\",\"inLanguage\":\"de\",\"@id\":\"https:\\\/\\\/www.paysdesecrins.com\\\/de\\\/#\\\/schema\\\/logo\\\/image\\\/\",\"url\":\"https:\\\/\\\/www.paysdesecrins.com\\\/wp-content\\\/uploads\\\/2025\\\/06\\\/devina-svg-1750845694.svg\",\"contentUrl\":\"https:\\\/\\\/www.paysdesecrins.com\\\/wp-content\\\/uploads\\\/2025\\\/06\\\/devina-svg-1750845694.svg\",\"caption\":\"Pays des \u00c9crins - Office de Tourisme\"},\"image\":{\"@id\":\"https:\\\/\\\/www.paysdesecrins.com\\\/de\\\/#\\\/schema\\\/logo\\\/image\\\/\"}}]}<\/script>\n<!-- \/ Yoast SEO plugin. -->","yoast_head_json":{"title":"Der Nationalpark \u00c9crins - Pays des \u00c9crins - Office de Tourisme","robots":{"index":"index","follow":"follow","max-snippet":"max-snippet:-1","max-image-preview":"max-image-preview:large","max-video-preview":"max-video-preview:-1"},"canonical":"https:\/\/www.paysdesecrins.com\/de\/der-nationalpark-ecrins\/","og_locale":"de_DE","og_type":"article","og_title":"Der Nationalpark \u00c9crins - Pays des \u00c9crins - Office de Tourisme","og_description":"Willkommen in einer Welt, in der sich Gletscher, Gipfel und W\u00e4lder zu einer unber\u00fchrten und spektakul\u00e4ren Natur vermischen. Entdecken Sie [&hellip;]","og_url":"https:\/\/www.paysdesecrins.com\/de\/der-nationalpark-ecrins\/","og_site_name":"Pays des \u00c9crins - Office de Tourisme","article_modified_time":"2025-08-20T13:55:03+00:00","og_image":[{"width":1748,"height":2480,"url":"https:\/\/www.paysdesecrins.com\/wp-content\/uploads\/2025\/08\/parc-logo-site.png","type":"image\/png"}],"twitter_card":"summary_large_image","twitter_misc":{"Gesch\u00e4tzte Lesezeit":"3 Minuten"},"schema":{"@context":"https:\/\/schema.org","@graph":[{"@type":"WebPage","@id":"https:\/\/www.paysdesecrins.com\/de\/der-nationalpark-ecrins\/","url":"https:\/\/www.paysdesecrins.com\/de\/der-nationalpark-ecrins\/","name":"Der Nationalpark \u00c9crins - Pays des \u00c9crins - Office de Tourisme","isPartOf":{"@id":"https:\/\/www.paysdesecrins.com\/de\/#website"},"primaryImageOfPage":{"@id":"https:\/\/www.paysdesecrins.com\/de\/der-nationalpark-ecrins\/#primaryimage"},"image":{"@id":"https:\/\/www.paysdesecrins.com\/de\/der-nationalpark-ecrins\/#primaryimage"},"thumbnailUrl":"https:\/\/www.paysdesecrins.com\/wp-content\/uploads\/2025\/08\/parc-logo-site.png","datePublished":"2025-08-07T12:20:24+00:00","dateModified":"2025-08-20T13:55:03+00:00","breadcrumb":{"@id":"https:\/\/www.paysdesecrins.com\/de\/der-nationalpark-ecrins\/#breadcrumb"},"inLanguage":"de","potentialAction":[{"@type":"ReadAction","target":["https:\/\/www.paysdesecrins.com\/de\/der-nationalpark-ecrins\/"]}]},{"@type":"ImageObject","inLanguage":"de","@id":"https:\/\/www.paysdesecrins.com\/de\/der-nationalpark-ecrins\/#primaryimage","url":"https:\/\/www.paysdesecrins.com\/wp-content\/uploads\/2025\/08\/parc-logo-site.png","contentUrl":"https:\/\/www.paysdesecrins.com\/wp-content\/uploads\/2025\/08\/parc-logo-site.png","width":1748,"height":2480},{"@type":"BreadcrumbList","@id":"https:\/\/www.paysdesecrins.com\/de\/der-nationalpark-ecrins\/#breadcrumb","itemListElement":[{"@type":"ListItem","position":1,"name":"Accueil","item":"https:\/\/www.paysdesecrins.com\/de\/der-titel-des-hauses\/"},{"@type":"ListItem","position":2,"name":"Der Nationalpark \u00c9crins"}]},{"@type":"WebSite","@id":"https:\/\/www.paysdesecrins.com\/de\/#website","url":"https:\/\/www.paysdesecrins.com\/de\/","name":"Pays des \u00c9crins - Office de Tourisme","description":"L&#039;esprit montagne","publisher":{"@id":"https:\/\/www.paysdesecrins.com\/de\/#organization"},"potentialAction":[{"@type":"SearchAction","target":{"@type":"EntryPoint","urlTemplate":"https:\/\/www.paysdesecrins.com\/de\/?s={search_term_string}"},"query-input":{"@type":"PropertyValueSpecification","valueRequired":true,"valueName":"search_term_string"}}],"inLanguage":"de"},{"@type":"Organization","@id":"https:\/\/www.paysdesecrins.com\/de\/#organization","name":"Pays des \u00c9crins - Office de Tourisme","url":"https:\/\/www.paysdesecrins.com\/de\/","logo":{"@type":"ImageObject","inLanguage":"de","@id":"https:\/\/www.paysdesecrins.com\/de\/#\/schema\/logo\/image\/","url":"https:\/\/www.paysdesecrins.com\/wp-content\/uploads\/2025\/06\/devina-svg-1750845694.svg","contentUrl":"https:\/\/www.paysdesecrins.com\/wp-content\/uploads\/2025\/06\/devina-svg-1750845694.svg","caption":"Pays des \u00c9crins - Office de Tourisme"},"image":{"@id":"https:\/\/www.paysdesecrins.com\/de\/#\/schema\/logo\/image\/"}}]}},"_links":{"self":[{"href":"https:\/\/www.paysdesecrins.com\/de\/wp-json\/wp\/v2\/pages\/71807","targetHints":{"allow":["GET"]}}],"collection":[{"href":"https:\/\/www.paysdesecrins.com\/de\/wp-json\/wp\/v2\/pages"}],"about":[{"href":"https:\/\/www.paysdesecrins.com\/de\/wp-json\/wp\/v2\/types\/page"}],"author":[{"embeddable":true,"href":"https:\/\/www.paysdesecrins.com\/de\/wp-json\/wp\/v2\/users\/4"}],"replies":[{"embeddable":true,"href":"https:\/\/www.paysdesecrins.com\/de\/wp-json\/wp\/v2\/comments?post=71807"}],"version-history":[{"count":2,"href":"https:\/\/www.paysdesecrins.com\/de\/wp-json\/wp\/v2\/pages\/71807\/revisions"}],"predecessor-version":[{"id":103533,"href":"https:\/\/www.paysdesecrins.com\/de\/wp-json\/wp\/v2\/pages\/71807\/revisions\/103533"}],"wp:featuredmedia":[{"embeddable":true,"href":"https:\/\/www.paysdesecrins.com\/de\/wp-json\/wp\/v2\/media\/71819"}],"wp:attachment":[{"href":"https:\/\/www.paysdesecrins.com\/de\/wp-json\/wp\/v2\/media?parent=71807"}],"curies":[{"name":"wp","href":"https:\/\/api.w.org\/{rel}","templated":true}]}}