{"id":75122,"date":"2025-08-11T12:52:24","date_gmt":"2025-08-11T10:52:24","guid":{"rendered":"https:\/\/www.paysdesecrins.com\/schwimmen-in-den-ecrins\/"},"modified":"2025-08-13T12:13:58","modified_gmt":"2025-08-13T10:13:58","slug":"schwimmen-in-den-ecrins","status":"publish","type":"page","link":"https:\/\/www.paysdesecrins.com\/de\/schwimmen-in-den-ecrins\/","title":{"rendered":"Schwimmen in den \u00c9crins"},"content":{"rendered":"    <div class=\"alignfull wp-block-ws-library-ws-header-interne\" data-season=\"summer\">\n\t    <div class=\"header-container\">\n\t        <div class=\"group-media has-image\">\n\t            \t                <img loading=\"lazy\" decoding=\"async\" width=\"1920\" height=\"800\" src=\"https:\/\/www.paysdesecrins.com\/wp-content\/uploads\/2025\/08\/dsc09033-2-1920x800.jpg\" alt=\"\" class=\"image_large_square wp-image-63829\" \/>\n\t            \t        <\/div>\n\t        <div class=\"group-content\">\n\t            <div class=\"title\">\n\t                <h1>\n\t                    Schwimmen in den \u00c9crins\t                    \t                <\/h1>\n\t            <\/div>\n\t        <\/div>\n\t    <\/div>\n\t    \n<div class=\"yoast-breadcrumbs\"><span><span><a href=\"https:\/\/www.paysdesecrins.com\/de\/der-titel-des-hauses\/\">Accueil<\/a><\/span>  <span class=\"breadcrumb_last\" aria-current=\"page\">Schwimmen in den \u00c9crins<\/span><\/span><\/div>\n    <\/div>\n    \n<div class=\"wp-block-ws-library-ws-title aligncenter is-style-simple\"><h2><em>Seen und B\u00e4der<\/em>Badestellen<\/h2><\/div>\n\n<p class=\"has-text-align-center\">Auf der Suche nach Frische im Herzen der Berge? Das Pays des \u00c9crins bietet eine wundersch\u00f6ne Vielfalt an Seen und Schwimmb\u00e4dern, um Entspannung, Schwimmen und ein grandioses Panorama zu verbinden.<\/p>\n\n<div class=\"wp-block-ws-library-ws-columns alignwide has-2-columns are-vertically-aligned-center layout-5050 is-style-background\">\n<div class=\"wp-block-ws-library-ws-column\"><div class=\"wrapper\">\n<div class=\"wp-block-ws-library-ws-title\"><h2>GEW\u00c4SSER  <\/h2><\/div>\n\n\n\n<p>Sie m\u00fcssen keine Gipfel erklimmen, um die Frische zu genie\u00dfen! Zwei Seen begr\u00fc\u00dfen Sie im Tal, leicht zug\u00e4nglich, perfekt zum Entspannen, Schwimmen oder einfach nur zum Genie\u00dfen einer nat\u00fcrlichen Umgebung mit Familie oder Freunden.<br\/>Nehmen Sie sich Zeit, atmen Sie durch, genie\u00dfen Sie! <\/p>\n\n\n\n<p><strong>Roche-de-Rame-See<\/strong><br\/>Kleiner Gletscher-Natursee leicht zug\u00e4nglich, ideal zum beaufsichtigten Schwimmen im Sommer. Sie k\u00f6nnen ein Tretboot mieten, ein Stand-up-Paddle ausprobieren oder sich auf einer aufblasbaren Struktur (Aquaparc) von ca. 600 m\u00b2 vergn\u00fcgen, die im Juli und August installiert ist. <\/p>\n\n\n\n<div class=\"wp-block-ws-library-ws-button has-text-align-left\"><a href=\"https:\/\/www.paysdesecrins.com\/de\/mein-wunsch\/44574-2\/roche-de-rame-see\/\" class=\"wp-block-button__link wp-element-button btn\">  eN SAVOIR +<\/a><\/div>\n\n\n\n<p><strong>Der See von L&#8217;Argenti\u00e8re-la-Bess\u00e9e<\/strong><br\/>Dieser See ist ein idealer Ort, um sich in der Talsohle abzuk\u00fchlen, und eignet sich perfekt f\u00fcr eine k\u00fchle Pause oder ein Picknick im Schatten. Bar und Snackbar in der N\u00e4he im Sommer. Entspannte Atmosph\u00e4re mit den Bergen im Hintergrund.  <\/p>\n\n\n\n<div class=\"wp-block-ws-library-ws-button has-text-align-left\"><a href=\"https:\/\/www.paysdesecrins.com\/de\/mein-wunsch\/44574-2\/der-see-von-argentiere-la-bessee\/\" class=\"wp-block-button__link wp-element-button btn\">  eN SAVOIR +<\/a><\/div>\n<\/div><\/div>\n\n\n\n<div class=\"wp-block-ws-library-ws-column\"><div class=\"wrapper\">\n<div class=\"wp-block-ws-library-ws-image\"><div class=\"wrapper\"><div class=\"group-media\"><img decoding=\"async\" src=\"https:\/\/www.paysdesecrins.com\/wp-content\/uploads\/2025\/08\/dsc08872-427x640.jpg\" alt=\"\" class=\"single_image ws-image-64510\"><div class=\"credits\"><\/div><\/div><p class=\"caption\"><\/p><\/div><\/div>\n<\/div><\/div>\n<\/div>\n\n<div class=\"wp-block-ws-library-ws-title aligncenter\"><h2>Schwimmb\u00e4der<\/h2><\/div>\n\n<p>Egal, ob Sie das Schwimmen im Freien mit Blick auf die Gipfel oder den Komfort eines Hallenbads bevorzugen, das Pays des \u00c9crins bietet eine Vielzahl von M\u00f6glichkeiten f\u00fcr jeden Geschmack und jedes Alter.<\/p>\n\n<div class=\"wp-block-ws-library-ws-columns alignwide has-2-columns are-vertically-aligned-center layout-5050\">\n<div class=\"wp-block-ws-library-ws-column\"><div class=\"wrapper\">\n<div class=\"wp-block-ws-library-ws-image\"><div class=\"wrapper\"><div class=\"group-media\"><img decoding=\"async\" src=\"https:\/\/www.paysdesecrins.com\/wp-content\/uploads\/2025\/08\/img-2004-960x640.jpg\" alt=\"\" class=\"single_image ws-image-75111\"><div class=\"credits\"><\/div><\/div><p class=\"caption\"><\/p><\/div><\/div>\n<\/div><\/div>\n\n\n\n<div class=\"wp-block-ws-library-ws-column\"><div class=\"wrapper\">\n<div class=\"wp-block-ws-library-ws-title\"><h2>Puy Saint Vincent (auf 1600m)<\/h2><\/div>\n\n\n\n<p>Ein auf ca. 28 \u00b0C beheiztes Freibad, das im Juli und August zug\u00e4nglich ist. Idealer Ort zum Schwimmen vor den Bergen, mit der M\u00f6glichkeit von Wassergymnastik und Schwimmunterricht mit einem Rettungsschwimmer. <\/p>\n\n\n\n<ul class=\"wp-block-list\">\n<li><strong>\u00d6ffnungszeitraum:<\/strong> Juli\u2013August<\/li>\n\n\n\n<li><strong>Pool:<\/strong> 20 m \u00d7 8 m; Tiefe 1,10\u20131,60 m<\/li>\n\n\n\n<li><strong>Wassertemperatur: <\/strong>~28 \u00b0C<\/li>\n\n\n\n<li><strong>Zugang: <\/strong>Innen- \u2192 Au\u00dfenschleuse (warm halten)<\/li>\n\n\n\n<li><strong>Verleih von Ausr\u00fcstung: <\/strong>Armbinden, Brille, Ball<\/li>\n\n\n\n<li><strong>Kleine Kinder: <\/strong>zwei Stufen zum Sitzen\/Betreten des Wassers<\/li>\n\n\n\n<li><strong>Kleidung:<\/strong> Badehose obligatorisch (Boxershorts verboten); Hut und Flip-Flops nicht obligatorisch. Kein Verleih von Handt\u00fcchern oder Badeanz\u00fcgen (kann in Sportgesch\u00e4ften gekauft werden) <\/li>\n\n\n\n<li><strong>Betreuung:<\/strong> Wassergymnastik und Schwimmunterricht mit einem Rettungsschwimmer<\/li>\n\n\n\n<li><strong>Minderj\u00e4hrige:<\/strong> Kinder \u00fcber 10 Jahre d\u00fcrfen alleine<\/li>\n<\/ul>\n<\/div><\/div>\n<\/div>\n\n<div class=\"wp-block-ws-library-ws-columns alignwide has-2-columns are-vertically-aligned-center layout-5050\">\n<div class=\"wp-block-ws-library-ws-column\"><div class=\"wrapper\">\n<div class=\"wp-block-ws-library-ws-title\"><h2>Vallouise-Pelvoux<\/h2><\/div>\n\n\n\n<p>Das Freibad ist von Ende Juni bis Ende August t\u00e4glich ge\u00f6ffnet. Familienbereich mit Rutsche, Planschbecken, Liegest\u00fchlen und Snackbar. Freundlicher Ort am Fu\u00dfe des \u00c9crins-Massivs.  <\/p>\n\n\n\n<ul class=\"wp-block-list\">\n<li><strong>Er\u00f6ffnung Sommer 2025: <\/strong>23. Juni \u2192 4. Juli (14\u201318 Uhr); 5. Juli \u2192 31. August (t\u00e4glich 10.30\u201318.30 Uhr)<\/li>\n\n\n\n<li><strong>Typ:<\/strong> Freibad, am Fu\u00dfe der Lifte von Pelvoux<\/li>\n\n\n\n<li><strong>Ausstattung: <\/strong>gro\u00dfer Pool + Kinderbecken, Rutsche, Solarheizung<\/li>\n\n\n\n<li><strong>Aktivit\u00e4ten:<\/strong> Wassergymnastik (betreute Sitzungen)<\/li>\n\n\n\n<li><strong>Kontakt:<\/strong> 06 33 11 09 64<\/li>\n<\/ul>\n<\/div><\/div>\n\n\n\n<div class=\"wp-block-ws-library-ws-column\"><div class=\"wrapper\">\n<div class=\"wp-block-ws-library-ws-image\"><div class=\"wrapper\"><div class=\"group-media\"><img decoding=\"async\" src=\"https:\/\/www.paysdesecrins.com\/wp-content\/uploads\/2025\/08\/img-0510-3-427x640.jpg\" alt=\"\" class=\"single_image ws-image-64551\"><div class=\"credits\"><\/div><\/div><p class=\"caption\"><\/p><\/div><\/div>\n<\/div><\/div>\n<\/div>\n\n<div class=\"wp-block-ws-library-ws-columns alignwide has-2-columns are-vertically-aligned-center layout-5050\">\n<div class=\"wp-block-ws-library-ws-column\"><div class=\"wrapper\">\n<div class=\"wp-block-ws-library-ws-image\"><div class=\"wrapper\"><div class=\"group-media\"><img decoding=\"async\" src=\"https:\/\/www.paysdesecrins.com\/wp-content\/uploads\/2025\/08\/2025-01-06-853x640.jpg\" alt=\"\" class=\"single_image ws-image-75116\"><div class=\"credits\"><\/div><\/div><p class=\"caption\"><\/p><\/div><\/div>\n<\/div><\/div>\n\n\n\n<div class=\"wp-block-ws-library-ws-column\"><div class=\"wrapper\">\n<div class=\"wp-block-ws-library-ws-title\"><h2>L&#8217;argenti\u00e8re-la-bess\u00e9e<\/h2><\/div>\n\n\n\n<p>25 Meter langes \u00fcberdachtes Becken, das das ganze Jahr \u00fcber ge\u00f6ffnet ist und sich ideal zum Schwimmen in Ruhe oder zum Besuch von Wassergymnastikkursen eignet. Im Sommer k\u00f6nnen Sie im Au\u00dfenpool mit Solarium und Liegest\u00fchlen die Sonne inmitten einer sch\u00f6nen Gr\u00fcnfl\u00e4che genie\u00dfen. <\/p>\n\n\n\n<ul class=\"wp-block-list\">\n<li><strong>\u00d6ffnungszeiten:<\/strong> \u00d6ffnungszeiten je nach Zeitraum (Schule, Kurzferien, Sommerferien 2025: 5. Juli \u2192 28. August, 12\u201320 Uhr, 7 Tage die Woche)<\/li>\n\n\n\n<li><strong>Typ:<\/strong> \u00fcberdacht 25 m (Wasserleitungen), ganzj\u00e4hrig ge\u00f6ffnet; Freibad und Gr\u00fcnfl\u00e4che im Sommer<\/li>\n\n\n\n<li><strong>Aktivit\u00e4ten:<\/strong> Schwimmkurse, Wassergymnastik, Freitauchen, Babyschwimmer<\/li>\n\n\n\n<li><strong>Zug\u00e4nglichkeit: <\/strong>Autonomes PRM<\/li>\n\n\n\n<li><strong>Regeln:<\/strong> Badehose ist obligatorisch (Shorts\/Bermudashorts\/Boxershorts sind nicht erlaubt); Kappe empfohlen; \u201310 Jahre alt; 1 \u20ac\/Token f\u00fcr Schlie\u00dffach zulassen<\/li>\n\n\n\n<li><strong>Adresse &amp; Kontakt:<\/strong> Complexe sportif du Quartz, 05120 L&#8217;Argenti\u00e8re-La Bess\u00e9e \u2014 04 92 20 08 14<\/li>\n<\/ul>\n<\/div><\/div>\n<\/div>\n\n<div class=\"wp-block-ws-library-ws-share\"><span class=\"share-subtitle\">Hat Ihnen diese Seite gefallen?<\/span><span class=\"share-title\">Teilen Sie es!<\/span><button class=\"ws-share-button wp-element-button\">Diese Seite teilen<\/button><\/div>\n","protected":false},"excerpt":{"rendered":"<p>Auf der Suche nach Frische im Herzen der Berge? Das Pays des \u00c9crins bietet eine wundersch\u00f6ne Vielfalt an Seen und [&hellip;]<\/p>\n","protected":false},"author":4,"featured_media":63838,"parent":0,"menu_order":0,"comment_status":"closed","ping_status":"closed","template":"","meta":{"_thumbnail_id_2":0,"summer_excerpt":"","season":"","station":"","footnotes":""},"class_list":["post-75122","page","type-page","status-publish","has-post-thumbnail","hentry"],"yoast_head":"<!-- This site is optimized with the Yoast SEO plugin v27.3 - https:\/\/yoast.com\/product\/yoast-seo-wordpress\/ -->\n<title>Schwimmen in den \u00c9crins - Pays des \u00c9crins - Office de Tourisme<\/title>\n<meta name=\"robots\" content=\"index, follow, max-snippet:-1, max-image-preview:large, max-video-preview:-1\" \/>\n<link rel=\"canonical\" href=\"https:\/\/www.paysdesecrins.com\/de\/schwimmen-in-den-ecrins\/\" \/>\n<meta property=\"og:locale\" content=\"de_DE\" \/>\n<meta property=\"og:type\" content=\"article\" \/>\n<meta property=\"og:title\" content=\"Schwimmen in den \u00c9crins - Pays des \u00c9crins - Office de Tourisme\" \/>\n<meta property=\"og:description\" content=\"Auf der Suche nach Frische im Herzen der Berge? Das Pays des \u00c9crins bietet eine wundersch\u00f6ne Vielfalt an Seen und [&hellip;]\" \/>\n<meta property=\"og:url\" content=\"https:\/\/www.paysdesecrins.com\/de\/schwimmen-in-den-ecrins\/\" \/>\n<meta property=\"og:site_name\" content=\"Pays des \u00c9crins - Office de Tourisme\" \/>\n<meta property=\"article:modified_time\" content=\"2025-08-13T10:13:58+00:00\" \/>\n<meta property=\"og:image\" content=\"https:\/\/www.paysdesecrins.com\/wp-content\/uploads\/2025\/08\/dsc09020-2-scaled.jpg\" \/>\n\t<meta property=\"og:image:width\" content=\"2560\" \/>\n\t<meta property=\"og:image:height\" content=\"1707\" \/>\n\t<meta property=\"og:image:type\" content=\"image\/jpeg\" \/>\n<meta name=\"twitter:card\" content=\"summary_large_image\" \/>\n<meta name=\"twitter:label1\" content=\"Gesch\u00e4tzte Lesezeit\" \/>\n\t<meta name=\"twitter:data1\" content=\"3 Minuten\" \/>\n<script type=\"application\/ld+json\" class=\"yoast-schema-graph\">{\"@context\":\"https:\\\/\\\/schema.org\",\"@graph\":[{\"@type\":\"WebPage\",\"@id\":\"https:\\\/\\\/www.paysdesecrins.com\\\/de\\\/schwimmen-in-den-ecrins\\\/\",\"url\":\"https:\\\/\\\/www.paysdesecrins.com\\\/de\\\/schwimmen-in-den-ecrins\\\/\",\"name\":\"Schwimmen in den \u00c9crins - Pays des \u00c9crins - Office de Tourisme\",\"isPartOf\":{\"@id\":\"https:\\\/\\\/www.paysdesecrins.com\\\/de\\\/#website\"},\"primaryImageOfPage\":{\"@id\":\"https:\\\/\\\/www.paysdesecrins.com\\\/de\\\/schwimmen-in-den-ecrins\\\/#primaryimage\"},\"image\":{\"@id\":\"https:\\\/\\\/www.paysdesecrins.com\\\/de\\\/schwimmen-in-den-ecrins\\\/#primaryimage\"},\"thumbnailUrl\":\"https:\\\/\\\/www.paysdesecrins.com\\\/wp-content\\\/uploads\\\/2025\\\/08\\\/dsc09020-2-scaled.jpg\",\"datePublished\":\"2025-08-11T10:52:24+00:00\",\"dateModified\":\"2025-08-13T10:13:58+00:00\",\"breadcrumb\":{\"@id\":\"https:\\\/\\\/www.paysdesecrins.com\\\/de\\\/schwimmen-in-den-ecrins\\\/#breadcrumb\"},\"inLanguage\":\"de\",\"potentialAction\":[{\"@type\":\"ReadAction\",\"target\":[\"https:\\\/\\\/www.paysdesecrins.com\\\/de\\\/schwimmen-in-den-ecrins\\\/\"]}]},{\"@type\":\"ImageObject\",\"inLanguage\":\"de\",\"@id\":\"https:\\\/\\\/www.paysdesecrins.com\\\/de\\\/schwimmen-in-den-ecrins\\\/#primaryimage\",\"url\":\"https:\\\/\\\/www.paysdesecrins.com\\\/wp-content\\\/uploads\\\/2025\\\/08\\\/dsc09020-2-scaled.jpg\",\"contentUrl\":\"https:\\\/\\\/www.paysdesecrins.com\\\/wp-content\\\/uploads\\\/2025\\\/08\\\/dsc09020-2-scaled.jpg\",\"width\":2560,\"height\":1707},{\"@type\":\"BreadcrumbList\",\"@id\":\"https:\\\/\\\/www.paysdesecrins.com\\\/de\\\/schwimmen-in-den-ecrins\\\/#breadcrumb\",\"itemListElement\":[{\"@type\":\"ListItem\",\"position\":1,\"name\":\"Accueil\",\"item\":\"https:\\\/\\\/www.paysdesecrins.com\\\/de\\\/der-titel-des-hauses\\\/\"},{\"@type\":\"ListItem\",\"position\":2,\"name\":\"Schwimmen in den \u00c9crins\"}]},{\"@type\":\"WebSite\",\"@id\":\"https:\\\/\\\/www.paysdesecrins.com\\\/de\\\/#website\",\"url\":\"https:\\\/\\\/www.paysdesecrins.com\\\/de\\\/\",\"name\":\"Pays des \u00c9crins - Office de Tourisme\",\"description\":\"L&#039;esprit montagne\",\"publisher\":{\"@id\":\"https:\\\/\\\/www.paysdesecrins.com\\\/de\\\/#organization\"},\"potentialAction\":[{\"@type\":\"SearchAction\",\"target\":{\"@type\":\"EntryPoint\",\"urlTemplate\":\"https:\\\/\\\/www.paysdesecrins.com\\\/de\\\/?s={search_term_string}\"},\"query-input\":{\"@type\":\"PropertyValueSpecification\",\"valueRequired\":true,\"valueName\":\"search_term_string\"}}],\"inLanguage\":\"de\"},{\"@type\":\"Organization\",\"@id\":\"https:\\\/\\\/www.paysdesecrins.com\\\/de\\\/#organization\",\"name\":\"Pays des \u00c9crins - Office de Tourisme\",\"url\":\"https:\\\/\\\/www.paysdesecrins.com\\\/de\\\/\",\"logo\":{\"@type\":\"ImageObject\",\"inLanguage\":\"de\",\"@id\":\"https:\\\/\\\/www.paysdesecrins.com\\\/de\\\/#\\\/schema\\\/logo\\\/image\\\/\",\"url\":\"https:\\\/\\\/www.paysdesecrins.com\\\/wp-content\\\/uploads\\\/2025\\\/06\\\/devina-svg-1750845694.svg\",\"contentUrl\":\"https:\\\/\\\/www.paysdesecrins.com\\\/wp-content\\\/uploads\\\/2025\\\/06\\\/devina-svg-1750845694.svg\",\"caption\":\"Pays des \u00c9crins - Office de Tourisme\"},\"image\":{\"@id\":\"https:\\\/\\\/www.paysdesecrins.com\\\/de\\\/#\\\/schema\\\/logo\\\/image\\\/\"}}]}<\/script>\n<!-- \/ Yoast SEO plugin. -->","yoast_head_json":{"title":"Schwimmen in den \u00c9crins - Pays des \u00c9crins - Office de Tourisme","robots":{"index":"index","follow":"follow","max-snippet":"max-snippet:-1","max-image-preview":"max-image-preview:large","max-video-preview":"max-video-preview:-1"},"canonical":"https:\/\/www.paysdesecrins.com\/de\/schwimmen-in-den-ecrins\/","og_locale":"de_DE","og_type":"article","og_title":"Schwimmen in den \u00c9crins - Pays des \u00c9crins - Office de Tourisme","og_description":"Auf der Suche nach Frische im Herzen der Berge? Das Pays des \u00c9crins bietet eine wundersch\u00f6ne Vielfalt an Seen und [&hellip;]","og_url":"https:\/\/www.paysdesecrins.com\/de\/schwimmen-in-den-ecrins\/","og_site_name":"Pays des \u00c9crins - Office de Tourisme","article_modified_time":"2025-08-13T10:13:58+00:00","og_image":[{"width":2560,"height":1707,"url":"https:\/\/www.paysdesecrins.com\/wp-content\/uploads\/2025\/08\/dsc09020-2-scaled.jpg","type":"image\/jpeg"}],"twitter_card":"summary_large_image","twitter_misc":{"Gesch\u00e4tzte Lesezeit":"3 Minuten"},"schema":{"@context":"https:\/\/schema.org","@graph":[{"@type":"WebPage","@id":"https:\/\/www.paysdesecrins.com\/de\/schwimmen-in-den-ecrins\/","url":"https:\/\/www.paysdesecrins.com\/de\/schwimmen-in-den-ecrins\/","name":"Schwimmen in den \u00c9crins - Pays des \u00c9crins - Office de Tourisme","isPartOf":{"@id":"https:\/\/www.paysdesecrins.com\/de\/#website"},"primaryImageOfPage":{"@id":"https:\/\/www.paysdesecrins.com\/de\/schwimmen-in-den-ecrins\/#primaryimage"},"image":{"@id":"https:\/\/www.paysdesecrins.com\/de\/schwimmen-in-den-ecrins\/#primaryimage"},"thumbnailUrl":"https:\/\/www.paysdesecrins.com\/wp-content\/uploads\/2025\/08\/dsc09020-2-scaled.jpg","datePublished":"2025-08-11T10:52:24+00:00","dateModified":"2025-08-13T10:13:58+00:00","breadcrumb":{"@id":"https:\/\/www.paysdesecrins.com\/de\/schwimmen-in-den-ecrins\/#breadcrumb"},"inLanguage":"de","potentialAction":[{"@type":"ReadAction","target":["https:\/\/www.paysdesecrins.com\/de\/schwimmen-in-den-ecrins\/"]}]},{"@type":"ImageObject","inLanguage":"de","@id":"https:\/\/www.paysdesecrins.com\/de\/schwimmen-in-den-ecrins\/#primaryimage","url":"https:\/\/www.paysdesecrins.com\/wp-content\/uploads\/2025\/08\/dsc09020-2-scaled.jpg","contentUrl":"https:\/\/www.paysdesecrins.com\/wp-content\/uploads\/2025\/08\/dsc09020-2-scaled.jpg","width":2560,"height":1707},{"@type":"BreadcrumbList","@id":"https:\/\/www.paysdesecrins.com\/de\/schwimmen-in-den-ecrins\/#breadcrumb","itemListElement":[{"@type":"ListItem","position":1,"name":"Accueil","item":"https:\/\/www.paysdesecrins.com\/de\/der-titel-des-hauses\/"},{"@type":"ListItem","position":2,"name":"Schwimmen in den \u00c9crins"}]},{"@type":"WebSite","@id":"https:\/\/www.paysdesecrins.com\/de\/#website","url":"https:\/\/www.paysdesecrins.com\/de\/","name":"Pays des \u00c9crins - Office de Tourisme","description":"L&#039;esprit montagne","publisher":{"@id":"https:\/\/www.paysdesecrins.com\/de\/#organization"},"potentialAction":[{"@type":"SearchAction","target":{"@type":"EntryPoint","urlTemplate":"https:\/\/www.paysdesecrins.com\/de\/?s={search_term_string}"},"query-input":{"@type":"PropertyValueSpecification","valueRequired":true,"valueName":"search_term_string"}}],"inLanguage":"de"},{"@type":"Organization","@id":"https:\/\/www.paysdesecrins.com\/de\/#organization","name":"Pays des \u00c9crins - Office de Tourisme","url":"https:\/\/www.paysdesecrins.com\/de\/","logo":{"@type":"ImageObject","inLanguage":"de","@id":"https:\/\/www.paysdesecrins.com\/de\/#\/schema\/logo\/image\/","url":"https:\/\/www.paysdesecrins.com\/wp-content\/uploads\/2025\/06\/devina-svg-1750845694.svg","contentUrl":"https:\/\/www.paysdesecrins.com\/wp-content\/uploads\/2025\/06\/devina-svg-1750845694.svg","caption":"Pays des \u00c9crins - Office de Tourisme"},"image":{"@id":"https:\/\/www.paysdesecrins.com\/de\/#\/schema\/logo\/image\/"}}]}},"_links":{"self":[{"href":"https:\/\/www.paysdesecrins.com\/de\/wp-json\/wp\/v2\/pages\/75122","targetHints":{"allow":["GET"]}}],"collection":[{"href":"https:\/\/www.paysdesecrins.com\/de\/wp-json\/wp\/v2\/pages"}],"about":[{"href":"https:\/\/www.paysdesecrins.com\/de\/wp-json\/wp\/v2\/types\/page"}],"author":[{"embeddable":true,"href":"https:\/\/www.paysdesecrins.com\/de\/wp-json\/wp\/v2\/users\/4"}],"replies":[{"embeddable":true,"href":"https:\/\/www.paysdesecrins.com\/de\/wp-json\/wp\/v2\/comments?post=75122"}],"version-history":[{"count":2,"href":"https:\/\/www.paysdesecrins.com\/de\/wp-json\/wp\/v2\/pages\/75122\/revisions"}],"predecessor-version":[{"id":91590,"href":"https:\/\/www.paysdesecrins.com\/de\/wp-json\/wp\/v2\/pages\/75122\/revisions\/91590"}],"wp:featuredmedia":[{"embeddable":true,"href":"https:\/\/www.paysdesecrins.com\/de\/wp-json\/wp\/v2\/media\/63838"}],"wp:attachment":[{"href":"https:\/\/www.paysdesecrins.com\/de\/wp-json\/wp\/v2\/media?parent=75122"}],"curies":[{"name":"wp","href":"https:\/\/api.w.org\/{rel}","templated":true}]}}