{"id":45849,"date":"2025-07-24T14:00:09","date_gmt":"2025-07-24T12:00:09","guid":{"rendered":"https:\/\/www.paysdesecrins.com\/festival-travel-diary-july\/"},"modified":"2025-08-08T14:12:46","modified_gmt":"2025-08-08T12:12:46","slug":"festival-travel-diary-july","status":"publish","type":"page","link":"https:\/\/www.paysdesecrins.com\/en\/major-events-in-the-pays-des-ecrins\/festival-travel-diary-july\/","title":{"rendered":"Festival &#8220;Carnet de Voyage&#8221; &#8211; July"},"content":{"rendered":"    <div class=\"alignfull wp-block-ws-library-ws-header-interne\" data-season=\"summer\">\n\t    <div class=\"header-container\">\n\t        <div class=\"group-media has-image\">\n\t            \t                <img loading=\"lazy\" decoding=\"async\" width=\"1754\" height=\"800\" src=\"https:\/\/www.paysdesecrins.com\/wp-content\/uploads\/2025\/07\/a4-qr-code-web-page-0001-1754x800.jpg\" alt=\"\" class=\"image_large_square wp-image-49146\" \/>\n\t            \t        <\/div>\n\t        <div class=\"group-content\">\n\t            <div class=\"title\">\n\t                <h1>\n\t                    Festival &quot;Carnet de Voyage&quot; &#8211;\t                    \t                        July\t                    \t                <\/h1>\n\t            <\/div>\n\t        <\/div>\n\t    <\/div>\n\t    \n<div class=\"yoast-breadcrumbs\"><span><span><a href=\"https:\/\/www.paysdesecrins.com\/en\/the-title-of-the-home\/\">Home<\/a><\/span>  <span><a href=\"https:\/\/www.paysdesecrins.com\/en\/major-events-in-the-pays-des-ecrins\/\">Major events in the Pays des Ecrins<\/a><\/span>  <span class=\"breadcrumb_last\" aria-current=\"page\">Festival \u00ab\u00a0Carnet de Voyage\u00a0\u00bb \u2013 July<\/span><\/span><\/div>\n    <\/div>\n    \n<div class=\"wp-block-ws-library-ws-title aligncenter is-style-simple\"><h2><em><em><strong>L&#8217;Argenti\u00e8re-La-Bess\u00e9e<\/strong><\/em><\/em><strong>Festival &#8220;Carnet de Voyage&#8221;<\/strong><\/h2><\/div>\n\n<p>In July, the village of <strong>L&#8217;Argenti\u00e8re-la-Bess\u00e9e<\/strong> hosts the very first edition of the <strong>&#8220;Carnets de Voyage&#8221; Festival<\/strong>. Organised by the Pays des \u00c9crins Tourist Office in partnership with the municipality, this immersive festival invites amateurs and enthusiasts of drawing, writing or the mountains to explore the territory of Vallouise and the \u00c9crins artistically. For three days, the festival offers a rich and varied programme: conferences, signing sessions by local authors, practical workshops, and above all guided <strong>sketch walks<\/strong> to emblematic sites such as the Glacier Blanc, the Roche-de-Rame lake, Ailefroide or Dormillouse.    <br\/><br\/>The experience is aimed at all levels, from the novice wishing to learn about the &#8220;first traits&#8221; to the experienced artist in search of nature inspiration, with professional supervisors such as \u00c9ric Savoldelli, Morgane Berger or Louis Godard.  <br\/><br\/>Set in a spectacular natural setting, in the heart of the \u00c9crins massif, this festival is an invitation to slow down, observe and capture not only the reliefs and the alpine lights, but above all the personal impressions of those who wish to tell the story of the territory differently, <strong>pencil in hand<\/strong>.<\/p>\n\n<div class=\"wp-block-ws-library-ws-slider alignwide\" data-season=\"summer\"><div class=\"splide\" data-splide=\"{\"type\":\"slide\",\"heightRatio\":\"auto\",\"perPage\":4,\"perMove\":1,\"drag\":true,\"pagination\":0,\"autoplay\":false,\"gap\":\"15px\",\"breakpoints\":{\"450\":{\"perPage\":1},\"768\":{\"perPage\":2},\"992\":{\"perPage\":3},\"1200\":{\"perPage\":4}}}\"><div class=\"splide__track\"><div class=\"splide__list\"><div class=\"splide__slide\"><a href=\"https:\/\/www.paysdesecrins.com\/wp-content\/uploads\/2025\/07\/07-12-25-rando-dessin-2-scaled.jpg\" data-glightbox=\"true\" class=\"lightbox-trigger\"><img decoding=\"async\" src=\"https:\/\/www.paysdesecrins.com\/wp-content\/uploads\/2025\/07\/07-12-25-rando-dessin-2-400x400.jpg\" alt=\"\"><\/a><\/div><div class=\"splide__slide\"><a href=\"https:\/\/www.paysdesecrins.com\/wp-content\/uploads\/2025\/07\/07-12-25-rando-dessin-10-scaled.jpg\" data-glightbox=\"true\" class=\"lightbox-trigger\"><img decoding=\"async\" src=\"https:\/\/www.paysdesecrins.com\/wp-content\/uploads\/2025\/07\/07-12-25-rando-dessin-10-400x400.jpg\" alt=\"\"><\/a><\/div><div class=\"splide__slide\"><a href=\"https:\/\/www.paysdesecrins.com\/wp-content\/uploads\/2025\/07\/07-12-25-rando-dessin-18-scaled.jpg\" data-glightbox=\"true\" class=\"lightbox-trigger\"><img decoding=\"async\" src=\"https:\/\/www.paysdesecrins.com\/wp-content\/uploads\/2025\/07\/07-12-25-rando-dessin-18-400x400.jpg\" alt=\"\"><\/a><\/div><div class=\"splide__slide\"><a href=\"https:\/\/www.paysdesecrins.com\/wp-content\/uploads\/2025\/07\/07-12-25-rando-dessin-22-scaled.jpg\" data-glightbox=\"true\" class=\"lightbox-trigger\"><img decoding=\"async\" src=\"https:\/\/www.paysdesecrins.com\/wp-content\/uploads\/2025\/07\/07-12-25-rando-dessin-22-400x400.jpg\" alt=\"\"><\/a><\/div><\/div><\/div><\/div><\/div>\n\n<div class=\"wp-block-ws-library-ws-share\"><span class=\"share-subtitle\">Did you like this page?<\/span><span class=\"share-title\">Share it!<\/span><button class=\"ws-share-button wp-element-button\">Share this page<\/button><\/div>\n","protected":false},"excerpt":{"rendered":"<p>In July, the village of L&#8217;Argenti\u00e8re-la-Bess\u00e9e hosts the very first edition of the &#8220;Carnets de Voyage&#8221; Festival. Organised by the [&hellip;]<\/p>\n","protected":false},"author":4,"featured_media":49148,"parent":45940,"menu_order":0,"comment_status":"closed","ping_status":"closed","template":"","meta":{"_thumbnail_id_2":0,"summer_excerpt":"","season":"","station":"","footnotes":""},"class_list":["post-45849","page","type-page","status-publish","has-post-thumbnail","hentry"],"yoast_head":"<!-- This site is optimized with the Yoast SEO plugin v27.3 - https:\/\/yoast.com\/product\/yoast-seo-wordpress\/ -->\n<title>Festival &quot;Carnet de Voyage&quot; - July - Pays des \u00c9crins - Office de Tourisme<\/title>\n<meta name=\"robots\" content=\"index, follow, max-snippet:-1, max-image-preview:large, max-video-preview:-1\" \/>\n<link rel=\"canonical\" href=\"https:\/\/www.paysdesecrins.com\/en\/major-events-in-the-pays-des-ecrins\/festival-travel-diary-july\/\" \/>\n<meta property=\"og:locale\" content=\"en_US\" \/>\n<meta property=\"og:type\" content=\"article\" \/>\n<meta property=\"og:title\" content=\"Festival &quot;Carnet de Voyage&quot; - July - Pays des \u00c9crins - Office de Tourisme\" \/>\n<meta property=\"og:description\" content=\"In July, the village of L&#8217;Argenti\u00e8re-la-Bess\u00e9e hosts the very first edition of the &#8220;Carnets de Voyage&#8221; Festival. Organised by the [&hellip;]\" \/>\n<meta property=\"og:url\" content=\"https:\/\/www.paysdesecrins.com\/en\/major-events-in-the-pays-des-ecrins\/festival-travel-diary-july\/\" \/>\n<meta property=\"og:site_name\" content=\"Pays des \u00c9crins - Office de Tourisme\" \/>\n<meta property=\"article:modified_time\" content=\"2025-08-08T12:12:46+00:00\" \/>\n<meta property=\"og:image\" content=\"https:\/\/www.paysdesecrins.com\/wp-content\/uploads\/2025\/07\/a4-qr-code-web-page-0001.jpg\" \/>\n\t<meta property=\"og:image:width\" content=\"1754\" \/>\n\t<meta property=\"og:image:height\" content=\"1241\" \/>\n\t<meta property=\"og:image:type\" content=\"image\/jpeg\" \/>\n<meta name=\"twitter:card\" content=\"summary_large_image\" \/>\n<meta name=\"twitter:label1\" content=\"Est. reading time\" \/>\n\t<meta name=\"twitter:data1\" content=\"1 minute\" \/>\n<script type=\"application\/ld+json\" class=\"yoast-schema-graph\">{\"@context\":\"https:\\\/\\\/schema.org\",\"@graph\":[{\"@type\":\"WebPage\",\"@id\":\"https:\\\/\\\/www.paysdesecrins.com\\\/en\\\/major-events-in-the-pays-des-ecrins\\\/festival-travel-diary-july\\\/\",\"url\":\"https:\\\/\\\/www.paysdesecrins.com\\\/en\\\/major-events-in-the-pays-des-ecrins\\\/festival-travel-diary-july\\\/\",\"name\":\"Festival \\\"Carnet de Voyage\\\" - July - Pays des \u00c9crins - Office de Tourisme\",\"isPartOf\":{\"@id\":\"https:\\\/\\\/www.paysdesecrins.com\\\/en\\\/#website\"},\"primaryImageOfPage\":{\"@id\":\"https:\\\/\\\/www.paysdesecrins.com\\\/en\\\/major-events-in-the-pays-des-ecrins\\\/festival-travel-diary-july\\\/#primaryimage\"},\"image\":{\"@id\":\"https:\\\/\\\/www.paysdesecrins.com\\\/en\\\/major-events-in-the-pays-des-ecrins\\\/festival-travel-diary-july\\\/#primaryimage\"},\"thumbnailUrl\":\"https:\\\/\\\/www.paysdesecrins.com\\\/wp-content\\\/uploads\\\/2025\\\/07\\\/a4-qr-code-web-page-0001.jpg\",\"datePublished\":\"2025-07-24T12:00:09+00:00\",\"dateModified\":\"2025-08-08T12:12:46+00:00\",\"breadcrumb\":{\"@id\":\"https:\\\/\\\/www.paysdesecrins.com\\\/en\\\/major-events-in-the-pays-des-ecrins\\\/festival-travel-diary-july\\\/#breadcrumb\"},\"inLanguage\":\"en-US\",\"potentialAction\":[{\"@type\":\"ReadAction\",\"target\":[\"https:\\\/\\\/www.paysdesecrins.com\\\/en\\\/major-events-in-the-pays-des-ecrins\\\/festival-travel-diary-july\\\/\"]}]},{\"@type\":\"ImageObject\",\"inLanguage\":\"en-US\",\"@id\":\"https:\\\/\\\/www.paysdesecrins.com\\\/en\\\/major-events-in-the-pays-des-ecrins\\\/festival-travel-diary-july\\\/#primaryimage\",\"url\":\"https:\\\/\\\/www.paysdesecrins.com\\\/wp-content\\\/uploads\\\/2025\\\/07\\\/a4-qr-code-web-page-0001.jpg\",\"contentUrl\":\"https:\\\/\\\/www.paysdesecrins.com\\\/wp-content\\\/uploads\\\/2025\\\/07\\\/a4-qr-code-web-page-0001.jpg\",\"width\":1754,\"height\":1241},{\"@type\":\"BreadcrumbList\",\"@id\":\"https:\\\/\\\/www.paysdesecrins.com\\\/en\\\/major-events-in-the-pays-des-ecrins\\\/festival-travel-diary-july\\\/#breadcrumb\",\"itemListElement\":[{\"@type\":\"ListItem\",\"position\":1,\"name\":\"Home\",\"item\":\"https:\\\/\\\/www.paysdesecrins.com\\\/en\\\/the-title-of-the-home\\\/\"},{\"@type\":\"ListItem\",\"position\":2,\"name\":\"Major events in the Pays des Ecrins\",\"item\":\"https:\\\/\\\/www.paysdesecrins.com\\\/en\\\/major-events-in-the-pays-des-ecrins\\\/\"},{\"@type\":\"ListItem\",\"position\":3,\"name\":\"Festival \u00ab\u00a0Carnet de Voyage\u00a0\u00bb \u2013 July\"}]},{\"@type\":\"WebSite\",\"@id\":\"https:\\\/\\\/www.paysdesecrins.com\\\/en\\\/#website\",\"url\":\"https:\\\/\\\/www.paysdesecrins.com\\\/en\\\/\",\"name\":\"Pays des \u00c9crins - Office de Tourisme\",\"description\":\"L&#039;esprit montagne\",\"publisher\":{\"@id\":\"https:\\\/\\\/www.paysdesecrins.com\\\/en\\\/#organization\"},\"potentialAction\":[{\"@type\":\"SearchAction\",\"target\":{\"@type\":\"EntryPoint\",\"urlTemplate\":\"https:\\\/\\\/www.paysdesecrins.com\\\/en\\\/?s={search_term_string}\"},\"query-input\":{\"@type\":\"PropertyValueSpecification\",\"valueRequired\":true,\"valueName\":\"search_term_string\"}}],\"inLanguage\":\"en-US\"},{\"@type\":\"Organization\",\"@id\":\"https:\\\/\\\/www.paysdesecrins.com\\\/en\\\/#organization\",\"name\":\"Pays des \u00c9crins - Office de Tourisme\",\"url\":\"https:\\\/\\\/www.paysdesecrins.com\\\/en\\\/\",\"logo\":{\"@type\":\"ImageObject\",\"inLanguage\":\"en-US\",\"@id\":\"https:\\\/\\\/www.paysdesecrins.com\\\/en\\\/#\\\/schema\\\/logo\\\/image\\\/\",\"url\":\"https:\\\/\\\/www.paysdesecrins.com\\\/wp-content\\\/uploads\\\/2025\\\/06\\\/devina-svg-1750845694.svg\",\"contentUrl\":\"https:\\\/\\\/www.paysdesecrins.com\\\/wp-content\\\/uploads\\\/2025\\\/06\\\/devina-svg-1750845694.svg\",\"caption\":\"Pays des \u00c9crins - Office de Tourisme\"},\"image\":{\"@id\":\"https:\\\/\\\/www.paysdesecrins.com\\\/en\\\/#\\\/schema\\\/logo\\\/image\\\/\"}}]}<\/script>\n<!-- \/ Yoast SEO plugin. -->","yoast_head_json":{"title":"Festival \"Carnet de Voyage\" - July - Pays des \u00c9crins - Office de Tourisme","robots":{"index":"index","follow":"follow","max-snippet":"max-snippet:-1","max-image-preview":"max-image-preview:large","max-video-preview":"max-video-preview:-1"},"canonical":"https:\/\/www.paysdesecrins.com\/en\/major-events-in-the-pays-des-ecrins\/festival-travel-diary-july\/","og_locale":"en_US","og_type":"article","og_title":"Festival \"Carnet de Voyage\" - July - Pays des \u00c9crins - Office de Tourisme","og_description":"In July, the village of L&#8217;Argenti\u00e8re-la-Bess\u00e9e hosts the very first edition of the &#8220;Carnets de Voyage&#8221; Festival. Organised by the [&hellip;]","og_url":"https:\/\/www.paysdesecrins.com\/en\/major-events-in-the-pays-des-ecrins\/festival-travel-diary-july\/","og_site_name":"Pays des \u00c9crins - Office de Tourisme","article_modified_time":"2025-08-08T12:12:46+00:00","og_image":[{"width":1754,"height":1241,"url":"https:\/\/www.paysdesecrins.com\/wp-content\/uploads\/2025\/07\/a4-qr-code-web-page-0001.jpg","type":"image\/jpeg"}],"twitter_card":"summary_large_image","twitter_misc":{"Est. reading time":"1 minute"},"schema":{"@context":"https:\/\/schema.org","@graph":[{"@type":"WebPage","@id":"https:\/\/www.paysdesecrins.com\/en\/major-events-in-the-pays-des-ecrins\/festival-travel-diary-july\/","url":"https:\/\/www.paysdesecrins.com\/en\/major-events-in-the-pays-des-ecrins\/festival-travel-diary-july\/","name":"Festival \"Carnet de Voyage\" - July - Pays des \u00c9crins - Office de Tourisme","isPartOf":{"@id":"https:\/\/www.paysdesecrins.com\/en\/#website"},"primaryImageOfPage":{"@id":"https:\/\/www.paysdesecrins.com\/en\/major-events-in-the-pays-des-ecrins\/festival-travel-diary-july\/#primaryimage"},"image":{"@id":"https:\/\/www.paysdesecrins.com\/en\/major-events-in-the-pays-des-ecrins\/festival-travel-diary-july\/#primaryimage"},"thumbnailUrl":"https:\/\/www.paysdesecrins.com\/wp-content\/uploads\/2025\/07\/a4-qr-code-web-page-0001.jpg","datePublished":"2025-07-24T12:00:09+00:00","dateModified":"2025-08-08T12:12:46+00:00","breadcrumb":{"@id":"https:\/\/www.paysdesecrins.com\/en\/major-events-in-the-pays-des-ecrins\/festival-travel-diary-july\/#breadcrumb"},"inLanguage":"en-US","potentialAction":[{"@type":"ReadAction","target":["https:\/\/www.paysdesecrins.com\/en\/major-events-in-the-pays-des-ecrins\/festival-travel-diary-july\/"]}]},{"@type":"ImageObject","inLanguage":"en-US","@id":"https:\/\/www.paysdesecrins.com\/en\/major-events-in-the-pays-des-ecrins\/festival-travel-diary-july\/#primaryimage","url":"https:\/\/www.paysdesecrins.com\/wp-content\/uploads\/2025\/07\/a4-qr-code-web-page-0001.jpg","contentUrl":"https:\/\/www.paysdesecrins.com\/wp-content\/uploads\/2025\/07\/a4-qr-code-web-page-0001.jpg","width":1754,"height":1241},{"@type":"BreadcrumbList","@id":"https:\/\/www.paysdesecrins.com\/en\/major-events-in-the-pays-des-ecrins\/festival-travel-diary-july\/#breadcrumb","itemListElement":[{"@type":"ListItem","position":1,"name":"Home","item":"https:\/\/www.paysdesecrins.com\/en\/the-title-of-the-home\/"},{"@type":"ListItem","position":2,"name":"Major events in the Pays des Ecrins","item":"https:\/\/www.paysdesecrins.com\/en\/major-events-in-the-pays-des-ecrins\/"},{"@type":"ListItem","position":3,"name":"Festival \u00ab\u00a0Carnet de Voyage\u00a0\u00bb \u2013 July"}]},{"@type":"WebSite","@id":"https:\/\/www.paysdesecrins.com\/en\/#website","url":"https:\/\/www.paysdesecrins.com\/en\/","name":"Pays des \u00c9crins - Office de Tourisme","description":"L&#039;esprit montagne","publisher":{"@id":"https:\/\/www.paysdesecrins.com\/en\/#organization"},"potentialAction":[{"@type":"SearchAction","target":{"@type":"EntryPoint","urlTemplate":"https:\/\/www.paysdesecrins.com\/en\/?s={search_term_string}"},"query-input":{"@type":"PropertyValueSpecification","valueRequired":true,"valueName":"search_term_string"}}],"inLanguage":"en-US"},{"@type":"Organization","@id":"https:\/\/www.paysdesecrins.com\/en\/#organization","name":"Pays des \u00c9crins - Office de Tourisme","url":"https:\/\/www.paysdesecrins.com\/en\/","logo":{"@type":"ImageObject","inLanguage":"en-US","@id":"https:\/\/www.paysdesecrins.com\/en\/#\/schema\/logo\/image\/","url":"https:\/\/www.paysdesecrins.com\/wp-content\/uploads\/2025\/06\/devina-svg-1750845694.svg","contentUrl":"https:\/\/www.paysdesecrins.com\/wp-content\/uploads\/2025\/06\/devina-svg-1750845694.svg","caption":"Pays des \u00c9crins - Office de Tourisme"},"image":{"@id":"https:\/\/www.paysdesecrins.com\/en\/#\/schema\/logo\/image\/"}}]}},"_links":{"self":[{"href":"https:\/\/www.paysdesecrins.com\/en\/wp-json\/wp\/v2\/pages\/45849","targetHints":{"allow":["GET"]}}],"collection":[{"href":"https:\/\/www.paysdesecrins.com\/en\/wp-json\/wp\/v2\/pages"}],"about":[{"href":"https:\/\/www.paysdesecrins.com\/en\/wp-json\/wp\/v2\/types\/page"}],"author":[{"embeddable":true,"href":"https:\/\/www.paysdesecrins.com\/en\/wp-json\/wp\/v2\/users\/4"}],"replies":[{"embeddable":true,"href":"https:\/\/www.paysdesecrins.com\/en\/wp-json\/wp\/v2\/comments?post=45849"}],"version-history":[{"count":0,"href":"https:\/\/www.paysdesecrins.com\/en\/wp-json\/wp\/v2\/pages\/45849\/revisions"}],"up":[{"embeddable":true,"href":"https:\/\/www.paysdesecrins.com\/en\/wp-json\/wp\/v2\/pages\/45940"}],"wp:featuredmedia":[{"embeddable":true,"href":"https:\/\/www.paysdesecrins.com\/en\/wp-json\/wp\/v2\/media\/49148"}],"wp:attachment":[{"href":"https:\/\/www.paysdesecrins.com\/en\/wp-json\/wp\/v2\/media?parent=45849"}],"curies":[{"name":"wp","href":"https:\/\/api.w.org\/{rel}","templated":true}]}}