{"id":45901,"date":"2025-07-24T12:18:44","date_gmt":"2025-07-24T10:18:44","guid":{"rendered":"https:\/\/www.paysdesecrins.com\/grand-trail-des-ecrins-june\/"},"modified":"2025-08-07T14:37:38","modified_gmt":"2025-08-07T12:37:38","slug":"grand-trail-des-ecrins-june","status":"publish","type":"page","link":"https:\/\/www.paysdesecrins.com\/en\/major-events-in-the-pays-des-ecrins\/grand-trail-des-ecrins-june\/","title":{"rendered":"Grand Trail des Ecrins &#8211; June"},"content":{"rendered":"    <div class=\"alignfull wp-block-ws-library-ws-header-interne\" data-season=\"allseasons\">\n\t    <div class=\"header-container\">\n\t        <div class=\"group-media has-image\">\n\t            \t                <img loading=\"lazy\" decoding=\"async\" width=\"1920\" height=\"800\" src=\"https:\/\/www.paysdesecrins.com\/wp-content\/uploads\/2025\/07\/dsc00805-1920x800.jpg\" alt=\"\" class=\"image_large_square wp-image-50182\" \/>\n\t            \t        <\/div>\n\t        <div class=\"group-content\">\n\t            <div class=\"title\">\n\t                <h1>\n\t                    Grand Trail des Ecrins &#8211;\t                    \t                        June\t                    \t                <\/h1>\n\t            <\/div>\n\t        <\/div>\n\t    <\/div>\n\t    \n<div class=\"yoast-breadcrumbs\"><span><span><a href=\"https:\/\/www.paysdesecrins.com\/en\/the-title-of-the-home\/\">Home<\/a><\/span>  <span><a href=\"https:\/\/www.paysdesecrins.com\/en\/major-events-in-the-pays-des-ecrins\/\">Major events in the Pays des Ecrins<\/a><\/span>  <span class=\"breadcrumb_last\" aria-current=\"page\">Grand Trail des Ecrins \u2013 June<\/span><\/span><\/div>\n    <\/div>\n    \n<div class=\"wp-block-ws-library-ws-title aligncenter is-style-simple\"><h2><em><em><strong>Grand Trail<\/strong><\/em><\/em><strong>des \u00c9crins<\/strong><\/h2><\/div>\n\n<p data-season=\"allseasons\">The <strong>Trail des \u00c9crins<\/strong>, a must-see event for <strong>running<\/strong> enthusiasts, returns to the heart of the<strong> <\/strong>Pays des \u00c9crins<strong> in June<\/strong>. Whether you are an <strong>experienced athlete<\/strong>, an <strong>enthusiastic amateur<\/strong>, with family or friends, this event offers paths suitable for <strong>all levels<\/strong> and a <strong>warm atmosphere<\/strong> guaranteed.   <\/p>\n\n<p>The day of the <strong>Grand Trail des \u00c9crins <\/strong>takes place in the <strong>\u00c9crins Regional<\/strong> <strong>Natural<\/strong> <strong>Park<\/strong>, offering varied routes in an exceptional setting. The routes offered are multiple, ranging from short distances such as the <strong>11 km Vallouisette <\/strong>to higher challenges such as the<strong> 57 km Trans&#8217;\u00c9crins<\/strong> (in duo). <\/p>\n\n<div class=\"wp-block-ws-library-ws-video\"><div class=\"wrapper\"><div class=\"group-media\">\n<figure class=\"wp-block-embed is-type-video is-provider-vimeo wp-block-embed-vimeo\"><div class=\"wp-block-embed__wrapper\">\n<iframe loading=\"lazy\" title=\"Trail Ecrins 2024\" src=\"https:\/\/player.vimeo.com\/video\/965418837?dnt=1&amp;app_id=122963\" width=\"500\" height=\"281\" frameborder=\"0\" allow=\"autoplay; fullscreen; picture-in-picture; clipboard-write; encrypted-media; web-share\" referrerpolicy=\"strict-origin-when-cross-origin\"><\/iframe>\n<\/div><\/figure>\n<\/div><\/div><\/div>\n\n<p>The program includes charming <strong>villages<\/strong>, <strong>passes<\/strong> to explore and spectacular <strong>landscapes<\/strong> to contemplate. Visitors will have the opportunity to explore <strong>historical<\/strong> <strong>sites<\/strong> such as the <strong>Narreyroux<\/strong> and <strong>Fournel<\/strong> valleys, as well as the Cr\u00eates des Falaises de <strong>Freissini\u00e8res<\/strong>. <\/p>\n\n<p>After the effort, the comfort: savour the charm of <strong>Vallouise<\/strong> and its surroundings, explore the <strong>Roche-De-Rame<\/strong> lake or savour local specialities such as<strong> Tourtons de<\/strong> <strong>Champsaur<\/strong> and <strong>Oreilles d&#8217;\u00c2ne<\/strong>. <br\/><br\/>Whether for a <strong>sporting<\/strong> <strong>activity<\/strong> or simply for an <strong>experience<\/strong> <strong>in the middle of nature<\/strong>, the Trail des \u00c9crins offers you an <strong>unforgettable experience <\/strong>in the heart of the<strong> French Alps. <\/strong> <\/p>\n\n<div class=\"wp-block-ws-library-ws-slider alignwide\" data-season=\"allseasons\"><div class=\"splide\" data-splide=\"{\"type\":\"slide\",\"heightRatio\":\"auto\",\"perPage\":4,\"perMove\":1,\"drag\":true,\"pagination\":0,\"autoplay\":false,\"gap\":\"15px\",\"breakpoints\":{\"450\":{\"perPage\":1},\"768\":{\"perPage\":2},\"992\":{\"perPage\":3},\"1200\":{\"perPage\":4}}}\"><div class=\"splide__track\"><div class=\"splide__list\"><div class=\"splide__slide\"><a href=\"https:\/\/www.paysdesecrins.com\/wp-content\/uploads\/2025\/07\/1714982509-112744574-400x400.jpg\" data-glightbox=\"true\" class=\"lightbox-trigger\"><img decoding=\"async\" src=\"https:\/\/www.paysdesecrins.com\/wp-content\/uploads\/2025\/07\/1714982509-112744574-400x400.jpg\" alt=\"\"><\/a><\/div><div class=\"splide__slide\"><a href=\"https:\/\/www.paysdesecrins.com\/wp-content\/uploads\/2025\/07\/1714982509-2085578819-400x400.jpg\" data-glightbox=\"true\" class=\"lightbox-trigger\"><img decoding=\"async\" src=\"https:\/\/www.paysdesecrins.com\/wp-content\/uploads\/2025\/07\/1714982509-2085578819-400x400.jpg\" alt=\"\"><\/a><\/div><div class=\"splide__slide\"><a href=\"https:\/\/www.paysdesecrins.com\/wp-content\/uploads\/2025\/07\/06-21-25-trail-ecrins-32-scaled.jpg\" data-glightbox=\"true\" class=\"lightbox-trigger\"><img decoding=\"async\" src=\"https:\/\/www.paysdesecrins.com\/wp-content\/uploads\/2025\/07\/06-21-25-trail-ecrins-32-400x400.jpg\" alt=\"\"><\/a><\/div><div class=\"splide__slide\"><a href=\"https:\/\/www.paysdesecrins.com\/wp-content\/uploads\/2025\/07\/06-21-25-trail-ecrins-62-scaled.jpg\" data-glightbox=\"true\" class=\"lightbox-trigger\"><img decoding=\"async\" src=\"https:\/\/www.paysdesecrins.com\/wp-content\/uploads\/2025\/07\/06-21-25-trail-ecrins-62-400x400.jpg\" alt=\"\"><\/a><\/div><div class=\"splide__slide\"><a href=\"https:\/\/www.paysdesecrins.com\/wp-content\/uploads\/2025\/07\/dsc01277-scaled.jpg\" data-glightbox=\"true\" class=\"lightbox-trigger\"><img decoding=\"async\" src=\"https:\/\/www.paysdesecrins.com\/wp-content\/uploads\/2025\/07\/dsc01277-400x400.jpg\" alt=\"\"><\/a><\/div><\/div><\/div><\/div><\/div>\n\n<div class=\"wp-block-ws-library-ws-share\"><span class=\"share-subtitle\">Did you like this page?<\/span><span class=\"share-title\">Share it!<\/span><button class=\"ws-share-button wp-element-button\">Share this page<\/button><\/div>\n","protected":false},"excerpt":{"rendered":"<p>The Trail des \u00c9crins, a must-see event for running enthusiasts, returns to the heart of the Pays des \u00c9crins in [&hellip;]<\/p>\n","protected":false},"author":4,"featured_media":50184,"parent":45940,"menu_order":0,"comment_status":"closed","ping_status":"closed","template":"","meta":{"_thumbnail_id_2":0,"summer_excerpt":"","season":"","station":"","footnotes":""},"class_list":["post-45901","page","type-page","status-publish","has-post-thumbnail","hentry"],"yoast_head":"<!-- This site is optimized with the Yoast SEO plugin v27.3 - https:\/\/yoast.com\/product\/yoast-seo-wordpress\/ -->\n<title>Grand Trail des Ecrins - June - Pays des \u00c9crins - Office de Tourisme<\/title>\n<meta name=\"robots\" content=\"index, follow, max-snippet:-1, max-image-preview:large, max-video-preview:-1\" \/>\n<link rel=\"canonical\" href=\"https:\/\/www.paysdesecrins.com\/en\/major-events-in-the-pays-des-ecrins\/grand-trail-des-ecrins-june\/\" \/>\n<meta property=\"og:locale\" content=\"en_US\" \/>\n<meta property=\"og:type\" content=\"article\" \/>\n<meta property=\"og:title\" content=\"Grand Trail des Ecrins - June - Pays des \u00c9crins - Office de Tourisme\" \/>\n<meta property=\"og:description\" content=\"The Trail des \u00c9crins, a must-see event for running enthusiasts, returns to the heart of the Pays des \u00c9crins in [&hellip;]\" \/>\n<meta property=\"og:url\" content=\"https:\/\/www.paysdesecrins.com\/en\/major-events-in-the-pays-des-ecrins\/grand-trail-des-ecrins-june\/\" \/>\n<meta property=\"og:site_name\" content=\"Pays des \u00c9crins - Office de Tourisme\" \/>\n<meta property=\"article:modified_time\" content=\"2025-08-07T12:37:38+00:00\" \/>\n<meta property=\"og:image\" content=\"https:\/\/www.paysdesecrins.com\/wp-content\/uploads\/2025\/07\/dsc00805-scaled.jpg\" \/>\n\t<meta property=\"og:image:width\" content=\"2560\" \/>\n\t<meta property=\"og:image:height\" content=\"1707\" \/>\n\t<meta property=\"og:image:type\" content=\"image\/jpeg\" \/>\n<meta name=\"twitter:card\" content=\"summary_large_image\" \/>\n<meta name=\"twitter:label1\" content=\"Est. reading time\" \/>\n\t<meta name=\"twitter:data1\" content=\"1 minute\" \/>\n<script type=\"application\/ld+json\" class=\"yoast-schema-graph\">{\"@context\":\"https:\\\/\\\/schema.org\",\"@graph\":[{\"@type\":\"WebPage\",\"@id\":\"https:\\\/\\\/www.paysdesecrins.com\\\/en\\\/major-events-in-the-pays-des-ecrins\\\/grand-trail-des-ecrins-june\\\/\",\"url\":\"https:\\\/\\\/www.paysdesecrins.com\\\/en\\\/major-events-in-the-pays-des-ecrins\\\/grand-trail-des-ecrins-june\\\/\",\"name\":\"Grand Trail des Ecrins - June - Pays des \u00c9crins - Office de Tourisme\",\"isPartOf\":{\"@id\":\"https:\\\/\\\/www.paysdesecrins.com\\\/en\\\/#website\"},\"primaryImageOfPage\":{\"@id\":\"https:\\\/\\\/www.paysdesecrins.com\\\/en\\\/major-events-in-the-pays-des-ecrins\\\/grand-trail-des-ecrins-june\\\/#primaryimage\"},\"image\":{\"@id\":\"https:\\\/\\\/www.paysdesecrins.com\\\/en\\\/major-events-in-the-pays-des-ecrins\\\/grand-trail-des-ecrins-june\\\/#primaryimage\"},\"thumbnailUrl\":\"https:\\\/\\\/www.paysdesecrins.com\\\/wp-content\\\/uploads\\\/2025\\\/07\\\/dsc00805-scaled.jpg\",\"datePublished\":\"2025-07-24T10:18:44+00:00\",\"dateModified\":\"2025-08-07T12:37:38+00:00\",\"breadcrumb\":{\"@id\":\"https:\\\/\\\/www.paysdesecrins.com\\\/en\\\/major-events-in-the-pays-des-ecrins\\\/grand-trail-des-ecrins-june\\\/#breadcrumb\"},\"inLanguage\":\"en-US\",\"potentialAction\":[{\"@type\":\"ReadAction\",\"target\":[\"https:\\\/\\\/www.paysdesecrins.com\\\/en\\\/major-events-in-the-pays-des-ecrins\\\/grand-trail-des-ecrins-june\\\/\"]}]},{\"@type\":\"ImageObject\",\"inLanguage\":\"en-US\",\"@id\":\"https:\\\/\\\/www.paysdesecrins.com\\\/en\\\/major-events-in-the-pays-des-ecrins\\\/grand-trail-des-ecrins-june\\\/#primaryimage\",\"url\":\"https:\\\/\\\/www.paysdesecrins.com\\\/wp-content\\\/uploads\\\/2025\\\/07\\\/dsc00805-scaled.jpg\",\"contentUrl\":\"https:\\\/\\\/www.paysdesecrins.com\\\/wp-content\\\/uploads\\\/2025\\\/07\\\/dsc00805-scaled.jpg\",\"width\":2560,\"height\":1707},{\"@type\":\"BreadcrumbList\",\"@id\":\"https:\\\/\\\/www.paysdesecrins.com\\\/en\\\/major-events-in-the-pays-des-ecrins\\\/grand-trail-des-ecrins-june\\\/#breadcrumb\",\"itemListElement\":[{\"@type\":\"ListItem\",\"position\":1,\"name\":\"Home\",\"item\":\"https:\\\/\\\/www.paysdesecrins.com\\\/en\\\/the-title-of-the-home\\\/\"},{\"@type\":\"ListItem\",\"position\":2,\"name\":\"Major events in the Pays des Ecrins\",\"item\":\"https:\\\/\\\/www.paysdesecrins.com\\\/en\\\/major-events-in-the-pays-des-ecrins\\\/\"},{\"@type\":\"ListItem\",\"position\":3,\"name\":\"Grand Trail des Ecrins \u2013 June\"}]},{\"@type\":\"WebSite\",\"@id\":\"https:\\\/\\\/www.paysdesecrins.com\\\/en\\\/#website\",\"url\":\"https:\\\/\\\/www.paysdesecrins.com\\\/en\\\/\",\"name\":\"Pays des \u00c9crins - Office de Tourisme\",\"description\":\"L&#039;esprit montagne\",\"publisher\":{\"@id\":\"https:\\\/\\\/www.paysdesecrins.com\\\/en\\\/#organization\"},\"potentialAction\":[{\"@type\":\"SearchAction\",\"target\":{\"@type\":\"EntryPoint\",\"urlTemplate\":\"https:\\\/\\\/www.paysdesecrins.com\\\/en\\\/?s={search_term_string}\"},\"query-input\":{\"@type\":\"PropertyValueSpecification\",\"valueRequired\":true,\"valueName\":\"search_term_string\"}}],\"inLanguage\":\"en-US\"},{\"@type\":\"Organization\",\"@id\":\"https:\\\/\\\/www.paysdesecrins.com\\\/en\\\/#organization\",\"name\":\"Pays des \u00c9crins - Office de Tourisme\",\"url\":\"https:\\\/\\\/www.paysdesecrins.com\\\/en\\\/\",\"logo\":{\"@type\":\"ImageObject\",\"inLanguage\":\"en-US\",\"@id\":\"https:\\\/\\\/www.paysdesecrins.com\\\/en\\\/#\\\/schema\\\/logo\\\/image\\\/\",\"url\":\"https:\\\/\\\/www.paysdesecrins.com\\\/wp-content\\\/uploads\\\/2025\\\/06\\\/devina-svg-1750845694.svg\",\"contentUrl\":\"https:\\\/\\\/www.paysdesecrins.com\\\/wp-content\\\/uploads\\\/2025\\\/06\\\/devina-svg-1750845694.svg\",\"caption\":\"Pays des \u00c9crins - Office de Tourisme\"},\"image\":{\"@id\":\"https:\\\/\\\/www.paysdesecrins.com\\\/en\\\/#\\\/schema\\\/logo\\\/image\\\/\"}}]}<\/script>\n<!-- \/ Yoast SEO plugin. -->","yoast_head_json":{"title":"Grand Trail des Ecrins - June - Pays des \u00c9crins - Office de Tourisme","robots":{"index":"index","follow":"follow","max-snippet":"max-snippet:-1","max-image-preview":"max-image-preview:large","max-video-preview":"max-video-preview:-1"},"canonical":"https:\/\/www.paysdesecrins.com\/en\/major-events-in-the-pays-des-ecrins\/grand-trail-des-ecrins-june\/","og_locale":"en_US","og_type":"article","og_title":"Grand Trail des Ecrins - June - Pays des \u00c9crins - Office de Tourisme","og_description":"The Trail des \u00c9crins, a must-see event for running enthusiasts, returns to the heart of the Pays des \u00c9crins in [&hellip;]","og_url":"https:\/\/www.paysdesecrins.com\/en\/major-events-in-the-pays-des-ecrins\/grand-trail-des-ecrins-june\/","og_site_name":"Pays des \u00c9crins - Office de Tourisme","article_modified_time":"2025-08-07T12:37:38+00:00","og_image":[{"width":2560,"height":1707,"url":"https:\/\/www.paysdesecrins.com\/wp-content\/uploads\/2025\/07\/dsc00805-scaled.jpg","type":"image\/jpeg"}],"twitter_card":"summary_large_image","twitter_misc":{"Est. reading time":"1 minute"},"schema":{"@context":"https:\/\/schema.org","@graph":[{"@type":"WebPage","@id":"https:\/\/www.paysdesecrins.com\/en\/major-events-in-the-pays-des-ecrins\/grand-trail-des-ecrins-june\/","url":"https:\/\/www.paysdesecrins.com\/en\/major-events-in-the-pays-des-ecrins\/grand-trail-des-ecrins-june\/","name":"Grand Trail des Ecrins - June - Pays des \u00c9crins - Office de Tourisme","isPartOf":{"@id":"https:\/\/www.paysdesecrins.com\/en\/#website"},"primaryImageOfPage":{"@id":"https:\/\/www.paysdesecrins.com\/en\/major-events-in-the-pays-des-ecrins\/grand-trail-des-ecrins-june\/#primaryimage"},"image":{"@id":"https:\/\/www.paysdesecrins.com\/en\/major-events-in-the-pays-des-ecrins\/grand-trail-des-ecrins-june\/#primaryimage"},"thumbnailUrl":"https:\/\/www.paysdesecrins.com\/wp-content\/uploads\/2025\/07\/dsc00805-scaled.jpg","datePublished":"2025-07-24T10:18:44+00:00","dateModified":"2025-08-07T12:37:38+00:00","breadcrumb":{"@id":"https:\/\/www.paysdesecrins.com\/en\/major-events-in-the-pays-des-ecrins\/grand-trail-des-ecrins-june\/#breadcrumb"},"inLanguage":"en-US","potentialAction":[{"@type":"ReadAction","target":["https:\/\/www.paysdesecrins.com\/en\/major-events-in-the-pays-des-ecrins\/grand-trail-des-ecrins-june\/"]}]},{"@type":"ImageObject","inLanguage":"en-US","@id":"https:\/\/www.paysdesecrins.com\/en\/major-events-in-the-pays-des-ecrins\/grand-trail-des-ecrins-june\/#primaryimage","url":"https:\/\/www.paysdesecrins.com\/wp-content\/uploads\/2025\/07\/dsc00805-scaled.jpg","contentUrl":"https:\/\/www.paysdesecrins.com\/wp-content\/uploads\/2025\/07\/dsc00805-scaled.jpg","width":2560,"height":1707},{"@type":"BreadcrumbList","@id":"https:\/\/www.paysdesecrins.com\/en\/major-events-in-the-pays-des-ecrins\/grand-trail-des-ecrins-june\/#breadcrumb","itemListElement":[{"@type":"ListItem","position":1,"name":"Home","item":"https:\/\/www.paysdesecrins.com\/en\/the-title-of-the-home\/"},{"@type":"ListItem","position":2,"name":"Major events in the Pays des Ecrins","item":"https:\/\/www.paysdesecrins.com\/en\/major-events-in-the-pays-des-ecrins\/"},{"@type":"ListItem","position":3,"name":"Grand Trail des Ecrins \u2013 June"}]},{"@type":"WebSite","@id":"https:\/\/www.paysdesecrins.com\/en\/#website","url":"https:\/\/www.paysdesecrins.com\/en\/","name":"Pays des \u00c9crins - Office de Tourisme","description":"L&#039;esprit montagne","publisher":{"@id":"https:\/\/www.paysdesecrins.com\/en\/#organization"},"potentialAction":[{"@type":"SearchAction","target":{"@type":"EntryPoint","urlTemplate":"https:\/\/www.paysdesecrins.com\/en\/?s={search_term_string}"},"query-input":{"@type":"PropertyValueSpecification","valueRequired":true,"valueName":"search_term_string"}}],"inLanguage":"en-US"},{"@type":"Organization","@id":"https:\/\/www.paysdesecrins.com\/en\/#organization","name":"Pays des \u00c9crins - Office de Tourisme","url":"https:\/\/www.paysdesecrins.com\/en\/","logo":{"@type":"ImageObject","inLanguage":"en-US","@id":"https:\/\/www.paysdesecrins.com\/en\/#\/schema\/logo\/image\/","url":"https:\/\/www.paysdesecrins.com\/wp-content\/uploads\/2025\/06\/devina-svg-1750845694.svg","contentUrl":"https:\/\/www.paysdesecrins.com\/wp-content\/uploads\/2025\/06\/devina-svg-1750845694.svg","caption":"Pays des \u00c9crins - Office de Tourisme"},"image":{"@id":"https:\/\/www.paysdesecrins.com\/en\/#\/schema\/logo\/image\/"}}]}},"_links":{"self":[{"href":"https:\/\/www.paysdesecrins.com\/en\/wp-json\/wp\/v2\/pages\/45901","targetHints":{"allow":["GET"]}}],"collection":[{"href":"https:\/\/www.paysdesecrins.com\/en\/wp-json\/wp\/v2\/pages"}],"about":[{"href":"https:\/\/www.paysdesecrins.com\/en\/wp-json\/wp\/v2\/types\/page"}],"author":[{"embeddable":true,"href":"https:\/\/www.paysdesecrins.com\/en\/wp-json\/wp\/v2\/users\/4"}],"replies":[{"embeddable":true,"href":"https:\/\/www.paysdesecrins.com\/en\/wp-json\/wp\/v2\/comments?post=45901"}],"version-history":[{"count":0,"href":"https:\/\/www.paysdesecrins.com\/en\/wp-json\/wp\/v2\/pages\/45901\/revisions"}],"up":[{"embeddable":true,"href":"https:\/\/www.paysdesecrins.com\/en\/wp-json\/wp\/v2\/pages\/45940"}],"wp:featuredmedia":[{"embeddable":true,"href":"https:\/\/www.paysdesecrins.com\/en\/wp-json\/wp\/v2\/media\/50184"}],"wp:attachment":[{"href":"https:\/\/www.paysdesecrins.com\/en\/wp-json\/wp\/v2\/media?parent=45901"}],"curies":[{"name":"wp","href":"https:\/\/api.w.org\/{rel}","templated":true}]}}