{"id":45972,"date":"2025-07-24T09:24:21","date_gmt":"2025-07-24T07:24:21","guid":{"rendered":"https:\/\/www.paysdesecrins.com\/the-refuges-of-the-pays-des-ecrins\/"},"modified":"2025-08-06T14:41:16","modified_gmt":"2025-08-06T12:41:16","slug":"the-refuges-of-the-pays-des-ecrins","status":"publish","type":"page","link":"https:\/\/www.paysdesecrins.com\/en\/the-refuges-of-the-pays-des-ecrins\/","title":{"rendered":"The refuges of the Pays des \u00c9crins"},"content":{"rendered":"    <div class=\"alignfull wp-block-ws-library-ws-header-interne\">\n\t    <div class=\"header-container\">\n\t        <div class=\"group-media has-image\">\n\t            \t                <img loading=\"lazy\" decoding=\"async\" width=\"1920\" height=\"800\" src=\"https:\/\/www.paysdesecrins.com\/wp-content\/uploads\/2025\/07\/refuge-du-glacier-blanc-et-des-e-crins-en-ski-64-1920x800.jpg\" alt=\"\" class=\"image_large_square wp-image-41028\" \/>\n\t            \t        <\/div>\n\t        <div class=\"group-content\">\n\t            <div class=\"title\">\n\t                <h1>\n\t                    The refuges of the Pays des \u00c9crins\t                    \t                <\/h1>\n\t            <\/div>\n\t        <\/div>\n\t    <\/div>\n\t    \n<div class=\"yoast-breadcrumbs\"><span><span><a href=\"https:\/\/www.paysdesecrins.com\/en\/the-title-of-the-home\/\">Home<\/a><\/span>  <span class=\"breadcrumb_last\" aria-current=\"page\">The refuges of the Pays des \u00c9crins<\/span><\/span><\/div>\n    <\/div>\n    \n<div class=\"wp-block-ws-library-ws-title aligncenter is-style-simple\"><h2><em>The Guardians<\/em>Summits<\/h2><\/div>\n\n<p class=\"has-text-align-center\">Intimately linked to the history of the conquest of the peaks, for which a halt halfway through the race was and still is essential, the first refuges appeared in the second half of the nineteenth century, particularly on the routes leading to the highest peaks. Today, they have nothing to do with the rudimentary huts that welcomed the pioneers of mountaineering, but remain an unusual experience and an opportunity to meet other mountain enthusiasts. The Pays des \u00c9crins has seven refuges, including those of the S\u00e9l\u00e9, the \u00c9crins and the Glacier Blanc.    <\/p>\n\n<div class=\"wp-block-ws-library-ws-columns alignwide has-2-columns are-vertically-aligned-center layout-5050 is-style-background\">\n<div class=\"wp-block-ws-library-ws-column\"><div class=\"wrapper\">\n<div class=\"wp-block-ws-library-ws-title\"><h2>&nbsp;<em>Refuge<\/em> des \u00c9crins<\/h2><\/div>\n\n\n\n<p>Located at an altitude of 3170 metres, on a rocky promontory on the left bank of the Glacier Blanc, the \u00c9crins refuge faces the highest peak of the massif, the Barre des \u00c9crins which rises to 4102 metres. An essential base camp for mountaineers who set off to conquer the D\u00f4me and the Barre des \u00c9crins, the peak of the Arsine glacier, Roche Faurio or Neige Cordier, it also serves as a starting point for ski tourers. <\/p>\n<\/div><\/div>\n\n\n\n<div class=\"wp-block-ws-library-ws-column\"><div class=\"wrapper\">\n<div class=\"wp-block-ws-library-ws-image\"><div class=\"wrapper\"><div class=\"group-media\"><img decoding=\"async\" src=\"https:\/\/www.paysdesecrins.com\/wp-content\/uploads\/2025\/07\/1716880683-1683852805-960x640.jpg\" alt=\"\" class=\"single_image ws-image-34272\"><div class=\"credits\"><\/div><\/div><p class=\"caption\"><\/p><\/div><\/div>\n<\/div><\/div>\n<\/div>\n\n<div class=\"wp-block-ws-library-ws-title aligncenter is-style-simple\"><h4><em>Interview<\/em> Damien Haxaire<\/h4><\/div>\n\n<p><strong>Damien Haxaire<\/strong>, <strong>goalkeeper<\/strong> Originally from the Vosges, Damien has always had a particular attraction for the great outdoors and the mountains. To the point of making his passion his profession. A mountain guide and ski patroller, he moved to the valley in 2011, and acted as a caretaker at the Pelvoux refuge before joining the \u00c9crins refuge. What does he like most about this job of treetop lookout? Freedom, quite simply. Over the years of caretaking, he discovered a passion for cooking, since then, he has been delighting his guests. No one can resist his now famous cream puffs made in front of the Barre des \u00c9crins! The tasting has to be earned: to access the refuge and taste its charms, you have to progress on the Blanc glacier, equipped with crampons.       <\/p>\n\n<ul class=\"wp-block-list\">\n<li><strong>Access to the \u00c9crins refuge:<\/strong> Pr\u00e9 de Madame Carle<\/li>\n\n\n\n<li><strong>Duration \/ Elevation gain:<\/strong> 4h30 \/ 1300 m glacial access requiring adapted equipment<\/li>\n\n\n\n<li><strong>Altitude:<\/strong> 3,170 m<\/li>\n\n\n\n<li><strong>Capacity:<\/strong> 116 seats<\/li>\n\n\n\n<li><strong>Guarding:<\/strong> from March to September<\/li>\n\n\n\n<li><strong>Contact: <\/strong>09 82 12 70 85 \/ 06 07 79 89 96<\/li>\n<\/ul>\n\n<div style=\"height:33px\" aria-hidden=\"true\" class=\"wp-block-spacer\"><\/div>\n\n<div class=\"wp-block-ws-library-ws-title\"><h3><em>S\u00e9l\u00e9 Refuge<\/em><\/h3><\/div>\n\n<p>Topping the rocky bar that closes the Celse-Ni\u00e8re valley, the refuge, built in 1983, belongs to this mineral universe of the high mountains, offering a panoramic view of the entire valley.<br\/><br\/>An ideal stopover to discover the life of high mountain refuges, it is also the gateway to the Ailefroides, the Pointe des B\u0153ufs-Rouges, the Aiguilles de Sialouze, the Pointe du S\u00e9l\u00e9&#8230; Peaks that have marked the history of mountaineering.<\/p>\n\n<div class=\"wp-block-ws-library-ws-slider alignwide\"><div class=\"splide\" data-splide=\"{\"type\":\"slide\",\"heightRatio\":\"auto\",\"perPage\":4,\"perMove\":1,\"drag\":true,\"pagination\":0,\"autoplay\":false,\"gap\":\"15px\",\"breakpoints\":{\"450\":{\"perPage\":1},\"768\":{\"perPage\":2},\"992\":{\"perPage\":3},\"1200\":{\"perPage\":4}}}\"><div class=\"splide__track\"><div class=\"splide__list\"><div class=\"splide__slide\"><a href=\"https:\/\/www.paysdesecrins.com\/wp-content\/uploads\/2025\/07\/1716811643-1376578341-400x400.jpg\" data-glightbox=\"true\" class=\"lightbox-trigger\"><img decoding=\"async\" src=\"https:\/\/www.paysdesecrins.com\/wp-content\/uploads\/2025\/07\/1716811643-1376578341-400x400.jpg\" alt=\"\"><\/a><\/div><div class=\"splide__slide\"><a href=\"https:\/\/www.paysdesecrins.com\/wp-content\/uploads\/2025\/07\/capture-decran-2025-07-24-a-111055-400x400.png\" data-glightbox=\"true\" class=\"lightbox-trigger\"><img decoding=\"async\" src=\"https:\/\/www.paysdesecrins.com\/wp-content\/uploads\/2025\/07\/capture-decran-2025-07-24-a-111055-400x400.png\" alt=\"\"><\/a><\/div><div class=\"splide__slide\"><a href=\"https:\/\/www.paysdesecrins.com\/wp-content\/uploads\/2025\/07\/refuge-du-sele-22072023-14-scaled.jpg\" data-glightbox=\"true\" class=\"lightbox-trigger\"><img decoding=\"async\" src=\"https:\/\/www.paysdesecrins.com\/wp-content\/uploads\/2025\/07\/refuge-du-sele-22072023-14-400x400.jpg\" alt=\"\"><\/a><\/div><\/div><\/div><\/div><\/div>\n\n<div class=\"wp-block-ws-library-ws-title aligncenter is-style-simple\"><h4><em>Interview<\/em>Sophie Loos<\/h4><\/div>\n\n<p>Guardian of the Pav\u00e9 refuge for seven years, <strong>Sophie Loos<\/strong> took over the reins of the S\u00e9l\u00e9 in 2022. She replaced the emblematic Raoul Gaentzhirt, master of the house for 25 years. With her stripes as a goalkeeper well acquired, she embarked on this new altitude adventure with excitement. She had been thinking about this refuge for a long time! A lover of verticality and a state diploma in climbing, she has found her corner of paradise here and knows the surrounding races perfectly. A little extra that allows him to be able to inform mountaineers looking for advice. She also makes it a point of honor to make the stop at the Sele, an unforgettable experience, thanks to an impeccable welcome and a cuisine made of quality local products. Bread is baked on site daily and vegetarian dishes are regularly added to the menu.       <\/p>\n\n<ul class=\"wp-block-list\">\n<li><strong>Access:<\/strong> from the Ailefroide campsite  <\/li>\n\n\n\n<li><strong>Duration \/ Elevation gain:<\/strong> 3h \/ 1000 m<\/li>\n\n\n\n<li><strong>Altitude: <\/strong>2,542 m<\/li>\n\n\n\n<li><strong>Capacity:<\/strong> 76 seats  <\/li>\n\n\n\n<li><strong>Guarding: <\/strong>from June to September<\/li>\n\n\n\n<li><strong>Contact: <\/strong>04 92 23 39 49  <\/li>\n<\/ul>\n\n<div class=\"wp-block-ws-library-ws-columns alignwide has-2-columns are-vertically-aligned-center layout-5050 is-style-background\">\n<div class=\"wp-block-ws-library-ws-column\"><div class=\"wrapper\">\n<div class=\"wp-block-ws-library-ws-title\"><h2>&nbsp;<em>Refuge<\/em>du Glacier Blanc<\/h2><\/div>\n\n\n\n<p>Easily accessible, the Glacier Blanc refuge is located on the left bank of the eponymous glacier and looks out over the large, beautiful and wild north faces of the Pelvoux, the Pic Sans Nom and the Ailefroides.<\/p>\n\n\n\n<p>This glacial environment gives the site its singular dimension. Halfway between the Pr\u00e9 de Mme Carle and the Refuge des \u00c9crins, it is a delightful stopover. Its large sun terrace is a luxury. On the mountaineering side, it allows access to many renowned races: the Agneaux, the Pic du Glacier Blanc, the Cin\u00e9astes, Neige Cordier&#8230; or to learn about glacier walking.   <\/p>\n<\/div><\/div>\n\n\n\n<div class=\"wp-block-ws-library-ws-column\"><div class=\"wrapper\">\n<div class=\"wp-block-ws-library-ws-image\"><div class=\"wrapper\"><div class=\"group-media\"><img decoding=\"async\" src=\"https:\/\/www.paysdesecrins.com\/wp-content\/uploads\/2025\/07\/1716812278-1511399841-960x597.jpg\" alt=\"\" class=\"single_image ws-image-35071\"><div class=\"credits\"><\/div><\/div><p class=\"caption\"><\/p><\/div><\/div>\n<\/div><\/div>\n<\/div>\n\n<div class=\"wp-block-ws-library-ws-title aligncenter is-style-simple\"><h4><em>Interview<\/em>Nicolas Chaud<\/h4><\/div>\n\n<p>Before moving (in June 2013) from mid-March to the end of September at the Glacier Blanc refuge, <strong>Nicolas<\/strong> <strong>Chaud<\/strong> was the guardian of the Pelvoux refuge and assistant guardian at the \u00c9crins refuge.<br\/>The particularity of this refuge built in a mineral universe? The summer melting pot that brings together mountaineers, hikers and families in this remote place. Nicolas finds a good balance between periods of great affluence and moments of solitude that he loves. &#8220;I like to meet and exchange with people passing through, and then enjoy the silence and the place all to myself.&#8221; Teamwork also appeals to the man who in winter, with the refuge closed, becomes a ski instructor in Puy Saint Vincent.   <\/p>\n\n<ul class=\"wp-block-list\">\n<li><strong>Access:<\/strong> Pr\u00e9 de Madame Carle<\/li>\n\n\n\n<li><strong>Duration \/ Elevation gain:<\/strong> 2h30 \/ 670m<\/li>\n\n\n\n<li><strong>Altitude:<\/strong> 2,542 m<\/li>\n\n\n\n<li><strong>Capacity: <\/strong>131 seats<\/li>\n\n\n\n<li><strong>Guarding: <\/strong>from March to September<\/li>\n\n\n\n<li><strong>Contact: <\/strong>04 92 23 50 24 \/ 04 82 12 73 91<\/li>\n<\/ul>\n\n<div style=\"height:28px\" aria-hidden=\"true\" class=\"wp-block-spacer\"><\/div>\n\n<div class=\"wp-block-ws-library-ws-columns alignwide has-2-columns are-vertically-aligned-center layout-5050\">\n<div class=\"wp-block-ws-library-ws-column\"><div class=\"wrapper\">\n<div class=\"wp-block-ws-library-ws-image\"><div class=\"wrapper\"><div class=\"group-media\"><img decoding=\"async\" src=\"https:\/\/www.paysdesecrins.com\/wp-content\/uploads\/2025\/07\/capture-decran-2025-07-24-a-112543-960x640.png\" alt=\"\" class=\"single_image ws-image-35679\"><div class=\"credits\"><\/div><\/div><p class=\"caption\"><\/p><\/div><\/div>\n<\/div><\/div>\n\n\n\n<div class=\"wp-block-ws-library-ws-column\"><div class=\"wrapper\">\n<div class=\"wp-block-ws-library-ws-title aligncenter\"><h2><em>Pelvoux refuge<\/em><\/h2><\/div>\n\n\n\n<p class=\"has-text-align-center\">Perched at an altitude of 2,704 metres, the Pelvoux refuge dominates the Celse Ni\u00e8re valley from a rocky promontory, a natural extension of the moraine of the Clot de l&#8217;Homme glacier. Accessible in about 3 hours and 30 minutes of walking from Ailefroide, it offers a spectacular viewpoint over the emblematic peaks of the \u00c9crins massif.<br\/>A place steeped in history, it is the starting point for many mythical races: the Pointe Puiseux, the crossing of the Pelvoux, the Petit Pelvoux&#8230; so many itineraries that make the legend of mountaineering resonate. Panels installed in the refuge retrace these great adventures, from the first ascent of the Pelvoux to the construction of the Lemercier refuge.  <\/p>\n\n\n\n<ul class=\"wp-block-list\">\n<li><strong>Access to the \u00c9crins refuge:<\/strong> Ailefroide campsite car park (1,509 m)<\/li>\n\n\n\n<li><strong>Duration \/ Elevation gain:<\/strong> \u2248 3 hours of ascent \/ +1,180 m (steep trail, not equipped)<\/li>\n\n\n\n<li><strong>Altitude:<\/strong> 2,704 m<\/li>\n\n\n\n<li><strong>Capacity:<\/strong> 54 places in season, 10 places excluding guarding<\/li>\n\n\n\n<li><strong>Guarding:<\/strong> end of May to beginning of September<\/li>\n\n\n\n<li><strong>Contact: <\/strong>09 70 02 05 74  <\/li>\n<\/ul>\n<\/div><\/div>\n<\/div>\n\n<div class=\"wp-block-ws-library-ws-columns alignwide has-2-columns are-vertically-aligned-center layout-5050 is-style-background\">\n<div class=\"wp-block-ws-library-ws-column\"><div class=\"wrapper\">\n<div class=\"wp-block-ws-library-ws-title\"><h2><span style=\"font-family: Helvetica, \"Trebuchet MS\", Helvetica, sans-serif; font-size: 0.6em; font-weight: 700; letter-spacing: -0.1px;\">Refuge<\/span><br>benches<\/h2><\/div>\n\n\n\n<p>Nestled in the heart of the \u00c9crins massif, the Bans refuge rises in a high mountain setting, surrounded by majestic peaks exceeding 3,000 metres, such as the Jocelme, the Pic des Aupillous and the Bans. Its local stone architecture, inherited from a post-war construction, gives it an authentic charm and a robust look. <\/p>\n\n\n\n<p>Both a family refuge and an alpine stopover, it lends itself to a day hike as well as a more committed stay. On its terrace, you can enjoy a gourmet break facing the peaks. Hikers stop there before reaching the bumps of Peyre-Arguet or the foothills of the Bans. As for mountaineers, they find privileged access to beautiful snow races (Pas des Aupillous, Jocelme, Pointe des B\u0153ufs Rouges, Les Bans) or rock races, such as the crossing of the ridges of Coste Counier or the routes traced by Jean-Michel Cambon.   <\/p>\n\n\n\n<ul class=\"wp-block-list\">\n<li><strong>Access to the \u00c9crins refuge:<\/strong> Entre-les-Aygues car park (Vallouise), then a path on the left bank of the Bans torrent<\/li>\n\n\n\n<li><strong>Duration \/ Elevation gain:<\/strong> 1 h 30 min ascent \/ +480 m (easy trail)<\/li>\n\n\n\n<li><strong>Altitude:<\/strong> 2,083 m<\/li>\n\n\n\n<li><strong>Capacity:<\/strong> 22 seats<\/li>\n\n\n\n<li><strong>Guarding:<\/strong> end of May to mid-September<\/li>\n\n\n\n<li><strong>Contact: <\/strong>04 92 23 39 48<\/li>\n<\/ul>\n<\/div><\/div>\n\n\n\n<div class=\"wp-block-ws-library-ws-column\"><div class=\"wrapper\">\n<div class=\"wp-block-ws-library-ws-image\"><div class=\"wrapper\"><div class=\"group-media\"><img decoding=\"async\" src=\"https:\/\/www.paysdesecrins.com\/wp-content\/uploads\/2025\/07\/1608201002-1327295314-960x640.jpg\" alt=\"\" class=\"single_image ws-image-35927\"><div class=\"credits\"><\/div><\/div><p class=\"caption\"><\/p><\/div><\/div>\n<\/div><\/div>\n<\/div>\n\n<div class=\"wp-block-ws-library-ws-share\"><span class=\"share-subtitle\">Did you like this page?<\/span><span class=\"share-title\">Share it!<\/span><button class=\"ws-share-button wp-element-button\">Share this page<\/button><\/div>\n","protected":false},"excerpt":{"rendered":"<p>Intimately linked to the history of the conquest of the peaks, for which a halt halfway through the race was [&hellip;]<\/p>\n","protected":false},"author":4,"featured_media":34854,"parent":0,"menu_order":0,"comment_status":"closed","ping_status":"closed","template":"","meta":{"_thumbnail_id_2":0,"summer_excerpt":"","season":"","station":"","footnotes":""},"class_list":["post-45972","page","type-page","status-publish","has-post-thumbnail","hentry"],"yoast_head":"<!-- This site is optimized with the Yoast SEO plugin v27.3 - https:\/\/yoast.com\/product\/yoast-seo-wordpress\/ -->\n<title>The refuges of the Pays des \u00c9crins - Pays des \u00c9crins - Office de Tourisme<\/title>\n<meta name=\"robots\" content=\"index, follow, max-snippet:-1, max-image-preview:large, max-video-preview:-1\" \/>\n<link rel=\"canonical\" href=\"https:\/\/www.paysdesecrins.com\/en\/the-refuges-of-the-pays-des-ecrins\/\" \/>\n<meta property=\"og:locale\" content=\"en_US\" \/>\n<meta property=\"og:type\" content=\"article\" \/>\n<meta property=\"og:title\" content=\"The refuges of the Pays des \u00c9crins - Pays des \u00c9crins - Office de Tourisme\" \/>\n<meta property=\"og:description\" content=\"Intimately linked to the history of the conquest of the peaks, for which a halt halfway through the race was [&hellip;]\" \/>\n<meta property=\"og:url\" content=\"https:\/\/www.paysdesecrins.com\/en\/the-refuges-of-the-pays-des-ecrins\/\" \/>\n<meta property=\"og:site_name\" content=\"Pays des \u00c9crins - Office de Tourisme\" \/>\n<meta property=\"article:modified_time\" content=\"2025-08-06T12:41:16+00:00\" \/>\n<meta property=\"og:image\" content=\"https:\/\/www.paysdesecrins.com\/wp-content\/uploads\/2025\/07\/refuge-du-sele-22072023-14-scaled.jpg\" \/>\n\t<meta property=\"og:image:width\" content=\"1920\" \/>\n\t<meta property=\"og:image:height\" content=\"2560\" \/>\n\t<meta property=\"og:image:type\" content=\"image\/jpeg\" \/>\n<meta name=\"twitter:card\" content=\"summary_large_image\" \/>\n<meta name=\"twitter:label1\" content=\"Est. reading time\" \/>\n\t<meta name=\"twitter:data1\" content=\"6 minutes\" \/>\n<script type=\"application\/ld+json\" class=\"yoast-schema-graph\">{\"@context\":\"https:\\\/\\\/schema.org\",\"@graph\":[{\"@type\":\"WebPage\",\"@id\":\"https:\\\/\\\/www.paysdesecrins.com\\\/en\\\/the-refuges-of-the-pays-des-ecrins\\\/\",\"url\":\"https:\\\/\\\/www.paysdesecrins.com\\\/en\\\/the-refuges-of-the-pays-des-ecrins\\\/\",\"name\":\"The refuges of the Pays des \u00c9crins - Pays des \u00c9crins - Office de Tourisme\",\"isPartOf\":{\"@id\":\"https:\\\/\\\/www.paysdesecrins.com\\\/en\\\/#website\"},\"primaryImageOfPage\":{\"@id\":\"https:\\\/\\\/www.paysdesecrins.com\\\/en\\\/the-refuges-of-the-pays-des-ecrins\\\/#primaryimage\"},\"image\":{\"@id\":\"https:\\\/\\\/www.paysdesecrins.com\\\/en\\\/the-refuges-of-the-pays-des-ecrins\\\/#primaryimage\"},\"thumbnailUrl\":\"https:\\\/\\\/www.paysdesecrins.com\\\/wp-content\\\/uploads\\\/2025\\\/07\\\/refuge-du-sele-22072023-14-scaled.jpg\",\"datePublished\":\"2025-07-24T07:24:21+00:00\",\"dateModified\":\"2025-08-06T12:41:16+00:00\",\"breadcrumb\":{\"@id\":\"https:\\\/\\\/www.paysdesecrins.com\\\/en\\\/the-refuges-of-the-pays-des-ecrins\\\/#breadcrumb\"},\"inLanguage\":\"en-US\",\"potentialAction\":[{\"@type\":\"ReadAction\",\"target\":[\"https:\\\/\\\/www.paysdesecrins.com\\\/en\\\/the-refuges-of-the-pays-des-ecrins\\\/\"]}]},{\"@type\":\"ImageObject\",\"inLanguage\":\"en-US\",\"@id\":\"https:\\\/\\\/www.paysdesecrins.com\\\/en\\\/the-refuges-of-the-pays-des-ecrins\\\/#primaryimage\",\"url\":\"https:\\\/\\\/www.paysdesecrins.com\\\/wp-content\\\/uploads\\\/2025\\\/07\\\/refuge-du-sele-22072023-14-scaled.jpg\",\"contentUrl\":\"https:\\\/\\\/www.paysdesecrins.com\\\/wp-content\\\/uploads\\\/2025\\\/07\\\/refuge-du-sele-22072023-14-scaled.jpg\",\"width\":1920,\"height\":2560},{\"@type\":\"BreadcrumbList\",\"@id\":\"https:\\\/\\\/www.paysdesecrins.com\\\/en\\\/the-refuges-of-the-pays-des-ecrins\\\/#breadcrumb\",\"itemListElement\":[{\"@type\":\"ListItem\",\"position\":1,\"name\":\"Home\",\"item\":\"https:\\\/\\\/www.paysdesecrins.com\\\/en\\\/the-title-of-the-home\\\/\"},{\"@type\":\"ListItem\",\"position\":2,\"name\":\"The refuges of the Pays des \u00c9crins\"}]},{\"@type\":\"WebSite\",\"@id\":\"https:\\\/\\\/www.paysdesecrins.com\\\/en\\\/#website\",\"url\":\"https:\\\/\\\/www.paysdesecrins.com\\\/en\\\/\",\"name\":\"Pays des \u00c9crins - Office de Tourisme\",\"description\":\"L&#039;esprit montagne\",\"publisher\":{\"@id\":\"https:\\\/\\\/www.paysdesecrins.com\\\/en\\\/#organization\"},\"potentialAction\":[{\"@type\":\"SearchAction\",\"target\":{\"@type\":\"EntryPoint\",\"urlTemplate\":\"https:\\\/\\\/www.paysdesecrins.com\\\/en\\\/?s={search_term_string}\"},\"query-input\":{\"@type\":\"PropertyValueSpecification\",\"valueRequired\":true,\"valueName\":\"search_term_string\"}}],\"inLanguage\":\"en-US\"},{\"@type\":\"Organization\",\"@id\":\"https:\\\/\\\/www.paysdesecrins.com\\\/en\\\/#organization\",\"name\":\"Pays des \u00c9crins - Office de Tourisme\",\"url\":\"https:\\\/\\\/www.paysdesecrins.com\\\/en\\\/\",\"logo\":{\"@type\":\"ImageObject\",\"inLanguage\":\"en-US\",\"@id\":\"https:\\\/\\\/www.paysdesecrins.com\\\/en\\\/#\\\/schema\\\/logo\\\/image\\\/\",\"url\":\"https:\\\/\\\/www.paysdesecrins.com\\\/wp-content\\\/uploads\\\/2025\\\/06\\\/devina-svg-1750845694.svg\",\"contentUrl\":\"https:\\\/\\\/www.paysdesecrins.com\\\/wp-content\\\/uploads\\\/2025\\\/06\\\/devina-svg-1750845694.svg\",\"caption\":\"Pays des \u00c9crins - Office de Tourisme\"},\"image\":{\"@id\":\"https:\\\/\\\/www.paysdesecrins.com\\\/en\\\/#\\\/schema\\\/logo\\\/image\\\/\"}}]}<\/script>\n<!-- \/ Yoast SEO plugin. -->","yoast_head_json":{"title":"The refuges of the Pays des \u00c9crins - Pays des \u00c9crins - Office de Tourisme","robots":{"index":"index","follow":"follow","max-snippet":"max-snippet:-1","max-image-preview":"max-image-preview:large","max-video-preview":"max-video-preview:-1"},"canonical":"https:\/\/www.paysdesecrins.com\/en\/the-refuges-of-the-pays-des-ecrins\/","og_locale":"en_US","og_type":"article","og_title":"The refuges of the Pays des \u00c9crins - Pays des \u00c9crins - Office de Tourisme","og_description":"Intimately linked to the history of the conquest of the peaks, for which a halt halfway through the race was [&hellip;]","og_url":"https:\/\/www.paysdesecrins.com\/en\/the-refuges-of-the-pays-des-ecrins\/","og_site_name":"Pays des \u00c9crins - Office de Tourisme","article_modified_time":"2025-08-06T12:41:16+00:00","og_image":[{"width":1920,"height":2560,"url":"https:\/\/www.paysdesecrins.com\/wp-content\/uploads\/2025\/07\/refuge-du-sele-22072023-14-scaled.jpg","type":"image\/jpeg"}],"twitter_card":"summary_large_image","twitter_misc":{"Est. reading time":"6 minutes"},"schema":{"@context":"https:\/\/schema.org","@graph":[{"@type":"WebPage","@id":"https:\/\/www.paysdesecrins.com\/en\/the-refuges-of-the-pays-des-ecrins\/","url":"https:\/\/www.paysdesecrins.com\/en\/the-refuges-of-the-pays-des-ecrins\/","name":"The refuges of the Pays des \u00c9crins - Pays des \u00c9crins - Office de Tourisme","isPartOf":{"@id":"https:\/\/www.paysdesecrins.com\/en\/#website"},"primaryImageOfPage":{"@id":"https:\/\/www.paysdesecrins.com\/en\/the-refuges-of-the-pays-des-ecrins\/#primaryimage"},"image":{"@id":"https:\/\/www.paysdesecrins.com\/en\/the-refuges-of-the-pays-des-ecrins\/#primaryimage"},"thumbnailUrl":"https:\/\/www.paysdesecrins.com\/wp-content\/uploads\/2025\/07\/refuge-du-sele-22072023-14-scaled.jpg","datePublished":"2025-07-24T07:24:21+00:00","dateModified":"2025-08-06T12:41:16+00:00","breadcrumb":{"@id":"https:\/\/www.paysdesecrins.com\/en\/the-refuges-of-the-pays-des-ecrins\/#breadcrumb"},"inLanguage":"en-US","potentialAction":[{"@type":"ReadAction","target":["https:\/\/www.paysdesecrins.com\/en\/the-refuges-of-the-pays-des-ecrins\/"]}]},{"@type":"ImageObject","inLanguage":"en-US","@id":"https:\/\/www.paysdesecrins.com\/en\/the-refuges-of-the-pays-des-ecrins\/#primaryimage","url":"https:\/\/www.paysdesecrins.com\/wp-content\/uploads\/2025\/07\/refuge-du-sele-22072023-14-scaled.jpg","contentUrl":"https:\/\/www.paysdesecrins.com\/wp-content\/uploads\/2025\/07\/refuge-du-sele-22072023-14-scaled.jpg","width":1920,"height":2560},{"@type":"BreadcrumbList","@id":"https:\/\/www.paysdesecrins.com\/en\/the-refuges-of-the-pays-des-ecrins\/#breadcrumb","itemListElement":[{"@type":"ListItem","position":1,"name":"Home","item":"https:\/\/www.paysdesecrins.com\/en\/the-title-of-the-home\/"},{"@type":"ListItem","position":2,"name":"The refuges of the Pays des \u00c9crins"}]},{"@type":"WebSite","@id":"https:\/\/www.paysdesecrins.com\/en\/#website","url":"https:\/\/www.paysdesecrins.com\/en\/","name":"Pays des \u00c9crins - Office de Tourisme","description":"L&#039;esprit montagne","publisher":{"@id":"https:\/\/www.paysdesecrins.com\/en\/#organization"},"potentialAction":[{"@type":"SearchAction","target":{"@type":"EntryPoint","urlTemplate":"https:\/\/www.paysdesecrins.com\/en\/?s={search_term_string}"},"query-input":{"@type":"PropertyValueSpecification","valueRequired":true,"valueName":"search_term_string"}}],"inLanguage":"en-US"},{"@type":"Organization","@id":"https:\/\/www.paysdesecrins.com\/en\/#organization","name":"Pays des \u00c9crins - Office de Tourisme","url":"https:\/\/www.paysdesecrins.com\/en\/","logo":{"@type":"ImageObject","inLanguage":"en-US","@id":"https:\/\/www.paysdesecrins.com\/en\/#\/schema\/logo\/image\/","url":"https:\/\/www.paysdesecrins.com\/wp-content\/uploads\/2025\/06\/devina-svg-1750845694.svg","contentUrl":"https:\/\/www.paysdesecrins.com\/wp-content\/uploads\/2025\/06\/devina-svg-1750845694.svg","caption":"Pays des \u00c9crins - Office de Tourisme"},"image":{"@id":"https:\/\/www.paysdesecrins.com\/en\/#\/schema\/logo\/image\/"}}]}},"_links":{"self":[{"href":"https:\/\/www.paysdesecrins.com\/en\/wp-json\/wp\/v2\/pages\/45972","targetHints":{"allow":["GET"]}}],"collection":[{"href":"https:\/\/www.paysdesecrins.com\/en\/wp-json\/wp\/v2\/pages"}],"about":[{"href":"https:\/\/www.paysdesecrins.com\/en\/wp-json\/wp\/v2\/types\/page"}],"author":[{"embeddable":true,"href":"https:\/\/www.paysdesecrins.com\/en\/wp-json\/wp\/v2\/users\/4"}],"replies":[{"embeddable":true,"href":"https:\/\/www.paysdesecrins.com\/en\/wp-json\/wp\/v2\/comments?post=45972"}],"version-history":[{"count":0,"href":"https:\/\/www.paysdesecrins.com\/en\/wp-json\/wp\/v2\/pages\/45972\/revisions"}],"wp:featuredmedia":[{"embeddable":true,"href":"https:\/\/www.paysdesecrins.com\/en\/wp-json\/wp\/v2\/media\/34854"}],"wp:attachment":[{"href":"https:\/\/www.paysdesecrins.com\/en\/wp-json\/wp\/v2\/media?parent=45972"}],"curies":[{"name":"wp","href":"https:\/\/api.w.org\/{rel}","templated":true}]}}