{"id":48778,"date":"2025-07-29T10:26:48","date_gmt":"2025-07-29T08:26:48","guid":{"rendered":"https:\/\/www.paysdesecrins.com\/access-and-shuttles\/road-bus\/"},"modified":"2025-08-22T10:40:19","modified_gmt":"2025-08-22T08:40:19","slug":"road-bus","status":"publish","type":"page","link":"https:\/\/www.paysdesecrins.com\/en\/i-choose\/access-and-shuttles\/road-bus\/","title":{"rendered":"Road\/Bus"},"content":{"rendered":"    <div class=\"alignfull wp-block-ws-library-ws-header-interne\">\n\t    <div class=\"header-container\">\n\t        <div class=\"group-media has-image\">\n\t            \t                <img loading=\"lazy\" decoding=\"async\" width=\"1200\" height=\"800\" src=\"https:\/\/www.paysdesecrins.com\/wp-content\/uploads\/2025\/07\/1596546037-434450263-1.jpg\" alt=\"\" class=\"image_large_square wp-image-48772\" srcset=\"https:\/\/www.paysdesecrins.com\/wp-content\/uploads\/2025\/07\/1596546037-434450263-1.jpg 1200w, https:\/\/www.paysdesecrins.com\/wp-content\/uploads\/2025\/07\/1596546037-434450263-1-300x200.jpg 300w, https:\/\/www.paysdesecrins.com\/wp-content\/uploads\/2025\/07\/1596546037-434450263-1-1024x683.jpg 1024w, https:\/\/www.paysdesecrins.com\/wp-content\/uploads\/2025\/07\/1596546037-434450263-1-768x512.jpg 768w, https:\/\/www.paysdesecrins.com\/wp-content\/uploads\/2025\/07\/1596546037-434450263-1-960x640.jpg 960w\" sizes=\"auto, (max-width: 1200px) 100vw, 1200px\" \/>\n\t            \t        <\/div>\n\t        <div class=\"group-content\">\n\t            <div class=\"title\">\n\t                <h1>\n\t                    Road\/Bus\t                    \t                <\/h1>\n\t            <\/div>\n\t        <\/div>\n\t    <\/div>\n\t    \n<div class=\"yoast-breadcrumbs\"><span><span><a href=\"https:\/\/www.paysdesecrins.com\/en\/the-title-of-the-home\/\">Home<\/a><\/span>  <span><a href=\"https:\/\/www.paysdesecrins.com\/en\/i-choose\/\">I choose<\/a><\/span>  <span><a href=\"https:\/\/www.paysdesecrins.com\/en\/i-choose\/access-and-shuttles\/\">Access and transport<\/a><\/span>  <span class=\"breadcrumb_last\" aria-current=\"page\">Road\/Bus<\/span><\/span><\/div>\n    <\/div>\n    \n<div class=\"wp-block-ws-library-ws-title aligncenter is-style-simple\"><h2>Access to the Pays des \u00c9crins by car<\/h2><\/div>\n\n<div class=\"wp-block-ws-library-ws-image\"><div class=\"wrapper\"><div class=\"group-media\"><img decoding=\"async\" src=\"https:\/\/www.paysdesecrins.com\/wp-content\/uploads\/2025\/08\/plan-acces-pays-des-ecrins-905x640.png\" alt=\"\" class=\"single_image ws-image-91894\"><div class=\"credits\"><\/div><\/div><p class=\"caption\"><\/p><\/div><\/div>\n\n<div class=\"wp-block-ws-library-ws-title\"><h3><em>Coming to the Pays des \u00c9crins<\/em>by train, bus &amp; carpooling!<\/h3><\/div>\n\n<p>For example, you can find your tickets directly for: <a href=\"https:\/\/www.tictactrip.eu\/search\/paris\/largentiere-les-ecrins?utm_source=paysdesecrins.com&amp;utm_medium=referral&amp;utm_campaign=BL-FR-SKI-PAYS-DES-ECRINS\" target=\"_blank\" rel=\"noreferrer noopener\">Paris &#8211; L&#8217;Argenti\u00e8re-les-\u00c9crins<\/a>, <a href=\"https:\/\/www.tictactrip.eu\/search\/lyon\/largentiere-les-ecrins?utm_source=paysdesecrins.com&amp;utm_medium=referral&amp;utm_campaign=BL-FR-SKI-PAYS-DES-ECRINS\" target=\"_blank\" rel=\"noreferrer noopener\">train Marseille &#8211; L&#8217;Argenti\u00e8re-les-\u00c9crins <\/a>, or bus <a href=\"https:\/\/www.tictactrip.eu\/search\/cluses\/largentiere-les-ecrins?utm_source=paysdesecrins.com&amp;utm_medium=referral&amp;utm_campaign=BL-FR-SKI-PAYS-DES-ECRINS\" target=\"_blank\" rel=\"noreferrer noopener\">Chamb\u00e9ry &#8211; L&#8217;Argenti\u00e8re-les-\u00c9crins<\/a> and many more&#8230;<\/p>\n<p><a href=\"https:\/\/www.tictactrip.eu\" id=\"ttt-widget\" data-iframe-partnerId=\"WB-SKI-PAYS-DES-ECRINS\">. <\/a><br \/>\n<script async type=\"text\/javascript\" src=\"https:\/\/widgetbooking.tictactrip.eu\/index.js\"><\/script><\/p>\n\n<div class=\"wp-block-ws-library-ws-title\"><h3><em>Coming&nbsp;<\/em><strong>northern&nbsp;<\/strong><\/h3><\/div>\n\n<p>Take the <strong>A48<\/strong> motorway to Grenoble, then take the Col du Lautaret (RN91). Cross Brian\u00e7on in the direction of Gap. You enter the Pays des \u00c9crins from Saint-Martin de Queyri\u00e8res.<\/p>\n\n<div class=\"wp-block-ws-library-ws-title\"><h3><em>Coming&nbsp;<\/em><strong>southern&nbsp;<\/strong><\/h3><\/div>\n\n<p>Take the <strong>A51<\/strong> motorway to La Saulce, then head towards Brian\u00e7on (RN 94). You enter the Pays des \u00c9crins from La Roche de Rame. <\/p>\n\n<div class=\"wp-block-ws-library-ws-title\"><h3><em>From<\/em><strong>abroad<\/strong><\/h3><\/div>\n\n<p><strong>From Italy <br\/><\/strong>Take the <strong>A43<\/strong> motorway from the Maurienne via the Fr\u00e9jus tunnel, then take the Col de Montgen\u00e8vre. Cross Brian\u00e7on in the direction of Gap. You enter the Pays des \u00c9crins from Saint-Martin de Queyri\u00e8res.  <br\/><br\/><strong>From Belgium<br\/><\/strong>Follow the <strong>A26<\/strong> motorway to Dijon. Continue towards Lyon, then take the A43 motorway of the Maurienne through the Fr\u00e9jus tunnel, then take the Col de Montgen\u00e8vre. Cross Brian\u00e7on in the direction of Gap. You enter the Pays des \u00c9crins from Saint-Martin de Queyri\u00e8res.   <\/p>\n\n<div class=\"wp-block-ws-library-ws-title\"><h3><em>From<\/em><strong>major cities<\/strong><\/h3><\/div>\n\n<p><strong>From Paris<br\/><\/strong>By <strong>A6<\/strong> motorway to Lyon then by <strong>A43<\/strong> motorway to Grenoble then towards Brian\u00e7on via the Col du Lautaret, you enter the Pays des \u00c9crins at Saint-Martin de Queyri\u00e8res.<br\/><br\/><strong>From Grenoble<br\/><\/strong>Take the <strong>D1091<\/strong>, towards Brian\u00e7on via the Col du Lautaret, you enter the Pays des \u00c9crins at Saint-Martin de Queyri\u00e8res.<br\/><br\/><strong>From Marseille<br\/><\/strong>From the <strong>A51 <\/strong>motorway to Gap\/Tallard, take the N94 towards Brian\u00e7on, you enter the Pays des \u00c9crins at La Roche de Rame.<br\/><br\/>To come to the Pays des \u00c9crins, you can also use taxis that provide you with the vehicle adapted to your request: Transport all distances, airports\/train stations, group transport, Vallouise\/Entraygues link for hikers of the GR54, mountain biking, repatriation assistance, visit of our Valley and its surroundings, seated medical transport, etc.<\/p>\n\n<div class=\"wp-block-ws-library-ws-columns alignwide has-2-columns are-vertically-aligned-center layout-5050 is-style-background\">\n<div class=\"wp-block-ws-library-ws-column\"><div class=\"wrapper\">\n<div class=\"wp-block-ws-library-ws-title\"><h3>Route Info<\/h3><\/div>\n\n\n\n<p>Before you hit the road, don&#8217;t forget to find out about the conditions of the roads you&#8217;ll be taking and the weather forecast on your route. To help you do this, we update our <strong>weather<\/strong> and <strong>traffic conditions<\/strong> daily.   <\/p>\n\n\n\n<p>We also recommend that you write down and keep the following phone numbers during your trip:<\/p>\n\n\n\n<p>Information Col du Lautaret and Col du Montgen\u00e8vre: 04 65 03 00 05<\/p>\n\n\n\n<p>Traffic information (CRIR): 08 26 02 20 22<\/p>\n<\/div><\/div>\n\n\n\n<div class=\"wp-block-ws-library-ws-column\"><div class=\"wrapper\">\n<div class=\"wp-block-ws-library-ws-image\"><div class=\"wrapper\"><div class=\"group-media\"><img decoding=\"async\" src=\"https:\/\/www.paysdesecrins.com\/wp-content\/uploads\/2025\/07\/capture-decran-2025-07-29-a-110556-853x640.png\" alt=\"\" class=\"single_image ws-image-48827\"><div class=\"credits\"><\/div><\/div><p class=\"caption\"><\/p><\/div><\/div>\n<\/div><\/div>\n<\/div>\n\n<div class=\"wp-block-ws-library-ws-title\"><h3><em>Access to the Pays des \u00c9crins<\/em><strong>by coach<\/strong><\/h3><\/div>\n\n<p class=\"has-text-align-left\"><strong>From Grenoble by LER<br\/><\/strong>Regular lines serve Brian\u00e7on from Grenoble. Contact the carrier or check their website for schedules.<br\/>VFD: <a href=\"http:\/\/www.vfd.fr\/\" target=\"_blank\" rel=\"noreferrer noopener\">http:\/\/www.vfd.fr<\/a> &#8211; Phone: 04 76 60 47 08<br\/>LER 55 : Brian\u00e7on &#8211; Grenoble <\/p>\n\n<div class=\"wp-block-ws-library-ws-documents\">\n<div class=\"wp-block-ws-library-ws-document\"><a href=\"https:\/\/www.paysdesecrins.com\/wp-content\/uploads\/2025\/07\/zouler-ligne55-briancon-grenoble-via-serre-chevalier-ete-2025.pdf\" target=\"_blank\" rel=\"noopener noreferrer\" class=\"link-document\">Timetable-Line-L55-Brian\u00e7on-Grenoble-July-August-2025<\/a><\/div>\n<\/div>\n\n<p><strong>From Nice, Marseille or Gap with the SCAL carrier<\/strong><br\/>Regular lines serve the Pays des \u00c9crins and Brian\u00e7on from Nice, Marseille or Gap.<br\/>SCAL: <a href=\"https:\/\/www.autocars-scal.fr\/lignes-horaires\">https:\/\/www.autocars-scal.fr\/lignes-horaires<\/a><br\/>Phone: 04 92 51 06 05<\/p>\n\n<p><strong>From Paris, Marseille and Aix-en-Provence<\/strong><br\/>Come by express from Paris, Marseille and Aix-en-Provence to the resorts of the Pays des \u00c9crins with Imbert coaches.<br\/>Bookable online on the <a href=\"http:\/\/www.neigeexpress.com\/\" target=\"_blank\" rel=\"noreferrer noopener\">Neige Express<\/a> website or by phone on 04 92 45 18 11.<\/p>\n\n<div class=\"wp-block-ws-library-ws-documents\">\n<div class=\"wp-block-ws-library-ws-document\"><a href=\"https:\/\/www.paysdesecrins.com\/wp-content\/uploads\/2025\/07\/car-zouler-69-marseille-gap-briancon-a-partir-du-15-dec2024.pdf\" target=\"_blank\" rel=\"noopener noreferrer\" class=\"link-document\">Timetable-LER69-Marseille-Gap-Brian\u00e7on-from-15-December-2024<\/a><\/div>\n<\/div>\n\n<p><strong>From Paris and Marseille<br\/><\/strong>Les <strong>Autocars IMBERT<\/strong> takes you from Paris and Marseille to your resorts in the Southern Alps.<br\/>The schedules can be found below.  <\/p>\n\n<div class=\"wp-block-ws-library-ws-documents\">\n<div class=\"wp-block-ws-library-ws-document\"><a href=\"https:\/\/www.paysdesecrins.com\/wp-content\/uploads\/2025\/07\/depliant-neige-express-2024-2025-4volets-web-2-1.pdf\" target=\"_blank\" rel=\"noopener noreferrer\" class=\"link-document\">leaflet-snow-express-Paris-Marseille-2024-2025<\/a><\/div>\n<\/div>\n\n<p><strong>From Oulx<br\/><\/strong>Line 76 connects Oulx to Brian\u00e7on via Montgen\u00e8vre.<br\/>Reservation 48 hours in advance is required.<br\/><a href=\"https:\/\/www.autocars-resalp.com\/lignes-horaires\/serre-chevalier-montgenevre-oulx\">https:\/\/www.autocars-resalp.com\/lignes-horaires\/serre-chevalier-montgenevre-oulx<\/a><\/p>\n\n<div class=\"wp-block-ws-library-ws-documents\">\n<div class=\"wp-block-ws-library-ws-document\"><a href=\"https:\/\/www.paysdesecrins.com\/wp-content\/uploads\/2025\/07\/fhligne76-maj2306.pdf\" target=\"_blank\" rel=\"noopener noreferrer\" class=\"link-document\">Line76-Oulx-Montgen\u00e8vre-Brian\u00e7on-March-December-2025<\/a><\/div>\n<\/div>\n\n<div class=\"wp-block-ws-library-ws-share\"><span class=\"share-subtitle\">Did you like this page?<\/span><span class=\"share-title\">Share it!<\/span><button class=\"ws-share-button wp-element-button\">Share this page<\/button><\/div>\n","protected":false},"excerpt":{"rendered":"<p>For example, you can find your tickets directly for: Paris &#8211; L&#8217;Argenti\u00e8re-les-\u00c9crins, train Marseille &#8211; L&#8217;Argenti\u00e8re-les-\u00c9crins , or bus Chamb\u00e9ry [&hellip;]<\/p>\n","protected":false},"author":9,"featured_media":48774,"parent":45938,"menu_order":0,"comment_status":"closed","ping_status":"closed","template":"","meta":{"_thumbnail_id_2":0,"summer_excerpt":"","season":"","station":"","footnotes":""},"class_list":["post-48778","page","type-page","status-publish","has-post-thumbnail","hentry"],"yoast_head":"<!-- This site is optimized with the Yoast SEO plugin v27.3 - https:\/\/yoast.com\/product\/yoast-seo-wordpress\/ -->\n<title>Road\/Bus - Pays des \u00c9crins - Office de Tourisme<\/title>\n<meta name=\"robots\" content=\"index, follow, max-snippet:-1, max-image-preview:large, max-video-preview:-1\" \/>\n<link rel=\"canonical\" href=\"https:\/\/www.paysdesecrins.com\/en\/i-choose\/access-and-shuttles\/road-bus\/\" \/>\n<meta property=\"og:locale\" content=\"en_US\" \/>\n<meta property=\"og:type\" content=\"article\" \/>\n<meta property=\"og:title\" content=\"Road\/Bus - Pays des \u00c9crins - Office de Tourisme\" \/>\n<meta property=\"og:description\" content=\"For example, you can find your tickets directly for: Paris &#8211; L&#8217;Argenti\u00e8re-les-\u00c9crins, train Marseille &#8211; L&#8217;Argenti\u00e8re-les-\u00c9crins , or bus Chamb\u00e9ry [&hellip;]\" \/>\n<meta property=\"og:url\" content=\"https:\/\/www.paysdesecrins.com\/en\/i-choose\/access-and-shuttles\/road-bus\/\" \/>\n<meta property=\"og:site_name\" content=\"Pays des \u00c9crins - Office de Tourisme\" \/>\n<meta property=\"article:modified_time\" content=\"2025-08-22T08:40:19+00:00\" \/>\n<meta property=\"og:image\" content=\"https:\/\/www.paysdesecrins.com\/wp-content\/uploads\/2025\/07\/1596546037-434450263-1.jpg\" \/>\n\t<meta property=\"og:image:width\" content=\"1200\" \/>\n\t<meta property=\"og:image:height\" content=\"800\" \/>\n\t<meta property=\"og:image:type\" content=\"image\/jpeg\" \/>\n<meta name=\"twitter:card\" content=\"summary_large_image\" \/>\n<meta name=\"twitter:label1\" content=\"Est. reading time\" \/>\n\t<meta name=\"twitter:data1\" content=\"3 minutes\" \/>\n<script type=\"application\/ld+json\" class=\"yoast-schema-graph\">{\"@context\":\"https:\\\/\\\/schema.org\",\"@graph\":[{\"@type\":\"WebPage\",\"@id\":\"https:\\\/\\\/www.paysdesecrins.com\\\/en\\\/i-choose\\\/access-and-shuttles\\\/road-bus\\\/\",\"url\":\"https:\\\/\\\/www.paysdesecrins.com\\\/en\\\/i-choose\\\/access-and-shuttles\\\/road-bus\\\/\",\"name\":\"Road\\\/Bus - Pays des \u00c9crins - Office de Tourisme\",\"isPartOf\":{\"@id\":\"https:\\\/\\\/www.paysdesecrins.com\\\/en\\\/#website\"},\"primaryImageOfPage\":{\"@id\":\"https:\\\/\\\/www.paysdesecrins.com\\\/en\\\/i-choose\\\/access-and-shuttles\\\/road-bus\\\/#primaryimage\"},\"image\":{\"@id\":\"https:\\\/\\\/www.paysdesecrins.com\\\/en\\\/i-choose\\\/access-and-shuttles\\\/road-bus\\\/#primaryimage\"},\"thumbnailUrl\":\"https:\\\/\\\/www.paysdesecrins.com\\\/wp-content\\\/uploads\\\/2025\\\/07\\\/1596546037-434450263-1.jpg\",\"datePublished\":\"2025-07-29T08:26:48+00:00\",\"dateModified\":\"2025-08-22T08:40:19+00:00\",\"breadcrumb\":{\"@id\":\"https:\\\/\\\/www.paysdesecrins.com\\\/en\\\/i-choose\\\/access-and-shuttles\\\/road-bus\\\/#breadcrumb\"},\"inLanguage\":\"en-US\",\"potentialAction\":[{\"@type\":\"ReadAction\",\"target\":[\"https:\\\/\\\/www.paysdesecrins.com\\\/en\\\/i-choose\\\/access-and-shuttles\\\/road-bus\\\/\"]}]},{\"@type\":\"ImageObject\",\"inLanguage\":\"en-US\",\"@id\":\"https:\\\/\\\/www.paysdesecrins.com\\\/en\\\/i-choose\\\/access-and-shuttles\\\/road-bus\\\/#primaryimage\",\"url\":\"https:\\\/\\\/www.paysdesecrins.com\\\/wp-content\\\/uploads\\\/2025\\\/07\\\/1596546037-434450263-1.jpg\",\"contentUrl\":\"https:\\\/\\\/www.paysdesecrins.com\\\/wp-content\\\/uploads\\\/2025\\\/07\\\/1596546037-434450263-1.jpg\",\"width\":1200,\"height\":800},{\"@type\":\"BreadcrumbList\",\"@id\":\"https:\\\/\\\/www.paysdesecrins.com\\\/en\\\/i-choose\\\/access-and-shuttles\\\/road-bus\\\/#breadcrumb\",\"itemListElement\":[{\"@type\":\"ListItem\",\"position\":1,\"name\":\"Home\",\"item\":\"https:\\\/\\\/www.paysdesecrins.com\\\/en\\\/the-title-of-the-home\\\/\"},{\"@type\":\"ListItem\",\"position\":2,\"name\":\"I choose\",\"item\":\"https:\\\/\\\/www.paysdesecrins.com\\\/en\\\/i-choose\\\/\"},{\"@type\":\"ListItem\",\"position\":3,\"name\":\"Access and transport\",\"item\":\"https:\\\/\\\/www.paysdesecrins.com\\\/en\\\/i-choose\\\/access-and-shuttles\\\/\"},{\"@type\":\"ListItem\",\"position\":4,\"name\":\"Road\\\/Bus\"}]},{\"@type\":\"WebSite\",\"@id\":\"https:\\\/\\\/www.paysdesecrins.com\\\/en\\\/#website\",\"url\":\"https:\\\/\\\/www.paysdesecrins.com\\\/en\\\/\",\"name\":\"Pays des \u00c9crins - Office de Tourisme\",\"description\":\"L&#039;esprit montagne\",\"publisher\":{\"@id\":\"https:\\\/\\\/www.paysdesecrins.com\\\/en\\\/#organization\"},\"potentialAction\":[{\"@type\":\"SearchAction\",\"target\":{\"@type\":\"EntryPoint\",\"urlTemplate\":\"https:\\\/\\\/www.paysdesecrins.com\\\/en\\\/?s={search_term_string}\"},\"query-input\":{\"@type\":\"PropertyValueSpecification\",\"valueRequired\":true,\"valueName\":\"search_term_string\"}}],\"inLanguage\":\"en-US\"},{\"@type\":\"Organization\",\"@id\":\"https:\\\/\\\/www.paysdesecrins.com\\\/en\\\/#organization\",\"name\":\"Pays des \u00c9crins - Office de Tourisme\",\"url\":\"https:\\\/\\\/www.paysdesecrins.com\\\/en\\\/\",\"logo\":{\"@type\":\"ImageObject\",\"inLanguage\":\"en-US\",\"@id\":\"https:\\\/\\\/www.paysdesecrins.com\\\/en\\\/#\\\/schema\\\/logo\\\/image\\\/\",\"url\":\"https:\\\/\\\/www.paysdesecrins.com\\\/wp-content\\\/uploads\\\/2025\\\/06\\\/devina-svg-1750845694.svg\",\"contentUrl\":\"https:\\\/\\\/www.paysdesecrins.com\\\/wp-content\\\/uploads\\\/2025\\\/06\\\/devina-svg-1750845694.svg\",\"caption\":\"Pays des \u00c9crins - Office de Tourisme\"},\"image\":{\"@id\":\"https:\\\/\\\/www.paysdesecrins.com\\\/en\\\/#\\\/schema\\\/logo\\\/image\\\/\"}}]}<\/script>\n<!-- \/ Yoast SEO plugin. -->","yoast_head_json":{"title":"Road\/Bus - Pays des \u00c9crins - Office de Tourisme","robots":{"index":"index","follow":"follow","max-snippet":"max-snippet:-1","max-image-preview":"max-image-preview:large","max-video-preview":"max-video-preview:-1"},"canonical":"https:\/\/www.paysdesecrins.com\/en\/i-choose\/access-and-shuttles\/road-bus\/","og_locale":"en_US","og_type":"article","og_title":"Road\/Bus - Pays des \u00c9crins - Office de Tourisme","og_description":"For example, you can find your tickets directly for: Paris &#8211; L&#8217;Argenti\u00e8re-les-\u00c9crins, train Marseille &#8211; L&#8217;Argenti\u00e8re-les-\u00c9crins , or bus Chamb\u00e9ry [&hellip;]","og_url":"https:\/\/www.paysdesecrins.com\/en\/i-choose\/access-and-shuttles\/road-bus\/","og_site_name":"Pays des \u00c9crins - Office de Tourisme","article_modified_time":"2025-08-22T08:40:19+00:00","og_image":[{"width":1200,"height":800,"url":"https:\/\/www.paysdesecrins.com\/wp-content\/uploads\/2025\/07\/1596546037-434450263-1.jpg","type":"image\/jpeg"}],"twitter_card":"summary_large_image","twitter_misc":{"Est. reading time":"3 minutes"},"schema":{"@context":"https:\/\/schema.org","@graph":[{"@type":"WebPage","@id":"https:\/\/www.paysdesecrins.com\/en\/i-choose\/access-and-shuttles\/road-bus\/","url":"https:\/\/www.paysdesecrins.com\/en\/i-choose\/access-and-shuttles\/road-bus\/","name":"Road\/Bus - Pays des \u00c9crins - Office de Tourisme","isPartOf":{"@id":"https:\/\/www.paysdesecrins.com\/en\/#website"},"primaryImageOfPage":{"@id":"https:\/\/www.paysdesecrins.com\/en\/i-choose\/access-and-shuttles\/road-bus\/#primaryimage"},"image":{"@id":"https:\/\/www.paysdesecrins.com\/en\/i-choose\/access-and-shuttles\/road-bus\/#primaryimage"},"thumbnailUrl":"https:\/\/www.paysdesecrins.com\/wp-content\/uploads\/2025\/07\/1596546037-434450263-1.jpg","datePublished":"2025-07-29T08:26:48+00:00","dateModified":"2025-08-22T08:40:19+00:00","breadcrumb":{"@id":"https:\/\/www.paysdesecrins.com\/en\/i-choose\/access-and-shuttles\/road-bus\/#breadcrumb"},"inLanguage":"en-US","potentialAction":[{"@type":"ReadAction","target":["https:\/\/www.paysdesecrins.com\/en\/i-choose\/access-and-shuttles\/road-bus\/"]}]},{"@type":"ImageObject","inLanguage":"en-US","@id":"https:\/\/www.paysdesecrins.com\/en\/i-choose\/access-and-shuttles\/road-bus\/#primaryimage","url":"https:\/\/www.paysdesecrins.com\/wp-content\/uploads\/2025\/07\/1596546037-434450263-1.jpg","contentUrl":"https:\/\/www.paysdesecrins.com\/wp-content\/uploads\/2025\/07\/1596546037-434450263-1.jpg","width":1200,"height":800},{"@type":"BreadcrumbList","@id":"https:\/\/www.paysdesecrins.com\/en\/i-choose\/access-and-shuttles\/road-bus\/#breadcrumb","itemListElement":[{"@type":"ListItem","position":1,"name":"Home","item":"https:\/\/www.paysdesecrins.com\/en\/the-title-of-the-home\/"},{"@type":"ListItem","position":2,"name":"I choose","item":"https:\/\/www.paysdesecrins.com\/en\/i-choose\/"},{"@type":"ListItem","position":3,"name":"Access and transport","item":"https:\/\/www.paysdesecrins.com\/en\/i-choose\/access-and-shuttles\/"},{"@type":"ListItem","position":4,"name":"Road\/Bus"}]},{"@type":"WebSite","@id":"https:\/\/www.paysdesecrins.com\/en\/#website","url":"https:\/\/www.paysdesecrins.com\/en\/","name":"Pays des \u00c9crins - Office de Tourisme","description":"L&#039;esprit montagne","publisher":{"@id":"https:\/\/www.paysdesecrins.com\/en\/#organization"},"potentialAction":[{"@type":"SearchAction","target":{"@type":"EntryPoint","urlTemplate":"https:\/\/www.paysdesecrins.com\/en\/?s={search_term_string}"},"query-input":{"@type":"PropertyValueSpecification","valueRequired":true,"valueName":"search_term_string"}}],"inLanguage":"en-US"},{"@type":"Organization","@id":"https:\/\/www.paysdesecrins.com\/en\/#organization","name":"Pays des \u00c9crins - Office de Tourisme","url":"https:\/\/www.paysdesecrins.com\/en\/","logo":{"@type":"ImageObject","inLanguage":"en-US","@id":"https:\/\/www.paysdesecrins.com\/en\/#\/schema\/logo\/image\/","url":"https:\/\/www.paysdesecrins.com\/wp-content\/uploads\/2025\/06\/devina-svg-1750845694.svg","contentUrl":"https:\/\/www.paysdesecrins.com\/wp-content\/uploads\/2025\/06\/devina-svg-1750845694.svg","caption":"Pays des \u00c9crins - Office de Tourisme"},"image":{"@id":"https:\/\/www.paysdesecrins.com\/en\/#\/schema\/logo\/image\/"}}]}},"_links":{"self":[{"href":"https:\/\/www.paysdesecrins.com\/en\/wp-json\/wp\/v2\/pages\/48778","targetHints":{"allow":["GET"]}}],"collection":[{"href":"https:\/\/www.paysdesecrins.com\/en\/wp-json\/wp\/v2\/pages"}],"about":[{"href":"https:\/\/www.paysdesecrins.com\/en\/wp-json\/wp\/v2\/types\/page"}],"author":[{"embeddable":true,"href":"https:\/\/www.paysdesecrins.com\/en\/wp-json\/wp\/v2\/users\/9"}],"replies":[{"embeddable":true,"href":"https:\/\/www.paysdesecrins.com\/en\/wp-json\/wp\/v2\/comments?post=48778"}],"version-history":[{"count":2,"href":"https:\/\/www.paysdesecrins.com\/en\/wp-json\/wp\/v2\/pages\/48778\/revisions"}],"predecessor-version":[{"id":105057,"href":"https:\/\/www.paysdesecrins.com\/en\/wp-json\/wp\/v2\/pages\/48778\/revisions\/105057"}],"up":[{"embeddable":true,"href":"https:\/\/www.paysdesecrins.com\/en\/wp-json\/wp\/v2\/pages\/45938"}],"wp:featuredmedia":[{"embeddable":true,"href":"https:\/\/www.paysdesecrins.com\/en\/wp-json\/wp\/v2\/media\/48774"}],"wp:attachment":[{"href":"https:\/\/www.paysdesecrins.com\/en\/wp-json\/wp\/v2\/media?parent=48778"}],"curies":[{"name":"wp","href":"https:\/\/api.w.org\/{rel}","templated":true}]}}