{"id":48911,"date":"2025-07-29T11:59:50","date_gmt":"2025-07-29T09:59:50","guid":{"rendered":"https:\/\/www.paysdesecrins.com\/access-and-shuttles\/train\/"},"modified":"2025-07-29T13:45:15","modified_gmt":"2025-07-29T11:45:15","slug":"train","status":"publish","type":"page","link":"https:\/\/www.paysdesecrins.com\/en\/i-choose\/access-and-shuttles\/train\/","title":{"rendered":"Train"},"content":{"rendered":"    <div class=\"alignfull wp-block-ws-library-ws-header-interne\">\n\t    <div class=\"header-container\">\n\t        <div class=\"group-media has-image\">\n\t            \t                <img loading=\"lazy\" decoding=\"async\" width=\"1920\" height=\"800\" src=\"https:\/\/www.paysdesecrins.com\/wp-content\/uploads\/2025\/07\/argentiere-la-bessee-27-1920x800.jpg\" alt=\"\" class=\"image_large_square wp-image-48904\" \/>\n\t            \t        <\/div>\n\t        <div class=\"group-content\">\n\t            <div class=\"title\">\n\t                <h1>\n\t                    Train\t                    \t                <\/h1>\n\t            <\/div>\n\t        <\/div>\n\t    <\/div>\n\t    \n<div class=\"yoast-breadcrumbs\"><span><span><a href=\"https:\/\/www.paysdesecrins.com\/en\/the-title-of-the-home\/\">Home<\/a><\/span>  <span><a href=\"https:\/\/www.paysdesecrins.com\/en\/i-choose\/\">I choose<\/a><\/span>  <span><a href=\"https:\/\/www.paysdesecrins.com\/en\/i-choose\/access-and-shuttles\/\">Access and transport<\/a><\/span>  <span class=\"breadcrumb_last\" aria-current=\"page\">Train<\/span><\/span><\/div>\n    <\/div>\n    \n<div class=\"wp-block-ws-library-ws-title aligncenter is-style-simple\"><h2>To get to the Pays des \u00c9crins by train, bus &amp; carpooling, it&#8217;s here!<\/h2><\/div>\n\n<div class=\"wp-block-ws-library-ws-image\"><div class=\"wrapper\"><div class=\"group-media\"><img decoding=\"async\" src=\"https:\/\/www.paysdesecrins.com\/wp-content\/uploads\/2025\/07\/1641379789-284411649-960x406.jpg\" alt=\"\" class=\"single_image ws-image-48695\"><div class=\"credits\"><\/div><\/div><p class=\"caption\"><\/p><\/div><\/div>\n\n<div class=\"wp-block-ws-library-ws-title\"><h3><em>Coming to the Pays des \u00c9crins<\/em>by train, bus &amp; carpooling!<\/h3><\/div>\n\n<p>For example, you can find your tickets directly for: <a href=\"https:\/\/www.tictactrip.eu\/search\/paris\/largentiere-les-ecrins?utm_source=paysdesecrins.com&amp;utm_medium=referral&amp;utm_campaign=BL-FR-SKI-PAYS-DES-ECRINS\" target=\"_blank\" rel=\"noreferrer noopener\">Paris &#8211; L&#8217;Argenti\u00e8re-les-\u00c9crins<\/a>, <a href=\"https:\/\/www.tictactrip.eu\/search\/lyon\/largentiere-les-ecrins?utm_source=paysdesecrins.com&amp;utm_medium=referral&amp;utm_campaign=BL-FR-SKI-PAYS-DES-ECRINS\" target=\"_blank\" rel=\"noreferrer noopener\">train Marseille &#8211; L&#8217;Argenti\u00e8re-les-\u00c9crins <\/a>, or bus <a href=\"https:\/\/www.tictactrip.eu\/search\/cluses\/largentiere-les-ecrins?utm_source=paysdesecrins.com&amp;utm_medium=referral&amp;utm_campaign=BL-FR-SKI-PAYS-DES-ECRINS\" target=\"_blank\" rel=\"noreferrer noopener\">Chamb\u00e9ry &#8211; L&#8217;Argenti\u00e8re-les-\u00c9crins<\/a> and many more&#8230;<\/p>\n<p><a href=\"https:\/\/www.tictactrip.eu\" id=\"ttt-widget\" data-iframe-partnerId=\"WB-SKI-PAYS-DES-ECRINS\">. <\/a><br \/>\n<script async type=\"text\/javascript\" src=\"https:\/\/widgetbooking.tictactrip.eu\/index.js\"><\/script><\/p>\n\n<p>The Pays des \u00c9crins is served by only one train station: <strong><a href=\"https:\/\/www.oui.sncf\/gares\/l-argentiere-les-ecrins\" target=\"_blank\" rel=\"noreferrer noopener\">Argenti\u00e8re les \u00c9crins<\/a><\/strong>. Once you arrive at the station, shuttles or taxis can take you to the different municipalities in the area. <\/p>\n\n<div class=\"wp-block-ws-library-ws-columns alignwide has-2-columns are-vertically-aligned-center layout-5050 is-style-background\">\n<div class=\"wp-block-ws-library-ws-column\"><div class=\"wrapper\">\n<div class=\"wp-block-ws-library-ws-title\"><h3><strong>Coming from Paris<\/strong><\/h3><\/div>\n\n\n\n<ul class=\"wp-block-list\">\n<li>TGV Paris &#8211; Marseille, then TER Marseille &#8211; l&#8217;Argenti\u00e8re les \u00c9crins<\/li>\n<\/ul>\n\n\n\n<ul class=\"wp-block-list\">\n<li>TGV Paris &#8211; Valence, then bus Valence &#8211; l&#8217;Argenti\u00e8re les \u00c9crins<\/li>\n<\/ul>\n\n\n\n<p>Possibility of Intercit\u00e9 Paris-Brian\u00e7on and TGV Paris-Oulx night trains. We advise you to check with the SNCF for more information because the lines are frequently interrupted due to works. Information and reservation at the SNCF here: <a href=\"https:\/\/www.sncf-connect.com\/\" target=\"_blank\" rel=\"noreferrer noopener\">https:\/\/www.sncf-connect.com\/<\/a>  <\/p>\n<\/div><\/div>\n\n\n\n<div class=\"wp-block-ws-library-ws-column\"><div class=\"wrapper\">\n<div class=\"wp-block-ws-library-ws-image\"><div class=\"wrapper\"><div class=\"group-media\"><img decoding=\"async\" src=\"https:\/\/www.paysdesecrins.com\/wp-content\/uploads\/2025\/07\/argentiere-la-bessee-44-960x640.jpg\" alt=\"\" class=\"single_image ws-image-48915\"><div class=\"credits\"><\/div><\/div><p class=\"caption\"><\/p><\/div><\/div>\n<\/div><\/div>\n<\/div>\n\n<div class=\"wp-block-ws-library-ws-title\"><h3><em>Coming<\/em>from Grenoble  <br><\/h3><\/div>\n\n<p>Take a train to Clelles-Mens. At the terminus, a bus bound for Gap will take you to Veynes-D\u00e9voluy. At this stop, you will take a train to Brian\u00e7on and stop at the Argenti\u00e8re les \u00c9crins station.    <\/p>\n\n<div style=\"height:0px\" aria-hidden=\"true\" class=\"wp-block-spacer\"><\/div>\n\n<div class=\"wp-block-ws-library-ws-title\"><h3><em>Coming<\/em><strong>from Marseille<\/strong><\/h3><\/div>\n\n<p>Take a bus from Marseille St Charles to Gap. A train to Brian\u00e7on will take you to Argenti\u00e8re les \u00c9crins. <\/p>\n\n<div style=\"height:0px\" aria-hidden=\"true\" class=\"wp-block-spacer\"><\/div>\n\n<p><em><strong>Find below the TER timetables<\/strong><\/em> :  <\/p>\n\n<div class=\"wp-block-ws-library-ws-documents\">\n<div class=\"wp-block-ws-library-ws-document\"><a href=\"https:\/\/www.paysdesecrins.com\/wp-content\/uploads\/2025\/07\/zouler-ligne50-navettes-blanches-2025-2.pdf\" target=\"_blank\" rel=\"noopener noreferrer\" class=\"link-document\">Zou_ligne50_Navettes-blanches-2025<\/a><\/div>\n\n\n\n<div class=\"wp-block-ws-library-ws-document\"><a href=\"https:\/\/www.paysdesecrins.com\/wp-content\/uploads\/2025\/07\/zouler-ligne55-briancon-grenoble-via-serre-chevalier-ete-2025-1.pdf\" target=\"_blank\" rel=\"noopener noreferrer\" class=\"link-document\">Zou_ligne55_Brian\u00e7on-Grenoble<\/a><\/div>\n\n\n\n<div class=\"wp-block-ws-library-ws-document\"><a href=\"https:\/\/www.paysdesecrins.com\/wp-content\/uploads\/2025\/07\/zouler-ligne69-marseille-briancon-via-manosque-sisteron-gap-sept-2024-v2.pdf\" target=\"_blank\" rel=\"noopener noreferrer\" class=\"link-document\">Zou_ligne69_Marseille-Brian\u00e7on-via-Manosque-Sisteron-Gap<\/a><\/div>\n\n\n\n<div class=\"wp-block-ws-library-ws-document\"><a href=\"https:\/\/www.paysdesecrins.com\/wp-content\/uploads\/2025\/07\/ter-13-marseille-aix-gap-brianasson-du-15-daccembre-2024-au-7-septembre-2025-20241126-1.pdf\" target=\"_blank\" rel=\"noopener noreferrer\" class=\"link-document\">TER-13_Marseille-Aix-Gap-Brian\u00e7on<\/a><\/div>\n\n\n\n<div class=\"wp-block-ws-library-ws-document\"><a href=\"https:\/\/www.paysdesecrins.com\/wp-content\/uploads\/2025\/07\/ter-14-romans-valence-gap-briancon-du-15-daccembre-2025-au-28-septembre-2025-20241217.pdf\" target=\"_blank\" rel=\"noopener noreferrer\" class=\"link-document\">TER-14_Romans-Valence-Gap-Brian\u00e7on<\/a><\/div>\n\n\n\n<div class=\"wp-block-ws-library-ws-document\"><a href=\"https:\/\/www.paysdesecrins.com\/wp-content\/uploads\/2025\/07\/horaires-ligne-63-grenoble-gap.pdf\" target=\"_blank\" rel=\"noopener noreferrer\" class=\"link-document\">Timetable line 63 Grenoble-Gap<\/a><\/div>\n<\/div>\n\n<div class=\"wp-block-ws-library-ws-title\"><h4><strong>TrainLine<\/strong><\/h4><\/div>\n\n<p>You can also visit the <strong><a href=\"https:\/\/www.thetrainline.com\/fr\" target=\"_blank\" rel=\"noreferrer noopener\">Trainline<\/a> website <\/strong>to find the trains and or buses that best suit your journey.<\/p>\n\n<p class=\"has-text-align-center\">I act for the planet by calculating my carbon footprint <a href=\"https:\/\/agirpourlatransition.ademe.fr\/particuliers\/bureau\/deplacements\/calculer-emissions-carbone-trajets\" target=\"_blank\" rel=\"noreferrer noopener\">here<\/a>, and\/or offset <a href=\"https:\/\/nosgestesclimat.fr\/\" target=\"_blank\" rel=\"noreferrer noopener\">here<\/a>.<\/p>\n\n<div class=\"wp-block-ws-library-ws-share\"><span class=\"share-subtitle\">Did you like this page?<\/span><span class=\"share-title\">Share it!<\/span><button class=\"ws-share-button wp-element-button\">Share this page<\/button><\/div>\n","protected":false},"excerpt":{"rendered":"<p>For example, you can find your tickets directly for: Paris &#8211; L&#8217;Argenti\u00e8re-les-\u00c9crins, train Marseille &#8211; L&#8217;Argenti\u00e8re-les-\u00c9crins , or bus Chamb\u00e9ry [&hellip;]<\/p>\n","protected":false},"author":9,"featured_media":48906,"parent":45938,"menu_order":0,"comment_status":"closed","ping_status":"closed","template":"","meta":{"_thumbnail_id_2":0,"summer_excerpt":"","season":"","station":"","footnotes":""},"class_list":["post-48911","page","type-page","status-publish","has-post-thumbnail","hentry"],"yoast_head":"<!-- This site is optimized with the Yoast SEO plugin v27.3 - https:\/\/yoast.com\/product\/yoast-seo-wordpress\/ -->\n<title>Train - Pays des \u00c9crins - Office de Tourisme<\/title>\n<meta name=\"robots\" content=\"index, follow, max-snippet:-1, max-image-preview:large, max-video-preview:-1\" \/>\n<link rel=\"canonical\" href=\"https:\/\/www.paysdesecrins.com\/en\/i-choose\/access-and-shuttles\/train\/\" \/>\n<meta property=\"og:locale\" content=\"en_US\" \/>\n<meta property=\"og:type\" content=\"article\" \/>\n<meta property=\"og:title\" content=\"Train - Pays des \u00c9crins - Office de Tourisme\" \/>\n<meta property=\"og:description\" content=\"For example, you can find your tickets directly for: Paris &#8211; L&#8217;Argenti\u00e8re-les-\u00c9crins, train Marseille &#8211; L&#8217;Argenti\u00e8re-les-\u00c9crins , or bus Chamb\u00e9ry [&hellip;]\" \/>\n<meta property=\"og:url\" content=\"https:\/\/www.paysdesecrins.com\/en\/i-choose\/access-and-shuttles\/train\/\" \/>\n<meta property=\"og:site_name\" content=\"Pays des \u00c9crins - Office de Tourisme\" \/>\n<meta property=\"article:modified_time\" content=\"2025-07-29T11:45:15+00:00\" \/>\n<meta property=\"og:image\" content=\"https:\/\/www.paysdesecrins.com\/wp-content\/uploads\/2025\/07\/argentiere-la-bessee-27-scaled.jpg\" \/>\n\t<meta property=\"og:image:width\" content=\"2560\" \/>\n\t<meta property=\"og:image:height\" content=\"1707\" \/>\n\t<meta property=\"og:image:type\" content=\"image\/jpeg\" \/>\n<meta name=\"twitter:card\" content=\"summary_large_image\" \/>\n<meta name=\"twitter:label1\" content=\"Est. reading time\" \/>\n\t<meta name=\"twitter:data1\" content=\"1 minute\" \/>\n<script type=\"application\/ld+json\" class=\"yoast-schema-graph\">{\"@context\":\"https:\\\/\\\/schema.org\",\"@graph\":[{\"@type\":\"WebPage\",\"@id\":\"https:\\\/\\\/www.paysdesecrins.com\\\/en\\\/i-choose\\\/access-and-shuttles\\\/train\\\/\",\"url\":\"https:\\\/\\\/www.paysdesecrins.com\\\/en\\\/i-choose\\\/access-and-shuttles\\\/train\\\/\",\"name\":\"Train - Pays des \u00c9crins - Office de Tourisme\",\"isPartOf\":{\"@id\":\"https:\\\/\\\/www.paysdesecrins.com\\\/en\\\/#website\"},\"primaryImageOfPage\":{\"@id\":\"https:\\\/\\\/www.paysdesecrins.com\\\/en\\\/i-choose\\\/access-and-shuttles\\\/train\\\/#primaryimage\"},\"image\":{\"@id\":\"https:\\\/\\\/www.paysdesecrins.com\\\/en\\\/i-choose\\\/access-and-shuttles\\\/train\\\/#primaryimage\"},\"thumbnailUrl\":\"https:\\\/\\\/www.paysdesecrins.com\\\/wp-content\\\/uploads\\\/2025\\\/07\\\/argentiere-la-bessee-27-scaled.jpg\",\"datePublished\":\"2025-07-29T09:59:50+00:00\",\"dateModified\":\"2025-07-29T11:45:15+00:00\",\"breadcrumb\":{\"@id\":\"https:\\\/\\\/www.paysdesecrins.com\\\/en\\\/i-choose\\\/access-and-shuttles\\\/train\\\/#breadcrumb\"},\"inLanguage\":\"en-US\",\"potentialAction\":[{\"@type\":\"ReadAction\",\"target\":[\"https:\\\/\\\/www.paysdesecrins.com\\\/en\\\/i-choose\\\/access-and-shuttles\\\/train\\\/\"]}]},{\"@type\":\"ImageObject\",\"inLanguage\":\"en-US\",\"@id\":\"https:\\\/\\\/www.paysdesecrins.com\\\/en\\\/i-choose\\\/access-and-shuttles\\\/train\\\/#primaryimage\",\"url\":\"https:\\\/\\\/www.paysdesecrins.com\\\/wp-content\\\/uploads\\\/2025\\\/07\\\/argentiere-la-bessee-27-scaled.jpg\",\"contentUrl\":\"https:\\\/\\\/www.paysdesecrins.com\\\/wp-content\\\/uploads\\\/2025\\\/07\\\/argentiere-la-bessee-27-scaled.jpg\",\"width\":2560,\"height\":1707},{\"@type\":\"BreadcrumbList\",\"@id\":\"https:\\\/\\\/www.paysdesecrins.com\\\/en\\\/i-choose\\\/access-and-shuttles\\\/train\\\/#breadcrumb\",\"itemListElement\":[{\"@type\":\"ListItem\",\"position\":1,\"name\":\"Home\",\"item\":\"https:\\\/\\\/www.paysdesecrins.com\\\/en\\\/the-title-of-the-home\\\/\"},{\"@type\":\"ListItem\",\"position\":2,\"name\":\"I choose\",\"item\":\"https:\\\/\\\/www.paysdesecrins.com\\\/en\\\/i-choose\\\/\"},{\"@type\":\"ListItem\",\"position\":3,\"name\":\"Access and transport\",\"item\":\"https:\\\/\\\/www.paysdesecrins.com\\\/en\\\/i-choose\\\/access-and-shuttles\\\/\"},{\"@type\":\"ListItem\",\"position\":4,\"name\":\"Train\"}]},{\"@type\":\"WebSite\",\"@id\":\"https:\\\/\\\/www.paysdesecrins.com\\\/en\\\/#website\",\"url\":\"https:\\\/\\\/www.paysdesecrins.com\\\/en\\\/\",\"name\":\"Pays des \u00c9crins - Office de Tourisme\",\"description\":\"L&#039;esprit montagne\",\"publisher\":{\"@id\":\"https:\\\/\\\/www.paysdesecrins.com\\\/en\\\/#organization\"},\"potentialAction\":[{\"@type\":\"SearchAction\",\"target\":{\"@type\":\"EntryPoint\",\"urlTemplate\":\"https:\\\/\\\/www.paysdesecrins.com\\\/en\\\/?s={search_term_string}\"},\"query-input\":{\"@type\":\"PropertyValueSpecification\",\"valueRequired\":true,\"valueName\":\"search_term_string\"}}],\"inLanguage\":\"en-US\"},{\"@type\":\"Organization\",\"@id\":\"https:\\\/\\\/www.paysdesecrins.com\\\/en\\\/#organization\",\"name\":\"Pays des \u00c9crins - Office de Tourisme\",\"url\":\"https:\\\/\\\/www.paysdesecrins.com\\\/en\\\/\",\"logo\":{\"@type\":\"ImageObject\",\"inLanguage\":\"en-US\",\"@id\":\"https:\\\/\\\/www.paysdesecrins.com\\\/en\\\/#\\\/schema\\\/logo\\\/image\\\/\",\"url\":\"https:\\\/\\\/www.paysdesecrins.com\\\/wp-content\\\/uploads\\\/2025\\\/06\\\/devina-svg-1750845694.svg\",\"contentUrl\":\"https:\\\/\\\/www.paysdesecrins.com\\\/wp-content\\\/uploads\\\/2025\\\/06\\\/devina-svg-1750845694.svg\",\"caption\":\"Pays des \u00c9crins - Office de Tourisme\"},\"image\":{\"@id\":\"https:\\\/\\\/www.paysdesecrins.com\\\/en\\\/#\\\/schema\\\/logo\\\/image\\\/\"}}]}<\/script>\n<!-- \/ Yoast SEO plugin. -->","yoast_head_json":{"title":"Train - Pays des \u00c9crins - Office de Tourisme","robots":{"index":"index","follow":"follow","max-snippet":"max-snippet:-1","max-image-preview":"max-image-preview:large","max-video-preview":"max-video-preview:-1"},"canonical":"https:\/\/www.paysdesecrins.com\/en\/i-choose\/access-and-shuttles\/train\/","og_locale":"en_US","og_type":"article","og_title":"Train - Pays des \u00c9crins - Office de Tourisme","og_description":"For example, you can find your tickets directly for: Paris &#8211; L&#8217;Argenti\u00e8re-les-\u00c9crins, train Marseille &#8211; L&#8217;Argenti\u00e8re-les-\u00c9crins , or bus Chamb\u00e9ry [&hellip;]","og_url":"https:\/\/www.paysdesecrins.com\/en\/i-choose\/access-and-shuttles\/train\/","og_site_name":"Pays des \u00c9crins - Office de Tourisme","article_modified_time":"2025-07-29T11:45:15+00:00","og_image":[{"width":2560,"height":1707,"url":"https:\/\/www.paysdesecrins.com\/wp-content\/uploads\/2025\/07\/argentiere-la-bessee-27-scaled.jpg","type":"image\/jpeg"}],"twitter_card":"summary_large_image","twitter_misc":{"Est. reading time":"1 minute"},"schema":{"@context":"https:\/\/schema.org","@graph":[{"@type":"WebPage","@id":"https:\/\/www.paysdesecrins.com\/en\/i-choose\/access-and-shuttles\/train\/","url":"https:\/\/www.paysdesecrins.com\/en\/i-choose\/access-and-shuttles\/train\/","name":"Train - Pays des \u00c9crins - Office de Tourisme","isPartOf":{"@id":"https:\/\/www.paysdesecrins.com\/en\/#website"},"primaryImageOfPage":{"@id":"https:\/\/www.paysdesecrins.com\/en\/i-choose\/access-and-shuttles\/train\/#primaryimage"},"image":{"@id":"https:\/\/www.paysdesecrins.com\/en\/i-choose\/access-and-shuttles\/train\/#primaryimage"},"thumbnailUrl":"https:\/\/www.paysdesecrins.com\/wp-content\/uploads\/2025\/07\/argentiere-la-bessee-27-scaled.jpg","datePublished":"2025-07-29T09:59:50+00:00","dateModified":"2025-07-29T11:45:15+00:00","breadcrumb":{"@id":"https:\/\/www.paysdesecrins.com\/en\/i-choose\/access-and-shuttles\/train\/#breadcrumb"},"inLanguage":"en-US","potentialAction":[{"@type":"ReadAction","target":["https:\/\/www.paysdesecrins.com\/en\/i-choose\/access-and-shuttles\/train\/"]}]},{"@type":"ImageObject","inLanguage":"en-US","@id":"https:\/\/www.paysdesecrins.com\/en\/i-choose\/access-and-shuttles\/train\/#primaryimage","url":"https:\/\/www.paysdesecrins.com\/wp-content\/uploads\/2025\/07\/argentiere-la-bessee-27-scaled.jpg","contentUrl":"https:\/\/www.paysdesecrins.com\/wp-content\/uploads\/2025\/07\/argentiere-la-bessee-27-scaled.jpg","width":2560,"height":1707},{"@type":"BreadcrumbList","@id":"https:\/\/www.paysdesecrins.com\/en\/i-choose\/access-and-shuttles\/train\/#breadcrumb","itemListElement":[{"@type":"ListItem","position":1,"name":"Home","item":"https:\/\/www.paysdesecrins.com\/en\/the-title-of-the-home\/"},{"@type":"ListItem","position":2,"name":"I choose","item":"https:\/\/www.paysdesecrins.com\/en\/i-choose\/"},{"@type":"ListItem","position":3,"name":"Access and transport","item":"https:\/\/www.paysdesecrins.com\/en\/i-choose\/access-and-shuttles\/"},{"@type":"ListItem","position":4,"name":"Train"}]},{"@type":"WebSite","@id":"https:\/\/www.paysdesecrins.com\/en\/#website","url":"https:\/\/www.paysdesecrins.com\/en\/","name":"Pays des \u00c9crins - Office de Tourisme","description":"L&#039;esprit montagne","publisher":{"@id":"https:\/\/www.paysdesecrins.com\/en\/#organization"},"potentialAction":[{"@type":"SearchAction","target":{"@type":"EntryPoint","urlTemplate":"https:\/\/www.paysdesecrins.com\/en\/?s={search_term_string}"},"query-input":{"@type":"PropertyValueSpecification","valueRequired":true,"valueName":"search_term_string"}}],"inLanguage":"en-US"},{"@type":"Organization","@id":"https:\/\/www.paysdesecrins.com\/en\/#organization","name":"Pays des \u00c9crins - Office de Tourisme","url":"https:\/\/www.paysdesecrins.com\/en\/","logo":{"@type":"ImageObject","inLanguage":"en-US","@id":"https:\/\/www.paysdesecrins.com\/en\/#\/schema\/logo\/image\/","url":"https:\/\/www.paysdesecrins.com\/wp-content\/uploads\/2025\/06\/devina-svg-1750845694.svg","contentUrl":"https:\/\/www.paysdesecrins.com\/wp-content\/uploads\/2025\/06\/devina-svg-1750845694.svg","caption":"Pays des \u00c9crins - Office de Tourisme"},"image":{"@id":"https:\/\/www.paysdesecrins.com\/en\/#\/schema\/logo\/image\/"}}]}},"_links":{"self":[{"href":"https:\/\/www.paysdesecrins.com\/en\/wp-json\/wp\/v2\/pages\/48911","targetHints":{"allow":["GET"]}}],"collection":[{"href":"https:\/\/www.paysdesecrins.com\/en\/wp-json\/wp\/v2\/pages"}],"about":[{"href":"https:\/\/www.paysdesecrins.com\/en\/wp-json\/wp\/v2\/types\/page"}],"author":[{"embeddable":true,"href":"https:\/\/www.paysdesecrins.com\/en\/wp-json\/wp\/v2\/users\/9"}],"replies":[{"embeddable":true,"href":"https:\/\/www.paysdesecrins.com\/en\/wp-json\/wp\/v2\/comments?post=48911"}],"version-history":[{"count":0,"href":"https:\/\/www.paysdesecrins.com\/en\/wp-json\/wp\/v2\/pages\/48911\/revisions"}],"up":[{"embeddable":true,"href":"https:\/\/www.paysdesecrins.com\/en\/wp-json\/wp\/v2\/pages\/45938"}],"wp:featuredmedia":[{"embeddable":true,"href":"https:\/\/www.paysdesecrins.com\/en\/wp-json\/wp\/v2\/media\/48906"}],"wp:attachment":[{"href":"https:\/\/www.paysdesecrins.com\/en\/wp-json\/wp\/v2\/media?parent=48911"}],"curies":[{"name":"wp","href":"https:\/\/api.w.org\/{rel}","templated":true}]}}