{"id":75123,"date":"2025-08-11T12:52:24","date_gmt":"2025-08-11T10:52:24","guid":{"rendered":"https:\/\/www.paysdesecrins.com\/swimming-in-the-ecrins\/"},"modified":"2025-08-13T12:13:00","modified_gmt":"2025-08-13T10:13:00","slug":"swimming-in-the-ecrins","status":"publish","type":"page","link":"https:\/\/www.paysdesecrins.com\/en\/swimming-in-the-ecrins\/","title":{"rendered":"Swimming in the \u00c9crins"},"content":{"rendered":"    <div class=\"alignfull wp-block-ws-library-ws-header-interne\" data-season=\"summer\">\n\t    <div class=\"header-container\">\n\t        <div class=\"group-media has-image\">\n\t            \t                <img loading=\"lazy\" decoding=\"async\" width=\"1920\" height=\"800\" src=\"https:\/\/www.paysdesecrins.com\/wp-content\/uploads\/2025\/08\/dsc09033-2-1920x800.jpg\" alt=\"\" class=\"image_large_square wp-image-63829\" \/>\n\t            \t        <\/div>\n\t        <div class=\"group-content\">\n\t            <div class=\"title\">\n\t                <h1>\n\t                    Swimming in the \u00c9crins\t                    \t                <\/h1>\n\t            <\/div>\n\t        <\/div>\n\t    <\/div>\n\t    \n<div class=\"yoast-breadcrumbs\"><span><span><a href=\"https:\/\/www.paysdesecrins.com\/en\/the-title-of-the-home\/\">Home<\/a><\/span>  <span class=\"breadcrumb_last\" aria-current=\"page\">Swimming in the \u00c9crins<\/span><\/span><\/div>\n    <\/div>\n    \n<div class=\"wp-block-ws-library-ws-title aligncenter is-style-simple\"><h2><em>Lakes and pools<\/em>Swimming spots<\/h2><\/div>\n\n<p class=\"has-text-align-center\">Looking for freshness in the heart of the mountains? The Pays des \u00c9crins offers a beautiful diversity of lakes and swimming pools to combine relaxation, swimming and a grandiose panorama.<\/p>\n\n<div class=\"wp-block-ws-library-ws-columns alignwide has-2-columns are-vertically-aligned-center layout-5050 is-style-background\">\n<div class=\"wp-block-ws-library-ws-column\"><div class=\"wrapper\">\n<div class=\"wp-block-ws-library-ws-title\"><h2>WATER BODIES  <\/h2><\/div>\n\n\n\n<p>No need to climb peaks to enjoy the freshness! Two lakes welcome you in the valley, easy to access, perfect for relaxing, swimming or simply enjoying a natural setting with family or friends.<br\/>Take your time, breathe, enjoy! <\/p>\n\n\n\n<p><strong>Roche-de-Rame Lake<\/strong><br\/>Small glacial natural lake easily accessible, ideal for supervised swimming in summer. You can rent a pedal boat, try a stand-up paddle or have fun on an inflatable structure (Aquaparc) of about 600 m\u00b2 installed in July and August. <\/p>\n\n\n\n<div class=\"wp-block-ws-library-ws-button has-text-align-left\"><a href=\"https:\/\/www.paysdesecrins.com\/en\/my-desire-to\/44573-2\/roche-de-rame-lake\/\" class=\"wp-block-button__link wp-element-button btn\">  eN SAVOIR +<\/a><\/div>\n\n\n\n<p><strong>L&#8217;Argenti\u00e8re-la-Bess\u00e9e lake<\/strong><br\/>An ideal spot to cool off at the bottom of the valley, this lake is perfect for a cool break or a picnic in the shade. Bar and snack bar nearby in summer. Relaxing atmosphere, with the mountains as a backdrop.  <\/p>\n\n\n\n<div class=\"wp-block-ws-library-ws-button has-text-align-left\"><a href=\"https:\/\/www.paysdesecrins.com\/en\/my-desire-to\/44573-2\/argentiere-la-bessee-lake\/\" class=\"wp-block-button__link wp-element-button btn\">  eN SAVOIR +<\/a><\/div>\n<\/div><\/div>\n\n\n\n<div class=\"wp-block-ws-library-ws-column\"><div class=\"wrapper\">\n<div class=\"wp-block-ws-library-ws-image\"><div class=\"wrapper\"><div class=\"group-media\"><img decoding=\"async\" src=\"https:\/\/www.paysdesecrins.com\/wp-content\/uploads\/2025\/08\/dsc08872-427x640.jpg\" alt=\"\" class=\"single_image ws-image-64510\"><div class=\"credits\"><\/div><\/div><p class=\"caption\"><\/p><\/div><\/div>\n<\/div><\/div>\n<\/div>\n\n<div class=\"wp-block-ws-library-ws-title aligncenter\"><h2>Swimming Pools<\/h2><\/div>\n\n<p>Whether you prefer outdoor swimming with a view of the peaks or the comfort of an indoor pool, the Pays des \u00c9crins offers a variety of options for all tastes and all ages.<\/p>\n\n<div class=\"wp-block-ws-library-ws-columns alignwide has-2-columns are-vertically-aligned-center layout-5050\">\n<div class=\"wp-block-ws-library-ws-column\"><div class=\"wrapper\">\n<div class=\"wp-block-ws-library-ws-image\"><div class=\"wrapper\"><div class=\"group-media\"><img decoding=\"async\" src=\"https:\/\/www.paysdesecrins.com\/wp-content\/uploads\/2025\/08\/img-2004-960x640.jpg\" alt=\"\" class=\"single_image ws-image-75111\"><div class=\"credits\"><\/div><\/div><p class=\"caption\"><\/p><\/div><\/div>\n<\/div><\/div>\n\n\n\n<div class=\"wp-block-ws-library-ws-column\"><div class=\"wrapper\">\n<div class=\"wp-block-ws-library-ws-title\"><h2>Puy Saint Vincent (at 1600m)<\/h2><\/div>\n\n\n\n<p>An outdoor pool heated to around 28\u00b0C, accessible in July and August. Ideal place for swimming in front of the mountains, with the possibility of water aerobics and swimming lessons with a lifeguard. <\/p>\n\n\n\n<ul class=\"wp-block-list\">\n<li><strong>Opening period:<\/strong> July\u2013August<\/li>\n\n\n\n<li><strong>Pool:<\/strong> 20 m \u00d7 8 m; depth 1.10\u20131.60 m<\/li>\n\n\n\n<li><strong>Water temperature: <\/strong>~28 \u00b0C<\/li>\n\n\n\n<li><strong>Access: <\/strong>indoor \u2192 outdoor airlock (keep warm)<\/li>\n\n\n\n<li><strong>Loan of equipment: <\/strong>armbands, glasses, ball<\/li>\n\n\n\n<li><strong>Young children: <\/strong>two steps to sit\/enter the water<\/li>\n\n\n\n<li><strong>Clothing:<\/strong> swimming trunks compulsory (boxer shorts prohibited); Hat and flip-flops not compulsory. No towel or swimsuit rental (can be purchased in sports shops) <\/li>\n\n\n\n<li><strong>Supervision:<\/strong> water aerobics and swimming lessons with a lifeguard<\/li>\n\n\n\n<li><strong>Minors:<\/strong> children over 10 years old allowed alone<\/li>\n<\/ul>\n<\/div><\/div>\n<\/div>\n\n<div class=\"wp-block-ws-library-ws-columns alignwide has-2-columns are-vertically-aligned-center layout-5050\">\n<div class=\"wp-block-ws-library-ws-column\"><div class=\"wrapper\">\n<div class=\"wp-block-ws-library-ws-title\"><h2>Vallouise-Pelvoux<\/h2><\/div>\n\n\n\n<p>Outdoor swimming pool open every day from the end of June to the end of August. Family area with slide, paddling pool, deckchairs and snack bar. Friendly place at the foot of the \u00c9crins massif.  <\/p>\n\n\n\n<ul class=\"wp-block-list\">\n<li><strong>Summer 2025 opening: <\/strong>23 June \u2192 4 July (2pm\u20136pm); 5 July \u2192 31 August (daily 10:30 a.m.\u20136:30 p.m.)<\/li>\n\n\n\n<li><strong>Type:<\/strong> outdoor swimming pool, at the foot of the Pelvoux lifts<\/li>\n\n\n\n<li><strong>Equipment: <\/strong>large pool + children&#8217;s pool, slide, solar heating<\/li>\n\n\n\n<li><strong>Activities:<\/strong> water aerobics (supervised sessions)<\/li>\n\n\n\n<li><strong>Contact:<\/strong> 06 33 11 09 64<\/li>\n<\/ul>\n<\/div><\/div>\n\n\n\n<div class=\"wp-block-ws-library-ws-column\"><div class=\"wrapper\">\n<div class=\"wp-block-ws-library-ws-image\"><div class=\"wrapper\"><div class=\"group-media\"><img decoding=\"async\" src=\"https:\/\/www.paysdesecrins.com\/wp-content\/uploads\/2025\/08\/img-0510-3-427x640.jpg\" alt=\"\" class=\"single_image ws-image-64551\"><div class=\"credits\"><\/div><\/div><p class=\"caption\"><\/p><\/div><\/div>\n<\/div><\/div>\n<\/div>\n\n<div class=\"wp-block-ws-library-ws-columns alignwide has-2-columns are-vertically-aligned-center layout-5050\">\n<div class=\"wp-block-ws-library-ws-column\"><div class=\"wrapper\">\n<div class=\"wp-block-ws-library-ws-image\"><div class=\"wrapper\"><div class=\"group-media\"><img decoding=\"async\" src=\"https:\/\/www.paysdesecrins.com\/wp-content\/uploads\/2025\/08\/2025-01-06-853x640.jpg\" alt=\"\" class=\"single_image ws-image-75116\"><div class=\"credits\"><\/div><\/div><p class=\"caption\"><\/p><\/div><\/div>\n<\/div><\/div>\n\n\n\n<div class=\"wp-block-ws-library-ws-column\"><div class=\"wrapper\">\n<div class=\"wp-block-ws-library-ws-title\"><h2>L&#8217;argenti\u00e8re-la-bess\u00e9e<\/h2><\/div>\n\n\n\n<p>25-metre covered pool, open all year round, ideal for swimming in peace or taking water aerobics classes. In summer, an outdoor pool with solarium and deckchairs allows you to enjoy the sun in the heart of a beautiful green space. <\/p>\n\n\n\n<ul class=\"wp-block-list\">\n<li><strong>Opening hours:<\/strong> opening hours depending on the period (school, short holidays, summer holidays 2025: 5 Jul \u2192 28 August, 12 noon\u20138 pm, 7 days a week)<\/li>\n\n\n\n<li><strong>Type:<\/strong> covered 25 m (water lines) open all year round; Outdoor pool and green space in summer<\/li>\n\n\n\n<li><strong>Activities:<\/strong> swimming lessons, water aerobics, freediving, baby swimmers<\/li>\n\n\n\n<li><strong>Accessibility: <\/strong>Autonomous PRM<\/li>\n\n\n\n<li><strong>Rules:<\/strong> swimming trunks are mandatory (shorts\/Bermuda shorts\/boxer shorts are not allowed); cap recommended; \u201310 years old; Allow 1 \u20ac\/token for locker<\/li>\n\n\n\n<li><strong>Address &amp; Contact:<\/strong> Complexe sportif du Quartz, 05120 L&#8217;Argenti\u00e8re-La Bess\u00e9e \u2014 04 92 20 08 14<\/li>\n<\/ul>\n<\/div><\/div>\n<\/div>\n\n<div class=\"wp-block-ws-library-ws-share\"><span class=\"share-subtitle\">Did you like this page?<\/span><span class=\"share-title\">Share it!<\/span><button class=\"ws-share-button wp-element-button\">Share this page<\/button><\/div>\n","protected":false},"excerpt":{"rendered":"<p>Looking for freshness in the heart of the mountains? The Pays des \u00c9crins offers a beautiful diversity of lakes and [&hellip;]<\/p>\n","protected":false},"author":4,"featured_media":63837,"parent":0,"menu_order":0,"comment_status":"closed","ping_status":"closed","template":"","meta":{"_thumbnail_id_2":0,"summer_excerpt":"","season":"","station":"","footnotes":""},"class_list":["post-75123","page","type-page","status-publish","has-post-thumbnail","hentry"],"yoast_head":"<!-- This site is optimized with the Yoast SEO plugin v27.3 - https:\/\/yoast.com\/product\/yoast-seo-wordpress\/ -->\n<title>Swimming in the \u00c9crins - Pays des \u00c9crins - Office de Tourisme<\/title>\n<meta name=\"robots\" content=\"index, follow, max-snippet:-1, max-image-preview:large, max-video-preview:-1\" \/>\n<link rel=\"canonical\" href=\"https:\/\/www.paysdesecrins.com\/en\/swimming-in-the-ecrins\/\" \/>\n<meta property=\"og:locale\" content=\"en_US\" \/>\n<meta property=\"og:type\" content=\"article\" \/>\n<meta property=\"og:title\" content=\"Swimming in the \u00c9crins - Pays des \u00c9crins - Office de Tourisme\" \/>\n<meta property=\"og:description\" content=\"Looking for freshness in the heart of the mountains? The Pays des \u00c9crins offers a beautiful diversity of lakes and [&hellip;]\" \/>\n<meta property=\"og:url\" content=\"https:\/\/www.paysdesecrins.com\/en\/swimming-in-the-ecrins\/\" \/>\n<meta property=\"og:site_name\" content=\"Pays des \u00c9crins - Office de Tourisme\" \/>\n<meta property=\"article:modified_time\" content=\"2025-08-13T10:13:00+00:00\" \/>\n<meta property=\"og:image\" content=\"https:\/\/www.paysdesecrins.com\/wp-content\/uploads\/2025\/08\/dsc09020-2-scaled.jpg\" \/>\n\t<meta property=\"og:image:width\" content=\"2560\" \/>\n\t<meta property=\"og:image:height\" content=\"1707\" \/>\n\t<meta property=\"og:image:type\" content=\"image\/jpeg\" \/>\n<meta name=\"twitter:card\" content=\"summary_large_image\" \/>\n<meta name=\"twitter:label1\" content=\"Est. reading time\" \/>\n\t<meta name=\"twitter:data1\" content=\"3 minutes\" \/>\n<script type=\"application\/ld+json\" class=\"yoast-schema-graph\">{\"@context\":\"https:\\\/\\\/schema.org\",\"@graph\":[{\"@type\":\"WebPage\",\"@id\":\"https:\\\/\\\/www.paysdesecrins.com\\\/en\\\/swimming-in-the-ecrins\\\/\",\"url\":\"https:\\\/\\\/www.paysdesecrins.com\\\/en\\\/swimming-in-the-ecrins\\\/\",\"name\":\"Swimming in the \u00c9crins - Pays des \u00c9crins - Office de Tourisme\",\"isPartOf\":{\"@id\":\"https:\\\/\\\/www.paysdesecrins.com\\\/en\\\/#website\"},\"primaryImageOfPage\":{\"@id\":\"https:\\\/\\\/www.paysdesecrins.com\\\/en\\\/swimming-in-the-ecrins\\\/#primaryimage\"},\"image\":{\"@id\":\"https:\\\/\\\/www.paysdesecrins.com\\\/en\\\/swimming-in-the-ecrins\\\/#primaryimage\"},\"thumbnailUrl\":\"https:\\\/\\\/www.paysdesecrins.com\\\/wp-content\\\/uploads\\\/2025\\\/08\\\/dsc09020-2-scaled.jpg\",\"datePublished\":\"2025-08-11T10:52:24+00:00\",\"dateModified\":\"2025-08-13T10:13:00+00:00\",\"breadcrumb\":{\"@id\":\"https:\\\/\\\/www.paysdesecrins.com\\\/en\\\/swimming-in-the-ecrins\\\/#breadcrumb\"},\"inLanguage\":\"en-US\",\"potentialAction\":[{\"@type\":\"ReadAction\",\"target\":[\"https:\\\/\\\/www.paysdesecrins.com\\\/en\\\/swimming-in-the-ecrins\\\/\"]}]},{\"@type\":\"ImageObject\",\"inLanguage\":\"en-US\",\"@id\":\"https:\\\/\\\/www.paysdesecrins.com\\\/en\\\/swimming-in-the-ecrins\\\/#primaryimage\",\"url\":\"https:\\\/\\\/www.paysdesecrins.com\\\/wp-content\\\/uploads\\\/2025\\\/08\\\/dsc09020-2-scaled.jpg\",\"contentUrl\":\"https:\\\/\\\/www.paysdesecrins.com\\\/wp-content\\\/uploads\\\/2025\\\/08\\\/dsc09020-2-scaled.jpg\",\"width\":2560,\"height\":1707},{\"@type\":\"BreadcrumbList\",\"@id\":\"https:\\\/\\\/www.paysdesecrins.com\\\/en\\\/swimming-in-the-ecrins\\\/#breadcrumb\",\"itemListElement\":[{\"@type\":\"ListItem\",\"position\":1,\"name\":\"Home\",\"item\":\"https:\\\/\\\/www.paysdesecrins.com\\\/en\\\/the-title-of-the-home\\\/\"},{\"@type\":\"ListItem\",\"position\":2,\"name\":\"Swimming in the \u00c9crins\"}]},{\"@type\":\"WebSite\",\"@id\":\"https:\\\/\\\/www.paysdesecrins.com\\\/en\\\/#website\",\"url\":\"https:\\\/\\\/www.paysdesecrins.com\\\/en\\\/\",\"name\":\"Pays des \u00c9crins - Office de Tourisme\",\"description\":\"L&#039;esprit montagne\",\"publisher\":{\"@id\":\"https:\\\/\\\/www.paysdesecrins.com\\\/en\\\/#organization\"},\"potentialAction\":[{\"@type\":\"SearchAction\",\"target\":{\"@type\":\"EntryPoint\",\"urlTemplate\":\"https:\\\/\\\/www.paysdesecrins.com\\\/en\\\/?s={search_term_string}\"},\"query-input\":{\"@type\":\"PropertyValueSpecification\",\"valueRequired\":true,\"valueName\":\"search_term_string\"}}],\"inLanguage\":\"en-US\"},{\"@type\":\"Organization\",\"@id\":\"https:\\\/\\\/www.paysdesecrins.com\\\/en\\\/#organization\",\"name\":\"Pays des \u00c9crins - Office de Tourisme\",\"url\":\"https:\\\/\\\/www.paysdesecrins.com\\\/en\\\/\",\"logo\":{\"@type\":\"ImageObject\",\"inLanguage\":\"en-US\",\"@id\":\"https:\\\/\\\/www.paysdesecrins.com\\\/en\\\/#\\\/schema\\\/logo\\\/image\\\/\",\"url\":\"https:\\\/\\\/www.paysdesecrins.com\\\/wp-content\\\/uploads\\\/2025\\\/06\\\/devina-svg-1750845694.svg\",\"contentUrl\":\"https:\\\/\\\/www.paysdesecrins.com\\\/wp-content\\\/uploads\\\/2025\\\/06\\\/devina-svg-1750845694.svg\",\"caption\":\"Pays des \u00c9crins - Office de Tourisme\"},\"image\":{\"@id\":\"https:\\\/\\\/www.paysdesecrins.com\\\/en\\\/#\\\/schema\\\/logo\\\/image\\\/\"}}]}<\/script>\n<!-- \/ Yoast SEO plugin. -->","yoast_head_json":{"title":"Swimming in the \u00c9crins - Pays des \u00c9crins - Office de Tourisme","robots":{"index":"index","follow":"follow","max-snippet":"max-snippet:-1","max-image-preview":"max-image-preview:large","max-video-preview":"max-video-preview:-1"},"canonical":"https:\/\/www.paysdesecrins.com\/en\/swimming-in-the-ecrins\/","og_locale":"en_US","og_type":"article","og_title":"Swimming in the \u00c9crins - Pays des \u00c9crins - Office de Tourisme","og_description":"Looking for freshness in the heart of the mountains? The Pays des \u00c9crins offers a beautiful diversity of lakes and [&hellip;]","og_url":"https:\/\/www.paysdesecrins.com\/en\/swimming-in-the-ecrins\/","og_site_name":"Pays des \u00c9crins - Office de Tourisme","article_modified_time":"2025-08-13T10:13:00+00:00","og_image":[{"width":2560,"height":1707,"url":"https:\/\/www.paysdesecrins.com\/wp-content\/uploads\/2025\/08\/dsc09020-2-scaled.jpg","type":"image\/jpeg"}],"twitter_card":"summary_large_image","twitter_misc":{"Est. reading time":"3 minutes"},"schema":{"@context":"https:\/\/schema.org","@graph":[{"@type":"WebPage","@id":"https:\/\/www.paysdesecrins.com\/en\/swimming-in-the-ecrins\/","url":"https:\/\/www.paysdesecrins.com\/en\/swimming-in-the-ecrins\/","name":"Swimming in the \u00c9crins - Pays des \u00c9crins - Office de Tourisme","isPartOf":{"@id":"https:\/\/www.paysdesecrins.com\/en\/#website"},"primaryImageOfPage":{"@id":"https:\/\/www.paysdesecrins.com\/en\/swimming-in-the-ecrins\/#primaryimage"},"image":{"@id":"https:\/\/www.paysdesecrins.com\/en\/swimming-in-the-ecrins\/#primaryimage"},"thumbnailUrl":"https:\/\/www.paysdesecrins.com\/wp-content\/uploads\/2025\/08\/dsc09020-2-scaled.jpg","datePublished":"2025-08-11T10:52:24+00:00","dateModified":"2025-08-13T10:13:00+00:00","breadcrumb":{"@id":"https:\/\/www.paysdesecrins.com\/en\/swimming-in-the-ecrins\/#breadcrumb"},"inLanguage":"en-US","potentialAction":[{"@type":"ReadAction","target":["https:\/\/www.paysdesecrins.com\/en\/swimming-in-the-ecrins\/"]}]},{"@type":"ImageObject","inLanguage":"en-US","@id":"https:\/\/www.paysdesecrins.com\/en\/swimming-in-the-ecrins\/#primaryimage","url":"https:\/\/www.paysdesecrins.com\/wp-content\/uploads\/2025\/08\/dsc09020-2-scaled.jpg","contentUrl":"https:\/\/www.paysdesecrins.com\/wp-content\/uploads\/2025\/08\/dsc09020-2-scaled.jpg","width":2560,"height":1707},{"@type":"BreadcrumbList","@id":"https:\/\/www.paysdesecrins.com\/en\/swimming-in-the-ecrins\/#breadcrumb","itemListElement":[{"@type":"ListItem","position":1,"name":"Home","item":"https:\/\/www.paysdesecrins.com\/en\/the-title-of-the-home\/"},{"@type":"ListItem","position":2,"name":"Swimming in the \u00c9crins"}]},{"@type":"WebSite","@id":"https:\/\/www.paysdesecrins.com\/en\/#website","url":"https:\/\/www.paysdesecrins.com\/en\/","name":"Pays des \u00c9crins - Office de Tourisme","description":"L&#039;esprit montagne","publisher":{"@id":"https:\/\/www.paysdesecrins.com\/en\/#organization"},"potentialAction":[{"@type":"SearchAction","target":{"@type":"EntryPoint","urlTemplate":"https:\/\/www.paysdesecrins.com\/en\/?s={search_term_string}"},"query-input":{"@type":"PropertyValueSpecification","valueRequired":true,"valueName":"search_term_string"}}],"inLanguage":"en-US"},{"@type":"Organization","@id":"https:\/\/www.paysdesecrins.com\/en\/#organization","name":"Pays des \u00c9crins - Office de Tourisme","url":"https:\/\/www.paysdesecrins.com\/en\/","logo":{"@type":"ImageObject","inLanguage":"en-US","@id":"https:\/\/www.paysdesecrins.com\/en\/#\/schema\/logo\/image\/","url":"https:\/\/www.paysdesecrins.com\/wp-content\/uploads\/2025\/06\/devina-svg-1750845694.svg","contentUrl":"https:\/\/www.paysdesecrins.com\/wp-content\/uploads\/2025\/06\/devina-svg-1750845694.svg","caption":"Pays des \u00c9crins - Office de Tourisme"},"image":{"@id":"https:\/\/www.paysdesecrins.com\/en\/#\/schema\/logo\/image\/"}}]}},"_links":{"self":[{"href":"https:\/\/www.paysdesecrins.com\/en\/wp-json\/wp\/v2\/pages\/75123","targetHints":{"allow":["GET"]}}],"collection":[{"href":"https:\/\/www.paysdesecrins.com\/en\/wp-json\/wp\/v2\/pages"}],"about":[{"href":"https:\/\/www.paysdesecrins.com\/en\/wp-json\/wp\/v2\/types\/page"}],"author":[{"embeddable":true,"href":"https:\/\/www.paysdesecrins.com\/en\/wp-json\/wp\/v2\/users\/4"}],"replies":[{"embeddable":true,"href":"https:\/\/www.paysdesecrins.com\/en\/wp-json\/wp\/v2\/comments?post=75123"}],"version-history":[{"count":2,"href":"https:\/\/www.paysdesecrins.com\/en\/wp-json\/wp\/v2\/pages\/75123\/revisions"}],"predecessor-version":[{"id":91575,"href":"https:\/\/www.paysdesecrins.com\/en\/wp-json\/wp\/v2\/pages\/75123\/revisions\/91575"}],"wp:featuredmedia":[{"embeddable":true,"href":"https:\/\/www.paysdesecrins.com\/en\/wp-json\/wp\/v2\/media\/63837"}],"wp:attachment":[{"href":"https:\/\/www.paysdesecrins.com\/en\/wp-json\/wp\/v2\/media?parent=75123"}],"curies":[{"name":"wp","href":"https:\/\/api.w.org\/{rel}","templated":true}]}}