{"id":44285,"date":"2025-07-25T10:58:32","date_gmt":"2025-07-25T08:58:32","guid":{"rendered":"https:\/\/www.paysdesecrins.com\/avventura-benessere-e-ringiovanimento\/"},"modified":"2025-07-28T10:08:43","modified_gmt":"2025-07-28T08:08:43","slug":"avventura-benessere-e-ringiovanimento","status":"publish","type":"page","link":"https:\/\/www.paysdesecrins.com\/it\/il-mio-desiderio-di\/44572-2\/avventura-benessere-e-ringiovanimento\/","title":{"rendered":"Avventura, benessere e ringiovanimento"},"content":{"rendered":"    <div class=\"alignfull wp-block-ws-library-ws-header-interne\">\n\t    <div class=\"header-container\">\n\t        <div class=\"group-media has-image\">\n\t            \t                <img loading=\"lazy\" decoding=\"async\" width=\"1920\" height=\"800\" src=\"https:\/\/www.paysdesecrins.com\/wp-content\/uploads\/2025\/07\/3bien-etre-sylvotherapie-maximelopez-refuge-du-sele-22072023-02-1920x800.webp\" alt=\"\" class=\"image_large_square wp-image-41900\" \/>\n\t            \t        <\/div>\n\t        <div class=\"group-content\">\n\t            <div class=\"title\">\n\t                <h1>\n\t                    Avventura, benessere e ringiovanimento\t                    \t                <\/h1>\n\t            <\/div>\n\t        <\/div>\n\t    <\/div>\n\t    \n<div class=\"yoast-breadcrumbs\"><span><span><a href=\"https:\/\/www.paysdesecrins.com\/it\/il-titolo-della-casa\/\">Accueil<\/a><\/span>  <span><a href=\"https:\/\/www.paysdesecrins.com\/it\/il-mio-desiderio-di\/\">Il mio desiderio di<\/a><\/span>  <span><a href=\"https:\/\/www.paysdesecrins.com\/it\/il-mio-desiderio-di\/44572-2\/\">La mia voglia di Relax<\/a><\/span>  <span class=\"breadcrumb_last\" aria-current=\"page\">Avventura, benessere e ringiovanimento<\/span><\/span><\/div>\n    <\/div>\n    \n<div class=\"wp-block-ws-library-ws-title aligncenter is-style-simple\"><h2><em>Micro-avventura<\/em>3 esperienze per ricaricare le batterie<\/h2><\/div>\n\n<p class=\"has-text-align-center\">Hai bisogno di rallentare?  <br\/>Benvenuti nel Pays des \u00c9crins, dove tre appassionati condividono la loro arte del ringiovanimento.<\/p>\n\n<div class=\"wp-block-ws-library-ws-columns alignwide has-2-columns are-vertically-aligned-center layout-5050 is-style-background\">\n<div class=\"wp-block-ws-library-ws-column\"><div class=\"wrapper\">\n<div class=\"wp-block-ws-library-ws-title\"><h3>Lo yoga di Helen<\/h3><\/div>\n\n\n\n<p class=\"has-text-align-left\">H\u00e9l\u00e8ne Ducournau \u00e8 arrivata un&#8217;estate per arrampicare, ma non se n&#8217;\u00e8 mai andata. Con sede negli \u00c9crins, questo ex studente di osteopatia si \u00e8 formato in yoga in India. Oggi insegna <em>vinyasa flow<\/em> : uno yoga dinamico, giocoso e adattabile, nutrito dai suoi viaggi, dai suoi incontri e dalla montagna. In palestra o all&#8217;aria aperta, le sue sessioni sono un invito a respirare, ad ancorarsi e a rilassarsi. Ognuno viene a prendere ci\u00f2 di cui ha bisogno, molto semplicemente.    <\/p>\n<\/div><\/div>\n\n\n\n<div class=\"wp-block-ws-library-ws-column\"><div class=\"wrapper\">\n<div class=\"wp-block-ws-library-ws-image\"><div class=\"wrapper\"><div class=\"group-media\"><img decoding=\"async\" src=\"https:\/\/www.paysdesecrins.com\/wp-content\/uploads\/2025\/07\/img-1189-960x640.jpg\" alt=\"\" class=\"single_image ws-image-40927\"><div class=\"credits\"><\/div><\/div><p class=\"caption\"><\/p><\/div><\/div>\n<\/div><\/div>\n<\/div>\n\n<div class=\"wp-block-ws-library-ws-title aligncenter\"><h3>Le scelte di Marie-No\u00eblle<\/h3><\/div>\n\n<p class=\"has-text-align-center\">In L&#8217;Argenti\u00e8re-la-Bess\u00e9e, Marie-No\u00eblle Peguy \u00e8 una raccoglitrice come nessun&#8217;altra. Etnobotanica e guida alpina, vi invita a riscoprire le piante selvatiche. Osservare, toccare, annusare, gustare&#8230; Dopo la raccolta arriva la cottura: pesti, infusi, torte di ortica&#8230; Una gioiosa trasmissione di saperi dimenticati e ricette consolidate.   <\/p>\n\n<div class=\"wp-block-ws-library-ws-title aligncenter\"><h3>Il bagno nella foresta di Lucas<\/h3><\/div>\n\n<p class=\"has-text-align-left\">Lucas Bessy, guida di forest bathing e musicista intuitivo, offre esperienze brevi ma profonde. Meno di un chilometro, tre ore di lenta immersione, per ascoltare gli alberi, il suo respiro, la sua vita. Inoltre? Il suono viaggia sull&#8217;handpan o sulla chitarra, suonato come se si parlasse al cuore.   <\/p>\n\n<div class=\"wp-block-ws-library-ws-slider alignwide\"><div class=\"splide\" data-splide=\"{\"type\":\"slide\",\"heightRatio\":\"auto\",\"perPage\":4,\"perMove\":1,\"drag\":true,\"pagination\":0,\"autoplay\":false,\"gap\":\"2px\",\"breakpoints\":{\"450\":{\"perPage\":1},\"768\":{\"perPage\":2},\"992\":{\"perPage\":3},\"1200\":{\"perPage\":4}}}\"><div class=\"splide__track\"><div class=\"splide__list\"><div class=\"splide__slide\"><a href=\"https:\/\/www.paysdesecrins.com\/wp-content\/uploads\/2025\/07\/marielachaud-07-19-23-rando-botanique-25-scaled.jpg\" data-glightbox=\"true\" class=\"lightbox-trigger\"><img decoding=\"async\" src=\"https:\/\/www.paysdesecrins.com\/wp-content\/uploads\/2025\/07\/marielachaud-07-19-23-rando-botanique-25-400x400.jpg\" alt=\"\"><\/a><\/div><div class=\"splide__slide\"><a href=\"https:\/\/www.paysdesecrins.com\/wp-content\/uploads\/2025\/07\/3bien-etre-sylvotherapiemarielachaud-10-23-24-ambiance-automne-56-scaled.jpg\" data-glightbox=\"true\" class=\"lightbox-trigger\"><img decoding=\"async\" src=\"https:\/\/www.paysdesecrins.com\/wp-content\/uploads\/2025\/07\/3bien-etre-sylvotherapiemarielachaud-10-23-24-ambiance-automne-56-400x400.jpg\" alt=\"\"><\/a><\/div><div class=\"splide__slide\"><a href=\"https:\/\/www.paysdesecrins.com\/wp-content\/uploads\/2025\/07\/3bien-etre-img-6787sylvotherapiemarielachaud-scaled.jpg\" data-glightbox=\"true\" class=\"lightbox-trigger\"><img decoding=\"async\" src=\"https:\/\/www.paysdesecrins.com\/wp-content\/uploads\/2025\/07\/3bien-etre-img-6787sylvotherapiemarielachaud-400x400.jpg\" alt=\"\"><\/a><\/div><\/div><\/div><\/div><\/div>\n\n<p><strong>Dove vivere queste esperienze?<\/strong><\/p>\n\n<ul class=\"wp-block-list\">\n<li>Yoga: all&#8217;aperto o in palestra a Vallouise e dintorni.<\/li>\n\n\n\n<li>Raccolta: nei dintorni di L&#8217;Argenti\u00e8re-la-Bess\u00e9e, nel giardino di Marie-No\u00eblle.<\/li>\n\n\n\n<li>Silvoterapia: nelle tranquille foreste del Pays des \u00c9crins, a due passi da casa vostra.<\/li>\n<\/ul>\n\n<p>Respirare&#8230; Eccoti.<\/p>\n\n<div class=\"wp-block-ws-library-ws-share\"><span class=\"share-subtitle\">Ti \u00e8 piaciuta questa pagina?<\/span><span class=\"share-title\">Condividilo!<\/span><button class=\"ws-share-button wp-element-button\">Condividi questa pagina<\/button><\/div>\n","protected":false},"excerpt":{"rendered":"<p>Hai bisogno di rallentare? Benvenuti nel Pays des \u00c9crins, dove tre appassionati condividono la loro arte del ringiovanimento. In L&#8217;Argenti\u00e8re-la-Bess\u00e9e, [&hellip;]<\/p>\n","protected":false},"author":9,"featured_media":205462,"parent":44572,"menu_order":0,"comment_status":"closed","ping_status":"closed","template":"","meta":{"_thumbnail_id_2":41900,"summer_excerpt":"","season":"","station":"","footnotes":""},"class_list":["post-44285","page","type-page","status-publish","has-post-thumbnail","hentry"],"yoast_head":"<!-- This site is optimized with the Yoast SEO plugin v27.3 - https:\/\/yoast.com\/product\/yoast-seo-wordpress\/ -->\n<title>Avventura, benessere e ringiovanimento - Pays des \u00c9crins - Office de Tourisme<\/title>\n<meta name=\"robots\" content=\"index, follow, max-snippet:-1, max-image-preview:large, max-video-preview:-1\" \/>\n<link rel=\"canonical\" href=\"https:\/\/www.paysdesecrins.com\/it\/il-mio-desiderio-di\/44572-2\/avventura-benessere-e-ringiovanimento\/\" \/>\n<meta property=\"og:locale\" content=\"it_IT\" \/>\n<meta property=\"og:type\" content=\"article\" \/>\n<meta property=\"og:title\" content=\"Avventura, benessere e ringiovanimento - Pays des \u00c9crins - Office de Tourisme\" \/>\n<meta property=\"og:description\" content=\"Hai bisogno di rallentare? Benvenuti nel Pays des \u00c9crins, dove tre appassionati condividono la loro arte del ringiovanimento. In L&#8217;Argenti\u00e8re-la-Bess\u00e9e, [&hellip;]\" \/>\n<meta property=\"og:url\" content=\"https:\/\/www.paysdesecrins.com\/it\/il-mio-desiderio-di\/44572-2\/avventura-benessere-e-ringiovanimento\/\" \/>\n<meta property=\"og:site_name\" content=\"Pays des \u00c9crins - Office de Tourisme\" \/>\n<meta property=\"article:modified_time\" content=\"2025-07-28T08:08:43+00:00\" \/>\n<meta property=\"og:image\" content=\"https:\/\/www.paysdesecrins.com\/wp-content\/uploads\/2025\/07\/3bien-etre-sylvotherapie-maximelopez-refuge-du-sele-22072023-02-scaled.webp\" \/>\n\t<meta property=\"og:image:width\" content=\"1920\" \/>\n\t<meta property=\"og:image:height\" content=\"2560\" \/>\n\t<meta property=\"og:image:type\" content=\"image\/webp\" \/>\n<meta name=\"twitter:card\" content=\"summary_large_image\" \/>\n<meta name=\"twitter:label1\" content=\"Tempo di lettura stimato\" \/>\n\t<meta name=\"twitter:data1\" content=\"1 minuto\" \/>\n<script type=\"application\/ld+json\" class=\"yoast-schema-graph\">{\"@context\":\"https:\\\/\\\/schema.org\",\"@graph\":[{\"@type\":\"WebPage\",\"@id\":\"https:\\\/\\\/www.paysdesecrins.com\\\/it\\\/il-mio-desiderio-di\\\/44572-2\\\/avventura-benessere-e-ringiovanimento\\\/\",\"url\":\"https:\\\/\\\/www.paysdesecrins.com\\\/it\\\/il-mio-desiderio-di\\\/44572-2\\\/avventura-benessere-e-ringiovanimento\\\/\",\"name\":\"Avventura, benessere e ringiovanimento - Pays des \u00c9crins - Office de Tourisme\",\"isPartOf\":{\"@id\":\"https:\\\/\\\/www.paysdesecrins.com\\\/it\\\/#website\"},\"primaryImageOfPage\":{\"@id\":\"https:\\\/\\\/www.paysdesecrins.com\\\/it\\\/il-mio-desiderio-di\\\/44572-2\\\/avventura-benessere-e-ringiovanimento\\\/#primaryimage\"},\"image\":{\"@id\":\"https:\\\/\\\/www.paysdesecrins.com\\\/it\\\/il-mio-desiderio-di\\\/44572-2\\\/avventura-benessere-e-ringiovanimento\\\/#primaryimage\"},\"thumbnailUrl\":\"https:\\\/\\\/www.paysdesecrins.com\\\/wp-content\\\/uploads\\\/2026\\\/03\\\/dsc09231.jpg\",\"datePublished\":\"2025-07-25T08:58:32+00:00\",\"dateModified\":\"2025-07-28T08:08:43+00:00\",\"breadcrumb\":{\"@id\":\"https:\\\/\\\/www.paysdesecrins.com\\\/it\\\/il-mio-desiderio-di\\\/44572-2\\\/avventura-benessere-e-ringiovanimento\\\/#breadcrumb\"},\"inLanguage\":\"it-IT\",\"potentialAction\":[{\"@type\":\"ReadAction\",\"target\":[\"https:\\\/\\\/www.paysdesecrins.com\\\/it\\\/il-mio-desiderio-di\\\/44572-2\\\/avventura-benessere-e-ringiovanimento\\\/\"]}]},{\"@type\":\"ImageObject\",\"inLanguage\":\"it-IT\",\"@id\":\"https:\\\/\\\/www.paysdesecrins.com\\\/it\\\/il-mio-desiderio-di\\\/44572-2\\\/avventura-benessere-e-ringiovanimento\\\/#primaryimage\",\"url\":\"https:\\\/\\\/www.paysdesecrins.com\\\/wp-content\\\/uploads\\\/2026\\\/03\\\/dsc09231.jpg\",\"contentUrl\":\"https:\\\/\\\/www.paysdesecrins.com\\\/wp-content\\\/uploads\\\/2026\\\/03\\\/dsc09231.jpg\",\"width\":2000,\"height\":1333,\"caption\":\"Rogier VANRIJN\"},{\"@type\":\"BreadcrumbList\",\"@id\":\"https:\\\/\\\/www.paysdesecrins.com\\\/it\\\/il-mio-desiderio-di\\\/44572-2\\\/avventura-benessere-e-ringiovanimento\\\/#breadcrumb\",\"itemListElement\":[{\"@type\":\"ListItem\",\"position\":1,\"name\":\"Accueil\",\"item\":\"https:\\\/\\\/www.paysdesecrins.com\\\/it\\\/il-titolo-della-casa\\\/\"},{\"@type\":\"ListItem\",\"position\":2,\"name\":\"Il mio desiderio di\",\"item\":\"https:\\\/\\\/www.paysdesecrins.com\\\/it\\\/il-mio-desiderio-di\\\/\"},{\"@type\":\"ListItem\",\"position\":3,\"name\":\"La mia voglia di Relax\",\"item\":\"https:\\\/\\\/www.paysdesecrins.com\\\/it\\\/il-mio-desiderio-di\\\/44572-2\\\/\"},{\"@type\":\"ListItem\",\"position\":4,\"name\":\"Avventura, benessere e ringiovanimento\"}]},{\"@type\":\"WebSite\",\"@id\":\"https:\\\/\\\/www.paysdesecrins.com\\\/it\\\/#website\",\"url\":\"https:\\\/\\\/www.paysdesecrins.com\\\/it\\\/\",\"name\":\"Pays des \u00c9crins - Office de Tourisme\",\"description\":\"L&#039;esprit montagne\",\"publisher\":{\"@id\":\"https:\\\/\\\/www.paysdesecrins.com\\\/it\\\/#organization\"},\"potentialAction\":[{\"@type\":\"SearchAction\",\"target\":{\"@type\":\"EntryPoint\",\"urlTemplate\":\"https:\\\/\\\/www.paysdesecrins.com\\\/it\\\/?s={search_term_string}\"},\"query-input\":{\"@type\":\"PropertyValueSpecification\",\"valueRequired\":true,\"valueName\":\"search_term_string\"}}],\"inLanguage\":\"it-IT\"},{\"@type\":\"Organization\",\"@id\":\"https:\\\/\\\/www.paysdesecrins.com\\\/it\\\/#organization\",\"name\":\"Pays des \u00c9crins - Office de Tourisme\",\"url\":\"https:\\\/\\\/www.paysdesecrins.com\\\/it\\\/\",\"logo\":{\"@type\":\"ImageObject\",\"inLanguage\":\"it-IT\",\"@id\":\"https:\\\/\\\/www.paysdesecrins.com\\\/it\\\/#\\\/schema\\\/logo\\\/image\\\/\",\"url\":\"https:\\\/\\\/www.paysdesecrins.com\\\/wp-content\\\/uploads\\\/2025\\\/06\\\/devina-svg-1750845694.svg\",\"contentUrl\":\"https:\\\/\\\/www.paysdesecrins.com\\\/wp-content\\\/uploads\\\/2025\\\/06\\\/devina-svg-1750845694.svg\",\"caption\":\"Pays des \u00c9crins - Office de Tourisme\"},\"image\":{\"@id\":\"https:\\\/\\\/www.paysdesecrins.com\\\/it\\\/#\\\/schema\\\/logo\\\/image\\\/\"}}]}<\/script>\n<!-- \/ Yoast SEO plugin. -->","yoast_head_json":{"title":"Avventura, benessere e ringiovanimento - Pays des \u00c9crins - Office de Tourisme","robots":{"index":"index","follow":"follow","max-snippet":"max-snippet:-1","max-image-preview":"max-image-preview:large","max-video-preview":"max-video-preview:-1"},"canonical":"https:\/\/www.paysdesecrins.com\/it\/il-mio-desiderio-di\/44572-2\/avventura-benessere-e-ringiovanimento\/","og_locale":"it_IT","og_type":"article","og_title":"Avventura, benessere e ringiovanimento - Pays des \u00c9crins - Office de Tourisme","og_description":"Hai bisogno di rallentare? Benvenuti nel Pays des \u00c9crins, dove tre appassionati condividono la loro arte del ringiovanimento. In L&#8217;Argenti\u00e8re-la-Bess\u00e9e, [&hellip;]","og_url":"https:\/\/www.paysdesecrins.com\/it\/il-mio-desiderio-di\/44572-2\/avventura-benessere-e-ringiovanimento\/","og_site_name":"Pays des \u00c9crins - Office de Tourisme","article_modified_time":"2025-07-28T08:08:43+00:00","og_image":[{"width":1920,"height":2560,"url":"https:\/\/www.paysdesecrins.com\/wp-content\/uploads\/2025\/07\/3bien-etre-sylvotherapie-maximelopez-refuge-du-sele-22072023-02-scaled.webp","type":"image\/webp"}],"twitter_card":"summary_large_image","twitter_misc":{"Tempo di lettura stimato":"1 minuto"},"schema":{"@context":"https:\/\/schema.org","@graph":[{"@type":"WebPage","@id":"https:\/\/www.paysdesecrins.com\/it\/il-mio-desiderio-di\/44572-2\/avventura-benessere-e-ringiovanimento\/","url":"https:\/\/www.paysdesecrins.com\/it\/il-mio-desiderio-di\/44572-2\/avventura-benessere-e-ringiovanimento\/","name":"Avventura, benessere e ringiovanimento - Pays des \u00c9crins - Office de Tourisme","isPartOf":{"@id":"https:\/\/www.paysdesecrins.com\/it\/#website"},"primaryImageOfPage":{"@id":"https:\/\/www.paysdesecrins.com\/it\/il-mio-desiderio-di\/44572-2\/avventura-benessere-e-ringiovanimento\/#primaryimage"},"image":{"@id":"https:\/\/www.paysdesecrins.com\/it\/il-mio-desiderio-di\/44572-2\/avventura-benessere-e-ringiovanimento\/#primaryimage"},"thumbnailUrl":"https:\/\/www.paysdesecrins.com\/wp-content\/uploads\/2026\/03\/dsc09231.jpg","datePublished":"2025-07-25T08:58:32+00:00","dateModified":"2025-07-28T08:08:43+00:00","breadcrumb":{"@id":"https:\/\/www.paysdesecrins.com\/it\/il-mio-desiderio-di\/44572-2\/avventura-benessere-e-ringiovanimento\/#breadcrumb"},"inLanguage":"it-IT","potentialAction":[{"@type":"ReadAction","target":["https:\/\/www.paysdesecrins.com\/it\/il-mio-desiderio-di\/44572-2\/avventura-benessere-e-ringiovanimento\/"]}]},{"@type":"ImageObject","inLanguage":"it-IT","@id":"https:\/\/www.paysdesecrins.com\/it\/il-mio-desiderio-di\/44572-2\/avventura-benessere-e-ringiovanimento\/#primaryimage","url":"https:\/\/www.paysdesecrins.com\/wp-content\/uploads\/2026\/03\/dsc09231.jpg","contentUrl":"https:\/\/www.paysdesecrins.com\/wp-content\/uploads\/2026\/03\/dsc09231.jpg","width":2000,"height":1333,"caption":"Rogier VANRIJN"},{"@type":"BreadcrumbList","@id":"https:\/\/www.paysdesecrins.com\/it\/il-mio-desiderio-di\/44572-2\/avventura-benessere-e-ringiovanimento\/#breadcrumb","itemListElement":[{"@type":"ListItem","position":1,"name":"Accueil","item":"https:\/\/www.paysdesecrins.com\/it\/il-titolo-della-casa\/"},{"@type":"ListItem","position":2,"name":"Il mio desiderio di","item":"https:\/\/www.paysdesecrins.com\/it\/il-mio-desiderio-di\/"},{"@type":"ListItem","position":3,"name":"La mia voglia di Relax","item":"https:\/\/www.paysdesecrins.com\/it\/il-mio-desiderio-di\/44572-2\/"},{"@type":"ListItem","position":4,"name":"Avventura, benessere e ringiovanimento"}]},{"@type":"WebSite","@id":"https:\/\/www.paysdesecrins.com\/it\/#website","url":"https:\/\/www.paysdesecrins.com\/it\/","name":"Pays des \u00c9crins - Office de Tourisme","description":"L&#039;esprit montagne","publisher":{"@id":"https:\/\/www.paysdesecrins.com\/it\/#organization"},"potentialAction":[{"@type":"SearchAction","target":{"@type":"EntryPoint","urlTemplate":"https:\/\/www.paysdesecrins.com\/it\/?s={search_term_string}"},"query-input":{"@type":"PropertyValueSpecification","valueRequired":true,"valueName":"search_term_string"}}],"inLanguage":"it-IT"},{"@type":"Organization","@id":"https:\/\/www.paysdesecrins.com\/it\/#organization","name":"Pays des \u00c9crins - Office de Tourisme","url":"https:\/\/www.paysdesecrins.com\/it\/","logo":{"@type":"ImageObject","inLanguage":"it-IT","@id":"https:\/\/www.paysdesecrins.com\/it\/#\/schema\/logo\/image\/","url":"https:\/\/www.paysdesecrins.com\/wp-content\/uploads\/2025\/06\/devina-svg-1750845694.svg","contentUrl":"https:\/\/www.paysdesecrins.com\/wp-content\/uploads\/2025\/06\/devina-svg-1750845694.svg","caption":"Pays des \u00c9crins - Office de Tourisme"},"image":{"@id":"https:\/\/www.paysdesecrins.com\/it\/#\/schema\/logo\/image\/"}}]}},"_links":{"self":[{"href":"https:\/\/www.paysdesecrins.com\/it\/wp-json\/wp\/v2\/pages\/44285","targetHints":{"allow":["GET"]}}],"collection":[{"href":"https:\/\/www.paysdesecrins.com\/it\/wp-json\/wp\/v2\/pages"}],"about":[{"href":"https:\/\/www.paysdesecrins.com\/it\/wp-json\/wp\/v2\/types\/page"}],"author":[{"embeddable":true,"href":"https:\/\/www.paysdesecrins.com\/it\/wp-json\/wp\/v2\/users\/9"}],"replies":[{"embeddable":true,"href":"https:\/\/www.paysdesecrins.com\/it\/wp-json\/wp\/v2\/comments?post=44285"}],"version-history":[{"count":0,"href":"https:\/\/www.paysdesecrins.com\/it\/wp-json\/wp\/v2\/pages\/44285\/revisions"}],"up":[{"embeddable":true,"href":"https:\/\/www.paysdesecrins.com\/it\/wp-json\/wp\/v2\/pages\/44572"}],"wp:featuredmedia":[{"embeddable":true,"href":"https:\/\/www.paysdesecrins.com\/it\/wp-json\/wp\/v2\/media\/205462"}],"wp:attachment":[{"href":"https:\/\/www.paysdesecrins.com\/it\/wp-json\/wp\/v2\/media?parent=44285"}],"curies":[{"name":"wp","href":"https:\/\/api.w.org\/{rel}","templated":true}]}}