{"id":44293,"date":"2025-07-25T10:55:55","date_gmt":"2025-07-25T08:55:55","guid":{"rendered":"https:\/\/www.paysdesecrins.com\/diventa-un-partner\/"},"modified":"2025-08-18T10:57:57","modified_gmt":"2025-08-18T08:57:57","slug":"diventa-un-partner","status":"publish","type":"page","link":"https:\/\/www.paysdesecrins.com\/it\/rimane\/area-professionale\/diventa-un-partner\/","title":{"rendered":"Diventa un partner"},"content":{"rendered":"    <div class=\"alignfull wp-block-ws-library-ws-header-interne\">\n\t    <div class=\"header-container\">\n\t        <div class=\"group-media has-image\">\n\t            \t                <img loading=\"lazy\" decoding=\"async\" width=\"1920\" height=\"800\" src=\"https:\/\/www.paysdesecrins.com\/wp-content\/uploads\/2025\/08\/photos-indiviuelles-equipe-28-1920x800.jpg\" alt=\"\" class=\"image_large_square wp-image-93690\" \/>\n\t            \t        <\/div>\n\t        <div class=\"group-content\">\n\t            <div class=\"title\">\n\t                <h1>\n\t                    Diventa un partner\t                    \t                <\/h1>\n\t            <\/div>\n\t        <\/div>\n\t    <\/div>\n\t    \n<div class=\"yoast-breadcrumbs\"><span><span><a href=\"https:\/\/www.paysdesecrins.com\/it\/il-titolo-della-casa\/\">Accueil<\/a><\/span>  <span><a href=\"https:\/\/www.paysdesecrins.com\/it\/area-professionale\/\">Area professionale<\/a><\/span>  <span class=\"breadcrumb_last\" aria-current=\"page\">Diventa un partner<\/span><\/span><\/div>\n    <\/div>\n    \n<div class=\"wp-block-ws-library-ws-title aligncenter\"><h2><em>Abbonamenti e pacchetti<\/em> 2025\/2026<\/h2><\/div>\n\n<p>Diventa partner <strong>del Pays des \u00c9crins Tourisme<\/strong> per sviluppare la tua attivit\u00e0.<\/p>\n\n<p>Oltre alla promozione della propria attivit\u00e0, aderire all&#8217;OT significa anche:<\/p>\n\n<ul class=\"wp-block-list\">\n<li>Essere parte attiva delle dinamiche turistiche del territorio<\/li>\n\n\n\n<li>Partecipare alla visibilit\u00e0 nazionale e internazionale del territorio<\/li>\n\n\n\n<li>Contribuire a un&#8217;accoglienza di qualit\u00e0 per i nostri vacanzieri<\/li>\n\n\n\n<li>Sostenere indirettamente le attivit\u00e0 che migliorano il soggiorno dei vacanzieri<\/li>\n<\/ul>\n\n<p>Di seguito trovi i documenti da compilare online e restituirci via email. Ti chiediamo, se possibile, di privilegiare i bonifici bancari per il pagamento della tua iscrizione e di eventuali pacchetti. <\/p>\n\n<p>Infatti, <strong>nell&#8217;ambito della salvaguardia dell&#8217;ambiente <\/strong>e per essere in linea con le nostre <strong>azioni in materia di sviluppo sostenibile<\/strong>, abbiamo scelto di non inviare pi\u00f9 carta per il <strong>bando di concorso 2024\/2025<\/strong> e di offrirvi la compilazione di tutto online.<\/p>\n\n<p>Puoi contattarci al numero 04 92 23 36 12 o <a href=\"mailto:partenariats@paysdesecrins.com\">al partenariats@paysdesecrins.com<\/a> per qualsiasi domanda.<\/p>\n\n<div class=\"wp-block-ws-library-ws-title\"><h3>GUIDE PER I PARTNER  <\/h3><\/div>\n\n<div class=\"wp-block-ws-library-ws-documents\">\n<div class=\"wp-block-ws-library-ws-document\"><a href=\"https:\/\/www.paysdesecrins.com\/wp-content\/uploads\/2025\/08\/2025-guide-partenaire-825.pdf\" target=\"_blank\" rel=\"noopener noreferrer\" class=\"link-document\">Guida per i partner 2025\/2026<\/a><\/div>\n<\/div>\n\n<div class=\"wp-block-ws-library-ws-title\"><h3>Moduli di adesione \u2013 Pacchetti<\/h3><\/div>\n\n<div class=\"wp-block-group is-content-justification-space-between is-nowrap is-layout-flex wp-container-core-group-is-layout-cb46ffcb wp-block-group-is-layout-flex\">\n<div class=\"wp-block-ws-library-ws-documents\">\n<div class=\"wp-block-ws-library-ws-document\"><a href=\"https:\/\/www.paysdesecrins.com\/wp-content\/uploads\/2025\/08\/2025-prestatairesdactivites-bondecommande-packs-1.pdf\" target=\"_blank\" rel=\"noopener noreferrer\" class=\"link-document\">Modulo d&#8217;ordine: Fornitori di attivit\u00e0<\/a><\/div>\n<\/div>\n\n\n\n<div class=\"wp-block-ws-library-ws-button has-text-align-left\"><a href=\"https:\/\/eu1.documents.adobe.com\/public\/esignWidget?wid=CBFCIBAA3AAABLblqZhBcTSz4gWVoC5exu4c6NBtauN9DBdCy3lKU5wIfmUll5MMG3mSesdeMEd1KE1F7h-k*\" class=\"wp-block-button__link wp-element-button btn\">  Compila online<\/a><\/div>\n<\/div>\n\n<div class=\"wp-block-group is-content-justification-space-between is-nowrap is-layout-flex wp-container-core-group-is-layout-cb46ffcb wp-block-group-is-layout-flex\">\n<div class=\"wp-block-ws-library-ws-documents\">\n<div class=\"wp-block-ws-library-ws-document\"><a href=\"https:\/\/www.paysdesecrins.com\/wp-content\/uploads\/2025\/08\/2025-personnephysique-bondecommande-packs-1.pdf\" target=\"_blank\" rel=\"noopener noreferrer\" class=\"link-document\">Ordine di acquisto: Persona fisica<\/a><\/div>\n<\/div>\n\n\n\n<div class=\"wp-block-ws-library-ws-button has-text-align-left\"><a href=\"https:\/\/eu1.documents.adobe.com\/public\/esignWidget?wid=CBFCIBAA3AAABLblqZhA0b8uFXvatFzbcD3lWUqOikuSw-p21SD8Lc_LNmU5O_NSxd7b_tMmhmGipFZhz3jA*\" class=\"wp-block-button__link wp-element-button btn\">  Compila online<\/a><\/div>\n<\/div>\n\n<div class=\"wp-block-group is-content-justification-space-between is-nowrap is-layout-flex wp-container-core-group-is-layout-cb46ffcb wp-block-group-is-layout-flex\">\n<div class=\"wp-block-ws-library-ws-documents\">\n<div class=\"wp-block-ws-library-ws-document\"><a href=\"https:\/\/www.paysdesecrins.com\/wp-content\/uploads\/2025\/08\/2025-meubles-bondecommande-packs.pdf\" target=\"_blank\" rel=\"noopener noreferrer\" class=\"link-document\">Modulo d&#8217;ordine: Arredato<\/a><\/div>\n<\/div>\n\n\n\n<div class=\"wp-block-ws-library-ws-button has-text-align-left\"><a href=\"https:\/\/eu1.documents.adobe.com\/public\/esignWidget?wid=CBFCIBAA3AAABLblqZhC0ExXFIGJcY1putVKpTWXyJz8EkfiV4ABRgPRjFBZfP9gpxJQSMeGSjIfkByPNHxg*\" class=\"wp-block-button__link wp-element-button btn\">  Compila online<\/a><\/div>\n<\/div>\n\n<div class=\"wp-block-group is-content-justification-space-between is-nowrap is-layout-flex wp-container-core-group-is-layout-0b70ad5d wp-block-group-is-layout-flex\">\n<div class=\"wp-block-ws-library-ws-documents\">\n<div class=\"wp-block-ws-library-ws-document\"><a href=\"https:\/\/www.paysdesecrins.com\/wp-content\/uploads\/2025\/08\/2025-commercesservicesdeproximite-agriculteurs-producteurslocaux-adhesion-bondecommande-packs-bis.pdf\" target=\"_blank\" rel=\"noopener noreferrer\" class=\"link-document\">Modulo d&#8217;ordine: Negozi e servizi<\/a><\/div>\n<\/div>\n\n\n\n<div class=\"wp-block-ws-library-ws-button has-text-align-left\"><a href=\"https:\/\/eu1.documents.adobe.com\/public\/esignWidget?wid=CBFCIBAA3AAABLblqZhC3_XyRml8z46Bo9S2qWOgqJ5eq09P7bfcpAizgwgwfF8xh2kyJq-okpo93unMGrn4*\" class=\"wp-block-button__link wp-element-button btn\">  Compila online<\/a><\/div>\n<\/div>\n\n<div class=\"wp-block-group is-content-justification-space-between is-nowrap is-layout-flex wp-container-core-group-is-layout-cb46ffcb wp-block-group-is-layout-flex\">\n<div class=\"wp-block-ws-library-ws-documents\">\n<div class=\"wp-block-ws-library-ws-document\"><a href=\"https:\/\/www.paysdesecrins.com\/wp-content\/uploads\/2025\/08\/2025-bondecommande-hebergeurs-packs-1.pdf\" target=\"_blank\" rel=\"noopener noreferrer\" class=\"link-document\">Modulo d&#8217;ordine: Provider di hosting<\/a><\/div>\n<\/div>\n\n\n\n<div class=\"wp-block-ws-library-ws-button has-text-align-left\"><a href=\"https:\/\/eu1.documents.adobe.com\/public\/esignWidget?wid=CBFCIBAA3AAABLblqZhAiyuUoLqTHPQVMD3zAo6dk5iWDX-WJJYwabz7OGJ9pGenZVdGaikqjrb0FHmbGKJQ*\" class=\"wp-block-button__link wp-element-button btn\">  Compila online<\/a><\/div>\n<\/div>\n\n<div class=\"wp-block-ws-library-ws-share\"><span class=\"share-subtitle\">Ti \u00e8 piaciuta questa pagina?<\/span><span class=\"share-title\">Condividilo!<\/span><button class=\"ws-share-button wp-element-button\">Condividi questa pagina<\/button><\/div>\n","protected":false},"excerpt":{"rendered":"<p>Diventa partner del Pays des \u00c9crins Tourisme per sviluppare la tua attivit\u00e0. Oltre alla promozione della propria attivit\u00e0, aderire all&#8217;OT [&hellip;]<\/p>\n","protected":false},"author":4,"featured_media":93694,"parent":45547,"menu_order":0,"comment_status":"closed","ping_status":"closed","template":"","meta":{"_thumbnail_id_2":0,"summer_excerpt":"","season":"","station":"","footnotes":""},"class_list":["post-44293","page","type-page","status-publish","has-post-thumbnail","hentry"],"yoast_head":"<!-- This site is optimized with the Yoast SEO plugin v27.3 - https:\/\/yoast.com\/product\/yoast-seo-wordpress\/ -->\n<title>Diventa un partner - Pays des \u00c9crins - Office de Tourisme<\/title>\n<meta name=\"robots\" content=\"index, follow, max-snippet:-1, max-image-preview:large, max-video-preview:-1\" \/>\n<link rel=\"canonical\" href=\"https:\/\/www.paysdesecrins.com\/it\/rimane\/area-professionale\/diventa-un-partner\/\" \/>\n<meta property=\"og:locale\" content=\"it_IT\" \/>\n<meta property=\"og:type\" content=\"article\" \/>\n<meta property=\"og:title\" content=\"Diventa un partner - Pays des \u00c9crins - Office de Tourisme\" \/>\n<meta property=\"og:description\" content=\"Diventa partner del Pays des \u00c9crins Tourisme per sviluppare la tua attivit\u00e0. Oltre alla promozione della propria attivit\u00e0, aderire all&#8217;OT [&hellip;]\" \/>\n<meta property=\"og:url\" content=\"https:\/\/www.paysdesecrins.com\/it\/rimane\/area-professionale\/diventa-un-partner\/\" \/>\n<meta property=\"og:site_name\" content=\"Pays des \u00c9crins - Office de Tourisme\" \/>\n<meta property=\"article:modified_time\" content=\"2025-08-18T08:57:57+00:00\" \/>\n<meta property=\"og:image\" content=\"https:\/\/www.paysdesecrins.com\/wp-content\/uploads\/2025\/08\/photos-indiviuelles-equipe-28-scaled.jpg\" \/>\n\t<meta property=\"og:image:width\" content=\"2560\" \/>\n\t<meta property=\"og:image:height\" content=\"1707\" \/>\n\t<meta property=\"og:image:type\" content=\"image\/jpeg\" \/>\n<meta name=\"twitter:card\" content=\"summary_large_image\" \/>\n<meta name=\"twitter:label1\" content=\"Tempo di lettura stimato\" \/>\n\t<meta name=\"twitter:data1\" content=\"1 minuto\" \/>\n<script type=\"application\/ld+json\" class=\"yoast-schema-graph\">{\"@context\":\"https:\\\/\\\/schema.org\",\"@graph\":[{\"@type\":\"WebPage\",\"@id\":\"https:\\\/\\\/www.paysdesecrins.com\\\/it\\\/rimane\\\/area-professionale\\\/diventa-un-partner\\\/\",\"url\":\"https:\\\/\\\/www.paysdesecrins.com\\\/it\\\/rimane\\\/area-professionale\\\/diventa-un-partner\\\/\",\"name\":\"Diventa un partner - Pays des \u00c9crins - Office de Tourisme\",\"isPartOf\":{\"@id\":\"https:\\\/\\\/www.paysdesecrins.com\\\/it\\\/#website\"},\"primaryImageOfPage\":{\"@id\":\"https:\\\/\\\/www.paysdesecrins.com\\\/it\\\/rimane\\\/area-professionale\\\/diventa-un-partner\\\/#primaryimage\"},\"image\":{\"@id\":\"https:\\\/\\\/www.paysdesecrins.com\\\/it\\\/rimane\\\/area-professionale\\\/diventa-un-partner\\\/#primaryimage\"},\"thumbnailUrl\":\"https:\\\/\\\/www.paysdesecrins.com\\\/wp-content\\\/uploads\\\/2025\\\/08\\\/photos-indiviuelles-equipe-28-scaled.jpg\",\"datePublished\":\"2025-07-25T08:55:55+00:00\",\"dateModified\":\"2025-08-18T08:57:57+00:00\",\"breadcrumb\":{\"@id\":\"https:\\\/\\\/www.paysdesecrins.com\\\/it\\\/rimane\\\/area-professionale\\\/diventa-un-partner\\\/#breadcrumb\"},\"inLanguage\":\"it-IT\",\"potentialAction\":[{\"@type\":\"ReadAction\",\"target\":[\"https:\\\/\\\/www.paysdesecrins.com\\\/it\\\/rimane\\\/area-professionale\\\/diventa-un-partner\\\/\"]}]},{\"@type\":\"ImageObject\",\"inLanguage\":\"it-IT\",\"@id\":\"https:\\\/\\\/www.paysdesecrins.com\\\/it\\\/rimane\\\/area-professionale\\\/diventa-un-partner\\\/#primaryimage\",\"url\":\"https:\\\/\\\/www.paysdesecrins.com\\\/wp-content\\\/uploads\\\/2025\\\/08\\\/photos-indiviuelles-equipe-28-scaled.jpg\",\"contentUrl\":\"https:\\\/\\\/www.paysdesecrins.com\\\/wp-content\\\/uploads\\\/2025\\\/08\\\/photos-indiviuelles-equipe-28-scaled.jpg\",\"width\":2560,\"height\":1707},{\"@type\":\"BreadcrumbList\",\"@id\":\"https:\\\/\\\/www.paysdesecrins.com\\\/it\\\/rimane\\\/area-professionale\\\/diventa-un-partner\\\/#breadcrumb\",\"itemListElement\":[{\"@type\":\"ListItem\",\"position\":1,\"name\":\"Accueil\",\"item\":\"https:\\\/\\\/www.paysdesecrins.com\\\/it\\\/il-titolo-della-casa\\\/\"},{\"@type\":\"ListItem\",\"position\":2,\"name\":\"Area professionale\",\"item\":\"https:\\\/\\\/www.paysdesecrins.com\\\/it\\\/area-professionale\\\/\"},{\"@type\":\"ListItem\",\"position\":3,\"name\":\"Diventa un partner\"}]},{\"@type\":\"WebSite\",\"@id\":\"https:\\\/\\\/www.paysdesecrins.com\\\/it\\\/#website\",\"url\":\"https:\\\/\\\/www.paysdesecrins.com\\\/it\\\/\",\"name\":\"Pays des \u00c9crins - Office de Tourisme\",\"description\":\"L&#039;esprit montagne\",\"publisher\":{\"@id\":\"https:\\\/\\\/www.paysdesecrins.com\\\/it\\\/#organization\"},\"potentialAction\":[{\"@type\":\"SearchAction\",\"target\":{\"@type\":\"EntryPoint\",\"urlTemplate\":\"https:\\\/\\\/www.paysdesecrins.com\\\/it\\\/?s={search_term_string}\"},\"query-input\":{\"@type\":\"PropertyValueSpecification\",\"valueRequired\":true,\"valueName\":\"search_term_string\"}}],\"inLanguage\":\"it-IT\"},{\"@type\":\"Organization\",\"@id\":\"https:\\\/\\\/www.paysdesecrins.com\\\/it\\\/#organization\",\"name\":\"Pays des \u00c9crins - Office de Tourisme\",\"url\":\"https:\\\/\\\/www.paysdesecrins.com\\\/it\\\/\",\"logo\":{\"@type\":\"ImageObject\",\"inLanguage\":\"it-IT\",\"@id\":\"https:\\\/\\\/www.paysdesecrins.com\\\/it\\\/#\\\/schema\\\/logo\\\/image\\\/\",\"url\":\"https:\\\/\\\/www.paysdesecrins.com\\\/wp-content\\\/uploads\\\/2025\\\/06\\\/devina-svg-1750845694.svg\",\"contentUrl\":\"https:\\\/\\\/www.paysdesecrins.com\\\/wp-content\\\/uploads\\\/2025\\\/06\\\/devina-svg-1750845694.svg\",\"caption\":\"Pays des \u00c9crins - Office de Tourisme\"},\"image\":{\"@id\":\"https:\\\/\\\/www.paysdesecrins.com\\\/it\\\/#\\\/schema\\\/logo\\\/image\\\/\"}}]}<\/script>\n<!-- \/ Yoast SEO plugin. -->","yoast_head_json":{"title":"Diventa un partner - Pays des \u00c9crins - Office de Tourisme","robots":{"index":"index","follow":"follow","max-snippet":"max-snippet:-1","max-image-preview":"max-image-preview:large","max-video-preview":"max-video-preview:-1"},"canonical":"https:\/\/www.paysdesecrins.com\/it\/rimane\/area-professionale\/diventa-un-partner\/","og_locale":"it_IT","og_type":"article","og_title":"Diventa un partner - Pays des \u00c9crins - Office de Tourisme","og_description":"Diventa partner del Pays des \u00c9crins Tourisme per sviluppare la tua attivit\u00e0. Oltre alla promozione della propria attivit\u00e0, aderire all&#8217;OT [&hellip;]","og_url":"https:\/\/www.paysdesecrins.com\/it\/rimane\/area-professionale\/diventa-un-partner\/","og_site_name":"Pays des \u00c9crins - Office de Tourisme","article_modified_time":"2025-08-18T08:57:57+00:00","og_image":[{"width":2560,"height":1707,"url":"https:\/\/www.paysdesecrins.com\/wp-content\/uploads\/2025\/08\/photos-indiviuelles-equipe-28-scaled.jpg","type":"image\/jpeg"}],"twitter_card":"summary_large_image","twitter_misc":{"Tempo di lettura stimato":"1 minuto"},"schema":{"@context":"https:\/\/schema.org","@graph":[{"@type":"WebPage","@id":"https:\/\/www.paysdesecrins.com\/it\/rimane\/area-professionale\/diventa-un-partner\/","url":"https:\/\/www.paysdesecrins.com\/it\/rimane\/area-professionale\/diventa-un-partner\/","name":"Diventa un partner - Pays des \u00c9crins - Office de Tourisme","isPartOf":{"@id":"https:\/\/www.paysdesecrins.com\/it\/#website"},"primaryImageOfPage":{"@id":"https:\/\/www.paysdesecrins.com\/it\/rimane\/area-professionale\/diventa-un-partner\/#primaryimage"},"image":{"@id":"https:\/\/www.paysdesecrins.com\/it\/rimane\/area-professionale\/diventa-un-partner\/#primaryimage"},"thumbnailUrl":"https:\/\/www.paysdesecrins.com\/wp-content\/uploads\/2025\/08\/photos-indiviuelles-equipe-28-scaled.jpg","datePublished":"2025-07-25T08:55:55+00:00","dateModified":"2025-08-18T08:57:57+00:00","breadcrumb":{"@id":"https:\/\/www.paysdesecrins.com\/it\/rimane\/area-professionale\/diventa-un-partner\/#breadcrumb"},"inLanguage":"it-IT","potentialAction":[{"@type":"ReadAction","target":["https:\/\/www.paysdesecrins.com\/it\/rimane\/area-professionale\/diventa-un-partner\/"]}]},{"@type":"ImageObject","inLanguage":"it-IT","@id":"https:\/\/www.paysdesecrins.com\/it\/rimane\/area-professionale\/diventa-un-partner\/#primaryimage","url":"https:\/\/www.paysdesecrins.com\/wp-content\/uploads\/2025\/08\/photos-indiviuelles-equipe-28-scaled.jpg","contentUrl":"https:\/\/www.paysdesecrins.com\/wp-content\/uploads\/2025\/08\/photos-indiviuelles-equipe-28-scaled.jpg","width":2560,"height":1707},{"@type":"BreadcrumbList","@id":"https:\/\/www.paysdesecrins.com\/it\/rimane\/area-professionale\/diventa-un-partner\/#breadcrumb","itemListElement":[{"@type":"ListItem","position":1,"name":"Accueil","item":"https:\/\/www.paysdesecrins.com\/it\/il-titolo-della-casa\/"},{"@type":"ListItem","position":2,"name":"Area professionale","item":"https:\/\/www.paysdesecrins.com\/it\/area-professionale\/"},{"@type":"ListItem","position":3,"name":"Diventa un partner"}]},{"@type":"WebSite","@id":"https:\/\/www.paysdesecrins.com\/it\/#website","url":"https:\/\/www.paysdesecrins.com\/it\/","name":"Pays des \u00c9crins - Office de Tourisme","description":"L&#039;esprit montagne","publisher":{"@id":"https:\/\/www.paysdesecrins.com\/it\/#organization"},"potentialAction":[{"@type":"SearchAction","target":{"@type":"EntryPoint","urlTemplate":"https:\/\/www.paysdesecrins.com\/it\/?s={search_term_string}"},"query-input":{"@type":"PropertyValueSpecification","valueRequired":true,"valueName":"search_term_string"}}],"inLanguage":"it-IT"},{"@type":"Organization","@id":"https:\/\/www.paysdesecrins.com\/it\/#organization","name":"Pays des \u00c9crins - Office de Tourisme","url":"https:\/\/www.paysdesecrins.com\/it\/","logo":{"@type":"ImageObject","inLanguage":"it-IT","@id":"https:\/\/www.paysdesecrins.com\/it\/#\/schema\/logo\/image\/","url":"https:\/\/www.paysdesecrins.com\/wp-content\/uploads\/2025\/06\/devina-svg-1750845694.svg","contentUrl":"https:\/\/www.paysdesecrins.com\/wp-content\/uploads\/2025\/06\/devina-svg-1750845694.svg","caption":"Pays des \u00c9crins - Office de Tourisme"},"image":{"@id":"https:\/\/www.paysdesecrins.com\/it\/#\/schema\/logo\/image\/"}}]}},"_links":{"self":[{"href":"https:\/\/www.paysdesecrins.com\/it\/wp-json\/wp\/v2\/pages\/44293","targetHints":{"allow":["GET"]}}],"collection":[{"href":"https:\/\/www.paysdesecrins.com\/it\/wp-json\/wp\/v2\/pages"}],"about":[{"href":"https:\/\/www.paysdesecrins.com\/it\/wp-json\/wp\/v2\/types\/page"}],"author":[{"embeddable":true,"href":"https:\/\/www.paysdesecrins.com\/it\/wp-json\/wp\/v2\/users\/4"}],"replies":[{"embeddable":true,"href":"https:\/\/www.paysdesecrins.com\/it\/wp-json\/wp\/v2\/comments?post=44293"}],"version-history":[{"count":4,"href":"https:\/\/www.paysdesecrins.com\/it\/wp-json\/wp\/v2\/pages\/44293\/revisions"}],"predecessor-version":[{"id":94859,"href":"https:\/\/www.paysdesecrins.com\/it\/wp-json\/wp\/v2\/pages\/44293\/revisions\/94859"}],"up":[{"embeddable":true,"href":"https:\/\/www.paysdesecrins.com\/it\/wp-json\/wp\/v2\/pages\/45547"}],"wp:featuredmedia":[{"embeddable":true,"href":"https:\/\/www.paysdesecrins.com\/it\/wp-json\/wp\/v2\/media\/93694"}],"wp:attachment":[{"href":"https:\/\/www.paysdesecrins.com\/it\/wp-json\/wp\/v2\/media?parent=44293"}],"curies":[{"name":"wp","href":"https:\/\/api.w.org\/{rel}","templated":true}]}}