{"id":44295,"date":"2025-07-25T11:06:25","date_gmt":"2025-07-25T09:06:25","guid":{"rendered":"https:\/\/www.paysdesecrins.com\/il-pays-des-ecrins-in-cifre\/"},"modified":"2025-08-12T15:40:30","modified_gmt":"2025-08-12T13:40:30","slug":"il-pays-des-ecrins-in-cifre","status":"publish","type":"page","link":"https:\/\/www.paysdesecrins.com\/it\/rimane\/area-professionale\/il-pays-des-ecrins-in-cifre\/","title":{"rendered":"Il Pays des \u00c9crins in cifre"},"content":{"rendered":"    <div class=\"alignfull wp-block-ws-library-ws-header-interne\">\n\t    <div class=\"header-container\">\n\t        <div class=\"group-media has-image\">\n\t            \t                <img loading=\"lazy\" decoding=\"async\" width=\"1920\" height=\"800\" src=\"https:\/\/www.paysdesecrins.com\/wp-content\/uploads\/2025\/07\/171ski-rando-pre-de-madame-carle-en-ski-23-1920x800.jpg\" alt=\"\" class=\"image_large_square wp-image-21587\" \/>\n\t            \t        <\/div>\n\t        <div class=\"group-content\">\n\t            <div class=\"title\">\n\t                <h1>\n\t                    Il Pays des \u00c9crins in cifre\t                    \t                <\/h1>\n\t            <\/div>\n\t        <\/div>\n\t    <\/div>\n\t    \n<div class=\"yoast-breadcrumbs\"><span><span><a href=\"https:\/\/www.paysdesecrins.com\/it\/il-titolo-della-casa\/\">Accueil<\/a><\/span>  <span><a href=\"https:\/\/www.paysdesecrins.com\/it\/area-professionale\/\">Area professionale<\/a><\/span>  <span class=\"breadcrumb_last\" aria-current=\"page\">Il Pays des \u00c9crins in cifre<\/span><\/span><\/div>\n    <\/div>\n    \n<div class=\"wp-block-ws-library-ws-title aligncenter\"><h2><em>Rapporti di attivit\u00e0 <\/em>e rapporti stagionali<\/h2><\/div>\n\n<p>Come ogni anno, mettiamo a vostra disposizione il rapporto di attivit\u00e0 del Pays des \u00c9crins. Troverete i passi compiuti durante l&#8217;anno, le ambizioni e gli obiettivi che stiamo mettendo in campo, la sintesi del nostro anno ricco di eventi di ogni genere e i numeri del nostro territorio. <\/p>\n\n<div class=\"wp-block-group alignwide is-content-justification-center is-nowrap is-layout-flex wp-container-core-group-is-layout-23441af8 wp-block-group-is-layout-flex\">\n<div class=\"wp-block-ws-library-ws-documents\">\n<div class=\"wp-block-ws-library-ws-document\"><a href=\"https:\/\/www.paysdesecrins.com\/wp-content\/uploads\/2025\/07\/rapport-dactivite-2023-2024.pdf\" target=\"_blank\" rel=\"noopener noreferrer\" class=\"link-document\">rapport d&#8217;activit\u00e9 2023-2024<\/a><\/div>\n\n\n\n<div class=\"wp-block-ws-library-ws-document\"><a href=\"https:\/\/www.paysdesecrins.com\/wp-content\/uploads\/2025\/07\/rapport-dactivite-2022-2023.pdf\" target=\"_blank\" rel=\"noopener noreferrer\" class=\"link-document\">rapport d&#8217;activit\u00e9 2022-2023<\/a><\/div>\n<\/div>\n\n\n\n<div class=\"wp-block-group is-nowrap is-layout-flex wp-container-core-group-is-layout-6c531013 wp-block-group-is-layout-flex\">\n<div class=\"wp-block-ws-library-ws-documents\">\n<div class=\"wp-block-ws-library-ws-document\"><a href=\"https:\/\/www.paysdesecrins.com\/wp-content\/uploads\/2025\/07\/rapport-dactivite-2021-2022.pdf\" target=\"_blank\" rel=\"noopener noreferrer\" class=\"link-document\">rapport d&#8217;activit\u00e9 2021-2022<\/a><\/div>\n\n\n\n<div class=\"wp-block-ws-library-ws-document\"><a href=\"https:\/\/www.paysdesecrins.com\/wp-content\/uploads\/2025\/07\/rapport-dactivite-2020-2021-1.pdf\" target=\"_blank\" rel=\"noopener noreferrer\" class=\"link-document\">rapport d&#8217;activit\u00e9 2020-2021<\/a><\/div>\n<\/div>\n<\/div>\n<\/div>\n\n<ul class=\"wp-block-list\"><\/ul>\n\n<div class=\"wp-block-ws-library-ws-title aligncenter\"><h2><em>Osservatorio turistico<\/em><\/h2><\/div>\n\n<p>Per un&#8217;analisi il pi\u00f9 completa possibile, in collaborazione con G2A, una societ\u00e0 di consulenza turistica, il Pays des Ecrins, analizza l&#8217;affluenza turistica del territorio. L&#8217;analisi permette di porsi nuovi obiettivi, di vedere i punti di forza e di debolezza del territorio. Di seguito troverete queste analisi. Dal 2022 \u00e8 possibile utilizzare <a href=\"https:\/\/observatoire.hautes-alpes.net\/rapports\/tourismeFV\" target=\"_blank\" rel=\"noreferrer noopener\">lo strumento messo online da addet 05<\/a> per avere dati annuali.     <\/p>\n\n<div class=\"wp-block-group is-nowrap is-layout-flex wp-container-core-group-is-layout-6c531013 wp-block-group-is-layout-flex\">\n<div class=\"wp-block-ws-library-ws-documents\">\n<div class=\"wp-block-ws-library-ws-document\"><a href=\"https:\/\/www.paysdesecrins.com\/wp-content\/uploads\/2025\/07\/frequentation-toursitique-des-hautes-alpes-2023-2024-1.pdf\" target=\"_blank\" rel=\"noopener noreferrer\" class=\"link-document\">Frequentation toursitique des hautes-alpes  -2023-2024<\/a><\/div>\n\n\n\n<div class=\"wp-block-ws-library-ws-document\"><a href=\"https:\/\/www.paysdesecrins.com\/wp-content\/uploads\/2025\/07\/frequentation-toursitique-des-hautes-alpes-ete-2024-1.pdf\" target=\"_blank\" rel=\"noopener noreferrer\" class=\"link-document\">Frequentation toursitique des hautes-alpes  \u00e9t\u00e9 2024<\/a><\/div>\n<\/div>\n\n\n\n<div class=\"wp-block-group is-nowrap is-layout-flex wp-container-core-group-is-layout-6c531013 wp-block-group-is-layout-flex\">\n<div class=\"wp-block-ws-library-ws-documents\">\n<div class=\"wp-block-ws-library-ws-document\"><a href=\"https:\/\/www.paysdesecrins.com\/wp-content\/uploads\/2025\/07\/frequentation-toursitique-des-hautes-alpes-hiver-2023-2024-1.pdf\" target=\"_blank\" rel=\"noopener noreferrer\" class=\"link-document\">Frequentation toursitique des hautes-alpes  hiver 2023-2024<\/a><\/div>\n\n\n\n<div class=\"wp-block-ws-library-ws-document\"><a href=\"https:\/\/www.paysdesecrins.com\/wp-content\/uploads\/2025\/07\/frequentation-toursitique-paca-ete-2024-1.pdf\" target=\"_blank\" rel=\"noopener noreferrer\" class=\"link-document\">Frequentation toursitique PACA  \u00e9t\u00e9 2024<\/a><\/div>\n<\/div>\n<\/div>\n<\/div>\n\n<div class=\"wp-block-ws-library-ws-share\"><span class=\"share-subtitle\">Ti \u00e8 piaciuta questa pagina?<\/span><span class=\"share-title\">Condividilo!<\/span><button class=\"ws-share-button wp-element-button\">Condividi questa pagina<\/button><\/div>\n","protected":false},"excerpt":{"rendered":"<p>Come ogni anno, mettiamo a vostra disposizione il rapporto di attivit\u00e0 del Pays des \u00c9crins. Troverete i passi compiuti durante [&hellip;]<\/p>\n","protected":false},"author":4,"featured_media":41678,"parent":45547,"menu_order":0,"comment_status":"closed","ping_status":"closed","template":"","meta":{"_thumbnail_id_2":0,"summer_excerpt":"","season":"","station":"","footnotes":""},"class_list":["post-44295","page","type-page","status-publish","has-post-thumbnail","hentry"],"yoast_head":"<!-- This site is optimized with the Yoast SEO plugin v27.3 - https:\/\/yoast.com\/product\/yoast-seo-wordpress\/ -->\n<title>Il Pays des \u00c9crins in cifre - Pays des \u00c9crins - Office de Tourisme<\/title>\n<meta name=\"robots\" content=\"index, follow, max-snippet:-1, max-image-preview:large, max-video-preview:-1\" \/>\n<link rel=\"canonical\" href=\"https:\/\/www.paysdesecrins.com\/it\/rimane\/area-professionale\/il-pays-des-ecrins-in-cifre\/\" \/>\n<meta property=\"og:locale\" content=\"it_IT\" \/>\n<meta property=\"og:type\" content=\"article\" \/>\n<meta property=\"og:title\" content=\"Il Pays des \u00c9crins in cifre - Pays des \u00c9crins - Office de Tourisme\" \/>\n<meta property=\"og:description\" content=\"Come ogni anno, mettiamo a vostra disposizione il rapporto di attivit\u00e0 del Pays des \u00c9crins. Troverete i passi compiuti durante [&hellip;]\" \/>\n<meta property=\"og:url\" content=\"https:\/\/www.paysdesecrins.com\/it\/rimane\/area-professionale\/il-pays-des-ecrins-in-cifre\/\" \/>\n<meta property=\"og:site_name\" content=\"Pays des \u00c9crins - Office de Tourisme\" \/>\n<meta property=\"article:modified_time\" content=\"2025-08-12T13:40:30+00:00\" \/>\n<meta property=\"og:image\" content=\"https:\/\/www.paysdesecrins.com\/wp-content\/uploads\/2025\/07\/1608201002-1465694179.jpg\" \/>\n\t<meta property=\"og:image:width\" content=\"1200\" \/>\n\t<meta property=\"og:image:height\" content=\"800\" \/>\n\t<meta property=\"og:image:type\" content=\"image\/jpeg\" \/>\n<meta name=\"twitter:card\" content=\"summary_large_image\" \/>\n<meta name=\"twitter:label1\" content=\"Tempo di lettura stimato\" \/>\n\t<meta name=\"twitter:data1\" content=\"1 minuto\" \/>\n<script type=\"application\/ld+json\" class=\"yoast-schema-graph\">{\"@context\":\"https:\\\/\\\/schema.org\",\"@graph\":[{\"@type\":\"WebPage\",\"@id\":\"https:\\\/\\\/www.paysdesecrins.com\\\/it\\\/rimane\\\/area-professionale\\\/il-pays-des-ecrins-in-cifre\\\/\",\"url\":\"https:\\\/\\\/www.paysdesecrins.com\\\/it\\\/rimane\\\/area-professionale\\\/il-pays-des-ecrins-in-cifre\\\/\",\"name\":\"Il Pays des \u00c9crins in cifre - Pays des \u00c9crins - Office de Tourisme\",\"isPartOf\":{\"@id\":\"https:\\\/\\\/www.paysdesecrins.com\\\/it\\\/#website\"},\"primaryImageOfPage\":{\"@id\":\"https:\\\/\\\/www.paysdesecrins.com\\\/it\\\/rimane\\\/area-professionale\\\/il-pays-des-ecrins-in-cifre\\\/#primaryimage\"},\"image\":{\"@id\":\"https:\\\/\\\/www.paysdesecrins.com\\\/it\\\/rimane\\\/area-professionale\\\/il-pays-des-ecrins-in-cifre\\\/#primaryimage\"},\"thumbnailUrl\":\"https:\\\/\\\/www.paysdesecrins.com\\\/wp-content\\\/uploads\\\/2025\\\/07\\\/1608201002-1465694179.jpg\",\"datePublished\":\"2025-07-25T09:06:25+00:00\",\"dateModified\":\"2025-08-12T13:40:30+00:00\",\"breadcrumb\":{\"@id\":\"https:\\\/\\\/www.paysdesecrins.com\\\/it\\\/rimane\\\/area-professionale\\\/il-pays-des-ecrins-in-cifre\\\/#breadcrumb\"},\"inLanguage\":\"it-IT\",\"potentialAction\":[{\"@type\":\"ReadAction\",\"target\":[\"https:\\\/\\\/www.paysdesecrins.com\\\/it\\\/rimane\\\/area-professionale\\\/il-pays-des-ecrins-in-cifre\\\/\"]}]},{\"@type\":\"ImageObject\",\"inLanguage\":\"it-IT\",\"@id\":\"https:\\\/\\\/www.paysdesecrins.com\\\/it\\\/rimane\\\/area-professionale\\\/il-pays-des-ecrins-in-cifre\\\/#primaryimage\",\"url\":\"https:\\\/\\\/www.paysdesecrins.com\\\/wp-content\\\/uploads\\\/2025\\\/07\\\/1608201002-1465694179.jpg\",\"contentUrl\":\"https:\\\/\\\/www.paysdesecrins.com\\\/wp-content\\\/uploads\\\/2025\\\/07\\\/1608201002-1465694179.jpg\",\"width\":1200,\"height\":800},{\"@type\":\"BreadcrumbList\",\"@id\":\"https:\\\/\\\/www.paysdesecrins.com\\\/it\\\/rimane\\\/area-professionale\\\/il-pays-des-ecrins-in-cifre\\\/#breadcrumb\",\"itemListElement\":[{\"@type\":\"ListItem\",\"position\":1,\"name\":\"Accueil\",\"item\":\"https:\\\/\\\/www.paysdesecrins.com\\\/it\\\/il-titolo-della-casa\\\/\"},{\"@type\":\"ListItem\",\"position\":2,\"name\":\"Area professionale\",\"item\":\"https:\\\/\\\/www.paysdesecrins.com\\\/it\\\/area-professionale\\\/\"},{\"@type\":\"ListItem\",\"position\":3,\"name\":\"Il Pays des \u00c9crins in cifre\"}]},{\"@type\":\"WebSite\",\"@id\":\"https:\\\/\\\/www.paysdesecrins.com\\\/it\\\/#website\",\"url\":\"https:\\\/\\\/www.paysdesecrins.com\\\/it\\\/\",\"name\":\"Pays des \u00c9crins - Office de Tourisme\",\"description\":\"L&#039;esprit montagne\",\"publisher\":{\"@id\":\"https:\\\/\\\/www.paysdesecrins.com\\\/it\\\/#organization\"},\"potentialAction\":[{\"@type\":\"SearchAction\",\"target\":{\"@type\":\"EntryPoint\",\"urlTemplate\":\"https:\\\/\\\/www.paysdesecrins.com\\\/it\\\/?s={search_term_string}\"},\"query-input\":{\"@type\":\"PropertyValueSpecification\",\"valueRequired\":true,\"valueName\":\"search_term_string\"}}],\"inLanguage\":\"it-IT\"},{\"@type\":\"Organization\",\"@id\":\"https:\\\/\\\/www.paysdesecrins.com\\\/it\\\/#organization\",\"name\":\"Pays des \u00c9crins - Office de Tourisme\",\"url\":\"https:\\\/\\\/www.paysdesecrins.com\\\/it\\\/\",\"logo\":{\"@type\":\"ImageObject\",\"inLanguage\":\"it-IT\",\"@id\":\"https:\\\/\\\/www.paysdesecrins.com\\\/it\\\/#\\\/schema\\\/logo\\\/image\\\/\",\"url\":\"https:\\\/\\\/www.paysdesecrins.com\\\/wp-content\\\/uploads\\\/2025\\\/06\\\/devina-svg-1750845694.svg\",\"contentUrl\":\"https:\\\/\\\/www.paysdesecrins.com\\\/wp-content\\\/uploads\\\/2025\\\/06\\\/devina-svg-1750845694.svg\",\"caption\":\"Pays des \u00c9crins - Office de Tourisme\"},\"image\":{\"@id\":\"https:\\\/\\\/www.paysdesecrins.com\\\/it\\\/#\\\/schema\\\/logo\\\/image\\\/\"}}]}<\/script>\n<!-- \/ Yoast SEO plugin. -->","yoast_head_json":{"title":"Il Pays des \u00c9crins in cifre - Pays des \u00c9crins - Office de Tourisme","robots":{"index":"index","follow":"follow","max-snippet":"max-snippet:-1","max-image-preview":"max-image-preview:large","max-video-preview":"max-video-preview:-1"},"canonical":"https:\/\/www.paysdesecrins.com\/it\/rimane\/area-professionale\/il-pays-des-ecrins-in-cifre\/","og_locale":"it_IT","og_type":"article","og_title":"Il Pays des \u00c9crins in cifre - Pays des \u00c9crins - Office de Tourisme","og_description":"Come ogni anno, mettiamo a vostra disposizione il rapporto di attivit\u00e0 del Pays des \u00c9crins. Troverete i passi compiuti durante [&hellip;]","og_url":"https:\/\/www.paysdesecrins.com\/it\/rimane\/area-professionale\/il-pays-des-ecrins-in-cifre\/","og_site_name":"Pays des \u00c9crins - Office de Tourisme","article_modified_time":"2025-08-12T13:40:30+00:00","og_image":[{"width":1200,"height":800,"url":"https:\/\/www.paysdesecrins.com\/wp-content\/uploads\/2025\/07\/1608201002-1465694179.jpg","type":"image\/jpeg"}],"twitter_card":"summary_large_image","twitter_misc":{"Tempo di lettura stimato":"1 minuto"},"schema":{"@context":"https:\/\/schema.org","@graph":[{"@type":"WebPage","@id":"https:\/\/www.paysdesecrins.com\/it\/rimane\/area-professionale\/il-pays-des-ecrins-in-cifre\/","url":"https:\/\/www.paysdesecrins.com\/it\/rimane\/area-professionale\/il-pays-des-ecrins-in-cifre\/","name":"Il Pays des \u00c9crins in cifre - Pays des \u00c9crins - Office de Tourisme","isPartOf":{"@id":"https:\/\/www.paysdesecrins.com\/it\/#website"},"primaryImageOfPage":{"@id":"https:\/\/www.paysdesecrins.com\/it\/rimane\/area-professionale\/il-pays-des-ecrins-in-cifre\/#primaryimage"},"image":{"@id":"https:\/\/www.paysdesecrins.com\/it\/rimane\/area-professionale\/il-pays-des-ecrins-in-cifre\/#primaryimage"},"thumbnailUrl":"https:\/\/www.paysdesecrins.com\/wp-content\/uploads\/2025\/07\/1608201002-1465694179.jpg","datePublished":"2025-07-25T09:06:25+00:00","dateModified":"2025-08-12T13:40:30+00:00","breadcrumb":{"@id":"https:\/\/www.paysdesecrins.com\/it\/rimane\/area-professionale\/il-pays-des-ecrins-in-cifre\/#breadcrumb"},"inLanguage":"it-IT","potentialAction":[{"@type":"ReadAction","target":["https:\/\/www.paysdesecrins.com\/it\/rimane\/area-professionale\/il-pays-des-ecrins-in-cifre\/"]}]},{"@type":"ImageObject","inLanguage":"it-IT","@id":"https:\/\/www.paysdesecrins.com\/it\/rimane\/area-professionale\/il-pays-des-ecrins-in-cifre\/#primaryimage","url":"https:\/\/www.paysdesecrins.com\/wp-content\/uploads\/2025\/07\/1608201002-1465694179.jpg","contentUrl":"https:\/\/www.paysdesecrins.com\/wp-content\/uploads\/2025\/07\/1608201002-1465694179.jpg","width":1200,"height":800},{"@type":"BreadcrumbList","@id":"https:\/\/www.paysdesecrins.com\/it\/rimane\/area-professionale\/il-pays-des-ecrins-in-cifre\/#breadcrumb","itemListElement":[{"@type":"ListItem","position":1,"name":"Accueil","item":"https:\/\/www.paysdesecrins.com\/it\/il-titolo-della-casa\/"},{"@type":"ListItem","position":2,"name":"Area professionale","item":"https:\/\/www.paysdesecrins.com\/it\/area-professionale\/"},{"@type":"ListItem","position":3,"name":"Il Pays des \u00c9crins in cifre"}]},{"@type":"WebSite","@id":"https:\/\/www.paysdesecrins.com\/it\/#website","url":"https:\/\/www.paysdesecrins.com\/it\/","name":"Pays des \u00c9crins - Office de Tourisme","description":"L&#039;esprit montagne","publisher":{"@id":"https:\/\/www.paysdesecrins.com\/it\/#organization"},"potentialAction":[{"@type":"SearchAction","target":{"@type":"EntryPoint","urlTemplate":"https:\/\/www.paysdesecrins.com\/it\/?s={search_term_string}"},"query-input":{"@type":"PropertyValueSpecification","valueRequired":true,"valueName":"search_term_string"}}],"inLanguage":"it-IT"},{"@type":"Organization","@id":"https:\/\/www.paysdesecrins.com\/it\/#organization","name":"Pays des \u00c9crins - Office de Tourisme","url":"https:\/\/www.paysdesecrins.com\/it\/","logo":{"@type":"ImageObject","inLanguage":"it-IT","@id":"https:\/\/www.paysdesecrins.com\/it\/#\/schema\/logo\/image\/","url":"https:\/\/www.paysdesecrins.com\/wp-content\/uploads\/2025\/06\/devina-svg-1750845694.svg","contentUrl":"https:\/\/www.paysdesecrins.com\/wp-content\/uploads\/2025\/06\/devina-svg-1750845694.svg","caption":"Pays des \u00c9crins - Office de Tourisme"},"image":{"@id":"https:\/\/www.paysdesecrins.com\/it\/#\/schema\/logo\/image\/"}}]}},"_links":{"self":[{"href":"https:\/\/www.paysdesecrins.com\/it\/wp-json\/wp\/v2\/pages\/44295","targetHints":{"allow":["GET"]}}],"collection":[{"href":"https:\/\/www.paysdesecrins.com\/it\/wp-json\/wp\/v2\/pages"}],"about":[{"href":"https:\/\/www.paysdesecrins.com\/it\/wp-json\/wp\/v2\/types\/page"}],"author":[{"embeddable":true,"href":"https:\/\/www.paysdesecrins.com\/it\/wp-json\/wp\/v2\/users\/4"}],"replies":[{"embeddable":true,"href":"https:\/\/www.paysdesecrins.com\/it\/wp-json\/wp\/v2\/comments?post=44295"}],"version-history":[{"count":2,"href":"https:\/\/www.paysdesecrins.com\/it\/wp-json\/wp\/v2\/pages\/44295\/revisions"}],"predecessor-version":[{"id":81995,"href":"https:\/\/www.paysdesecrins.com\/it\/wp-json\/wp\/v2\/pages\/44295\/revisions\/81995"}],"up":[{"embeddable":true,"href":"https:\/\/www.paysdesecrins.com\/it\/wp-json\/wp\/v2\/pages\/45547"}],"wp:featuredmedia":[{"embeddable":true,"href":"https:\/\/www.paysdesecrins.com\/it\/wp-json\/wp\/v2\/media\/41678"}],"wp:attachment":[{"href":"https:\/\/www.paysdesecrins.com\/it\/wp-json\/wp\/v2\/media?parent=44295"}],"curies":[{"name":"wp","href":"https:\/\/api.w.org\/{rel}","templated":true}]}}