{"id":45868,"date":"2025-07-24T13:53:42","date_gmt":"2025-07-24T11:53:42","guid":{"rendered":"https:\/\/www.paysdesecrins.com\/coltivazione-della-vite-nei-paesi-dei-conti-degli-ecrins\/"},"modified":"2025-07-28T16:00:32","modified_gmt":"2025-07-28T14:00:32","slug":"coltivazione-della-vite-nei-paesi-dei-conti-degli-ecrins","status":"publish","type":"page","link":"https:\/\/www.paysdesecrins.com\/it\/coltivazione-della-vite-nei-paesi-dei-conti-degli-ecrins\/","title":{"rendered":"Coltivazione della vite nei Paesi dei Conti degli \u00c9crins"},"content":{"rendered":"    <div class=\"alignfull wp-block-ws-library-ws-header-interne\">\n\t    <div class=\"header-container\">\n\t        <div class=\"group-media has-image\">\n\t            \t                <img loading=\"lazy\" decoding=\"async\" width=\"1200\" height=\"800\" src=\"https:\/\/www.paysdesecrins.com\/wp-content\/uploads\/2025\/07\/1654251235-1771709431.jpg\" alt=\"\" class=\"image_large_square wp-image-41967\" srcset=\"https:\/\/www.paysdesecrins.com\/wp-content\/uploads\/2025\/07\/1654251235-1771709431.jpg 1200w, https:\/\/www.paysdesecrins.com\/wp-content\/uploads\/2025\/07\/1654251235-1771709431-300x200.jpg 300w, https:\/\/www.paysdesecrins.com\/wp-content\/uploads\/2025\/07\/1654251235-1771709431-1024x683.jpg 1024w, https:\/\/www.paysdesecrins.com\/wp-content\/uploads\/2025\/07\/1654251235-1771709431-768x512.jpg 768w, https:\/\/www.paysdesecrins.com\/wp-content\/uploads\/2025\/07\/1654251235-1771709431-960x640.jpg 960w\" sizes=\"auto, (max-width: 1200px) 100vw, 1200px\" \/>\n\t            \t        <\/div>\n\t        <div class=\"group-content\">\n\t            <div class=\"title\">\n\t                <h1>\n\t                    La coltivazione della vite\t                    \t                        nel Paese degli \u00c9crins\t                    \t                <\/h1>\n\t            <\/div>\n\t        <\/div>\n\t    <\/div>\n\t    \n<div class=\"yoast-breadcrumbs\"><span><span><a href=\"https:\/\/www.paysdesecrins.com\/it\/il-titolo-della-casa\/\">Accueil<\/a><\/span>  <span class=\"breadcrumb_last\" aria-current=\"page\">Coltivazione della vite nei Paesi dei Conti degli \u00c9crins<\/span><\/span><\/div>\n    <\/div>\n    \n<div class=\"wp-block-ws-library-ws-title aligncenter is-style-simple\"><h2>Uve a 1400 metri di altitudine<\/h2><\/div>\n\n<p><\/p>\n\n<p class=\"has-text-align-center\">S\u00ec, avete letto bene: il vino \u00e8 stato fatto (e si fa ancora) nelle Hautes-Alpes, a 1.400 m di altitudine. A Les Vigneaux, la coltivazione della vite fa parte dell&#8217;arredamento fin dal X secolo. Terrazzamenti in pietra, canali d&#8217;irrigazione, presse per larice: tutto \u00e8 l\u00ec per raccontare la storia di nove secoli di ingegno contadino.  <\/p>\n\n<p>Sui soleggiati pendii meridionali, le viti sono salite a 1.450 m. La pietra tratteneva il calore, le massicce presse facevano il resto. Qui non abbiamo coltivato solo uva: segale, fagioli, tutto \u00e8 stato ottimizzato. Fino al giorno in cui la fillossera, questo parassita proveniente da altrove, ha messo fine alla produzione nel XIX secolo. Le terrazze sono state gradualmente ricoperte di ginestre&#8230; ma non dimenticato.    <\/p>\n\n<p class=\"has-text-align-center\">Oggi, l&#8217;associazione La Vignetto, a Saint-Martin-de-Queyri\u00e8res, rilancia l&#8217;avventura. Sul sito di La Vignette vengono reimpiantati vecchi vitigni adattati all&#8217;altitudine: rosa Clairette, Mondeuse, ecc. Il vino \u00e8 prodotto in piccole quantit\u00e0, da gustare sul posto o nei mercati locali.  <\/p>\n\n<div class=\"wp-block-ws-library-ws-columns alignwide has-2-columns are-vertically-aligned-center layout-5050 is-style-background\">\n<div class=\"wp-block-ws-library-ws-column\"><div class=\"wrapper\">\n<div class=\"wp-block-ws-library-ws-title\"><h3>Dove scoprire la cultura della vite a Les Vigneaux?<\/h3><\/div>\n\n\n\n<ul class=\"wp-block-list\">\n<li><em>La Vignette<\/em> \u2013 facile passeggiata di 2 km: pressi, calanchi, capanne in pietra, vecchie anfore e persino un habitat troglodita.<\/li>\n\n\n\n<li><em>App Hautes-Alpes Heritage<\/em> : attiva la realt\u00e0 aumentata e riporta in vita un vecchio torchio.<\/li>\n\n\n\n<li><em>Laboratorio di innesto in primavera<\/em> : un&#8217;occasione per imparare, per maneggiare&#8230; e di mettere radici un po&#8217; di pi\u00f9.<\/li>\n<\/ul>\n\n\n\n<p class=\"has-text-align-center\">La coltivazione della vite a Les Vigneaux \u00e8 una storia di altitudine, di saper fare&#8230; e bei momenti condivisi davanti a un drink.<\/p>\n<\/div><\/div>\n\n\n\n<div class=\"wp-block-ws-library-ws-column\"><div class=\"wrapper\">\n<div class=\"wp-block-ws-library-ws-image\"><div class=\"wrapper\"><div class=\"group-media\"><img decoding=\"async\" src=\"https:\/\/www.paysdesecrins.com\/wp-content\/uploads\/2025\/07\/4decouverteactivitesculturelles-culturedelavigne-img-0564-960x640.jpg\" alt=\"\" class=\"single_image ws-image-18236\"><div class=\"credits\"><\/div><\/div><p class=\"caption\"><\/p><\/div><\/div>\n<\/div><\/div>\n<\/div>\n\n<div class=\"wp-block-ws-library-ws-share\"><span class=\"share-subtitle\">Ti \u00e8 piaciuta questa pagina?<\/span><span class=\"share-title\">Condividilo!<\/span><button class=\"ws-share-button wp-element-button\">Condividi questa pagina<\/button><\/div>\n","protected":false},"excerpt":{"rendered":"<p>S\u00ec, avete letto bene: il vino \u00e8 stato fatto (e si fa ancora) nelle Hautes-Alpes, a 1.400 m di altitudine. [&hellip;]<\/p>\n","protected":false},"author":4,"featured_media":41971,"parent":0,"menu_order":0,"comment_status":"closed","ping_status":"closed","template":"","meta":{"_thumbnail_id_2":0,"summer_excerpt":"","season":"","station":"","footnotes":""},"class_list":["post-45868","page","type-page","status-publish","has-post-thumbnail","hentry"],"yoast_head":"<!-- This site is optimized with the Yoast SEO plugin v27.3 - https:\/\/yoast.com\/product\/yoast-seo-wordpress\/ -->\n<title>Coltivazione della vite nei Paesi dei Conti degli \u00c9crins - Pays des \u00c9crins - Office de Tourisme<\/title>\n<meta name=\"robots\" content=\"index, follow, max-snippet:-1, max-image-preview:large, max-video-preview:-1\" \/>\n<link rel=\"canonical\" href=\"https:\/\/www.paysdesecrins.com\/it\/coltivazione-della-vite-nei-paesi-dei-conti-degli-ecrins\/\" \/>\n<meta property=\"og:locale\" content=\"it_IT\" \/>\n<meta property=\"og:type\" content=\"article\" \/>\n<meta property=\"og:title\" content=\"Coltivazione della vite nei Paesi dei Conti degli \u00c9crins - Pays des \u00c9crins - Office de Tourisme\" \/>\n<meta property=\"og:description\" content=\"S\u00ec, avete letto bene: il vino \u00e8 stato fatto (e si fa ancora) nelle Hautes-Alpes, a 1.400 m di altitudine. [&hellip;]\" \/>\n<meta property=\"og:url\" content=\"https:\/\/www.paysdesecrins.com\/it\/coltivazione-della-vite-nei-paesi-dei-conti-degli-ecrins\/\" \/>\n<meta property=\"og:site_name\" content=\"Pays des \u00c9crins - Office de Tourisme\" \/>\n<meta property=\"article:modified_time\" content=\"2025-07-28T14:00:32+00:00\" \/>\n<meta property=\"og:image\" content=\"https:\/\/www.paysdesecrins.com\/wp-content\/uploads\/2025\/07\/1654251235-1771709431.jpg\" \/>\n\t<meta property=\"og:image:width\" content=\"1200\" \/>\n\t<meta property=\"og:image:height\" content=\"800\" \/>\n\t<meta property=\"og:image:type\" content=\"image\/jpeg\" \/>\n<meta name=\"twitter:card\" content=\"summary_large_image\" \/>\n<meta name=\"twitter:label1\" content=\"Tempo di lettura stimato\" \/>\n\t<meta name=\"twitter:data1\" content=\"1 minuto\" \/>\n<script type=\"application\/ld+json\" class=\"yoast-schema-graph\">{\"@context\":\"https:\\\/\\\/schema.org\",\"@graph\":[{\"@type\":\"WebPage\",\"@id\":\"https:\\\/\\\/www.paysdesecrins.com\\\/it\\\/coltivazione-della-vite-nei-paesi-dei-conti-degli-ecrins\\\/\",\"url\":\"https:\\\/\\\/www.paysdesecrins.com\\\/it\\\/coltivazione-della-vite-nei-paesi-dei-conti-degli-ecrins\\\/\",\"name\":\"Coltivazione della vite nei Paesi dei Conti degli \u00c9crins - Pays des \u00c9crins - Office de Tourisme\",\"isPartOf\":{\"@id\":\"https:\\\/\\\/www.paysdesecrins.com\\\/it\\\/#website\"},\"primaryImageOfPage\":{\"@id\":\"https:\\\/\\\/www.paysdesecrins.com\\\/it\\\/coltivazione-della-vite-nei-paesi-dei-conti-degli-ecrins\\\/#primaryimage\"},\"image\":{\"@id\":\"https:\\\/\\\/www.paysdesecrins.com\\\/it\\\/coltivazione-della-vite-nei-paesi-dei-conti-degli-ecrins\\\/#primaryimage\"},\"thumbnailUrl\":\"https:\\\/\\\/www.paysdesecrins.com\\\/wp-content\\\/uploads\\\/2025\\\/07\\\/1654251235-1771709431.jpg\",\"datePublished\":\"2025-07-24T11:53:42+00:00\",\"dateModified\":\"2025-07-28T14:00:32+00:00\",\"breadcrumb\":{\"@id\":\"https:\\\/\\\/www.paysdesecrins.com\\\/it\\\/coltivazione-della-vite-nei-paesi-dei-conti-degli-ecrins\\\/#breadcrumb\"},\"inLanguage\":\"it-IT\",\"potentialAction\":[{\"@type\":\"ReadAction\",\"target\":[\"https:\\\/\\\/www.paysdesecrins.com\\\/it\\\/coltivazione-della-vite-nei-paesi-dei-conti-degli-ecrins\\\/\"]}]},{\"@type\":\"ImageObject\",\"inLanguage\":\"it-IT\",\"@id\":\"https:\\\/\\\/www.paysdesecrins.com\\\/it\\\/coltivazione-della-vite-nei-paesi-dei-conti-degli-ecrins\\\/#primaryimage\",\"url\":\"https:\\\/\\\/www.paysdesecrins.com\\\/wp-content\\\/uploads\\\/2025\\\/07\\\/1654251235-1771709431.jpg\",\"contentUrl\":\"https:\\\/\\\/www.paysdesecrins.com\\\/wp-content\\\/uploads\\\/2025\\\/07\\\/1654251235-1771709431.jpg\",\"width\":1200,\"height\":800},{\"@type\":\"BreadcrumbList\",\"@id\":\"https:\\\/\\\/www.paysdesecrins.com\\\/it\\\/coltivazione-della-vite-nei-paesi-dei-conti-degli-ecrins\\\/#breadcrumb\",\"itemListElement\":[{\"@type\":\"ListItem\",\"position\":1,\"name\":\"Accueil\",\"item\":\"https:\\\/\\\/www.paysdesecrins.com\\\/it\\\/il-titolo-della-casa\\\/\"},{\"@type\":\"ListItem\",\"position\":2,\"name\":\"Coltivazione della vite nei Paesi dei Conti degli \u00c9crins\"}]},{\"@type\":\"WebSite\",\"@id\":\"https:\\\/\\\/www.paysdesecrins.com\\\/it\\\/#website\",\"url\":\"https:\\\/\\\/www.paysdesecrins.com\\\/it\\\/\",\"name\":\"Pays des \u00c9crins - Office de Tourisme\",\"description\":\"L&#039;esprit montagne\",\"publisher\":{\"@id\":\"https:\\\/\\\/www.paysdesecrins.com\\\/it\\\/#organization\"},\"potentialAction\":[{\"@type\":\"SearchAction\",\"target\":{\"@type\":\"EntryPoint\",\"urlTemplate\":\"https:\\\/\\\/www.paysdesecrins.com\\\/it\\\/?s={search_term_string}\"},\"query-input\":{\"@type\":\"PropertyValueSpecification\",\"valueRequired\":true,\"valueName\":\"search_term_string\"}}],\"inLanguage\":\"it-IT\"},{\"@type\":\"Organization\",\"@id\":\"https:\\\/\\\/www.paysdesecrins.com\\\/it\\\/#organization\",\"name\":\"Pays des \u00c9crins - Office de Tourisme\",\"url\":\"https:\\\/\\\/www.paysdesecrins.com\\\/it\\\/\",\"logo\":{\"@type\":\"ImageObject\",\"inLanguage\":\"it-IT\",\"@id\":\"https:\\\/\\\/www.paysdesecrins.com\\\/it\\\/#\\\/schema\\\/logo\\\/image\\\/\",\"url\":\"https:\\\/\\\/www.paysdesecrins.com\\\/wp-content\\\/uploads\\\/2025\\\/06\\\/devina-svg-1750845694.svg\",\"contentUrl\":\"https:\\\/\\\/www.paysdesecrins.com\\\/wp-content\\\/uploads\\\/2025\\\/06\\\/devina-svg-1750845694.svg\",\"caption\":\"Pays des \u00c9crins - Office de Tourisme\"},\"image\":{\"@id\":\"https:\\\/\\\/www.paysdesecrins.com\\\/it\\\/#\\\/schema\\\/logo\\\/image\\\/\"}}]}<\/script>\n<!-- \/ Yoast SEO plugin. -->","yoast_head_json":{"title":"Coltivazione della vite nei Paesi dei Conti degli \u00c9crins - Pays des \u00c9crins - Office de Tourisme","robots":{"index":"index","follow":"follow","max-snippet":"max-snippet:-1","max-image-preview":"max-image-preview:large","max-video-preview":"max-video-preview:-1"},"canonical":"https:\/\/www.paysdesecrins.com\/it\/coltivazione-della-vite-nei-paesi-dei-conti-degli-ecrins\/","og_locale":"it_IT","og_type":"article","og_title":"Coltivazione della vite nei Paesi dei Conti degli \u00c9crins - Pays des \u00c9crins - Office de Tourisme","og_description":"S\u00ec, avete letto bene: il vino \u00e8 stato fatto (e si fa ancora) nelle Hautes-Alpes, a 1.400 m di altitudine. [&hellip;]","og_url":"https:\/\/www.paysdesecrins.com\/it\/coltivazione-della-vite-nei-paesi-dei-conti-degli-ecrins\/","og_site_name":"Pays des \u00c9crins - Office de Tourisme","article_modified_time":"2025-07-28T14:00:32+00:00","og_image":[{"width":1200,"height":800,"url":"https:\/\/www.paysdesecrins.com\/wp-content\/uploads\/2025\/07\/1654251235-1771709431.jpg","type":"image\/jpeg"}],"twitter_card":"summary_large_image","twitter_misc":{"Tempo di lettura stimato":"1 minuto"},"schema":{"@context":"https:\/\/schema.org","@graph":[{"@type":"WebPage","@id":"https:\/\/www.paysdesecrins.com\/it\/coltivazione-della-vite-nei-paesi-dei-conti-degli-ecrins\/","url":"https:\/\/www.paysdesecrins.com\/it\/coltivazione-della-vite-nei-paesi-dei-conti-degli-ecrins\/","name":"Coltivazione della vite nei Paesi dei Conti degli \u00c9crins - Pays des \u00c9crins - Office de Tourisme","isPartOf":{"@id":"https:\/\/www.paysdesecrins.com\/it\/#website"},"primaryImageOfPage":{"@id":"https:\/\/www.paysdesecrins.com\/it\/coltivazione-della-vite-nei-paesi-dei-conti-degli-ecrins\/#primaryimage"},"image":{"@id":"https:\/\/www.paysdesecrins.com\/it\/coltivazione-della-vite-nei-paesi-dei-conti-degli-ecrins\/#primaryimage"},"thumbnailUrl":"https:\/\/www.paysdesecrins.com\/wp-content\/uploads\/2025\/07\/1654251235-1771709431.jpg","datePublished":"2025-07-24T11:53:42+00:00","dateModified":"2025-07-28T14:00:32+00:00","breadcrumb":{"@id":"https:\/\/www.paysdesecrins.com\/it\/coltivazione-della-vite-nei-paesi-dei-conti-degli-ecrins\/#breadcrumb"},"inLanguage":"it-IT","potentialAction":[{"@type":"ReadAction","target":["https:\/\/www.paysdesecrins.com\/it\/coltivazione-della-vite-nei-paesi-dei-conti-degli-ecrins\/"]}]},{"@type":"ImageObject","inLanguage":"it-IT","@id":"https:\/\/www.paysdesecrins.com\/it\/coltivazione-della-vite-nei-paesi-dei-conti-degli-ecrins\/#primaryimage","url":"https:\/\/www.paysdesecrins.com\/wp-content\/uploads\/2025\/07\/1654251235-1771709431.jpg","contentUrl":"https:\/\/www.paysdesecrins.com\/wp-content\/uploads\/2025\/07\/1654251235-1771709431.jpg","width":1200,"height":800},{"@type":"BreadcrumbList","@id":"https:\/\/www.paysdesecrins.com\/it\/coltivazione-della-vite-nei-paesi-dei-conti-degli-ecrins\/#breadcrumb","itemListElement":[{"@type":"ListItem","position":1,"name":"Accueil","item":"https:\/\/www.paysdesecrins.com\/it\/il-titolo-della-casa\/"},{"@type":"ListItem","position":2,"name":"Coltivazione della vite nei Paesi dei Conti degli \u00c9crins"}]},{"@type":"WebSite","@id":"https:\/\/www.paysdesecrins.com\/it\/#website","url":"https:\/\/www.paysdesecrins.com\/it\/","name":"Pays des \u00c9crins - Office de Tourisme","description":"L&#039;esprit montagne","publisher":{"@id":"https:\/\/www.paysdesecrins.com\/it\/#organization"},"potentialAction":[{"@type":"SearchAction","target":{"@type":"EntryPoint","urlTemplate":"https:\/\/www.paysdesecrins.com\/it\/?s={search_term_string}"},"query-input":{"@type":"PropertyValueSpecification","valueRequired":true,"valueName":"search_term_string"}}],"inLanguage":"it-IT"},{"@type":"Organization","@id":"https:\/\/www.paysdesecrins.com\/it\/#organization","name":"Pays des \u00c9crins - Office de Tourisme","url":"https:\/\/www.paysdesecrins.com\/it\/","logo":{"@type":"ImageObject","inLanguage":"it-IT","@id":"https:\/\/www.paysdesecrins.com\/it\/#\/schema\/logo\/image\/","url":"https:\/\/www.paysdesecrins.com\/wp-content\/uploads\/2025\/06\/devina-svg-1750845694.svg","contentUrl":"https:\/\/www.paysdesecrins.com\/wp-content\/uploads\/2025\/06\/devina-svg-1750845694.svg","caption":"Pays des \u00c9crins - Office de Tourisme"},"image":{"@id":"https:\/\/www.paysdesecrins.com\/it\/#\/schema\/logo\/image\/"}}]}},"_links":{"self":[{"href":"https:\/\/www.paysdesecrins.com\/it\/wp-json\/wp\/v2\/pages\/45868","targetHints":{"allow":["GET"]}}],"collection":[{"href":"https:\/\/www.paysdesecrins.com\/it\/wp-json\/wp\/v2\/pages"}],"about":[{"href":"https:\/\/www.paysdesecrins.com\/it\/wp-json\/wp\/v2\/types\/page"}],"author":[{"embeddable":true,"href":"https:\/\/www.paysdesecrins.com\/it\/wp-json\/wp\/v2\/users\/4"}],"replies":[{"embeddable":true,"href":"https:\/\/www.paysdesecrins.com\/it\/wp-json\/wp\/v2\/comments?post=45868"}],"version-history":[{"count":0,"href":"https:\/\/www.paysdesecrins.com\/it\/wp-json\/wp\/v2\/pages\/45868\/revisions"}],"wp:featuredmedia":[{"embeddable":true,"href":"https:\/\/www.paysdesecrins.com\/it\/wp-json\/wp\/v2\/media\/41971"}],"wp:attachment":[{"href":"https:\/\/www.paysdesecrins.com\/it\/wp-json\/wp\/v2\/media?parent=45868"}],"curies":[{"name":"wp","href":"https:\/\/api.w.org\/{rel}","templated":true}]}}