{"id":45975,"date":"2025-07-24T09:17:41","date_gmt":"2025-07-24T07:17:41","guid":{"rendered":"https:\/\/www.paysdesecrins.com\/ritratto-claude-albrand\/"},"modified":"2025-07-28T16:03:47","modified_gmt":"2025-07-28T14:03:47","slug":"ritratto-claude-albrand","status":"publish","type":"page","link":"https:\/\/www.paysdesecrins.com\/it\/ritratto-claude-albrand\/","title":{"rendered":"Ritratto Claude Albrand"},"content":{"rendered":"    <div class=\"alignfull wp-block-ws-library-ws-header-interne\">\n\t    <div class=\"header-container\">\n\t        <div class=\"group-media has-image\">\n\t            \t                <img loading=\"lazy\" decoding=\"async\" width=\"1920\" height=\"800\" src=\"https:\/\/www.paysdesecrins.com\/wp-content\/uploads\/2025\/07\/les-e-crins-glacier-blanc-roche-faurio-117-1920x800.jpg\" alt=\"\" class=\"image_large_square wp-image-34012\" \/>\n\t            \t        <\/div>\n\t        <div class=\"group-content\">\n\t            <div class=\"title\">\n\t                <h1>\n\t                    Ritratto Claude Albrand\t                    \t                <\/h1>\n\t            <\/div>\n\t        <\/div>\n\t    <\/div>\n\t    \n<div class=\"yoast-breadcrumbs\"><span><span><a href=\"https:\/\/www.paysdesecrins.com\/it\/il-titolo-della-casa\/\">Accueil<\/a><\/span>  <span class=\"breadcrumb_last\" aria-current=\"page\">Ritratto Claude Albrand<\/span><\/span><\/div>\n    <\/div>\n    \n<div class=\"wp-block-ws-library-ws-title aligncenter is-style-simple\"><h2><em>Storia di un<\/em>Guida appassionata negli \u00c9crins<\/h2><\/div>\n\n<p class=\"has-text-align-center\">C&#8217;\u00e8 chi ama la professione di guida come un semplice sostentamento, e chi semplicemente non riesce a immaginare di fare altro.<\/p>\n\n<div class=\"wp-block-ws-library-ws-columns alignwide has-2-columns are-vertically-aligned-center layout-5050 is-style-background\">\n<div class=\"wp-block-ws-library-ws-column\"><div class=\"wrapper\">\n<div class=\"wp-block-ws-library-ws-title\"><h3>Claude Albrand, sciatore e scalatore esperto  <\/h3><\/div>\n\n\n\n<p>All&#8217;et\u00e0 di 80 anni, Claude Albrand lavora ancora presso l&#8217;ufficio guide \u00c9crins Vallouise-Ailefroide, 55 anni dopo il suo ingresso. Con lo stesso entusiasmo e la stessa forma, quest&#8217;inverno porter\u00e0 i clienti per l&#8217;ennesima volta alle traversate della Meije e del Pelvoux o alla vetta della vetta del ghiacciaio dell&#8217;Arsine. Cresciuto sugli sci, &#8220;mio padre era un soccorritore alpino. Abbiamo vissuto in una dozzina di stazioni sciistiche diverse&#8221;, questo argentino ha trovato rapidamente la sua vocazione.    <br\/>&#8220;A 17 anni ero maestro di sci e a 20 guida alpina. Questi lavori erano ovvi per me. Esperto sciatore e alpinista, ha intrapreso la carriera di insegnante-formatore di istruttori di arrampicata e guide alpine.<\/p>\n<\/div><\/div>\n\n\n\n<div class=\"wp-block-ws-library-ws-column\"><div class=\"wrapper\">\n<div class=\"wp-block-ws-library-ws-image\"><div class=\"wrapper\"><div class=\"group-media\"><img decoding=\"async\" src=\"https:\/\/www.paysdesecrins.com\/wp-content\/uploads\/2025\/07\/1717055970-1932373678-2-960x640.jpg\" alt=\"\" class=\"single_image ws-image-33713\"><div class=\"credits\"><\/div><\/div><p class=\"caption\"><\/p><\/div><\/div>\n<\/div><\/div>\n<\/div>\n\n<div class=\"wp-block-ws-library-ws-title\"><h3>Ogni giorno, una montagna da scoprire<\/h3><\/div>\n\n<p>Figura illustre della valle, Claude Albrand si distingue dai suoi coetanei per il suo amore smodato e incondizionato per il massiccio degli \u00c9crins.<br\/><br\/>&#8220;Per\u00f9, Kenya, Tanzania, Canada, Australia, Giordania, Medio Oriente&#8230; Ho viaggiato in tutti i continenti dove ci sono montagne. Il paese pi\u00f9 bello rimane questo territorio. Non solo perch\u00e9 \u00e8 dove vivo, ma perch\u00e9 ha le vette pi\u00f9 belle e per tutti i livelli. \u00bb<br\/><br\/>Quando cammina su e gi\u00f9 per le vette, l&#8217;amante paralizzato si immerge ogni giorno in un nuovo universo, senza mai stancarsi.<br\/><br\/>&#8220;Con il suo clima e le sue temperature, l&#8217;ambiente di alta montagna \u00e8 un mito che tocchiamo con le dita. Ogni giorno \u00e8 nuovo. \u00bb<br\/><br\/>E poi c&#8217;\u00e8 questo contatto privilegiato con i clienti. &#8220;\u00c8 quasi intimo. Siamo incastonatori di sogni, permettiamo loro di vivere un&#8217;esperienza che ricorderanno per il resto della loro vita. Ovviamente \u00e8 un punto culminante. \u00bb <\/p>\n\n<div class=\"wp-block-ws-library-ws-slider\"><div class=\"splide\" data-splide=\"{\"type\":\"slide\",\"heightRatio\":\"auto\",\"perPage\":4,\"perMove\":1,\"drag\":true,\"pagination\":0,\"autoplay\":false,\"gap\":\"2px\",\"breakpoints\":{\"450\":{\"perPage\":1},\"768\":{\"perPage\":2},\"992\":{\"perPage\":3},\"1200\":{\"perPage\":4}}}\"><div class=\"splide__track\"><div class=\"splide__list\"><div class=\"splide__slide\"><a href=\"https:\/\/www.paysdesecrins.com\/wp-content\/uploads\/2025\/07\/1717056136-26309963-400x400.jpg\" data-glightbox=\"true\" class=\"lightbox-trigger\"><img decoding=\"async\" src=\"https:\/\/www.paysdesecrins.com\/wp-content\/uploads\/2025\/07\/1717056136-26309963-400x400.jpg\" alt=\"\"><\/a><\/div><div class=\"splide__slide\"><a href=\"https:\/\/www.paysdesecrins.com\/wp-content\/uploads\/2025\/07\/les-e-crins-glacier-blanc-roche-faurio-117-scaled.jpg\" data-glightbox=\"true\" class=\"lightbox-trigger\"><img decoding=\"async\" src=\"https:\/\/www.paysdesecrins.com\/wp-content\/uploads\/2025\/07\/les-e-crins-glacier-blanc-roche-faurio-117-400x400.jpg\" alt=\"\"><\/a><\/div><div class=\"splide__slide\"><a href=\"https:\/\/www.paysdesecrins.com\/wp-content\/uploads\/2025\/07\/1717055970-712721286-400x400.jpg\" data-glightbox=\"true\" class=\"lightbox-trigger\"><img decoding=\"async\" src=\"https:\/\/www.paysdesecrins.com\/wp-content\/uploads\/2025\/07\/1717055970-712721286-400x400.jpg\" alt=\"\"><\/a><\/div><\/div><\/div><\/div><\/div>\n\n<div class=\"wp-block-ws-library-ws-quote\"><blockquote class=\"quote-container quote-align-undefined\"><p class=\"quote-content\">&#8220;Ho viaggiato in tutti i continenti dove ci sono montagne. Il paese pi\u00f9 bello rimane questo territorio! \u00bb<\/p><footer><cite class=\"quote-subcontent\">Claude Albrand<\/cite><\/footer><\/blockquote><\/div>\n\n<div class=\"wp-block-ws-library-ws-share\"><span class=\"share-subtitle\">Ti \u00e8 piaciuta questa pagina?<\/span><span class=\"share-title\">Condividilo!<\/span><button class=\"ws-share-button wp-element-button\">Condividi questa pagina<\/button><\/div>\n","protected":false},"excerpt":{"rendered":"<p>C&#8217;\u00e8 chi ama la professione di guida come un semplice sostentamento, e chi semplicemente non riesce a immaginare di fare [&hellip;]<\/p>\n","protected":false},"author":4,"featured_media":32604,"parent":0,"menu_order":0,"comment_status":"closed","ping_status":"closed","template":"","meta":{"_thumbnail_id_2":0,"summer_excerpt":"","season":"","station":"","footnotes":""},"class_list":["post-45975","page","type-page","status-publish","has-post-thumbnail","hentry"],"yoast_head":"<!-- This site is optimized with the Yoast SEO plugin v27.3 - https:\/\/yoast.com\/product\/yoast-seo-wordpress\/ -->\n<title>Ritratto Claude Albrand - Pays des \u00c9crins - Office de Tourisme<\/title>\n<meta name=\"robots\" content=\"index, follow, max-snippet:-1, max-image-preview:large, max-video-preview:-1\" \/>\n<link rel=\"canonical\" href=\"https:\/\/www.paysdesecrins.com\/it\/ritratto-claude-albrand\/\" \/>\n<meta property=\"og:locale\" content=\"it_IT\" \/>\n<meta property=\"og:type\" content=\"article\" \/>\n<meta property=\"og:title\" content=\"Ritratto Claude Albrand - Pays des \u00c9crins - Office de Tourisme\" \/>\n<meta property=\"og:description\" content=\"C&#8217;\u00e8 chi ama la professione di guida come un semplice sostentamento, e chi semplicemente non riesce a immaginare di fare [&hellip;]\" \/>\n<meta property=\"og:url\" content=\"https:\/\/www.paysdesecrins.com\/it\/ritratto-claude-albrand\/\" \/>\n<meta property=\"og:site_name\" content=\"Pays des \u00c9crins - Office de Tourisme\" \/>\n<meta property=\"article:modified_time\" content=\"2025-07-28T14:03:47+00:00\" \/>\n<meta property=\"og:image\" content=\"https:\/\/www.paysdesecrins.com\/wp-content\/uploads\/2025\/07\/portrait-claude-albrand-1716898865.jpg\" \/>\n\t<meta property=\"og:image:width\" content=\"1920\" \/>\n\t<meta property=\"og:image:height\" content=\"480\" \/>\n\t<meta property=\"og:image:type\" content=\"image\/jpeg\" \/>\n<meta name=\"twitter:card\" content=\"summary_large_image\" \/>\n<meta name=\"twitter:label1\" content=\"Tempo di lettura stimato\" \/>\n\t<meta name=\"twitter:data1\" content=\"2 minuti\" \/>\n<script type=\"application\/ld+json\" class=\"yoast-schema-graph\">{\"@context\":\"https:\\\/\\\/schema.org\",\"@graph\":[{\"@type\":\"WebPage\",\"@id\":\"https:\\\/\\\/www.paysdesecrins.com\\\/it\\\/ritratto-claude-albrand\\\/\",\"url\":\"https:\\\/\\\/www.paysdesecrins.com\\\/it\\\/ritratto-claude-albrand\\\/\",\"name\":\"Ritratto Claude Albrand - Pays des \u00c9crins - Office de Tourisme\",\"isPartOf\":{\"@id\":\"https:\\\/\\\/www.paysdesecrins.com\\\/it\\\/#website\"},\"primaryImageOfPage\":{\"@id\":\"https:\\\/\\\/www.paysdesecrins.com\\\/it\\\/ritratto-claude-albrand\\\/#primaryimage\"},\"image\":{\"@id\":\"https:\\\/\\\/www.paysdesecrins.com\\\/it\\\/ritratto-claude-albrand\\\/#primaryimage\"},\"thumbnailUrl\":\"https:\\\/\\\/www.paysdesecrins.com\\\/wp-content\\\/uploads\\\/2025\\\/07\\\/portrait-claude-albrand-1716898865.jpg\",\"datePublished\":\"2025-07-24T07:17:41+00:00\",\"dateModified\":\"2025-07-28T14:03:47+00:00\",\"breadcrumb\":{\"@id\":\"https:\\\/\\\/www.paysdesecrins.com\\\/it\\\/ritratto-claude-albrand\\\/#breadcrumb\"},\"inLanguage\":\"it-IT\",\"potentialAction\":[{\"@type\":\"ReadAction\",\"target\":[\"https:\\\/\\\/www.paysdesecrins.com\\\/it\\\/ritratto-claude-albrand\\\/\"]}]},{\"@type\":\"ImageObject\",\"inLanguage\":\"it-IT\",\"@id\":\"https:\\\/\\\/www.paysdesecrins.com\\\/it\\\/ritratto-claude-albrand\\\/#primaryimage\",\"url\":\"https:\\\/\\\/www.paysdesecrins.com\\\/wp-content\\\/uploads\\\/2025\\\/07\\\/portrait-claude-albrand-1716898865.jpg\",\"contentUrl\":\"https:\\\/\\\/www.paysdesecrins.com\\\/wp-content\\\/uploads\\\/2025\\\/07\\\/portrait-claude-albrand-1716898865.jpg\",\"width\":1920,\"height\":480},{\"@type\":\"BreadcrumbList\",\"@id\":\"https:\\\/\\\/www.paysdesecrins.com\\\/it\\\/ritratto-claude-albrand\\\/#breadcrumb\",\"itemListElement\":[{\"@type\":\"ListItem\",\"position\":1,\"name\":\"Accueil\",\"item\":\"https:\\\/\\\/www.paysdesecrins.com\\\/it\\\/il-titolo-della-casa\\\/\"},{\"@type\":\"ListItem\",\"position\":2,\"name\":\"Ritratto Claude Albrand\"}]},{\"@type\":\"WebSite\",\"@id\":\"https:\\\/\\\/www.paysdesecrins.com\\\/it\\\/#website\",\"url\":\"https:\\\/\\\/www.paysdesecrins.com\\\/it\\\/\",\"name\":\"Pays des \u00c9crins - Office de Tourisme\",\"description\":\"L&#039;esprit montagne\",\"publisher\":{\"@id\":\"https:\\\/\\\/www.paysdesecrins.com\\\/it\\\/#organization\"},\"potentialAction\":[{\"@type\":\"SearchAction\",\"target\":{\"@type\":\"EntryPoint\",\"urlTemplate\":\"https:\\\/\\\/www.paysdesecrins.com\\\/it\\\/?s={search_term_string}\"},\"query-input\":{\"@type\":\"PropertyValueSpecification\",\"valueRequired\":true,\"valueName\":\"search_term_string\"}}],\"inLanguage\":\"it-IT\"},{\"@type\":\"Organization\",\"@id\":\"https:\\\/\\\/www.paysdesecrins.com\\\/it\\\/#organization\",\"name\":\"Pays des \u00c9crins - Office de Tourisme\",\"url\":\"https:\\\/\\\/www.paysdesecrins.com\\\/it\\\/\",\"logo\":{\"@type\":\"ImageObject\",\"inLanguage\":\"it-IT\",\"@id\":\"https:\\\/\\\/www.paysdesecrins.com\\\/it\\\/#\\\/schema\\\/logo\\\/image\\\/\",\"url\":\"https:\\\/\\\/www.paysdesecrins.com\\\/wp-content\\\/uploads\\\/2025\\\/06\\\/devina-svg-1750845694.svg\",\"contentUrl\":\"https:\\\/\\\/www.paysdesecrins.com\\\/wp-content\\\/uploads\\\/2025\\\/06\\\/devina-svg-1750845694.svg\",\"caption\":\"Pays des \u00c9crins - Office de Tourisme\"},\"image\":{\"@id\":\"https:\\\/\\\/www.paysdesecrins.com\\\/it\\\/#\\\/schema\\\/logo\\\/image\\\/\"}}]}<\/script>\n<!-- \/ Yoast SEO plugin. -->","yoast_head_json":{"title":"Ritratto Claude Albrand - Pays des \u00c9crins - Office de Tourisme","robots":{"index":"index","follow":"follow","max-snippet":"max-snippet:-1","max-image-preview":"max-image-preview:large","max-video-preview":"max-video-preview:-1"},"canonical":"https:\/\/www.paysdesecrins.com\/it\/ritratto-claude-albrand\/","og_locale":"it_IT","og_type":"article","og_title":"Ritratto Claude Albrand - Pays des \u00c9crins - Office de Tourisme","og_description":"C&#8217;\u00e8 chi ama la professione di guida come un semplice sostentamento, e chi semplicemente non riesce a immaginare di fare [&hellip;]","og_url":"https:\/\/www.paysdesecrins.com\/it\/ritratto-claude-albrand\/","og_site_name":"Pays des \u00c9crins - Office de Tourisme","article_modified_time":"2025-07-28T14:03:47+00:00","og_image":[{"width":1920,"height":480,"url":"https:\/\/www.paysdesecrins.com\/wp-content\/uploads\/2025\/07\/portrait-claude-albrand-1716898865.jpg","type":"image\/jpeg"}],"twitter_card":"summary_large_image","twitter_misc":{"Tempo di lettura stimato":"2 minuti"},"schema":{"@context":"https:\/\/schema.org","@graph":[{"@type":"WebPage","@id":"https:\/\/www.paysdesecrins.com\/it\/ritratto-claude-albrand\/","url":"https:\/\/www.paysdesecrins.com\/it\/ritratto-claude-albrand\/","name":"Ritratto Claude Albrand - Pays des \u00c9crins - Office de Tourisme","isPartOf":{"@id":"https:\/\/www.paysdesecrins.com\/it\/#website"},"primaryImageOfPage":{"@id":"https:\/\/www.paysdesecrins.com\/it\/ritratto-claude-albrand\/#primaryimage"},"image":{"@id":"https:\/\/www.paysdesecrins.com\/it\/ritratto-claude-albrand\/#primaryimage"},"thumbnailUrl":"https:\/\/www.paysdesecrins.com\/wp-content\/uploads\/2025\/07\/portrait-claude-albrand-1716898865.jpg","datePublished":"2025-07-24T07:17:41+00:00","dateModified":"2025-07-28T14:03:47+00:00","breadcrumb":{"@id":"https:\/\/www.paysdesecrins.com\/it\/ritratto-claude-albrand\/#breadcrumb"},"inLanguage":"it-IT","potentialAction":[{"@type":"ReadAction","target":["https:\/\/www.paysdesecrins.com\/it\/ritratto-claude-albrand\/"]}]},{"@type":"ImageObject","inLanguage":"it-IT","@id":"https:\/\/www.paysdesecrins.com\/it\/ritratto-claude-albrand\/#primaryimage","url":"https:\/\/www.paysdesecrins.com\/wp-content\/uploads\/2025\/07\/portrait-claude-albrand-1716898865.jpg","contentUrl":"https:\/\/www.paysdesecrins.com\/wp-content\/uploads\/2025\/07\/portrait-claude-albrand-1716898865.jpg","width":1920,"height":480},{"@type":"BreadcrumbList","@id":"https:\/\/www.paysdesecrins.com\/it\/ritratto-claude-albrand\/#breadcrumb","itemListElement":[{"@type":"ListItem","position":1,"name":"Accueil","item":"https:\/\/www.paysdesecrins.com\/it\/il-titolo-della-casa\/"},{"@type":"ListItem","position":2,"name":"Ritratto Claude Albrand"}]},{"@type":"WebSite","@id":"https:\/\/www.paysdesecrins.com\/it\/#website","url":"https:\/\/www.paysdesecrins.com\/it\/","name":"Pays des \u00c9crins - Office de Tourisme","description":"L&#039;esprit montagne","publisher":{"@id":"https:\/\/www.paysdesecrins.com\/it\/#organization"},"potentialAction":[{"@type":"SearchAction","target":{"@type":"EntryPoint","urlTemplate":"https:\/\/www.paysdesecrins.com\/it\/?s={search_term_string}"},"query-input":{"@type":"PropertyValueSpecification","valueRequired":true,"valueName":"search_term_string"}}],"inLanguage":"it-IT"},{"@type":"Organization","@id":"https:\/\/www.paysdesecrins.com\/it\/#organization","name":"Pays des \u00c9crins - Office de Tourisme","url":"https:\/\/www.paysdesecrins.com\/it\/","logo":{"@type":"ImageObject","inLanguage":"it-IT","@id":"https:\/\/www.paysdesecrins.com\/it\/#\/schema\/logo\/image\/","url":"https:\/\/www.paysdesecrins.com\/wp-content\/uploads\/2025\/06\/devina-svg-1750845694.svg","contentUrl":"https:\/\/www.paysdesecrins.com\/wp-content\/uploads\/2025\/06\/devina-svg-1750845694.svg","caption":"Pays des \u00c9crins - Office de Tourisme"},"image":{"@id":"https:\/\/www.paysdesecrins.com\/it\/#\/schema\/logo\/image\/"}}]}},"_links":{"self":[{"href":"https:\/\/www.paysdesecrins.com\/it\/wp-json\/wp\/v2\/pages\/45975","targetHints":{"allow":["GET"]}}],"collection":[{"href":"https:\/\/www.paysdesecrins.com\/it\/wp-json\/wp\/v2\/pages"}],"about":[{"href":"https:\/\/www.paysdesecrins.com\/it\/wp-json\/wp\/v2\/types\/page"}],"author":[{"embeddable":true,"href":"https:\/\/www.paysdesecrins.com\/it\/wp-json\/wp\/v2\/users\/4"}],"replies":[{"embeddable":true,"href":"https:\/\/www.paysdesecrins.com\/it\/wp-json\/wp\/v2\/comments?post=45975"}],"version-history":[{"count":0,"href":"https:\/\/www.paysdesecrins.com\/it\/wp-json\/wp\/v2\/pages\/45975\/revisions"}],"wp:featuredmedia":[{"embeddable":true,"href":"https:\/\/www.paysdesecrins.com\/it\/wp-json\/wp\/v2\/media\/32604"}],"wp:attachment":[{"href":"https:\/\/www.paysdesecrins.com\/it\/wp-json\/wp\/v2\/media?parent=45975"}],"curies":[{"name":"wp","href":"https:\/\/api.w.org\/{rel}","templated":true}]}}