{"id":47352,"date":"2025-07-24T14:03:12","date_gmt":"2025-07-24T12:03:12","guid":{"rendered":"https:\/\/www.paysdesecrins.com\/il-mio-desiderio-di\/scoperta\/la-miniera-dargento-di-fournel-nel-pays-des-ecrins\/"},"modified":"2025-08-06T12:37:45","modified_gmt":"2025-08-06T10:37:45","slug":"la-miniera-dargento-di-fournel-nel-pays-des-ecrins","status":"publish","type":"page","link":"https:\/\/www.paysdesecrins.com\/it\/il-mio-desiderio-di\/scoperta\/la-miniera-dargento-di-fournel-nel-pays-des-ecrins\/","title":{"rendered":"La miniera d&#8217;argento di Fournel, nel Pays des \u00c9crins"},"content":{"rendered":"    <div class=\"alignfull wp-block-ws-library-ws-header-interne\">\n\t    <div class=\"header-container\">\n\t        <div class=\"group-media has-image\">\n\t            \t                <img loading=\"lazy\" decoding=\"async\" width=\"1200\" height=\"800\" src=\"https:\/\/www.paysdesecrins.com\/wp-content\/uploads\/2025\/07\/1674825818-660011672.jpg\" alt=\"\" class=\"image_large_square wp-image-44999\" srcset=\"https:\/\/www.paysdesecrins.com\/wp-content\/uploads\/2025\/07\/1674825818-660011672.jpg 1200w, https:\/\/www.paysdesecrins.com\/wp-content\/uploads\/2025\/07\/1674825818-660011672-300x200.jpg 300w, https:\/\/www.paysdesecrins.com\/wp-content\/uploads\/2025\/07\/1674825818-660011672-1024x683.jpg 1024w, https:\/\/www.paysdesecrins.com\/wp-content\/uploads\/2025\/07\/1674825818-660011672-768x512.jpg 768w, https:\/\/www.paysdesecrins.com\/wp-content\/uploads\/2025\/07\/1674825818-660011672-960x640.jpg 960w\" sizes=\"auto, (max-width: 1200px) 100vw, 1200px\" \/>\n\t            \t        <\/div>\n\t        <div class=\"group-content\">\n\t            <div class=\"title\">\n\t                <h1>\n\t                    La miniera d&#039;argento di Fournel\t                    \t                        dei Paesi degli \u00c9crins\t                    \t                <\/h1>\n\t            <\/div>\n\t        <\/div>\n\t    <\/div>\n\t    \n<div class=\"yoast-breadcrumbs\"><span><span><a href=\"https:\/\/www.paysdesecrins.com\/it\/il-titolo-della-casa\/\">Accueil<\/a><\/span>  <span><a href=\"https:\/\/www.paysdesecrins.com\/it\/il-mio-desiderio-di\/\">Il mio desiderio di<\/a><\/span>  <span><a href=\"https:\/\/www.paysdesecrins.com\/it\/il-mio-desiderio-di\/scoperta\/\">La mia voglia di scoperta<\/a><\/span>  <span class=\"breadcrumb_last\" aria-current=\"page\">La miniera d&rsquo;argento di Fournel, nel Pays des \u00c9crins<\/span><\/span><\/div>\n    <\/div>\n    \n<div class=\"wp-block-ws-library-ws-title aligncenter is-style-simple\"><h2><em><strong>La miniera d&#8217;argento di Fournel<\/strong><\/em>Un&#8217;avventura sotterranea a L&#8217;Argenti\u00e8re-la-Bess\u00e9e<\/h2><\/div>\n\n<p class=\"has-text-align-center\">Ci sono luoghi in cui la storia salta all&#8217;occhio. La miniera d&#8217;argento di Fournel \u00e8 una di queste. Incastonato ai piedi delle gole selvagge dell&#8217;Argenti\u00e8re-la-Bess\u00e9e, vi condurr\u00e0 in un viaggio minerario tanto impressionante quanto affascinante.  <\/p>\n\n<div class=\"wp-block-ws-library-ws-video\"><div class=\"wrapper\"><div class=\"group-media\">\n<figure class=\"wp-block-embed is-type-video is-provider-youtube wp-block-embed-youtube\"><div class=\"wp-block-embed__wrapper\">\n<iframe loading=\"lazy\" title=\"La Mine d&#039;Argent du Fournel - L&#039;argenti\u00e8re la Bess\u00e9e\" width=\"500\" height=\"281\" src=\"https:\/\/www.youtube.com\/embed\/o9jXzf2mjXs?feature=oembed\" frameborder=\"0\" allow=\"accelerometer; autoplay; clipboard-write; encrypted-media; gyroscope; picture-in-picture; web-share\" referrerpolicy=\"strict-origin-when-cross-origin\" allowfullscreen><\/iframe>\n<\/div><\/figure>\n<\/div><\/div><\/div>\n\n<div class=\"wp-block-ws-library-ws-columns alignwide has-2-columns are-vertically-aligned-center layout-5050 is-style-background\">\n<div class=\"wp-block-ws-library-ws-column\"><div class=\"wrapper\">\n<div class=\"wp-block-ws-library-ws-title\"><h3>Secoli di sfruttamento<\/h3><\/div>\n\n\n\n<p class=\"has-text-align-center\">Qui si estrae il piombo argentifero fin dal Medioevo. Tra il X e il XIII secolo, i minatori erano soliti scavare nella roccia ultradura, fino a 150 metri di profondit\u00e0. E non \u00e8 finita! Nel 1785 la vena fu riscoperta: 400 operai (molti dei quali provenienti dall&#8217;Italia) si alternarono per produrre dalle 4 alle 5 tonnellate di minerale al giorno. Direzione Marsiglia per il casting, e l&#8217;Argenti\u00e8re diventa una fiorente citt\u00e0 mineraria.      <\/p>\n\n\n\n<p class=\"has-text-align-center\">Dagli anni &#8217;90, le gallerie sono state riportate in vita grazie ad archeologi appassionati. Bruno, custode del luogo per 30 anni, ama ricordarci che il torrente Fournel aveva coperto tutto, ma questo caos ha permesso una conservazione eccezionale. Oggi esploriamo quasi un chilometro di gallerie, nel cuore di un sito unico in Francia.  <\/p>\n<\/div><\/div>\n\n\n\n<div class=\"wp-block-ws-library-ws-column\"><div class=\"wrapper\">\n<div class=\"wp-block-ws-library-ws-image\"><div class=\"wrapper\"><div class=\"group-media\"><img decoding=\"async\" src=\"https:\/\/www.paysdesecrins.com\/wp-content\/uploads\/2025\/07\/lamined-argent-shooting-avec-famille-117-thibautblais-427x640.jpg\" alt=\"\" class=\"single_image ws-image-45024\"><div class=\"credits\"><\/div><\/div><p class=\"caption\"><\/p><\/div><\/div>\n<\/div><\/div>\n<\/div>\n\n<div class=\"wp-block-ws-library-ws-title is-style-default\"><h3><strong>Una visita a grandezza naturale<\/strong><\/h3><\/div>\n\n<p class=\"has-text-align-left\">Visite guidate, giochi di fuga, tour privati&#8230; La miniera unisce storia e immersione totale. L&#8217;ambientazione \u00e8 cruda, le storie accattivanti, le sensazioni molto reali. Tocchiamo con mano la vita quotidiana di questi operai nell&#8217;ombra, in un luogo dove ogni parete racconta un pezzo di storia.  <\/p>\n\n<div class=\"wp-block-ws-library-ws-image\"><div class=\"wrapper\"><div class=\"group-media\"><img decoding=\"async\" src=\"https:\/\/www.paysdesecrins.com\/wp-content\/uploads\/2025\/07\/shooting-avec-famille-97-960x640.jpg\" alt=\"\" class=\"single_image ws-image-45013\"><div class=\"credits\"><\/div><\/div><p class=\"caption\"><\/p><\/div><\/div>\n\n<div class=\"wp-block-ws-library-ws-columns alignwide has-2-columns are-vertically-aligned-center layout-5050 is-style-background\">\n<div class=\"wp-block-ws-library-ws-column\"><div class=\"wrapper\">\n<div class=\"wp-block-ws-library-ws-image\"><div class=\"wrapper\"><div class=\"group-media\"><img decoding=\"async\" src=\"https:\/\/www.paysdesecrins.com\/wp-content\/uploads\/2025\/07\/shooting-avec-famille-81-960x640.jpg\" alt=\"\" class=\"single_image ws-image-45019\"><div class=\"credits\"><\/div><\/div><p class=\"caption\"><\/p><\/div><\/div>\n<\/div><\/div>\n\n\n\n<div class=\"wp-block-ws-library-ws-column\"><div class=\"wrapper\">\n<div class=\"wp-block-ws-library-ws-title\"><h3>Informazioni pratiche<\/h3><\/div>\n\n\n\n<ul class=\"wp-block-list\">\n<li>Gorges du Fournel, L&#8217;Argenti\u00e8re-la-Bess\u00e9e<\/li>\n\n\n\n<li>Facile accesso dal villaggio. Partenza delle visite al centro di interpretazione. <\/li>\n\n\n\n<li>Informazioni e prenotazioni: consultare il sito ufficiale.<\/li>\n<\/ul>\n\n\n\n<div class=\"wp-block-ws-library-ws-button has-text-align-left\"><a href=\"https:\/\/www.mines-argent-fournel.com\" class=\"wp-block-button__link wp-element-button btn\">  Sito minerario<\/a><\/div>\n<\/div><\/div>\n<\/div>\n\n<div class=\"wp-block-ws-library-ws-share\"><span class=\"share-subtitle\">Ti \u00e8 piaciuta questa pagina?<\/span><span class=\"share-title\">Condividilo!<\/span><button class=\"ws-share-button wp-element-button\">Condividi questa pagina<\/button><\/div>\n","protected":false},"excerpt":{"rendered":"<p>Ci sono luoghi in cui la storia salta all&#8217;occhio. La miniera d&#8217;argento di Fournel \u00e8 una di queste. Incastonato ai [&hellip;]<\/p>\n","protected":false},"author":4,"featured_media":44976,"parent":44564,"menu_order":0,"comment_status":"closed","ping_status":"closed","template":"","meta":{"_thumbnail_id_2":0,"summer_excerpt":"","season":"","station":"","footnotes":""},"class_list":["post-47352","page","type-page","status-publish","has-post-thumbnail","hentry"],"yoast_head":"<!-- This site is optimized with the Yoast SEO plugin v27.3 - https:\/\/yoast.com\/product\/yoast-seo-wordpress\/ -->\n<title>La miniera d&#039;argento di Fournel, nel Pays des \u00c9crins - Pays des \u00c9crins - Office de Tourisme<\/title>\n<meta name=\"robots\" content=\"index, follow, max-snippet:-1, max-image-preview:large, max-video-preview:-1\" \/>\n<link rel=\"canonical\" href=\"https:\/\/www.paysdesecrins.com\/it\/il-mio-desiderio-di\/scoperta\/la-miniera-dargento-di-fournel-nel-pays-des-ecrins\/\" \/>\n<meta property=\"og:locale\" content=\"it_IT\" \/>\n<meta property=\"og:type\" content=\"article\" \/>\n<meta property=\"og:title\" content=\"La miniera d&#039;argento di Fournel, nel Pays des \u00c9crins - Pays des \u00c9crins - Office de Tourisme\" \/>\n<meta property=\"og:description\" content=\"Ci sono luoghi in cui la storia salta all&#8217;occhio. La miniera d&#8217;argento di Fournel \u00e8 una di queste. Incastonato ai [&hellip;]\" \/>\n<meta property=\"og:url\" content=\"https:\/\/www.paysdesecrins.com\/it\/il-mio-desiderio-di\/scoperta\/la-miniera-dargento-di-fournel-nel-pays-des-ecrins\/\" \/>\n<meta property=\"og:site_name\" content=\"Pays des \u00c9crins - Office de Tourisme\" \/>\n<meta property=\"article:modified_time\" content=\"2025-08-06T10:37:45+00:00\" \/>\n<meta property=\"og:image\" content=\"https:\/\/www.paysdesecrins.com\/wp-content\/uploads\/2025\/07\/1674825818-1937761558.jpg\" \/>\n\t<meta property=\"og:image:width\" content=\"1200\" \/>\n\t<meta property=\"og:image:height\" content=\"800\" \/>\n\t<meta property=\"og:image:type\" content=\"image\/jpeg\" \/>\n<meta name=\"twitter:card\" content=\"summary_large_image\" \/>\n<meta name=\"twitter:label1\" content=\"Tempo di lettura stimato\" \/>\n\t<meta name=\"twitter:data1\" content=\"1 minuto\" \/>\n<script type=\"application\/ld+json\" class=\"yoast-schema-graph\">{\"@context\":\"https:\\\/\\\/schema.org\",\"@graph\":[{\"@type\":\"WebPage\",\"@id\":\"https:\\\/\\\/www.paysdesecrins.com\\\/it\\\/il-mio-desiderio-di\\\/scoperta\\\/la-miniera-dargento-di-fournel-nel-pays-des-ecrins\\\/\",\"url\":\"https:\\\/\\\/www.paysdesecrins.com\\\/it\\\/il-mio-desiderio-di\\\/scoperta\\\/la-miniera-dargento-di-fournel-nel-pays-des-ecrins\\\/\",\"name\":\"La miniera d'argento di Fournel, nel Pays des \u00c9crins - Pays des \u00c9crins - Office de Tourisme\",\"isPartOf\":{\"@id\":\"https:\\\/\\\/www.paysdesecrins.com\\\/it\\\/#website\"},\"primaryImageOfPage\":{\"@id\":\"https:\\\/\\\/www.paysdesecrins.com\\\/it\\\/il-mio-desiderio-di\\\/scoperta\\\/la-miniera-dargento-di-fournel-nel-pays-des-ecrins\\\/#primaryimage\"},\"image\":{\"@id\":\"https:\\\/\\\/www.paysdesecrins.com\\\/it\\\/il-mio-desiderio-di\\\/scoperta\\\/la-miniera-dargento-di-fournel-nel-pays-des-ecrins\\\/#primaryimage\"},\"thumbnailUrl\":\"https:\\\/\\\/www.paysdesecrins.com\\\/wp-content\\\/uploads\\\/2025\\\/07\\\/1674825818-1937761558.jpg\",\"datePublished\":\"2025-07-24T12:03:12+00:00\",\"dateModified\":\"2025-08-06T10:37:45+00:00\",\"breadcrumb\":{\"@id\":\"https:\\\/\\\/www.paysdesecrins.com\\\/it\\\/il-mio-desiderio-di\\\/scoperta\\\/la-miniera-dargento-di-fournel-nel-pays-des-ecrins\\\/#breadcrumb\"},\"inLanguage\":\"it-IT\",\"potentialAction\":[{\"@type\":\"ReadAction\",\"target\":[\"https:\\\/\\\/www.paysdesecrins.com\\\/it\\\/il-mio-desiderio-di\\\/scoperta\\\/la-miniera-dargento-di-fournel-nel-pays-des-ecrins\\\/\"]}]},{\"@type\":\"ImageObject\",\"inLanguage\":\"it-IT\",\"@id\":\"https:\\\/\\\/www.paysdesecrins.com\\\/it\\\/il-mio-desiderio-di\\\/scoperta\\\/la-miniera-dargento-di-fournel-nel-pays-des-ecrins\\\/#primaryimage\",\"url\":\"https:\\\/\\\/www.paysdesecrins.com\\\/wp-content\\\/uploads\\\/2025\\\/07\\\/1674825818-1937761558.jpg\",\"contentUrl\":\"https:\\\/\\\/www.paysdesecrins.com\\\/wp-content\\\/uploads\\\/2025\\\/07\\\/1674825818-1937761558.jpg\",\"width\":1200,\"height\":800},{\"@type\":\"BreadcrumbList\",\"@id\":\"https:\\\/\\\/www.paysdesecrins.com\\\/it\\\/il-mio-desiderio-di\\\/scoperta\\\/la-miniera-dargento-di-fournel-nel-pays-des-ecrins\\\/#breadcrumb\",\"itemListElement\":[{\"@type\":\"ListItem\",\"position\":1,\"name\":\"Accueil\",\"item\":\"https:\\\/\\\/www.paysdesecrins.com\\\/it\\\/il-titolo-della-casa\\\/\"},{\"@type\":\"ListItem\",\"position\":2,\"name\":\"Il mio desiderio di\",\"item\":\"https:\\\/\\\/www.paysdesecrins.com\\\/it\\\/il-mio-desiderio-di\\\/\"},{\"@type\":\"ListItem\",\"position\":3,\"name\":\"La mia voglia di scoperta\",\"item\":\"https:\\\/\\\/www.paysdesecrins.com\\\/it\\\/il-mio-desiderio-di\\\/scoperta\\\/\"},{\"@type\":\"ListItem\",\"position\":4,\"name\":\"La miniera d&rsquo;argento di Fournel, nel Pays des \u00c9crins\"}]},{\"@type\":\"WebSite\",\"@id\":\"https:\\\/\\\/www.paysdesecrins.com\\\/it\\\/#website\",\"url\":\"https:\\\/\\\/www.paysdesecrins.com\\\/it\\\/\",\"name\":\"Pays des \u00c9crins - Office de Tourisme\",\"description\":\"L&#039;esprit montagne\",\"publisher\":{\"@id\":\"https:\\\/\\\/www.paysdesecrins.com\\\/it\\\/#organization\"},\"potentialAction\":[{\"@type\":\"SearchAction\",\"target\":{\"@type\":\"EntryPoint\",\"urlTemplate\":\"https:\\\/\\\/www.paysdesecrins.com\\\/it\\\/?s={search_term_string}\"},\"query-input\":{\"@type\":\"PropertyValueSpecification\",\"valueRequired\":true,\"valueName\":\"search_term_string\"}}],\"inLanguage\":\"it-IT\"},{\"@type\":\"Organization\",\"@id\":\"https:\\\/\\\/www.paysdesecrins.com\\\/it\\\/#organization\",\"name\":\"Pays des \u00c9crins - Office de Tourisme\",\"url\":\"https:\\\/\\\/www.paysdesecrins.com\\\/it\\\/\",\"logo\":{\"@type\":\"ImageObject\",\"inLanguage\":\"it-IT\",\"@id\":\"https:\\\/\\\/www.paysdesecrins.com\\\/it\\\/#\\\/schema\\\/logo\\\/image\\\/\",\"url\":\"https:\\\/\\\/www.paysdesecrins.com\\\/wp-content\\\/uploads\\\/2025\\\/06\\\/devina-svg-1750845694.svg\",\"contentUrl\":\"https:\\\/\\\/www.paysdesecrins.com\\\/wp-content\\\/uploads\\\/2025\\\/06\\\/devina-svg-1750845694.svg\",\"caption\":\"Pays des \u00c9crins - Office de Tourisme\"},\"image\":{\"@id\":\"https:\\\/\\\/www.paysdesecrins.com\\\/it\\\/#\\\/schema\\\/logo\\\/image\\\/\"}}]}<\/script>\n<!-- \/ Yoast SEO plugin. -->","yoast_head_json":{"title":"La miniera d'argento di Fournel, nel Pays des \u00c9crins - Pays des \u00c9crins - Office de Tourisme","robots":{"index":"index","follow":"follow","max-snippet":"max-snippet:-1","max-image-preview":"max-image-preview:large","max-video-preview":"max-video-preview:-1"},"canonical":"https:\/\/www.paysdesecrins.com\/it\/il-mio-desiderio-di\/scoperta\/la-miniera-dargento-di-fournel-nel-pays-des-ecrins\/","og_locale":"it_IT","og_type":"article","og_title":"La miniera d'argento di Fournel, nel Pays des \u00c9crins - Pays des \u00c9crins - Office de Tourisme","og_description":"Ci sono luoghi in cui la storia salta all&#8217;occhio. La miniera d&#8217;argento di Fournel \u00e8 una di queste. Incastonato ai [&hellip;]","og_url":"https:\/\/www.paysdesecrins.com\/it\/il-mio-desiderio-di\/scoperta\/la-miniera-dargento-di-fournel-nel-pays-des-ecrins\/","og_site_name":"Pays des \u00c9crins - Office de Tourisme","article_modified_time":"2025-08-06T10:37:45+00:00","og_image":[{"width":1200,"height":800,"url":"https:\/\/www.paysdesecrins.com\/wp-content\/uploads\/2025\/07\/1674825818-1937761558.jpg","type":"image\/jpeg"}],"twitter_card":"summary_large_image","twitter_misc":{"Tempo di lettura stimato":"1 minuto"},"schema":{"@context":"https:\/\/schema.org","@graph":[{"@type":"WebPage","@id":"https:\/\/www.paysdesecrins.com\/it\/il-mio-desiderio-di\/scoperta\/la-miniera-dargento-di-fournel-nel-pays-des-ecrins\/","url":"https:\/\/www.paysdesecrins.com\/it\/il-mio-desiderio-di\/scoperta\/la-miniera-dargento-di-fournel-nel-pays-des-ecrins\/","name":"La miniera d'argento di Fournel, nel Pays des \u00c9crins - Pays des \u00c9crins - Office de Tourisme","isPartOf":{"@id":"https:\/\/www.paysdesecrins.com\/it\/#website"},"primaryImageOfPage":{"@id":"https:\/\/www.paysdesecrins.com\/it\/il-mio-desiderio-di\/scoperta\/la-miniera-dargento-di-fournel-nel-pays-des-ecrins\/#primaryimage"},"image":{"@id":"https:\/\/www.paysdesecrins.com\/it\/il-mio-desiderio-di\/scoperta\/la-miniera-dargento-di-fournel-nel-pays-des-ecrins\/#primaryimage"},"thumbnailUrl":"https:\/\/www.paysdesecrins.com\/wp-content\/uploads\/2025\/07\/1674825818-1937761558.jpg","datePublished":"2025-07-24T12:03:12+00:00","dateModified":"2025-08-06T10:37:45+00:00","breadcrumb":{"@id":"https:\/\/www.paysdesecrins.com\/it\/il-mio-desiderio-di\/scoperta\/la-miniera-dargento-di-fournel-nel-pays-des-ecrins\/#breadcrumb"},"inLanguage":"it-IT","potentialAction":[{"@type":"ReadAction","target":["https:\/\/www.paysdesecrins.com\/it\/il-mio-desiderio-di\/scoperta\/la-miniera-dargento-di-fournel-nel-pays-des-ecrins\/"]}]},{"@type":"ImageObject","inLanguage":"it-IT","@id":"https:\/\/www.paysdesecrins.com\/it\/il-mio-desiderio-di\/scoperta\/la-miniera-dargento-di-fournel-nel-pays-des-ecrins\/#primaryimage","url":"https:\/\/www.paysdesecrins.com\/wp-content\/uploads\/2025\/07\/1674825818-1937761558.jpg","contentUrl":"https:\/\/www.paysdesecrins.com\/wp-content\/uploads\/2025\/07\/1674825818-1937761558.jpg","width":1200,"height":800},{"@type":"BreadcrumbList","@id":"https:\/\/www.paysdesecrins.com\/it\/il-mio-desiderio-di\/scoperta\/la-miniera-dargento-di-fournel-nel-pays-des-ecrins\/#breadcrumb","itemListElement":[{"@type":"ListItem","position":1,"name":"Accueil","item":"https:\/\/www.paysdesecrins.com\/it\/il-titolo-della-casa\/"},{"@type":"ListItem","position":2,"name":"Il mio desiderio di","item":"https:\/\/www.paysdesecrins.com\/it\/il-mio-desiderio-di\/"},{"@type":"ListItem","position":3,"name":"La mia voglia di scoperta","item":"https:\/\/www.paysdesecrins.com\/it\/il-mio-desiderio-di\/scoperta\/"},{"@type":"ListItem","position":4,"name":"La miniera d&rsquo;argento di Fournel, nel Pays des \u00c9crins"}]},{"@type":"WebSite","@id":"https:\/\/www.paysdesecrins.com\/it\/#website","url":"https:\/\/www.paysdesecrins.com\/it\/","name":"Pays des \u00c9crins - Office de Tourisme","description":"L&#039;esprit montagne","publisher":{"@id":"https:\/\/www.paysdesecrins.com\/it\/#organization"},"potentialAction":[{"@type":"SearchAction","target":{"@type":"EntryPoint","urlTemplate":"https:\/\/www.paysdesecrins.com\/it\/?s={search_term_string}"},"query-input":{"@type":"PropertyValueSpecification","valueRequired":true,"valueName":"search_term_string"}}],"inLanguage":"it-IT"},{"@type":"Organization","@id":"https:\/\/www.paysdesecrins.com\/it\/#organization","name":"Pays des \u00c9crins - Office de Tourisme","url":"https:\/\/www.paysdesecrins.com\/it\/","logo":{"@type":"ImageObject","inLanguage":"it-IT","@id":"https:\/\/www.paysdesecrins.com\/it\/#\/schema\/logo\/image\/","url":"https:\/\/www.paysdesecrins.com\/wp-content\/uploads\/2025\/06\/devina-svg-1750845694.svg","contentUrl":"https:\/\/www.paysdesecrins.com\/wp-content\/uploads\/2025\/06\/devina-svg-1750845694.svg","caption":"Pays des \u00c9crins - Office de Tourisme"},"image":{"@id":"https:\/\/www.paysdesecrins.com\/it\/#\/schema\/logo\/image\/"}}]}},"_links":{"self":[{"href":"https:\/\/www.paysdesecrins.com\/it\/wp-json\/wp\/v2\/pages\/47352","targetHints":{"allow":["GET"]}}],"collection":[{"href":"https:\/\/www.paysdesecrins.com\/it\/wp-json\/wp\/v2\/pages"}],"about":[{"href":"https:\/\/www.paysdesecrins.com\/it\/wp-json\/wp\/v2\/types\/page"}],"author":[{"embeddable":true,"href":"https:\/\/www.paysdesecrins.com\/it\/wp-json\/wp\/v2\/users\/4"}],"replies":[{"embeddable":true,"href":"https:\/\/www.paysdesecrins.com\/it\/wp-json\/wp\/v2\/comments?post=47352"}],"version-history":[{"count":0,"href":"https:\/\/www.paysdesecrins.com\/it\/wp-json\/wp\/v2\/pages\/47352\/revisions"}],"up":[{"embeddable":true,"href":"https:\/\/www.paysdesecrins.com\/it\/wp-json\/wp\/v2\/pages\/44564"}],"wp:featuredmedia":[{"embeddable":true,"href":"https:\/\/www.paysdesecrins.com\/it\/wp-json\/wp\/v2\/media\/44976"}],"wp:attachment":[{"href":"https:\/\/www.paysdesecrins.com\/it\/wp-json\/wp\/v2\/media?parent=47352"}],"curies":[{"name":"wp","href":"https:\/\/api.w.org\/{rel}","templated":true}]}}