{"id":64473,"date":"2025-08-05T09:57:00","date_gmt":"2025-08-05T07:57:00","guid":{"rendered":"https:\/\/www.paysdesecrins.com\/le-biblioteche-del-pays-des-ecrins\/"},"modified":"2025-08-05T10:15:00","modified_gmt":"2025-08-05T08:15:00","slug":"le-biblioteche-del-pays-des-ecrins","status":"publish","type":"page","link":"https:\/\/www.paysdesecrins.com\/it\/il-mio-desiderio-di\/scoperta\/le-biblioteche-del-pays-des-ecrins\/","title":{"rendered":"Le biblioteche del Pays des \u00c9crins"},"content":{"rendered":"    <div class=\"alignfull wp-block-ws-library-ws-header-interne\">\n\t    <div class=\"header-container\">\n\t        <div class=\"group-media has-image\">\n\t            \t                <img loading=\"lazy\" decoding=\"async\" width=\"1920\" height=\"800\" src=\"https:\/\/www.paysdesecrins.com\/wp-content\/uploads\/2025\/08\/argentiere-la-bessee-44-1920x800.jpg\" alt=\"\" class=\"image_large_square wp-image-64468\" \/>\n\t            \t        <\/div>\n\t        <div class=\"group-content\">\n\t            <div class=\"title\">\n\t                <h1>\n\t                    Biblioteche\t                    \t                        dei Paesi degli \u00c9crins\t                    \t                <\/h1>\n\t            <\/div>\n\t        <\/div>\n\t    <\/div>\n\t    \n<div class=\"yoast-breadcrumbs\"><span><span><a href=\"https:\/\/www.paysdesecrins.com\/it\/il-titolo-della-casa\/\">Accueil<\/a><\/span>  <span><a href=\"https:\/\/www.paysdesecrins.com\/it\/il-mio-desiderio-di\/\">Il mio desiderio di<\/a><\/span>  <span><a href=\"https:\/\/www.paysdesecrins.com\/it\/il-mio-desiderio-di\/scoperta\/\">La mia voglia di scoperta<\/a><\/span>  <span class=\"breadcrumb_last\" aria-current=\"page\">Le biblioteche del Pays des \u00c9crins<\/span><\/span><\/div>\n    <\/div>\n    \n<div class=\"wp-block-ws-library-ws-title aligncenter is-style-simple\"><h2><em>I tuoi luoghi di lettura<\/em> E scoperte<\/h2><\/div>\n\n<p class=\"has-text-align-center\">Scoprite i tesori letterari del Pays des \u00c9crins! Romanzi, fumetti, documentari e racconti locali vi aspettano in luoghi gratuiti dove prestiti modulari, incontri con autori e laboratori interattivi fanno rivivere la cultura delle nostre valli. <\/p>\n\n<div class=\"wp-block-ws-library-ws-columns alignwide has-2-columns are-vertically-aligned-center layout-4060\">\n<div class=\"wp-block-ws-library-ws-column\"><div class=\"wrapper\">\n<div class=\"wp-block-ws-library-ws-image\"><div class=\"wrapper\"><div class=\"group-media\"><img decoding=\"async\" src=\"https:\/\/www.paysdesecrins.com\/wp-content\/uploads\/2025\/07\/4decouverteactvitesculturelles-histoiredelargentiere-la-bessee-960x640.jpg\" alt=\"\" class=\"single_image ws-image-18266\"><div class=\"credits\"><\/div><\/div><p class=\"caption\"><\/p><\/div><\/div>\n<\/div><\/div>\n\n\n\n<div class=\"wp-block-ws-library-ws-column\"><div class=\"wrapper\">\n<div class=\"wp-block-ws-library-ws-title\"><h2><em>Biblioteca di <\/em>L&#8217;Argenti\u00e8re-la-Bess\u00e9e<\/h2><\/div>\n\n\n\n<p>Situata nel castello di Saint-Jean, questa biblioteca comunale offre pi\u00f9 di 9.000 documenti (libri, fumetti, CD\/DVD) e una collezione specializzata dell&#8217;Italia di montagna. La registrazione \u00e8 gratuita e si dispone di accesso a Internet e di un prestito di 10 documenti per un mese. <\/p>\n\n\n\n<ul class=\"wp-block-list\">\n<li><strong>Indirizzo<\/strong><br\/>2 rue du Ch\u00e2teau, 05120 L&#8217;Argenti\u00e8re-La-Bess\u00e9e<\/li>\n\n\n\n<li><strong>Orari<\/strong><br\/>\u2013 Marted\u00ec \/ Gioved\u00ec \/ Venerd\u00ec: 14:00\u201318:30<br\/>\u2013 Mercoled\u00ec e sabato: 10:00-12:00 e 14:00-18:30<\/li>\n\n\n\n<li><strong>Contatto<\/strong><br\/>\u2013 Telefono : 04 92 23 20 91<br\/>\u2013 Posta: <a>bibliotheque@ville-argentiere.fr<\/a> <\/li>\n<\/ul>\n<\/div><\/div>\n<\/div>\n\n<div class=\"wp-block-ws-library-ws-columns alignfull has-2-columns are-vertically-aligned-center layout-4060 is-style-background\">\n<div class=\"wp-block-ws-library-ws-column\"><div class=\"wrapper\">\n<div class=\"wp-block-ws-library-ws-image\"><div class=\"wrapper\"><div class=\"group-media\"><img decoding=\"async\" src=\"https:\/\/www.paysdesecrins.com\/wp-content\/uploads\/2025\/08\/08-01-24-gambad-ane-48-960x640.jpg\" alt=\"\" class=\"single_image ws-image-64478\"><div class=\"credits\"><\/div><\/div><p class=\"caption\"><\/p><\/div><\/div>\n<\/div><\/div>\n\n\n\n<div class=\"wp-block-ws-library-ws-column\"><div class=\"wrapper\">\n<div class=\"wp-block-ws-library-ws-title\"><h2><em>Biblioteca di <\/em>La Roche-de-Rame<\/h2><\/div>\n\n\n\n<p>Situata vicino alla chiesa del villaggio, questa piccola biblioteca comunale vi accoglie in un ambiente accogliente con un prestito possibile per un massimo di 2 mesi. Si tratta di un centro culturale locale, gestito da volontari appassionati. <\/p>\n\n\n\n<ul class=\"wp-block-list\">\n<li><strong>Indirizzo<\/strong><br\/>152 chemin de la Mairie, Le Clos, 05310 La Roche-de-Rame<\/li>\n\n\n\n<li><strong>Orari<\/strong><br\/>\u2013 Mercoled\u00ec 14:00\u201317:00<\/li>\n\n\n\n<li><strong>Contatto<\/strong><br\/>-Tel. : 04 92 20 97 71<\/li>\n<\/ul>\n<\/div><\/div>\n<\/div>\n\n<div class=\"wp-block-ws-library-ws-columns alignwide has-2-columns are-vertically-aligned-center layout-4060 is-style-default\">\n<div class=\"wp-block-ws-library-ws-column\"><div class=\"wrapper\">\n<div class=\"wp-block-ws-library-ws-image\"><div class=\"wrapper\"><div class=\"group-media\"><img decoding=\"async\" src=\"https:\/\/www.paysdesecrins.com\/wp-content\/uploads\/2025\/08\/premie-res-neiges-puy-saint-vincent-31-2-960x640.jpg\" alt=\"\" class=\"single_image ws-image-64484\"><div class=\"credits\"><\/div><\/div><p class=\"caption\"><\/p><\/div><\/div>\n<\/div><\/div>\n\n\n\n<div class=\"wp-block-ws-library-ws-column\"><div class=\"wrapper\">\n<div class=\"wp-block-ws-library-ws-title\"><h2><em>Biblioteca di <\/em>Puy-Saint-Vincent<\/h2><\/div>\n\n\n\n<p>Nella frazione di Le Puy, questo punto di lettura dipende dalla Biblioteca Dipartimentale e offre la consultazione gratuita dei documenti, oltre a un prestito annuale (quota associativa di 5 \u20ac per gli adulti). L&#8217;accoglienza \u00e8 due volte a settimana, con particolare attenzione alle attivit\u00e0 estive. <\/p>\n\n\n\n<ul class=\"wp-block-list\">\n<li><strong>Indirizzo<\/strong><br\/>78 rue Sainte-Marthe, Hameau du Puy, 05290 Puy-Saint-Vincent<\/li>\n\n\n\n<li><strong>Orari<\/strong><br\/>\u2013 Luned\u00ec e venerd\u00ec dalle 16:00 alle 18:30<\/li>\n\n\n\n<li><strong>Contatto<\/strong><br\/>-Tel. : 04 92 23 55 81<\/li>\n<\/ul>\n<\/div><\/div>\n<\/div>\n\n<div class=\"wp-block-ws-library-ws-columns alignfull has-2-columns are-vertically-aligned-center layout-4060 is-style-background\">\n<div class=\"wp-block-ws-library-ws-column\"><div class=\"wrapper\">\n<div class=\"wp-block-ws-library-ws-image\"><div class=\"wrapper\"><div class=\"group-media\"><img decoding=\"async\" src=\"https:\/\/www.paysdesecrins.com\/wp-content\/uploads\/2025\/08\/07-07-24-fete-du-pain-67-960x640.jpg\" alt=\"\" class=\"single_image ws-image-64489\"><div class=\"credits\"><\/div><\/div><p class=\"caption\"><\/p><\/div><\/div>\n<\/div><\/div>\n\n\n\n<div class=\"wp-block-ws-library-ws-column\"><div class=\"wrapper\">\n<div class=\"wp-block-ws-library-ws-title\"><h2><em>Biblioteca di <\/em>Freissini\u00e8res<\/h2><\/div>\n\n\n\n<p>Accogliente e aperto a tutti, offre gratuitamente romanzi, album e periodici. Troverai anche attivit\u00e0 durante l&#8217;anno, intorno alla lettura e alla narrazione. <\/p>\n\n\n\n<ul class=\"wp-block-list\">\n<li><strong>Indirizzo<\/strong><br\/>Maison de la vall\u00e9e, 2 place de la Mairie, 05310 Freissini\u00e8res<\/li>\n\n\n\n<li><strong>Orari<\/strong><br\/>\u2013 Luned\u00ec e mercoled\u00ec 16:00\u201318:00<\/li>\n\n\n\n<li><strong>Contatto<\/strong><br\/>\u2013 Municipio di Freissini\u00e8res \u2022 Tel. 04 92 20 92 87<\/li>\n<\/ul>\n<\/div><\/div>\n<\/div>\n\n<div class=\"wp-block-ws-library-ws-columns alignwide has-2-columns are-vertically-aligned-center layout-4060 is-style-default\">\n<div class=\"wp-block-ws-library-ws-column\"><div class=\"wrapper\">\n<div class=\"wp-block-ws-library-ws-image\"><div class=\"wrapper\"><div class=\"group-media\"><img decoding=\"async\" src=\"https:\/\/www.paysdesecrins.com\/wp-content\/uploads\/2025\/08\/dsc05676.jpg\" alt=\"\" class=\"single_image ws-image-64496\"><div class=\"credits\"><\/div><\/div><p class=\"caption\"><\/p><\/div><\/div>\n<\/div><\/div>\n\n\n\n<div class=\"wp-block-ws-library-ws-column\"><div class=\"wrapper\">\n<div class=\"wp-block-ws-library-ws-title\"><h2><em>Biblioteca di <\/em>Champcella<\/h2><\/div>\n\n\n\n<p>Questo servizio locale, gestito da un&#8217;\u00e9quipe di volontari, offre una collezione generalista e un prestito interbibliotecario. Un&#8217;offerta modulata per soddisfare le esigenze di residenti e vacanzieri. <\/p>\n\n\n\n<ul class=\"wp-block-list\">\n<li><strong>Indirizzo<\/strong><br\/>116 route de la Lauzette, 05310 Champcella<\/li>\n\n\n\n<li><strong>Orari<\/strong><br\/>\u2013 Marted\u00ec: 14:30\u201316:30<br\/>\u2013 Sabato: dalle 10:00 alle 12:00<\/li>\n\n\n\n<li><strong>Contatto<\/strong><br\/>\u2013 Tel. 04 92 20 98 04<br\/>\u2013 Posta: <a>bib.munic@orange.fr<\/a><\/li>\n<\/ul>\n<\/div><\/div>\n<\/div>\n\n<p class=\"has-text-align-center\">Ogni biblioteca fa parte di un processo di condivisione e animazione: mostre, letture pubbliche, laboratori giovanili e incontri con gli autori scandiscono la vita culturale del Pays des \u00c9crins. Trovi tutte le informazioni e gli aggiornamenti sul sito della Comunit\u00e0 dei Comuni. <\/p>\n\n<div class=\"wp-block-ws-library-ws-share\"><span class=\"share-subtitle\">Ti \u00e8 piaciuta questa pagina?<\/span><span class=\"share-title\">Condividilo!<\/span><button class=\"ws-share-button wp-element-button\">Condividi questa pagina<\/button><\/div>\n","protected":false},"excerpt":{"rendered":"<p>Scoprite i tesori letterari del Pays des \u00c9crins! Romanzi, fumetti, documentari e racconti locali vi aspettano in luoghi gratuiti dove [&hellip;]<\/p>\n","protected":false},"author":4,"featured_media":64472,"parent":44564,"menu_order":0,"comment_status":"closed","ping_status":"closed","template":"","meta":{"_thumbnail_id_2":0,"summer_excerpt":"","season":"","station":"","footnotes":""},"class_list":["post-64473","page","type-page","status-publish","has-post-thumbnail","hentry"],"yoast_head":"<!-- This site is optimized with the Yoast SEO plugin v27.3 - https:\/\/yoast.com\/product\/yoast-seo-wordpress\/ -->\n<title>Le biblioteche del Pays des \u00c9crins - Pays des \u00c9crins - Office de Tourisme<\/title>\n<meta name=\"robots\" content=\"index, follow, max-snippet:-1, max-image-preview:large, max-video-preview:-1\" \/>\n<link rel=\"canonical\" href=\"https:\/\/www.paysdesecrins.com\/it\/il-mio-desiderio-di\/scoperta\/le-biblioteche-del-pays-des-ecrins\/\" \/>\n<meta property=\"og:locale\" content=\"it_IT\" \/>\n<meta property=\"og:type\" content=\"article\" \/>\n<meta property=\"og:title\" content=\"Le biblioteche del Pays des \u00c9crins - Pays des \u00c9crins - Office de Tourisme\" \/>\n<meta property=\"og:description\" content=\"Scoprite i tesori letterari del Pays des \u00c9crins! Romanzi, fumetti, documentari e racconti locali vi aspettano in luoghi gratuiti dove [&hellip;]\" \/>\n<meta property=\"og:url\" content=\"https:\/\/www.paysdesecrins.com\/it\/il-mio-desiderio-di\/scoperta\/le-biblioteche-del-pays-des-ecrins\/\" \/>\n<meta property=\"og:site_name\" content=\"Pays des \u00c9crins - Office de Tourisme\" \/>\n<meta property=\"article:modified_time\" content=\"2025-08-05T08:15:00+00:00\" \/>\n<meta property=\"og:image\" content=\"https:\/\/www.paysdesecrins.com\/wp-content\/uploads\/2025\/08\/argentiere-la-bessee-44-scaled.jpg\" \/>\n\t<meta property=\"og:image:width\" content=\"2560\" \/>\n\t<meta property=\"og:image:height\" content=\"1707\" \/>\n\t<meta property=\"og:image:type\" content=\"image\/jpeg\" \/>\n<meta name=\"twitter:card\" content=\"summary_large_image\" \/>\n<meta name=\"twitter:label1\" content=\"Tempo di lettura stimato\" \/>\n\t<meta name=\"twitter:data1\" content=\"2 minuti\" \/>\n<script type=\"application\/ld+json\" class=\"yoast-schema-graph\">{\"@context\":\"https:\\\/\\\/schema.org\",\"@graph\":[{\"@type\":\"WebPage\",\"@id\":\"https:\\\/\\\/www.paysdesecrins.com\\\/it\\\/il-mio-desiderio-di\\\/scoperta\\\/le-biblioteche-del-pays-des-ecrins\\\/\",\"url\":\"https:\\\/\\\/www.paysdesecrins.com\\\/it\\\/il-mio-desiderio-di\\\/scoperta\\\/le-biblioteche-del-pays-des-ecrins\\\/\",\"name\":\"Le biblioteche del Pays des \u00c9crins - Pays des \u00c9crins - Office de Tourisme\",\"isPartOf\":{\"@id\":\"https:\\\/\\\/www.paysdesecrins.com\\\/it\\\/#website\"},\"primaryImageOfPage\":{\"@id\":\"https:\\\/\\\/www.paysdesecrins.com\\\/it\\\/il-mio-desiderio-di\\\/scoperta\\\/le-biblioteche-del-pays-des-ecrins\\\/#primaryimage\"},\"image\":{\"@id\":\"https:\\\/\\\/www.paysdesecrins.com\\\/it\\\/il-mio-desiderio-di\\\/scoperta\\\/le-biblioteche-del-pays-des-ecrins\\\/#primaryimage\"},\"thumbnailUrl\":\"https:\\\/\\\/www.paysdesecrins.com\\\/wp-content\\\/uploads\\\/2025\\\/08\\\/argentiere-la-bessee-44-scaled.jpg\",\"datePublished\":\"2025-08-05T07:57:00+00:00\",\"dateModified\":\"2025-08-05T08:15:00+00:00\",\"breadcrumb\":{\"@id\":\"https:\\\/\\\/www.paysdesecrins.com\\\/it\\\/il-mio-desiderio-di\\\/scoperta\\\/le-biblioteche-del-pays-des-ecrins\\\/#breadcrumb\"},\"inLanguage\":\"it-IT\",\"potentialAction\":[{\"@type\":\"ReadAction\",\"target\":[\"https:\\\/\\\/www.paysdesecrins.com\\\/it\\\/il-mio-desiderio-di\\\/scoperta\\\/le-biblioteche-del-pays-des-ecrins\\\/\"]}]},{\"@type\":\"ImageObject\",\"inLanguage\":\"it-IT\",\"@id\":\"https:\\\/\\\/www.paysdesecrins.com\\\/it\\\/il-mio-desiderio-di\\\/scoperta\\\/le-biblioteche-del-pays-des-ecrins\\\/#primaryimage\",\"url\":\"https:\\\/\\\/www.paysdesecrins.com\\\/wp-content\\\/uploads\\\/2025\\\/08\\\/argentiere-la-bessee-44-scaled.jpg\",\"contentUrl\":\"https:\\\/\\\/www.paysdesecrins.com\\\/wp-content\\\/uploads\\\/2025\\\/08\\\/argentiere-la-bessee-44-scaled.jpg\",\"width\":2560,\"height\":1707},{\"@type\":\"BreadcrumbList\",\"@id\":\"https:\\\/\\\/www.paysdesecrins.com\\\/it\\\/il-mio-desiderio-di\\\/scoperta\\\/le-biblioteche-del-pays-des-ecrins\\\/#breadcrumb\",\"itemListElement\":[{\"@type\":\"ListItem\",\"position\":1,\"name\":\"Accueil\",\"item\":\"https:\\\/\\\/www.paysdesecrins.com\\\/it\\\/il-titolo-della-casa\\\/\"},{\"@type\":\"ListItem\",\"position\":2,\"name\":\"Il mio desiderio di\",\"item\":\"https:\\\/\\\/www.paysdesecrins.com\\\/it\\\/il-mio-desiderio-di\\\/\"},{\"@type\":\"ListItem\",\"position\":3,\"name\":\"La mia voglia di scoperta\",\"item\":\"https:\\\/\\\/www.paysdesecrins.com\\\/it\\\/il-mio-desiderio-di\\\/scoperta\\\/\"},{\"@type\":\"ListItem\",\"position\":4,\"name\":\"Le biblioteche del Pays des \u00c9crins\"}]},{\"@type\":\"WebSite\",\"@id\":\"https:\\\/\\\/www.paysdesecrins.com\\\/it\\\/#website\",\"url\":\"https:\\\/\\\/www.paysdesecrins.com\\\/it\\\/\",\"name\":\"Pays des \u00c9crins - Office de Tourisme\",\"description\":\"L&#039;esprit montagne\",\"publisher\":{\"@id\":\"https:\\\/\\\/www.paysdesecrins.com\\\/it\\\/#organization\"},\"potentialAction\":[{\"@type\":\"SearchAction\",\"target\":{\"@type\":\"EntryPoint\",\"urlTemplate\":\"https:\\\/\\\/www.paysdesecrins.com\\\/it\\\/?s={search_term_string}\"},\"query-input\":{\"@type\":\"PropertyValueSpecification\",\"valueRequired\":true,\"valueName\":\"search_term_string\"}}],\"inLanguage\":\"it-IT\"},{\"@type\":\"Organization\",\"@id\":\"https:\\\/\\\/www.paysdesecrins.com\\\/it\\\/#organization\",\"name\":\"Pays des \u00c9crins - Office de Tourisme\",\"url\":\"https:\\\/\\\/www.paysdesecrins.com\\\/it\\\/\",\"logo\":{\"@type\":\"ImageObject\",\"inLanguage\":\"it-IT\",\"@id\":\"https:\\\/\\\/www.paysdesecrins.com\\\/it\\\/#\\\/schema\\\/logo\\\/image\\\/\",\"url\":\"https:\\\/\\\/www.paysdesecrins.com\\\/wp-content\\\/uploads\\\/2025\\\/06\\\/devina-svg-1750845694.svg\",\"contentUrl\":\"https:\\\/\\\/www.paysdesecrins.com\\\/wp-content\\\/uploads\\\/2025\\\/06\\\/devina-svg-1750845694.svg\",\"caption\":\"Pays des \u00c9crins - Office de Tourisme\"},\"image\":{\"@id\":\"https:\\\/\\\/www.paysdesecrins.com\\\/it\\\/#\\\/schema\\\/logo\\\/image\\\/\"}}]}<\/script>\n<!-- \/ Yoast SEO plugin. -->","yoast_head_json":{"title":"Le biblioteche del Pays des \u00c9crins - Pays des \u00c9crins - Office de Tourisme","robots":{"index":"index","follow":"follow","max-snippet":"max-snippet:-1","max-image-preview":"max-image-preview:large","max-video-preview":"max-video-preview:-1"},"canonical":"https:\/\/www.paysdesecrins.com\/it\/il-mio-desiderio-di\/scoperta\/le-biblioteche-del-pays-des-ecrins\/","og_locale":"it_IT","og_type":"article","og_title":"Le biblioteche del Pays des \u00c9crins - Pays des \u00c9crins - Office de Tourisme","og_description":"Scoprite i tesori letterari del Pays des \u00c9crins! Romanzi, fumetti, documentari e racconti locali vi aspettano in luoghi gratuiti dove [&hellip;]","og_url":"https:\/\/www.paysdesecrins.com\/it\/il-mio-desiderio-di\/scoperta\/le-biblioteche-del-pays-des-ecrins\/","og_site_name":"Pays des \u00c9crins - Office de Tourisme","article_modified_time":"2025-08-05T08:15:00+00:00","og_image":[{"width":2560,"height":1707,"url":"https:\/\/www.paysdesecrins.com\/wp-content\/uploads\/2025\/08\/argentiere-la-bessee-44-scaled.jpg","type":"image\/jpeg"}],"twitter_card":"summary_large_image","twitter_misc":{"Tempo di lettura stimato":"2 minuti"},"schema":{"@context":"https:\/\/schema.org","@graph":[{"@type":"WebPage","@id":"https:\/\/www.paysdesecrins.com\/it\/il-mio-desiderio-di\/scoperta\/le-biblioteche-del-pays-des-ecrins\/","url":"https:\/\/www.paysdesecrins.com\/it\/il-mio-desiderio-di\/scoperta\/le-biblioteche-del-pays-des-ecrins\/","name":"Le biblioteche del Pays des \u00c9crins - Pays des \u00c9crins - Office de Tourisme","isPartOf":{"@id":"https:\/\/www.paysdesecrins.com\/it\/#website"},"primaryImageOfPage":{"@id":"https:\/\/www.paysdesecrins.com\/it\/il-mio-desiderio-di\/scoperta\/le-biblioteche-del-pays-des-ecrins\/#primaryimage"},"image":{"@id":"https:\/\/www.paysdesecrins.com\/it\/il-mio-desiderio-di\/scoperta\/le-biblioteche-del-pays-des-ecrins\/#primaryimage"},"thumbnailUrl":"https:\/\/www.paysdesecrins.com\/wp-content\/uploads\/2025\/08\/argentiere-la-bessee-44-scaled.jpg","datePublished":"2025-08-05T07:57:00+00:00","dateModified":"2025-08-05T08:15:00+00:00","breadcrumb":{"@id":"https:\/\/www.paysdesecrins.com\/it\/il-mio-desiderio-di\/scoperta\/le-biblioteche-del-pays-des-ecrins\/#breadcrumb"},"inLanguage":"it-IT","potentialAction":[{"@type":"ReadAction","target":["https:\/\/www.paysdesecrins.com\/it\/il-mio-desiderio-di\/scoperta\/le-biblioteche-del-pays-des-ecrins\/"]}]},{"@type":"ImageObject","inLanguage":"it-IT","@id":"https:\/\/www.paysdesecrins.com\/it\/il-mio-desiderio-di\/scoperta\/le-biblioteche-del-pays-des-ecrins\/#primaryimage","url":"https:\/\/www.paysdesecrins.com\/wp-content\/uploads\/2025\/08\/argentiere-la-bessee-44-scaled.jpg","contentUrl":"https:\/\/www.paysdesecrins.com\/wp-content\/uploads\/2025\/08\/argentiere-la-bessee-44-scaled.jpg","width":2560,"height":1707},{"@type":"BreadcrumbList","@id":"https:\/\/www.paysdesecrins.com\/it\/il-mio-desiderio-di\/scoperta\/le-biblioteche-del-pays-des-ecrins\/#breadcrumb","itemListElement":[{"@type":"ListItem","position":1,"name":"Accueil","item":"https:\/\/www.paysdesecrins.com\/it\/il-titolo-della-casa\/"},{"@type":"ListItem","position":2,"name":"Il mio desiderio di","item":"https:\/\/www.paysdesecrins.com\/it\/il-mio-desiderio-di\/"},{"@type":"ListItem","position":3,"name":"La mia voglia di scoperta","item":"https:\/\/www.paysdesecrins.com\/it\/il-mio-desiderio-di\/scoperta\/"},{"@type":"ListItem","position":4,"name":"Le biblioteche del Pays des \u00c9crins"}]},{"@type":"WebSite","@id":"https:\/\/www.paysdesecrins.com\/it\/#website","url":"https:\/\/www.paysdesecrins.com\/it\/","name":"Pays des \u00c9crins - Office de Tourisme","description":"L&#039;esprit montagne","publisher":{"@id":"https:\/\/www.paysdesecrins.com\/it\/#organization"},"potentialAction":[{"@type":"SearchAction","target":{"@type":"EntryPoint","urlTemplate":"https:\/\/www.paysdesecrins.com\/it\/?s={search_term_string}"},"query-input":{"@type":"PropertyValueSpecification","valueRequired":true,"valueName":"search_term_string"}}],"inLanguage":"it-IT"},{"@type":"Organization","@id":"https:\/\/www.paysdesecrins.com\/it\/#organization","name":"Pays des \u00c9crins - Office de Tourisme","url":"https:\/\/www.paysdesecrins.com\/it\/","logo":{"@type":"ImageObject","inLanguage":"it-IT","@id":"https:\/\/www.paysdesecrins.com\/it\/#\/schema\/logo\/image\/","url":"https:\/\/www.paysdesecrins.com\/wp-content\/uploads\/2025\/06\/devina-svg-1750845694.svg","contentUrl":"https:\/\/www.paysdesecrins.com\/wp-content\/uploads\/2025\/06\/devina-svg-1750845694.svg","caption":"Pays des \u00c9crins - Office de Tourisme"},"image":{"@id":"https:\/\/www.paysdesecrins.com\/it\/#\/schema\/logo\/image\/"}}]}},"_links":{"self":[{"href":"https:\/\/www.paysdesecrins.com\/it\/wp-json\/wp\/v2\/pages\/64473","targetHints":{"allow":["GET"]}}],"collection":[{"href":"https:\/\/www.paysdesecrins.com\/it\/wp-json\/wp\/v2\/pages"}],"about":[{"href":"https:\/\/www.paysdesecrins.com\/it\/wp-json\/wp\/v2\/types\/page"}],"author":[{"embeddable":true,"href":"https:\/\/www.paysdesecrins.com\/it\/wp-json\/wp\/v2\/users\/4"}],"replies":[{"embeddable":true,"href":"https:\/\/www.paysdesecrins.com\/it\/wp-json\/wp\/v2\/comments?post=64473"}],"version-history":[{"count":0,"href":"https:\/\/www.paysdesecrins.com\/it\/wp-json\/wp\/v2\/pages\/64473\/revisions"}],"up":[{"embeddable":true,"href":"https:\/\/www.paysdesecrins.com\/it\/wp-json\/wp\/v2\/pages\/44564"}],"wp:featuredmedia":[{"embeddable":true,"href":"https:\/\/www.paysdesecrins.com\/it\/wp-json\/wp\/v2\/media\/64472"}],"wp:attachment":[{"href":"https:\/\/www.paysdesecrins.com\/it\/wp-json\/wp\/v2\/media?parent=64473"}],"curies":[{"name":"wp","href":"https:\/\/api.w.org\/{rel}","templated":true}]}}