{"id":75121,"date":"2025-08-11T12:52:24","date_gmt":"2025-08-11T10:52:24","guid":{"rendered":"https:\/\/www.paysdesecrins.com\/nuotare-negli-ecrins\/"},"modified":"2025-08-13T12:13:58","modified_gmt":"2025-08-13T10:13:58","slug":"nuotare-negli-ecrins","status":"publish","type":"page","link":"https:\/\/www.paysdesecrins.com\/it\/nuotare-negli-ecrins\/","title":{"rendered":"Nuotare negli \u00c9crins"},"content":{"rendered":"    <div class=\"alignfull wp-block-ws-library-ws-header-interne\" data-season=\"summer\">\n\t    <div class=\"header-container\">\n\t        <div class=\"group-media has-image\">\n\t            \t                <img loading=\"lazy\" decoding=\"async\" width=\"1920\" height=\"800\" src=\"https:\/\/www.paysdesecrins.com\/wp-content\/uploads\/2025\/08\/dsc09033-2-1920x800.jpg\" alt=\"\" class=\"image_large_square wp-image-63829\" \/>\n\t            \t        <\/div>\n\t        <div class=\"group-content\">\n\t            <div class=\"title\">\n\t                <h1>\n\t                    Nuotare negli \u00c9crins\t                    \t                <\/h1>\n\t            <\/div>\n\t        <\/div>\n\t    <\/div>\n\t    \n<div class=\"yoast-breadcrumbs\"><span><span><a href=\"https:\/\/www.paysdesecrins.com\/it\/il-titolo-della-casa\/\">Accueil<\/a><\/span>  <span class=\"breadcrumb_last\" aria-current=\"page\">Nuotare negli \u00c9crins<\/span><\/span><\/div>\n    <\/div>\n    \n<div class=\"wp-block-ws-library-ws-title aligncenter is-style-simple\"><h2><em>Laghi e piscine<\/em>Punti di balneazione<\/h2><\/div>\n\n<p class=\"has-text-align-center\">Cerchi freschezza nel cuore delle montagne? Il Pays des \u00c9crins offre una bella variet\u00e0 di laghi e piscine per combinare relax, nuoto e un panorama grandioso.<\/p>\n\n<div class=\"wp-block-ws-library-ws-columns alignwide has-2-columns are-vertically-aligned-center layout-5050 is-style-background\">\n<div class=\"wp-block-ws-library-ws-column\"><div class=\"wrapper\">\n<div class=\"wp-block-ws-library-ws-title\"><h2>CORPI IDRICI  <\/h2><\/div>\n\n\n\n<p>Non c&#8217;\u00e8 bisogno di scalare le vette per godersi la freschezza! Due laghi vi accolgono nella valle, di facile accesso, perfetti per rilassarsi, nuotare o semplicemente godersi un ambiente naturale con la famiglia o gli amici.<br\/>Prenditi il tuo tempo, respira, divertiti! <\/p>\n\n\n\n<p><strong>Lago di Roche-de-Rame<\/strong><br\/>Piccolo lago naturale glaciale facilmente accessibile, ideale per il nuoto sorvegliato in estate. \u00c8 possibile noleggiare un pedal\u00f2, provare uno stand-up paddle o divertirsi su una struttura gonfiabile (Aquaparc) di circa 600 m\u00b2 installata nei mesi di luglio e agosto. <\/p>\n\n\n\n<div class=\"wp-block-ws-library-ws-button has-text-align-left\"><a href=\"https:\/\/www.paysdesecrins.com\/it\/il-mio-desiderio-di\/44572-2\/lago-di-roche-de-rame\/\" class=\"wp-block-button__link wp-element-button btn\">  eN SAVOIR +<\/a><\/div>\n\n\n\n<p><strong>Lago di L&#8217;Argenti\u00e8re-la-Bess\u00e9e<\/strong><br\/>Luogo ideale per rinfrescarsi nel fondovalle, questo lago \u00e8 perfetto per una pausa rinfrescante o un picnic all&#8217;ombra. Bar e snack bar nelle vicinanze in estate. Atmosfera rilassante, con le montagne a fare da sfondo.  <\/p>\n\n\n\n<div class=\"wp-block-ws-library-ws-button has-text-align-left\"><a href=\"https:\/\/www.paysdesecrins.com\/it\/il-mio-desiderio-di\/44572-2\/lago-di-argentiere-la-bessee\/\" class=\"wp-block-button__link wp-element-button btn\">  eN SAVOIR +<\/a><\/div>\n<\/div><\/div>\n\n\n\n<div class=\"wp-block-ws-library-ws-column\"><div class=\"wrapper\">\n<div class=\"wp-block-ws-library-ws-image\"><div class=\"wrapper\"><div class=\"group-media\"><img decoding=\"async\" src=\"https:\/\/www.paysdesecrins.com\/wp-content\/uploads\/2025\/08\/dsc08872-427x640.jpg\" alt=\"\" class=\"single_image ws-image-64510\"><div class=\"credits\"><\/div><\/div><p class=\"caption\"><\/p><\/div><\/div>\n<\/div><\/div>\n<\/div>\n\n<div class=\"wp-block-ws-library-ws-title aligncenter\"><h2>Piscine<\/h2><\/div>\n\n<p>Che tu preferisca nuotare all&#8217;aperto con vista sulle vette o il comfort di una piscina coperta, il Pays des \u00c9crins offre una variet\u00e0 di opzioni per tutti i gusti e tutte le et\u00e0.<\/p>\n\n<div class=\"wp-block-ws-library-ws-columns alignwide has-2-columns are-vertically-aligned-center layout-5050\">\n<div class=\"wp-block-ws-library-ws-column\"><div class=\"wrapper\">\n<div class=\"wp-block-ws-library-ws-image\"><div class=\"wrapper\"><div class=\"group-media\"><img decoding=\"async\" src=\"https:\/\/www.paysdesecrins.com\/wp-content\/uploads\/2025\/08\/img-2004-960x640.jpg\" alt=\"\" class=\"single_image ws-image-75111\"><div class=\"credits\"><\/div><\/div><p class=\"caption\"><\/p><\/div><\/div>\n<\/div><\/div>\n\n\n\n<div class=\"wp-block-ws-library-ws-column\"><div class=\"wrapper\">\n<div class=\"wp-block-ws-library-ws-title\"><h2>Puy Saint Vincent (a 1600m)<\/h2><\/div>\n\n\n\n<p>Una piscina all&#8217;aperto riscaldata a circa 28\u00b0C, accessibile nei mesi di luglio e agosto. Luogo ideale per fare il bagno al cospetto delle montagne, con possibilit\u00e0 di acquagym e lezioni di nuoto con bagnino. <\/p>\n\n\n\n<ul class=\"wp-block-list\">\n<li><strong>Periodo di apertura:<\/strong> luglio\u2013agosto<\/li>\n\n\n\n<li><strong>Piscina:<\/strong> 20 m \u00d7 8 m; profondit\u00e0 1,10\u20131,60 m<\/li>\n\n\n\n<li><strong>Temperatura dell&#8217;acqua: <\/strong>~28 \u00b0C<\/li>\n\n\n\n<li><strong>Accesso: <\/strong>camera di compensazione interna \u2192 esterna (mantenimento in caldo)<\/li>\n\n\n\n<li><strong>Prestito dell&#8217;attrezzatura: <\/strong>bracciali, occhiali, pallone<\/li>\n\n\n\n<li><strong>Bambini piccoli: <\/strong>due gradini per sedersi\/entrare in acqua<\/li>\n\n\n\n<li><strong>Abbigliamento:<\/strong> costume da bagno obbligatorio (boxer vietati); Cappello e infradito non obbligatori. Non \u00e8 consentito il noleggio di asciugamani o costumi da bagno (acquistabile nei negozi di articoli sportivi) <\/li>\n\n\n\n<li><strong>Supervisione:<\/strong> acquagym e corsi di nuoto con bagnino<\/li>\n\n\n\n<li><strong>Minori:<\/strong> bambini di et\u00e0 superiore ai 10 anni ammessi da soli<\/li>\n<\/ul>\n<\/div><\/div>\n<\/div>\n\n<div class=\"wp-block-ws-library-ws-columns alignwide has-2-columns are-vertically-aligned-center layout-5050\">\n<div class=\"wp-block-ws-library-ws-column\"><div class=\"wrapper\">\n<div class=\"wp-block-ws-library-ws-title\"><h2>Vallouise-Pelvoux<\/h2><\/div>\n\n\n\n<p>Piscina all&#8217;aperto aperta tutti i giorni da fine giugno a fine agosto. Area per famiglie con scivolo, piscina per bambini, sedie a sdraio e snack bar. Luogo accogliente ai piedi del massiccio degli \u00c9crins.  <\/p>\n\n\n\n<ul class=\"wp-block-list\">\n<li><strong>Apertura estate 2025: <\/strong>23 giugno \u2192 4 luglio (14-18); 5 luglio \u2192 31 agosto (tutti i giorni dalle 10:30 alle 18:30)<\/li>\n\n\n\n<li><strong>Tipologia:<\/strong> piscina all&#8217;aperto, ai piedi degli impianti di risalita del Pelvoux<\/li>\n\n\n\n<li><strong>Attrezzatura: <\/strong>piscina grande + piscina per bambini, scivolo, riscaldamento solare<\/li>\n\n\n\n<li><strong>Attivit\u00e0:<\/strong> acquagym (sessioni supervisionate)<\/li>\n\n\n\n<li><strong>Contatto:<\/strong> 06 33 11 09 64<\/li>\n<\/ul>\n<\/div><\/div>\n\n\n\n<div class=\"wp-block-ws-library-ws-column\"><div class=\"wrapper\">\n<div class=\"wp-block-ws-library-ws-image\"><div class=\"wrapper\"><div class=\"group-media\"><img decoding=\"async\" src=\"https:\/\/www.paysdesecrins.com\/wp-content\/uploads\/2025\/08\/img-0510-3-427x640.jpg\" alt=\"\" class=\"single_image ws-image-64551\"><div class=\"credits\"><\/div><\/div><p class=\"caption\"><\/p><\/div><\/div>\n<\/div><\/div>\n<\/div>\n\n<div class=\"wp-block-ws-library-ws-columns alignwide has-2-columns are-vertically-aligned-center layout-5050\">\n<div class=\"wp-block-ws-library-ws-column\"><div class=\"wrapper\">\n<div class=\"wp-block-ws-library-ws-image\"><div class=\"wrapper\"><div class=\"group-media\"><img decoding=\"async\" src=\"https:\/\/www.paysdesecrins.com\/wp-content\/uploads\/2025\/08\/2025-01-06-853x640.jpg\" alt=\"\" class=\"single_image ws-image-75116\"><div class=\"credits\"><\/div><\/div><p class=\"caption\"><\/p><\/div><\/div>\n<\/div><\/div>\n\n\n\n<div class=\"wp-block-ws-library-ws-column\"><div class=\"wrapper\">\n<div class=\"wp-block-ws-library-ws-title\"><h2>L&#8217;argenti\u00e8re-la-bess\u00e9e<\/h2><\/div>\n\n\n\n<p>Piscina coperta di 25 metri, aperta tutto l&#8217;anno, ideale per nuotare in tranquillit\u00e0 o seguire corsi di acquagym. In estate, una piscina all&#8217;aperto con solarium e sedie a sdraio permette di godersi il sole nel cuore di un bellissimo spazio verde. <\/p>\n\n\n\n<ul class=\"wp-block-list\">\n<li><strong>Orari di apertura:<\/strong> orari di apertura a seconda del periodo (scuola, vacanze brevi, vacanze estive 2025: 5 luglio \u2192 28 agosto, 12-20, 7 giorni su 7)<\/li>\n\n\n\n<li><strong>Tipologia:<\/strong> coperto 25 m (linee d&#8217;acqua) aperto tutto l&#8217;anno; Piscina all&#8217;aperto e spazio verde in estate<\/li>\n\n\n\n<li><strong>Attivit\u00e0:<\/strong> corsi di nuoto, acquagym, apnea, baby nuotatori<\/li>\n\n\n\n<li><strong>Accessibilit\u00e0: <\/strong>PRM autonomo<\/li>\n\n\n\n<li><strong>Regole:<\/strong> il costume da bagno \u00e8 obbligatorio (non sono ammessi pantaloncini\/bermuda\/boxer); tappo consigliato; \u201310 anni; Consentire 1 \u20ac\/gettone per l&#8217;armadietto<\/li>\n\n\n\n<li><strong>Indirizzo e contatto:<\/strong> Complexe sportif du Quartz, 05120 L&#8217;Argenti\u00e8re-La Bess\u00e9e \u2014 04 92 20 08 14<\/li>\n<\/ul>\n<\/div><\/div>\n<\/div>\n\n<div class=\"wp-block-ws-library-ws-share\"><span class=\"share-subtitle\">Ti \u00e8 piaciuta questa pagina?<\/span><span class=\"share-title\">Condividilo!<\/span><button class=\"ws-share-button wp-element-button\">Condividi questa pagina<\/button><\/div>\n","protected":false},"excerpt":{"rendered":"<p>Cerchi freschezza nel cuore delle montagne? Il Pays des \u00c9crins offre una bella variet\u00e0 di laghi e piscine per combinare [&hellip;]<\/p>\n","protected":false},"author":4,"featured_media":63839,"parent":0,"menu_order":0,"comment_status":"closed","ping_status":"closed","template":"","meta":{"_thumbnail_id_2":0,"summer_excerpt":"","season":"","station":"","footnotes":""},"class_list":["post-75121","page","type-page","status-publish","has-post-thumbnail","hentry"],"yoast_head":"<!-- This site is optimized with the Yoast SEO plugin v27.3 - https:\/\/yoast.com\/product\/yoast-seo-wordpress\/ -->\n<title>Nuotare negli \u00c9crins - Pays des \u00c9crins - Office de Tourisme<\/title>\n<meta name=\"robots\" content=\"index, follow, max-snippet:-1, max-image-preview:large, max-video-preview:-1\" \/>\n<link rel=\"canonical\" href=\"https:\/\/www.paysdesecrins.com\/it\/nuotare-negli-ecrins\/\" \/>\n<meta property=\"og:locale\" content=\"it_IT\" \/>\n<meta property=\"og:type\" content=\"article\" \/>\n<meta property=\"og:title\" content=\"Nuotare negli \u00c9crins - Pays des \u00c9crins - Office de Tourisme\" \/>\n<meta property=\"og:description\" content=\"Cerchi freschezza nel cuore delle montagne? Il Pays des \u00c9crins offre una bella variet\u00e0 di laghi e piscine per combinare [&hellip;]\" \/>\n<meta property=\"og:url\" content=\"https:\/\/www.paysdesecrins.com\/it\/nuotare-negli-ecrins\/\" \/>\n<meta property=\"og:site_name\" content=\"Pays des \u00c9crins - Office de Tourisme\" \/>\n<meta property=\"article:modified_time\" content=\"2025-08-13T10:13:58+00:00\" \/>\n<meta property=\"og:image\" content=\"https:\/\/www.paysdesecrins.com\/wp-content\/uploads\/2025\/08\/dsc09020-2-scaled.jpg\" \/>\n\t<meta property=\"og:image:width\" content=\"2560\" \/>\n\t<meta property=\"og:image:height\" content=\"1707\" \/>\n\t<meta property=\"og:image:type\" content=\"image\/jpeg\" \/>\n<meta name=\"twitter:card\" content=\"summary_large_image\" \/>\n<meta name=\"twitter:label1\" content=\"Tempo di lettura stimato\" \/>\n\t<meta name=\"twitter:data1\" content=\"3 minuti\" \/>\n<script type=\"application\/ld+json\" class=\"yoast-schema-graph\">{\"@context\":\"https:\\\/\\\/schema.org\",\"@graph\":[{\"@type\":\"WebPage\",\"@id\":\"https:\\\/\\\/www.paysdesecrins.com\\\/it\\\/nuotare-negli-ecrins\\\/\",\"url\":\"https:\\\/\\\/www.paysdesecrins.com\\\/it\\\/nuotare-negli-ecrins\\\/\",\"name\":\"Nuotare negli \u00c9crins - Pays des \u00c9crins - Office de Tourisme\",\"isPartOf\":{\"@id\":\"https:\\\/\\\/www.paysdesecrins.com\\\/it\\\/#website\"},\"primaryImageOfPage\":{\"@id\":\"https:\\\/\\\/www.paysdesecrins.com\\\/it\\\/nuotare-negli-ecrins\\\/#primaryimage\"},\"image\":{\"@id\":\"https:\\\/\\\/www.paysdesecrins.com\\\/it\\\/nuotare-negli-ecrins\\\/#primaryimage\"},\"thumbnailUrl\":\"https:\\\/\\\/www.paysdesecrins.com\\\/wp-content\\\/uploads\\\/2025\\\/08\\\/dsc09020-2-scaled.jpg\",\"datePublished\":\"2025-08-11T10:52:24+00:00\",\"dateModified\":\"2025-08-13T10:13:58+00:00\",\"breadcrumb\":{\"@id\":\"https:\\\/\\\/www.paysdesecrins.com\\\/it\\\/nuotare-negli-ecrins\\\/#breadcrumb\"},\"inLanguage\":\"it-IT\",\"potentialAction\":[{\"@type\":\"ReadAction\",\"target\":[\"https:\\\/\\\/www.paysdesecrins.com\\\/it\\\/nuotare-negli-ecrins\\\/\"]}]},{\"@type\":\"ImageObject\",\"inLanguage\":\"it-IT\",\"@id\":\"https:\\\/\\\/www.paysdesecrins.com\\\/it\\\/nuotare-negli-ecrins\\\/#primaryimage\",\"url\":\"https:\\\/\\\/www.paysdesecrins.com\\\/wp-content\\\/uploads\\\/2025\\\/08\\\/dsc09020-2-scaled.jpg\",\"contentUrl\":\"https:\\\/\\\/www.paysdesecrins.com\\\/wp-content\\\/uploads\\\/2025\\\/08\\\/dsc09020-2-scaled.jpg\",\"width\":2560,\"height\":1707},{\"@type\":\"BreadcrumbList\",\"@id\":\"https:\\\/\\\/www.paysdesecrins.com\\\/it\\\/nuotare-negli-ecrins\\\/#breadcrumb\",\"itemListElement\":[{\"@type\":\"ListItem\",\"position\":1,\"name\":\"Accueil\",\"item\":\"https:\\\/\\\/www.paysdesecrins.com\\\/it\\\/il-titolo-della-casa\\\/\"},{\"@type\":\"ListItem\",\"position\":2,\"name\":\"Nuotare negli \u00c9crins\"}]},{\"@type\":\"WebSite\",\"@id\":\"https:\\\/\\\/www.paysdesecrins.com\\\/it\\\/#website\",\"url\":\"https:\\\/\\\/www.paysdesecrins.com\\\/it\\\/\",\"name\":\"Pays des \u00c9crins - Office de Tourisme\",\"description\":\"L&#039;esprit montagne\",\"publisher\":{\"@id\":\"https:\\\/\\\/www.paysdesecrins.com\\\/it\\\/#organization\"},\"potentialAction\":[{\"@type\":\"SearchAction\",\"target\":{\"@type\":\"EntryPoint\",\"urlTemplate\":\"https:\\\/\\\/www.paysdesecrins.com\\\/it\\\/?s={search_term_string}\"},\"query-input\":{\"@type\":\"PropertyValueSpecification\",\"valueRequired\":true,\"valueName\":\"search_term_string\"}}],\"inLanguage\":\"it-IT\"},{\"@type\":\"Organization\",\"@id\":\"https:\\\/\\\/www.paysdesecrins.com\\\/it\\\/#organization\",\"name\":\"Pays des \u00c9crins - Office de Tourisme\",\"url\":\"https:\\\/\\\/www.paysdesecrins.com\\\/it\\\/\",\"logo\":{\"@type\":\"ImageObject\",\"inLanguage\":\"it-IT\",\"@id\":\"https:\\\/\\\/www.paysdesecrins.com\\\/it\\\/#\\\/schema\\\/logo\\\/image\\\/\",\"url\":\"https:\\\/\\\/www.paysdesecrins.com\\\/wp-content\\\/uploads\\\/2025\\\/06\\\/devina-svg-1750845694.svg\",\"contentUrl\":\"https:\\\/\\\/www.paysdesecrins.com\\\/wp-content\\\/uploads\\\/2025\\\/06\\\/devina-svg-1750845694.svg\",\"caption\":\"Pays des \u00c9crins - Office de Tourisme\"},\"image\":{\"@id\":\"https:\\\/\\\/www.paysdesecrins.com\\\/it\\\/#\\\/schema\\\/logo\\\/image\\\/\"}}]}<\/script>\n<!-- \/ Yoast SEO plugin. -->","yoast_head_json":{"title":"Nuotare negli \u00c9crins - Pays des \u00c9crins - Office de Tourisme","robots":{"index":"index","follow":"follow","max-snippet":"max-snippet:-1","max-image-preview":"max-image-preview:large","max-video-preview":"max-video-preview:-1"},"canonical":"https:\/\/www.paysdesecrins.com\/it\/nuotare-negli-ecrins\/","og_locale":"it_IT","og_type":"article","og_title":"Nuotare negli \u00c9crins - Pays des \u00c9crins - Office de Tourisme","og_description":"Cerchi freschezza nel cuore delle montagne? Il Pays des \u00c9crins offre una bella variet\u00e0 di laghi e piscine per combinare [&hellip;]","og_url":"https:\/\/www.paysdesecrins.com\/it\/nuotare-negli-ecrins\/","og_site_name":"Pays des \u00c9crins - Office de Tourisme","article_modified_time":"2025-08-13T10:13:58+00:00","og_image":[{"width":2560,"height":1707,"url":"https:\/\/www.paysdesecrins.com\/wp-content\/uploads\/2025\/08\/dsc09020-2-scaled.jpg","type":"image\/jpeg"}],"twitter_card":"summary_large_image","twitter_misc":{"Tempo di lettura stimato":"3 minuti"},"schema":{"@context":"https:\/\/schema.org","@graph":[{"@type":"WebPage","@id":"https:\/\/www.paysdesecrins.com\/it\/nuotare-negli-ecrins\/","url":"https:\/\/www.paysdesecrins.com\/it\/nuotare-negli-ecrins\/","name":"Nuotare negli \u00c9crins - Pays des \u00c9crins - Office de Tourisme","isPartOf":{"@id":"https:\/\/www.paysdesecrins.com\/it\/#website"},"primaryImageOfPage":{"@id":"https:\/\/www.paysdesecrins.com\/it\/nuotare-negli-ecrins\/#primaryimage"},"image":{"@id":"https:\/\/www.paysdesecrins.com\/it\/nuotare-negli-ecrins\/#primaryimage"},"thumbnailUrl":"https:\/\/www.paysdesecrins.com\/wp-content\/uploads\/2025\/08\/dsc09020-2-scaled.jpg","datePublished":"2025-08-11T10:52:24+00:00","dateModified":"2025-08-13T10:13:58+00:00","breadcrumb":{"@id":"https:\/\/www.paysdesecrins.com\/it\/nuotare-negli-ecrins\/#breadcrumb"},"inLanguage":"it-IT","potentialAction":[{"@type":"ReadAction","target":["https:\/\/www.paysdesecrins.com\/it\/nuotare-negli-ecrins\/"]}]},{"@type":"ImageObject","inLanguage":"it-IT","@id":"https:\/\/www.paysdesecrins.com\/it\/nuotare-negli-ecrins\/#primaryimage","url":"https:\/\/www.paysdesecrins.com\/wp-content\/uploads\/2025\/08\/dsc09020-2-scaled.jpg","contentUrl":"https:\/\/www.paysdesecrins.com\/wp-content\/uploads\/2025\/08\/dsc09020-2-scaled.jpg","width":2560,"height":1707},{"@type":"BreadcrumbList","@id":"https:\/\/www.paysdesecrins.com\/it\/nuotare-negli-ecrins\/#breadcrumb","itemListElement":[{"@type":"ListItem","position":1,"name":"Accueil","item":"https:\/\/www.paysdesecrins.com\/it\/il-titolo-della-casa\/"},{"@type":"ListItem","position":2,"name":"Nuotare negli \u00c9crins"}]},{"@type":"WebSite","@id":"https:\/\/www.paysdesecrins.com\/it\/#website","url":"https:\/\/www.paysdesecrins.com\/it\/","name":"Pays des \u00c9crins - Office de Tourisme","description":"L&#039;esprit montagne","publisher":{"@id":"https:\/\/www.paysdesecrins.com\/it\/#organization"},"potentialAction":[{"@type":"SearchAction","target":{"@type":"EntryPoint","urlTemplate":"https:\/\/www.paysdesecrins.com\/it\/?s={search_term_string}"},"query-input":{"@type":"PropertyValueSpecification","valueRequired":true,"valueName":"search_term_string"}}],"inLanguage":"it-IT"},{"@type":"Organization","@id":"https:\/\/www.paysdesecrins.com\/it\/#organization","name":"Pays des \u00c9crins - Office de Tourisme","url":"https:\/\/www.paysdesecrins.com\/it\/","logo":{"@type":"ImageObject","inLanguage":"it-IT","@id":"https:\/\/www.paysdesecrins.com\/it\/#\/schema\/logo\/image\/","url":"https:\/\/www.paysdesecrins.com\/wp-content\/uploads\/2025\/06\/devina-svg-1750845694.svg","contentUrl":"https:\/\/www.paysdesecrins.com\/wp-content\/uploads\/2025\/06\/devina-svg-1750845694.svg","caption":"Pays des \u00c9crins - Office de Tourisme"},"image":{"@id":"https:\/\/www.paysdesecrins.com\/it\/#\/schema\/logo\/image\/"}}]}},"_links":{"self":[{"href":"https:\/\/www.paysdesecrins.com\/it\/wp-json\/wp\/v2\/pages\/75121","targetHints":{"allow":["GET"]}}],"collection":[{"href":"https:\/\/www.paysdesecrins.com\/it\/wp-json\/wp\/v2\/pages"}],"about":[{"href":"https:\/\/www.paysdesecrins.com\/it\/wp-json\/wp\/v2\/types\/page"}],"author":[{"embeddable":true,"href":"https:\/\/www.paysdesecrins.com\/it\/wp-json\/wp\/v2\/users\/4"}],"replies":[{"embeddable":true,"href":"https:\/\/www.paysdesecrins.com\/it\/wp-json\/wp\/v2\/comments?post=75121"}],"version-history":[{"count":2,"href":"https:\/\/www.paysdesecrins.com\/it\/wp-json\/wp\/v2\/pages\/75121\/revisions"}],"predecessor-version":[{"id":91588,"href":"https:\/\/www.paysdesecrins.com\/it\/wp-json\/wp\/v2\/pages\/75121\/revisions\/91588"}],"wp:featuredmedia":[{"embeddable":true,"href":"https:\/\/www.paysdesecrins.com\/it\/wp-json\/wp\/v2\/media\/63839"}],"wp:attachment":[{"href":"https:\/\/www.paysdesecrins.com\/it\/wp-json\/wp\/v2\/media?parent=75121"}],"curies":[{"name":"wp","href":"https:\/\/api.w.org\/{rel}","templated":true}]}}