{"id":44276,"date":"2025-07-25T11:06:25","date_gmt":"2025-07-25T09:06:25","guid":{"rendered":"https:\/\/www.paysdesecrins.com\/het-pays-des-ecrins-in-cijfers\/"},"modified":"2025-08-12T15:40:35","modified_gmt":"2025-08-12T13:40:35","slug":"het-pays-des-ecrins-in-cijfers","status":"publish","type":"page","link":"https:\/\/www.paysdesecrins.com\/nl\/blijft\/professioneel-gebied\/het-pays-des-ecrins-in-cijfers\/","title":{"rendered":"Het Pays des \u00c9crins in cijfers"},"content":{"rendered":"    <div class=\"alignfull wp-block-ws-library-ws-header-interne\">\n\t    <div class=\"header-container\">\n\t        <div class=\"group-media has-image\">\n\t            \t                <img loading=\"lazy\" decoding=\"async\" width=\"1920\" height=\"800\" src=\"https:\/\/www.paysdesecrins.com\/wp-content\/uploads\/2025\/07\/171ski-rando-pre-de-madame-carle-en-ski-23-1920x800.jpg\" alt=\"\" class=\"image_large_square wp-image-21587\" \/>\n\t            \t        <\/div>\n\t        <div class=\"group-content\">\n\t            <div class=\"title\">\n\t                <h1>\n\t                    Het Pays des \u00c9crins in cijfers\t                    \t                <\/h1>\n\t            <\/div>\n\t        <\/div>\n\t    <\/div>\n\t    \n<div class=\"yoast-breadcrumbs\"><span><span><a href=\"https:\/\/www.paysdesecrins.com\/nl\/de-titel-van-het-huis\/\">Accueil<\/a><\/span>  <span><a href=\"https:\/\/www.paysdesecrins.com\/nl\/professioneel-gebied\/\">Professioneel gebied<\/a><\/span>  <span class=\"breadcrumb_last\" aria-current=\"page\">Het Pays des \u00c9crins in cijfers<\/span><\/span><\/div>\n    <\/div>\n    \n<div class=\"wp-block-ws-library-ws-title aligncenter\"><h2><em>Activiteitenrapporten <\/em>en seizoensrapporten<\/h2><\/div>\n\n<p>Zoals elk jaar stellen wij u het activiteitenverslag van het Pays des \u00c9crins ter beschikking. U vindt er de stappen die in de loop van het jaar zijn genomen, de ambities en doelstellingen die we inzetten, de samenvatting van ons jaar dat rijk is aan allerlei soorten evenementen en de cijfers van ons grondgebied. <\/p>\n\n<div class=\"wp-block-group alignwide is-content-justification-center is-nowrap is-layout-flex wp-container-core-group-is-layout-23441af8 wp-block-group-is-layout-flex\">\n<div class=\"wp-block-ws-library-ws-documents\">\n<div class=\"wp-block-ws-library-ws-document\"><a href=\"https:\/\/www.paysdesecrins.com\/wp-content\/uploads\/2025\/07\/rapport-dactivite-2023-2024.pdf\" target=\"_blank\" rel=\"noopener noreferrer\" class=\"link-document\">rapport d&#8217;activit\u00e9 2023-2024<\/a><\/div>\n\n\n\n<div class=\"wp-block-ws-library-ws-document\"><a href=\"https:\/\/www.paysdesecrins.com\/wp-content\/uploads\/2025\/07\/rapport-dactivite-2022-2023.pdf\" target=\"_blank\" rel=\"noopener noreferrer\" class=\"link-document\">rapport d&#8217;activit\u00e9 2022-2023<\/a><\/div>\n<\/div>\n\n\n\n<div class=\"wp-block-group is-nowrap is-layout-flex wp-container-core-group-is-layout-6c531013 wp-block-group-is-layout-flex\">\n<div class=\"wp-block-ws-library-ws-documents\">\n<div class=\"wp-block-ws-library-ws-document\"><a href=\"https:\/\/www.paysdesecrins.com\/wp-content\/uploads\/2025\/07\/rapport-dactivite-2021-2022.pdf\" target=\"_blank\" rel=\"noopener noreferrer\" class=\"link-document\">rapport d&#8217;activit\u00e9 2021-2022<\/a><\/div>\n\n\n\n<div class=\"wp-block-ws-library-ws-document\"><a href=\"https:\/\/www.paysdesecrins.com\/wp-content\/uploads\/2025\/07\/rapport-dactivite-2020-2021-1.pdf\" target=\"_blank\" rel=\"noopener noreferrer\" class=\"link-document\">rapport d&#8217;activit\u00e9 2020-2021<\/a><\/div>\n<\/div>\n<\/div>\n<\/div>\n\n<ul class=\"wp-block-list\"><\/ul>\n\n<div class=\"wp-block-ws-library-ws-title aligncenter\"><h2><em>Toeristisch observatorium<\/em><\/h2><\/div>\n\n<p>Voor een zo volledig mogelijke analyse analyseert het Pays des Ecrins, in samenwerking met G2A, een adviesbureau voor toerisme, de toeristische aanwezigheid van het gebied. De analyse maakt het mogelijk om nieuwe doelstellingen te stellen, om de sterke en zwakke punten van het gebied te zien. Deze analyses vindt u hieronder. Vanaf 2022 kunt u <a href=\"https:\/\/observatoire.hautes-alpes.net\/rapports\/tourismeFV\" target=\"_blank\" rel=\"noreferrer noopener\">de tool gebruiken die online is gezet door addet 05<\/a> om over jaargegevens te beschikken.     <\/p>\n\n<div class=\"wp-block-group is-nowrap is-layout-flex wp-container-core-group-is-layout-6c531013 wp-block-group-is-layout-flex\">\n<div class=\"wp-block-ws-library-ws-documents\">\n<div class=\"wp-block-ws-library-ws-document\"><a href=\"https:\/\/www.paysdesecrins.com\/wp-content\/uploads\/2025\/07\/frequentation-toursitique-des-hautes-alpes-2023-2024-1.pdf\" target=\"_blank\" rel=\"noopener noreferrer\" class=\"link-document\">Frequentation toursitique des hautes-alpes  -2023-2024<\/a><\/div>\n\n\n\n<div class=\"wp-block-ws-library-ws-document\"><a href=\"https:\/\/www.paysdesecrins.com\/wp-content\/uploads\/2025\/07\/frequentation-toursitique-des-hautes-alpes-ete-2024-1.pdf\" target=\"_blank\" rel=\"noopener noreferrer\" class=\"link-document\">Frequentation toursitique des hautes-alpes  \u00e9t\u00e9 2024<\/a><\/div>\n<\/div>\n\n\n\n<div class=\"wp-block-group is-nowrap is-layout-flex wp-container-core-group-is-layout-6c531013 wp-block-group-is-layout-flex\">\n<div class=\"wp-block-ws-library-ws-documents\">\n<div class=\"wp-block-ws-library-ws-document\"><a href=\"https:\/\/www.paysdesecrins.com\/wp-content\/uploads\/2025\/07\/frequentation-toursitique-des-hautes-alpes-hiver-2023-2024-1.pdf\" target=\"_blank\" rel=\"noopener noreferrer\" class=\"link-document\">Frequentation toursitique des hautes-alpes  hiver 2023-2024<\/a><\/div>\n\n\n\n<div class=\"wp-block-ws-library-ws-document\"><a href=\"https:\/\/www.paysdesecrins.com\/wp-content\/uploads\/2025\/07\/frequentation-toursitique-paca-ete-2024-1.pdf\" target=\"_blank\" rel=\"noopener noreferrer\" class=\"link-document\">Frequentation toursitique PACA  \u00e9t\u00e9 2024<\/a><\/div>\n<\/div>\n<\/div>\n<\/div>\n\n<div class=\"wp-block-ws-library-ws-share\"><span class=\"share-subtitle\">Vond je deze pagina leuk?<\/span><span class=\"share-title\">Deel het!<\/span><button class=\"ws-share-button wp-element-button\">Deel deze pagina<\/button><\/div>\n","protected":false},"excerpt":{"rendered":"<p>Zoals elk jaar stellen wij u het activiteitenverslag van het Pays des \u00c9crins ter beschikking. U vindt er de stappen [&hellip;]<\/p>\n","protected":false},"author":4,"featured_media":41675,"parent":45546,"menu_order":0,"comment_status":"closed","ping_status":"closed","template":"","meta":{"_thumbnail_id_2":0,"summer_excerpt":"","season":"","station":"","footnotes":""},"class_list":["post-44276","page","type-page","status-publish","has-post-thumbnail","hentry"],"yoast_head":"<!-- This site is optimized with the Yoast SEO plugin v27.3 - https:\/\/yoast.com\/product\/yoast-seo-wordpress\/ -->\n<title>Het Pays des \u00c9crins in cijfers - Pays des \u00c9crins - Office de Tourisme<\/title>\n<meta name=\"robots\" content=\"index, follow, max-snippet:-1, max-image-preview:large, max-video-preview:-1\" \/>\n<link rel=\"canonical\" href=\"https:\/\/www.paysdesecrins.com\/nl\/blijft\/professioneel-gebied\/het-pays-des-ecrins-in-cijfers\/\" \/>\n<meta property=\"og:locale\" content=\"nl_NL\" \/>\n<meta property=\"og:type\" content=\"article\" \/>\n<meta property=\"og:title\" content=\"Het Pays des \u00c9crins in cijfers - Pays des \u00c9crins - Office de Tourisme\" \/>\n<meta property=\"og:description\" content=\"Zoals elk jaar stellen wij u het activiteitenverslag van het Pays des \u00c9crins ter beschikking. U vindt er de stappen [&hellip;]\" \/>\n<meta property=\"og:url\" content=\"https:\/\/www.paysdesecrins.com\/nl\/blijft\/professioneel-gebied\/het-pays-des-ecrins-in-cijfers\/\" \/>\n<meta property=\"og:site_name\" content=\"Pays des \u00c9crins - Office de Tourisme\" \/>\n<meta property=\"article:modified_time\" content=\"2025-08-12T13:40:35+00:00\" \/>\n<meta property=\"og:image\" content=\"https:\/\/www.paysdesecrins.com\/wp-content\/uploads\/2025\/07\/1608201002-1465694179.jpg\" \/>\n\t<meta property=\"og:image:width\" content=\"1200\" \/>\n\t<meta property=\"og:image:height\" content=\"800\" \/>\n\t<meta property=\"og:image:type\" content=\"image\/jpeg\" \/>\n<meta name=\"twitter:card\" content=\"summary_large_image\" \/>\n<meta name=\"twitter:label1\" content=\"Geschatte leestijd\" \/>\n\t<meta name=\"twitter:data1\" content=\"1 minuut\" \/>\n<script type=\"application\/ld+json\" class=\"yoast-schema-graph\">{\"@context\":\"https:\\\/\\\/schema.org\",\"@graph\":[{\"@type\":\"WebPage\",\"@id\":\"https:\\\/\\\/www.paysdesecrins.com\\\/nl\\\/blijft\\\/professioneel-gebied\\\/het-pays-des-ecrins-in-cijfers\\\/\",\"url\":\"https:\\\/\\\/www.paysdesecrins.com\\\/nl\\\/blijft\\\/professioneel-gebied\\\/het-pays-des-ecrins-in-cijfers\\\/\",\"name\":\"Het Pays des \u00c9crins in cijfers - Pays des \u00c9crins - Office de Tourisme\",\"isPartOf\":{\"@id\":\"https:\\\/\\\/www.paysdesecrins.com\\\/nl\\\/#website\"},\"primaryImageOfPage\":{\"@id\":\"https:\\\/\\\/www.paysdesecrins.com\\\/nl\\\/blijft\\\/professioneel-gebied\\\/het-pays-des-ecrins-in-cijfers\\\/#primaryimage\"},\"image\":{\"@id\":\"https:\\\/\\\/www.paysdesecrins.com\\\/nl\\\/blijft\\\/professioneel-gebied\\\/het-pays-des-ecrins-in-cijfers\\\/#primaryimage\"},\"thumbnailUrl\":\"https:\\\/\\\/www.paysdesecrins.com\\\/wp-content\\\/uploads\\\/2025\\\/07\\\/1608201002-1465694179.jpg\",\"datePublished\":\"2025-07-25T09:06:25+00:00\",\"dateModified\":\"2025-08-12T13:40:35+00:00\",\"breadcrumb\":{\"@id\":\"https:\\\/\\\/www.paysdesecrins.com\\\/nl\\\/blijft\\\/professioneel-gebied\\\/het-pays-des-ecrins-in-cijfers\\\/#breadcrumb\"},\"inLanguage\":\"nl-NL\",\"potentialAction\":[{\"@type\":\"ReadAction\",\"target\":[\"https:\\\/\\\/www.paysdesecrins.com\\\/nl\\\/blijft\\\/professioneel-gebied\\\/het-pays-des-ecrins-in-cijfers\\\/\"]}]},{\"@type\":\"ImageObject\",\"inLanguage\":\"nl-NL\",\"@id\":\"https:\\\/\\\/www.paysdesecrins.com\\\/nl\\\/blijft\\\/professioneel-gebied\\\/het-pays-des-ecrins-in-cijfers\\\/#primaryimage\",\"url\":\"https:\\\/\\\/www.paysdesecrins.com\\\/wp-content\\\/uploads\\\/2025\\\/07\\\/1608201002-1465694179.jpg\",\"contentUrl\":\"https:\\\/\\\/www.paysdesecrins.com\\\/wp-content\\\/uploads\\\/2025\\\/07\\\/1608201002-1465694179.jpg\",\"width\":1200,\"height\":800},{\"@type\":\"BreadcrumbList\",\"@id\":\"https:\\\/\\\/www.paysdesecrins.com\\\/nl\\\/blijft\\\/professioneel-gebied\\\/het-pays-des-ecrins-in-cijfers\\\/#breadcrumb\",\"itemListElement\":[{\"@type\":\"ListItem\",\"position\":1,\"name\":\"Accueil\",\"item\":\"https:\\\/\\\/www.paysdesecrins.com\\\/nl\\\/de-titel-van-het-huis\\\/\"},{\"@type\":\"ListItem\",\"position\":2,\"name\":\"Professioneel gebied\",\"item\":\"https:\\\/\\\/www.paysdesecrins.com\\\/nl\\\/professioneel-gebied\\\/\"},{\"@type\":\"ListItem\",\"position\":3,\"name\":\"Het Pays des \u00c9crins in cijfers\"}]},{\"@type\":\"WebSite\",\"@id\":\"https:\\\/\\\/www.paysdesecrins.com\\\/nl\\\/#website\",\"url\":\"https:\\\/\\\/www.paysdesecrins.com\\\/nl\\\/\",\"name\":\"Pays des \u00c9crins - Office de Tourisme\",\"description\":\"L&#039;esprit montagne\",\"publisher\":{\"@id\":\"https:\\\/\\\/www.paysdesecrins.com\\\/nl\\\/#organization\"},\"potentialAction\":[{\"@type\":\"SearchAction\",\"target\":{\"@type\":\"EntryPoint\",\"urlTemplate\":\"https:\\\/\\\/www.paysdesecrins.com\\\/nl\\\/?s={search_term_string}\"},\"query-input\":{\"@type\":\"PropertyValueSpecification\",\"valueRequired\":true,\"valueName\":\"search_term_string\"}}],\"inLanguage\":\"nl-NL\"},{\"@type\":\"Organization\",\"@id\":\"https:\\\/\\\/www.paysdesecrins.com\\\/nl\\\/#organization\",\"name\":\"Pays des \u00c9crins - Office de Tourisme\",\"url\":\"https:\\\/\\\/www.paysdesecrins.com\\\/nl\\\/\",\"logo\":{\"@type\":\"ImageObject\",\"inLanguage\":\"nl-NL\",\"@id\":\"https:\\\/\\\/www.paysdesecrins.com\\\/nl\\\/#\\\/schema\\\/logo\\\/image\\\/\",\"url\":\"https:\\\/\\\/www.paysdesecrins.com\\\/wp-content\\\/uploads\\\/2025\\\/06\\\/devina-svg-1750845694.svg\",\"contentUrl\":\"https:\\\/\\\/www.paysdesecrins.com\\\/wp-content\\\/uploads\\\/2025\\\/06\\\/devina-svg-1750845694.svg\",\"caption\":\"Pays des \u00c9crins - Office de Tourisme\"},\"image\":{\"@id\":\"https:\\\/\\\/www.paysdesecrins.com\\\/nl\\\/#\\\/schema\\\/logo\\\/image\\\/\"}}]}<\/script>\n<!-- \/ Yoast SEO plugin. -->","yoast_head_json":{"title":"Het Pays des \u00c9crins in cijfers - Pays des \u00c9crins - Office de Tourisme","robots":{"index":"index","follow":"follow","max-snippet":"max-snippet:-1","max-image-preview":"max-image-preview:large","max-video-preview":"max-video-preview:-1"},"canonical":"https:\/\/www.paysdesecrins.com\/nl\/blijft\/professioneel-gebied\/het-pays-des-ecrins-in-cijfers\/","og_locale":"nl_NL","og_type":"article","og_title":"Het Pays des \u00c9crins in cijfers - Pays des \u00c9crins - Office de Tourisme","og_description":"Zoals elk jaar stellen wij u het activiteitenverslag van het Pays des \u00c9crins ter beschikking. U vindt er de stappen [&hellip;]","og_url":"https:\/\/www.paysdesecrins.com\/nl\/blijft\/professioneel-gebied\/het-pays-des-ecrins-in-cijfers\/","og_site_name":"Pays des \u00c9crins - Office de Tourisme","article_modified_time":"2025-08-12T13:40:35+00:00","og_image":[{"width":1200,"height":800,"url":"https:\/\/www.paysdesecrins.com\/wp-content\/uploads\/2025\/07\/1608201002-1465694179.jpg","type":"image\/jpeg"}],"twitter_card":"summary_large_image","twitter_misc":{"Geschatte leestijd":"1 minuut"},"schema":{"@context":"https:\/\/schema.org","@graph":[{"@type":"WebPage","@id":"https:\/\/www.paysdesecrins.com\/nl\/blijft\/professioneel-gebied\/het-pays-des-ecrins-in-cijfers\/","url":"https:\/\/www.paysdesecrins.com\/nl\/blijft\/professioneel-gebied\/het-pays-des-ecrins-in-cijfers\/","name":"Het Pays des \u00c9crins in cijfers - Pays des \u00c9crins - Office de Tourisme","isPartOf":{"@id":"https:\/\/www.paysdesecrins.com\/nl\/#website"},"primaryImageOfPage":{"@id":"https:\/\/www.paysdesecrins.com\/nl\/blijft\/professioneel-gebied\/het-pays-des-ecrins-in-cijfers\/#primaryimage"},"image":{"@id":"https:\/\/www.paysdesecrins.com\/nl\/blijft\/professioneel-gebied\/het-pays-des-ecrins-in-cijfers\/#primaryimage"},"thumbnailUrl":"https:\/\/www.paysdesecrins.com\/wp-content\/uploads\/2025\/07\/1608201002-1465694179.jpg","datePublished":"2025-07-25T09:06:25+00:00","dateModified":"2025-08-12T13:40:35+00:00","breadcrumb":{"@id":"https:\/\/www.paysdesecrins.com\/nl\/blijft\/professioneel-gebied\/het-pays-des-ecrins-in-cijfers\/#breadcrumb"},"inLanguage":"nl-NL","potentialAction":[{"@type":"ReadAction","target":["https:\/\/www.paysdesecrins.com\/nl\/blijft\/professioneel-gebied\/het-pays-des-ecrins-in-cijfers\/"]}]},{"@type":"ImageObject","inLanguage":"nl-NL","@id":"https:\/\/www.paysdesecrins.com\/nl\/blijft\/professioneel-gebied\/het-pays-des-ecrins-in-cijfers\/#primaryimage","url":"https:\/\/www.paysdesecrins.com\/wp-content\/uploads\/2025\/07\/1608201002-1465694179.jpg","contentUrl":"https:\/\/www.paysdesecrins.com\/wp-content\/uploads\/2025\/07\/1608201002-1465694179.jpg","width":1200,"height":800},{"@type":"BreadcrumbList","@id":"https:\/\/www.paysdesecrins.com\/nl\/blijft\/professioneel-gebied\/het-pays-des-ecrins-in-cijfers\/#breadcrumb","itemListElement":[{"@type":"ListItem","position":1,"name":"Accueil","item":"https:\/\/www.paysdesecrins.com\/nl\/de-titel-van-het-huis\/"},{"@type":"ListItem","position":2,"name":"Professioneel gebied","item":"https:\/\/www.paysdesecrins.com\/nl\/professioneel-gebied\/"},{"@type":"ListItem","position":3,"name":"Het Pays des \u00c9crins in cijfers"}]},{"@type":"WebSite","@id":"https:\/\/www.paysdesecrins.com\/nl\/#website","url":"https:\/\/www.paysdesecrins.com\/nl\/","name":"Pays des \u00c9crins - Office de Tourisme","description":"L&#039;esprit montagne","publisher":{"@id":"https:\/\/www.paysdesecrins.com\/nl\/#organization"},"potentialAction":[{"@type":"SearchAction","target":{"@type":"EntryPoint","urlTemplate":"https:\/\/www.paysdesecrins.com\/nl\/?s={search_term_string}"},"query-input":{"@type":"PropertyValueSpecification","valueRequired":true,"valueName":"search_term_string"}}],"inLanguage":"nl-NL"},{"@type":"Organization","@id":"https:\/\/www.paysdesecrins.com\/nl\/#organization","name":"Pays des \u00c9crins - Office de Tourisme","url":"https:\/\/www.paysdesecrins.com\/nl\/","logo":{"@type":"ImageObject","inLanguage":"nl-NL","@id":"https:\/\/www.paysdesecrins.com\/nl\/#\/schema\/logo\/image\/","url":"https:\/\/www.paysdesecrins.com\/wp-content\/uploads\/2025\/06\/devina-svg-1750845694.svg","contentUrl":"https:\/\/www.paysdesecrins.com\/wp-content\/uploads\/2025\/06\/devina-svg-1750845694.svg","caption":"Pays des \u00c9crins - Office de Tourisme"},"image":{"@id":"https:\/\/www.paysdesecrins.com\/nl\/#\/schema\/logo\/image\/"}}]}},"_links":{"self":[{"href":"https:\/\/www.paysdesecrins.com\/nl\/wp-json\/wp\/v2\/pages\/44276","targetHints":{"allow":["GET"]}}],"collection":[{"href":"https:\/\/www.paysdesecrins.com\/nl\/wp-json\/wp\/v2\/pages"}],"about":[{"href":"https:\/\/www.paysdesecrins.com\/nl\/wp-json\/wp\/v2\/types\/page"}],"author":[{"embeddable":true,"href":"https:\/\/www.paysdesecrins.com\/nl\/wp-json\/wp\/v2\/users\/4"}],"replies":[{"embeddable":true,"href":"https:\/\/www.paysdesecrins.com\/nl\/wp-json\/wp\/v2\/comments?post=44276"}],"version-history":[{"count":2,"href":"https:\/\/www.paysdesecrins.com\/nl\/wp-json\/wp\/v2\/pages\/44276\/revisions"}],"predecessor-version":[{"id":82003,"href":"https:\/\/www.paysdesecrins.com\/nl\/wp-json\/wp\/v2\/pages\/44276\/revisions\/82003"}],"up":[{"embeddable":true,"href":"https:\/\/www.paysdesecrins.com\/nl\/wp-json\/wp\/v2\/pages\/45546"}],"wp:featuredmedia":[{"embeddable":true,"href":"https:\/\/www.paysdesecrins.com\/nl\/wp-json\/wp\/v2\/media\/41675"}],"wp:attachment":[{"href":"https:\/\/www.paysdesecrins.com\/nl\/wp-json\/wp\/v2\/media?parent=44276"}],"curies":[{"name":"wp","href":"https:\/\/api.w.org\/{rel}","templated":true}]}}