{"id":44325,"date":"2025-07-25T10:41:33","date_gmt":"2025-07-25T08:41:33","guid":{"rendered":"https:\/\/www.paysdesecrins.com\/twee-dagen-avontuur-in-het-pays-des-ecrins\/"},"modified":"2025-08-01T10:37:06","modified_gmt":"2025-08-01T08:37:06","slug":"twee-dagen-avontuur-in-het-pays-des-ecrins","status":"publish","type":"page","link":"https:\/\/www.paysdesecrins.com\/nl\/mijn-verlangen-om\/berg\/twee-dagen-avontuur-in-het-pays-des-ecrins\/","title":{"rendered":"Twee dagen avontuur in het Pays des \u00c9crins"},"content":{"rendered":"    <div class=\"alignfull wp-block-ws-library-ws-header-interne\">\n\t    <div class=\"header-container\">\n\t        <div class=\"group-media has-image\">\n\t            \t                <img loading=\"lazy\" decoding=\"async\" width=\"1617\" height=\"481\" src=\"https:\/\/www.paysdesecrins.com\/wp-content\/uploads\/2025\/07\/capture-decran-2025-07-25-a-104653.png\" alt=\"\" class=\"image_large_square wp-image-41854\" srcset=\"https:\/\/www.paysdesecrins.com\/wp-content\/uploads\/2025\/07\/capture-decran-2025-07-25-a-104653.png 1617w, https:\/\/www.paysdesecrins.com\/wp-content\/uploads\/2025\/07\/capture-decran-2025-07-25-a-104653-300x89.png 300w, https:\/\/www.paysdesecrins.com\/wp-content\/uploads\/2025\/07\/capture-decran-2025-07-25-a-104653-1024x305.png 1024w, https:\/\/www.paysdesecrins.com\/wp-content\/uploads\/2025\/07\/capture-decran-2025-07-25-a-104653-768x228.png 768w, https:\/\/www.paysdesecrins.com\/wp-content\/uploads\/2025\/07\/capture-decran-2025-07-25-a-104653-1536x457.png 1536w, https:\/\/www.paysdesecrins.com\/wp-content\/uploads\/2025\/07\/capture-decran-2025-07-25-a-104653-960x286.png 960w\" sizes=\"auto, (max-width: 1617px) 100vw, 1617px\" \/>\n\t            \t        <\/div>\n\t        <div class=\"group-content\">\n\t            <div class=\"title\">\n\t                <h1>\n\t                    Twee dagen avontuur in het Pays des \u00c9crins\t                    \t                <\/h1>\n\t            <\/div>\n\t        <\/div>\n\t    <\/div>\n\t    \n<div class=\"yoast-breadcrumbs\"><span><span><a href=\"https:\/\/www.paysdesecrins.com\/nl\/de-titel-van-het-huis\/\">Accueil<\/a><\/span>  <span><a href=\"https:\/\/www.paysdesecrins.com\/nl\/mijn-verlangen-om\/\">Mijn verlangen om<\/a><\/span>  <span><a href=\"https:\/\/www.paysdesecrins.com\/nl\/mijn-verlangen-om\/berg\/\">Mijn verlangen naar de bergen<\/a><\/span>  <span class=\"breadcrumb_last\" aria-current=\"page\">Twee dagen avontuur in het Pays des \u00c9crins<\/span><\/span><\/div>\n    <\/div>\n    \n<div class=\"wp-block-ws-library-ws-title aligncenter is-style-simple\"><h2><em>Micro-avontuur<\/em>De charme van het authentieke dorpje Ailefroide<\/h2><\/div>\n\n<p class=\"has-text-align-left\">Het is dan ook met vrienden dat we de stedelijke drukte van Marseille verlaten om een micro-avontuur te beleven in het <strong>Pays des \u00c9crins<\/strong>. Van deze laatste kennen we alleen het hoogste punt op 4102 m, de <strong>Barre des \u00c9crins<\/strong>. <br\/><\/p>\n\n<div class=\"wp-block-ws-library-ws-video\"><div class=\"wrapper\"><div class=\"group-media\">\n<figure class=\"wp-block-embed is-type-video is-provider-youtube wp-block-embed-youtube\"><div class=\"wp-block-embed__wrapper\">\n<iframe loading=\"lazy\" title=\"Le Pays des \u00c9crins : ta prochaine destination outdoor entre potes cet \u00e9t\u00e9 !\" width=\"500\" height=\"281\" src=\"https:\/\/www.youtube.com\/embed\/TZkVbCCc2X0?feature=oembed\" frameborder=\"0\" allow=\"accelerometer; autoplay; clipboard-write; encrypted-media; gyroscope; picture-in-picture; web-share\" referrerpolicy=\"strict-origin-when-cross-origin\" allowfullscreen><\/iframe>\n<\/div><\/figure>\n<\/div><\/div><\/div>\n\n<div class=\"wp-block-ws-library-ws-columns alignwide has-2-columns are-vertically-aligned-center layout-5050 is-style-background\">\n<div class=\"wp-block-ws-library-ws-column\"><div class=\"wrapper\">\n<div class=\"wp-block-ws-library-ws-title\"><h3>Een hectische start van de via ferrata van Ailefroide<\/h3><\/div>\n\n\n\n<p class=\"has-text-align-left\">We beginnen het micro-avontuur met een oversteek van de Ailefroide kloven in via ferrata. Het begin is tussen de bomen van een glooiende onverharde weg met uitzicht op de Gyr en al snel gooit de route ons op een rotswand boven de rivier.   <\/p>\n\n\n\n<p class=\"has-text-align-left\">Een paar loopbruggen en tribunes later wordt de omgeving getransformeerd; Een met mos bedekte kloof, 3 personen breed en waarin het licht moeite heeft om door te dringen, dringt zich op. We steken het slechts een paar meter boven het water over. Een helling volgt een touwbrug en een paar dozijn barretjes verder verlaten we de canyon.    <\/p>\n\n\n\n<p class=\"has-text-align-left\">Daarna vertrekken we voor de lunch aan de oevers van de Celse Ni\u00e8re, gelegen op de camping Ailefroide, waar een rustige sfeer heerst.<\/p>\n<\/div><\/div>\n\n\n\n<div class=\"wp-block-ws-library-ws-column\"><div class=\"wrapper\">\n<div class=\"wp-block-ws-library-ws-image\"><div class=\"wrapper\"><div class=\"group-media\"><img decoding=\"async\" src=\"https:\/\/www.paysdesecrins.com\/wp-content\/uploads\/2025\/07\/8escalade-alpinisme-viaferrata-via-ferrata-21-854x640.png\" alt=\"\" class=\"single_image ws-image-20412\"><div class=\"credits\"><\/div><\/div><p class=\"caption\"><\/p><\/div><\/div>\n<\/div><\/div>\n<\/div>\n\n<div class=\"wp-block-ws-library-ws-title aligncenter\"><h3>Een introspectieve avond in het toevluchtsoord Bans<\/h3><\/div>\n\n<p class=\"has-text-align-left\">Vanaf nu is het de Entraigues-vallei die op ons wacht. We gaan eten in de berghut Bans, gelegen onder de gelijknamige top op 3.669 meter boven zeeniveau. Op deze maandagavond in juni is er bijna niemand op de bodem van de vallei, dus het gevoel van afgelegen en eenzaamheid, dat al aanwezig is in de Vallouise-vallei, wordt hier meer gevoeld.    <br\/><br\/>We gaan tot aan de rand van de Bans-stroom en we merken dat de regen van de afgelopen weken ervoor heeft gezorgd dat de vegetatie heldergroen is geworden. In de verte zien we de refuge, discreet ge\u00efnstalleerd op de berghelling. We zien ook twee firns, die we al snel oversteken. Na deze laatste etappe komen we aan bij de berghut van Bans.     <br\/><br\/>Het panorama is uitzonderlijk. Aan de ene kant de Entraigues-vallei, met uitzicht op de firn, de weelderige vegetatie en de blauwe lucht aan het einde van de dag. Aan de horizon staan de toppen die grenzen aan de Haute Durance-vallei met het hoofd in de wolken. Aan de andere kant is de minerale kroon bestaande uit de Pic de Bonvoisin, de Pic Jocelme en de Sommet des Bans zeer imposant, maar cre\u00ebert een geruststellende sfeer.   <br\/><br\/>Er zullen vanavond slechts ongeveer vijftien wandelaars en bergbeklimmers aan het diner in de berghut zijn, en onze groep van vier zal de enigen zijn die na de maaltijd vertrekken. Naarmate de zomerzonnewende nadert, kunnen we met het licht om 9 uur &#8217;s avonds zonder koplampen naar beneden gaan.   <br\/><\/p>\n\n<div class=\"wp-block-ws-library-ws-slider alignwide\"><div class=\"splide\" data-splide=\"{\"type\":\"slide\",\"heightRatio\":\"auto\",\"perPage\":4,\"perMove\":1,\"drag\":true,\"pagination\":0,\"autoplay\":false,\"gap\":\"2px\",\"breakpoints\":{\"450\":{\"perPage\":1},\"768\":{\"perPage\":2},\"992\":{\"perPage\":3},\"1200\":{\"perPage\":4}}}\"><div class=\"splide__track\"><div class=\"splide__list\"><div class=\"splide__slide\"><a href=\"https:\/\/www.paysdesecrins.com\/wp-content\/uploads\/2025\/07\/13parcnational-rogiervanrijn-refugedesbansdsc00778-scaled.jpg\" data-glightbox=\"true\" class=\"lightbox-trigger\"><img decoding=\"async\" src=\"https:\/\/www.paysdesecrins.com\/wp-content\/uploads\/2025\/07\/13parcnational-rogiervanrijn-refugedesbansdsc00778-400x400.jpg\" alt=\"\"><\/a><\/div><div class=\"splide__slide\"><a href=\"https:\/\/www.paysdesecrins.com\/wp-content\/uploads\/2025\/07\/11microaventureclaire-refuge-des-bansjpgthibautblais-scaled.jpg\" data-glightbox=\"true\" class=\"lightbox-trigger\"><img decoding=\"async\" src=\"https:\/\/www.paysdesecrins.com\/wp-content\/uploads\/2025\/07\/11microaventureclaire-refuge-des-bansjpgthibautblais-400x400.jpg\" alt=\"\"><\/a><\/div><div class=\"splide__slide\"><a href=\"https:\/\/www.paysdesecrins.com\/wp-content\/uploads\/2025\/07\/16sitesdexception-entre-les-aygues-refugebans-36-1-scaled.jpg\" data-glightbox=\"true\" class=\"lightbox-trigger\"><img decoding=\"async\" src=\"https:\/\/www.paysdesecrins.com\/wp-content\/uploads\/2025\/07\/16sitesdexception-entre-les-aygues-refugebans-36-1-400x400.jpg\" alt=\"\"><\/a><\/div><\/div><\/div><\/div><\/div>\n\n<div class=\"wp-block-ws-library-ws-title aligncenter\"><h3>Een beklimming in de vallei van de Freissini\u00e8res<\/h3><\/div>\n\n<p>De volgende dag vertrokken we weer met de elektrische fiets vanuit Argenti\u00e8re-la-Bess\u00e9e, naar de bodem van de Freissini\u00e8res-vallei, aan de voet van Dormillouse. Het was de eerste keer dat we een elektrisch ondersteunde mountainbike gebruikten en we merkten dat de 6 kilometer en 250 meter hoogteverschil gemakkelijk te overbruggen waren om de vlakte van Freissini\u00e8res te bereiken.   <br\/><br\/>Links van ons genieten we van het uitzicht op de Durance-vallei, de Gourfouran-kloof en de omliggende bergtoppen. We gaan de vlakte op in de schaduw van de dennenbomen van het Bois de Monsieur op de rechteroever van de Biaysse \u2013 deze rivier die de vallei vormt voordat hij bij de Durance uitmondt \u2013 om vervolgens een lunchpauze te nemen, gevolgd door een welverdiend microdutje. <br\/><br\/>We vervolgen onze weg naar de bodem van de Freissini\u00e8res-vallei, omlijst door watervallen die van de omliggende toppen naar beneden tuimelen. Hier stopt de weg en maakt plaats voor paden die leiden naar Dormillouse, het enige bewoonde gehucht in het hart van het \u00c9crins National Park, op een hoogte van 1700 meter, waar het hele jaar door minder dan 5 mensen wonen. <br\/><\/p>\n\n<div class=\"wp-block-ws-library-ws-slider alignwide\"><div class=\"splide\" data-splide=\"{\"type\":\"slide\",\"heightRatio\":\"auto\",\"perPage\":4,\"perMove\":1,\"drag\":true,\"pagination\":0,\"autoplay\":false,\"gap\":\"2px\",\"breakpoints\":{\"450\":{\"perPage\":1},\"768\":{\"perPage\":2},\"992\":{\"perPage\":3},\"1200\":{\"perPage\":4}}}\"><div class=\"splide__track\"><div class=\"splide__list\"><div class=\"splide__slide\"><a href=\"https:\/\/www.paysdesecrins.com\/wp-content\/uploads\/2025\/07\/vallon-de-chichin-13-scaled.jpg\" data-glightbox=\"true\" class=\"lightbox-trigger\"><img decoding=\"async\" src=\"https:\/\/www.paysdesecrins.com\/wp-content\/uploads\/2025\/07\/vallon-de-chichin-13-400x400.jpg\" alt=\"\"><\/a><\/div><div class=\"splide__slide\"><a href=\"https:\/\/www.paysdesecrins.com\/wp-content\/uploads\/2025\/07\/8escalade-alpinisme-viaferrata-dsc00905-2-1-scaled.jpg\" data-glightbox=\"true\" class=\"lightbox-trigger\"><img decoding=\"async\" src=\"https:\/\/www.paysdesecrins.com\/wp-content\/uploads\/2025\/07\/8escalade-alpinisme-viaferrata-dsc00905-2-1-400x400.jpg\" alt=\"\"><\/a><\/div><div class=\"splide__slide\"><a href=\"https:\/\/www.paysdesecrins.com\/wp-content\/uploads\/2025\/07\/19villages-freissinieres-via-ferrata-fressinie-res-2-scaled.jpg\" data-glightbox=\"true\" class=\"lightbox-trigger\"><img decoding=\"async\" src=\"https:\/\/www.paysdesecrins.com\/wp-content\/uploads\/2025\/07\/19villages-freissinieres-via-ferrata-fressinie-res-2-400x400.jpg\" alt=\"\"><\/a><\/div><\/div><\/div><\/div><\/div>\n\n<div class=\"wp-block-ws-library-ws-title aligncenter\"><h3>Een beklimming in de vallei van de Freissini\u00e8res<\/h3><\/div>\n\n<p>Op de terugweg, na een afdaling met de fiets over de ruige paden van het Bois de Monsieur, stoppen we bij het gehucht Pallon om de Elixers d&#8217;Isabelle te proeven. Een bezoek aan de tuinen georganiseerd in balkons, waar tientallen aromatische planten, bloemen en bomen groeien, nodigt u uit om ze te ontdekken en te leren herkennen: genepi, lariks, hysop, citroenverbena en vele anderen. <\/p>\n\n<p>De sfeer aan het eind van de dag is bijzonder aangenaam, het licht warmt op en de tuinen stralen een fantastische sereniteit uit. We gaan verder met de proeverij onderbroken door de gepassioneerde uitleg van Isabelle, voordat we naar Argenti\u00e8re-la-Bess\u00e9e vertrekken om dit unieke micro-avontuur in het Pays des \u00c9crins af te sluiten. <br\/><\/p>\n\n<div class=\"wp-block-ws-library-ws-slider alignwide\"><div class=\"splide\" data-splide=\"{\"type\":\"slide\",\"heightRatio\":\"auto\",\"perPage\":4,\"perMove\":1,\"drag\":true,\"pagination\":0,\"autoplay\":false,\"gap\":\"2px\",\"breakpoints\":{\"450\":{\"perPage\":1},\"768\":{\"perPage\":2},\"992\":{\"perPage\":3},\"1200\":{\"perPage\":4}}}\"><div class=\"splide__track\"><div class=\"splide__list\"><div class=\"splide__slide\"><a href=\"https:\/\/www.paysdesecrins.com\/wp-content\/uploads\/2025\/07\/11microaventureclairedsc09505-scaled.jpg\" data-glightbox=\"true\" class=\"lightbox-trigger\"><img decoding=\"async\" src=\"https:\/\/www.paysdesecrins.com\/wp-content\/uploads\/2025\/07\/11microaventureclairedsc09505-400x400.jpg\" alt=\"\"><\/a><\/div><div class=\"splide__slide\"><a href=\"https:\/\/www.paysdesecrins.com\/wp-content\/uploads\/2025\/07\/11microaventureclaireimg-1121-scaled.jpg\" data-glightbox=\"true\" class=\"lightbox-trigger\"><img decoding=\"async\" src=\"https:\/\/www.paysdesecrins.com\/wp-content\/uploads\/2025\/07\/11microaventureclaireimg-1121-400x400.jpg\" alt=\"\"><\/a><\/div><div class=\"splide__slide\"><a href=\"https:\/\/www.paysdesecrins.com\/wp-content\/uploads\/2025\/07\/11microaventureclairedsc09512-2-1-400x400.jpg\" data-glightbox=\"true\" class=\"lightbox-trigger\"><img decoding=\"async\" src=\"https:\/\/www.paysdesecrins.com\/wp-content\/uploads\/2025\/07\/11microaventureclairedsc09512-2-1-400x400.jpg\" alt=\"\"><\/a><\/div><\/div><\/div><\/div><\/div>\n\n<div class=\"wp-block-ws-library-ws-share\"><span class=\"share-subtitle\">Vond je deze pagina leuk?<\/span><span class=\"share-title\">Deel het!<\/span><button class=\"ws-share-button wp-element-button\">Deel deze pagina<\/button><\/div>\n","protected":false},"excerpt":{"rendered":"<p>Het is dan ook met vrienden dat we de stedelijke drukte van Marseille verlaten om een micro-avontuur te beleven in [&hellip;]<\/p>\n","protected":false},"author":9,"featured_media":41855,"parent":44575,"menu_order":0,"comment_status":"closed","ping_status":"closed","template":"","meta":{"_thumbnail_id_2":0,"summer_excerpt":"","season":"","station":"","footnotes":""},"class_list":["post-44325","page","type-page","status-publish","has-post-thumbnail","hentry"],"yoast_head":"<!-- This site is optimized with the Yoast SEO plugin v27.3 - https:\/\/yoast.com\/product\/yoast-seo-wordpress\/ -->\n<title>Twee dagen avontuur in het Pays des \u00c9crins - Pays des \u00c9crins - Office de Tourisme<\/title>\n<meta name=\"robots\" content=\"index, follow, max-snippet:-1, max-image-preview:large, max-video-preview:-1\" \/>\n<link rel=\"canonical\" href=\"https:\/\/www.paysdesecrins.com\/nl\/mijn-verlangen-om\/berg\/twee-dagen-avontuur-in-het-pays-des-ecrins\/\" \/>\n<meta property=\"og:locale\" content=\"nl_NL\" \/>\n<meta property=\"og:type\" content=\"article\" \/>\n<meta property=\"og:title\" content=\"Twee dagen avontuur in het Pays des \u00c9crins - Pays des \u00c9crins - Office de Tourisme\" \/>\n<meta property=\"og:description\" content=\"Het is dan ook met vrienden dat we de stedelijke drukte van Marseille verlaten om een micro-avontuur te beleven in [&hellip;]\" \/>\n<meta property=\"og:url\" content=\"https:\/\/www.paysdesecrins.com\/nl\/mijn-verlangen-om\/berg\/twee-dagen-avontuur-in-het-pays-des-ecrins\/\" \/>\n<meta property=\"og:site_name\" content=\"Pays des \u00c9crins - Office de Tourisme\" \/>\n<meta property=\"article:modified_time\" content=\"2025-08-01T08:37:06+00:00\" \/>\n<meta property=\"og:image\" content=\"https:\/\/www.paysdesecrins.com\/wp-content\/uploads\/2025\/07\/capture-decran-2025-07-25-a-104653.png\" \/>\n\t<meta property=\"og:image:width\" content=\"1617\" \/>\n\t<meta property=\"og:image:height\" content=\"481\" \/>\n\t<meta property=\"og:image:type\" content=\"image\/png\" \/>\n<meta name=\"twitter:card\" content=\"summary_large_image\" \/>\n<meta name=\"twitter:label1\" content=\"Geschatte leestijd\" \/>\n\t<meta name=\"twitter:data1\" content=\"4 minuten\" \/>\n<script type=\"application\/ld+json\" class=\"yoast-schema-graph\">{\"@context\":\"https:\\\/\\\/schema.org\",\"@graph\":[{\"@type\":\"WebPage\",\"@id\":\"https:\\\/\\\/www.paysdesecrins.com\\\/nl\\\/mijn-verlangen-om\\\/berg\\\/twee-dagen-avontuur-in-het-pays-des-ecrins\\\/\",\"url\":\"https:\\\/\\\/www.paysdesecrins.com\\\/nl\\\/mijn-verlangen-om\\\/berg\\\/twee-dagen-avontuur-in-het-pays-des-ecrins\\\/\",\"name\":\"Twee dagen avontuur in het Pays des \u00c9crins - Pays des \u00c9crins - Office de Tourisme\",\"isPartOf\":{\"@id\":\"https:\\\/\\\/www.paysdesecrins.com\\\/nl\\\/#website\"},\"primaryImageOfPage\":{\"@id\":\"https:\\\/\\\/www.paysdesecrins.com\\\/nl\\\/mijn-verlangen-om\\\/berg\\\/twee-dagen-avontuur-in-het-pays-des-ecrins\\\/#primaryimage\"},\"image\":{\"@id\":\"https:\\\/\\\/www.paysdesecrins.com\\\/nl\\\/mijn-verlangen-om\\\/berg\\\/twee-dagen-avontuur-in-het-pays-des-ecrins\\\/#primaryimage\"},\"thumbnailUrl\":\"https:\\\/\\\/www.paysdesecrins.com\\\/wp-content\\\/uploads\\\/2025\\\/07\\\/capture-decran-2025-07-25-a-104653.png\",\"datePublished\":\"2025-07-25T08:41:33+00:00\",\"dateModified\":\"2025-08-01T08:37:06+00:00\",\"breadcrumb\":{\"@id\":\"https:\\\/\\\/www.paysdesecrins.com\\\/nl\\\/mijn-verlangen-om\\\/berg\\\/twee-dagen-avontuur-in-het-pays-des-ecrins\\\/#breadcrumb\"},\"inLanguage\":\"nl-NL\",\"potentialAction\":[{\"@type\":\"ReadAction\",\"target\":[\"https:\\\/\\\/www.paysdesecrins.com\\\/nl\\\/mijn-verlangen-om\\\/berg\\\/twee-dagen-avontuur-in-het-pays-des-ecrins\\\/\"]}]},{\"@type\":\"ImageObject\",\"inLanguage\":\"nl-NL\",\"@id\":\"https:\\\/\\\/www.paysdesecrins.com\\\/nl\\\/mijn-verlangen-om\\\/berg\\\/twee-dagen-avontuur-in-het-pays-des-ecrins\\\/#primaryimage\",\"url\":\"https:\\\/\\\/www.paysdesecrins.com\\\/wp-content\\\/uploads\\\/2025\\\/07\\\/capture-decran-2025-07-25-a-104653.png\",\"contentUrl\":\"https:\\\/\\\/www.paysdesecrins.com\\\/wp-content\\\/uploads\\\/2025\\\/07\\\/capture-decran-2025-07-25-a-104653.png\",\"width\":1617,\"height\":481},{\"@type\":\"BreadcrumbList\",\"@id\":\"https:\\\/\\\/www.paysdesecrins.com\\\/nl\\\/mijn-verlangen-om\\\/berg\\\/twee-dagen-avontuur-in-het-pays-des-ecrins\\\/#breadcrumb\",\"itemListElement\":[{\"@type\":\"ListItem\",\"position\":1,\"name\":\"Accueil\",\"item\":\"https:\\\/\\\/www.paysdesecrins.com\\\/nl\\\/de-titel-van-het-huis\\\/\"},{\"@type\":\"ListItem\",\"position\":2,\"name\":\"Mijn verlangen om\",\"item\":\"https:\\\/\\\/www.paysdesecrins.com\\\/nl\\\/mijn-verlangen-om\\\/\"},{\"@type\":\"ListItem\",\"position\":3,\"name\":\"Mijn verlangen naar de bergen\",\"item\":\"https:\\\/\\\/www.paysdesecrins.com\\\/nl\\\/mijn-verlangen-om\\\/berg\\\/\"},{\"@type\":\"ListItem\",\"position\":4,\"name\":\"Twee dagen avontuur in het Pays des \u00c9crins\"}]},{\"@type\":\"WebSite\",\"@id\":\"https:\\\/\\\/www.paysdesecrins.com\\\/nl\\\/#website\",\"url\":\"https:\\\/\\\/www.paysdesecrins.com\\\/nl\\\/\",\"name\":\"Pays des \u00c9crins - Office de Tourisme\",\"description\":\"L&#039;esprit montagne\",\"publisher\":{\"@id\":\"https:\\\/\\\/www.paysdesecrins.com\\\/nl\\\/#organization\"},\"potentialAction\":[{\"@type\":\"SearchAction\",\"target\":{\"@type\":\"EntryPoint\",\"urlTemplate\":\"https:\\\/\\\/www.paysdesecrins.com\\\/nl\\\/?s={search_term_string}\"},\"query-input\":{\"@type\":\"PropertyValueSpecification\",\"valueRequired\":true,\"valueName\":\"search_term_string\"}}],\"inLanguage\":\"nl-NL\"},{\"@type\":\"Organization\",\"@id\":\"https:\\\/\\\/www.paysdesecrins.com\\\/nl\\\/#organization\",\"name\":\"Pays des \u00c9crins - Office de Tourisme\",\"url\":\"https:\\\/\\\/www.paysdesecrins.com\\\/nl\\\/\",\"logo\":{\"@type\":\"ImageObject\",\"inLanguage\":\"nl-NL\",\"@id\":\"https:\\\/\\\/www.paysdesecrins.com\\\/nl\\\/#\\\/schema\\\/logo\\\/image\\\/\",\"url\":\"https:\\\/\\\/www.paysdesecrins.com\\\/wp-content\\\/uploads\\\/2025\\\/06\\\/devina-svg-1750845694.svg\",\"contentUrl\":\"https:\\\/\\\/www.paysdesecrins.com\\\/wp-content\\\/uploads\\\/2025\\\/06\\\/devina-svg-1750845694.svg\",\"caption\":\"Pays des \u00c9crins - Office de Tourisme\"},\"image\":{\"@id\":\"https:\\\/\\\/www.paysdesecrins.com\\\/nl\\\/#\\\/schema\\\/logo\\\/image\\\/\"}}]}<\/script>\n<!-- \/ Yoast SEO plugin. -->","yoast_head_json":{"title":"Twee dagen avontuur in het Pays des \u00c9crins - Pays des \u00c9crins - Office de Tourisme","robots":{"index":"index","follow":"follow","max-snippet":"max-snippet:-1","max-image-preview":"max-image-preview:large","max-video-preview":"max-video-preview:-1"},"canonical":"https:\/\/www.paysdesecrins.com\/nl\/mijn-verlangen-om\/berg\/twee-dagen-avontuur-in-het-pays-des-ecrins\/","og_locale":"nl_NL","og_type":"article","og_title":"Twee dagen avontuur in het Pays des \u00c9crins - Pays des \u00c9crins - Office de Tourisme","og_description":"Het is dan ook met vrienden dat we de stedelijke drukte van Marseille verlaten om een micro-avontuur te beleven in [&hellip;]","og_url":"https:\/\/www.paysdesecrins.com\/nl\/mijn-verlangen-om\/berg\/twee-dagen-avontuur-in-het-pays-des-ecrins\/","og_site_name":"Pays des \u00c9crins - Office de Tourisme","article_modified_time":"2025-08-01T08:37:06+00:00","og_image":[{"width":1617,"height":481,"url":"https:\/\/www.paysdesecrins.com\/wp-content\/uploads\/2025\/07\/capture-decran-2025-07-25-a-104653.png","type":"image\/png"}],"twitter_card":"summary_large_image","twitter_misc":{"Geschatte leestijd":"4 minuten"},"schema":{"@context":"https:\/\/schema.org","@graph":[{"@type":"WebPage","@id":"https:\/\/www.paysdesecrins.com\/nl\/mijn-verlangen-om\/berg\/twee-dagen-avontuur-in-het-pays-des-ecrins\/","url":"https:\/\/www.paysdesecrins.com\/nl\/mijn-verlangen-om\/berg\/twee-dagen-avontuur-in-het-pays-des-ecrins\/","name":"Twee dagen avontuur in het Pays des \u00c9crins - Pays des \u00c9crins - Office de Tourisme","isPartOf":{"@id":"https:\/\/www.paysdesecrins.com\/nl\/#website"},"primaryImageOfPage":{"@id":"https:\/\/www.paysdesecrins.com\/nl\/mijn-verlangen-om\/berg\/twee-dagen-avontuur-in-het-pays-des-ecrins\/#primaryimage"},"image":{"@id":"https:\/\/www.paysdesecrins.com\/nl\/mijn-verlangen-om\/berg\/twee-dagen-avontuur-in-het-pays-des-ecrins\/#primaryimage"},"thumbnailUrl":"https:\/\/www.paysdesecrins.com\/wp-content\/uploads\/2025\/07\/capture-decran-2025-07-25-a-104653.png","datePublished":"2025-07-25T08:41:33+00:00","dateModified":"2025-08-01T08:37:06+00:00","breadcrumb":{"@id":"https:\/\/www.paysdesecrins.com\/nl\/mijn-verlangen-om\/berg\/twee-dagen-avontuur-in-het-pays-des-ecrins\/#breadcrumb"},"inLanguage":"nl-NL","potentialAction":[{"@type":"ReadAction","target":["https:\/\/www.paysdesecrins.com\/nl\/mijn-verlangen-om\/berg\/twee-dagen-avontuur-in-het-pays-des-ecrins\/"]}]},{"@type":"ImageObject","inLanguage":"nl-NL","@id":"https:\/\/www.paysdesecrins.com\/nl\/mijn-verlangen-om\/berg\/twee-dagen-avontuur-in-het-pays-des-ecrins\/#primaryimage","url":"https:\/\/www.paysdesecrins.com\/wp-content\/uploads\/2025\/07\/capture-decran-2025-07-25-a-104653.png","contentUrl":"https:\/\/www.paysdesecrins.com\/wp-content\/uploads\/2025\/07\/capture-decran-2025-07-25-a-104653.png","width":1617,"height":481},{"@type":"BreadcrumbList","@id":"https:\/\/www.paysdesecrins.com\/nl\/mijn-verlangen-om\/berg\/twee-dagen-avontuur-in-het-pays-des-ecrins\/#breadcrumb","itemListElement":[{"@type":"ListItem","position":1,"name":"Accueil","item":"https:\/\/www.paysdesecrins.com\/nl\/de-titel-van-het-huis\/"},{"@type":"ListItem","position":2,"name":"Mijn verlangen om","item":"https:\/\/www.paysdesecrins.com\/nl\/mijn-verlangen-om\/"},{"@type":"ListItem","position":3,"name":"Mijn verlangen naar de bergen","item":"https:\/\/www.paysdesecrins.com\/nl\/mijn-verlangen-om\/berg\/"},{"@type":"ListItem","position":4,"name":"Twee dagen avontuur in het Pays des \u00c9crins"}]},{"@type":"WebSite","@id":"https:\/\/www.paysdesecrins.com\/nl\/#website","url":"https:\/\/www.paysdesecrins.com\/nl\/","name":"Pays des \u00c9crins - Office de Tourisme","description":"L&#039;esprit montagne","publisher":{"@id":"https:\/\/www.paysdesecrins.com\/nl\/#organization"},"potentialAction":[{"@type":"SearchAction","target":{"@type":"EntryPoint","urlTemplate":"https:\/\/www.paysdesecrins.com\/nl\/?s={search_term_string}"},"query-input":{"@type":"PropertyValueSpecification","valueRequired":true,"valueName":"search_term_string"}}],"inLanguage":"nl-NL"},{"@type":"Organization","@id":"https:\/\/www.paysdesecrins.com\/nl\/#organization","name":"Pays des \u00c9crins - Office de Tourisme","url":"https:\/\/www.paysdesecrins.com\/nl\/","logo":{"@type":"ImageObject","inLanguage":"nl-NL","@id":"https:\/\/www.paysdesecrins.com\/nl\/#\/schema\/logo\/image\/","url":"https:\/\/www.paysdesecrins.com\/wp-content\/uploads\/2025\/06\/devina-svg-1750845694.svg","contentUrl":"https:\/\/www.paysdesecrins.com\/wp-content\/uploads\/2025\/06\/devina-svg-1750845694.svg","caption":"Pays des \u00c9crins - Office de Tourisme"},"image":{"@id":"https:\/\/www.paysdesecrins.com\/nl\/#\/schema\/logo\/image\/"}}]}},"_links":{"self":[{"href":"https:\/\/www.paysdesecrins.com\/nl\/wp-json\/wp\/v2\/pages\/44325","targetHints":{"allow":["GET"]}}],"collection":[{"href":"https:\/\/www.paysdesecrins.com\/nl\/wp-json\/wp\/v2\/pages"}],"about":[{"href":"https:\/\/www.paysdesecrins.com\/nl\/wp-json\/wp\/v2\/types\/page"}],"author":[{"embeddable":true,"href":"https:\/\/www.paysdesecrins.com\/nl\/wp-json\/wp\/v2\/users\/9"}],"replies":[{"embeddable":true,"href":"https:\/\/www.paysdesecrins.com\/nl\/wp-json\/wp\/v2\/comments?post=44325"}],"version-history":[{"count":0,"href":"https:\/\/www.paysdesecrins.com\/nl\/wp-json\/wp\/v2\/pages\/44325\/revisions"}],"up":[{"embeddable":true,"href":"https:\/\/www.paysdesecrins.com\/nl\/wp-json\/wp\/v2\/pages\/44575"}],"wp:featuredmedia":[{"embeddable":true,"href":"https:\/\/www.paysdesecrins.com\/nl\/wp-json\/wp\/v2\/media\/41855"}],"wp:attachment":[{"href":"https:\/\/www.paysdesecrins.com\/nl\/wp-json\/wp\/v2\/media?parent=44325"}],"curies":[{"name":"wp","href":"https:\/\/api.w.org\/{rel}","templated":true}]}}