{"id":45076,"date":"2025-07-24T14:04:00","date_gmt":"2025-07-24T12:04:00","guid":{"rendered":"https:\/\/www.paysdesecrins.com\/mijn-verlangen-om\/ontdekking\/geschiedenis-workshop\/"},"modified":"2025-07-28T14:49:36","modified_gmt":"2025-07-28T12:49:36","slug":"geschiedenis-workshop","status":"publish","type":"page","link":"https:\/\/www.paysdesecrins.com\/nl\/mijn-verlangen-om\/ontdekking\/geschiedenis-workshop\/","title":{"rendered":"De Workshop Geschiedenis"},"content":{"rendered":"    <div class=\"alignfull wp-block-ws-library-ws-header-interne\">\n\t    <div class=\"header-container\">\n\t        <div class=\"group-media has-image\">\n\t            \t                <img loading=\"lazy\" decoding=\"async\" width=\"1200\" height=\"800\" src=\"https:\/\/www.paysdesecrins.com\/wp-content\/uploads\/2025\/07\/1615543221-649066540-1.jpg\" alt=\"\" class=\"image_large_square wp-image-45068\" srcset=\"https:\/\/www.paysdesecrins.com\/wp-content\/uploads\/2025\/07\/1615543221-649066540-1.jpg 1200w, https:\/\/www.paysdesecrins.com\/wp-content\/uploads\/2025\/07\/1615543221-649066540-1-300x200.jpg 300w, https:\/\/www.paysdesecrins.com\/wp-content\/uploads\/2025\/07\/1615543221-649066540-1-1024x683.jpg 1024w, https:\/\/www.paysdesecrins.com\/wp-content\/uploads\/2025\/07\/1615543221-649066540-1-768x512.jpg 768w, https:\/\/www.paysdesecrins.com\/wp-content\/uploads\/2025\/07\/1615543221-649066540-1-960x640.jpg 960w\" sizes=\"auto, (max-width: 1200px) 100vw, 1200px\" \/>\n\t            \t        <\/div>\n\t        <div class=\"group-content\">\n\t            <div class=\"title\">\n\t                <h1>\n\t                    De Workshop Geschiedenis\t                    \t                <\/h1>\n\t            <\/div>\n\t        <\/div>\n\t    <\/div>\n\t    \n<div class=\"yoast-breadcrumbs\"><span><span><a href=\"https:\/\/www.paysdesecrins.com\/nl\/de-titel-van-het-huis\/\">Accueil<\/a><\/span>  <span><a href=\"https:\/\/www.paysdesecrins.com\/nl\/mijn-verlangen-om\/\">Mijn verlangen om<\/a><\/span>  <span><a href=\"https:\/\/www.paysdesecrins.com\/nl\/mijn-verlangen-om\/ontdekking\/\">Mijn verlangen naar Discovery<\/a><\/span>  <span class=\"breadcrumb_last\" aria-current=\"page\">De Workshop Geschiedenis<\/span><\/span><\/div>\n    <\/div>\n    \n<div class=\"wp-block-ws-library-ws-title aligncenter is-style-simple\"><h2><em>De Workshop Geschiedenis<\/em>Erfgoed ontdekken met Elsa Giraud<\/h2><\/div>\n\n<p class=\"has-text-align-center\">Wil je de dorpen begrijpen die je passeert? Om omhoog te kijken naar een vergeten fresco, een gedraaide klokkentoren of een oud gebouw? Elsa Giraud, historica en gepassioneerd gids-docent, neemt u mee op levendige en toegankelijke rondleidingen om het erfgoed van het Pays des \u00c9crins te ontdekken.  <\/p>\n\n<div class=\"wp-block-ws-library-ws-columns alignwide has-2-columns are-vertically-aligned-center layout-5050 is-style-background\">\n<div class=\"wp-block-ws-library-ws-column\"><div class=\"wrapper\">\n<div class=\"wp-block-ws-library-ws-title\"><h3>Het heilige, het landelijke en de archieven<\/h3><\/div>\n\n\n\n<p class=\"has-text-align-center\">Met haar verkennen we kerken, kapellen, muurschilderingen, gehuchten op een heuveltop&#8230; Maar ook wat je op het eerste gezicht niet ziet. Achter elke steen zit een verhaal. En achter elk verhaal diepgaand onderzoek in de archieven, anekdotes en ontdekkingen om te delen.  <\/p>\n\n\n\n<p>Elsa brengt niet alleen bezoeken: ze voert ook historische onderzoeken uit, inventariseert het cultureel erfgoed (sacrale kunstvoorwerpen, etnografische collecties, enz.), ontwerpt conferenties, speurtochten en educatief materiaal. Kortom, het geeft leven aan dit gebied dat we denken te kennen&#8230; Totdat ze erover praat.   <\/p>\n<\/div><\/div>\n\n\n\n<div class=\"wp-block-ws-library-ws-column\"><div class=\"wrapper\">\n<div class=\"wp-block-ws-library-ws-image\"><div class=\"wrapper\"><div class=\"group-media\"><img decoding=\"async\" src=\"https:\/\/www.paysdesecrins.com\/wp-content\/uploads\/2025\/07\/1615543221-1337742630-960x640.jpg\" alt=\"\" class=\"single_image ws-image-45057\"><div class=\"credits\"><\/div><\/div><p class=\"caption\"><\/p><\/div><\/div>\n<\/div><\/div>\n<\/div>\n\n<div class=\"wp-block-ws-library-ws-title aligncenter is-style-default\"><h3>Prijzen voor bezoeken<\/h3><\/div>\n\n<ul class=\"wp-block-list\">\n<li><strong>Individuele bezoeken:<\/strong> \n<ul class=\"wp-block-list\">\n<li>Bezoek van 1 uur: 7 \u20ac  <\/li>\n\n\n\n<li>Bezoek 1u30-2u: 9 \u20ac<\/li>\n<\/ul>\n<\/li>\n\n\n\n<li><strong>Groepen (13 tot 30 personen):<\/strong>\n<ul class=\"wp-block-list\">\n<li>Kerkbezoek (1 uur): 125 \u20ac<\/li>\n\n\n\n<li>Dorpsbezoek (1u30): 140 \u20ac<\/li>\n\n\n\n<li>Halve dag (3 uur): 185 \u20ac<\/li>\n\n\n\n<li>Hele dag (7 uur): 310 \u20ac (+ begeleide maaltijd)<\/li>\n<\/ul>\n<\/li>\n\n\n\n<li><strong>Kleine groepen, families:<\/strong>\n<ul class=\"wp-block-list\">\n<li>Vanaf \u20ac95 per bezoek (1 uur)<\/li>\n<\/ul>\n<\/li>\n<\/ul>\n\n<p>\ud83d\udcde Telefoon: 06 61 76 58 45<br\/>\ud83d\udce9 recherches.historiques8@gmail.com<br\/>\ud83c\udf10<a href=\"https:\/\/recherches-historiques.com\"> recherches-historiques.com<\/a><\/p>\n\n<p><strong>\ud83d\udccd Waar gebeurt het?<\/strong><strong><br\/><\/strong>  \ud83d\udc49 Vallouise, L&#8217;Argenti\u00e8re-La Bess\u00e9e, Les Vigneaux, Freissini\u00e8res, Puy-Saint-Vincent&#8230; Elke hoek van het Pays des \u00c9crins heeft zijn aandeel in verhalen te vertellen. De plaatsen vari\u00ebren afhankelijk van het wekelijkse programma: vraag het rechtstreeks aan Elsa! <\/p>\n\n<div class=\"wp-block-ws-library-ws-slider alignwide\"><div class=\"splide\" data-splide=\"{\"type\":\"slide\",\"heightRatio\":\"auto\",\"perPage\":4,\"perMove\":1,\"drag\":true,\"pagination\":0,\"autoplay\":false,\"gap\":\"2px\",\"breakpoints\":{\"450\":{\"perPage\":1},\"768\":{\"perPage\":2},\"992\":{\"perPage\":3},\"1200\":{\"perPage\":4}}}\"><div class=\"splide__track\"><div class=\"splide__list\"><div class=\"splide__slide\"><a href=\"https:\/\/www.paysdesecrins.com\/wp-content\/uploads\/2025\/07\/1615543221-649066540-2-400x400.jpg\" data-glightbox=\"true\" class=\"lightbox-trigger\"><img decoding=\"async\" src=\"https:\/\/www.paysdesecrins.com\/wp-content\/uploads\/2025\/07\/1615543221-649066540-2-400x400.jpg\" alt=\"\"><\/a><\/div><div class=\"splide__slide\"><a href=\"https:\/\/www.paysdesecrins.com\/wp-content\/uploads\/2025\/07\/1615543221-1675546391-1-400x400.jpg\" data-glightbox=\"true\" class=\"lightbox-trigger\"><img decoding=\"async\" src=\"https:\/\/www.paysdesecrins.com\/wp-content\/uploads\/2025\/07\/1615543221-1675546391-1-400x400.jpg\" alt=\"\"><\/a><\/div><div class=\"splide__slide\"><a href=\"https:\/\/www.paysdesecrins.com\/wp-content\/uploads\/2025\/07\/image-4-1-400x400.jpg\" data-glightbox=\"true\" class=\"lightbox-trigger\"><img decoding=\"async\" src=\"https:\/\/www.paysdesecrins.com\/wp-content\/uploads\/2025\/07\/image-4-1-400x400.jpg\" alt=\"\"><\/a><\/div><div class=\"splide__slide\"><a href=\"https:\/\/www.paysdesecrins.com\/wp-content\/uploads\/2025\/07\/atelier-d-histoire-1615543022-400x400.jpg\" data-glightbox=\"true\" class=\"lightbox-trigger\"><img decoding=\"async\" src=\"https:\/\/www.paysdesecrins.com\/wp-content\/uploads\/2025\/07\/atelier-d-histoire-1615543022-400x400.jpg\" alt=\"\"><\/a><\/div><\/div><\/div><\/div><\/div>\n\n<div class=\"wp-block-ws-library-ws-share\"><span class=\"share-subtitle\">Vond je deze pagina leuk?<\/span><span class=\"share-title\">Deel het!<\/span><button class=\"ws-share-button wp-element-button\">Deel deze pagina<\/button><\/div>\n","protected":false},"excerpt":{"rendered":"<p>Wil je de dorpen begrijpen die je passeert? Om omhoog te kijken naar een vergeten fresco, een gedraaide klokkentoren of [&hellip;]<\/p>\n","protected":false},"author":4,"featured_media":45053,"parent":44558,"menu_order":0,"comment_status":"closed","ping_status":"closed","template":"","meta":{"_thumbnail_id_2":0,"summer_excerpt":"","season":"","station":"","footnotes":""},"class_list":["post-45076","page","type-page","status-publish","has-post-thumbnail","hentry"],"yoast_head":"<!-- This site is optimized with the Yoast SEO plugin v27.3 - https:\/\/yoast.com\/product\/yoast-seo-wordpress\/ -->\n<title>De Workshop Geschiedenis - Pays des \u00c9crins - Office de Tourisme<\/title>\n<meta name=\"robots\" content=\"index, follow, max-snippet:-1, max-image-preview:large, max-video-preview:-1\" \/>\n<link rel=\"canonical\" href=\"https:\/\/www.paysdesecrins.com\/nl\/mijn-verlangen-om\/ontdekking\/geschiedenis-workshop\/\" \/>\n<meta property=\"og:locale\" content=\"nl_NL\" \/>\n<meta property=\"og:type\" content=\"article\" \/>\n<meta property=\"og:title\" content=\"De Workshop Geschiedenis - Pays des \u00c9crins - Office de Tourisme\" \/>\n<meta property=\"og:description\" content=\"Wil je de dorpen begrijpen die je passeert? Om omhoog te kijken naar een vergeten fresco, een gedraaide klokkentoren of [&hellip;]\" \/>\n<meta property=\"og:url\" content=\"https:\/\/www.paysdesecrins.com\/nl\/mijn-verlangen-om\/ontdekking\/geschiedenis-workshop\/\" \/>\n<meta property=\"og:site_name\" content=\"Pays des \u00c9crins - Office de Tourisme\" \/>\n<meta property=\"article:modified_time\" content=\"2025-07-28T12:49:36+00:00\" \/>\n<meta property=\"og:image\" content=\"https:\/\/www.paysdesecrins.com\/wp-content\/uploads\/2025\/07\/1615543221-1675546391.jpg\" \/>\n\t<meta property=\"og:image:width\" content=\"1200\" \/>\n\t<meta property=\"og:image:height\" content=\"800\" \/>\n\t<meta property=\"og:image:type\" content=\"image\/jpeg\" \/>\n<meta name=\"twitter:card\" content=\"summary_large_image\" \/>\n<meta name=\"twitter:label1\" content=\"Geschatte leestijd\" \/>\n\t<meta name=\"twitter:data1\" content=\"1 minuut\" \/>\n<script type=\"application\/ld+json\" class=\"yoast-schema-graph\">{\"@context\":\"https:\\\/\\\/schema.org\",\"@graph\":[{\"@type\":\"WebPage\",\"@id\":\"https:\\\/\\\/www.paysdesecrins.com\\\/nl\\\/mijn-verlangen-om\\\/ontdekking\\\/geschiedenis-workshop\\\/\",\"url\":\"https:\\\/\\\/www.paysdesecrins.com\\\/nl\\\/mijn-verlangen-om\\\/ontdekking\\\/geschiedenis-workshop\\\/\",\"name\":\"De Workshop Geschiedenis - Pays des \u00c9crins - Office de Tourisme\",\"isPartOf\":{\"@id\":\"https:\\\/\\\/www.paysdesecrins.com\\\/nl\\\/#website\"},\"primaryImageOfPage\":{\"@id\":\"https:\\\/\\\/www.paysdesecrins.com\\\/nl\\\/mijn-verlangen-om\\\/ontdekking\\\/geschiedenis-workshop\\\/#primaryimage\"},\"image\":{\"@id\":\"https:\\\/\\\/www.paysdesecrins.com\\\/nl\\\/mijn-verlangen-om\\\/ontdekking\\\/geschiedenis-workshop\\\/#primaryimage\"},\"thumbnailUrl\":\"https:\\\/\\\/www.paysdesecrins.com\\\/wp-content\\\/uploads\\\/2025\\\/07\\\/1615543221-1675546391.jpg\",\"datePublished\":\"2025-07-24T12:04:00+00:00\",\"dateModified\":\"2025-07-28T12:49:36+00:00\",\"breadcrumb\":{\"@id\":\"https:\\\/\\\/www.paysdesecrins.com\\\/nl\\\/mijn-verlangen-om\\\/ontdekking\\\/geschiedenis-workshop\\\/#breadcrumb\"},\"inLanguage\":\"nl-NL\",\"potentialAction\":[{\"@type\":\"ReadAction\",\"target\":[\"https:\\\/\\\/www.paysdesecrins.com\\\/nl\\\/mijn-verlangen-om\\\/ontdekking\\\/geschiedenis-workshop\\\/\"]}]},{\"@type\":\"ImageObject\",\"inLanguage\":\"nl-NL\",\"@id\":\"https:\\\/\\\/www.paysdesecrins.com\\\/nl\\\/mijn-verlangen-om\\\/ontdekking\\\/geschiedenis-workshop\\\/#primaryimage\",\"url\":\"https:\\\/\\\/www.paysdesecrins.com\\\/wp-content\\\/uploads\\\/2025\\\/07\\\/1615543221-1675546391.jpg\",\"contentUrl\":\"https:\\\/\\\/www.paysdesecrins.com\\\/wp-content\\\/uploads\\\/2025\\\/07\\\/1615543221-1675546391.jpg\",\"width\":1200,\"height\":800},{\"@type\":\"BreadcrumbList\",\"@id\":\"https:\\\/\\\/www.paysdesecrins.com\\\/nl\\\/mijn-verlangen-om\\\/ontdekking\\\/geschiedenis-workshop\\\/#breadcrumb\",\"itemListElement\":[{\"@type\":\"ListItem\",\"position\":1,\"name\":\"Accueil\",\"item\":\"https:\\\/\\\/www.paysdesecrins.com\\\/nl\\\/de-titel-van-het-huis\\\/\"},{\"@type\":\"ListItem\",\"position\":2,\"name\":\"Mijn verlangen om\",\"item\":\"https:\\\/\\\/www.paysdesecrins.com\\\/nl\\\/mijn-verlangen-om\\\/\"},{\"@type\":\"ListItem\",\"position\":3,\"name\":\"Mijn verlangen naar Discovery\",\"item\":\"https:\\\/\\\/www.paysdesecrins.com\\\/nl\\\/mijn-verlangen-om\\\/ontdekking\\\/\"},{\"@type\":\"ListItem\",\"position\":4,\"name\":\"De Workshop Geschiedenis\"}]},{\"@type\":\"WebSite\",\"@id\":\"https:\\\/\\\/www.paysdesecrins.com\\\/nl\\\/#website\",\"url\":\"https:\\\/\\\/www.paysdesecrins.com\\\/nl\\\/\",\"name\":\"Pays des \u00c9crins - Office de Tourisme\",\"description\":\"L&#039;esprit montagne\",\"publisher\":{\"@id\":\"https:\\\/\\\/www.paysdesecrins.com\\\/nl\\\/#organization\"},\"potentialAction\":[{\"@type\":\"SearchAction\",\"target\":{\"@type\":\"EntryPoint\",\"urlTemplate\":\"https:\\\/\\\/www.paysdesecrins.com\\\/nl\\\/?s={search_term_string}\"},\"query-input\":{\"@type\":\"PropertyValueSpecification\",\"valueRequired\":true,\"valueName\":\"search_term_string\"}}],\"inLanguage\":\"nl-NL\"},{\"@type\":\"Organization\",\"@id\":\"https:\\\/\\\/www.paysdesecrins.com\\\/nl\\\/#organization\",\"name\":\"Pays des \u00c9crins - Office de Tourisme\",\"url\":\"https:\\\/\\\/www.paysdesecrins.com\\\/nl\\\/\",\"logo\":{\"@type\":\"ImageObject\",\"inLanguage\":\"nl-NL\",\"@id\":\"https:\\\/\\\/www.paysdesecrins.com\\\/nl\\\/#\\\/schema\\\/logo\\\/image\\\/\",\"url\":\"https:\\\/\\\/www.paysdesecrins.com\\\/wp-content\\\/uploads\\\/2025\\\/06\\\/devina-svg-1750845694.svg\",\"contentUrl\":\"https:\\\/\\\/www.paysdesecrins.com\\\/wp-content\\\/uploads\\\/2025\\\/06\\\/devina-svg-1750845694.svg\",\"caption\":\"Pays des \u00c9crins - Office de Tourisme\"},\"image\":{\"@id\":\"https:\\\/\\\/www.paysdesecrins.com\\\/nl\\\/#\\\/schema\\\/logo\\\/image\\\/\"}}]}<\/script>\n<!-- \/ Yoast SEO plugin. -->","yoast_head_json":{"title":"De Workshop Geschiedenis - Pays des \u00c9crins - Office de Tourisme","robots":{"index":"index","follow":"follow","max-snippet":"max-snippet:-1","max-image-preview":"max-image-preview:large","max-video-preview":"max-video-preview:-1"},"canonical":"https:\/\/www.paysdesecrins.com\/nl\/mijn-verlangen-om\/ontdekking\/geschiedenis-workshop\/","og_locale":"nl_NL","og_type":"article","og_title":"De Workshop Geschiedenis - Pays des \u00c9crins - Office de Tourisme","og_description":"Wil je de dorpen begrijpen die je passeert? Om omhoog te kijken naar een vergeten fresco, een gedraaide klokkentoren of [&hellip;]","og_url":"https:\/\/www.paysdesecrins.com\/nl\/mijn-verlangen-om\/ontdekking\/geschiedenis-workshop\/","og_site_name":"Pays des \u00c9crins - Office de Tourisme","article_modified_time":"2025-07-28T12:49:36+00:00","og_image":[{"width":1200,"height":800,"url":"https:\/\/www.paysdesecrins.com\/wp-content\/uploads\/2025\/07\/1615543221-1675546391.jpg","type":"image\/jpeg"}],"twitter_card":"summary_large_image","twitter_misc":{"Geschatte leestijd":"1 minuut"},"schema":{"@context":"https:\/\/schema.org","@graph":[{"@type":"WebPage","@id":"https:\/\/www.paysdesecrins.com\/nl\/mijn-verlangen-om\/ontdekking\/geschiedenis-workshop\/","url":"https:\/\/www.paysdesecrins.com\/nl\/mijn-verlangen-om\/ontdekking\/geschiedenis-workshop\/","name":"De Workshop Geschiedenis - Pays des \u00c9crins - Office de Tourisme","isPartOf":{"@id":"https:\/\/www.paysdesecrins.com\/nl\/#website"},"primaryImageOfPage":{"@id":"https:\/\/www.paysdesecrins.com\/nl\/mijn-verlangen-om\/ontdekking\/geschiedenis-workshop\/#primaryimage"},"image":{"@id":"https:\/\/www.paysdesecrins.com\/nl\/mijn-verlangen-om\/ontdekking\/geschiedenis-workshop\/#primaryimage"},"thumbnailUrl":"https:\/\/www.paysdesecrins.com\/wp-content\/uploads\/2025\/07\/1615543221-1675546391.jpg","datePublished":"2025-07-24T12:04:00+00:00","dateModified":"2025-07-28T12:49:36+00:00","breadcrumb":{"@id":"https:\/\/www.paysdesecrins.com\/nl\/mijn-verlangen-om\/ontdekking\/geschiedenis-workshop\/#breadcrumb"},"inLanguage":"nl-NL","potentialAction":[{"@type":"ReadAction","target":["https:\/\/www.paysdesecrins.com\/nl\/mijn-verlangen-om\/ontdekking\/geschiedenis-workshop\/"]}]},{"@type":"ImageObject","inLanguage":"nl-NL","@id":"https:\/\/www.paysdesecrins.com\/nl\/mijn-verlangen-om\/ontdekking\/geschiedenis-workshop\/#primaryimage","url":"https:\/\/www.paysdesecrins.com\/wp-content\/uploads\/2025\/07\/1615543221-1675546391.jpg","contentUrl":"https:\/\/www.paysdesecrins.com\/wp-content\/uploads\/2025\/07\/1615543221-1675546391.jpg","width":1200,"height":800},{"@type":"BreadcrumbList","@id":"https:\/\/www.paysdesecrins.com\/nl\/mijn-verlangen-om\/ontdekking\/geschiedenis-workshop\/#breadcrumb","itemListElement":[{"@type":"ListItem","position":1,"name":"Accueil","item":"https:\/\/www.paysdesecrins.com\/nl\/de-titel-van-het-huis\/"},{"@type":"ListItem","position":2,"name":"Mijn verlangen om","item":"https:\/\/www.paysdesecrins.com\/nl\/mijn-verlangen-om\/"},{"@type":"ListItem","position":3,"name":"Mijn verlangen naar Discovery","item":"https:\/\/www.paysdesecrins.com\/nl\/mijn-verlangen-om\/ontdekking\/"},{"@type":"ListItem","position":4,"name":"De Workshop Geschiedenis"}]},{"@type":"WebSite","@id":"https:\/\/www.paysdesecrins.com\/nl\/#website","url":"https:\/\/www.paysdesecrins.com\/nl\/","name":"Pays des \u00c9crins - Office de Tourisme","description":"L&#039;esprit montagne","publisher":{"@id":"https:\/\/www.paysdesecrins.com\/nl\/#organization"},"potentialAction":[{"@type":"SearchAction","target":{"@type":"EntryPoint","urlTemplate":"https:\/\/www.paysdesecrins.com\/nl\/?s={search_term_string}"},"query-input":{"@type":"PropertyValueSpecification","valueRequired":true,"valueName":"search_term_string"}}],"inLanguage":"nl-NL"},{"@type":"Organization","@id":"https:\/\/www.paysdesecrins.com\/nl\/#organization","name":"Pays des \u00c9crins - Office de Tourisme","url":"https:\/\/www.paysdesecrins.com\/nl\/","logo":{"@type":"ImageObject","inLanguage":"nl-NL","@id":"https:\/\/www.paysdesecrins.com\/nl\/#\/schema\/logo\/image\/","url":"https:\/\/www.paysdesecrins.com\/wp-content\/uploads\/2025\/06\/devina-svg-1750845694.svg","contentUrl":"https:\/\/www.paysdesecrins.com\/wp-content\/uploads\/2025\/06\/devina-svg-1750845694.svg","caption":"Pays des \u00c9crins - Office de Tourisme"},"image":{"@id":"https:\/\/www.paysdesecrins.com\/nl\/#\/schema\/logo\/image\/"}}]}},"_links":{"self":[{"href":"https:\/\/www.paysdesecrins.com\/nl\/wp-json\/wp\/v2\/pages\/45076","targetHints":{"allow":["GET"]}}],"collection":[{"href":"https:\/\/www.paysdesecrins.com\/nl\/wp-json\/wp\/v2\/pages"}],"about":[{"href":"https:\/\/www.paysdesecrins.com\/nl\/wp-json\/wp\/v2\/types\/page"}],"author":[{"embeddable":true,"href":"https:\/\/www.paysdesecrins.com\/nl\/wp-json\/wp\/v2\/users\/4"}],"replies":[{"embeddable":true,"href":"https:\/\/www.paysdesecrins.com\/nl\/wp-json\/wp\/v2\/comments?post=45076"}],"version-history":[{"count":0,"href":"https:\/\/www.paysdesecrins.com\/nl\/wp-json\/wp\/v2\/pages\/45076\/revisions"}],"up":[{"embeddable":true,"href":"https:\/\/www.paysdesecrins.com\/nl\/wp-json\/wp\/v2\/pages\/44558"}],"wp:featuredmedia":[{"embeddable":true,"href":"https:\/\/www.paysdesecrins.com\/nl\/wp-json\/wp\/v2\/media\/45053"}],"wp:attachment":[{"href":"https:\/\/www.paysdesecrins.com\/nl\/wp-json\/wp\/v2\/media?parent=45076"}],"curies":[{"name":"wp","href":"https:\/\/api.w.org\/{rel}","templated":true}]}}